{"id":1714,"date":"2020-05-21T17:15:54","date_gmt":"2020-05-21T17:15:54","guid":{"rendered":"https:\/\/english-munich.de\/training\/?page_id=1714"},"modified":"2024-09-15T06:26:37","modified_gmt":"2024-09-15T06:26:37","slug":"simple-past-past-progressive","status":"publish","type":"page","link":"https:\/\/english-munich.de\/training\/simple-past-past-progressive\/","title":{"rendered":"Simple Past \/ Past Progressive"},"content":{"rendered":"<div class=\"jumbotron text-center\">\r\n<h2>Simple Past \/ Past Progressive Unterschied &#8211; Erkl\u00e4rungen und \u00dcbungen<\/h2>\r\n\u00dcbungen zur Gegen\u00fcberstellung von Simple Past und Past Progressive:\r\n<\/div>\r\n<div class=\"bs-example\">\r\n<div id=\"accordionExample\" class=\"accordion\">\r\n<div class=\"card\">\r\n<div id=\"headingOne\" class=\"card-header\">\r\n<h2 class=\"number\"><button class=\"btn btn-link collapsed\" type=\"button\" data-toggle=\"collapse\" data-target=\"#collapseOne\">Beispiel<\/button><\/h2>\r\n<\/div>\r\n<div id=\"collapseOne\" class=\"collapse\" aria-labelledby=\"headingOne\" data-parent=\"#accordionExample\">\r\n<div class=\"card-body\">\r\n<div class=\"form-group\" style=\"width: 70%; margin: 10px;\"><label for=\"sel1\"><span class=\"number\">\u24ff<\/span>Mr. Pink __________ the shopping when he slipped on a banana peel.<\/label>\r\n<select id=\"beispiel\" class=\"form-control\">\r\n<option value=\"wrong\">don&#8217;t do<\/option>\r\n<option value=\"correct\">was doing<\/option>\r\n<option value=\"wrong\">doesn&#8217;t <\/option>\r\n<\/select>\r\n\r\nDie richtige L\u00f6sung ist: <b>&#8222;was doing&#8220;<\/b>&nbsp;&nbsp;<button class=\"btn-lg btn-info\" type=\"button\" value=\"submit\" data-toggle=\"modal\" data-target=\"#myModal\">Tipp<\/button>\r\n\r\n<\/div>\r\n<\/div>\r\n<\/div>\r\n<\/div>\r\n<\/div>\r\n<br \/><br \/>\r\n<div class=\"container well\">\r\n<h4>\u2611\ufe0f W\u00e4hle die richtige Option des <i>Simple Past oder Past Progressive<\/i> um den Satz zu vervollst\u00e4ndigen:<\/h4>\r\n\r\n<hr>\r\n\r\n<br \/>\r\n<div class=\"container-fluid\">\r\n<div class=\"form-group\" style=\"width: 70%;\"><label for=\"sel1\"><span class=\"number\">\u2776<\/span>When we__________ at the beach the sun was shining.<\/label>\r\n<select id=\"q0\" class=\"form-control\">\r\n<option value=\"wrong\">were arriving<\/option>\r\n<option value=\"correct\">arrived<\/option>\r\n<\/select>\r\n<p id=\"correct0\" align=\"left\"><\/p>\r\n<a class=\"btn btn-success tipp0 hidden\" style=\"text-decoration: none, color:white;\" title=\"When we arrived...\" href=\"#0\" data-toggle=\"popover\" data-placement=\"top\" data-trigger=\"hover\" data-content=\"Die richtige L\u00f6sung ist:'we arrived', weil dies eine kurze, punktuelle Handlung in der Vergangenheit ist, also 'Simple Past'. 'The sun was shining...' l\u00e4uft \u00fcber einen unbestimmten Zeitraum in der Vergangenheit ab, also 'Past Progressive' \">Tipp<\/a>\r\n\r\n<\/div>\r\n<div class=\"form-group\" style=\"width: 70%;\"><label for=\"sel1\"><span class=\"number\">\u2777<\/span>We __________ Tofu, when our neighbor turned on loud music.<\/label>\r\n<select id=\"q1\" class=\"form-control\">\r\n<option value=\"correct\">were eating<\/option>\r\n<option value=\"wrong\">ate<\/option>\r\n<\/select>\r\n<p id=\"correct1\" align=\"left\"><\/p>\r\n<a class=\"btn btn-success tipp1 hidden\" style=\"text-decoration: none, color:white;\" title=\"We were eating...\" href=\"#1\" data-toggle=\"popover\" data-placement=\"top\" data-trigger=\"hover\" data-content=\"Die richtige L\u00f6sung ist:'were eating'.'We were eating...' l\u00e4uft \u00fcber einen unbestimmten Zeitraum in der Vergangenheit ab, also 'Past Progressive'.'Our neighbor turned on...' ist eine kurze, punktuelle Handlung in der Vergangenheit, also 'Simple Past'\">Tipp<\/a>\r\n\r\n<\/div>\r\n<br \/><div class=\"iframe-container\"><iframe loading=\"lazy\" width=\"560\" height=\"315\" src=\"https:\/\/www.youtube.com\/embed\/xEX8MguhQI4?si=vc23Iqrx1b81KT60\" title=\"YouTube video player\" frameborder=\"0\" allow=\"accelerometer; autoplay; clipboard-write; encrypted-media; gyroscope; picture-in-picture; web-share\" referrerpolicy=\"strict-origin-when-cross-origin\" allowfullscreen><\/iframe><\/div><br \/>\r\n<div class=\"form-group\" style=\"width: 70%;\"><label for=\"sel1\"><span class=\"number\">\u2778<\/span>I __________ down the road when I saw Ms. Jones.<\/label>\r\n<select id=\"q2\" class=\"form-control\">\r\n<option value=\"correct\">was walking<\/option>\r\n<option value=\"wrong\">walked<\/option>\r\n<\/select>\r\n<p id=\"correct2\" align=\"left\"><\/p>\r\n<a class=\"btn btn-success tipp2 hidden\" style=\"text-decoration: none, color:white;\" title=\"I was walking...\" href=\"#2\" data-toggle=\"popover\" data-placement=\"top\" data-trigger=\"hover\" data-content=\"Die richtige L\u00f6sung ist:'was walking'.'I was walking...' l\u00e4uft \u00fcber einen unbestimmten Zeitraum in der Vergangenheit ab, also 'Past Progressive'.'I saw Ms.Jones...' ist eine kurze, punktuelle Handlung in der Vergangenheit, also 'Simple Past'\">Tipp<\/a>\r\n\r\n<\/div>\r\n<div class=\"form-group\" style=\"width: 70%;\"><label for=\"sel1\"><span class=\"number\">\u2779<\/span>Your parents __________ the mail and locked the door.<\/label>\r\n<select id=\"q3\" class=\"form-control\">\r\n<option value=\"wrong\">were taking<\/option>\r\n<option value=\"correct\">took<\/option>\r\n<\/select>\r\n<p id=\"correct3\" align=\"left\"><\/p>\r\n<a class=\"btn btn-success tipp3 hidden\" style=\"text-decoration: none, color:white;\" title=\"Your parents took...\" href=\"#3\" data-toggle=\"popover\" data-placement=\"top\" data-trigger=\"hover\" data-content=\"Beide Handlungen sind kurz punktuell ablaufende Handlungen in der Vergangenheit, also zweimal 'Simple Past'\">Tipp<\/a>\r\n\r\n<\/div>\r\n<div class=\"form-group\" style=\"width: 70%;\"><label for=\"sel1\"><span class=\"number\">\u277a<\/span>While we __________ soccer, somebody stole my bike.<\/label>\r\n<select id=\"q4\" class=\"form-control\">\r\n<option value=\"wrong\">played<\/option>\r\n<option value=\"correct\">were playing<\/option>\r\n<\/select>\r\n<p id=\"correct4\" align=\"left\"><\/p>\r\n<a class=\"btn btn-success tipp4 hidden\" style=\"text-decoration: none, color:white;\" title=\"We were playing...\" href=\"#4\" data-toggle=\"popover\" data-placement=\"top\" data-trigger=\"hover\" data-content=\"Die richtige L\u00f6sung ist:'were playing'.'We were playing...' l\u00e4uft \u00fcber einen unbestimmten Zeitraum in der Vergangenheit ab, also 'Past Progressive'.'Somebody stole...' ist eine kurze, punktuelle Handlung in der Vergangenheit, also 'Simple Past'\">Tipp<\/a>\r\n\r\n<\/div>\r\n<div class=\"form-group\" style=\"width: 70%;\"><label for=\"sel1\"><span class=\"number\">\u277b<\/span>Ms.Brown __________ her newspaper and fed her cat.<\/label>\r\n<select id=\"q5\" class=\"form-control\">\r\n<option value=\"wrong\">was getting<\/option>\r\n<option value=\"correct\">got<\/option>\r\n<\/select>\r\n<p id=\"correct5\" align=\"left\"><\/p>\r\n<a class=\"btn btn-success tipp5 hidden\" style=\"text-decoration: none, color:white;\" title=\"Ms.Brown got...\" href=\"#5\" data-toggle=\"popover\" data-placement=\"top\" data-trigger=\"hover\" data-content=\"Beide Handlungen sind kurz punktuell ablaufende Handlungen in der Vergangenheit, also zweimal 'Simple Past'\">Tipp<\/a>\r\n\r\n<\/div>\r\n<div class=\"form-group\" style=\"width: 70%;\"><label for=\"sel1\"><span class=\"number\">\u277c<\/span> The Smiths __________ to move, but couldn&#8217;t find a good place .<\/label>\r\n<select id=\"q6\" class=\"form-control\">\r\n<option value=\"correct\">wanted<\/option>\r\n<option value=\"wrong\">were wanting<\/option>\r\n<\/select>\r\n<p id=\"correct6\" align=\"left\"><\/p>\r\n<a class=\"btn btn-success tipp6 hidden\" style=\"text-decoration: none, color:white;\" title=\"The Smiths wanted...\" href=\"#6\" data-toggle=\"popover\" data-placement=\"top\" data-trigger=\"hover\" data-content=\"'Want' ist ein statisches Verb, wird also niemals in der Verlaufsform verwendet, deswegen 'the Smiths wanted...'\">Tipp<\/a>\r\n\r\n<\/div>\r\n<div class=\"form-group\" style=\"width: 70%;\"><label for=\"sel1\"><span class=\"number\">\u277d<\/span> I __________ in my garage when I had this great idea.<\/label>\r\n<select id=\"q7\" class=\"form-control\">\r\n<option value=\"wrong\">worked<\/option>\r\n<option value=\"correct\">was working<\/option>\r\n<\/select>\r\n<p id=\"correct7\" align=\"left\"><\/p>\r\n<a class=\"btn btn-success tipp7 hidden\" style=\"text-decoration: none, color:white;\" title=\"I was working...\" href=\"#7\" data-toggle=\"popover\" data-placement=\"top\" data-trigger=\"hover\" data-content=\"Die richtige L\u00f6sung ist:'was working'.'I was working...' l\u00e4uft \u00fcber einen unbestimmten Zeitraum in der Vergangenheit ab, also 'Past Progressive'.'I had an idea...' ist eine kurze, punktuelle Handlung in der Vergangenheit, also 'Simple Past'\">Tipp<\/a>\r\n\r\n<\/div>\r\n<div class=\"form-group\" style=\"width: 70%;\"><label for=\"sel1\"><span class=\"number\">\u277e<\/span> She __________ to Heavy Metal Music and was playing air-guitar.<\/label>\r\n<select id=\"q8\" class=\"form-control\">\r\n<option value=\"correct\">was listening<\/option>\r\n<option value=\"wrong\">listened<\/option>\r\n<\/select>\r\n<p id=\"correct8\" align=\"left\"><\/p>\r\n<a class=\"btn btn-success tipp8 hidden\" style=\"text-decoration: none, color:white;\" title=\"She was listening...\" href=\"#8\" data-toggle=\"popover\" data-placement=\"top\" data-trigger=\"hover\" data-content=\"Beide Handlungen sind \u00fcber einen unbestimmten Zeitraum ablaufende Handlungen in der Vergangenheit, also zweimal 'Past Progressive'\">Tipp<\/a>\r\n\r\n<\/div>\r\n<div class=\"form-group\" style=\"width: 70%;\"><label for=\"sel1\"><span class=\"number\">\u277f<\/span> Our neighbors ________ a party when the gas tank exploded.<\/label>\r\n<select id=\"q9\" class=\"form-control\">\r\n<option value=\"correct\">were having<\/option>\r\n<option value=\"wrong\">had<\/option>\r\n<\/select>\r\n<p id=\"correct9\" align=\"left\"><\/p>\r\n<a class=\"btn btn-success tipp9 hidden\" style=\"text-decoration: none, color:white;\" title=\"Our neighbors were having...\" href=\"#9\" data-toggle=\"popover\" data-placement=\"top\" data-trigger=\"hover\" data-content=\"Die richtige L\u00f6sung ist:'were having'.'Our neighbors were having...' l\u00e4uft \u00fcber einen unbestimmten Zeitraum in der Vergangenheit ab, also 'Past Progressive'.'the gas tank exploded...' ist eine kurze, punktuelle Handlung in der Vergangenheit, also 'Simple Past'\">Tipp<\/a>\r\n\r\n<\/div>\r\n<\/div>\r\n<div class=\"container\">\r\n\r\n<!-- The Modal -->\r\n<div id=\"myModal\" class=\"modal\">\r\n<div class=\"modal-dialog\">\r\n<div class=\"modal-content\">\r\n\r\n<!-- Modal Header -->\r\n<div class=\"modal-header\">\r\n<h4 class=\"modal-title\">Simple Past \/ Past Progressive Unterschied<\/h4>\r\n<button class=\"close\" type=\"button\" data-dismiss=\"modal\">\u00d7<\/button>\r\n\r\n<\/div>\r\n<!-- Modal body -->\r\n<div class=\"modal-body\"><table class=\"table table-bordered table-sm\">\r\n<tbody>\r\n<tr class=\"table-danger\">\r\n<th colspan=\"2\">Simple Past &#8211; Past Progressive Unterschied<\/th>\r\n<\/tr>\r\n<tr class=\"table-primary\">\r\n<td><\/td>\r\n<td >Simple Past (kurze punktuelle Handlung)<\/td><\/tr>\r\n<tr class=\"table-warning\">\r\n<td>unterbricht die l\u00e4nger dauernde Handlung<\/td>\r\n<td><i class=\"fas fa-angle-double-down\" style=\"font-size:24px\"><\/i><\/td>\r\n<\/tr>\r\n<tr class=\"table-success\">\r\n<td colspan=\"2\">Past Progressive (l\u00e4uft \u00fcber einen l\u00e4ngern Zeitraum in der Vargangenheit ab.)<\/td>\r\n<\/tr>\r\n<tr class=\"table-primary\">\r\n<td><\/td>\r\n<td >The phone rang.<\/td><\/tr>\r\n<tr class=\"table-warning\">\r\n<td>unterbricht die l\u00e4nger dauernde Handlung<\/td>\r\n<td><i class=\"fas fa-angle-double-down\" style=\"font-size:24px\"><\/i><\/td>\r\n<\/tr>\r\n<tr class=\"table-success\">\r\n<td colspan=\"2\">when I was drinking beer.<\/td>\r\n<\/tr>\r\n<\/tbody>\r\n<\/table><\/div>\r\n<!-- Modal footer -->\r\n<div class=\"modal-footer\"><button class=\"btn btn-danger\" type=\"button\" data-dismiss=\"modal\">Close<\/button><\/div>\r\n<\/div>\r\n<\/div>\r\n<\/div>\r\n<\/div>\r\n<\/div>\r\n\r\n<hr>\r\n\r\n<div class=\"container\"><button id=\"submitButton\" class=\"btn-lg btn-primary \" type=\"submit\" value=\"submit\">Pr\u00fcfen<\/button><button id=\"resetButton\" class=\"btn-lg btn-success\" type=\"submit\" onclick=\"refreshPage()\">Neustart<\/button><button id=\"submitButton\" class=\"btn-lg btn-info\" type=\"submit\" value=\"submit\" data-toggle=\"modal\" data-target=\"#myModal\">Tipp<\/button><\/div>\r\n\r\n<hr>\r\n\r\n\r\n\r\n<p id=\"result\"><\/p>\r\n<p id=\"result2\"><\/p>\r\n\r\n<h2>\u00dcbungen Unterschied Simple Past Past Progressive<\/h2>\r\n<hr>\r\n<div id=\"bellows-main-22\" class=\"bellows bellows-nojs bellows-main bellows-source-menu bellows-align-full bellows-skin-vanilla bellows-type-\"><ul id=\"menu-simple-past-past-progressive-i\" class=\"bellows-nav\" data-bellows-config=\"main\"><li id=\"menu-item-3942\" class=\"bellows-menu-item bellows-menu-item-type-post_type bellows-menu-item-object-page bellows-menu-item-3942 bellows-item-level-0\"><a  href=\"https:\/\/english-munich.de\/training\/simple-past-past-progressive\/\" class=\"bellows-target\"><span class=\"bellows-target-title bellows-target-text\">\u2611\ufe0fSimple Past \/ Past Progressive<\/span><\/a><\/li>\n<li id=\"menu-item-3935\" class=\"bellows-menu-item bellows-menu-item-type-post_type bellows-menu-item-object-page bellows-menu-item-3935 bellows-item-level-0\"><a  href=\"https:\/\/english-munich.de\/training\/simple-past-past-progressive-ii\/\" class=\"bellows-target\"><span class=\"bellows-target-title bellows-target-text\">\u270d\ufe0fSimple Past \/ Past Progressive<\/span><\/a><\/li>\n<\/ul><\/div>\r\n<\/div>","protected":false},"excerpt":{"rendered":"Simple Past \/ Past Progressive Unterschied &#8211; Erkl\u00e4rungen und \u00dcbungen \u00dcbungen zur Gegen\u00fcberstellung von Simple Past und Past Progressive: Beispiel \u24ffMr. Pink __________ the shopping when he slipped on a banana peel. don&#8217;t do was doing doesn&#8217;t Die richtige L\u00f6sung ist: &#8222;was doing&#8220;&nbsp;&nbsp;Tipp \u2611\ufe0f W\u00e4hle die richtige Option des Simple Past oder Past Progressive um [&hellip;]","protected":false},"author":3,"featured_media":0,"parent":0,"menu_order":0,"comment_status":"closed","ping_status":"closed","template":"","meta":[],"_links":{"self":[{"href":"https:\/\/english-munich.de\/training\/wp-json\/wp\/v2\/pages\/1714"}],"collection":[{"href":"https:\/\/english-munich.de\/training\/wp-json\/wp\/v2\/pages"}],"about":[{"href":"https:\/\/english-munich.de\/training\/wp-json\/wp\/v2\/types\/page"}],"author":[{"embeddable":true,"href":"https:\/\/english-munich.de\/training\/wp-json\/wp\/v2\/users\/3"}],"replies":[{"embeddable":true,"href":"https:\/\/english-munich.de\/training\/wp-json\/wp\/v2\/comments?post=1714"}],"version-history":[{"count":14,"href":"https:\/\/english-munich.de\/training\/wp-json\/wp\/v2\/pages\/1714\/revisions"}],"predecessor-version":[{"id":12066,"href":"https:\/\/english-munich.de\/training\/wp-json\/wp\/v2\/pages\/1714\/revisions\/12066"}],"wp:attachment":[{"href":"https:\/\/english-munich.de\/training\/wp-json\/wp\/v2\/media?parent=1714"}],"curies":[{"name":"wp","href":"https:\/\/api.w.org\/{rel}","templated":true}]}}