{"id":1656,"date":"2020-05-20T17:51:53","date_gmt":"2020-05-20T17:51:53","guid":{"rendered":"https:\/\/english-munich.de\/training\/?page_id=1656"},"modified":"2022-08-10T05:24:02","modified_gmt":"2022-08-10T05:24:02","slug":"present-progressive-2","status":"publish","type":"page","link":"https:\/\/english-munich.de\/training\/present-progressive-2\/","title":{"rendered":"Present Progressive"},"content":{"rendered":"<div class=\"container well\">\r\n<h1>Present Progressive \u00dcbungen und Erkl\u00e4rungen <\/h1>\r\nSchnelle Erkl\u00e4rungen des Present Progressive im Englischen.\r\n<hr>\r\n<h2> Present Progressive \u00dcbungen:<\/h2>\r\n<div id=\"bellows-main-23\" class=\"bellows bellows-nojs bellows-main bellows-source-menu bellows-align-full bellows-skin-vanilla bellows-type-\"><ul id=\"menu-present-progressive-uebungen\" class=\"bellows-nav\" data-bellows-config=\"main\"><li id=\"menu-item-10776\" class=\"bellows-menu-item bellows-menu-item-type-post_type bellows-menu-item-object-page bellows-menu-item-10776 bellows-item-level-0\"><a  href=\"https:\/\/english-munich.de\/training\/ing-form-bildung-regelmaessig-unregelmaessig-gerund\/\" class=\"bellows-target\"><span class=\"bellows-target-title bellows-target-text\">\u270d\ufe0f-ing Form \/ (Gerund) Bildung<\/span><\/a><\/li>\n<li id=\"menu-item-3948\" class=\"bellows-menu-item bellows-menu-item-type-post_type bellows-menu-item-object-page bellows-menu-item-3948 bellows-item-level-0\"><a  href=\"https:\/\/english-munich.de\/training\/present-progressive-aussagesatze-bejaht\/\" class=\"bellows-target\"><span class=\"bellows-target-title bellows-target-text\">\ud83d\udd18Present Progressive Aussages\u00e4tze bejaht<\/span><\/a><\/li>\n<li id=\"menu-item-10710\" class=\"bellows-menu-item bellows-menu-item-type-post_type bellows-menu-item-object-page bellows-menu-item-10710 bellows-item-level-0\"><a  href=\"https:\/\/english-munich.de\/training\/present-progressive-aussagesatz\/\" class=\"bellows-target\"><span class=\"bellows-target-title bellows-target-text\">\u270d\ufe0fPresent Progressive Aussagesatz bejaht<\/span><\/a><\/li>\n<li id=\"menu-item-3949\" class=\"bellows-menu-item bellows-menu-item-type-post_type bellows-menu-item-object-page bellows-menu-item-3949 bellows-item-level-0\"><a  href=\"https:\/\/english-munich.de\/training\/present-progressive-aussagesatze-verneint\/\" class=\"bellows-target\"><span class=\"bellows-target-title bellows-target-text\">\u2611\ufe0fPresent Progressive Aussages\u00e4tze verneint<\/span><\/a><\/li>\n<li id=\"menu-item-3950\" class=\"bellows-menu-item bellows-menu-item-type-post_type bellows-menu-item-object-page bellows-menu-item-3950 bellows-item-level-0\"><a  href=\"https:\/\/english-munich.de\/training\/present-progressive-frage\/\" class=\"bellows-target\"><span class=\"bellows-target-title bellows-target-text\">\u270d\ufe0fPresent Progressive Frage<\/span><\/a><\/li>\n<\/ul><\/div>\r\n<h2>Present Progressive Gebrauch Aussagesatz bejaht<\/h2>\r\n<br \/>\r\n\r\nDie Bildung der Verlaufsform im Englischen macht keine allzu gro\u00dfen Probleme. Es wird einfach das Hilfsverb <b>be<\/b> in Verbindung mit dem <b>Partizip Pr\u00e4sens (-ing Form)<\/b> benutzt.<br \/>\r\n<table class=\"table table-bordered table-sm\">\r\n<tbody>\r\n<tr class=\"table-danger\">\r\n<td colspan=\"3\">\r\n<b>Aussagesatz bejaht<\/b><\/td>\r\n<\/tr>\r\n<tr class=\"table-info\">\r\n<td>\r\n  <b><i>I<\/i><\/b><\/td>\r\n<td><b><i>am<\/i><\/b><\/td>\r\n<td>\r\n <b><i>watching.<\/i><\/b><\/td>\r\n<\/tr>\r\n<tr class=\"table-warning\">\r\n<td>\r\n  <b><i>he\/she\/it<\/i><\/b><\/td>\r\n<td><b><i>is<\/i><\/b><\/td>\r\n<td>\r\n <b><i>watching.<\/i><\/b><\/td>\r\n<\/tr>\r\n<tr class=\"table-success\">\r\n<td>\r\n  <b><i>we\/you\/they<\/i><\/b><\/td>\r\n<td><b><i>are<\/i><\/b><\/td>\r\n<td>\r\n <b><i>watching.<\/i><\/b><\/td>\r\n<\/tr>\r\n<\/tbody>\r\n<\/table>\r\nI am working here. My sister is working in Wolverhampton.\r\nWe are playing football. They are drinking milk.\r\n\r\n<b>Stummes  <i>-e<\/i> entf\u00e4llt vor <i>-ing<\/i><\/b>\r\n<table class=\"table table-bordered table-sm\">\r\n<tbody>\r\n<tr class=\"table-danger>\r\n<td colspan=\" 3\"=\"\"><\/tr>\r\n<tr class=\"table-info\">\r\n<td>\r\n  <b><i>arrive<\/i><\/b><\/td>\r\n<td>\r\n  <b><i>live<\/i><\/b><\/td>\r\n<td>\r\n  <b><i>phone<\/i><\/b><\/td>\r\n<td>\r\n  <b><i>make<\/i><\/b><\/td>\r\n<\/tr>\r\n<tr class=\"table-success\">\r\n<td>\r\n  <b><i>arriving<\/i><\/b><\/td>\r\n<td>\r\n  <b><i>living<\/i><\/b><\/td>\r\n<td>\r\n  <b><i>phoning<\/i><\/b><\/td>\r\n<td>\r\n  <b><i>making<\/i><\/b><\/td>\r\n<\/tr>\r\n<\/tbody>\r\n<\/table>\r\n<table class=\"table table-bordered table-sm\">\r\n<tbody>\r\n<tr class=\"table-danger\">\r\n<td colspan=\"4\">\r\n<b>der Endkonsonant wird bei manchen Verben vor <i>-ing<\/i> verdoppelt:<\/b><\/td>\r\n<\/tr>\r\n<tr class=\"table-info\">\r\n<td>\r\n  <b><i>get<\/i><\/b><\/td>\r\n<td>\r\n  <b><i>stop<\/i><\/b><\/td>\r\n<td>\r\n  <b><i>hit<\/i><\/b><\/td>\r\n<td>\r\n  <b><i>swim<\/i><\/b><\/td>\r\n<\/tr>\r\n<tr class=\"table-success\">\r\n<td>\r\n  <b><i>getting<\/i><\/b><\/td>\r\n<td>\r\n  <b><i>stopping<\/i><\/b><\/td>\r\n<td>\r\n  <b><i>hitting<\/i><\/b><\/td>\r\n<td>\r\n  <b><i>swimming<\/i><\/b><\/td>\r\n<\/tr>\r\n<\/tbody>\r\n<\/table>\r\n<br \/><div class=\"iframe-container\"><iframe loading=\"lazy\" width=\"560\" height=\"315\" src=\"https:\/\/www.youtube.com\/embed\/1PY6Ae7BspQ\" title=\"YouTube video player\" frameborder=\"0\" allow=\"accelerometer; autoplay; clipboard-write; encrypted-media; gyroscope; picture-in-picture\" allowfullscreen><\/iframe><\/div><br \/>\r\n<h2>Gebrauch Aussagesatz verneint<\/h2>\r\nDie englische Sprache verneint in der -ing Form mit dem Hilfsverb <b>be<\/b> in seiner verneinten Form. W\u00f6rtlich \u00fcbersetzt w\u00fcrde &#8222;Ich trinke gerade nicht.&#8220; im Englischen mit &#8222;Ich bin nicht trinkend.&#8220; (I am not drinking.) \u00fcbersetzt werden. Das Hauptverb kommt ins <b>Partizip Pr\u00e4sens \/ -ing Form<\/b>.<br \/>\r\n<table class=\"table table-bordered table-sm\">\r\n<tbody>\r\n<tr class=\"table-danger\">\r\n<td colspan=\"3\">\r\n<b>Aussagesatz verneint<\/b><\/td>\r\n<\/tr>\r\n<tr class=\"table-info\">\r\n<td>\r\n  <b><i>I<\/i><\/b><\/td>\r\n<td><b><i>am not\/&#8217;m not <\/i><\/b><\/td>\r\n<td>\r\n <b><i>watching.<\/i><\/b><\/td>\r\n<\/tr>\r\n<tr class=\"table-warning\">\r\n<td>\r\n  <b><i>he\/she\/it<\/i><\/b><\/td>\r\n<td><b><i>is not\/isn&#8217;t<\/i><\/b><\/td>\r\n<td>\r\n <b><i>watching.<\/i><\/b><\/td>\r\n<\/tr>\r\n<tr class=\"table-success\">\r\n<td>\r\n  <b><i>we\/you\/they<\/i><\/b><\/td>\r\n<td><b><i>are not\/aren&#8217;t<\/i><\/b><\/td>\r\n<td>\r\n <b><i>watching.<\/i><\/b><\/td>\r\n<\/tr>\r\n<\/tbody>\r\n<\/table>\r\n<br \/>\r\n<h2>Gebrauch Frage<\/h2>\r\nDie Frage in der <a href=\"https:\/\/context.reverso.net\/%C3%BCbersetzung\/deutsch-englisch\/Verlaufsform%2C+die\">Verlaufsform<\/a> bedient sich ebenfalls der Umschreibung mit dem Hilfsverb <b>be<\/b> das Hauptverb wird in das <b>Partizip Pr\u00e4sens (-ing Form)<\/b> gesetzt .\r\n<table class=\"table table-bordered table-sm\">\r\n<tbody>\r\n<tr class=\"table-danger\">\r\n<td colspan=\"3\">\r\n<b>Present Progressive Frage<\/b><\/td>\r\n<\/tr>\r\n<tr class=\"table-info\">\r\n<td>\r\n  <b><i>Am<\/i><\/b><\/td>\r\n<td><b><i><\/i>I<\/b><\/td>\r\n<td>\r\n <b><i>watching?<\/i><\/b><\/td>\r\n<\/tr>\r\n<tr class=\"table-warning\">\r\n<td>\r\n  <b><i>Is<\/i><\/b><\/td>\r\n<td><b><i>he\/she\/it<\/i><\/b><\/td>\r\n<td>\r\n <b><i>watching?<\/i><\/b><\/td>\r\n<\/tr>\r\n<tr class=\"table-success\">\r\n<td>\r\n  <b><i>Are<\/i><\/b><\/td>\r\n<td><b><i>we\/you\/they<\/i><\/b><\/td>\r\n<td>\r\n <b><i>watching?<\/i><\/b><\/td>\r\n<\/tr>\r\n<\/tbody>\r\n<\/table>\r\n<br \/>\r\n<h2>Gebrauch<\/h2>\r\nDie Verlaufsform wird verwendet, wenn eine Handlung gerade im Moment oder vor\u00fcbergehend stattfindet.\r\n<i>\r\nHe is playing football at the moment. &#8211; Er spielt gerade Fu\u00dfball.\r\nI am eating a hamburger. &#8211; Er isst gerade einen Hamburger.\r\nShe is studying medecine. &#8211; Sie studiert Medizin.\r\n<\/i>\r\n<b>Vorsicht:<\/b> Beim letzten Beispiel wird klar, dass die <b>Verlaufsform<\/b> auch bei Handlungen verwendet werden kann, die \u00fcber einen l\u00e4ngeren Zeitraum ablaufen, wenn sie <b>vorr\u00fcbergehend<\/b> sind. Das ist ein Unterscheidungsmerkmal, das oftmals untersch\u00e4tzt wird.<br \/>\r\n<h2>Signalw\u00f6rter<\/h2>\r\n<table class=\"table table-bordered table-sm\">\r\n<tbody>\r\n<tr class=\"table-danger\">\r\n<td>\r\n<b>Signalw\u00f6rter Present Progressive<\/b><\/td>\r\n<\/tr>\r\n<tr class=\"table-success\">\r\n<td>\r\n<b><i> now, at the moment, just, today, this evening<\/i><\/b><\/td>\r\n<\/tr>\r\n<\/tbody>\r\n<\/table>\r\n<br \/>\r\n<a href=\"https:\/\/english-munich.de\/training\/wp-content\/uploads\/2022\/04\/Arbeitsblaett-Present-Progressive.zip\">Arbeitsbl\u00e4tter Present Continous <i class=\"fa fa-download\" aria-hidden=\"true\"><\/i> <\/a>\r\n<br \/><br \/>\r\n<img decoding=\"async\" class=\"img-responsive img-rounded\" title=\"present-progressive\" src=\"https:\/\/english-munich.de\/training\/wp-content\/uploads\/2020\/04\/present-progressive.jpg\" alt=\"present-progressive\">\r\n\r\n<\/div>","protected":false},"excerpt":{"rendered":"Present Progressive \u00dcbungen und Erkl\u00e4rungen Schnelle Erkl\u00e4rungen des Present Progressive im Englischen. Present Progressive \u00dcbungen: Present Progressive Gebrauch Aussagesatz bejaht Die Bildung der Verlaufsform im Englischen macht keine allzu gro\u00dfen Probleme. Es wird einfach das Hilfsverb be in Verbindung mit dem Partizip Pr\u00e4sens (-ing Form) benutzt. Aussagesatz bejaht I am watching. he\/she\/it is watching. we\/you\/they [&hellip;]","protected":false},"author":3,"featured_media":0,"parent":0,"menu_order":0,"comment_status":"closed","ping_status":"closed","template":"","meta":[],"_links":{"self":[{"href":"https:\/\/english-munich.de\/training\/wp-json\/wp\/v2\/pages\/1656"}],"collection":[{"href":"https:\/\/english-munich.de\/training\/wp-json\/wp\/v2\/pages"}],"about":[{"href":"https:\/\/english-munich.de\/training\/wp-json\/wp\/v2\/types\/page"}],"author":[{"embeddable":true,"href":"https:\/\/english-munich.de\/training\/wp-json\/wp\/v2\/users\/3"}],"replies":[{"embeddable":true,"href":"https:\/\/english-munich.de\/training\/wp-json\/wp\/v2\/comments?post=1656"}],"version-history":[{"count":30,"href":"https:\/\/english-munich.de\/training\/wp-json\/wp\/v2\/pages\/1656\/revisions"}],"predecessor-version":[{"id":11713,"href":"https:\/\/english-munich.de\/training\/wp-json\/wp\/v2\/pages\/1656\/revisions\/11713"}],"wp:attachment":[{"href":"https:\/\/english-munich.de\/training\/wp-json\/wp\/v2\/media?parent=1656"}],"curies":[{"name":"wp","href":"https:\/\/api.w.org\/{rel}","templated":true}]}}