{"id":1634,"date":"2020-05-20T17:06:48","date_gmt":"2020-05-20T17:06:48","guid":{"rendered":"https:\/\/english-munich.de\/training\/?page_id=1634"},"modified":"2021-01-17T08:30:49","modified_gmt":"2021-01-17T08:30:49","slug":"past-perfect-2","status":"publish","type":"page","link":"https:\/\/english-munich.de\/training\/past-perfect-2\/","title":{"rendered":"Past Perfect"},"content":{"rendered":"<div class=\"container well\">\n<h1>Past Perfect Erkl\u00e4rungen und \u00dcbungen<\/h1>\n\n<hr>\n\n<h2>Past Perfect \u00dcbungen<\/h2>\n<div id=\"bellows-main-17\" class=\"bellows bellows-nojs bellows-main bellows-source-menu bellows-align-full bellows-skin-vanilla bellows-type-\"><ul id=\"menu-past-perfect\" class=\"bellows-nav\" data-bellows-config=\"main\"><li id=\"menu-item-3750\" class=\"bellows-menu-item bellows-menu-item-type-post_type bellows-menu-item-object-page bellows-menu-item-3750 bellows-item-level-0\"><a  href=\"https:\/\/english-munich.de\/training\/past-perfect\/\" class=\"bellows-target\"><span class=\"bellows-target-title bellows-target-text\">\u270d\ufe0fPast Perfect bejaht<\/span><\/a><\/li>\n<li id=\"menu-item-3751\" class=\"bellows-menu-item bellows-menu-item-type-post_type bellows-menu-item-object-page bellows-menu-item-3751 bellows-item-level-0\"><a  href=\"https:\/\/english-munich.de\/training\/past-perfect-frage\/\" class=\"bellows-target\"><span class=\"bellows-target-title bellows-target-text\">\u270d\ufe0fPast Perfect Frage<\/span><\/a><\/li>\n<li id=\"menu-item-3752\" class=\"bellows-menu-item bellows-menu-item-type-post_type bellows-menu-item-object-page bellows-menu-item-3752 bellows-item-level-0\"><a  href=\"https:\/\/english-munich.de\/training\/past-perfect-verneint\/\" class=\"bellows-target\"><span class=\"bellows-target-title bellows-target-text\">\u2611\ufe0fPast Perfect verneint<\/span><\/a><\/li>\n<\/ul><\/div>\n<h2>Past Perfect Aussagesatz bejaht<\/h2>\n<br \/>\n\nDie Bildung des Present Perfect im Englischen macht keine allzu gro\u00dfen Probleme. Genau wie im Deutschen wird einfach das Hilfsverb <b>had<\/b>  in Verbindung mit dem <b>Partizip Perfect (Past Participle)<\/b> benutzt.<br \/>\n<table class=\"table table-bordered table-sm\">\n<tbody>\n<tr class=\"table-danger\">\n<td colspan=\"3\">\n<b>Past Perfect Aussagesatz bejaht<\/b><\/td>\n<\/tr>\n<tr class=\"table-info\">\n<td>\n  <b><i>I\/he\/she\/it\/we\/you\/they<\/i><\/b><\/td>\n<td><b><i>had<\/i><\/b><\/td>\n<td>\n <b><i>watched.<\/i><\/b><\/td>\n<\/tr>\n<\/tbody>\n<\/table>\n<i>\nMy sister had worked in Wolverhampton before she moved here.\nWe had played football, before we tried basketball.\n<\/i>\n<h2>Past Perfect Aussagesatz verneint<\/h2>\nDie englische Sprache verneint im Present Perfect mit dem Hilfsverb <b>had<\/b> in seiner verneinten Form in der Vergangenheit. Das Hauptverb kommt ins <b>Partizip Perfect \/ Past Prticiple.<\/b>.<br \/>\n<table class=\"table table-bordered table-sm\">\n<tbody>\n<tr class=\"table-danger\">\n<td colspan=\"3\">\n<b>Past Perfect Aussagesatz verneint<\/b><\/td>\n<\/tr>\n<tr class=\"table-info\">\n<td>\n  <b><i>I\/you\/he\/she\/it\/we\/they<\/i><\/b><\/td>\n<td><b><i>had not\/hadn&#8217;t <\/i><\/b><\/td>\n<td>\n <b><i>watched.<\/i><\/b><\/td>\n<\/tr>\n<\/tbody>\n<\/table>\n<br \/>\n<h2>Past Perfect Frage<\/h2>\nDie Frage im Present Perfect bedient sich ebenfalls der Umschreibung mit dem Hilfsverb <b>had<\/b>. Das Hauptverb wird in das <b>Partizip Perfect (past participle)<\/b> gesetzt .\n<table class=\"table table-bordered table-sm\">\n<tbody>\n<tr class=\"table-danger\">\n<td colspan=\"3\">\n<b> Present Perfect Frage<\/b><\/td>\n<\/tr>\n<tr class=\"table-info\">\n<td>\n  <b><i>Had<\/i><\/b><\/td>\n<td><b><i><\/i>I\/he\/she\/it\/we\/you\/they<\/b><\/td>\n<td>\n <b><i>watched?<\/i><\/b><\/td>\n<\/tr>\n<\/tbody>\n<\/table>\n<br \/>\n<h2>Gebrauch Past Perfect<\/h2>\nDas <i>Past Perfect<\/i> wird im Englischen verwendet, wenn eine Handlung in der Vergangenheit abgeschlossen ist, bevor eine andere einsetzt.\n<i>\nHe had played football before he started basketball . &#8211; Er hat Fu\u00dfball gespielt bevor er mit Basketball begonnen hat.\nI had always liked you until you broke my favorite vase. &#8211; Ich habe dich immer gemocht, bis du meine Lieblingsvase zerbrochen hast. <\/i>\n<h2>Present Perfect Progressive Signalw\u00f6rter<\/h2>\n<table class=\"table table-bordered table-sm\">\n<tbody>\n<tr class=\"table-danger\">\n<td>\n<b>Signalw\u00f6rter Past Perfect<\/b><\/td>\n<\/tr>\n<tr class=\"table-success\">\n<td>\n<b><i>before, when, after<\/i><\/b><\/td>\n<\/tr>\n<\/tbody>\n<\/table>\n<br \/>\n<img decoding=\"async\" class=\"img-responsive img-rounded\" title=\"Past Perfect\" src=\"https:\/\/english-munich.de\/training\/wp-content\/uploads\/2020\/07\/past-perfect-e1593760094190.jpeg\" alt=\"Past Perfect\">\n\n<\/div>","protected":false},"excerpt":{"rendered":"Past Perfect Erkl\u00e4rungen und \u00dcbungen Past Perfect \u00dcbungen Past Perfect Aussagesatz bejaht Die Bildung des Present Perfect im Englischen macht keine allzu gro\u00dfen Probleme. Genau wie im Deutschen wird einfach das Hilfsverb had in Verbindung mit dem Partizip Perfect (Past Participle) benutzt. Past Perfect Aussagesatz bejaht I\/he\/she\/it\/we\/you\/they had watched. My sister had worked in Wolverhampton [&hellip;]","protected":false},"author":3,"featured_media":0,"parent":0,"menu_order":0,"comment_status":"closed","ping_status":"closed","template":"","meta":[],"_links":{"self":[{"href":"https:\/\/english-munich.de\/training\/wp-json\/wp\/v2\/pages\/1634"}],"collection":[{"href":"https:\/\/english-munich.de\/training\/wp-json\/wp\/v2\/pages"}],"about":[{"href":"https:\/\/english-munich.de\/training\/wp-json\/wp\/v2\/types\/page"}],"author":[{"embeddable":true,"href":"https:\/\/english-munich.de\/training\/wp-json\/wp\/v2\/users\/3"}],"replies":[{"embeddable":true,"href":"https:\/\/english-munich.de\/training\/wp-json\/wp\/v2\/comments?post=1634"}],"version-history":[{"count":15,"href":"https:\/\/english-munich.de\/training\/wp-json\/wp\/v2\/pages\/1634\/revisions"}],"predecessor-version":[{"id":3755,"href":"https:\/\/english-munich.de\/training\/wp-json\/wp\/v2\/pages\/1634\/revisions\/3755"}],"wp:attachment":[{"href":"https:\/\/english-munich.de\/training\/wp-json\/wp\/v2\/media?parent=1634"}],"curies":[{"name":"wp","href":"https:\/\/api.w.org\/{rel}","templated":true}]}}