{"id":1627,"date":"2020-05-20T17:01:55","date_gmt":"2020-05-20T17:01:55","guid":{"rendered":"https:\/\/english-munich.de\/training\/?page_id=1627"},"modified":"2021-01-09T18:19:00","modified_gmt":"2021-01-09T18:19:00","slug":"going-to-future","status":"publish","type":"page","link":"https:\/\/english-munich.de\/training\/going-to-future\/","title":{"rendered":"Going To Future"},"content":{"rendered":"<div class=\"container well\">\r\n<h1>\u00dcbungen und Erkl\u00e4rungen Going To Future<\/h1>\r\n<hr>\r\n<h2>Going To Future \u00dcbungen<\/h2>\r\n<div id=\"bellows-main-20\" class=\"bellows bellows-nojs bellows-main bellows-source-menu bellows-align-full bellows-skin-vanilla bellows-type-\"><ul id=\"menu-going-to-future\" class=\"bellows-nav\" data-bellows-config=\"main\"><li id=\"menu-item-3842\" class=\"bellows-menu-item bellows-menu-item-type-post_type bellows-menu-item-object-page bellows-menu-item-3842 bellows-item-level-0\"><a  href=\"https:\/\/english-munich.de\/training\/going-to-future-bejaht\/\" class=\"bellows-target\"><span class=\"bellows-target-title bellows-target-text\">\u270d\ufe0fGoing To Future bejaht<\/span><\/a><\/li>\n<li id=\"menu-item-3844\" class=\"bellows-menu-item bellows-menu-item-type-post_type bellows-menu-item-object-page bellows-menu-item-3844 bellows-item-level-0\"><a  href=\"https:\/\/english-munich.de\/training\/going-to-future-verneint\/\" class=\"bellows-target\"><span class=\"bellows-target-title bellows-target-text\">\u2611\ufe0fGoing-To-Future verneint<\/span><\/a><\/li>\n<li id=\"menu-item-3843\" class=\"bellows-menu-item bellows-menu-item-type-post_type bellows-menu-item-object-page bellows-menu-item-3843 bellows-item-level-0\"><a  href=\"https:\/\/english-munich.de\/training\/going-to-future-frage\/\" class=\"bellows-target\"><span class=\"bellows-target-title bellows-target-text\">\u270d\ufe0fGoing-To-Future Frage<\/span><\/a><\/li>\n<\/ul><\/div>\r\n<h2>Going To Future Aussagesatz bejaht<\/h2>\r\n<br \/>\r\n\r\nDie Bildung des Present Progressive im Englischen macht keine allzu gro\u00dfen Probleme. Es wird einfach das Hilfsverb <b>be<\/b> in Verbindung mit <b>going to<\/b> benutzt. Das Hauptverb bleibt in der <b>Grundform<\/b>.<br \/>\r\n<table class=\"table table-bordered table-sm\">\r\n<tbody>\r\n<tr class=\"table-danger\">\r\n<td colspan=\"3\">\r\n<b>Going To Future Aussagesatz bejaht<\/b><\/td>\r\n<\/tr>\r\n<tr class=\"table-info\">\r\n<td>\r\n  <b><i>I<\/i><\/b><\/td>\r\n<td><b><i>am<\/i><\/b><\/td>\r\n<td>\r\n <b><i>going to watch.<\/i><\/b><\/td>\r\n<\/tr>\r\n<tr class=\"table-warning\">\r\n<td>\r\n  <b><i>he\/she\/it<\/i><\/b><\/td>\r\n<td><b><i>is<\/i><\/b><\/td>\r\n<td>\r\n <b><i>going to watch.<\/i><\/b><\/td>\r\n<\/tr>\r\n<tr class=\"table-success\">\r\n<td>\r\n  <b><i>we\/you\/they<\/i><\/b><\/td>\r\n<td><b><i>are<\/i><\/b><\/td>\r\n<td>\r\n <b><i>going to watch.<\/i><\/b><\/td>\r\n<\/tr>\r\n<\/tbody>\r\n<\/table>\r\nI am going to work here. My sister is going to work in Wolverhampton.\r\nWe are going to play football. They are going to drink milk.\r\n\r\n<br \/>\r\n<h2>Going To Future Aussagesatz verneint<\/h2>\r\nDie englische Sprache verneint im Present Progressive mit dem Hilfsverb <b>be<\/b> in seiner verneinten Form + <b>going to<\/b>. Das Hauptverb kommt in die <b>Grundform<\/b>.<br \/>\r\n<table class=\"table table-bordered table-sm\">\r\n<tbody>\r\n<tr class=\"table-danger\">\r\n<td colspan=\"3\">\r\n<b>Going To Future Aussagesatz verneint<\/b><\/td>\r\n<\/tr>\r\n<tr class=\"table-info\">\r\n<td>\r\n  <b><i>I<\/i><\/b><\/td>\r\n<td><b><i>am not\/&#8217;m not <\/i><\/b><\/td>\r\n<td>\r\n <b><i>going to watch.<\/i><\/b><\/td>\r\n<\/tr>\r\n<tr class=\"table-warning\">\r\n<td>\r\n  <b><i>he\/she\/it<\/i><\/b><\/td>\r\n<td><b><i>is not\/isn&#8217;t<\/i><\/b><\/td>\r\n<td>\r\n <b><i>going to watch.<\/i><\/b><\/td>\r\n<\/tr>\r\n<tr class=\"table-success\">\r\n<td>\r\n  <b><i>we\/you\/they<\/i><\/b><\/td>\r\n<td><b><i>are not\/aren&#8217;t<\/i><\/b><\/td>\r\n<td>\r\n <b><i>going to watch.<\/i><\/b><\/td>\r\n<\/tr>\r\n<\/tbody>\r\n<\/table>\r\n<br \/>\r\n<h2>Frage<\/h2>\r\nDie Frage im Present Progressive bedient sich ebenfalls der Umschreibung mit dem Hilfsverb <b>be<\/b> + <b>going to<\/b>. Das Hauptverb wird in die <b>Grundform<\/b> gesetzt .\r\n<table class=\"table table-bordered table-sm\">\r\n<tbody>\r\n<tr class=\"table-danger\">\r\n<td colspan=\"3\">\r\n<b>Going To Future Frage<\/b><\/td>\r\n<\/tr>\r\n<tr class=\"table-info\">\r\n<td>\r\n  <b><i>Am<\/i><\/b><\/td>\r\n<td><b><i><\/i>I<\/b><\/td>\r\n<td>\r\n <b><i>going to watch?<\/i><\/b><\/td>\r\n<\/tr>\r\n<tr class=\"table-warning\">\r\n<td>\r\n  <b><i>Is<\/i><\/b><\/td>\r\n<td><b><i>he\/she\/it<\/i><\/b><\/td>\r\n<td>\r\n <b><i>going to watch?<\/i><\/b><\/td>\r\n<\/tr>\r\n<tr class=\"table-success\">\r\n<td>\r\n  <b><i>Are<\/i><\/b><\/td>\r\n<td><b><i>we\/you\/they<\/i><\/b><\/td>\r\n<td>\r\n <b><i>going to watch?<\/i><\/b><\/td>\r\n<\/tr>\r\n<\/tbody>\r\n<\/table>\r\n<br \/>\r\n<h2>Going To Future Gebrauch<\/h2>\r\nDas Going To Future wird verwendet, wenn eine Handlung in der Zukunft aufgrund von <i>\u00e4u\u00dferen Umst\u00e4nden<\/i> vorhergesagt werden kann. Au\u00dferdem wird das Going To Future verwendet, wenn es sich um einen <i>geplanten Entschluss<\/i> f\u00fcr die Zukunft handelt. (Immer dann, wenn Du im Gedanken &#8222;ich habe vor&#8220; erg\u00e4nzen kannst.)\r\n<i>\r\nLook at the clouds it is going to rain. &#8211; Sie mal, die Wolken, es wird regnen.\r\nMy neigbors are going to go to Alaska. &#8211; Meine Nachbarn fahren nach Alaska.\r\nHe is driving to fast. He is going to have an accident. &#8211; Er f\u00e4hrt zu schnell, er wird einen Unfall haben.\r\n<\/i>\r\n\r\n<br \/>\r\n<img decoding=\"async\" class=\"img-responsive img-rounded\" title=\"Simple Present Aussagesatz\" src=\"https:\/\/english-munich.de\/training\/wp-content\/uploads\/2020\/07\/going-to-future-e1593886583152.jpeg\" alt=\"Going To Future\">\r\n\r\n<\/div>","protected":false},"excerpt":{"rendered":"\u00dcbungen und Erkl\u00e4rungen Going To Future Going To Future \u00dcbungen Going To Future Aussagesatz bejaht Die Bildung des Present Progressive im Englischen macht keine allzu gro\u00dfen Probleme. Es wird einfach das Hilfsverb be in Verbindung mit going to benutzt. Das Hauptverb bleibt in der Grundform. Going To Future Aussagesatz bejaht I am going to watch. [&hellip;]","protected":false},"author":3,"featured_media":0,"parent":0,"menu_order":0,"comment_status":"closed","ping_status":"closed","template":"","meta":[],"_links":{"self":[{"href":"https:\/\/english-munich.de\/training\/wp-json\/wp\/v2\/pages\/1627"}],"collection":[{"href":"https:\/\/english-munich.de\/training\/wp-json\/wp\/v2\/pages"}],"about":[{"href":"https:\/\/english-munich.de\/training\/wp-json\/wp\/v2\/types\/page"}],"author":[{"embeddable":true,"href":"https:\/\/english-munich.de\/training\/wp-json\/wp\/v2\/users\/3"}],"replies":[{"embeddable":true,"href":"https:\/\/english-munich.de\/training\/wp-json\/wp\/v2\/comments?post=1627"}],"version-history":[{"count":7,"href":"https:\/\/english-munich.de\/training\/wp-json\/wp\/v2\/pages\/1627\/revisions"}],"predecessor-version":[{"id":3846,"href":"https:\/\/english-munich.de\/training\/wp-json\/wp\/v2\/pages\/1627\/revisions\/3846"}],"wp:attachment":[{"href":"https:\/\/english-munich.de\/training\/wp-json\/wp\/v2\/media?parent=1627"}],"curies":[{"name":"wp","href":"https:\/\/api.w.org\/{rel}","templated":true}]}}