{"id":1625,"date":"2020-05-20T17:01:26","date_gmt":"2020-05-20T17:01:26","guid":{"rendered":"https:\/\/english-munich.de\/training\/?page_id=1625"},"modified":"2022-03-22T06:24:02","modified_gmt":"2022-03-22T06:24:02","slug":"will-future-2","status":"publish","type":"page","link":"https:\/\/english-munich.de\/training\/will-future-2\/","title":{"rendered":"Will Future"},"content":{"rendered":"<div class=\"container well\">\r\n<h2>\u00dcbungen und Erkl\u00e4rungen Zukunft mit will future<\/h2>\r\nDas Will Future im Englischen.\r\n<hr>\r\n<h2>\u00dcbungen:<\/h2>\r\n<div id=\"bellows-main-18\" class=\"bellows bellows-nojs bellows-main bellows-source-menu bellows-align-full bellows-skin-vanilla bellows-type-\"><ul id=\"menu-will-future\" class=\"bellows-nav\" data-bellows-config=\"main\"><li id=\"menu-item-3765\" class=\"bellows-menu-item bellows-menu-item-type-post_type bellows-menu-item-object-page bellows-menu-item-3765 bellows-item-level-0\"><a  href=\"https:\/\/english-munich.de\/training\/will-future\/\" class=\"bellows-target\"><span class=\"bellows-target-title bellows-target-text\">\u270d\ufe0fWill Future<\/span><\/a><\/li>\n<li id=\"menu-item-3766\" class=\"bellows-menu-item bellows-menu-item-type-post_type bellows-menu-item-object-page bellows-menu-item-3766 bellows-item-level-0\"><a  href=\"https:\/\/english-munich.de\/training\/will-future-frage\/\" class=\"bellows-target\"><span class=\"bellows-target-title bellows-target-text\">\u270d\ufe0fWill Future Frage<\/span><\/a><\/li>\n<li id=\"menu-item-3767\" class=\"bellows-menu-item bellows-menu-item-type-post_type bellows-menu-item-object-page bellows-menu-item-3767 bellows-item-level-0\"><a  href=\"https:\/\/english-munich.de\/training\/will-future-verneint\/\" class=\"bellows-target\"><span class=\"bellows-target-title bellows-target-text\">\u2611\ufe0fWill Future verneint<\/span><\/a><\/li>\n<\/ul><\/div>\r\n<h2>Aussagesatz bejaht<\/h2>\r\n<br \/>\r\n\r\nDie Bildung der Zukunft mit will im Englischen macht keine allzu gro\u00dfen Probleme. Genau wie im Deutschen wird einfach das Hilfsverb <b>will<\/b>  in Verbindung mit der <b>Grundform<\/b> benutzt.<br \/>\r\n<table class=\"table table-bordered table-sm\">\r\n<tbody>\r\n<tr class=\"table-danger\">\r\n<td colspan=\"3\">\r\n<b>Aussagesatz bejaht<\/b><\/td>\r\n<\/tr>\r\n<tr class=\"table-info\">\r\n<td>\r\n  <b><i>I\/he\/she\/it\/we\/you\/they<\/i><\/b><\/td>\r\n<td><b><i>will<\/i><\/b><\/td>\r\n<td>\r\n <b><i>watch.<\/i><\/b><\/td>\r\n<\/tr>\r\n<\/tbody>\r\n<\/table>\r\n<i>\r\nMy sister will probably work in Wolverhampton.\r\nWe will play football, I believe.\r\n<\/i>\r\n<h2>Aussagesatz verneint<\/h2>\r\nDie englische Sprache verneint in der Zukunft mit will mit dem <a href=\"https:\/\/de.wikipedia.org\/wiki\/Hilfsverb\">Hilfsverb<\/a> <b>will<\/b> in seiner verneinten Form. Das Hauptverb kommt in die <b>Grundform<\/b>.<br \/>\r\n<table class=\"table table-bordered table-sm\">\r\n<tbody>\r\n<tr class=\"table-danger\">\r\n<td colspan=\"3\">\r\n<b>Verneinung<\/b><\/td>\r\n<\/tr>\r\n<tr class=\"table-info\">\r\n<td>\r\n  <b><i>I\/you\/he\/she\/it\/we\/they<\/i><\/b><\/td>\r\n<td><b><i>will not\/won&#8217;t <\/i><\/b><\/td>\r\n<td>\r\n <b><i>watch.<\/i><\/b><\/td>\r\n<\/tr>\r\n<\/tbody>\r\n<\/table>\r\n<br \/>\r\n<h2>Frage<\/h2>\r\nDie Frage in der Zukunft mit will bedient sich ebenfalls der Umschreibung mit dem Hilfsverb <b>will<\/b>. Das Hauptverb wird in die <b>Grundform<\/b> gesetzt.\r\n<table class=\"table table-bordered table-sm\">\r\n<tbody>\r\n<tr class=\"table-danger\">\r\n<td colspan=\"3\">\r\n<b> Present Perfect Frage<\/b><\/td>\r\n<\/tr>\r\n<tr class=\"table-info\">\r\n<td>\r\n  <b><i>Will<\/i><\/b><\/td>\r\n<td><b><i><\/i>I\/he\/she\/it\/we\/you\/they<\/b><\/td>\r\n<td>\r\n <b><i>watch?<\/i><\/b><\/td>\r\n<\/tr>\r\n<\/tbody>\r\n<\/table>\r\n<br \/>\r\n<h2>Gebrauch der Zukunft mit dem Will Future<\/h2>\r\n<i>Die Zukunft mit will<\/i> wird im Englischen verwendet, wenn eine Handlung in der Zukunft wahrscheinlich, oder m\u00f6glich ist. In diesem Zusammenhang sind die Signalw\u00f6rter (probably, maybe, perhaps) wichtig. Au\u00dferdem verwendet man die Zukunft mit will, wenn man sich auf die unmittelbare Zukunft bezieht. Hier w\u00fcrde man im Deutschen die Gegenwart benutzen. Dies ist meist bei spontanen Entschl\u00fcssen relevant.\r\n<i>\r\nHe will probably play football. &#8211; Er wird wahrscheinlich Fu\u00dfball spielen.\r\nI will take the vegan sausage. &#8211; Ich werde die vegane Wurst essen. <\/i>\r\nWeiterhin wird die Zukunft mit will im Englischen verwendet, wenn man sich auf Ereignisse bezieht, auf die  man selbst keinen Einfluss hat. Oder die in der fernen Zukunft geschehen werden.\r\n<i><br \/>\r\nIt will rain next week. &#8211; N\u00e4chste Woche wird es regnen.\r\nNext year I will go to England. &#8211; N\u00e4chstes Jahr werde ich nach England gehen. <\/i><br \/>\r\nIn diesem Zusammenhang ist es wichtig festzustellen, dass der Eintritt der Ereignisse vom Sprechenden nicht unbedingt als gegebene Tatsache erwartet wird.\r\n<h2>Will Future Progressive Signalw\u00f6rter<\/h2>\r\n<table class=\"table table-bordered table-sm\">\r\n<tbody>\r\n<tr class=\"table-danger\">\r\n<td>\r\n<b>Signalw\u00f6rter<\/b><\/td>\r\n<\/tr>\r\n<tr class=\"table-success\">\r\n<td>\r\n<b><i>probably, maybe, perhaps, I believe, I think<\/i><\/b><\/td>\r\n<\/tr>\r\n<\/tbody>\r\n<\/table>\r\n<br \/>\r\n<img decoding=\"async\" class=\"img-responsive img-rounded\" title=\"will-future\" src=\"https:\/\/english-munich.de\/training\/wp-content\/uploads\/2020\/07\/will-future-e1593802838316.jpeg alt=\"will-future\">\r\n\r\n<\/div>","protected":false},"excerpt":{"rendered":"\u00dcbungen und Erkl\u00e4rungen Zukunft mit will future Das Will Future im Englischen. \u00dcbungen: Aussagesatz bejaht Die Bildung der Zukunft mit will im Englischen macht keine allzu gro\u00dfen Probleme. Genau wie im Deutschen wird einfach das Hilfsverb will in Verbindung mit der Grundform benutzt. Aussagesatz bejaht I\/he\/she\/it\/we\/you\/they will watch. My sister will probably work in Wolverhampton. [&hellip;]","protected":false},"author":3,"featured_media":0,"parent":0,"menu_order":0,"comment_status":"closed","ping_status":"closed","template":"","meta":[],"_links":{"self":[{"href":"https:\/\/english-munich.de\/training\/wp-json\/wp\/v2\/pages\/1625"}],"collection":[{"href":"https:\/\/english-munich.de\/training\/wp-json\/wp\/v2\/pages"}],"about":[{"href":"https:\/\/english-munich.de\/training\/wp-json\/wp\/v2\/types\/page"}],"author":[{"embeddable":true,"href":"https:\/\/english-munich.de\/training\/wp-json\/wp\/v2\/users\/3"}],"replies":[{"embeddable":true,"href":"https:\/\/english-munich.de\/training\/wp-json\/wp\/v2\/comments?post=1625"}],"version-history":[{"count":14,"href":"https:\/\/english-munich.de\/training\/wp-json\/wp\/v2\/pages\/1625\/revisions"}],"predecessor-version":[{"id":11158,"href":"https:\/\/english-munich.de\/training\/wp-json\/wp\/v2\/pages\/1625\/revisions\/11158"}],"wp:attachment":[{"href":"https:\/\/english-munich.de\/training\/wp-json\/wp\/v2\/media?parent=1625"}],"curies":[{"name":"wp","href":"https:\/\/api.w.org\/{rel}","templated":true}]}}