{"id":1623,"date":"2020-05-20T17:01:02","date_gmt":"2020-05-20T17:01:02","guid":{"rendered":"https:\/\/english-munich.de\/training\/?page_id=1623"},"modified":"2022-03-23T12:56:42","modified_gmt":"2022-03-23T12:56:42","slug":"present-perfect-2","status":"publish","type":"page","link":"https:\/\/english-munich.de\/training\/present-perfect-2\/","title":{"rendered":"Present Perfect"},"content":{"rendered":"<div class=\"container well\">\r\n<h1>\u00dcbungen und Erkl\u00e4rungen im Present Perfect<\/h1>\r\nPresent Perfect im Englischen\r\n<hr>\r\n<h2>\u00dcbungen im Present Perfect:<\/h2>\r\n<div id=\"bellows-main-16\" class=\"bellows bellows-nojs bellows-main bellows-source-menu bellows-align-full bellows-skin-vanilla bellows-type-\"><ul id=\"menu-present-perfect\" class=\"bellows-nav\" data-bellows-config=\"main\"><li id=\"menu-item-3715\" class=\"bellows-menu-item bellows-menu-item-type-post_type bellows-menu-item-object-page bellows-menu-item-3715 bellows-item-level-0\"><a  href=\"https:\/\/english-munich.de\/training\/present-perfect-aussagesatz\/\" class=\"bellows-target\"><span class=\"bellows-target-title bellows-target-text\">\u270d\ufe0fPresent Perfect bejaht<\/span><\/a><\/li>\n<li id=\"menu-item-3716\" class=\"bellows-menu-item bellows-menu-item-type-post_type bellows-menu-item-object-page bellows-menu-item-3716 bellows-item-level-0\"><a  href=\"https:\/\/english-munich.de\/training\/present-perfect-frage\/\" class=\"bellows-target\"><span class=\"bellows-target-title bellows-target-text\">\u270d\ufe0fPresent Perfect Frage<\/span><\/a><\/li>\n<li id=\"menu-item-3718\" class=\"bellows-menu-item bellows-menu-item-type-post_type bellows-menu-item-object-page bellows-menu-item-3718 bellows-item-level-0\"><a  href=\"https:\/\/english-munich.de\/training\/present-perfect\/\" class=\"bellows-target\"><span class=\"bellows-target-title bellows-target-text\">\u2611\ufe0fPresent Perfect Verneinung<\/span><\/a><\/li>\n<li id=\"menu-item-3717\" class=\"bellows-menu-item bellows-menu-item-type-post_type bellows-menu-item-object-page bellows-menu-item-3717 bellows-item-level-0\"><a  href=\"https:\/\/english-munich.de\/training\/present-perfect-unregelmasig\/\" class=\"bellows-target\"><span class=\"bellows-target-title bellows-target-text\">\u270d\ufe0fPresent Perfect unregelm\u00e4\u00dfig<\/span><\/a><\/li>\n<\/ul><\/div>\r\n<h2>Aussagesatz bejaht<\/h2>\r\n<br \/>\r\n\r\nDie Bildung des Perfekt im Englischen macht keine allzu gro\u00dfen Probleme. Genau wie im Deutschen wird einfach das <a href=\"https:\/\/de.wikipedia.org\/wiki\/Hilfsverb\">Hilfsverb<\/a> <b>have<\/b> in Verbindung mit dem <b>Partizip Perfekt (Past Participle)<\/b> benutzt.<br \/>\r\n<table class=\"table table-bordered table-sm\">\r\n<tbody>\r\n<tr class=\"table-danger\">\r\n<td colspan=\"3\"><b>Aussagesatz bejaht<\/b><\/td>\r\n<\/tr>\r\n<tr class=\"table-info\">\r\n<td><b><i>he\/she\/it<\/i><\/b><\/td>\r\n<td><b><i>has<\/i><\/b><\/td>\r\n<td><b><i>watched.<\/i><\/b><\/td>\r\n<\/tr>\r\n<tr class=\"table-success\">\r\n<td><b><i>I\/we\/you\/they<\/i><\/b><\/td>\r\n<td><b><i>have<\/i><\/b><\/td>\r\n<td><b><i>watched.<\/i><\/b><\/td>\r\n<\/tr>\r\n<\/tbody>\r\n<\/table>\r\nI have worked here. My sister has worked in Wolverhampton all her life.\r\nWe have played football. They have drunk milk.\r\n\r\n<br \/>\r\n<h2>Present Perfect Aussagesatz verneint<\/h2>\r\nDie englische Sprache verneint im Perfekt mit dem Hilfsverb <b>have<\/b> in seiner verneinten Form im Simple Present. Das Hauptverb kommt ins <b>Partizip Perfekt \/ Past Participle<\/b>.<br \/>\r\n<table class=\"table table-bordered table-sm\">\r\n<tbody>\r\n<tr class=\"table-danger\">\r\n<td colspan=\"3\"><b>Present Perfect Aussagesatz verneint<\/b><\/td>\r\n<\/tr>\r\n<tr class=\"table-info\">\r\n<td><b><i>he\/she\/it<\/i><\/b><\/td>\r\n<td><b><i>has not\/hasn&#8217;t <\/i><\/b><\/td>\r\n<td><b><i>watched.<\/i><\/b><\/td>\r\n<\/tr>\r\n<tr class=\"table-success\">\r\n<td><b><i>I\/we\/you\/they<\/i><\/b><\/td>\r\n<td><b><i>have not\/haven&#8217;t<\/i><\/b><\/td>\r\n<td><b><i>watched.<\/i><\/b><\/td>\r\n<\/tr>\r\n<\/tbody>\r\n<\/table>\r\n<br \/>\r\nMy brother hasn&#8217;t done his homework. We haven&#8217;t been to England. They haven&#8217;t eaten all the cheese. You haven&#8217;t heard the worst thing yet.\r\n<h2>Frage<\/h2>\r\nDie Frage im Perfekt bedient sich ebenfalls der Umschreibung mit dem Hilfsverb <b>have<\/b>. Das Hauptverb wird in das <b>Partizip Perfect (Past Participle)<\/b> gesetzt .\r\n<table class=\"table table-bordered table-sm\">\r\n<tbody>\r\n<tr class=\"table-danger\">\r\n<td colspan=\"3\"><b>Frage<\/b><\/td>\r\n<\/tr>\r\n<tr class=\"table-info\">\r\n<td><b><i>Has<\/i><\/b><\/td>\r\n<td><b><i><\/i>he\/she\/it<\/b><\/td>\r\n<td><b><i>watched?<\/i><\/b><\/td>\r\n<\/tr>\r\n<tr class=\"table-success\">\r\n<td><b><i>Have<\/i><\/b><\/td>\r\n<td><b><i>I\/we\/you\/they<\/i><\/b><\/td>\r\n<td><b><i>watched?<\/i><\/b><\/td>\r\n<\/tr>\r\n<\/tbody>\r\n<\/table>\r\n<br \/>\r\nHave you seen the  movie last night? Has Jill gone to school in England? Have they had breakast yet? Have we packed all for our trip?\r\n<h2>Gebrauch<\/h2>\r\nDas <i>Perfekt<\/i> wird im Englischen verwendet, wenn eine Handlung in der Vergangenheit begonnen hat, und bis in die Gegenwart andauert. Im Gegensatz zum Deutschen, ist die normale Erz\u00e4hlzeit im Englischen nicht das Perfekt, sondern das <i>Simple Past<\/i>. Hierbei k\u00f6nnen gro\u00dfe Probleme entstehen. Denn aus diesem Grund neigen Deutsch im Englischen anstelle der einfachen Vergangenheit eher das Present Perfect zu benutzen. Merke benutze im Englischen das Perfekt nur dann, wenn ein Bezug zur Gegenwart besteht.\r\n<i>\r\nHe has played football all his life. &#8211; Er hat sein ganzes Leben lang Fu\u00dfball gespielt.\r\nI have always liked you. &#8211; Ich habe dich immer gemocht. <\/i>\r\n<br \/>\r\n<h2>Signalw\u00f6rter<\/h2>\r\n<table class=\"table table-bordered table-sm\">\r\n<tbody>\r\n<tr class=\"table-danger\">\r\n<td><b>Signalw\u00f6rter<\/b><\/td>\r\n<\/tr>\r\n<tr class=\"table-success\">\r\n<td><b><i> before, always, yet, since, for, already never, ever <\/i><\/b><\/td>\r\n<\/tr>\r\n<\/tbody>\r\n<\/table>\r\n<br \/>\r\n\r\n<img decoding=\"async\" loading=\"lazy\" class=\"alignnone size-full wp-image-2190\" src=\"https:\/\/english-munich.de\/training\/wp-content\/uploads\/2020\/06\/present-perfect-1.jpg\" alt=\"present perfect\" width=\"400\" height=\"1000\" srcset=\"https:\/\/english-munich.de\/training\/wp-content\/uploads\/2020\/06\/present-perfect-1.jpg 400w, https:\/\/english-munich.de\/training\/wp-content\/uploads\/2020\/06\/present-perfect-1-120x300.jpg 120w, https:\/\/english-munich.de\/training\/wp-content\/uploads\/2020\/06\/present-perfect-1-8x20.jpg 8w\" sizes=\"(max-width: 400px) 100vw, 400px\" \/>\r\n\r\n<\/div>","protected":false},"excerpt":{"rendered":"\u00dcbungen und Erkl\u00e4rungen im Present Perfect Present Perfect im Englischen \u00dcbungen im Present Perfect: Aussagesatz bejaht Die Bildung des Perfekt im Englischen macht keine allzu gro\u00dfen Probleme. Genau wie im Deutschen wird einfach das Hilfsverb have in Verbindung mit dem Partizip Perfekt (Past Participle) benutzt. Aussagesatz bejaht he\/she\/it has watched. I\/we\/you\/they have watched. I have [&hellip;]","protected":false},"author":3,"featured_media":0,"parent":0,"menu_order":0,"comment_status":"closed","ping_status":"closed","template":"","meta":[],"_links":{"self":[{"href":"https:\/\/english-munich.de\/training\/wp-json\/wp\/v2\/pages\/1623"}],"collection":[{"href":"https:\/\/english-munich.de\/training\/wp-json\/wp\/v2\/pages"}],"about":[{"href":"https:\/\/english-munich.de\/training\/wp-json\/wp\/v2\/types\/page"}],"author":[{"embeddable":true,"href":"https:\/\/english-munich.de\/training\/wp-json\/wp\/v2\/users\/3"}],"replies":[{"embeddable":true,"href":"https:\/\/english-munich.de\/training\/wp-json\/wp\/v2\/comments?post=1623"}],"version-history":[{"count":27,"href":"https:\/\/english-munich.de\/training\/wp-json\/wp\/v2\/pages\/1623\/revisions"}],"predecessor-version":[{"id":11195,"href":"https:\/\/english-munich.de\/training\/wp-json\/wp\/v2\/pages\/1623\/revisions\/11195"}],"wp:attachment":[{"href":"https:\/\/english-munich.de\/training\/wp-json\/wp\/v2\/media?parent=1623"}],"curies":[{"name":"wp","href":"https:\/\/api.w.org\/{rel}","templated":true}]}}