{"id":1621,"date":"2020-05-20T17:00:34","date_gmt":"2020-05-20T17:00:34","guid":{"rendered":"https:\/\/english-munich.de\/training\/?page_id=1621"},"modified":"2022-03-21T06:24:34","modified_gmt":"2022-03-21T06:24:34","slug":"simple-past","status":"publish","type":"page","link":"https:\/\/english-munich.de\/training\/simple-past\/","title":{"rendered":"Simple Past"},"content":{"rendered":"<div class=\"container well\">\r\n<h1>\u00dcbungen und Erkl\u00e4rungen im Simple Past<\/h1>\r\nSimple Past &#8211; Bildung &#8211; \u00dcbungen und Erkl\u00e4rungen.\r\n<hr>\r\n\r\n<h3>Simple Past \u00dcbungen:<\/h3>\r\n<div id=\"bellows-main-15\" class=\"bellows bellows-nojs bellows-main bellows-source-menu bellows-align-full bellows-skin-vanilla bellows-type-\"><ul id=\"menu-simple-past\" class=\"bellows-nav\" data-bellows-config=\"main\"><li id=\"menu-item-3681\" class=\"bellows-menu-item bellows-menu-item-type-post_type bellows-menu-item-object-page bellows-menu-item-3681 bellows-item-level-0\"><a  href=\"https:\/\/english-munich.de\/training\/simple-past-aussagesatz-bejaht\/\" class=\"bellows-target\"><span class=\"bellows-target-title bellows-target-text\">\u270d\ufe0fSimple Past \u2013 bejaht<\/span><\/a><\/li>\n<li id=\"menu-item-3686\" class=\"bellows-menu-item bellows-menu-item-type-post_type bellows-menu-item-object-page bellows-menu-item-3686 bellows-item-level-0\"><a  href=\"https:\/\/english-munich.de\/training\/simple-past-verneinung\/\" class=\"bellows-target\"><span class=\"bellows-target-title bellows-target-text\">\u2611\ufe0fSimple Past Verneinung<\/span><\/a><\/li>\n<li id=\"menu-item-3683\" class=\"bellows-menu-item bellows-menu-item-type-post_type bellows-menu-item-object-page bellows-menu-item-3683 bellows-item-level-0\"><a  href=\"https:\/\/english-munich.de\/training\/simple-past-frage\/\" class=\"bellows-target\"><span class=\"bellows-target-title bellows-target-text\">\u270d\ufe0fSimple Past Frage<\/span><\/a><\/li>\n<li id=\"menu-item-3684\" class=\"bellows-menu-item bellows-menu-item-type-post_type bellows-menu-item-object-page bellows-menu-item-3684 bellows-item-level-0\"><a  href=\"https:\/\/english-munich.de\/training\/simple-past-gemischt\/\" class=\"bellows-target\"><span class=\"bellows-target-title bellows-target-text\">\ud83d\uddb1\ufe0fSimple Past gemischt<\/span><\/a><\/li>\n<li id=\"menu-item-11423\" class=\"bellows-menu-item bellows-menu-item-type-post_type bellows-menu-item-object-page bellows-menu-item-11423 bellows-item-level-0\"><a  href=\"https:\/\/english-munich.de\/training\/be-simple-past-uebungen\/\" class=\"bellows-target\"><span class=\"bellows-target-title bellows-target-text\">\u2611\ufe0fbe Simple Past \u00dcbungen<\/span><\/a><\/li>\n<li id=\"menu-item-11431\" class=\"bellows-menu-item bellows-menu-item-type-post_type bellows-menu-item-object-page bellows-menu-item-11431 bellows-item-level-0\"><a  href=\"https:\/\/english-munich.de\/training\/simple-past-ausnahmen-uebungen\/\" class=\"bellows-target\"><span class=\"bellows-target-title bellows-target-text\">\u270d\ufe0fSimple Past Ausnahmen<\/span><\/a><\/li>\n<li id=\"menu-item-3685\" class=\"bellows-menu-item bellows-menu-item-type-post_type bellows-menu-item-object-page bellows-menu-item-3685 bellows-item-level-0\"><a  href=\"https:\/\/english-munich.de\/training\/simple-past-unregelmasige-verben\/\" class=\"bellows-target\"><span class=\"bellows-target-title bellows-target-text\">\u270d\ufe0fSimple Past unregelm\u00e4\u00dfig<\/span><\/a><\/li>\n<\/ul><\/div>\r\n<h2>Aussagesatz bejaht<\/h2>\r\n<br \/>\r\n\r\nDie Bildung der einfachen Vergangenheit im Englischen macht keine allzu gro\u00dfen Probleme. Wenn das Verb regelm\u00e4\u00dfig ist, muss lediglich an die Grundform die Endung <b>-ed<\/b> angeh\u00e4ngt werden.<br \/>\r\n<table class=\"table table-bordered table-sm\">\r\n<tbody>\r\n<tr class=\"table-danger\">\r\n<td colspan=\"2\">\r\n<b>Simple Past Aussagesatz bejaht<\/b><\/td>\r\n<\/tr>\r\n<tr class=\"table-info\">\r\n<td>\r\n  I\/you\/he\/she\/it\/we\/they<\/td>\r\n<td>\r\n  <b><i>watched<\/i><\/b><\/td>\r\n<\/tr>\r\n<\/tbody>\r\n<\/table>\r\nI worked here. My sister worked in Wolverhampton.\r\nWe both liked hamburgers. My sister liked them medium-rare.\r\n<table class=\"table table-bordered table-sm\">\r\n<tbody>\r\n<tr class=\"table-danger\">\r\n<td colspan=\"4\">\r\n<b>Stummes  <i>-e<\/i> entf\u00e4llt vor <i>-ed<\/i><\/b><\/td>\r\n<\/tr>\r\n<tr class=\"table-info\">\r\n<td>\r\n  <b><i>arrive<\/i><\/b><\/td>\r\n<td>\r\n  <b><i>live<\/i><\/b><\/td>\r\n<td>\r\n  <b><i>phone<\/i><\/b><\/td>\r\n<td>\r\n  <b><i>prove<\/i><\/b><\/td>\r\n<\/tr>\r\n<tr class=\"table-success\">\r\n<td>\r\n  <b><i>arrived<\/i><\/b><\/td>\r\n<td>\r\n  <b><i>lived<\/i><\/b><\/td>\r\n<td>\r\n  <b><i>phoned<\/i><\/b><\/td>\r\n<td>\r\n  <b><i>proved<\/i><\/b><\/td>\r\n<\/tr>\r\n<\/tbody>\r\n<\/table>\r\n<table class=\"table table-bordered table-sm\">\r\n<tbody>\r\n<tr class=\"table-danger\">\r\n<td colspan=\"4\">\r\n<b>nach einem Konsonanten wird die Endung <i>-y + -ed<\/i> zu <i>-ied<\/i><\/b><\/td>\r\n<\/tr>\r\n<tr class=\"table-info\">\r\n<td>\r\n  <b><i>cry<\/i><\/b><\/td>\r\n<td>\r\n  <b><i>worry<\/i><\/b><\/td>\r\n<td>\r\n  <b><i>hurry<\/i><\/b><\/td>\r\n<td>\r\n  <b><i>study<\/i><\/b><\/td>\r\n<\/tr>\r\n<tr class=\"table-success\">\r\n<td>\r\n  <b><i>cried<\/i><\/b><\/td>\r\n<td>\r\n  <b><i>worried<\/i><\/b><\/td>\r\n<td>\r\n  <b><i>hurried<\/i><\/b><\/td>\r\n<td>\r\n  <b><i>studied<\/i><\/b><\/td>\r\n<\/tr>\r\n<\/tbody>\r\n<\/table>\r\n<table class=\"table table-bordered table-sm\">\r\n<tbody>\r\n<tr class=\"table-danger\">\r\n<td colspan=\"5\">\r\n<b>die Verb <i>be<\/i> hat besondere Formen:<\/b><\/td>\r\n<\/tr>\r\n<tr class=\"table-info\">\r\n<td>\r\n  I\/he\/she it<\/td>\r\n<td>\r\n  <b><i>was<\/i><\/b><\/td>\r\n<\/tr>\r\n<tr class=\"table-success\">\r\n<td>we\/you\/they<\/td>\r\n<td>\r\n  <b><i>were<\/i><\/b><\/td>\r\n<\/tr>\r\n<\/tbody>\r\n<\/table>\r\n<br \/>\r\n<h2>Simple Past Aussagesatz verneint<\/h2>\r\nDie englische Sprache verneint in der einfachen Vergangenheit mit dem Hilfsverb do in seiner verneinten Form in der Vergangenheit. W\u00f6rtlich w\u00fcrde &#8222;Ich trank nicht&#8220; im Englischen mit &#8222;Ich tat nicht trinken&#8220; (I did not drink) \u00fcbersetzt werden. Das Hauptverb bleibt in der <b>Grundform<\/b>.\r\n<table class=\"table table-bordered table-sm\">\r\n<tbody>\r\n<tr class=\"table-danger\">\r\n<td colspan=\"3\">\r\n<b>Verneinung im Simple Past mit <i>did not<\/i> bzw. <i>didn&#8217;t<\/i><\/b><\/td>\r\n<\/tr>\r\n<tr class=\"table-info\">\r\n<td>\r\n  I\/you\/we\/he\/she\/it\/they<\/td>\r\n<td>\r\n  <b><i>did not \/ didn&#8217;t<\/i><\/b><\/td>\r\n<td>\r\n  <b><i>drink.<\/i><\/b><\/td>\r\n<\/tr>\r\n<\/tbody>\r\n<\/table>\r\n<b>Vorsicht:<\/b> viele freuen sich, dass sie erkannt haben bei he\/she\/it &#8222;did not\/didn&#8217;t&#8220; verwenden zu m\u00fcssen. So f\u00fcgen viele im Eifer des Gefechts beim Hauptverb ebenfalls ein <b>-ed<\/b> hinzu: <b><del> She didn&#8217;t watched<\/del><\/b>.<br \/>\r\n<h2>Frage<\/h2>\r\nDie Frage im Simple Past bedient sich ebenfalls der Umschreibung mit dem Hilfsverb <b>do<\/b> in der Vergangenheit \u2794 <b>did<\/b>.\r\n<table class=\"table table-bordered table-sm\">\r\n<tbody>\r\n<tr class=\"table-danger\">\r\n<td colspan=\"3\">\r\n<b>Frage im Simple Past mit <i>did <\/i><\/b><\/td>\r\n<\/tr>\r\n<tr class=\"table-info\">\r\n<td>\r\n  Did<\/td>\r\n<td>\r\n  <b><i>I\/you\/he\/she\/it\/we\/they<\/i><\/b><\/td>\r\n<td>\r\n  <b><i>drink?<\/i><\/b><\/td>\r\n<\/tr>\r\n<\/tbody>\r\n<\/table>\r\nAus hier gilt wieder durch das <b>Hilfsverb did<\/b> ist die Vergangenheitsform ausreichend definiert. Ein weiteres -ed am Hauptverb ist \u00fcberfl\u00fcssig. <b><del>Did she watched?<\/del><\/b>\r\n<h2>Gebrauch<\/h2>\r\nDas Imperfekt wird im <a href=\"https:\/\/de.wikipedia.org\/wiki\/Englische_Sprache\">Englischen<\/a> verwendet, wenn eine Handlung einmalig zu einem gewissen Zeitpunkt in der Vergangheit erfolgt.\r\n<i>\r\nHe played football yesterday. &#8211; Er spielte gestern Fussball.\r\nHe ate to much chocolate. &#8211; Er a\u00df zu viel Schokolade. (bei einer Gelegenheit)\r\nShe practiced the violin last week. &#8211; Sie spielte letzte Woche Geige.\r\n<\/i>\r\nVorsicht: Im Deutschen, besonders in S\u00fcddeutschland, ist die normale Erz\u00e4hlzeit in der Vergangenheit ist das Perfekt. Deswegen neigen viele Deutsche, anstelle der einfachen Vergangenheit das Present Perfect zu verwenden. Die normale Erz\u00e4hlzeit im Englischen ist jedoch die <b>erste Vergangenheit<\/b>\r\n<h2>Signalw\u00f6rter<\/h2>\r\n<table class=\"table table-bordered table-sm\">\r\n<tbody>\r\n<tr class=\"table-danger\">\r\n<td>\r\n<b>Signalw\u00f6rter<\/b><\/td>\r\n<\/tr>\r\n<tr class=\"table-success\">\r\n<td>\r\n<b><i> yesterday, last week, ago, every day, in 2010, this morning<\/i><\/b><\/td>\r\n<\/tr>\r\n<\/tbody>\r\n<\/table>\r\n<br \/>\r\n<img decoding=\"async\" class=\"img-responsive img-rounded\" title=\"Simple Past\" src=\"https:\/\/english-munich.de\/training\/wp-content\/uploads\/2020\/05\/simple-past-regular.jpg\" loading=\"lazy&quot;\" alt=\"Simple Past Aussagesatz\">\r\n<h2>unregelm\u00e4\u00dfige Verben<\/h2>\r\nWeiterhin sind viele Verben der englischen Sprache sind im Imperfekt unregelm\u00e4\u00dfig.\r\nAuch diese musst du leider lernen.\ud83e\udd2e\r\nDeswegen hier eine kleine \u00dcbersicht der wichtigsten unregelm\u00e4\u00dfigen Verben in der einfachen Vergangenheit:\r\n<div class=\"modal-body\"><img decoding=\"async\" class=\"img-responsive img-rounded\" title=\"Simple Past unregelm\u00e4\u00dfige Verben\" src=\"https:\/\/english-munich.de\/training\/wp-content\/uploads\/2020\/05\/unregelm\u00e4\u00dfige-Verben-simple-past.jpg\" alt=\"Simple Past unregelm\u00e4\u00dfige Verben\"><\/div>\r\n<\/div>","protected":false},"excerpt":{"rendered":"\u00dcbungen und Erkl\u00e4rungen im Simple Past Simple Past &#8211; Bildung &#8211; \u00dcbungen und Erkl\u00e4rungen. Simple Past \u00dcbungen: Aussagesatz bejaht Die Bildung der einfachen Vergangenheit im Englischen macht keine allzu gro\u00dfen Probleme. Wenn das Verb regelm\u00e4\u00dfig ist, muss lediglich an die Grundform die Endung -ed angeh\u00e4ngt werden. Simple Past Aussagesatz bejaht I\/you\/he\/she\/it\/we\/they watched I worked here. [&hellip;]","protected":false},"author":3,"featured_media":0,"parent":0,"menu_order":0,"comment_status":"closed","ping_status":"closed","template":"","meta":[],"_links":{"self":[{"href":"https:\/\/english-munich.de\/training\/wp-json\/wp\/v2\/pages\/1621"}],"collection":[{"href":"https:\/\/english-munich.de\/training\/wp-json\/wp\/v2\/pages"}],"about":[{"href":"https:\/\/english-munich.de\/training\/wp-json\/wp\/v2\/types\/page"}],"author":[{"embeddable":true,"href":"https:\/\/english-munich.de\/training\/wp-json\/wp\/v2\/users\/3"}],"replies":[{"embeddable":true,"href":"https:\/\/english-munich.de\/training\/wp-json\/wp\/v2\/comments?post=1621"}],"version-history":[{"count":24,"href":"https:\/\/english-munich.de\/training\/wp-json\/wp\/v2\/pages\/1621\/revisions"}],"predecessor-version":[{"id":11136,"href":"https:\/\/english-munich.de\/training\/wp-json\/wp\/v2\/pages\/1621\/revisions\/11136"}],"wp:attachment":[{"href":"https:\/\/english-munich.de\/training\/wp-json\/wp\/v2\/media?parent=1621"}],"curies":[{"name":"wp","href":"https:\/\/api.w.org\/{rel}","templated":true}]}}