{"id":1528,"date":"2020-05-20T12:10:53","date_gmt":"2020-05-20T12:10:53","guid":{"rendered":"https:\/\/english-munich.de\/training\/?page_id=1528"},"modified":"2024-09-05T10:57:18","modified_gmt":"2024-09-05T10:57:18","slug":"simple-present-present-progressive-unterschied-ii","status":"publish","type":"page","link":"https:\/\/english-munich.de\/training\/simple-present-present-progressive-unterschied-ii\/","title":{"rendered":"Simple Present  Present Progressive Unterschied II"},"content":{"rendered":"<div class=\"jumbotron text-center\">\r\n<h2>Simple Present \/ Present Progressive Unterschied Aufgaben<\/h2>\r\n\u00dcbungen zum Unterschied zwischen Simple Present und Present Progressive (-ing Form)\r\n\r\n<\/div>\r\n<div class=\"bs-example\">\r\n<div id=\"accordionExample\" class=\"accordion\">\r\n<div class=\"card\">\r\n<div id=\"headingOne\" class=\"card-header\">\r\n<h2 class=\"number\"><button class=\"btn btn-link collapsed\" type=\"button\" data-toggle=\"collapse\" data-target=\"#collapseOne\">Beispiel<\/button><\/h2>\r\n<\/div>\r\n<div id=\"collapseOne\" class=\"collapse\" aria-labelledby=\"headingOne\" data-parent=\"#accordionExample\">\r\n<div class=\"card-body\">\r\n<div class=\"form-group\" style=\"width: 70%; margin: 10px;\"><label for=\"sel1\"><span class=\"number\">\u24ff<\/span>Mr. Black __________ the shopping himself.<\/label>\r\n<select id=\"beispiel\" class=\"form-control\">\r\n<option value=\"wrong\">don&#8217;t do<\/option>\r\n<option value=\"correct\">doesn&#8217;t do<\/option>\r\n<option value=\"wrong\">doesn&#8217;t <\/option>\r\n<\/select>\r\n\r\nDie richtige L\u00f6sung ist: <b>&#8222;doesn&#8217;t do&#8220;<\/b>&nbsp;&nbsp;<button class=\"btn-lg btn-info\" type=\"button\" value=\"submit\" data-toggle=\"modal\" data-target=\"#myModal\">Tipp<\/button>\r\n\r\n<\/div>\r\n<\/div>\r\n<\/div>\r\n<\/div>\r\n<\/div>\r\n<br \/><br \/>\r\n<div class=\"container well\">\r\n<h4>\u2611\ufe0f W\u00e4hle die richtige Option des <i>Simple Present  (einfache Gegenwart) oder Present Progressive (-ing Form) <\/i>Achte auf die Signalw\u00f6rter!:<\/h4>\r\n\r\n\r\n<hr>\r\n\r\n<br \/>\r\n<div class=\"container-fluid\">\r\n<div class=\"form-group\" style=\"width: 70%;\"><label for=\"sel1\"><span class=\"number\">\u2776<\/span>Maria __________ at the office every day.<\/label>\r\n<select id=\"q0\" class=\"form-control\"><option value=\"wrong\"><\/option>\r\n<option value=\"wrong\">isn&#8217;t working<\/option>\r\n<option value=\"correct\">doesn&#8217;t work<\/option>\r\n<option value=\"wrong\">doesn&#8217;t works<\/option>\r\n<\/select>\r\n<p id=\"correct0\" align=\"left\"><\/p>\r\n<a class=\"btn btn-success tipp0 hidden\" style=\"text-decoration: none, color:white;\" title=\"Maria doesn't work...\" href=\"#0\" data-toggle=\"popover\" data-placement=\"top\" data-trigger=\"hover\" data-content=\"Der Ausdruck 'every day' bedeutet, dass Maria etwas regelm\u00e4\u00dfig tut, deswegen 'Simple Present'.\">Tipp<\/a>\r\n\r\n<\/div>\r\n<div class=\"form-group\" style=\"width: 70%;\"><label for=\"sel1\"><span class=\"number\">\u2777<\/span>It __________ at the moment.<\/label>\r\n<select id=\"q1\" class=\"form-control\"><option value=\"wrong\"><\/option>\r\n<option value=\"correct\">isn&#8217;t raining<\/option>\r\n<option value=\"wrong\">doesn&#8217;t rain<\/option>\r\n<option value=\"wrong\">raining not<\/option>\r\n<\/select>\r\n<p id=\"correct1\" align=\"left\"><\/p>\r\n<a class=\"btn btn-success tipp1 hidden\" style=\"text-decoration: none, color:white;\" title=\"It isn't raining...\" href=\"#1\" data-toggle=\"popover\" data-placement=\"top\" data-trigger=\"hover\" data-content=\"Der Ausdruck 'at the moment' bedeutet, dass etwas gerade jetzt passiert, deswegen 'Present Progressive'.\">Tipp<\/a>\r\n\r\n<\/div>\r\n<div class=\"form-group\" style=\"width: 70%;\"><label for=\"sel1\"><span class=\"number\">\u2778<\/span>I usually __________ chess on Monday.<\/label>\r\n<select id=\"q2\" class=\"form-control\"><option value=\"wrong\"><\/option>\r\n<option value=\"wrong\">am playing<\/option>\r\n<option value=\"correct\">play<\/option>\r\n<option value=\"wrong\">playing<\/option>\r\n<\/select>\r\n<p id=\"correct2\" align=\"left\"><\/p>\r\n<a class=\"btn btn-success tipp2 hidden\" style=\"text-decoration: none, color:white;\" title=\"I usually play...\" href=\"#2\" data-toggle=\"popover\" data-placement=\"top\" data-trigger=\"hover\" data-content=\"Der Ausdruck 'ususally' bedeutet, dass etwas regelm\u00e4\u00dfig passiert, deswegen 'Simple Present'.\">Tipp<\/a>\r\n\r\n<\/div><br \/>\r\n<div class=\"iframe-container\"><iframe loading=\"lazy\" width=\"560\" height=\"315\" src=\"https:\/\/www.youtube.com\/embed\/BkLr6d2vl7M?si=rlXWUIFaO_7scBKS\" title=\"YouTube video player\" frameborder=\"0\" allow=\"accelerometer; autoplay; clipboard-write; encrypted-media; gyroscope; picture-in-picture; web-share\" referrerpolicy=\"strict-origin-when-cross-origin\" allowfullscreen><\/iframe><\/div><br \/>\r\n<div class=\"form-group\" style=\"width: 70%;\"><label for=\"sel1\"><span class=\"number\">\u2779<\/span>Currently my parents __________ at the Caesar&#8217;s Palace.<\/label>\r\n<select id=\"q3\" class=\"form-control\"><option value=\"wrong\"><\/option>\r\n<option value=\"wrong\">stay<\/option>\r\n<option value=\"correct\">are staying<\/option>\r\n<option value=\"wrong\">don&#8217;t staying<\/option>\r\n<\/select>\r\n<p id=\"correct3\" align=\"left\"><\/p>\r\n<a class=\"btn btn-success tipp3 hidden\" style=\"text-decoration: none, color:white;\" title=\"My parents are staying...\" href=\"#3\" data-toggle=\"popover\" data-placement=\"top\" data-trigger=\"hover\" data-content=\"'Stay' bedeutet vorr\u00fcbergehend 'bleiben'. Au\u00dferdem ist 'currently' einers der typischen Signalw\u00f6rter des 'Present Progressive'. Deswegen 'Present Progressive' \u2794 'are staying'.\">Tipp<\/a>\r\n\r\n<\/div>\r\n<div class=\"form-group\" style=\"width: 70%;\"><label for=\"sel1\"><span class=\"number\">\u277a<\/span>They __________to their teacher now.<\/label>\r\n<select id=\"q4\" class=\"form-control\"><option value=\"wrong\"><\/option>\r\n<option value=\"wrong\">don&#8217;t listening<\/option>\r\n<option value=\"wrong\">don&#8217;t listen<\/option>\r\n<option value=\"correct\">aren&#8217;t listening<\/option>\r\n<\/select>\r\n<p id=\"correct4\" align=\"left\"><\/p>\r\n<a class=\"btn btn-success tipp4 hidden\" style=\"text-decoration: none, color:white;\" title=\"They aren't listening...\" href=\"#4\" data-toggle=\"popover\" data-placement=\"top\" data-trigger=\"hover\" data-content=\"'Der Ausdruck 'now' bedeutet, dass etwas gerade im Moment passiert, deswegen 'Present Progressive'.\">Tipp<\/a>\r\n\r\n<\/div>\r\n<div class=\"form-group\" style=\"width: 70%;\"><label for=\"sel1\"><span class=\"number\">\u277b<\/span>Ms.Brown never __________ her lawn.<\/label>\r\n<select id=\"q5\" class=\"form-control\"><option value=\"wrong\"><\/option>\r\n<option value=\"wrong\"> is mowing<\/option>\r\n<option value=\"wrong\">mow<\/option>\r\n<option value=\"correct\">mows<\/option>\r\n<\/select>\r\n<p id=\"correct5\" align=\"left\"><\/p>\r\n<a class=\"btn btn-success tipp5 hidden\" style=\"text-decoration: none, color:white;\" title=\"Ms.Brown never mows...\" href=\"#5\" data-toggle=\"popover\" data-placement=\"top\" data-trigger=\"hover\" data-content=\"'Der Ausdruck 'never' bedeutet, dass etwas regelm\u00e4\u00dfig nicht passiert, deswegen 'Simple Present'.\">Tipp<\/a>\r\n\r\n<\/div>\r\n<div class=\"form-group\" style=\"width: 70%;\"><label for=\"sel1\"><span class=\"number\">\u277c<\/span> The Smiths usually __________ on vacation to Ireland.<\/label>\r\n<select id=\"q6\" class=\"form-control\"><option value=\"wrong\"><\/option>\r\n<option value=\"correct\">go<\/option>\r\n<option value=\"wrong\">are going<\/option>\r\n<option value=\"wrong\">is going<\/option>\r\n<\/select>\r\n<p id=\"correct6\" align=\"left\"><\/p>\r\n<a class=\"btn btn-success tipp6 hidden\" style=\"text-decoration: none, color:white;\" title=\"The Smiths go...\" href=\"#6\" data-toggle=\"popover\" data-placement=\"top\" data-trigger=\"hover\" data-content=\"Der Ausdruck 'usually' bedeutet, dass etwas regelm\u00e4\u00dfig passiert, deswegen 'Simple Present'.\">Tipp<\/a>\r\n\r\n<\/div>\r\n<div class=\"form-group\" style=\"width: 70%;\"><label for=\"sel1\"><span class=\"number\">\u277d<\/span> How __________ to school today?<\/label>\r\n<select id=\"q7\" class=\"form-control\"><option value=\"wrong\"><\/option>\r\n<option value=\"wrong\">does you get<\/option>\r\n<option value=\"wrong\">do you get<\/option>\r\n<option value=\"correct\">are you getting<\/option>\r\n<\/select>\r\n<p id=\"correct7\" align=\"left\"><\/p>\r\n<a class=\"btn btn-success tipp7 hidden\" style=\"text-decoration: none, color:white;\" title=\"How are you getting...\" href=\"#7\" data-toggle=\"popover\" data-placement=\"top\" data-trigger=\"hover\" data-content=\"Der Ausdruck 'today' bedeutet, dass etwas vorr\u00fcbergehend passiert, deswegen 'Present Progressive'.\">Tipp<\/a>\r\n\r\n<\/div>\r\n<div class=\"form-group\" style=\"width: 70%;\"><label for=\"sel1\"><span class=\"number\">\u277e<\/span> She __________ her Opel Manta now<\/label>\r\n<select id=\"q8\" class=\"form-control\"><option value=\"wrong\"><\/option>\r\n<option value=\"correct\">is starting<\/option>\r\n<option value=\"wrong\">starts<\/option>\r\n<option value=\"wrong\">is start<\/option>\r\n<\/select>\r\n<p id=\"correct8\" align=\"left\"><\/p>\r\n<a class=\"btn btn-success tipp8 hidden\" style=\"text-decoration: none, color:white;\" title=\"She is starting...\" href=\"#8\" data-toggle=\"popover\" data-placement=\"top\" data-trigger=\"hover\" data-content=\"Der Ausdruck 'now' bedeutet, dass etwas vorr\u00fcbergehend passiert, deswegen 'Present Progressive'.\">Tipp<\/a>\r\n\r\n<\/div>\r\n<div class=\"form-group\" style=\"width: 70%;\"><label for=\"sel1\"><span class=\"number\">\u277f<\/span> Our neighbors ________ what to do.<\/label>\r\n<select id=\"q9\" class=\"form-control\"><option value=\"wrong\"><\/option>\r\n<option value=\"correct\">don&#8217;t know<\/option>\r\n<option value=\"wrong\">don&#8217;t knowing<\/option>\r\n<option value=\"wrong\">isn&#8217;t knowing<\/option>\r\n<\/select>\r\n<p id=\"correct9\" align=\"left\"><\/p>\r\n<a class=\"btn btn-success tipp9 hidden\" style=\"text-decoration: none, color:white;\" title=\"Our neighbors don't know...\" href=\"#9\" data-toggle=\"popover\" data-placement=\"top\" data-trigger=\"hover\" data-content=\"'Know' ist ein 'statisches Verb' d.h. es wird niemals im 'Present Progressive' verwendet.\">Tipp<\/a>\r\n\r\n<\/div>\r\n<\/div>\r\n<div class=\"container\">\r\n\r\n<!-- The Modal -->\r\n<div id=\"myModal\" class=\"modal\">\r\n<div class=\"modal-dialog\">\r\n<div class=\"modal-content\">\r\n\r\n<!-- Modal Header -->\r\n<div class=\"modal-header\">\r\n<h4 class=\"modal-title\">Simple Present \/ Present Progressive Unterschied<\/h4>\r\n<button class=\"close\" type=\"button\" data-dismiss=\"modal\">\u00d7<\/button>\r\n\r\n<\/div>\r\n<!-- Modal body -->\r\n<div class=\"modal-body\"><h2>Gebrauch Simple Present<\/h2>\r\nDas Simple Present wird benutzt, wenn eine Aktion gewohnheitsm\u00e4\u00dfig und mehr als einmal in der Gegenwart(Pr\u00e4sens) stattfindet.\r\n<h2>Signalw\u00f6rter<\/h2>\r\n<table class=\"table table-bordered table-sm\">\r\n<tbody>\r\n<tr class=\"table-danger\">\r\n<td>\r\n<b>Signalw\u00f6rter Simple Present<\/b><\/td>\r\n<\/tr>\r\n<tr class=\"table-success\">\r\n<td>\r\n<b><i>sometimes, never, usually, always, every day, often, mostly<\/i><\/b><\/td>\r\n<\/tr>\r\n<\/tbody>\r\n<\/table>\r\n<h2>Present Progressive Gebrauch<\/h2>\r\nDas Present Progressive wird verwendet, wenn eine Handlung gerade im Moment oder vorr\u00fcbergehend stattfindet.\r\n<h2>Signalw\u00f6rter<\/h2>\r\n<table class=\"table table-bordered table-sm\">\r\n<tbody>\r\n<tr class=\"table-danger\">\r\n<td>\r\n<b>Signalw\u00f6rter Present Progressive<\/b><\/td>\r\n<\/tr>\r\n<tr class=\"table-success\">\r\n<td>\r\n<b><i> now, at the moment, just, today, this week, this year<\/i><\/b><\/td>\r\n<\/tr>\r\n<\/tbody>\r\n<\/table><\/div>\r\n<!-- Modal footer -->\r\n<div class=\"modal-footer\"><button class=\"btn btn-danger\" type=\"button\" data-dismiss=\"modal\">Close<\/button><\/div>\r\n<\/div>\r\n<\/div>\r\n<\/div>\r\n<\/div>\r\n<\/div>\r\n\r\n<hr>\r\n\r\n<div class=\"container\"><button id=\"submitButton\" class=\"btn-lg btn-primary \" type=\"submit\" value=\"submit\">Pr\u00fcfen<\/button><button id=\"resetButton\" class=\"btn-lg btn-success\" type=\"submit\" onclick=\"refreshPage()\">Neustart<\/button><button id=\"submitButton\" class=\"btn-lg btn-info\" type=\"submit\" value=\"submit\" data-toggle=\"modal\" data-target=\"#myModal\">Tipp<\/button>\r\n\r\n<\/div>\r\n\r\n<hr>\r\n\r\n\r\n\r\n<p id=\"result\"><\/p>\r\n<p id=\"result2\"><\/p>\r\n<hr><br \/>\r\n<a href=\"https:\/\/english-munich.de\/training\/wp-content\/uploads\/2022\/04\/Arbeitsblaetter-Simpe-Present-Present-Progressive-Unterschied.zip\">Arbeitsbl\u00e4tter Simple Present Present Progressive Unterschied <i class=\"fa fa-download\" aria-hidden=\"true\"><\/i><\/a>\r\n<br \/><br \/>\r\n<h3>Alle \u00dcbungen Unterschied Simple Present \/ Progressive<\/h3>\r\n<div id=\"bellows-main-19\" class=\"bellows bellows-nojs bellows-main bellows-source-menu bellows-align-full bellows-skin-vanilla bellows-type-\"><ul id=\"menu-present-simple-continous\" class=\"bellows-nav\" data-bellows-config=\"main\"><li id=\"menu-item-3818\" class=\"bellows-menu-item bellows-menu-item-type-post_type bellows-menu-item-object-page bellows-menu-item-3818 bellows-item-level-0\"><a  href=\"https:\/\/english-munich.de\/training\/simple-present-present-progressive-signalworter\/\" class=\"bellows-target\"><span class=\"bellows-target-title bellows-target-text\">\u2611\ufe0fSimple Present \/ Present Progressive Signalw\u00f6rter<\/span><\/a><\/li>\n<li id=\"menu-item-3816\" class=\"bellows-menu-item bellows-menu-item-type-post_type bellows-menu-item-object-page bellows-menu-item-3816 bellows-item-level-0\"><a  href=\"https:\/\/english-munich.de\/training\/simple-present-present-progressive-unterschied-ii\/\" class=\"bellows-target\"><span class=\"bellows-target-title bellows-target-text\">\u2611\ufe0fSimple Present  Present Progressive Unterschied<\/span><\/a><\/li>\n<li id=\"menu-item-11112\" class=\"bellows-menu-item bellows-menu-item-type-post_type bellows-menu-item-object-page bellows-menu-item-11112 bellows-item-level-0\"><a  href=\"https:\/\/english-munich.de\/training\/simple-present-present-progressive-unterschied-ii-2\/\" class=\"bellows-target\"><span class=\"bellows-target-title bellows-target-text\">\u2611\ufe0fSimple Present  Present Progressive Unterschied II<\/span><\/a><\/li>\n<li id=\"menu-item-11104\" class=\"bellows-menu-item bellows-menu-item-type-post_type bellows-menu-item-object-page bellows-menu-item-11104 bellows-item-level-0\"><a  href=\"https:\/\/english-munich.de\/training\/simple-present-present-progressive-unterschied-2\/\" class=\"bellows-target\"><span class=\"bellows-target-title bellows-target-text\">\u270d\ufe0fSimple Present \/ Present Progressive III<\/span><\/a><\/li>\n<li id=\"menu-item-3822\" class=\"bellows-menu-item bellows-menu-item-type-post_type bellows-menu-item-object-page bellows-menu-item-3822 bellows-item-level-0\"><a  href=\"https:\/\/english-munich.de\/training\/simple-present-present-progressive-unterschied\/\" class=\"bellows-target\"><span class=\"bellows-target-title bellows-target-text\">\u270d\ufe0fSimple Present \/ Present Progressive Unterschied IV<\/span><\/a><\/li>\n<li id=\"menu-item-11084\" class=\"bellows-menu-item bellows-menu-item-type-post_type bellows-menu-item-object-page bellows-menu-item-11084 bellows-item-level-0\"><a  href=\"https:\/\/english-munich.de\/training\/simple-present-present-progressive-unterschied-iii\/\" class=\"bellows-target\"><span class=\"bellows-target-title bellows-target-text\">\ud83d\uddb1\ufe0fSimple Present \/ Present Progressive V<\/span><\/a><\/li>\n<li id=\"menu-item-11093\" class=\"bellows-menu-item bellows-menu-item-type-post_type bellows-menu-item-object-page bellows-menu-item-11093 bellows-item-level-0\"><a  href=\"https:\/\/english-munich.de\/training\/simple-present-present-progressive-test\/\" class=\"bellows-target\"><span class=\"bellows-target-title bellows-target-text\">\ud83d\uddb1\ufe0fSimple Present \u2013 Present Progressive Test<\/span><\/a><\/li>\n<\/ul><\/div>\r\n\r\n<\/div>","protected":false},"excerpt":{"rendered":"Simple Present \/ Present Progressive Unterschied Aufgaben \u00dcbungen zum Unterschied zwischen Simple Present und Present Progressive (-ing Form) Beispiel \u24ffMr. Black __________ the shopping himself. don&#8217;t do doesn&#8217;t do doesn&#8217;t Die richtige L\u00f6sung ist: &#8222;doesn&#8217;t do&#8220;&nbsp;&nbsp;Tipp \u2611\ufe0f W\u00e4hle die richtige Option des Simple Present (einfache Gegenwart) oder Present Progressive (-ing Form) Achte auf die Signalw\u00f6rter!: [&hellip;]","protected":false},"author":3,"featured_media":0,"parent":0,"menu_order":0,"comment_status":"closed","ping_status":"closed","template":"","meta":[],"_links":{"self":[{"href":"https:\/\/english-munich.de\/training\/wp-json\/wp\/v2\/pages\/1528"}],"collection":[{"href":"https:\/\/english-munich.de\/training\/wp-json\/wp\/v2\/pages"}],"about":[{"href":"https:\/\/english-munich.de\/training\/wp-json\/wp\/v2\/types\/page"}],"author":[{"embeddable":true,"href":"https:\/\/english-munich.de\/training\/wp-json\/wp\/v2\/users\/3"}],"replies":[{"embeddable":true,"href":"https:\/\/english-munich.de\/training\/wp-json\/wp\/v2\/comments?post=1528"}],"version-history":[{"count":20,"href":"https:\/\/english-munich.de\/training\/wp-json\/wp\/v2\/pages\/1528\/revisions"}],"predecessor-version":[{"id":12017,"href":"https:\/\/english-munich.de\/training\/wp-json\/wp\/v2\/pages\/1528\/revisions\/12017"}],"wp:attachment":[{"href":"https:\/\/english-munich.de\/training\/wp-json\/wp\/v2\/media?parent=1528"}],"curies":[{"name":"wp","href":"https:\/\/api.w.org\/{rel}","templated":true}]}}