{"id":1431,"date":"2020-05-18T07:56:43","date_gmt":"2020-05-18T07:56:43","guid":{"rendered":"https:\/\/english-munich.de\/training\/?page_id=1431"},"modified":"2022-05-05T12:50:47","modified_gmt":"2022-05-05T12:50:47","slug":"will-future-frage","status":"publish","type":"page","link":"https:\/\/english-munich.de\/training\/will-future-frage\/","title":{"rendered":"Will Future Frage"},"content":{"rendered":"<div class=\"jumbotron text-center\">\r\n<h2>Will Future Frage Aufgaben<\/h2>\r\n\u00dcbungen zur will future Frage\r\n\r\n<\/div>\r\n<div class=\"bs-example\">\r\n<div id=\"accordionExample\" class=\"accordion\">\r\n<div class=\"card\">\r\n<div id=\"headingOne\" class=\"card-header\">\r\n<h2 class=\"mb-0\" style=\"color: #000;\"><button class=\"btn btn-link collapsed\" type=\"button\" data-toggle=\"collapse\" data-target=\"#collapseOne\">Beispiel<\/button><\/h2>\r\n<\/div>\r\n<div id=\"collapseOne\" class=\"collapse\" aria-labelledby=\"headingOne\" data-parent=\"#accordionExample\">\r\n<div class=\"card-body\">\r\n<div class=\"form-group\" style=\"width: 70%; margin: 10px;\"><label for=\"sel1\">\r\n<div class=\"row\">\r\n    <span class=\"number\">\u24ff<\/span>  <input type=\"text\" id=\"example\" value=\"Will\" class=\"form-control\" disabled=\"true\">\r\n<p class=\"text\">you<\/p>\r\n        <input type=\"text\" id=\"example1\" class=\"form-control\" autocomplete=\"off\" disabled=\"true\" value=\"be\">\r\n<p class=\"text\"><i><b>(be)<\/b><\/i>&nbsp; famous?<\/p>\r\n\r\n<\/div>\r\n<div>\r\n<p class=\"text\">die richtige L\u00f6sung ist:<b>&nbsp; Will you be famous?<\/b>&nbsp;<\/p><button id=\"submitButton\" class=\"btn-lg btn-info\" type=\"button\" value=\"submit\" data-toggle=\"modal\" data-target=\"#myModal\">Tipp<\/button>\r\n\r\n<\/div>\r\n<\/label><\/div>\r\n<\/div>\r\n<\/div>\r\n<\/div>\r\n<\/div>\r\n<\/div>\r\n<br \/><br \/>\r\n<div class=\"container well\">\r\n<h4>\u270d\ufe0f F\u00fclle die <a href=\"https:\/\/de.wikipedia.org\/wiki\/Verb\">Verben<\/a> in Klammern in der richtigen Form der Frage in der <i>Zukunft mit will<\/i> in die L\u00fccken:<\/h4>\r\n\r\n<hr>\r\n\r\n<br \/>\r\n<div class=\"container\">\r\n<div class=\"row\">\r\n    <span class=\"number\">\u2776<\/span>  <input type=\"text\" id=\"q0\" class=\"form-control\" autocomplete=\"off\">\r\n<p id=\"t0\" class=\"text\">you<\/p>\r\n        <input type=\"text\" id=\"q1\" class=\"form-control\" autocomplete=\"off\">\r\n<p id=\"t1\" class=\"text\"><i><b>(play)<\/b><\/i>&nbsp; football on Sunday?<\/p>\r\n\r\n<\/div>\r\n<div class=\"row\">\r\n<div>\r\n<p id=\"antwort0\"><\/p>\r\n\r\n<\/div>\r\n<div><a button=\"\" class=\"btn btn-success btn-sm tipp0 hidden\" href=\"#0\" title=\"Will you play..?\" data-toggle=\"popover\" data-placement=\"top\" data-trigger=\"hover\" data-content=\"Das Will-Future umschreibt die Frage mit dem Hilfsverb 'will', das Hauptverb bleibt in der Grundform, also \u2192 will play.\">Tipp<\/a><\/div>\r\n<\/div>\r\n<div class=\"row\">\r\n        <span class=\"number\">\u2777<\/span>   <input type=\"text\" id=\"q2\" class=\"form-control\" autocomplete=\"off\">\r\n<p id=\"t2\" class=\"text\">Bob only<\/p>\r\n        <input type=\"text\" id=\"q3\" class=\"form-control\" autocomplete=\"off\">\r\n<p id=\"t3\" class=\"text\"><i><b>(drink)<\/b><\/i>&nbsp; milk?<\/p>\r\n\r\n<\/div>\r\n<div class=\"row\">\r\n<div>\r\n<p id=\"antwort2\"><\/p>\r\n\r\n<\/div>\r\n<div><a button=\"\" class=\"btn btn-success btn-sm tipp2 hidden\" href=\"#1\" title=\"Will Bob only drink milk?\" data-toggle=\"popover\" data-placement=\"top\" data-trigger=\"hover\" data-content=\"Das die Zukunft mit will umschreibt die Frage mit dem Hilfsverb 'will', das Hauptverb bleibt in der Grundform, also \u2192 will drink.\">Tipp<\/a><\/div>\r\n<\/div>\r\n<div class=\"row\">\r\n        <span class=\"number\">\u2778<\/span><input type=\"text\" id=\"q4\" class=\"form-control\" autocomplete=\"off\">\r\n<p id=\"t4\" class=\"text\">we<\/p>\r\n        <input type=\"text\" id=\"q5\" class=\"form-control\" autocomplete=\"off\">\r\n<p id=\"t5\" class=\"text\"><i><b>(go)<\/b><\/i>&nbsp; outside after the break?<\/p>\r\n\r\n<\/div>\r\n<div class=\"row\">\r\n<div>\r\n<p id=\"antwort4\"><\/p>\r\n\r\n<\/div>\r\n<div><a button=\"\" class=\"btn btn-success btn-sm tipp4 hidden\" href=\"#\" title=\"Will we go...?\" data-toggle=\"popover\" data-placement=\"top\" data-trigger=\"hover\" data-content=\"Das Will-Future umschreibt die Frage mit dem Hilfsverb 'will', das Hauptverb bleibt in der Grundform, also \u2192 will go.\">Tipp<\/a><\/div>\r\n<\/div>\r\n<div class=\"row\">\r\n        <span class=\"number\">\u2779<\/span><input type=\"text\" id=\"q6\" class=\"form-control\" autocomplete=\"off\">\r\n<p id=\"t6\" class=\"text\">they<\/p>\r\n        <input type=\"text\" id=\"q7\" class=\"form-control\" autocomplete=\"off\">\r\n<p id=\"t7\" class=\"text\"><i><b>(eat)<\/b><\/i>&nbsp; salad?<\/p>\r\n\r\n<\/div>\r\n<div class=\"row\">\r\n<div>\r\n<p id=\"antwort6\"><\/p>\r\n\r\n<\/div>\r\n<div><a button=\"\" class=\"btn btn-success btn-sm tipp6 hidden\" href=\"#\" title=\"Will they only eat...?\" data-toggle=\"popover\" data-placement=\"top\" data-trigger=\"hover\" data-content=\"Das Will-Future umschreibt die Frage mit dem Hilfsverb 'will', das Hauptverb bleibt in der Grundform, also \u2192 will eat.\">Tipp<\/a><\/div>\r\n<\/div>\r\n<div class=\"row\">\r\n        <span class=\"number\">\u277a<\/span><input type=\"text\" id=\"q8\" class=\"form-control\" autocomplete=\"off\">\r\n<p id=\"t8\" class=\"text\">Susan<\/p>\r\n        <input type=\"text\" id=\"q9\" class=\"form-control\" autocomplete=\"off\">\r\n<p id=\"t9\" class=\"text\"><i><b>(believe)<\/b><\/i>&nbsp; this story?<\/p>\r\n\r\n<\/div>\r\n<div class=\"row\">\r\n<div>\r\n<p id=\"antwort8\"><\/p>\r\n\r\n<\/div>\r\n<div><a button=\"\" class=\"btn btn-success btn-sm tipp8 hidden\" href=\"#\" title=\"Will Susan believe...?\" data-toggle=\"popover\" data-placement=\"top\" data-trigger=\"hover\" data-content=\"Das Will-Future umschreibt die Frage mit dem Hilfsverb 'will', das Hauptverb bleibt in der Grundform, also \u2192 will believe.\">Tipp<\/a><\/div>\r\n<\/div>\r\n<div class=\"row\">\r\n        <span class=\"number\">\u277b<\/span><input type=\"text\" id=\"q10\" class=\"form-control\" autocomplete=\"off\">\r\n<p id=\"t10\" class=\"text\">I<\/p>\r\n        <input type=\"text\" id=\"q11\" class=\"form-control\" autocomplete=\"off\">\r\n<p id=\"t11\" class=\"text\"><i><b>(get)<\/b><\/i>&nbsp; out of this alive?<\/p>\r\n\r\n<\/div>\r\n<div class=\"row\">\r\n<div>\r\n<p id=\"antwort10\"><\/p>\r\n\r\n<\/div>\r\n<div><a button=\"\" class=\"btn btn-success btn-sm tipp10 hidden\" href=\"#\" title=\"Will I get out...?\" data-toggle=\"popover\" data-placement=\"top\" data-trigger=\"hover\" data-content=\"Das Will-Future umschreibt die Frage mit dem Hilfsverb 'will', das Hauptverb bleibt in der Grundform, also \u2192 will get.\">Tipp<\/a><\/div>\r\n<\/div>\r\n<div class=\"row\">\r\n        <span class=\"number\">\u277c<\/span><input type=\"text\" id=\"q12\" class=\"form-control\" autocomplete=\"off\">\r\n<p id=\"t12\" class=\"text\">it<\/p>\r\n        <input type=\"text\" id=\"q13\" class=\"form-control\" autocomplete=\"off\">\r\n<p id=\"t13\" class=\"text\"><i><b>(hurt)<\/b><\/i>&nbsp; badly?<\/p>\r\n\r\n<\/div>\r\n<div class=\"row\">\r\n<div>\r\n<p id=\"antwort12\"><\/p>\r\n\r\n<\/div>\r\n<div><a button=\"\" class=\"btn btn-success btn-sm tipp12 hidden\" href=\"#\" title=\"Will it hurt badly?\" data-toggle=\"popover\" data-placement=\"top\" data-trigger=\"hover\" data-content=\"Das Will-Future umschreibt die Frage mit dem Hilfsverb 'will', das Hauptverb bleibt in der Grundform, also \u2192 will play.\">Tipp<\/a><\/div>\r\n<\/div>\r\n<div class=\"row\">\r\n        <span class=\"number\">\u277d<\/span><input type=\"text\" id=\"q14\" class=\"form-control\" autocomplete=\"off\">\r\n<p id=\"t14\" class=\"text\">you<\/p>\r\n        <input type=\"text\" id=\"q15\" class=\"form-control\" autocomplete=\"off\">\r\n<p id=\"t15\" class=\"text\"><i><b>(skip)<\/b><\/i>&nbsp; school today?<\/p>\r\n\r\n<\/div>\r\n<div class=\"row\">\r\n<div>\r\n<p id=\"antwort14\"><\/p>\r\n\r\n<\/div>\r\n<div><a button=\"\" class=\"btn btn-success btn-sm tipp14 hidden\" href=\"#\" title=\"Will you skip school?\" data-toggle=\"popover\" data-placement=\"top\" data-trigger=\"hover\" data-content=\"Das Will-Future umschreibt die Frage mit dem Hilfsverb 'will', das Hauptverb bleibt in der Grundform, also \u2192 will skip.\">Tipp<\/a><\/div>\r\n<\/div>\r\n<div class=\"row\">\r\n        <span class=\"number\">\u277e<\/span><input type=\"text\" id=\"q16\" class=\"form-control\" autocomplete=\"off\">\r\n<p id=\"t16\" class=\"text\">she<\/p>\r\n        <input type=\"text\" id=\"q17\" class=\"form-control\" autocomplete=\"off\">\r\n<p id=\"t17\" class=\"text\"><i><b>(come)<\/b><\/i>&nbsp; by bus?<\/p>\r\n\r\n<\/div>\r\n<div class=\"row\">\r\n<div>\r\n<p id=\"antwort16\"><\/p>\r\n\r\n<\/div>\r\n<div><a button=\"\" class=\"btn btn-success btn-sm tipp16 hidden\" href=\"#\" title=\"Will she come..?\" data-toggle=\"popover\" data-placement=\"top\" data-trigger=\"hover\" data-content=\"Das Will-Future umschreibt die Frage mit dem Hilfsverb 'will', das Hauptverb bleibt in der Grundform, also \u2192 will come.\">Tipp<\/a><\/div>\r\n<\/div>\r\n<div class=\"row\">\r\n        <span class=\"number\">\u277f<\/span><input type=\"text\" id=\"q18\" class=\"form-control\" autocomplete=\"off\">\r\n<p id=\"t18\" class=\"text\">you<\/p>\r\n        <input type=\"text\" id=\"q19\" class=\"form-control\" autocomplete=\"off\">\r\n<p id=\"t19\" class=\"text\"><i><b>(ask)<\/b><\/i>&nbsp; for more?<\/p>\r\n\r\n<\/div>\r\n<div class=\"row\">\r\n<div>\r\n<p id=\"antwort18\"><\/p>\r\n\r\n<\/div>\r\n<div><a button=\"\" class=\"btn btn-success btn-sm tipp18 hidden\" href=\"#\" title=\"Will you ask more?\" data-toggle=\"popover\" data-placement=\"top\" data-trigger=\"hover\" data-content=\"Das Will-Future umschreibt die Frage mit dem Hilfsverb 'will', das Hauptverb bleibt in der Grundform, also \u2192 will ask.\">Tipp<\/a><\/div>\r\n<\/div>\r\n<div><\/div>\r\n<\/div>\r\n<\/div>\r\n<!-- The Modal -->\r\n<div id=\"myModal\" class=\"modal fade\">\r\n<div class=\"modal-dialog\">\r\n<div class=\"modal-content\">\r\n\r\n<!-- Modal Header -->\r\n<div class=\"modal-header\">\r\n<h4 class=\"modal-title\">Frage in der Zukunft mit Will <\/h4>\r\n<button class=\"close\" type=\"button\" data-dismiss=\"modal\">\u00d7<\/button>\r\n\r\n<\/div>\r\n<!-- Modal body -->\r\n<div class=\"modal-body\">\r\n<div class=\"container\">\r\n<h2>Frage Zukunft mit will \u00dcbersicht<\/h2>\r\nTabelle f\u00fcr die Bildung der Frage im Will Future regelm\u00e4\u00dfig:\r\n<table class=\"table table-bordered table-sm table-hover\">\r\n<thead>\r\n<tr class=\"table-primary\">\r\n<td><b>Hilfsverb<\/b><\/td>\r\n<td><b>Will<\/b><\/td>\r\n<\/tr>\r\n<\/thead>\r\n<tbody>\r\n<tr class=\"table-danger\">\r\n<th>Personalpronomen<\/th>\r\n<th>I \/ you \/ he \/ she \/ it \/ we \/ they<\/th>\r\n<\/tr>\r\n<tr class=\"table-warning\">\r\n<td><b>Grundform<\/b><\/td>\r\n<td><b>watch ?<\/b><\/td>\r\n<\/tr>\r\n<\/tbody>\r\n<\/table>\r\n<\/div>\r\n<!-- Modal footer -->\r\n<div class=\"modal-footer\"><button class=\"btn btn-danger\" type=\"button\" data-dismiss=\"modal\">Close<\/button><\/div>\r\n<\/div>\r\n<\/div>\r\n<\/div>\r\n<\/div>\r\n<div class=\"container\">\r\n\r\n<hr>\r\n\r\n<button id=\"test\" class=\"btn-lg btn-primary \" type=\"submit\" value=\"submit\">Pr\u00fcfen<\/button><button id=\"resetButton\" class=\"btn-lg btn-success\" type=\"submit\" onclick=\"refreshPage()\">Neustart<\/button><button id=\"submitButton\" class=\"btn-lg btn-info\" type=\"button\" value=\"submit\" data-toggle=\"modal\" data-target=\"#myModal\">Tipp<\/button>\r\n\r\n<hr>\r\n\r\n<p id=\"result\"><\/p>\r\n<p id=\"result2\"><\/p>\r\n<h3>Alle \u00dcbungen Will Future:<\/h3>\r\n<hr>\r\n<div id=\"bellows-main-18\" class=\"bellows bellows-nojs bellows-main bellows-source-menu bellows-align-full bellows-skin-vanilla bellows-type-\"><ul id=\"menu-will-future\" class=\"bellows-nav\" data-bellows-config=\"main\"><li id=\"menu-item-3765\" class=\"bellows-menu-item bellows-menu-item-type-post_type bellows-menu-item-object-page bellows-menu-item-3765 bellows-item-level-0\"><a  href=\"https:\/\/english-munich.de\/training\/will-future\/\" class=\"bellows-target\"><span class=\"bellows-target-title bellows-target-text\">\u270d\ufe0fWill Future<\/span><\/a><\/li>\n<li id=\"menu-item-3766\" class=\"bellows-menu-item bellows-menu-item-type-post_type bellows-menu-item-object-page bellows-menu-item-3766 bellows-item-level-0\"><a  href=\"https:\/\/english-munich.de\/training\/will-future-frage\/\" class=\"bellows-target\"><span class=\"bellows-target-title bellows-target-text\">\u270d\ufe0fWill Future Frage<\/span><\/a><\/li>\n<li id=\"menu-item-3767\" class=\"bellows-menu-item bellows-menu-item-type-post_type bellows-menu-item-object-page bellows-menu-item-3767 bellows-item-level-0\"><a  href=\"https:\/\/english-munich.de\/training\/will-future-verneint\/\" class=\"bellows-target\"><span class=\"bellows-target-title bellows-target-text\">\u2611\ufe0fWill Future verneint<\/span><\/a><\/li>\n<\/ul><\/div>\r\n\r\n<\/div>","protected":false},"excerpt":{"rendered":"Will Future Frage Aufgaben \u00dcbungen zur will future Frage Beispiel \u24ff you (be)&nbsp; famous? die richtige L\u00f6sung ist:&nbsp; Will you be famous?&nbsp;Tipp \u270d\ufe0f F\u00fclle die Verben in Klammern in der richtigen Form der Frage in der Zukunft mit will in die L\u00fccken: \u2776 you (play)&nbsp; football on Sunday? Tipp \u2777 Bob only (drink)&nbsp; milk? Tipp [&hellip;]","protected":false},"author":3,"featured_media":0,"parent":0,"menu_order":0,"comment_status":"closed","ping_status":"closed","template":"","meta":[],"_links":{"self":[{"href":"https:\/\/english-munich.de\/training\/wp-json\/wp\/v2\/pages\/1431"}],"collection":[{"href":"https:\/\/english-munich.de\/training\/wp-json\/wp\/v2\/pages"}],"about":[{"href":"https:\/\/english-munich.de\/training\/wp-json\/wp\/v2\/types\/page"}],"author":[{"embeddable":true,"href":"https:\/\/english-munich.de\/training\/wp-json\/wp\/v2\/users\/3"}],"replies":[{"embeddable":true,"href":"https:\/\/english-munich.de\/training\/wp-json\/wp\/v2\/comments?post=1431"}],"version-history":[{"count":17,"href":"https:\/\/english-munich.de\/training\/wp-json\/wp\/v2\/pages\/1431\/revisions"}],"predecessor-version":[{"id":11611,"href":"https:\/\/english-munich.de\/training\/wp-json\/wp\/v2\/pages\/1431\/revisions\/11611"}],"wp:attachment":[{"href":"https:\/\/english-munich.de\/training\/wp-json\/wp\/v2\/media?parent=1431"}],"curies":[{"name":"wp","href":"https:\/\/api.w.org\/{rel}","templated":true}]}}