{"id":1417,"date":"2020-05-17T19:16:35","date_gmt":"2020-05-17T19:16:35","guid":{"rendered":"https:\/\/english-munich.de\/training\/?page_id=1417"},"modified":"2021-02-03T19:50:36","modified_gmt":"2021-02-03T19:50:36","slug":"will-future-verneint","status":"publish","type":"page","link":"https:\/\/english-munich.de\/training\/will-future-verneint\/","title":{"rendered":"Will Future verneint"},"content":{"rendered":"<div class=\"jumbotron text-center\">\r\n<h2>Will Future Aufgaben<\/h2>\r\n\u00dcbungen zum Will Future im verneinten Aussagesatz\r\n\r\n<\/div>\r\n<div class=\"bs-example\">\r\n<div id=\"accordionExample\" class=\"accordion\">\r\n<div class=\"card\">\r\n<div id=\"headingOne\" class=\"card-header\">\r\n<h2 class=\"number\"><button class=\"btn btn-link collapsed\" type=\"button\" data-toggle=\"collapse\" data-target=\"#collapseOne\">Beispiel<\/button><\/h2>\r\n<\/div>\r\n<div id=\"collapseOne\" class=\"collapse\" aria-labelledby=\"headingOne\" data-parent=\"#accordionExample\">\r\n<div class=\"card-body\">\r\n<div class=\"form-group\" style=\"width: 70%; margin: 10px;\"><label for=\"sel1\"><span class=\"number\">\u24ff<\/span>Mr. Black __________ the shopping himself.<\/label>\r\n<select id=\"beispiel\" class=\"form-control\">\r\n<option value=\"wrong\">don&#8217;t won&#8217;t<\/option>\r\n<option value=\"correct\">won&#8217;t do<\/option>\r\n<option value=\"wrong\">doesn&#8217;t <\/option>\r\n<\/select>\r\n\r\nDie richtige L\u00f6sung ist: <b>won&#8217;t do<\/b>&nbsp;&nbsp;<button class=\"btn-lg btn-info\" type=\"button\" value=\"submit\" data-toggle=\"modal\" data-target=\"#myModal\">Tipp<\/button>\r\n\r\n<\/div>\r\n<\/div>\r\n<\/div>\r\n<\/div>\r\n<\/div>\r\n<br \/><br \/>\r\n<div class=\"container well\">\r\n<h4>\u2611\ufe0f W\u00e4hle die richtige Option des <i>will future <\/i> in seiner verneinten Form:<\/h4>\r\n\r\n<hr>\r\n\r\n<br \/>\r\n<div class=\"container-fluid\">\r\n<div class=\"form-group\" style=\"width: 70%;\"><label for=\"sel1\"><span class=\"number\">\u2776<\/span>Harry __________ all the milk, probably.<\/label>\r\n<select id=\"q0\" class=\"form-control\"><option value=\"wrong\"><\/option>\r\n<option value=\"correct\">won&#8217;t drink<\/option>\r\n<option value=\"wrong\">wills not drink<\/option>\r\n<option value=\"wrong\">don&#8217;t will drink<\/option>\r\n<\/select>\r\n<p id=\"correct0\" align=\"left\"><\/p>\r\n<a class=\"btn btn-success tipp0 hidden\" style=\"text-decoration: none, color:white;\" title=\"Harry won't drink...\" href=\"#0\" data-toggle=\"popover\" data-placement=\"top\" data-trigger=\"hover\" data-content=\"Das 'will-future' wird verneint indem das Hauptverb in der Grundfrom durch das Hilfsverb 'will not'('won't' als Kurzform) erg\u00e4nzt wird also \u2192 won't drink\">Tipp<\/a>\r\n\r\n<\/div>\r\n<div class=\"form-group\" style=\"width: 70%;\"><label for=\"sel1\"><span class=\"number\">\u2777<\/span>We __________ hamburgers if they are made of horsemeat.<\/label>\r\n<select id=\"q1\" class=\"form-control\"><option value=\"wrong\"><\/option>\r\n<option value=\"wrong\">don&#8217;t won&#8217;t eat<\/option>\r\n<option value=\"correct\">will not eat<\/option>\r\n<option value=\"wrong\">wills not<\/option>\r\n<\/select>\r\n<p id=\"correct1\" align=\"left\"><\/p>\r\n<a class=\"btn btn-success tipp1 hidden\" style=\"text-decoration: none, color:white;\" title=\"We will not eat...\" href=\"#1\" data-toggle=\"popover\" data-placement=\"top\" data-trigger=\"hover\" data-content=\"Das 'will-future' wird verneint indem das Hauptverb in der Grundfrom durch das Hilfsverb 'will not'('won't' als Kurzform) erg\u00e4nzt wird also \u2192 will not eat\">Tipp<\/a>\r\n\r\n<\/div>\r\n<div class=\"form-group\" style=\"width: 70%;\"><label for=\"sel1\"><span class=\"number\">\u2778<\/span>I __________ to Hicksville, I can tell you that.<\/label>\r\n<select id=\"q2\" class=\"form-control\"><option value=\"wrong\"><\/option>\r\n<option value=\"correct\">won&#8217;t move<\/option>\r\n<option value=\"wrong\">not will move<\/option>\r\n<option value=\"wrong\">wills not move<\/option>\r\n<\/select>\r\n<p id=\"correct2\" align=\"left\"><\/p>\r\n<a class=\"btn btn-success tipp2 hidden\" style=\"text-decoration: none, color:white;\" title=\"I won't move...\" href=\"#2\" data-toggle=\"popover\" data-placement=\"top\" data-trigger=\"hover\" data-content=\"Das 'will-future' wird verneint indem das Hauptverb in der Grundfrom durch das Hilfsverb 'will not'('won't' als Kurzform) erg\u00e4nzt wird also \u2192 won't move\">Tipp<\/a>\r\n\r\n<\/div>\r\n<div class=\"form-group\" style=\"width: 70%;\"><label for=\"sel1\"><span class=\"number\">\u2779<\/span>Your parents __________  Munich, that&#8217;s for sure.<\/label>\r\n<select id=\"q3\" class=\"form-control\"><option value=\"wrong\"><\/option>\r\n<option value=\"wrong\">not will leave<\/option>\r\n<option value=\"correct\">will not leave<\/option>\r\n<option value=\"wrong\">want not leave<\/option>\r\n<\/select>\r\n<p id=\"correct3\" align=\"left\"><\/p>\r\n<a class=\"btn btn-success tipp3 hidden\" style=\"text-decoration: none, color:white;\" title=\"Your parents won't leave...\" href=\"#3\" data-toggle=\"popover\" data-placement=\"top\" data-trigger=\"hover\" data-content=\"Das 'will-future' wird verneint indem das Hauptverb in der Grundfrom durch das Hilfsverb 'will not'('won't' als Kurzform) erg\u00e4nzt wird also \u2192 will not leave\">Tipp<\/a>\r\n\r\n<\/div>\r\n<div class=\"form-group\" style=\"width: 70%;\"><label for=\"sel1\"><span class=\"number\">\u277a<\/span>They __________ baseball in Germany ever.<\/label>\r\n<select id=\"q4\" class=\"form-control\"><option value=\"wrong\"><\/option>\r\n<option value=\"wrong\">not will play<\/option>\r\n<option value=\"wrong\">don&#8217;t won&#8217;t play<\/option>\r\n<option value=\"correct\">won&#8217;t play<\/option>\r\n<\/select>\r\n<p id=\"correct4\" align=\"left\"><\/p>\r\n<a class=\"btn btn-success tipp4 hidden\" style=\"text-decoration: none, color:white;\" title=\"They won't play...\" href=\"#4\" data-toggle=\"popover\" data-placement=\"top\" data-trigger=\"hover\" data-content=\"Das 'will-future' wird verneint indem das Hauptverb in der Grundfrom durch das Hilfsverb 'will not'('won't' als Kurzform) erg\u00e4nzt wird also \u2192 won't play\">Tipp<\/a>\r\n\r\n<\/div>\r\n<div class=\"form-group\" style=\"width: 70%;\"><label for=\"sel1\"><span class=\"number\">\u277b<\/span>Ms.Brown __________ to church this Sunday.<\/label>\r\n<select id=\"q5\" class=\"form-control\"><option value=\"wrong\"><\/option>\r\n<option value=\"wrong\">won&#8217;t not go<\/option>\r\n<option value=\"wrong\">will not goes<\/option>\r\n<option value=\"correct\">will not go<\/option>\r\n<\/select>\r\n<p id=\"correct5\" align=\"left\"><\/p>\r\n<a class=\"btn btn-success tipp5 hidden\" style=\"text-decoration: none, color:white;\" title=\"Ms.Brown will not go...\" href=\"#5\" data-toggle=\"popover\" data-placement=\"top\" data-trigger=\"hover\" data-content=\"Das 'will-future' wird verneint indem das Hauptverb in der Grundfrom durch das Hilfsverb 'will not'('won't' als Kurzform) erg\u00e4nzt wird also \u2192 won't go\">Tipp<\/a>\r\n\r\n<\/div>\r\n<div class=\"form-group\" style=\"width: 70%;\"><label for=\"sel1\"><span class=\"number\">\u277c<\/span> The Smiths __________ their house this year<\/label>\r\n<select id=\"q6\" class=\"form-control\"><option value=\"wrong\"><\/option>\r\n<option value=\"wrong\">won&#8217;t not sell<\/option>\r\n<option value=\"correct\">won&#8217;t sell<\/option>\r\n<option value=\"wrong\">not will sell<\/option>\r\n<\/select>\r\n<p id=\"correct6\" align=\"left\"><\/p>\r\n<a class=\"btn btn-success tipp6 hidden\" style=\"text-decoration: none, color:white;\" title=\"The Smiths won't...\" href=\"#6\" data-toggle=\"popover\" data-placement=\"top\" data-trigger=\"hover\" data-content=\"Das 'will-future' wird verneint indem das Hauptverb in der Grundfrom durch das Hilfsverb 'will not'('won't' als Kurzform) erg\u00e4nzt wird also \u2192 won't sell\">Tipp<\/a>\r\n\r\n<\/div>\r\n<div class=\"form-group\" style=\"width: 70%;\"><label for=\"sel1\"><span class=\"number\">\u277d<\/span> I __________ this weekend, that&#8217;s for sure.<\/label>\r\n<select id=\"q7\" class=\"form-control\"><option value=\"wrong\"><\/option>\r\n<option value=\"wrong\">won&#8217;t not work<\/option>\r\n<option value=\"wrong\">not will works<\/option>\r\n<option value=\"correct\">won&#8217;t work<\/option>\r\n<\/select>\r\n<p id=\"correct7\" align=\"left\"><\/p>\r\n<a class=\"btn btn-success tipp7 hidden\" style=\"text-decoration: none, color:white;\" title=\"I won't work...\" href=\"#7\" data-toggle=\"popover\" data-placement=\"top\" data-trigger=\"hover\" data-content=\"Das 'will-future' wird verneint indem das Hauptverb in der Grundfrom durch das Hilfsverb 'will not'('won't' als Kurzform) erg\u00e4nzt wird also \u2192 won't work\">Tipp<\/a>\r\n\r\n<\/div>\r\n<div class=\"form-group\" style=\"width: 70%;\"><label for=\"sel1\"><span class=\"number\">\u277e<\/span> She __________to Justin Bieber all day, so much is clear.<\/label>\r\n<select id=\"q8\" class=\"form-control\"><option value=\"wrong\"><\/option>\r\n<option value=\"correct\">won&#8217;t listen<\/option>\r\n<option value=\"wrong\">won&#8217;t listens<\/option>\r\n<option value=\"wrong\">not will<\/option>\r\n<\/select>\r\n<p id=\"correct8\" align=\"left\"><\/p>\r\n<a class=\"btn btn-success tipp8 hidden\" style=\"text-decoration: none, color:white;\" title=\"She won't listen...\" href=\"#8\" data-toggle=\"popover\" data-placement=\"top\" data-trigger=\"hover\" data-content=\"Das 'will-future' wird verneint indem das Hauptverb in der Grundfrom durch das Hilfsverb 'will not'('won't' als Kurzform) erg\u00e4nzt wird also \u2192 won't listen\">Tipp<\/a>\r\n\r\n<\/div>\r\n<div class=\"form-group\" style=\"width: 70%;\"><label for=\"sel1\"><span class=\"number\">\u277f<\/span> Our neighbors ________ if you don&#8217;t tell them.<\/label>\r\n<select id=\"q9\" class=\"form-control\"><option value=\"wrong\"><\/option>\r\n<option value=\"wrong\">don&#8217;t will know<\/option>\r\n<option value=\"correct\">will not know<\/option>\r\n<option value=\"wrong\">will know not<\/option>\r\n<\/select>\r\n<p id=\"correct9\" align=\"left\"><\/p>\r\n<a class=\"btn btn-success tipp9 hidden\" style=\"text-decoration: none, color:white;\" title=\"Our neighbors won't know...\" href=\"#9\" data-toggle=\"popover\" data-placement=\"top\" data-trigger=\"hover\" data-content=\"Das 'will-future' wird verneint indem das Hauptverb in der Grundfrom durch das Hilfsverb 'will not'('won't' als Kurzform) erg\u00e4nzt wird also \u2192 will not know\">Tipp<\/a>\r\n\r\n<!-- The Modal -->\r\n<div id=\"myModal\" class=\"modal fade\">\r\n<div class=\"modal-dialog\">\r\n<div class=\"modal-content\">\r\n\r\n<!-- Modal Header -->\r\n<div class=\"modal-header\">\r\n<h4 class=\"modal-title\">Will Future verneint<\/h4>\r\n<button class=\"close\" type=\"button\" data-dismiss=\"modal\">\u00d7<\/button>\r\n\r\n<\/div>\r\n<!-- Modal body -->\r\n<div class=\"modal-body\">\r\n<div class=\"container\">\r\n<h2>Will Future Verneint \u00dcbersicht<\/h2>\r\nTabelle f\u00fcr die Bildung des Will Future verneint regelm\u00e4\u00dfig:\r\n<table class=\"table table-bordered table-sm table-hover\">\r\n<thead>\r\n<tr class=\"table-danger\">\r\n<th>Personalpronomen<\/th>\r\n<th>I \/ you \/ he \/ she \/ it \/ we \/ they<\/th>\r\n<\/tr>\r\n<\/thead>\r\n<tbody>\r\n<tr class=\"table-primary\">\r\n<td><b>Hilfsverb<\/b><\/td>\r\n<td><b>will not \/ won&#8217;t<\/b><\/td>\r\n<\/tr>\r\n<tr class=\"table-warning\">\r\n<td><b>Grundform<\/b><\/td>\r\n<td><b>watch.<\/b><\/td>\r\n<\/tr>\r\n<\/tbody>\r\n<\/table>\r\n<\/div>\r\n<!-- Modal footer -->\r\n<div class=\"modal-footer\"><button class=\"btn btn-danger\" type=\"button\" data-dismiss=\"modal\">Close<\/button><\/div>\r\n<\/div>\r\n<\/div>\r\n<\/div>\r\n<\/div>\r\n<\/div>\r\n<\/div>\r\n<\/div>\r\n\r\n<hr>\r\n\r\n<div class=\"container\"><button id=\"submitButton\" class=\"btn-lg btn-primary \" type=\"submit\" value=\"submit\">Pr\u00fcfen<\/button><button id=\"resetButton\" class=\"btn-lg btn-success\" type=\"submit\" onclick=\"refreshPage()\">Neustart<\/button><button id=\"submitButton\" class=\"btn-lg btn-info\" type=\"submit\" value=\"submit\" data-toggle=\"modal\" data-target=\"#myModal\">Tipp<\/button><\/div>\r\n\r\n<hr>\r\n\r\n\r\n<p id=\"result\"><\/p>\r\n<p id=\"result2\"><\/p>\r\n<h3>Alle \u00dcbungen Will Future:<\/h3>\r\n<hr>\r\n<div id=\"bellows-main-18\" class=\"bellows bellows-nojs bellows-main bellows-source-menu bellows-align-full bellows-skin-vanilla bellows-type-\"><ul id=\"menu-will-future\" class=\"bellows-nav\" data-bellows-config=\"main\"><li id=\"menu-item-3765\" class=\"bellows-menu-item bellows-menu-item-type-post_type bellows-menu-item-object-page bellows-menu-item-3765 bellows-item-level-0\"><a  href=\"https:\/\/english-munich.de\/training\/will-future\/\" class=\"bellows-target\"><span class=\"bellows-target-title bellows-target-text\">\u270d\ufe0fWill Future<\/span><\/a><\/li>\n<li id=\"menu-item-3766\" class=\"bellows-menu-item bellows-menu-item-type-post_type bellows-menu-item-object-page bellows-menu-item-3766 bellows-item-level-0\"><a  href=\"https:\/\/english-munich.de\/training\/will-future-frage\/\" class=\"bellows-target\"><span class=\"bellows-target-title bellows-target-text\">\u270d\ufe0fWill Future Frage<\/span><\/a><\/li>\n<li id=\"menu-item-3767\" class=\"bellows-menu-item bellows-menu-item-type-post_type bellows-menu-item-object-page bellows-menu-item-3767 bellows-item-level-0\"><a  href=\"https:\/\/english-munich.de\/training\/will-future-verneint\/\" class=\"bellows-target\"><span class=\"bellows-target-title bellows-target-text\">\u2611\ufe0fWill Future verneint<\/span><\/a><\/li>\n<\/ul><\/div>\r\n\r\n<\/div>\r\n","protected":false},"excerpt":{"rendered":"Will Future Aufgaben \u00dcbungen zum Will Future im verneinten Aussagesatz Beispiel \u24ffMr. Black __________ the shopping himself. don&#8217;t won&#8217;t won&#8217;t do doesn&#8217;t Die richtige L\u00f6sung ist: won&#8217;t do&nbsp;&nbsp;Tipp \u2611\ufe0f W\u00e4hle die richtige Option des will future in seiner verneinten Form: \u2776Harry __________ all the milk, probably. won&#8217;t drink wills not drink don&#8217;t will drink Tipp [&hellip;]","protected":false},"author":3,"featured_media":0,"parent":0,"menu_order":0,"comment_status":"closed","ping_status":"closed","template":"","meta":[],"_links":{"self":[{"href":"https:\/\/english-munich.de\/training\/wp-json\/wp\/v2\/pages\/1417"}],"collection":[{"href":"https:\/\/english-munich.de\/training\/wp-json\/wp\/v2\/pages"}],"about":[{"href":"https:\/\/english-munich.de\/training\/wp-json\/wp\/v2\/types\/page"}],"author":[{"embeddable":true,"href":"https:\/\/english-munich.de\/training\/wp-json\/wp\/v2\/users\/3"}],"replies":[{"embeddable":true,"href":"https:\/\/english-munich.de\/training\/wp-json\/wp\/v2\/comments?post=1417"}],"version-history":[{"count":26,"href":"https:\/\/english-munich.de\/training\/wp-json\/wp\/v2\/pages\/1417\/revisions"}],"predecessor-version":[{"id":5010,"href":"https:\/\/english-munich.de\/training\/wp-json\/wp\/v2\/pages\/1417\/revisions\/5010"}],"wp:attachment":[{"href":"https:\/\/english-munich.de\/training\/wp-json\/wp\/v2\/media?parent=1417"}],"curies":[{"name":"wp","href":"https:\/\/api.w.org\/{rel}","templated":true}]}}