{"id":1406,"date":"2020-05-17T17:41:26","date_gmt":"2020-05-17T17:41:26","guid":{"rendered":"https:\/\/english-munich.de\/training\/?page_id=1406"},"modified":"2021-05-05T06:43:17","modified_gmt":"2021-05-05T06:43:17","slug":"will-future","status":"publish","type":"page","link":"https:\/\/english-munich.de\/training\/will-future\/","title":{"rendered":"Will Future"},"content":{"rendered":"<div class=\"jumbotron text-center\">\r\n<h2>Will Future Aufgaben<\/h2>\r\n\u00dcbungen zum Will Future im bejahten Aussagesatz\r\n\r\n<\/div>\r\n<div class=\"bs-example\">\r\n<div class=\"accordion\" id=\"accordionExample\">\r\n<div class=\"card\">\r\n<div class=\"card-header\" id=\"headingOne\">\r\n<h2 class=\"mb-0\" style=\"color:#000\">\r\n                    <button type=\"button\" class=\"btn btn-link collapsed\" data-toggle=\"collapse\" data-target=\"#collapseOne\">Beispiel<\/button><\/h2>\r\n<\/div>\r\n<div id=\"collapseOne\" class=\"collapse\" aria-labelledby=\"headingOne\" data-parent=\"#accordionExample\">\r\n<div class=\"card-body\">\r\n<div class=\"form-inline\">\r\n<div>\r\n<b><span class=\"number\">\u24ff<\/span><\/b>John <input type=\"text\" class=\"form-control\" id=\"panel-beispiel\" disabled=\"\" value=\"will be\"> <b><i>&nbsp;(be)&nbsp;<\/i><\/b>president one day.\r\n<\/div><div>\r\nDie richtige L\u00f6sung ist: <b>will be<\/b> &nbsp;&nbsp;<button class=\"btn-lg btn-info\" type=\"button\" data-toggle=\"modal\" data-target=\"#myModal\">Tipp<\/button>\r\n<\/div>\r\n<\/div>\r\n<\/div>\r\n<\/div>\r\n<\/div>\r\n<\/div>\r\n<br \/><br \/>\r\n<div class=\"container well\">\r\n<h4>\u270d\ufe0f F\u00fclle die Verben in Klammern in der richtigen Form des <i>Will Future <\/i> in die L\u00fccken:<\/h4>\r\n\r\n<hr>\r\n\r\n<br \/>\r\n<div class=\"container\">\r\n<b><span class=\"number\">\u2776<\/span><\/b>Johnny<input type=\"text\" class=\"form-control\" id=\"q0\" autocomplete=\"off\"><b><i>  (drink)<\/i><\/b> all the champagne.\r\n<div class=\"row\">\r\n<div>\r\n<p id=\"correct0\" align=\"left\"><\/p>\r\n\r\n<\/div>\r\n<div>\r\n<a button=\"\" class=\"btn btn-success tipp0 hidden\" href=\"#1\" title=\"Johnny will drink...\" data-toggle=\"popover\" data-placement=\"top\" data-trigger=\"hover\" style=\"text-decoration: none; color:white;\" data-content=\"Das 'will-future' wird gebildet indem das Hauptverb in der Grundfrom durch das Hilfsverb 'will' erg\u00e4nzt wird also \u2192 will drink\">Tipp<\/a><\/div>\r\n<\/div>\r\n<b><span class=\"number\">\u2777<\/span><\/b>We <input type=\"text\" class=\"form-control\" id=\"q1\" autocomplete=\"off\"><b><i>(ride)<\/i><\/b> our bikes only if the weahter is nice.\r\n<div class=\"row\">\r\n<div>\r\n<p id=\"correct1\" align=\"left\"><\/p>\r\n\r\n<\/div>\r\n<div>\r\n<a button=\"\" class=\"btn btn-success tipp1 hidden\" href=\"#2\" title=\"We will ride...\" data-toggle=\"popover\" data-placement=\"top\" data-trigger=\"hover\" style=\"text-decoration: none; color:white;\" data-content=\"Das 'will-future' wird gebildet indem das Hauptverb in der Grundfrom durch das Hilfsverb 'will' erg\u00e4nzt wird also \u2192 will ride\">Tipp<\/a><\/div>\r\n<\/div>\r\n<b><span class=\"number\">\u2778<\/span><\/b>Leroy <input type=\"text\" class=\"form-control\" id=\"q2\" autocomplete=\"off\"><b><i>(wash)<\/i><\/b> his car next week.\r\n<div class=\"row\">\r\n<div>\r\n<p id=\"correct2\" align=\"left\"><\/p>\r\n\r\n<\/div>\r\n<div>\r\n<a button=\"\" class=\"btn btn-success tipp2 hidden\" align=\"left\" aria-hidden=\"true\" href=\"#3\" title=\"Leroy will wash...\" data-toggle=\"popover\" data-placement=\"top\" data-trigger=\"hover\" style=\"text-decoration: none, color:white\" data-content=\"Das 'will-future' wird gebildet indem das Hauptverb in der Grundfrom durch das Hilfsverb 'will' erg\u00e4nzt wird also \u2192 will wash\">Tipp<\/a><\/div>\r\n<\/div>\r\n<span class=\"number\">\u2779<\/span>Probably, they   <input type=\"text\" class=\"form-control\" id=\"q3\" autocomplete=\"off\"><b><i>(use)<\/i><\/b> their scooter only in summer.\r\n<div class=\"row\">\r\n<div>\r\n<p id=\"correct3\" align=\"left\"><\/p>\r\n\r\n<\/div>\r\n<div>\r\n<a button=\"\" class=\"btn btn-success tipp3 hidden\" aria-hidden=\"true\" href=\"#4\" title=\"They will use...\" data-toggle=\"popover\" data-placement=\"top\" data-trigger=\"hover\" style=\"text-decoration: none, color:white\" data-content=\"Das 'will-future' wird gebildet indem das Hauptverb in der Grundfrom durch das Hilfsverb 'will' erg\u00e4nzt wird also \u2192 will use\">Tipp<\/a><\/div>\r\n<\/div>\r\n<b><span class=\"number\">\u277a<\/span><\/b>You <input type=\"text\" class=\"form-control\" id=\"q4\" autocomplete=\"off\"><b><i>(be)<\/i><\/b> so happy, believe me.\r\n<div class=\"row\">\r\n<div>\r\n<p id=\"correct4\" align=\"left\"><\/p>\r\n\r\n<\/div>\r\n<div>\r\n<a button=\"\" class=\"btn btn-success tipp4 hidden\" aria-hidden=\"true\" href=\"#5\" title=\"You will be...\" data-toggle=\"popover\" data-placement=\"top\" data-trigger=\"hover\" style=\"text-decoration: none, color:white\" data-content=\"Das 'will-future' wird gebildet indem das Hauptverb in der Grundfrom durch das Hilfsverb 'will' erg\u00e4nzt wird also \u2192 will be\">Tipp<\/a><\/div>\r\n<\/div>\r\n<b><span class=\"number\">\u277b<\/span><\/b>He <input type=\"text\" class=\"form-control\" id=\"q5\" autocomplete=\"off\"><b><i>(watch)<\/i><\/b> TV all day, I guess.\r\n<div class=\"row\">\r\n<div>\r\n<p id=\"correct5\" align=\"left\"><\/p>\r\n\r\n<\/div>\r\n<div>\r\n<a button=\"\" class=\"btn btn-success tipp5 hidden\" aria-hidden=\"true\" href=\"#6\" title=\"He will watch...\" data-toggle=\"popover\" data-placement=\"top\" data-trigger=\"hover\" style=\"text-decoration: none, color:white\" data-content=\"Das 'will-future' wird gebildet indem das Hauptverb in der Grundfrom durch das Hilfsverb 'will' erg\u00e4nzt wird also \u2192 will watch\">Tipp<\/a><\/div>\r\n<\/div>\r\n<b><span class=\"number\">\u277c<\/span><\/b>My boss  <input type=\"text\" class=\"form-control\" id=\"q6\" autocomplete=\"off\"><b><i>(lose)<\/i><\/b> all his money with this investment.\r\n<div class=\"row\">\r\n<div>\r\n<p id=\"correct6\" align=\"left\"><\/p>\r\n\r\n<\/div>\r\n<div>\r\n<a button=\"\" class=\"btn btn-success tipp6 hidden\" aria-hidden=\"true\" href=\"#7\" title=\"My boss will lose...\" data-toggle=\"popover\" data-placement=\"top\" data-trigger=\"hover\" style=\"text-decoration: none, color:white\" data-content=\"Das 'will-future' wird gebildet indem das Hauptverb in der Grundfrom durch das Hilfsverb 'will' erg\u00e4nzt wird also \u2192 will lose\">Tipp<\/a><\/div>\r\n<\/div>\r\n<b><span class=\"number\">\u277d<\/span><\/b>Boris  <input type=\"text\" class=\"form-control\" id=\"q7\" autocomplete=\"off\"><b><i>(do)<\/i><\/b> too much sport in summer.\r\n<div class=\"row\">\r\n<div>\r\n<p id=\"correct7\" align=\"left\"><\/p>\r\n\r\n<\/div>\r\n<div>\r\n<a button=\"\" class=\"btn btn-success tipp7 hidden\" href=\"#8\" title=\"Boris will do\" data-toggle=\"popover\" data-placement=\"top\" data-trigger=\"hover\" style=\"text-decoration: none, color:white\" data-content=\"Das 'will-future' wird gebildet indem das Hauptverb in der Grundfrom durch das Hilfsverb 'will' erg\u00e4nzt wird also \u2192 will do\">Tipp<\/a><\/div>\r\n<\/div>\r\n<b><span class=\"number\">\u277e<\/span><\/b>I  <input type=\"text\" class=\"form-control\" id=\"q8\" autocomplete=\"off\"><b><i>(have)<\/i><\/b> the steak. Waiter!\r\n<div class=\"row\">\r\n<div>\r\n<p id=\"correct8\" align=\"left\"><\/p>\r\n\r\n<\/div>\r\n<div>\r\n<a button=\"\" class=\"btn btn-success tipp8 hidden\" href=\"#9\" title=\"I will have...\" data-toggle=\"popover\" data-placement=\"top\" data-trigger=\"hover\" style=\"text-decoration: none, color:white\" data-content=\"Das 'will-future' wird gebildet indem das Hauptverb in der Grundfrom durch das Hilfsverb 'will' erg\u00e4nzt wird also \u2192 will have\">Tipp<\/a><\/div>\r\n<\/div>\r\n<b><span class=\"number\">\u277f<\/span><\/b>Michael Scott <input type=\"text\" class=\"form-control\" id=\"q9\" autocomplete=\"off\"><b><i>(work)<\/i><\/b> his way up the career ladder.\r\n<div class=\"row\">\r\n<div>\r\n<p id=\"correct9\" align=\"left\"><\/p>\r\n\r\n<\/div>\r\n<div>\r\n<a button=\"\" class=\"btn btn-success tipp9 hidden\" href=\"#10\" title=\"Micheal Scott will work...\" data-toggle=\"popover\" data-placement=\"top\" data-trigger=\"hover\" style=\"text-decoration: none, color:white\" data-content=\"Das 'will-future' wird gebildet indem das Hauptverb in der Grundfrom durch das Hilfsverb 'will' erg\u00e4nzt wird also \u2192 will work\">Tipp<\/a><\/div>\r\n<\/div>\r\n<!-- The Modal -->\r\n<div id=\"myModal\" class=\"modal fade\">\r\n<div class=\"modal-dialog\">\r\n<div class=\"modal-content\">\r\n\r\n<!-- Modal Header -->\r\n<div class=\"modal-header\">\r\n<h4 class=\"modal-title\">Will Future bejaht<\/h4>\r\n<button class=\"close\" type=\"button\" data-dismiss=\"modal\">\u00d7<\/button>\r\n\r\n<\/div>\r\n<!-- Modal body -->\r\n<div class=\"modal-body\">\r\n<div class=\"container\">\r\n<h2>Will Future bejaht \u00dcbersicht<\/h2>\r\nTabelle f\u00fcr die Bildung des Will Future bejaht regelm\u00e4\u00dfig:\r\n<table class=\"table table-bordered table-sm table-hover\">\r\n<thead>\r\n<tr class=\"table-danger\">\r\n<th>Personalpronomen<\/th>\r\n<th>I \/ you \/ he \/ she \/ it \/ we \/ they<\/th>\r\n<\/tr>\r\n<\/thead>\r\n<tbody>\r\n<tr class=\"table-primary\">\r\n<td><b>Hilfsverb<\/b><\/td>\r\n<td><b>will<\/b><\/td>\r\n<\/tr>\r\n<tr class=\"table-warning\">\r\n<td><b>Grundform<\/b><\/td>\r\n<td><b>watch.<\/b><\/td>\r\n<\/tr>\r\n<\/tbody>\r\n<\/table>\r\n<\/div>\r\n<!-- Modal footer -->\r\n<div class=\"modal-footer\"><button class=\"btn btn-danger\" type=\"button\" data-dismiss=\"modal\">Close<\/button><\/div>\r\n<\/div>\r\n<\/div>\r\n<\/div>\r\n<\/div>\r\n<\/div>\r\n<\/div>\r\n<div class=\"container\">\r\n\r\n<hr>\r\n\r\n<button id=\"submitButton\" class=\"btn-lg btn-primary \" type=\"submit\" value=\"submit\">Pr\u00fcfen<\/button><button id=\"resetButton\" class=\"btn-lg btn-success\" type=\"submit\" onclick=\"refreshPage()\">Neustart<\/button><button id=\"submitButton\" class=\"btn-lg btn-info\" type=\"button\" value=\"submit\" data-toggle=\"modal\" data-target=\"#myModal\">Tipp<\/button>\r\n\r\n<hr>\r\n\r\n\r\n<p id=\"result\"><\/p>\r\n<p id=\"result2\"><\/p>\r\n<h3>Alle \u00dcbungen Will Future:<\/h3>\r\n<hr>\r\n<div id=\"bellows-main-18\" class=\"bellows bellows-nojs bellows-main bellows-source-menu bellows-align-full bellows-skin-vanilla bellows-type-\"><ul id=\"menu-will-future\" class=\"bellows-nav\" data-bellows-config=\"main\"><li id=\"menu-item-3765\" class=\"bellows-menu-item bellows-menu-item-type-post_type bellows-menu-item-object-page bellows-menu-item-3765 bellows-item-level-0\"><a  href=\"https:\/\/english-munich.de\/training\/will-future\/\" class=\"bellows-target\"><span class=\"bellows-target-title bellows-target-text\">\u270d\ufe0fWill Future<\/span><\/a><\/li>\n<li id=\"menu-item-3766\" class=\"bellows-menu-item bellows-menu-item-type-post_type bellows-menu-item-object-page bellows-menu-item-3766 bellows-item-level-0\"><a  href=\"https:\/\/english-munich.de\/training\/will-future-frage\/\" class=\"bellows-target\"><span class=\"bellows-target-title bellows-target-text\">\u270d\ufe0fWill Future Frage<\/span><\/a><\/li>\n<li id=\"menu-item-3767\" class=\"bellows-menu-item bellows-menu-item-type-post_type bellows-menu-item-object-page bellows-menu-item-3767 bellows-item-level-0\"><a  href=\"https:\/\/english-munich.de\/training\/will-future-verneint\/\" class=\"bellows-target\"><span class=\"bellows-target-title bellows-target-text\">\u2611\ufe0fWill Future verneint<\/span><\/a><\/li>\n<\/ul><\/div>\r\n<\/div>\r\n<\/div>","protected":false},"excerpt":{"rendered":"Will Future Aufgaben \u00dcbungen zum Will Future im bejahten Aussagesatz Beispiel \u24ffJohn &nbsp;(be)&nbsp;president one day. Die richtige L\u00f6sung ist: will be &nbsp;&nbsp;Tipp \u270d\ufe0f F\u00fclle die Verben in Klammern in der richtigen Form des Will Future in die L\u00fccken: \u2776Johnny (drink) all the champagne. Tipp \u2777We (ride) our bikes only if the weahter is nice. Tipp [&hellip;]","protected":false},"author":3,"featured_media":0,"parent":0,"menu_order":0,"comment_status":"closed","ping_status":"closed","template":"","meta":[],"_links":{"self":[{"href":"https:\/\/english-munich.de\/training\/wp-json\/wp\/v2\/pages\/1406"}],"collection":[{"href":"https:\/\/english-munich.de\/training\/wp-json\/wp\/v2\/pages"}],"about":[{"href":"https:\/\/english-munich.de\/training\/wp-json\/wp\/v2\/types\/page"}],"author":[{"embeddable":true,"href":"https:\/\/english-munich.de\/training\/wp-json\/wp\/v2\/users\/3"}],"replies":[{"embeddable":true,"href":"https:\/\/english-munich.de\/training\/wp-json\/wp\/v2\/comments?post=1406"}],"version-history":[{"count":16,"href":"https:\/\/english-munich.de\/training\/wp-json\/wp\/v2\/pages\/1406\/revisions"}],"predecessor-version":[{"id":9575,"href":"https:\/\/english-munich.de\/training\/wp-json\/wp\/v2\/pages\/1406\/revisions\/9575"}],"wp:attachment":[{"href":"https:\/\/english-munich.de\/training\/wp-json\/wp\/v2\/media?parent=1406"}],"curies":[{"name":"wp","href":"https:\/\/api.w.org\/{rel}","templated":true}]}}