{"id":1372,"date":"2020-05-17T07:44:23","date_gmt":"2020-05-17T07:44:23","guid":{"rendered":"https:\/\/english-munich.de\/training\/?page_id=1372"},"modified":"2021-05-04T18:19:15","modified_gmt":"2021-05-04T18:19:15","slug":"past-perfect-frage","status":"publish","type":"page","link":"https:\/\/english-munich.de\/training\/past-perfect-frage\/","title":{"rendered":"Past Perfect Frage"},"content":{"rendered":"<div class=\"jumbotron text-center\">\r\n<h2>Past Perfect Aufgaben<\/h2>\r\n\u00dcbungen zur Past Perfect\r\n\r\n<\/div>\r\n<div class=\"bs-example\">\r\n<div class=\"accordion\" id=\"accordionExample\">\r\n<div class=\"card\">\r\n<div class=\"card-header\" id=\"headingOne\">\r\n<h2 class=\"mb-0\" style=\"color:#000\">\r\n                    <button type=\"button\" class=\"btn btn-link collapsed\" data-toggle=\"collapse\" data-target=\"#collapseOne\">Beispiel<\/button><\/h2>\r\n<\/div>\r\n<div id=\"collapseOne\" class=\"collapse\" aria-labelledby=\"headingOne\" data-parent=\"#accordionExample\">\r\n<div class=\"card-body\">\r\n<div class=\"row\">\r\n    <span class=\"number\">\u24ff<\/span>  <input type=\"text\" id=\"example\" value=\"Had\" class=\"form-control\" disabled=\"true\">\r\n<p class=\"text\">you<\/p>\r\n        <input type=\"text\" id=\"example1\" class=\"form-control\" autocomplete=\"off\" disabled=\"true\" value=\"drunk\">\r\n<p class=\"text\"><i><b>(drink)<\/b><\/i><\/p>\r\n\r\n<\/div>\r\n<div>\r\n<p class=\"text\"><i>die richtige L\u00f6sung ist: <b>Had you drunk all the lemonade before I came home?<\/b><\/i>&nbsp;&nbsp;<button class=\"btn-lg btn-info\" type=\"button\" value=\"submit\" data-toggle=\"modal\" data-target=\"#myModal\">Tipp<\/button><\/p>\r\n\r\n<\/div>\r\n<\/div>\r\n<\/div>\r\n<\/div>\r\n<\/div>\r\n<br \/><br \/>\r\n<div class=\"container well\">\r\n<h4>\u270d\ufe0f F\u00fclle die Verben in Klammern in der richtigen Form der Frage im <i>Past Perfect<\/i> in die L\u00fccken:<\/h4>\r\n\r\n<hr>\r\n\r\n<br \/>\r\n<div class=\"container\">\r\n<div class=\"row\">\r\n    <span class=\"number\">\u2776<\/span>  <input type=\"text\" id=\"q0\" class=\"form-control\" autocomplete=\"off\">\r\n<p id=\"t0\" class=\"text\">you<\/p>\r\n        <input type=\"text\" id=\"q1\" class=\"form-control\" autocomplete=\"off\">\r\n<p id=\"t1\" class=\"text\"><i><b>(read)<\/b><\/i>&nbsp;the instructions before turning it on ?<\/p>\r\n\r\n<\/div>\r\n<div class=\"row\">\r\n<div>\r\n<p id=\"antwort0\"><\/p>\r\n\r\n<\/div>\r\n<div><a button=\"\" class=\"btn btn-outline-success btn-sm tipp0 hidden\" href=\"#0\" title=\"Had you read...?\" data-toggle=\"popover\" data-placement=\"top\" data-trigger=\"hover\" data-content=\"Die Frage wird im Past Perfect gebildet, indem das Hauptverb mit dem Hilfsverb 'had' umschrieben wird. Das Hauptverb wird erh\u00e4lt in der regelm\u00e4\u00dfigen Form die Endung '-ed'. Vorsicht! 'read' ist unregelm\u00e4\u00dfig also \u2192'had read'\">Tipp<\/a><\/div>\r\n<\/div>\r\n<div class=\"row\">\r\n        <span class=\"number\">\u2777<\/span>   <input type=\"text\" id=\"q2\" class=\"form-control\" autocomplete=\"off\">\r\n<p id=\"t2\" class=\"text\">Oscar<\/p>\r\n        <input type=\"text\" id=\"q3\" class=\"form-control\" autocomplete=\"off\">\r\n<p id=\"t3\" class=\"text\"><i><b>(eat)<\/b><\/i>&nbsp; all the cookies before it got dark?<\/p>\r\n\r\n<\/div>\r\n<div class=\"row\">\r\n<div>\r\n<p id=\"antwort2\"><\/p>\r\n\r\n<\/div>\r\n<div><a button=\"\" class=\"btn btn-outline-success btn-sm tipp2 hidden\" href=\"#1\" title=\"Had Oscar eaten...?\" data-toggle=\"popover\" data-placement=\"top\" data-trigger=\"hover\" data-content=\"Die Frage wird im Past Perfect gebildet, indem das Hauptverb mit dem Hilfsverb 'had' umschrieben wird. Das Hauptverb wird erh\u00e4lt in der regelm\u00e4\u00dfigen Form die Endung '-ed'. Vorsicht! 'eat' ist unregelm\u00e4\u00dfig also \u2192'had eaten'\">Tipp<\/a><\/div>\r\n<\/div>\r\n<div class=\"row\">\r\n        <span class=\"number\">\u2778<\/span><input type=\"text\" id=\"q4\" class=\"form-control\" autocomplete=\"off\">\r\n<p id=\"t4\" class=\"text\">we<\/p>\r\n        <input type=\"text\" id=\"q5\" class=\"form-control\" autocomplete=\"off\">\r\n<p id=\"t5\" class=\"text\"><i><b>(meet)<\/b><\/i>&nbsp; him when we made the deal?<\/p>\r\n\r\n<\/div>\r\n<div class=\"row\">\r\n<div>\r\n<p id=\"antwort4\"><\/p>\r\n\r\n<\/div>\r\n<div><a button=\"\" class=\"btn btn-outline-success btn-sm tipp4 hidden\" href=\"#\" title=\"Had we met...?\" data-toggle=\"popover\" data-placement=\"top\" data-trigger=\"hover\" data-content=\"Die Frage wird im Past Perfect gebildet, indem das Hauptverb mit dem Hilfsverb 'had' umschrieben wird. Das Hauptverb wird erh\u00e4lt in der regelm\u00e4\u00dfigen Form die Endung '-ed'. Vorsicht! 'meet' ist unregelm\u00e4\u00dfig also \u2192'had met'\">Tipp<\/a><\/div>\r\n<\/div>\r\n<div class=\"row\">\r\n        <span class=\"number\">\u2779<\/span><input type=\"text\" id=\"q6\" class=\"form-control\" autocomplete=\"off\">\r\n<p id=\"t6\" class=\"text\">they<\/p>\r\n        <input type=\"text\" id=\"q7\" class=\"form-control\" autocomplete=\"off\">\r\n<p id=\"t7\" class=\"text\"><i><b>(finish)<\/b><\/i>&nbsp; when the clock struck eight?<\/p>\r\n\r\n<\/div>\r\n<div class=\"row\">\r\n<div>\r\n<p id=\"antwort6\"><\/p>\r\n\r\n<\/div>\r\n<div><a button=\"\" class=\"btn btn-outline-success btn-sm tipp6 hidden\" href=\"#\" title=\"Had they finished...?\" data-toggle=\"popover\" data-placement=\"top\" data-trigger=\"hover\" data-content=\"Die Frage wird im Past Perfect gebildet, indem das Hauptverb mit dem Hilfsverb 'had' umschrieben wird. Das Hauptverb wird erh\u00e4lt in der regelm\u00e4\u00dfigen Form die Endung '-ed', also \u2192'had finished'\">Tipp<\/a><\/div>\r\n<\/div>\r\n<div class=\"row\">\r\n        <span class=\"number\">\u277a<\/span><input type=\"text\" id=\"q8\" class=\"form-control\" autocomplete=\"off\">\r\n<p id=\"t8\" class=\"text\">Susan<\/p>\r\n        <input type=\"text\" id=\"q9\" class=\"form-control\" autocomplete=\"off\">\r\n<p id=\"t9\" class=\"text\"><i><b>(read)<\/b><\/i>&nbsp;all the books before the test?<\/p>\r\n\r\n<\/div>\r\n<div class=\"row\">\r\n<div>\r\n<p id=\"antwort8\"><\/p>\r\n\r\n<\/div>\r\n<div><a button=\"\" class=\"btn btn-outline-success btn-sm tipp8 hidden\" href=\"#\" title=\"Had Susan read...?\" data-toggle=\"popover\" data-placement=\"top\" data-trigger=\"hover\" data-content=\"Die Frage wird im Past Perfect gebildet, indem das Hauptverb mit dem Hilfsverb 'had' umschrieben wird. Das Hauptverb wird erh\u00e4lt in der regelm\u00e4\u00dfigen Form die Endung '-ed'. Vorsicht! 'read' ist unregelm\u00e4\u00dfig also \u2192'had read'\">Tipp<\/a><\/div>\r\n<\/div>\r\n<div class=\"row\">\r\n        <span class=\"number\">\u277b<\/span><input type=\"text\" id=\"q10\" class=\"form-control\" autocomplete=\"off\">\r\n<p id=\"t10\" class=\"text\">I<\/p>\r\n        <input type=\"text\" id=\"q11\" class=\"form-control\" autocomplete=\"off\">\r\n<p id=\"t11\" class=\"text\"><i><b>(go)<\/b><\/i>&nbsp; when you said that?<\/p>\r\n\r\n<\/div>\r\n<div class=\"row\">\r\n<div>\r\n<p id=\"antwort10\"><\/p>\r\n\r\n<\/div>\r\n<div><a button=\"\" class=\"btn btn-outline-success btn-sm tipp10 hidden\" href=\"#\" title=\"Had I gone..?\" data-toggle=\"popover\" data-placement=\"top\" data-trigger=\"hover\" data-content=\"Die Frage wird im Past Perfect gebildet, indem das Hauptverb mit dem Hilfsverb 'had' umschrieben wird. Das Hauptverb wird erh\u00e4lt in der regelm\u00e4\u00dfigen Form die Endung '-ed'. Vorsicht! 'go' ist unregelm\u00e4\u00dfig also \u2192'had gone'\">Tipp<\/a><\/div>\r\n<\/div>\r\n<div class=\"row\">\r\n        <span class=\"number\">\u277c<\/span><input type=\"text\" id=\"q12\" class=\"form-control\" autocomplete=\"off\">\r\n<p id=\"t12\" class=\"text\">it<\/p>\r\n        <input type=\"text\" id=\"q13\" class=\"form-control\" autocomplete=\"off\">\r\n<p id=\"t13\" class=\"text\"><i><b>(work)<\/b><\/i>&nbsp; properly before you tried to fix it?<\/p>\r\n\r\n<\/div>\r\n<div class=\"row\">\r\n<div>\r\n<p id=\"antwort12\"><\/p>\r\n\r\n<\/div>\r\n<div><a button=\"\" class=\"btn btn-outline-success btn-sm tipp12 hidden\" href=\"#\" title=\"Had it worked...?\" data-toggle=\"popover\" data-placement=\"top\" data-trigger=\"hover\" data-content=\"Die Frage wird im Past Perfect gebildet, indem das Hauptverb mit dem Hilfsverb 'had' umschrieben wird. Das Hauptverb wird erh\u00e4lt in der regelm\u00e4\u00dfigen Form die Endung '-ed', \u2192'had worked'\">Tipp<\/a><\/div>\r\n<\/div>\r\n<div class=\"row\">\r\n        <span class=\"number\">\u277d<\/span><input type=\"text\" id=\"q14\" class=\"form-control\" autocomplete=\"off\">\r\n<p id=\"t14\" class=\"text\">you<\/p>\r\n        <input type=\"text\" id=\"q15\" class=\"form-control\" autocomplete=\"off\">\r\n<p id=\"t15\" class=\"text\"><i><b>(leave)<\/b><\/i>&nbsp; town when the sheriff came?<\/p>\r\n\r\n<\/div>\r\n<div class=\"row\">\r\n<div>\r\n<p id=\"antwort14\"><\/p>\r\n\r\n<\/div>\r\n<div><a button=\"\" class=\"btn btn-outline-success btn-sm tipp14 hidden\" href=\"#\" title=\"Had you left...\" data-toggle=\"popover\" data-placement=\"top\" data-trigger=\"hover\" data-content=\"Die Frage wird im Past Perfect gebildet, indem das Hauptverb mit dem Hilfsverb 'had' umschrieben wird. Das Hauptverb wird erh\u00e4lt in der regelm\u00e4\u00dfigen Form die Endung '-ed'. Vorsicht! 'leave' ist unregelm\u00e4\u00dfig also \u2192'had left'\">Tipp<\/a><\/div>\r\n<\/div>\r\n<div class=\"row\">\r\n        <span class=\"number\">\u277e<\/span><input type=\"text\" id=\"q16\" class=\"form-control\" autocomplete=\"off\">\r\n<p id=\"t16\" class=\"text\">she<\/p>\r\n        <input type=\"text\" id=\"q17\" class=\"form-control\" autocomplete=\"off\">\r\n<p id=\"t17\" class=\"text\"><i><b>(see)<\/b><\/i>&nbsp; all the cat-videos before the computer crashed?<\/p>\r\n\r\n<\/div>\r\n<div class=\"row\">\r\n<div>\r\n<p id=\"antwort16\"><\/p>\r\n\r\n<\/div>\r\n<div><a button=\"\" class=\"btn btn-outline-success btn-sm tipp16 hidden\" href=\"#\" title=\"Had she seen...?\" data-toggle=\"popover\" data-placement=\"top\" data-trigger=\"hover\" data-content=\"Die Frage wird im Past Perfect gebildet, indem das Hauptverb mit dem Hilfsverb 'had' umschrieben wird. Das Hauptverb wird erh\u00e4lt in der regelm\u00e4\u00dfigen Form die Endung '-ed'. Vorsicht! 'see' ist unregelm\u00e4\u00dfig also \u2192'had seen'\">Tipp<\/a><\/div>\r\n<\/div>\r\n<div class=\"row\">\r\n        <span class=\"number\">\u277f<\/span><input type=\"text\" id=\"q18\" class=\"form-control\" autocomplete=\"off\">\r\n<p id=\"t18\" class=\"text\">they<\/p>\r\n        <input type=\"text\" id=\"q19\" class=\"form-control\" autocomplete=\"off\">\r\n<p id=\"t19\" class=\"text\"><i><b>(drive)<\/b><\/i>&nbsp; an Opel Corsa before they bought a Cadillac?<\/p>\r\n\r\n<\/div>\r\n<div class=\"row\">\r\n<div>\r\n<p id=\"antwort18\"><\/p>\r\n\r\n<\/div>\r\n<div><a button=\"\" class=\"btn btn-outline-success btn-sm tipp18 hidden\" href=\"#\" title=\"Had they driven...?\" data-toggle=\"popover\" data-placement=\"top\" data-trigger=\"hover\" data-content=\"Die Frage wird im Past Perfect gebildet, indem das Hauptverb mit dem Hilfsverb 'had' umschrieben wird. Das Hauptverb wird erh\u00e4lt in der regelm\u00e4\u00dfigen Form die Endung '-ed'. Vorsicht! 'drive' ist unregelm\u00e4\u00dfig also \u2192'had driven'\">Tipp<\/a><\/div>\r\n<\/div>\r\n<div><\/div>\r\n<\/div>\r\n<\/div>\r\n<\/div>\r\n<!-- The Modal -->\r\n<div id=\"myModal\" class=\"modal fade\">\r\n<div class=\"modal-dialog\">\r\n<div class=\"modal-content\">\r\n\r\n<!-- Modal Header -->\r\n<div class=\"modal-header\">\r\n<h4 class=\"modal-title\">Past Perfect Frage<\/h4>\r\n<button class=\"close\" type=\"button\" data-dismiss=\"modal\">\u00d7<\/button>\r\n\r\n<\/div>\r\n<!-- Modal body -->\r\n<div class=\"modal-body\">\r\n<div class=\"container\">\r\n<h2>Past Perfect Frage \u00dcbersicht<\/h2>\r\nTabelle f\u00fcr die Bildung des Present Perfects Frage regelm\u00e4\u00dfig:\r\n<table class=\"table table-bordered table-sm table-hover\">\r\n<thead>\r\n<tr class=\"table-primary\">\r\n<td><b>Hilfsverb<\/b><\/td>\r\n<td><b>Had<\/b><\/td>\r\n<\/tr>\r\n<\/thead>\r\n<tbody>\r\n<tr class=\"table-danger\">\r\n<th>Personalpronomen<\/th>\r\n<th>I \/ you \/ he \/ she \/ it \/ we \/ they<\/th>\r\n<\/tr>\r\n<tr class=\"table-warning\">\r\n<td><b>Partizip Perfekt<\/b><\/td>\r\n<td><b>watched ?<\/b><\/td>\r\n<\/tr>\r\n<\/tbody>\r\n<\/table>\r\n<\/div>\r\n<!-- Modal footer -->\r\n<div class=\"modal-footer\"><button class=\"btn btn-danger\" type=\"button\" data-dismiss=\"modal\">Close<\/button><\/div>\r\n<\/div>\r\n<\/div>\r\n<\/div>\r\n<\/div>\r\n<div class=\"container\">\r\n\r\n<hr>\r\n\r\n<button id=\"test\" class=\"btn-lg btn-primary \" type=\"submit\" value=\"submit\">Pr\u00fcfen<\/button><button id=\"resetButton\" class=\"btn-lg btn-success\" type=\"submit\" onclick=\"refreshPage()\">Neustart<\/button><button id=\"submitButton\" class=\"btn-lg btn-info\" type=\"button\" value=\"submit\" data-toggle=\"modal\" data-target=\"#myModal\">Tipp<\/button>\r\n<hr>\r\n<h3>Alle \u00dcbungen Past Perfect<\/h3>\r\n<hr>\r\n<div id=\"bellows-main-17\" class=\"bellows bellows-nojs bellows-main bellows-source-menu bellows-align-full bellows-skin-vanilla bellows-type-\"><ul id=\"menu-past-perfect\" class=\"bellows-nav\" data-bellows-config=\"main\"><li id=\"menu-item-3750\" class=\"bellows-menu-item bellows-menu-item-type-post_type bellows-menu-item-object-page bellows-menu-item-3750 bellows-item-level-0\"><a  href=\"https:\/\/english-munich.de\/training\/past-perfect\/\" class=\"bellows-target\"><span class=\"bellows-target-title bellows-target-text\">\u270d\ufe0fPast Perfect bejaht<\/span><\/a><\/li>\n<li id=\"menu-item-3751\" class=\"bellows-menu-item bellows-menu-item-type-post_type bellows-menu-item-object-page bellows-menu-item-3751 bellows-item-level-0\"><a  href=\"https:\/\/english-munich.de\/training\/past-perfect-frage\/\" class=\"bellows-target\"><span class=\"bellows-target-title bellows-target-text\">\u270d\ufe0fPast Perfect Frage<\/span><\/a><\/li>\n<li id=\"menu-item-3752\" class=\"bellows-menu-item bellows-menu-item-type-post_type bellows-menu-item-object-page bellows-menu-item-3752 bellows-item-level-0\"><a  href=\"https:\/\/english-munich.de\/training\/past-perfect-verneint\/\" class=\"bellows-target\"><span class=\"bellows-target-title bellows-target-text\">\u2611\ufe0fPast Perfect verneint<\/span><\/a><\/li>\n<\/ul><\/div>\r\n<p id=\"result\"><\/p>\r\n<p id=\"result2\"><\/p>\r\n<\/div>","protected":false},"excerpt":{"rendered":"Past Perfect Aufgaben \u00dcbungen zur Past Perfect Beispiel \u24ff you (drink) die richtige L\u00f6sung ist: Had you drunk all the lemonade before I came home?&nbsp;&nbsp;Tipp \u270d\ufe0f F\u00fclle die Verben in Klammern in der richtigen Form der Frage im Past Perfect in die L\u00fccken: \u2776 you (read)&nbsp;the instructions before turning it on ? Tipp \u2777 Oscar [&hellip;]","protected":false},"author":3,"featured_media":0,"parent":0,"menu_order":0,"comment_status":"closed","ping_status":"closed","template":"","meta":[],"_links":{"self":[{"href":"https:\/\/english-munich.de\/training\/wp-json\/wp\/v2\/pages\/1372"}],"collection":[{"href":"https:\/\/english-munich.de\/training\/wp-json\/wp\/v2\/pages"}],"about":[{"href":"https:\/\/english-munich.de\/training\/wp-json\/wp\/v2\/types\/page"}],"author":[{"embeddable":true,"href":"https:\/\/english-munich.de\/training\/wp-json\/wp\/v2\/users\/3"}],"replies":[{"embeddable":true,"href":"https:\/\/english-munich.de\/training\/wp-json\/wp\/v2\/comments?post=1372"}],"version-history":[{"count":10,"href":"https:\/\/english-munich.de\/training\/wp-json\/wp\/v2\/pages\/1372\/revisions"}],"predecessor-version":[{"id":11580,"href":"https:\/\/english-munich.de\/training\/wp-json\/wp\/v2\/pages\/1372\/revisions\/11580"}],"wp:attachment":[{"href":"https:\/\/english-munich.de\/training\/wp-json\/wp\/v2\/media?parent=1372"}],"curies":[{"name":"wp","href":"https:\/\/api.w.org\/{rel}","templated":true}]}}