{"id":1358,"date":"2020-05-16T19:50:15","date_gmt":"2020-05-16T19:50:15","guid":{"rendered":"https:\/\/english-munich.de\/training\/?page_id=1358"},"modified":"2021-01-18T11:52:21","modified_gmt":"2021-01-18T11:52:21","slug":"past-perfect-verneint","status":"publish","type":"page","link":"https:\/\/english-munich.de\/training\/past-perfect-verneint\/","title":{"rendered":"Past Perfect verneint"},"content":{"rendered":"<div class=\"jumbotron text-center\">\r\n<h2>Past Perfect<\/h2>\r\n\u00dcbungen zum Past Perfect im verneinten Aussagesatz\r\n\r\n<\/div>\r\n<div class=\"bs-example\">\r\n<div id=\"accordionExample\" class=\"accordion\">\r\n<div class=\"card\">\r\n<div id=\"headingOne\" class=\"card-header\">\r\n<h2 class=\"number\"><button class=\"btn btn-link collapsed\" type=\"button\" data-toggle=\"collapse\" data-target=\"#collapseOne\">Beispiel<\/button><\/h2>\r\n<\/div>\r\n<div id=\"collapseOne\" class=\"collapse\" aria-labelledby=\"headingOne\" data-parent=\"#accordionExample\">\r\n<div class=\"card-body\">\r\n<div class=\"form-group\" style=\"width: 70%; margin: 10px;\"><label for=\"sel1\"><span class=\"number\">\u24ff<\/span>Mr. Black __________ before the bell rang.<\/label>\r\n<select id=\"beispiel\" class=\"form-control\">\r\n<option value=\"wrong\">had not finishing up<\/option>\r\n<option value=\"correct\">hadn&#8217;t finished up<\/option>\r\n<option value=\"wrong\">hasn&#8217;t finished up<\/option>\r\n<\/select>\r\n\r\nDie richtige L\u00f6sung ist: <b>&#8222;hadn&#8217;t finished up&#8220;<\/b>&nbsp;&nbsp;<button class=\"btn-lg btn-info\" type=\"button\" value=\"submit\" data-toggle=\"modal\" data-target=\"#myModal\">Tipp<\/button>\r\n\r\n<\/div>\r\n<\/div>\r\n<\/div>\r\n<\/div>\r\n<\/div>\r\n<br \/><br \/>\r\n<div class=\"container well\">\r\n<h4>\u2611\ufe0f W\u00e4hle die richtige Option des <i>Past Perfect<\/i>:<\/h4>\r\n<br \/><br \/>\r\n<div class=\"container-fluid\">\r\n<div class=\"form-group\" style=\"width: 70%;\"><label for=\"sel1\"><span class=\"number\">\u2776<\/span>My mother __________ the movie before the premiere.<\/label>\r\n<select id=\"q0\" class=\"form-control\"><option value=\"wrong\"><\/option>\r\n<option value=\"wrong\">hasn&#8217;t seen<\/option>\r\n<option value=\"correct\">hadn&#8217;t seen<\/option>\r\n<option value=\"wrong\">wasn&#8217;t seen<\/option>\r\n<\/select>\r\n<p id=\"correct0\" align=\"left\"><\/p>\r\n<a class=\"btn btn-success tipp0 hidden\" style=\"text-decoration: none, color:white;\" title=\"My mother hadn't seen...\" href=\"#0\" data-toggle=\"popover\" data-placement=\"top\" data-trigger=\"hover\" data-content=\"Das past perfect wird mit dem Hilfsverb 'had' gebildet, das mit dem Partizip II erweitert wird. !Vorsicht 'see' ist unregelm\u00e4\u00dfig \u2192 hadn't seen.\">Tipp<\/a>\r\n\r\n<\/div>\r\n<div class=\"form-group\" style=\"width: 70%;\"><label for=\"sel1\"><span class=\"number\">\u2777<\/span>We __________ our neighbors before it was too late.<\/label>\r\n<select id=\"q1\" class=\"form-control\"><option value=\"wrong\"><\/option>\r\n<option value=\"wrong\">hasn&#8217;t informed<\/option>\r\n<option value=\"correct\">hadn&#8217;t informed<\/option>\r\n<option value=\"wrong\">hadn&#8217;t informing <\/option>\r\n<\/select>\r\n<p id=\"correct1\" align=\"left\"><\/p>\r\n<a class=\"btn btn-success tipp1 hidden\" style=\"text-decoration: none, color:white;\" title=\"We hadn't informed...\" href=\"#1\" data-toggle=\"popover\" data-placement=\"top\" data-trigger=\"hover\" data-content=\"Das past perfect wird mit dem Hilfsverb 'had' gebildet, das mit dem Partizip II erweitert wird.'inform' ist regelm\u00e4\u00dfig einfach '-ed' ans Haupverb anh\u00e4ngen \u2192 'hadn't informed'.\">Tipp<\/a>\r\n\r\n<\/div>\r\n<div class=\"form-group\" style=\"width: 70%;\"><label for=\"sel1\"><span class=\"number\">\u2778<\/span>I __________ when the game started.<\/label>\r\n<select id=\"q2\" class=\"form-control\"><option value=\"wrong\"><\/option>\r\n<option value=\"wrond\">haven&#8217;t arrived<\/option>\r\n<option value=\"correct\">hadn&#8217;t arrived<\/option>\r\n<option value=\"wrong\">wasn&#8217;t arriving<\/option>\r\n<\/select>\r\n<p id=\"correct2\" align=\"left\"><\/p>\r\n<a class=\"btn btn-success tipp2 hidden\" style=\"text-decoration: none, color:white;\" title=\"I hadn't arrived...\" href=\"#2\" data-toggle=\"popover\" data-placement=\"top\" data-trigger=\"hover\" data-content=\"Das 'past perfect' wird mit dem Hilfsverb 'had' gebildet, das mit dem Partizip II erweitert wird.'arrive' ist unregelm\u00e4\u00dfig kein '-e' am Ende, erst dann'-ed' ans Haupverb anh\u00e4ngen \u2192 'hadn't arrived'\">Tipp<\/a>\r\n\r\n<\/div>\r\n<div class=\"form-group\" style=\"width: 70%;\"><label for=\"sel1\"><span class=\"number\">\u2779<\/span>If your parents __________ at the Bates Motel, it might still be in business.<\/label>\r\n<select id=\"q3\" class=\"form-control\"><option value=\"wrong\"><\/option>\r\n<option value=\"correct\">hadn&#8217;t stayed<\/option>\r\n<option value=\"wrong\">hasn&#8217;t been staying<\/option>\r\n<option value=\"wrong\">weren&#8217;t stayed<\/option>\r\n<\/select>\r\n<p id=\"correct3\" align=\"left\"><\/p>\r\n<a class=\"btn btn-success tipp3 hidden\" style=\"text-decoration: none, color:white;\" title=\"Your parents hadn't stayed\" href=\"#3\" data-toggle=\"popover\" data-placement=\"top\" data-trigger=\"hover\" data-content=\"Das past perfect wird mit dem Hilfsverb 'had' gebildet, das mit dem Partizip II erweitert wird.'Stay' ist regelm\u00e4\u00dfig einfach '-ed' ans Haupverb anh\u00e4ngen \u2192 'hadn't stayed'. Das Perfect kann auch verwendet werden, um einen 'Irrealis' auszudr\u00fccken.\">Tipp<\/a>\r\n\r\n<\/div>\r\n<div class=\"form-group\" style=\"width: 70%;\"><label for=\"sel1\"><span class=\"number\">\u277a<\/span>They __________ Mario Cart before it came out on Playstation.<\/label>\r\n<select id=\"q4\" class=\"form-control\"><option value=\"wrong\"><\/option>\r\n<option value=\"wrong\">haven&#8217;t played<\/option>\r\n<option value=\"wrong\">hadn&#8217;t playing<\/option>\r\n<option value=\"correct\">hadn&#8217;t played<\/option>\r\n<\/select>\r\n<p id=\"correct4\" align=\"left\"><\/p>\r\n<a class=\"btn btn-success tipp4 hidden\" style=\"text-decoration: none, color:white;\" title=\"They hadn't played...\" href=\"#4\" data-toggle=\"popover\" data-placement=\"top\" data-trigger=\"hover\" data-content=\"Das past perfect wird mit dem Hilfsverb 'had' gebildet, das mit dem Partizip II erweitert wird.'Play' ist regelm\u00e4\u00dfig einfach '-ed' ans Haupverb anh\u00e4ngen \u2192 'hadn't played'\">Tipp<\/a>\r\n\r\n<\/div>\r\n<div class=\"form-group\" style=\"width: 70%;\"><label for=\"sel1\"><span class=\"number\">\u277b<\/span>Ms.Brown __________ her pipe until it got dark.<\/label>\r\n<select id=\"q5\" class=\"form-control\"><option value=\"wrong\"><\/option>\r\n<option value=\"wrong\">hadn&#8217;t been smoked<\/option>\r\n<option value=\"correct\">hadn&#8217;t smoked<\/option>\r\n<option value=\"wrong\">hadn&#8217;t smoking<\/option>\r\n<\/select>\r\n<p id=\"correct5\" align=\"left\"><\/p>\r\n<a class=\"btn btn-success tipp5 hidden\" style=\"text-decoration: none, color:white;\" title=\"Ms.Brown hadn't smoked...\" href=\"#5\" data-toggle=\"popover\" data-placement=\"top\" data-trigger=\"hover\" data-content=\"Das 'past perfect' wird mit dem Hilfsverb 'had' gebildet, das mit dem Partizip II erweitert wird.'smoke' ist unregelm\u00e4\u00dfig kein '-e' am Ende, erst dann'-ed' ans Haupverb anh\u00e4ngen \u2192 'hadn't smoked'\">Tipp<\/a>\r\n\r\n<\/div>\r\n<div class=\"form-group\" style=\"width: 70%;\"><label for=\"sel1\"><span class=\"number\">\u277c<\/span> The Smiths __________ before everybody was gone.<\/label>\r\n<select id=\"q6\" class=\"form-control\"><option value=\"wrong\"><\/option>\r\n<option value=\"wrong\">weren&#8217;t begun<\/option>\r\n<option value=\"correct\">hadn&#8217;t begun<\/option>\r\n<option value=\"wrong\">hadn&#8217;t began<\/option>\r\n<\/select>\r\n<p id=\"correct6\" align=\"left\"><\/p>\r\n<a class=\"btn btn-success tipp6 hidden\" style=\"text-decoration: none, color:white;\" title=\"The Smiths hadn't begun...\" href=\"#6\" data-toggle=\"popover\" data-placement=\"top\" data-trigger=\"hover\" data-content=\"Das 'past perfect' wird mit dem Hilfsverb 'had' gebildet, das mit dem Partizip II erweitert wird. !Vorsicht 'begin' ist unregelm\u00e4\u00dfig \u2192 hadn't begun.\">Tipp<\/a>\r\n\r\n<\/div>\r\n<div class=\"form-group\" style=\"width: 70%;\"><label for=\"sel1\"><span class=\"number\">\u277d<\/span>After I __________  attention I made a mistake.<\/label>\r\n<select id=\"q7\" class=\"form-control\"><option value=\"wrong\"><\/option>\r\n<option value=\"correct\">hadn&#8217;t paid<\/option>\r\n<option value=\"wrong\">haven&#8217;t been paid<\/option>\r\n<option value=\"wrong\">hadn&#8217;t paying<\/option>\r\n<\/select>\r\n<p id=\"correct7\" align=\"left\"><\/p>\r\n<a class=\"btn btn-success tipp7 hidden\" style=\"text-decoration: none, color:white;\" title=\"I hadn't paid...\" href=\"#7\" data-toggle=\"popover\" data-placement=\"top\" data-trigger=\"hover\" data-content=\"Das 'past perfect' wird mit dem Hilfsverb 'had' gebildet, das mit dem Partizip II erweitert wird. !Vorsicht 'pay' ist unregelm\u00e4\u00dfig \u2192 hadn't paid.\">Tipp<\/a>\r\n\r\n<\/div>\r\n<div class=\"form-group\" style=\"width: 70%;\"><label for=\"sel1\"><span class=\"number\">\u277e<\/span> She __________  her homework until her father got angry.<\/label>\r\n<select id=\"q8\" class=\"form-control\"><option value=\"wrong\"><\/option>\r\n<option value=\"wrong\">haven&#8217;t done<\/option>\r\n<option value=\"correct\">hadn&#8217;t done<\/option>\r\n<option value=\"wrong\">hasn&#8217;t doing<\/option>\r\n<\/select>\r\n<p id=\"correct8\" align=\"left\"><\/p>\r\n<a class=\"btn btn-success tipp8 hidden\" style=\"text-decoration: none, color:white;\" title=\"She hadn't done...\" href=\"#8\" data-toggle=\"popover\" data-placement=\"top\" data-trigger=\"hover\" data-content=\"Das 'past perfect' wird mit dem Hilfsverb 'had' gebildet, das mit dem Partizip II erweitert wird. !Vorsicht 'do' ist unregelm\u00e4\u00dfig \u2192 hadn't done.\">Tipp<\/a>\r\n\r\n<\/div>\r\n<div class=\"form-group\" style=\"width: 70%;\"><label for=\"sel1\"><span class=\"number\">\u277f<\/span> After our neighbors ________ the stairs all year, I had to tell them.<\/label>\r\n<select id=\"q9\" class=\"form-control\"><option value=\"wrong\"><\/option>\r\n<option value=\"correct\">hadn&#8217;t swept<\/option>\r\n<option value=\"wrong\">hasn&#8217;t sweep<\/option>\r\n<option value=\"wrong\">hasn&#8217;t swept<\/option>\r\n<\/select>\r\n<p id=\"correct9\" align=\"left\"><\/p>\r\n<a class=\"btn btn-success tipp9 hidden\" style=\"text-decoration: none, color:white;\" title=\"Our neighbors hadn't swept...\" href=\"#9\" data-toggle=\"popover\" data-placement=\"top\" data-trigger=\"hover\" data-content=\"Das 'past perfect' wird mit dem Hilfsverb 'had' gebildet, das mit dem Partizip II erweitert wird. !Vorsicht 'sweep' ist unregelm\u00e4\u00dfig \u2192 hadn't swept.\">Tipp<\/a>\r\n\r\n<\/div>\r\n<\/div>\r\n<\/div>\r\n<div class=\"container\">\r\n\r\n<!-- The Modal -->\r\n<div id=\"myModal\" class=\"modal fade\">\r\n<div class=\"modal-dialog\">\r\n<div class=\"modal-content\">\r\n\r\n<!-- Modal Header -->\r\n<div class=\"modal-header\">\r\n<h4 class=\"modal-title\">Past Perfect verneint<\/h4>\r\n<button class=\"close\" type=\"button\" data-dismiss=\"modal\">\u00d7<\/button>\r\n\r\n<\/div>\r\n<!-- Modal body -->\r\n<div class=\"modal-body\">\r\n<div class=\"container\">\r\n<h2>Past Perfect Verneinung \u00dcbersicht<\/h2>\r\nTabelle f\u00fcr die Bildung der Verneinung des Past Perfects regelm\u00e4\u00dfig:\r\n<table class=\"table table-bordered table-sm table-hover\">\r\n<thead>\r\n<tr class=\"table-danger\">\r\n<th>Personalpronomen<\/th>\r\n<th>I \/ you \/ he \/ she \/ it \/ we \/ they<\/th>\r\n<\/tr>\r\n<\/thead>\r\n<tbody>\r\n<tr class=\"table-primary\">\r\n<td><b>Hilfsverb<\/b><\/td>\r\n<td><b>had not \/ hadn&#8217;t<\/b><\/td>\r\n<\/tr>\r\n<tr class=\"table-warning\">\r\n<td><b>Partizip Perfekt<\/b><\/td>\r\n<td><b>watched.<\/b><\/td>\r\n<\/tr>\r\n<\/tbody>\r\n<\/table>\r\n<\/div>\r\n<!-- Modal footer -->\r\n<div class=\"modal-footer\"><button class=\"btn btn-danger\" type=\"button\" data-dismiss=\"modal\">Close<\/button><\/div>\r\n<\/div>\r\n<\/div>\r\n<\/div>\r\n<\/div>\r\n<\/div>\r\n\r\n<hr>\r\n\r\n<div class=\"container\"><button id=\"submitButton\" class=\"btn-lg btn-primary \" type=\"submit\" value=\"submit\">Pr\u00fcfen<\/button><button id=\"resetButton\" class=\"btn-lg btn-success\" type=\"submit\" onclick=\"refreshPage()\">Neustart<\/button><button id=\"submitButton\" class=\"btn-lg btn-info\" type=\"submit\" value=\"submit\" data-toggle=\"modal\" data-target=\"#myModal\">Tipp<\/button>\r\n\r\n\r\n\r\n<hr>\r\n\r\n\r\n\r\n<p id=\"result\"><\/p>\r\n<p id=\"result2\"><\/p>\r\n\r\n<h3>Past Perfect alle \u00dcbungen<\/h3>\r\n<hr>\r\n<div id=\"bellows-main-17\" class=\"bellows bellows-nojs bellows-main bellows-source-menu bellows-align-full bellows-skin-vanilla bellows-type-\"><ul id=\"menu-past-perfect\" class=\"bellows-nav\" data-bellows-config=\"main\"><li id=\"menu-item-3750\" class=\"bellows-menu-item bellows-menu-item-type-post_type bellows-menu-item-object-page bellows-menu-item-3750 bellows-item-level-0\"><a  href=\"https:\/\/english-munich.de\/training\/past-perfect\/\" class=\"bellows-target\"><span class=\"bellows-target-title bellows-target-text\">\u270d\ufe0fPast Perfect bejaht<\/span><\/a><\/li>\n<li id=\"menu-item-3751\" class=\"bellows-menu-item bellows-menu-item-type-post_type bellows-menu-item-object-page bellows-menu-item-3751 bellows-item-level-0\"><a  href=\"https:\/\/english-munich.de\/training\/past-perfect-frage\/\" class=\"bellows-target\"><span class=\"bellows-target-title bellows-target-text\">\u270d\ufe0fPast Perfect Frage<\/span><\/a><\/li>\n<li id=\"menu-item-3752\" class=\"bellows-menu-item bellows-menu-item-type-post_type bellows-menu-item-object-page bellows-menu-item-3752 bellows-item-level-0\"><a  href=\"https:\/\/english-munich.de\/training\/past-perfect-verneint\/\" class=\"bellows-target\"><span class=\"bellows-target-title bellows-target-text\">\u2611\ufe0fPast Perfect verneint<\/span><\/a><\/li>\n<\/ul><\/div>\r\n<\/div>\r\n<\/div>","protected":false},"excerpt":{"rendered":"Past Perfect \u00dcbungen zum Past Perfect im verneinten Aussagesatz Beispiel \u24ffMr. Black __________ before the bell rang. had not finishing up hadn&#8217;t finished up hasn&#8217;t finished up Die richtige L\u00f6sung ist: &#8222;hadn&#8217;t finished up&#8220;&nbsp;&nbsp;Tipp \u2611\ufe0f W\u00e4hle die richtige Option des Past Perfect: \u2776My mother __________ the movie before the premiere. hasn&#8217;t seen hadn&#8217;t seen wasn&#8217;t [&hellip;]","protected":false},"author":3,"featured_media":0,"parent":0,"menu_order":0,"comment_status":"closed","ping_status":"closed","template":"","meta":[],"_links":{"self":[{"href":"https:\/\/english-munich.de\/training\/wp-json\/wp\/v2\/pages\/1358"}],"collection":[{"href":"https:\/\/english-munich.de\/training\/wp-json\/wp\/v2\/pages"}],"about":[{"href":"https:\/\/english-munich.de\/training\/wp-json\/wp\/v2\/types\/page"}],"author":[{"embeddable":true,"href":"https:\/\/english-munich.de\/training\/wp-json\/wp\/v2\/users\/3"}],"replies":[{"embeddable":true,"href":"https:\/\/english-munich.de\/training\/wp-json\/wp\/v2\/comments?post=1358"}],"version-history":[{"count":20,"href":"https:\/\/english-munich.de\/training\/wp-json\/wp\/v2\/pages\/1358\/revisions"}],"predecessor-version":[{"id":4693,"href":"https:\/\/english-munich.de\/training\/wp-json\/wp\/v2\/pages\/1358\/revisions\/4693"}],"wp:attachment":[{"href":"https:\/\/english-munich.de\/training\/wp-json\/wp\/v2\/media?parent=1358"}],"curies":[{"name":"wp","href":"https:\/\/api.w.org\/{rel}","templated":true}]}}