{"id":1348,"date":"2020-05-16T17:15:14","date_gmt":"2020-05-16T17:15:14","guid":{"rendered":"https:\/\/english-munich.de\/training\/?page_id=1348"},"modified":"2021-05-05T06:40:59","modified_gmt":"2021-05-05T06:40:59","slug":"past-perfect","status":"publish","type":"page","link":"https:\/\/english-munich.de\/training\/past-perfect\/","title":{"rendered":"Past Perfect bejaht"},"content":{"rendered":"<div class=\"jumbotron text-center\">\r\n<h2>Past Perfect Aufgaben<\/h2>\r\n\u00dcbungen zum Past Perfect im bejahten Aussagesatz\r\n\r\n<\/div>\r\n<div class=\"bs-example\">\r\n<div class=\"accordion\" id=\"accordionExample\">\r\n<div class=\"card\">\r\n<div class=\"card-header\" id=\"headingOne\">\r\n<h2 class=\"mb-0\" style=\"color:#000\">\r\n                    <button type=\"button\" class=\"btn btn-link collapsed\" data-toggle=\"collapse\" data-target=\"#collapseOne\">Beispiel<\/button><\/h2>\r\n<\/div>\r\n<div id=\"collapseOne\" class=\"collapse\" aria-labelledby=\"headingOne\" data-parent=\"#accordionExample\">\r\n<div class=\"card-body\">\r\n<div class=\"form-inline\">\r\n<div>\r\n<b><span class=\"number\">\u24ff<\/span><\/b>John <input type=\"text\" class=\"form-control\" id=\"panel-beispiel\" disabled=\"\" value=\"had wanted\"> <i><b>&nbsp;(want)&nbsp;<\/b><\/i>to be a footballer before he got injured.\r\n<\/div><div>\r\nDie richtige L\u00f6sung ist:<b> had wanted<\/b>&nbsp;&nbsp;<button class=\"btn-lg btn-info\" type=\"button\" data-toggle=\"modal\" data-target=\"#myModal\">Tipp<\/button>\r\n<\/div>\r\n<\/div>\r\n<\/div>\r\n<\/div>\r\n<\/div>\r\n<\/div>\r\n<br \/><br \/>\r\n<div class=\"container well\">\r\n<h4>\u270d\ufe0f F\u00fclle die Verben in Klammern in der richtigen Form des <i>Past Perfect<\/i> in die L\u00fccken:<\/h4>\r\n\r\n<hr>\r\n\r\n<br \/>\r\n<div class=\"container\">\r\n<b><span class=\"number\">\u2776<\/span><\/b>Graham<input type=\"text\" class=\"form-control\" id=\"q0\" autocomplete=\"off\"><b><i>  (watch)<\/i><\/b> TV all day before he went to bed.\r\n<div class=\"row\">\r\n<div>\r\n<p id=\"correct0\" align=\"left\"><\/p>\r\n\r\n<\/div>\r\n<div>\r\n<a button=\"\" class=\"btn btn-success tipp0 hidden\" href=\"#1\" title=\"Roscoe had watched...\" data-toggle=\"popover\" data-placement=\"top\" data-trigger=\"hover\" style=\"text-decoration: none; color:white;\" data-content=\"Das 'Past Perfect' wird gebildet indem man an das Hilfsverb 'had' mit Partizip II des Hauptverbs erg\u00e4nzt  \u2192 had watched.\">Tipp<\/a><\/div>\r\n<\/div>\r\n<b><span class=\"number\">\u2777<\/span><\/b>The game <input type=\"text\" class=\"form-control\" id=\"q1\" autocomplete=\"off\"><b><i>(start)<\/i><\/b> when we arrived.\r\n<div class=\"row\">\r\n<div>\r\n<p id=\"correct1\" align=\"left\"><\/p>\r\n\r\n<\/div>\r\n<div>\r\n<a button=\"\" class=\"btn btn-success tipp1 hidden\" href=\"#2\" title=\"The game had started...\" data-toggle=\"popover\" data-placement=\"top\" data-trigger=\"hover\" style=\"text-decoration: none; color:white;\" data-content=\"Das 'Past Perfect' wird gebildet indem man an das Hilfsverb 'had' mit Partizip II des Hauptverbs erg\u00e4nzt  \u2192 had started.\">Tipp<\/a><\/div>\r\n<\/div>\r\n<b><span class=\"number\">\u2778<\/span><\/b> After Sarah <input type=\"text\" class=\"form-control\" id=\"q2\" autocomplete=\"off\"><b><i>(leave)<\/i><\/b> the house, it started raining.\r\n<div class=\"row\">\r\n<div>\r\n<p id=\"correct2\" align=\"left\"><\/p>\r\n\r\n<\/div>\r\n<div>\r\n<a button=\"\" class=\"btn btn-success tipp2 hidden\" align=\"left\" aria-hidden=\"true\" href=\"#3\" title=\"After Sarah had left...\" data-toggle=\"popover\" data-placement=\"top\" data-trigger=\"hover\" style=\"text-decoration: none, color:white\" data-content=\"Das 'Past Perfect' wird gebildet indem man an das Hilfsverb 'had' mit Partizip II des Hauptverbs erg\u00e4nzt. Das Verb 'leave' ist unregelm\u00e4\u00dfig  \u2192 had left.\">Tipp<\/a><\/div>\r\n<\/div>\r\n<span class=\"number\">\u2779<\/span>They   <input type=\"text\" class=\"form-control\" id=\"q3\" autocomplete=\"off\"><b><i>(sell)<\/i><\/b> the car before I had a chance.\r\n<div class=\"row\">\r\n<div>\r\n<p id=\"correct3\" align=\"left\"><\/p>\r\n\r\n<\/div>\r\n<div>\r\n<a button=\"\" class=\"btn btn-success tipp3 hidden\" aria-hidden=\"true\" href=\"#4\" title=\"They had sold...\" data-toggle=\"popover\" data-placement=\"top\" data-trigger=\"hover\" style=\"text-decoration: none, color:white\" data-content=\"Das 'Past Perfect' wird gebildet indem man an das Hilfsverb 'had' mit Partizip II des Hauptverbs erg\u00e4nzt. Das Verb 'sell' ist unregelm\u00e4\u00dfig  \u2192 had sold.\">Tipp<\/a><\/div>\r\n<\/div>\r\n<b><span class=\"number\">\u277a<\/span><\/b>You <input type=\"text\" class=\"form-control\" id=\"q4\" autocomplete=\"off\"><b><i>(be)<\/i><\/b> happy until your girlfriend left.\r\n<div class=\"row\">\r\n<div>\r\n<p id=\"correct4\" align=\"left\"><\/p>\r\n\r\n<\/div>\r\n<div>\r\n<a button=\"\" class=\"btn btn-success tipp4 hidden\" aria-hidden=\"true\" href=\"#5\" title=\"You had been...\" data-toggle=\"popover\" data-placement=\"top\" data-trigger=\"hover\" style=\"text-decoration: none, color:white\" data-content=\"Das 'Past Perfect' wird gebildet indem man an das Hilfsverb 'had' mit Partizip II des Hauptverbs erg\u00e4nzt. Das Verb 'be' ist unregelm\u00e4\u00dfig  \u2192 had been.\">Tipp<\/a><\/div>\r\n<\/div>\r\n<b><span class=\"number\">\u277b<\/span><\/b>He <input type=\"text\" class=\"form-control\" id=\"q5\" autocomplete=\"off\"><b><i>(stop)<\/i><\/b> long before I started.\r\n<div class=\"row\">\r\n<div>\r\n<p id=\"correct5\" align=\"left\"><\/p>\r\n\r\n<\/div>\r\n<div>\r\n<a button=\"\" class=\"btn btn-success tipp5 hidden\" aria-hidden=\"true\" href=\"#6\" title=\"He had stopped...\" data-toggle=\"popover\" data-placement=\"top\" data-trigger=\"hover\" style=\"text-decoration: none, color:white\" data-content=\"Das 'Past Perfect' wird gebildet indem man an das Hilfsverb 'had' mit Partizip II des Hauptverbs erg\u00e4nzt. Das Verb 'stop' ist unregelm\u00e4\u00dfig  \u2192 had stopped.\">Tipp<\/a><\/div>\r\n<\/div>\r\n<b><span class=\"number\">\u277c<\/span><\/b> After my boss  <input type=\"text\" class=\"form-control\" id=\"q6\" autocomplete=\"off\"><b><i>(go)<\/i><\/b>, I felt better.\r\n<div class=\"row\">\r\n<div>\r\n<p id=\"correct6\" align=\"left\"><\/p>\r\n\r\n<\/div>\r\n<div>\r\n<a button=\"\" class=\"btn btn-success tipp7 hidden\" aria-hidden=\"true\" href=\"#8\" title=\"My boss had gone...\" data-toggle=\"popover\" data-placement=\"top\" data-trigger=\"hover\" style=\"text-decoration: none, color:white\" data-content=\"Das 'Past Perfect' wird gebildet indem man an das Hilfsverb 'had' mit Partizip II des Hauptverbs erg\u00e4nzt. Das Verb 'go' ist unregelm\u00e4\u00dfig  \u2192 had gone.\">Tipp<\/a><\/div>\r\n<\/div>\r\n<b><span class=\"number\">\u277d<\/span><\/b>After I  <input type=\"text\" class=\"form-control\" id=\"q7\" autocomplete=\"off\"><b><i>(lose)<\/i><\/b>, I wanted to cry.\r\n<div class=\"row\">\r\n<div>\r\n<p id=\"correct7\" align=\"left\"><\/p>\r\n\r\n<\/div>\r\n<div>\r\n<a button=\"\" class=\"btn btn-success tipp7 hidden\" aria-hidden=\"true\" href=\"#8\" title=\"After I had lost...\" data-toggle=\"popover\" data-placement=\"top\" data-trigger=\"hover\" style=\"text-decoration: none, color:white\" data-content=\"Das 'Past Perfect' wird gebildet indem man an das Hilfsverb 'had' mit Partizip II des Hauptverbs erg\u00e4nzt. Das Verb 'lose' ist unregelm\u00e4\u00dfig  \u2192 had lost.\">Tipp<\/a><\/div>\r\n<\/div>\r\n<b><span class=\"number\">\u277e<\/span><\/b>I  <input type=\"text\" class=\"form-control\" id=\"q8\" autocomplete=\"off\"><b><i>(waste)<\/i><\/b> an hour before we started.\r\n<div class=\"row\">\r\n<div>\r\n<p id=\"correct8\" align=\"left\"><\/p>\r\n\r\n<\/div>\r\n<div>\r\n<a button=\"\" class=\"btn btn-success tipp8 hidden\" href=\"#9\" title=\"I had wasted...\" data-toggle=\"popover\" data-placement=\"top\" data-trigger=\"hover\" style=\"text-decoration: none, color:white\" data-content=\"Das 'Past Perfect' wird gebildet indem man an das Hilfsverb 'had' mit Partizip II des Hauptverbs erg\u00e4nzt. Das Verb 'waste' ist unregelm\u00e4\u00dfig  \u2192 had wasted.\">Tipp<\/a><\/div>\r\n<\/div>\r\n<b><span class=\"number\">\u277f<\/span><\/b>After her car <input type=\"text\" class=\"form-control\" id=\"q9\" autocomplete=\"off\"><b><i>(break)<\/i><\/b> down, she had to walk.\r\n<div class=\"row\">\r\n<div>\r\n<p id=\"correct9\" align=\"left\"><\/p>\r\n\r\n<\/div>\r\n<div>\r\n<a button=\"\" class=\"btn btn-success tipp9 hidden\" href=\"#10\" title=\"After her car had broken...\" data-toggle=\"popover\" data-placement=\"top\" data-trigger=\"hover\" style=\"text-decoration: none, color:white\" data-content=\"Das 'Past Perfect' wird gebildet indem man an das Hilfsverb 'had' mit Partizip II des Hauptverbs erg\u00e4nzt. Das Verb 'break' ist unregelm\u00e4\u00dfig  \u2192 had broken.\">Tipp<\/a><\/div>\r\n<\/div>\r\n<!-- The Modal -->\r\n<div id=\"myModal\" class=\"modal fade\">\r\n<div class=\"modal-dialog\">\r\n<div class=\"modal-content\">\r\n\r\n<!-- Modal Header -->\r\n<div class=\"modal-header\">\r\n<h4 class=\"modal-title\">Past Perfect bejaht<\/h4>\r\n<button class=\"close\" type=\"button\" data-dismiss=\"modal\">\u00d7<\/button>\r\n\r\n<\/div>\r\n<!-- Modal body -->\r\n<div class=\"modal-body\">\r\n<div class=\"container\">\r\n<h2>Past Perfect bejaht \u00dcbersicht<\/h2>\r\nTabelle f\u00fcr die Bildung des Past Perfects bejaht regelm\u00e4\u00dfig:\r\n<table class=\"table table-bordered table-sm table-hover\">\r\n<thead>\r\n<tr class=\"table-danger\">\r\n<th>Personalpronomen<\/th>\r\n<th>I \/ you \/ he \/ she \/ it \/ we \/ they<\/th>\r\n<\/tr>\r\n<\/thead>\r\n<tbody>\r\n<tr class=\"table-primary\">\r\n<td><b>Hilfsverb<\/b><\/td>\r\n<td><b>had<\/b><\/td>\r\n<\/tr>\r\n<tr class=\"table-warning\">\r\n<td><b>Partizip Perfekt<\/b><\/td>\r\n<td><b>watched<\/b><\/td>\r\n<\/tr>\r\n<\/tbody>\r\n<\/table>\r\n<\/div>\r\n<!-- Modal footer -->\r\n<div class=\"modal-footer\"><button class=\"btn btn-danger\" type=\"button\" data-dismiss=\"modal\">Close<\/button><\/div>\r\n<\/div>\r\n<\/div>\r\n<\/div>\r\n<\/div>\r\n<\/div>\r\n<\/div>\r\n<div class=\"container\">\r\n\r\n<hr>\r\n\r\n<button id=\"submitButton\" class=\"btn-lg btn-primary \" type=\"submit\" value=\"submit\">Pr\u00fcfen<\/button><button id=\"resetButton\" class=\"btn-lg btn-success\" type=\"submit\" onclick=\"refreshPage()\">Neustart<\/button><button id=\"submitButton\" class=\"btn-lg btn-info\" type=\"button\" value=\"submit\" data-toggle=\"modal\" data-target=\"#myModal\">Tipp<\/button>\r\n\r\n<hr>\r\n<p id=\"result\"><\/p>\r\n<p id=\"result2\"><\/p>\r\n<h3>Past Perfect alle \u00dcbungen<\/h3>\r\n<hr>\r\n<div id=\"bellows-main-17\" class=\"bellows bellows-nojs bellows-main bellows-source-menu bellows-align-full bellows-skin-vanilla bellows-type-\"><ul id=\"menu-past-perfect\" class=\"bellows-nav\" data-bellows-config=\"main\"><li id=\"menu-item-3750\" class=\"bellows-menu-item bellows-menu-item-type-post_type bellows-menu-item-object-page bellows-menu-item-3750 bellows-item-level-0\"><a  href=\"https:\/\/english-munich.de\/training\/past-perfect\/\" class=\"bellows-target\"><span class=\"bellows-target-title bellows-target-text\">\u270d\ufe0fPast Perfect bejaht<\/span><\/a><\/li>\n<li id=\"menu-item-3751\" class=\"bellows-menu-item bellows-menu-item-type-post_type bellows-menu-item-object-page bellows-menu-item-3751 bellows-item-level-0\"><a  href=\"https:\/\/english-munich.de\/training\/past-perfect-frage\/\" class=\"bellows-target\"><span class=\"bellows-target-title bellows-target-text\">\u270d\ufe0fPast Perfect Frage<\/span><\/a><\/li>\n<li id=\"menu-item-3752\" class=\"bellows-menu-item bellows-menu-item-type-post_type bellows-menu-item-object-page bellows-menu-item-3752 bellows-item-level-0\"><a  href=\"https:\/\/english-munich.de\/training\/past-perfect-verneint\/\" class=\"bellows-target\"><span class=\"bellows-target-title bellows-target-text\">\u2611\ufe0fPast Perfect verneint<\/span><\/a><\/li>\n<\/ul><\/div>\r\n<\/div>\r\n<\/div>","protected":false},"excerpt":{"rendered":"Past Perfect Aufgaben \u00dcbungen zum Past Perfect im bejahten Aussagesatz Beispiel \u24ffJohn &nbsp;(want)&nbsp;to be a footballer before he got injured. Die richtige L\u00f6sung ist: had wanted&nbsp;&nbsp;Tipp \u270d\ufe0f F\u00fclle die Verben in Klammern in der richtigen Form des Past Perfect in die L\u00fccken: \u2776Graham (watch) TV all day before he went to bed. Tipp \u2777The game [&hellip;]","protected":false},"author":3,"featured_media":0,"parent":0,"menu_order":0,"comment_status":"closed","ping_status":"closed","template":"","meta":[],"_links":{"self":[{"href":"https:\/\/english-munich.de\/training\/wp-json\/wp\/v2\/pages\/1348"}],"collection":[{"href":"https:\/\/english-munich.de\/training\/wp-json\/wp\/v2\/pages"}],"about":[{"href":"https:\/\/english-munich.de\/training\/wp-json\/wp\/v2\/types\/page"}],"author":[{"embeddable":true,"href":"https:\/\/english-munich.de\/training\/wp-json\/wp\/v2\/users\/3"}],"replies":[{"embeddable":true,"href":"https:\/\/english-munich.de\/training\/wp-json\/wp\/v2\/comments?post=1348"}],"version-history":[{"count":22,"href":"https:\/\/english-munich.de\/training\/wp-json\/wp\/v2\/pages\/1348\/revisions"}],"predecessor-version":[{"id":9571,"href":"https:\/\/english-munich.de\/training\/wp-json\/wp\/v2\/pages\/1348\/revisions\/9571"}],"wp:attachment":[{"href":"https:\/\/english-munich.de\/training\/wp-json\/wp\/v2\/media?parent=1348"}],"curies":[{"name":"wp","href":"https:\/\/api.w.org\/{rel}","templated":true}]}}