{"id":1265,"date":"2020-05-15T09:01:39","date_gmt":"2020-05-15T09:01:39","guid":{"rendered":"https:\/\/english-munich.de\/training\/?page_id=1265"},"modified":"2021-05-05T06:39:45","modified_gmt":"2021-05-05T06:39:45","slug":"present-perfect-unregelmasig","status":"publish","type":"page","link":"https:\/\/english-munich.de\/training\/present-perfect-unregelmasig\/","title":{"rendered":"Present Perfect unregelm\u00e4\u00dfig"},"content":{"rendered":"<div class=\"jumbotron text-center\">\r\n<h2>Present Perfect unregelm\u00e4\u00dfige Verben &#8211; Aufgaben<\/h2>\r\n\u00dcbungen zum Present Perfect in seiner unregelm\u00e4\u00dfigen Form\r\n\r\n<\/div>\r\n<div class=\"bs-example\">\r\n<div class=\"accordion\" id=\"accordionExample\">\r\n<div class=\"card\">\r\n<div class=\"card-header\" id=\"headingOne\">\r\n<h2 class=\"mb-0\" style=\"color:#000\">\r\n                    <button type=\"button\" class=\"btn btn-link collapsed\" data-toggle=\"collapse\" data-target=\"#collapseOne\">Beispiel<\/button><\/h2>\r\n<\/div>\r\n<div id=\"collapseOne\" class=\"collapse\" aria-labelledby=\"headingOne\" data-parent=\"#accordionExample\">\r\n<div class=\"card-body\">\r\n<div class=\"form-inline\">\r\n<div>\r\ndrive <input type=\"text\" class=\"form-control\" id=\"panel-beispiel\" disabled=\"\" value=\"driven\">\r\n<\/div><div>\r\nDie richtige L\u00f6sung ist: <i>driven<\/i>&nbsp;&nbsp;<button class=\"btn-lg btn-info\" type=\"button\" value=\"submit\" data-toggle=\"modal\" data-target=\"#myModal\">Tipp<\/button>\r\n<\/div>\r\n<\/div>\r\n<\/div>\r\n<\/div>\r\n<\/div>\r\n<\/div>\r\n<br \/><br \/>\r\n<div class=\"container well\">\r\n<h4>\u270d\ufe0f F\u00fclle die Verben in Klammern in der richtigen Form der unregelm\u00e4\u00dfigen Verben im <i>Present Perfect (Partizip II) <\/i>  in die L\u00fccken:<\/h4>\r\n\r\n<hr>\r\n\r\n<br \/>\r\n<div class=\"container\">\r\n<div class=\"row\">\r\n<div>\r\nbreak<input type=\"text\" class=\"form-control\" id=\"q0\" autocomplete=\"off\">\r\n<p id=\"correct0\" align=\"left\"><\/p>\r\n\r\n<\/div>\r\n<div>\r\ndrink <input type=\"text\" class=\"form-control\" id=\"q1\" autocomplete=\"off\">\r\n<p id=\"correct1\" align=\"left\"><\/p>\r\n\r\n<\/div>\r\n<div>\r\nput <input type=\"text\" class=\"form-control\" id=\"q2\" autocomplete=\"off\">\r\n<p id=\"correct2\" align=\"left\"><\/p>\r\n\r\n<\/div>\r\n<\/div>\r\n<div class=\"row\">\r\n<div>\r\nforget<input type=\"text\" class=\"form-control\" id=\"q3\" autocomplete=\"off\">\r\n<p id=\"correct3\" align=\"left\"><\/p>\r\n\r\n<\/div>\r\n<div>\r\nbuy <input type=\"text\" class=\"form-control\" id=\"q4\" autocomplete=\"off\">\r\n<p id=\"correct4\" align=\"left\"><\/p>\r\n\r\n<\/div>\r\n<div>\r\nfly <input type=\"text\" class=\"form-control\" id=\"q5\" autocomplete=\"off\">\r\n<p id=\"correct5\" align=\"left\"><\/p>\r\n\r\n<\/div>\r\n<\/div>\r\n<div class=\"row\">\r\n<div>\r\nhave<input type=\"text\" class=\"form-control\" id=\"q6\" autocomplete=\"off\">\r\n<p id=\"correct6\" align=\"left\"><\/p>\r\n\r\n<\/div>\r\n<div>\r\nsay <input type=\"text\" class=\"form-control\" id=\"q7\" autocomplete=\"off\">\r\n<p id=\"correct7\" align=\"left\"><\/p>\r\n\r\n<\/div>\r\n<div>\r\nknow <input type=\"text\" class=\"form-control\" id=\"q8\" autocomplete=\"off\">\r\n<p id=\"correct8\" align=\"left\"><\/p>\r\n\r\n<\/div>\r\n<\/div>\r\n<div class=\"row\">\r\n<div>\r\nspeak<input type=\"text\" class=\"form-control\" id=\"q9\" autocomplete=\"off\">\r\n<p id=\"correct9\" align=\"left\"><\/p>\r\n\r\n<\/div>\r\n<div>\r\ntell <input type=\"text\" class=\"form-control\" id=\"q10\" autocomplete=\"off\">\r\n<p id=\"correct10\" align=\"left\"><\/p>\r\n\r\n<\/div>\r\n<div>\r\nwrite <input type=\"text\" class=\"form-control\" id=\"q11\" autocomplete=\"off\">\r\n<p id=\"correct11\" align=\"left\"><\/p>\r\n\r\n<\/div>\r\n<\/div>\r\n<div class=\"row\">\r\n<div>\r\nsit  <input type=\"text\" class=\"form-control\" id=\"q12\" autocomplete=\"off\">\r\n<p id=\"correct12\" align=\"left\"><\/p>\r\n\r\n<\/div>\r\n<div>\r\nspit <input type=\"text\" class=\"form-control\" id=\"q13\" autocomplete=\"off\">\r\n<p id=\"correct13\" align=\"left\"><\/p>\r\n\r\n<\/div>\r\n<div>\r\nthink <input type=\"text\" class=\"form-control\" id=\"q14\" autocomplete=\"off\">\r\n<p id=\"correct14\" align=\"left\"><\/p>\r\n\r\n<\/div>\r\n<\/div>\r\n<div class=\"row\">\r\n<div>\r\ncome<input type=\"text\" class=\"form-control\" id=\"q15\" autocomplete=\"off\">\r\n<p id=\"correct15\" align=\"left\"><\/p>\r\n\r\n<\/div>\r\n<div>\r\neat<input type=\"text\" class=\"form-control\" id=\"q16\" autocomplete=\"off\">\r\n<p id=\"correct16\" align=\"left\"><\/p>\r\n\r\n<\/div>\r\n<div>\r\nfall <input type=\"text\" class=\"form-control\" id=\"q17\" autocomplete=\"off\">\r\n<p id=\"correct17\" align=\"left\"><\/p>\r\n\r\n<\/div>\r\n<\/div>\r\n<div class=\"row\">\r\n<div>\r\nring<input type=\"text\" class=\"form-control\" id=\"q18\" autocomplete=\"off\">\r\n<p id=\"correct18\" align=\"left\"><\/p>\r\n\r\n<\/div>\r\n<div>\r\nsee<input type=\"text\" class=\"form-control\" id=\"q19\" autocomplete=\"off\">\r\n<p id=\"correct19\" align=\"left\"><\/p>\r\n\r\n<\/div>\r\n<div>\r\nleave <input type=\"text\" class=\"form-control\" id=\"q20\" autocomplete=\"off\">\r\n<p id=\"correct20\" align=\"left\"><\/p>\r\n\r\n<\/div>\r\n<\/div>\r\n<div class=\"row\">\r\n<div>\r\ntake<input type=\"text\" class=\"form-control\" id=\"q21\" autocomplete=\"off\">\r\n<p id=\"correct21\" align=\"left\"><\/p>\r\n\r\n<\/div>\r\n<div>\r\nread<input type=\"text\" class=\"form-control\" id=\"q22\" autocomplete=\"off\">\r\n<p id=\"correct22\" align=\"left\"><\/p>\r\n\r\n<\/div>\r\n<div>\r\nlose <input type=\"text\" class=\"form-control\" id=\"q23\" autocomplete=\"off\">\r\n<p id=\"correct23\" align=\"left\"><\/p>\r\n\r\n<\/div>\r\n<\/div>\r\n<div class=\"row\">\r\n<div>\r\nget<input type=\"text\" class=\"form-control\" id=\"q24\" autocomplete=\"off\">\r\n<p id=\"correct24\" align=\"left\"><\/p>\r\n\r\n<\/div>\r\n<div>\r\ngive<input type=\"text\" class=\"form-control\" id=\"q25\" autocomplete=\"off\">\r\n<p id=\"correct25\" align=\"left\"><\/p>\r\n\r\n<\/div>\r\n<div>\r\ngo <input type=\"text\" class=\"form-control\" id=\"q26\" autocomplete=\"off\">\r\n<p id=\"correct26\" align=\"left\"><\/p>\r\n\r\n<\/div>\r\n<\/div>\r\n<div class=\"row\">\r\n<div>\r\nmake<input type=\"text\" class=\"form-control\" id=\"q27\" autocomplete=\"off\">\r\n<p id=\"correct27\" align=\"left\"><\/p>\r\n\r\n<\/div>\r\n<div>\r\nmeet<input type=\"text\" class=\"form-control\" id=\"q28\" autocomplete=\"off\">\r\n<p id=\"correct28\" align=\"left\"><\/p>\r\n\r\n<\/div>\r\n<div>\r\npay <input type=\"text\" class=\"form-control\" id=\"q29\" autocomplete=\"off\">\r\n<p id=\"correct29\" align=\"left\"><\/p>\r\n\r\n<\/div>\r\n<\/div>\r\n<\/div>\r\n<\/div>\r\n<!-- The Modal -->\r\n<div id=\"myModal\" class=\"modal\">\r\n<div class=\"modal-dialog\">\r\n<div class=\"modal-content\">\r\n\r\n<!-- Modal Header -->\r\n<div class=\"modal-header\">\r\n<h4 class=\"modal-title\">Present Perfect &#8211; unregelm\u00e4\u00dfige Verben<\/h4>\r\n<button class=\"close\" type=\"button\" data-dismiss=\"modal\">\u00d7<\/button>\r\n\r\n<\/div>\r\n<!-- Modal body -->\r\n<div class=\"modal-body\"><img decoding=\"async\" class=\"img-responsive img-rounded\" title=\"Present Perfect unregelm\u00e4\u00dfige Verben\" src=\"https:\/\/english-munich.de\/training\/wp-content\/uploads\/2020\/06\/present-perfect-irregular.jpg\" alt=\"Present Perfect unregelm\u00e4\u00dfige Verben\"><\/div>\r\n<!-- Modal footer -->\r\n<div class=\"modal-footer\"><button class=\"btn btn-danger\" type=\"button\" data-dismiss=\"modal\">Close<\/button><\/div>\r\n<\/div>\r\n<\/div>\r\n<\/div>\r\n<div class=\"container\">\r\n\r\n<hr>\r\n\r\n<button id=\"submitButton\" class=\"btn-lg btn-primary \" type=\"submit\" value=\"submit\">Pr\u00fcfen<\/button><button id=\"resetButton\" class=\"btn-lg btn-success\" type=\"submit\" onclick=\"refreshPage()\">Neustart<\/button><button id=\"submitButton\" class=\"btn-lg btn-info\" type=\"button\" value=\"submit\" data-toggle=\"modal\" data-target=\"#myModal\">Tipp<\/button>\r\n<div>\r\n\r\n<hr>\r\n<h3>Alle \u00dcbungen im Present Perfect:<\/h3>\r\n<hr>\r\n<div id=\"bellows-main-16\" class=\"bellows bellows-nojs bellows-main bellows-source-menu bellows-align-full bellows-skin-vanilla bellows-type-\"><ul id=\"menu-present-perfect\" class=\"bellows-nav\" data-bellows-config=\"main\"><li id=\"menu-item-3715\" class=\"bellows-menu-item bellows-menu-item-type-post_type bellows-menu-item-object-page bellows-menu-item-3715 bellows-item-level-0\"><a  href=\"https:\/\/english-munich.de\/training\/present-perfect-aussagesatz\/\" class=\"bellows-target\"><span class=\"bellows-target-title bellows-target-text\">\u270d\ufe0fPresent Perfect bejaht<\/span><\/a><\/li>\n<li id=\"menu-item-3716\" class=\"bellows-menu-item bellows-menu-item-type-post_type bellows-menu-item-object-page bellows-menu-item-3716 bellows-item-level-0\"><a  href=\"https:\/\/english-munich.de\/training\/present-perfect-frage\/\" class=\"bellows-target\"><span class=\"bellows-target-title bellows-target-text\">\u270d\ufe0fPresent Perfect Frage<\/span><\/a><\/li>\n<li id=\"menu-item-3718\" class=\"bellows-menu-item bellows-menu-item-type-post_type bellows-menu-item-object-page bellows-menu-item-3718 bellows-item-level-0\"><a  href=\"https:\/\/english-munich.de\/training\/present-perfect\/\" class=\"bellows-target\"><span class=\"bellows-target-title bellows-target-text\">\u2611\ufe0fPresent Perfect Verneinung<\/span><\/a><\/li>\n<li id=\"menu-item-3717\" class=\"bellows-menu-item bellows-menu-item-type-post_type bellows-menu-item-object-page bellows-menu-item-3717 bellows-item-level-0\"><a  href=\"https:\/\/english-munich.de\/training\/present-perfect-unregelmasig\/\" class=\"bellows-target\"><span class=\"bellows-target-title bellows-target-text\">\u270d\ufe0fPresent Perfect unregelm\u00e4\u00dfig<\/span><\/a><\/li>\n<\/ul><\/div>\r\n<\/div>\r\n<\/div>","protected":false},"excerpt":{"rendered":"Present Perfect unregelm\u00e4\u00dfige Verben &#8211; Aufgaben \u00dcbungen zum Present Perfect in seiner unregelm\u00e4\u00dfigen Form Beispiel drive Die richtige L\u00f6sung ist: driven&nbsp;&nbsp;Tipp \u270d\ufe0f F\u00fclle die Verben in Klammern in der richtigen Form der unregelm\u00e4\u00dfigen Verben im Present Perfect (Partizip II) in die L\u00fccken: break drink put forget buy fly have say know speak tell write sit [&hellip;]","protected":false},"author":3,"featured_media":0,"parent":0,"menu_order":0,"comment_status":"closed","ping_status":"closed","template":"","meta":[],"_links":{"self":[{"href":"https:\/\/english-munich.de\/training\/wp-json\/wp\/v2\/pages\/1265"}],"collection":[{"href":"https:\/\/english-munich.de\/training\/wp-json\/wp\/v2\/pages"}],"about":[{"href":"https:\/\/english-munich.de\/training\/wp-json\/wp\/v2\/types\/page"}],"author":[{"embeddable":true,"href":"https:\/\/english-munich.de\/training\/wp-json\/wp\/v2\/users\/3"}],"replies":[{"embeddable":true,"href":"https:\/\/english-munich.de\/training\/wp-json\/wp\/v2\/comments?post=1265"}],"version-history":[{"count":8,"href":"https:\/\/english-munich.de\/training\/wp-json\/wp\/v2\/pages\/1265\/revisions"}],"predecessor-version":[{"id":9568,"href":"https:\/\/english-munich.de\/training\/wp-json\/wp\/v2\/pages\/1265\/revisions\/9568"}],"wp:attachment":[{"href":"https:\/\/english-munich.de\/training\/wp-json\/wp\/v2\/media?parent=1265"}],"curies":[{"name":"wp","href":"https:\/\/api.w.org\/{rel}","templated":true}]}}