{"id":1250,"date":"2020-05-14T18:32:52","date_gmt":"2020-05-14T18:32:52","guid":{"rendered":"https:\/\/english-munich.de\/training\/?page_id=1250"},"modified":"2022-05-02T14:11:01","modified_gmt":"2022-05-02T14:11:01","slug":"present-perfect-frage","status":"publish","type":"page","link":"https:\/\/english-munich.de\/training\/present-perfect-frage\/","title":{"rendered":"Present Perfect Frage"},"content":{"rendered":"<div class=\"jumbotron text-center\">\r\n<h2>Present Perfect Aufgaben<\/h2>\r\n\u00dcbungen zur Present Perfect Frage\r\n\r\n<\/div>\r\n<div class=\"bs-example\">\r\n<div class=\"accordion\" id=\"accordionExample\">\r\n<div class=\"card\">\r\n<div class=\"card-header\" id=\"headingOne\">\r\n<h2 class=\"mb-0\" style=\"color:#000\">\r\n                    <button type=\"button\" class=\"btn btn-link collapsed\" data-toggle=\"collapse\" data-target=\"#collapseOne\">Beispiel<\/button><\/h2>\r\n<\/div>\r\n<div id=\"collapseOne\" class=\"collapse\" aria-labelledby=\"headingOne\" data-parent=\"#accordionExample\">\r\n<div class=\"card-body\">\r\n<div class=\"row\">\r\n    <span class=\"number\">\u24ff<\/span>  <input type=\"text\" id=\"example\" value=\"Have\" class=\"form-control\" disabled=\"true\">\r\n<p class=\"text\">you<\/p>\r\n        <input type=\"text\" id=\"example1\" class=\"form-control\" autocomplete=\"off\" disabled=\"true\" value=\"spilled\">\r\n<p class=\"text\"><i><b>(spill)<\/b><\/i><\/p>\r\n\r\n<\/div>\r\n<div>\r\n<p class=\"text\"><i>die richtige L\u00f6sung ist: <b>Have you spilled lemonade  again?<\/b><\/i>&nbsp;&nbsp;<div><button class=\"btn-lg btn-info\" type=\"button\" value=\"submit\" data-toggle=\"modal\" data-target=\"#myModal\">Tipp<\/button><\/p><\/div>\r\n\r\n<\/div>\r\n<\/div>\r\n<\/div>\r\n<\/div>\r\n<\/div>\r\n<br \/><br \/>\r\n<div class=\"container well\">\r\n<h4>\u270d\ufe0f F\u00fclle die Verben in Klammern in der richtigen Form der Frage im <i>Present Perfect<\/i> in die L\u00fccken:<\/h4>\r\n\r\n<hr>\r\n\r\n<br \/>\r\n<div class=\"container\">\r\n<div class=\"row\">\r\n    <span class=\"number\">\u2776<\/span>  <input type=\"text\" id=\"q0\" class=\"form-control\" autocomplete=\"off\">\r\n<p id=\"t0\" class=\"text\">you<\/p>\r\n        <input type=\"text\" id=\"q1\" class=\"form-control\" autocomplete=\"off\">\r\n<p id=\"t1\" class=\"text\"><i><b>(play)<\/b><\/i>&nbsp; football today?<\/p>\r\n\r\n<\/div>\r\n<div class=\"row\">\r\n<div>\r\n<p id=\"antwort0\"><\/p>\r\n\r\n<\/div>\r\n<div><a button=\"\" class=\"btn btn-success btn-sm tipp0 hidden\" href=\"#0\" title=\"Have you played football?\" data-toggle=\"popover\" data-placement=\"top\" data-trigger=\"hover\" data-content=\"Die Frage wird im Present Perfect gebildet, indem das Hauptverb mit dem Hilfsverb 'have' umschrieben wird. Das Hauptverb wird erh\u00e4lt in der regelm\u00e4\u00dfigen Form die Endung '-ed'.\">Tipp<\/a><\/div>\r\n<\/div>\r\n<div class=\"row\">\r\n        <span class=\"number\">\u2777<\/span>   <input type=\"text\" id=\"q2\" class=\"form-control\" autocomplete=\"off\">\r\n<p id=\"t2\" class=\"text\">Bob<\/p>\r\n        <input type=\"text\" id=\"q3\" class=\"form-control\" autocomplete=\"off\">\r\n<p id=\"t3\" class=\"text\"><i><b>(drink)<\/b><\/i>&nbsp; his milk yet?<\/p>\r\n\r\n<\/div>\r\n<div class=\"row\">\r\n<div>\r\n<p id=\"antwort2\"><\/p>\r\n\r\n<\/div>\r\n<div><a button=\"\" class=\"btn btn-success btn-sm tipp2 hidden\" href=\"#1\" title=\"Has Bob drunk milk...?\" data-toggle=\"popover\" data-placement=\"top\" data-trigger=\"hover\" data-content=\"Bob ist 'he' (3.Person Einzahl). Das Verb 'drink' ist unregelm\u00e4\u00dfig, deswegen 'has drunk'.  'Yet' ist ein klassisches Signalwort f\u00fcr das 'present perfect'\">Tipp<\/a><\/div>\r\n<\/div>\r\n<div class=\"row\">\r\n        <span class=\"number\">\u2778<\/span><input type=\"text\" id=\"q4\" class=\"form-control\" autocomplete=\"off\">\r\n<p id=\"t4\" class=\"text\">we<\/p>\r\n        <input type=\"text\" id=\"q5\" class=\"form-control\" autocomplete=\"off\">\r\n<p id=\"t5\" class=\"text\"><i><b>(meet)<\/b><\/i>&nbsp; him before?<\/p>\r\n\r\n<\/div>\r\n<div class=\"row\">\r\n<div>\r\n<p id=\"antwort4\"><\/p>\r\n\r\n<\/div>\r\n<div><a button=\"\" class=\"btn btn-success btn-sm tipp4 hidden\" href=\"#\" title=\"Have we met...?\" data-toggle=\"popover\" data-placement=\"top\" data-trigger=\"hover\" data-content=\"We (1.Person Einzahl). Das Verb 'meet' ist unregelm\u00e4\u00dfig deswegen'have met'. 'Before' ist ein klassisches Signalwort f\u00fcr das 'present perfect'\">Tipp<\/a><\/div>\r\n<\/div>\r\n<div class=\"row\">\r\n        <span class=\"number\">\u2779<\/span><input type=\"text\" id=\"q6\" class=\"form-control\" autocomplete=\"off\">\r\n<p id=\"t6\" class=\"text\">they<\/p>\r\n        <input type=\"text\" id=\"q7\" class=\"form-control\" autocomplete=\"off\">\r\n<p id=\"t7\" class=\"text\"><i><b>(eat)<\/b><\/i>&nbsp; salad 1 hour ago?<\/p>\r\n\r\n<\/div>\r\n<div class=\"row\">\r\n<div>\r\n<p id=\"antwort6\"><\/p>\r\n\r\n<\/div>\r\n<div><a button=\"\" class=\"btn btn-success btn-sm tipp6 hidden\" href=\"#\" title=\"Have they eaten...?\" data-toggle=\"popover\" data-placement=\"top\" data-trigger=\"hover\" data-content=\"They (3.Person Mehrzahl). Das Verb 'eat' ist unregelm\u00e4\u00dfig deswegen'have eaten'. 'This morning' ist ein klassisches Signalwort f\u00fcr das 'present perfect'\">Tipp<\/a><\/div>\r\n<\/div>\r\n<div class=\"row\">\r\n        <span class=\"number\">\u277a<\/span><input type=\"text\" id=\"q8\" class=\"form-control\" autocomplete=\"off\">\r\n<p id=\"t8\" class=\"text\">Susan<\/p>\r\n        <input type=\"text\" id=\"q9\" class=\"form-control\" autocomplete=\"off\">\r\n<p id=\"t9\" class=\"text\"><i><b>(read)<\/b><\/i>&nbsp;all the books?<\/p>\r\n\r\n<\/div>\r\n<div class=\"row\">\r\n<div>\r\n<p id=\"antwort8\"><\/p>\r\n\r\n<\/div>\r\n<div><a button=\"\" class=\"btn btn-success btn-sm tipp8 hidden\" href=\"#\" title=\"Has Susan read...?\" data-toggle=\"popover\" data-placement=\"top\" data-trigger=\"hover\" data-content=\"'Susan' ist 'she' (3.Person Einzahl). Das Verb 'read' ist unregelm\u00e4\u00dfig deswegen'has read'.\">Tipp<\/a><\/div>\r\n<\/div>\r\n<div class=\"row\">\r\n        <span class=\"number\">\u277b<\/span><input type=\"text\" id=\"q10\" class=\"form-control\" autocomplete=\"off\">\r\n<p id=\"t10\" class=\"text\">I<\/p>\r\n        <input type=\"text\" id=\"q11\" class=\"form-control\" autocomplete=\"off\">\r\n<p id=\"t11\" class=\"text\"><i><b>(understand)<\/b><\/i>&nbsp; you right?<\/p>\r\n\r\n<\/div>\r\n<div class=\"row\">\r\n<div>\r\n<p id=\"antwort10\"><\/p>\r\n\r\n<\/div>\r\n<div><a button=\"\" class=\"btn btn-success btn-sm tipp10 hidden\" href=\"#\" title=\"Have I understood...?\" data-toggle=\"popover\" data-placement=\"top\" data-trigger=\"hover\" data-content=\"I (1.Person Einzahl). Das Verb 'understand' ist unregelm\u00e4\u00dfig deswegen'have understood'\">Tipp<\/a><\/div>\r\n<\/div>\r\n<div class=\"row\">\r\n        <span class=\"number\">\u277c<\/span><input type=\"text\" id=\"q12\" class=\"form-control\" autocomplete=\"off\">\r\n<p id=\"t12\" class=\"text\">it<\/p>\r\n        <input type=\"text\" id=\"q13\" class=\"form-control\" autocomplete=\"off\">\r\n<p id=\"t13\" class=\"text\"><i><b>(work)<\/b><\/i>&nbsp; properly?<\/p>\r\n\r\n<\/div>\r\n<div class=\"row\">\r\n<div>\r\n<p id=\"antwort12\"><\/p>\r\n\r\n<\/div>\r\n<div><a button=\"\" class=\"btn btn-success btn-sm tipp12 hidden\" href=\"#\" title=\"Has it worked...?\" data-toggle=\"popover\" data-placement=\"top\" data-trigger=\"hover\" data-content=\"I (1.Person Einzahl). Das Verb 'understand' ist unregelm\u00e4\u00dfig deswegen'have understood'\">Tipp<\/a><\/div>\r\n<\/div>\r\n<div class=\"row\">\r\n        <span class=\"number\">\u277d<\/span><input type=\"text\" id=\"q14\" class=\"form-control\" autocomplete=\"off\">\r\n<p id=\"t14\" class=\"text\">you<\/p>\r\n        <input type=\"text\" id=\"q15\" class=\"form-control\" autocomplete=\"off\">\r\n<p id=\"t15\" class=\"text\"><i><b>(go)<\/b><\/i>&nbsp; school this week?<\/p>\r\n\r\n<\/div>\r\n<div class=\"row\">\r\n<div>\r\n<p id=\"antwort14\"><\/p>\r\n\r\n<\/div>\r\n<div><a button=\"\" class=\"btn btn-success btn-sm tipp14 hidden\" href=\"#\" title=\"Have you gone...?\" data-toggle=\"popover\" data-placement=\"top\" data-trigger=\"hover\" data-content=\"Have you gone to school this week\" data-toggle=\"popover\" data-placement=\"top\" data-trigger=\"hover\" data-content=\"'You' 2.Person Einzahl, 'go' ist unregelm\u00e4\u00dfig deswegen \u2192 have gone. 'This week' klassisches Signalwort f\u00fcr das 'present perfect'\">Tipp<\/a><\/div>\r\n<\/div>\r\n<div class=\"row\">\r\n        <span class=\"number\">\u277e<\/span><input type=\"text\" id=\"q16\" class=\"form-control\" autocomplete=\"off\">\r\n<p id=\"t16\" class=\"text\">she<\/p>\r\n        <input type=\"text\" id=\"q17\" class=\"form-control\" autocomplete=\"off\">\r\n<p id=\"t17\" class=\"text\"><i><b>(see)<\/b><\/i>&nbsp; all the cat videos?<\/p>\r\n\r\n<\/div>\r\n<div class=\"row\">\r\n<div>\r\n<p id=\"antwort16\"><\/p>\r\n\r\n<\/div>\r\n<div><a button=\"\" class=\"btn btn-success btn-sm tipp16 hidden\" href=\"#\" title=\"Has she lived here?\" data-toggle=\"popover\" data-placement=\"top\" data-trigger=\"hover\" data-content=\"'Susan' ist 'she' (3.Person Einzahl). Das Verb 'seen' ist unregelm\u00e4\u00dfig deswegen \u2192 'has seen'.'\">Tipp<\/a><\/div>\r\n<\/div>\r\n<div class=\"row\">\r\n        <span class=\"number\">\u277f<\/span><input type=\"text\" id=\"q18\" class=\"form-control\" autocomplete=\"off\">\r\n<p id=\"t18\" class=\"text\">they<\/p>\r\n        <input type=\"text\" id=\"q19\" class=\"form-control\" autocomplete=\"off\">\r\n<p id=\"t19\" class=\"text\"><i><b>(drive)<\/b><\/i>&nbsp; an Opel before?<\/p>\r\n\r\n<\/div>\r\n<div class=\"row\">\r\n<div>\r\n<p id=\"antwort18\"><\/p>\r\n\r\n<\/div>\r\n<div><a button=\"\" class=\"btn btn-success btn-sm tipp18 hidden\" href=\"#\" title=\"Have they driven...?\" data-toggle=\"popover\" data-placement=\"top\" data-trigger=\"hover\" data-content=\"They (3.Person Mehrzahl). Das Verb 'drive' ist unregelm\u00e4\u00dfig deswegen'have driven'. 'Yet' ist ein klassisches Signalwort f\u00fcr das 'present perfect'\">Tipp<\/a><\/div>\r\n<\/div>\r\n<div><\/div>\r\n<\/div>\r\n<\/div>\r\n<\/div>\r\n<!-- The Modal -->\r\n<div id=\"myModal\" class=\"modal\">\r\n<div class=\"modal-dialog\">\r\n<div class=\"modal-content\">\r\n\r\n<!-- Modal Header -->\r\n<div class=\"modal-header\">\r\n<h4 class=\"modal-title\">Present Perfect Frage<\/h4>\r\n<button class=\"close\" type=\"button\" data-dismiss=\"modal\">\u00d7<\/button>\r\n\r\n<\/div>\r\n<!-- Modal body -->\r\n<div class=\"modal-body\"><img decoding=\"async\" class=\"img-responsive img-rounded\" title=\"Present Perfect Frage\" src=\"https:\/\/english-munich.de\/training\/wp-content\/uploads\/2020\/06\/present-perfect-1.jpg\" alt=\"Present Perfect Frage\"><\/div>\r\n<!-- Modal footer -->\r\n<div class=\"modal-footer\"><button class=\"btn btn-danger\" type=\"button\" data-dismiss=\"modal\">Close<\/button><\/div>\r\n<\/div>\r\n<\/div>\r\n<\/div>\r\n<div class=\"container\">\r\n\r\n<hr>\r\n\r\n<button id=\"test\" class=\"btn-lg btn-primary \" type=\"submit\" value=\"submit\">Pr\u00fcfen<\/button><button id=\"resetButton\" class=\"btn-lg btn-success\" type=\"submit\" onclick=\"refreshPage()\">Neustart<\/button><button id=\"submitButton\" class=\"btn-lg btn-info\" type=\"button\" value=\"submit\" data-toggle=\"modal\" data-target=\"#myModal\">Tipp<\/button>\r\n<hr>\r\n\r\n<p id=\"result\"><\/p>\r\n<p id=\"result2\"><\/p><br \/>\r\n<a href=\"https:\/\/english-munich.de\/training\/wp-content\/uploads\/2022\/05\/Arbeitsblatt-Present-Perfect-Frage.pdf\">\u00dcbungsblatt Present Perfect Frage <i class=\"fa fa-download\"><\/i><\/a>\r\n<br \/><br \/>\r\n<b><\/b>\r\n<h3>Alle \u00dcbungen im Present Perfect:<\/h3>\r\n<hr>\r\n<div id=\"bellows-main-16\" class=\"bellows bellows-nojs bellows-main bellows-source-menu bellows-align-full bellows-skin-vanilla bellows-type-\"><ul id=\"menu-present-perfect\" class=\"bellows-nav\" data-bellows-config=\"main\"><li id=\"menu-item-3715\" class=\"bellows-menu-item bellows-menu-item-type-post_type bellows-menu-item-object-page bellows-menu-item-3715 bellows-item-level-0\"><a  href=\"https:\/\/english-munich.de\/training\/present-perfect-aussagesatz\/\" class=\"bellows-target\"><span class=\"bellows-target-title bellows-target-text\">\u270d\ufe0fPresent Perfect bejaht<\/span><\/a><\/li>\n<li id=\"menu-item-3716\" class=\"bellows-menu-item bellows-menu-item-type-post_type bellows-menu-item-object-page bellows-menu-item-3716 bellows-item-level-0\"><a  href=\"https:\/\/english-munich.de\/training\/present-perfect-frage\/\" class=\"bellows-target\"><span class=\"bellows-target-title bellows-target-text\">\u270d\ufe0fPresent Perfect Frage<\/span><\/a><\/li>\n<li id=\"menu-item-3718\" class=\"bellows-menu-item bellows-menu-item-type-post_type bellows-menu-item-object-page bellows-menu-item-3718 bellows-item-level-0\"><a  href=\"https:\/\/english-munich.de\/training\/present-perfect\/\" class=\"bellows-target\"><span class=\"bellows-target-title bellows-target-text\">\u2611\ufe0fPresent Perfect Verneinung<\/span><\/a><\/li>\n<li id=\"menu-item-3717\" class=\"bellows-menu-item bellows-menu-item-type-post_type bellows-menu-item-object-page bellows-menu-item-3717 bellows-item-level-0\"><a  href=\"https:\/\/english-munich.de\/training\/present-perfect-unregelmasig\/\" class=\"bellows-target\"><span class=\"bellows-target-title bellows-target-text\">\u270d\ufe0fPresent Perfect unregelm\u00e4\u00dfig<\/span><\/a><\/li>\n<\/ul><\/div>\r\n \r\n\r\n\r\n<\/div>","protected":false},"excerpt":{"rendered":"Present Perfect Aufgaben \u00dcbungen zur Present Perfect Frage Beispiel \u24ff you (spill) die richtige L\u00f6sung ist: Have you spilled lemonade again?&nbsp;&nbsp;Tipp \u270d\ufe0f F\u00fclle die Verben in Klammern in der richtigen Form der Frage im Present Perfect in die L\u00fccken: \u2776 you (play)&nbsp; football today? Tipp \u2777 Bob (drink)&nbsp; his milk yet? Tipp \u2778 we (meet)&nbsp; [&hellip;]","protected":false},"author":3,"featured_media":0,"parent":0,"menu_order":0,"comment_status":"closed","ping_status":"closed","template":"","meta":[],"_links":{"self":[{"href":"https:\/\/english-munich.de\/training\/wp-json\/wp\/v2\/pages\/1250"}],"collection":[{"href":"https:\/\/english-munich.de\/training\/wp-json\/wp\/v2\/pages"}],"about":[{"href":"https:\/\/english-munich.de\/training\/wp-json\/wp\/v2\/types\/page"}],"author":[{"embeddable":true,"href":"https:\/\/english-munich.de\/training\/wp-json\/wp\/v2\/users\/3"}],"replies":[{"embeddable":true,"href":"https:\/\/english-munich.de\/training\/wp-json\/wp\/v2\/comments?post=1250"}],"version-history":[{"count":40,"href":"https:\/\/english-munich.de\/training\/wp-json\/wp\/v2\/pages\/1250\/revisions"}],"predecessor-version":[{"id":11582,"href":"https:\/\/english-munich.de\/training\/wp-json\/wp\/v2\/pages\/1250\/revisions\/11582"}],"wp:attachment":[{"href":"https:\/\/english-munich.de\/training\/wp-json\/wp\/v2\/media?parent=1250"}],"curies":[{"name":"wp","href":"https:\/\/api.w.org\/{rel}","templated":true}]}}