{"id":1181,"date":"2020-05-14T06:55:03","date_gmt":"2020-05-14T06:55:03","guid":{"rendered":"https:\/\/english-munich.de\/training\/?page_id=1181"},"modified":"2021-01-18T11:48:52","modified_gmt":"2021-01-18T11:48:52","slug":"present-perfect","status":"publish","type":"page","link":"https:\/\/english-munich.de\/training\/present-perfect\/","title":{"rendered":"Present Perfect Verneinung"},"content":{"rendered":"<div class=\"jumbotron text-center\">\r\n<h2>Present Perfect Aufgaben<\/h2>\r\n\u00dcbungen zum Present Perfect im verneinten Aussagesatz\r\n\r\n<\/div>\r\n<div class=\"bs-example\">\r\n<div id=\"accordionExample\" class=\"accordion\">\r\n<div class=\"card\">\r\n<div id=\"headingOne\" class=\"card-header\">\r\n<h2 class=\"number\"><button class=\"btn btn-link collapsed\" type=\"button\" data-toggle=\"collapse\" data-target=\"#collapseOne\">Beispiel<\/button><\/h2>\r\n<\/div>\r\n<div id=\"collapseOne\" class=\"collapse\" aria-labelledby=\"headingOne\" data-parent=\"#accordionExample\">\r\n<div class=\"card-body\">\r\n<div class=\"form-group\" style=\"width: 70%; margin: 10px;\"><label for=\"sel1\"><span class=\"number\">\u24ff<\/span>Mr. Black __________ the shopping yet.<\/label>\r\n<select id=\"beispiel\" class=\"form-control\">\r\n<option value=\"wrong\">wasn&#8217;t done<\/option>\r\n<option value=\"correct\">hasn&#8217;t done<\/option>\r\n<option value=\"wrong\">hasn&#8217;t did<\/option>\r\n<\/select>\r\n\r\nDie richtige L\u00f6sung ist: <b>hasn&#8217;t done<\/b>&nbsp;&nbsp;<button class=\"btn-lg btn-info\" type=\"button\" value=\"submit\" data-toggle=\"modal\" data-target=\"#myModal\">Tipp<\/button>\r\n\r\n<\/div>\r\n<\/div>\r\n<\/div>\r\n<\/div>\r\n<\/div>\r\n<br \/><br \/>\r\n<div class=\"container well\">\r\n<h4>\u2611\ufe0f W\u00e4hle die richtige Option des <i>Present Perfect <\/i> in der verneinten Form:<\/h4>\r\n<br \/><br \/>\r\n<div class=\"container-fluid\">\r\n<div class=\"form-group\" style=\"width: 70%;\"><label for=\"sel1\"><span class=\"number\">\u2776<\/span>Harry __________ any sports this morning yet.<\/label>\r\n<select id=\"q0\" class=\"form-control\"><option value=\"wrong\"><\/option>\r\n<option value=\"correct\">didn&#8217;t done<\/option>\r\n<option value=\"correct\">hasn&#8217;t done<\/option>\r\n<option value=\"wrong\">hasn&#8217;t did<\/option>\r\n<\/select>\r\n<p id=\"correct0\" align=\"left\"><\/p>\r\n<a class=\"btn btn-success tipp0 hidden\" style=\"text-decoration: none, color:white;\" title=\"Harry hasn't done...\" href=\"#0\" data-toggle=\"popover\" data-placement=\"top\" data-trigger=\"hover\" data-content=\"'Harry' ist 'he' (3.Person Einzahl), deswegen 'hasn't.Das Verb 'do' ist im Present Perfect unregelm\u00e4\u00dfig: \u2192 has done! \">Tipp<\/a>\r\n\r\n<\/div>\r\n<div class=\"form-group\" style=\"width: 70%;\"><label for=\"sel1\"><span class=\"number\">\u2777<\/span>We __________ any hamburgers today.<\/label>\r\n<select id=\"q1\" class=\"form-control\"><option value=\"wrong\"><\/option>\r\n<option value=\"correct\">haven&#8217;t eaten<\/option>\r\n<option value=\"wrong\">didn&#8217;t ate<\/option>\r\n<option value=\"wrong\">haven&#8217;t ate<\/option>\r\n<\/select>\r\n<p id=\"correct1\" align=\"left\"><\/p>\r\n<a class=\"btn btn-success tipp1 hidden\" style=\"text-decoration: none, color:white;\" title=\"We haven't eaten...\" href=\"#1\" data-toggle=\"popover\" data-placement=\"top\" data-trigger=\"hover\" data-content=\"'We' (1.Person Einzahl), deswegen 'haven't. Das Verb 'eat' ist im Present Perfect unregelm\u00e4\u00dfig:\u2192 have eaten\">Tipp<\/a>\r\n\r\n<\/div>\r\n<div class=\"form-group\" style=\"width: 70%;\"><label for=\"sel1\"><span class=\"number\">\u2778<\/span>I __________  at all this week.<\/label>\r\n<select id=\"q2\" class=\"form-control\">\r\n<option value=\"correct\">haven&#8217;t worked<\/option>\r\n<option value=\"wrong\">didn&#8217;t worked<\/option>\r\n<option value=\"wrong\">hasn&#8217;t worked<\/option>\r\n<\/select>\r\n<p id=\"correct2\" align=\"left\"><\/p>\r\n<a class=\"btn btn-success tipp2 hidden\" style=\"text-decoration: none, color:white;\" title=\"I haven't worked...\" href=\"#2\" data-toggle=\"popover\" data-placement=\"top\" data-trigger=\"hover\" data-content=\"'I' (1.Person Einzahl), deswegen 'haven't.'This morning' ist ein typisches Signalwort f\u00fcr das 'Present Perfect'\">Tipp<\/a>\r\n\r\n<\/div>\r\n<div class=\"form-group\" style=\"width: 70%;\"><label for=\"sel1\"><span class=\"number\">\u2779<\/span>Your parents __________ in Munich for ten years.<\/label>\r\n<select id=\"q3\" class=\"form-control\"><option value=\"wrong\"><\/option>\r\n<option value=\"correct\">haven&#8217;t lived<\/option>\r\n<option value=\"wrong\">didn&#8217;t lived<\/option>\r\n<option value=\"wrong\">weren&#8217;t lived<\/option>\r\n<\/select>\r\n<p id=\"correct3\" align=\"left\"><\/p>\r\n<a class=\"btn btn-success tipp3 hidden\" style=\"text-decoration: none, color:white;\" title=\"Your parents haven't lived...\" href=\"#3\" data-toggle=\"popover\" data-placement=\"top\" data-trigger=\"hover\" data-content=\"'Your parents' ist 'they' (3.Person Mehrzahl), deswegen 'haven't. Vorsicht bei dem Verb 'live' entf\u00e4llt das finale '-e' vor dem anh\u00e4ngen der Endung'-ed'\">Tipp<\/a>\r\n\r\n<\/div>\r\n<div class=\"form-group\" style=\"width: 70%;\"><label for=\"sel1\"><span class=\"number\">\u277a<\/span>They __________  chess in a long time.<\/label>\r\n<select id=\"q4\" class=\"form-control\"><option value=\"wrong\"><\/option>\r\n<option value=\"wrong\">didn&#8217;t played<\/option>\r\n<option value=\"correct\">haven&#8217;t played<\/option>\r\n<option value=\"wrong\">wasn&#8217;t playing<\/option>\r\n<\/select>\r\n<p id=\"correct4\" align=\"left\"><\/p>\r\n<a class=\"btn btn-success tipp4 hidden\" style=\"text-decoration: none, color:white;\" title=\"They haven't played...\" href=\"#4\" data-toggle=\"popover\" data-placement=\"top\" data-trigger=\"hover\" data-content=\"'They' ist 'she' (3.Person Mehrzahl), deswegen 'haven't'.\">Tipp<\/a>\r\n\r\n<\/div>\r\n<div class=\"form-group\" style=\"width: 70%;\"><label for=\"sel1\"><span class=\"number\">\u277b<\/span> Ms.Brown __________ a newspaper yet.<\/label>\r\n<select id=\"q5\" class=\"form-control\"><option value=\"wrong\"><\/option>\r\n<option value=\"correct\">hasn&#8217;t read<\/option>\r\n<option value=\"wrong\">hasn&#8217;t reading<\/option>\r\n<option value=\"wrong\">didn&#8217;t read<\/option>\r\n<\/select>\r\n<p id=\"correct5\" align=\"left\"><\/p>\r\n<a class=\"btn btn-success tipp5 hidden\" style=\"text-decoration: none, color:white;\" title=\"Ms.Brown hasn't read...\" href=\"#5\" data-toggle=\"popover\" data-placement=\"top\" data-trigger=\"hover\" data-content=\"'Ms.Brown' ist 'she' (3.Person Einzahl), deswegen 'hasn't read'. 'Not yet' ist ein typisches Signalwort f\u00fcr Present Perfect! Das Verb read ist unregelm\u00e4\u00dfig: read \u2192 has read\">Tipp<\/a>\r\n\r\n<\/div>\r\n<div class=\"form-group\" style=\"width: 70%;\"><label for=\"sel1\"><span class=\"number\">\u277c<\/span> The Jones __________ Kim Kardashian yet.<\/label>\r\n<select id=\"q6\" class=\"form-control\"><option value=\"wrong\"><\/option>\r\n<option value=\"correct\">haven&#8217;t met<\/option>\r\n<option value=\"wrong\">didn&#8217;t met<\/option>\r\n<option value=\"correct\">haven&#8217;t meet<\/option>\r\n<\/select>\r\n<p id=\"correct6\" align=\"left\"><\/p>\r\n<a class=\"btn btn-success tipp6 hidden\" style=\"text-decoration: none, color:white;\" title=\"The Jones haven't met...\" href=\"#6\" data-toggle=\"popover\" data-placement=\"top\" data-trigger=\"hover\" data-content=\"'The Jones' ist 'they' (3.Person Mehrzahl), deswegen 'haven't met'. Das Verb 'meet' ist unregelm\u00e4\u00dfig, deswegen \u2192 have met \">Tipp<\/a>\r\n\r\n<\/div>\r\n<div class=\"form-group\" style=\"width: 70%;\"><label for=\"sel1\"><span class=\"number\">\u277d<\/span> I __________ too much milk in a long time.<\/label>\r\n<select id=\"q7\" class=\"form-control\"><option value=\"wrong\"><\/option>\r\n<option value=\"wrong\">haven&#8217;t drank<\/option>\r\n<option value=\"correct\">haven&#8217;t drunk<\/option>\r\n<option value=\"wrong\">hasn&#8217;t drunk<\/option>\r\n<\/select>\r\n<p id=\"correct7\" align=\"left\"><\/p>\r\n<a class=\"btn btn-success tipp7 hidden\" style=\"text-decoration: none, color:white;\" title=\"I haven't drunk...\" href=\"#7\" data-toggle=\"popover\" data-placement=\"top\" data-trigger=\"hover\" data-content=\"'I' ist (1.Person Einzahl), deswegen 'haven't drunk'. Das Verb 'drink' ist unregelm\u00e4\u00dfig \u2192 have drunk.\">Tipp<\/a>\r\n\r\n<\/div>\r\n<div class=\"form-group\" style=\"width: 70%;\"><label for=\"sel1\"><span class=\"number\">\u277e<\/span> She __________ to her teacher ever<\/label>\r\n<select id=\"q8\" class=\"form-control\"><option value=\"wrong\"><\/option>\r\n<option value=\"wrong\">haven&#8217;t listened<\/option>\r\n<option value=\"wrong\">didn&#8217;t listened<\/option>\r\n<option value=\"correct\">hasn&#8217;t listened<\/option>\r\n<\/select>\r\n<p id=\"correct8\" align=\"left\"><\/p>\r\n<a class=\"btn btn-success tipp8 hidden\" style=\"text-decoration: none, color:white;\" title=\"She hasn't listned...\" href=\"#8\" data-toggle=\"popover\" data-placement=\"top\" data-trigger=\"hover\" data-content=\"'She' (3.Person Einzahl), deswegen 'hasn't. He\/she\/it das 's' muss mit. 'ever' typisches Signalwort f\u00fcr das Present Perfect\">Tipp<\/a>\r\n\r\n<\/div>\r\n<div class=\"form-group\" style=\"width: 70%;\"><label for=\"sel1\"><span class=\"number\">\u277f<\/span> Our neighbors ________ a Elvis this year.<\/label>\r\n<select id=\"q9\" class=\"form-control\"><option value=\"wrong\"><\/option>\r\n<option value=\"correct\">haven&#8217;t seen<\/option>\r\n<option value=\"wrong\">haven&#8217;t saw<\/option>\r\n<option value=\"wrong\">didn&#8217;t saw<\/option>\r\n<\/select>\r\n<p id=\"correct9\" align=\"left\"><\/p>\r\n<a class=\"btn btn-success tipp9 hidden\" style=\"text-decoration: none, color:white;\" title=\"Our neighbors haven't seen...\" href=\"#9\" data-toggle=\"popover\" data-placement=\"top\" data-trigger=\"hover\" data-content=\"'Our neighbors' ist 'they' (3.Person Mehrzahl), deswegen 'haven't seen'. Das Verb 'see' ist unregelm\u00e4\u00dfig \u2192 have seen.\">Tipp<\/a>\r\n\r\n<\/div>\r\n<div class=\"container\">\r\n\r\n<!-- The Modal -->\r\n<div id=\"myModal\" class=\"modal\">\r\n<div class=\"modal-dialog\">\r\n<div class=\"modal-content\">\r\n\r\n<!-- Modal Header -->\r\n<div class=\"modal-header\">\r\n<h4 class=\"modal-title\">Present Perfect<\/h4>\r\n<button class=\"close\" type=\"button\" data-dismiss=\"modal\">\u00d7<\/button>\r\n\r\n<\/div>\r\n<!-- Modal body -->\r\n<div class=\"modal-body\">\r\n<div class=\"container\">\r\n<h2>Present Perfect Verneinung \u00dcbersicht<\/h2>\r\nTabelle f\u00fcr die Bildung der Verneinung Present Perfect regelm\u00e4\u00dfig:\r\n<table class=\"table table-bordered table-sm table-hover\">\r\n<thead>\r\n<tr class=\"table-danger\">\r\n<th>Personalpronomen<\/th>\r\n<th>I \/ you \/ we \/ they<\/th>\r\n<th>he \/ she \/ it<\/th>\r\n<\/tr>\r\n<\/thead>\r\n<tbody>\r\n<tr class=\"table-primary\">\r\n<td><b>Hilfsverb<\/b><\/td>\r\n<td><b>have\/not   haven&#8217;t<\/b><\/td>\r\n<td><b>has\/not hasn&#8217;t<\/b><\/td>\r\n<\/tr>\r\n<tr class=\"table-warning\">\r\n<td><b>Partizip Perfekt<\/b><\/td>\r\n<td><b>watched<\/b><\/td>\r\n<td><b>watched<\/b><\/td>\r\n<\/tr>\r\n<\/tbody>\r\n<\/table>\r\n<\/div>\r\n<\/div>\r\n<!-- Modal footer -->\r\n<div class=\"modal-footer\"><button class=\"btn btn-danger\" type=\"button\" data-dismiss=\"modal\">Close<\/button><\/div>\r\n<\/div>\r\n<\/div>\r\n<\/div>\r\n<\/div>\r\n<\/div>\r\n<\/div>\r\n\r\n<hr>\r\n\r\n<div class=\"container\"><button id=\"submitButton\" class=\"btn-lg btn-primary \" type=\"submit\" value=\"submit\">Pr\u00fcfen<\/button><button id=\"resetButton\" class=\"btn-lg btn-success\" type=\"submit\" onclick=\"refreshPage()\">Neustart<\/button><button id=\"submitButton\" class=\"btn-lg btn-info\" type=\"submit\" value=\"submit\" data-toggle=\"modal\" data-target=\"#myModal\">Tipp<\/button><\/div>\r\n\r\n<hr>\r\n\r\n<h3>Alle \u00dcbungen im Present Perfect:<\/h3>\r\n<hr>\r\n<div id=\"bellows-main-16\" class=\"bellows bellows-nojs bellows-main bellows-source-menu bellows-align-full bellows-skin-vanilla bellows-type-\"><ul id=\"menu-present-perfect\" class=\"bellows-nav\" data-bellows-config=\"main\"><li id=\"menu-item-3715\" class=\"bellows-menu-item bellows-menu-item-type-post_type bellows-menu-item-object-page bellows-menu-item-3715 bellows-item-level-0\"><a  href=\"https:\/\/english-munich.de\/training\/present-perfect-aussagesatz\/\" class=\"bellows-target\"><span class=\"bellows-target-title bellows-target-text\">\u270d\ufe0fPresent Perfect bejaht<\/span><\/a><\/li>\n<li id=\"menu-item-3716\" class=\"bellows-menu-item bellows-menu-item-type-post_type bellows-menu-item-object-page bellows-menu-item-3716 bellows-item-level-0\"><a  href=\"https:\/\/english-munich.de\/training\/present-perfect-frage\/\" class=\"bellows-target\"><span class=\"bellows-target-title bellows-target-text\">\u270d\ufe0fPresent Perfect Frage<\/span><\/a><\/li>\n<li id=\"menu-item-3718\" class=\"bellows-menu-item bellows-menu-item-type-post_type bellows-menu-item-object-page bellows-menu-item-3718 bellows-item-level-0\"><a  href=\"https:\/\/english-munich.de\/training\/present-perfect\/\" class=\"bellows-target\"><span class=\"bellows-target-title bellows-target-text\">\u2611\ufe0fPresent Perfect Verneinung<\/span><\/a><\/li>\n<li id=\"menu-item-3717\" class=\"bellows-menu-item bellows-menu-item-type-post_type bellows-menu-item-object-page bellows-menu-item-3717 bellows-item-level-0\"><a  href=\"https:\/\/english-munich.de\/training\/present-perfect-unregelmasig\/\" class=\"bellows-target\"><span class=\"bellows-target-title bellows-target-text\">\u270d\ufe0fPresent Perfect unregelm\u00e4\u00dfig<\/span><\/a><\/li>\n<\/ul><\/div>\r\n\r\n<\/div>","protected":false},"excerpt":{"rendered":"Present Perfect Aufgaben \u00dcbungen zum Present Perfect im verneinten Aussagesatz Beispiel \u24ffMr. Black __________ the shopping yet. wasn&#8217;t done hasn&#8217;t done hasn&#8217;t did Die richtige L\u00f6sung ist: hasn&#8217;t done&nbsp;&nbsp;Tipp \u2611\ufe0f W\u00e4hle die richtige Option des Present Perfect in der verneinten Form: \u2776Harry __________ any sports this morning yet. didn&#8217;t done hasn&#8217;t done hasn&#8217;t did Tipp [&hellip;]","protected":false},"author":3,"featured_media":0,"parent":0,"menu_order":0,"comment_status":"closed","ping_status":"closed","template":"","meta":[],"_links":{"self":[{"href":"https:\/\/english-munich.de\/training\/wp-json\/wp\/v2\/pages\/1181"}],"collection":[{"href":"https:\/\/english-munich.de\/training\/wp-json\/wp\/v2\/pages"}],"about":[{"href":"https:\/\/english-munich.de\/training\/wp-json\/wp\/v2\/types\/page"}],"author":[{"embeddable":true,"href":"https:\/\/english-munich.de\/training\/wp-json\/wp\/v2\/users\/3"}],"replies":[{"embeddable":true,"href":"https:\/\/english-munich.de\/training\/wp-json\/wp\/v2\/comments?post=1181"}],"version-history":[{"count":22,"href":"https:\/\/english-munich.de\/training\/wp-json\/wp\/v2\/pages\/1181\/revisions"}],"predecessor-version":[{"id":4690,"href":"https:\/\/english-munich.de\/training\/wp-json\/wp\/v2\/pages\/1181\/revisions\/4690"}],"wp:attachment":[{"href":"https:\/\/english-munich.de\/training\/wp-json\/wp\/v2\/media?parent=1181"}],"curies":[{"name":"wp","href":"https:\/\/api.w.org\/{rel}","templated":true}]}}