{"id":11787,"date":"2022-09-25T16:33:40","date_gmt":"2022-09-25T16:33:40","guid":{"rendered":"https:\/\/english-munich.de\/training\/?page_id=11787"},"modified":"2022-09-25T16:33:40","modified_gmt":"2022-09-25T16:33:40","slug":"kurzantwort-englisch-yes-i-do-no-i-dont","status":"publish","type":"page","link":"https:\/\/english-munich.de\/training\/kurzantwort-englisch-yes-i-do-no-i-dont\/","title":{"rendered":"Kurzantwort Englisch &#8211; Yes I do. &#8211; No I don&#8217;t."},"content":{"rendered":"<div class=\"container well\">\r\n<h2>Neither, either, nor, so do I, me too &#8211; \u00dcbungen<\/h2><hr>\r\n<div id=\"bellows-main-88\" class=\"bellows bellows-nojs bellows-main bellows-source-menu bellows-align-full bellows-skin-vanilla bellows-type-\"><ul id=\"menu-kurzantworten\" class=\"bellows-nav\" data-bellows-config=\"main\"><li id=\"menu-item-11793\" class=\"bellows-menu-item bellows-menu-item-type-post_type bellows-menu-item-object-page bellows-menu-item-11793 bellows-item-level-0\"><a  href=\"https:\/\/english-munich.de\/training\/simple-present-kurzantwort\/\" class=\"bellows-target\"><span class=\"bellows-target-title bellows-target-text\">\u270d\ufe0fSimple Present Kurzantwort<\/span><\/a><\/li>\n<li id=\"menu-item-11794\" class=\"bellows-menu-item bellows-menu-item-type-post_type bellows-menu-item-object-page bellows-menu-item-11794 bellows-item-level-0\"><a  href=\"https:\/\/english-munich.de\/training\/have-got-frage-und-kurzantwort\/\" class=\"bellows-target\"><span class=\"bellows-target-title bellows-target-text\">\u270d\ufe0fHave got \u2013 Frage und Kurzantwort<\/span><\/a><\/li>\n<li id=\"menu-item-11809\" class=\"bellows-menu-item bellows-menu-item-type-post_type bellows-menu-item-object-page bellows-menu-item-11809 bellows-item-level-0\"><a  href=\"https:\/\/english-munich.de\/training\/kurzantwort-englisch-uebungen-alle-zeiten\/\" class=\"bellows-target\"><span class=\"bellows-target-title bellows-target-text\">\u270d\ufe0fKurzantwort alle Zeiten<\/span><\/a><\/li>\n<\/ul><\/div>\r\n\r\n<h3>Kurzantwort Englisch &#8211; Erkl\u00e4rungen<\/h3><hr>\r\nDie englische Sprache ist von der Grammatik her eher unproblematisch. Jedoch entpuppt sich der Teufel oft im Detail. Eine so einfache Sache, wie auf eine Frage mit &#8218;ja&#8216; oder &#8217;nein&#8216; zu antworten, kann durchaus zum interkulturellen Fettnapf werden.<br \/><br \/>\r\n\r\nAntwortest du n\u00e4mlich zum Beispiel auf die Frage &#8218;do you like football?&#8216; einfach nur mit &#8218;yes&#8216; oder &#8217;no&#8216;, bist bei deinem britischen Gespr\u00e4chspartner durchgefallen. Dies verst\u00f6\u00dft n\u00e4mlich akut gegen alle Regeln des Inselknigge. Bei einer bejahten bzw. verneinten Antwort musst du n\u00e4mlich noch das entsprechende Hilfsverb entsprechend des grammatikalischen <b>Tempus<\/b> anh\u00e4ngen.\r\n<br \/><br \/>\r\nIn unserem Beispiel: <b>Yes, I do. bzw. No, I don&#8217;t.<\/b>\r\n\r\n<br \/><br \/>\r\n<div class=\"iframe-container\">\r\n<iframe loading=\"lazy\" width=\"560\" height=\"315\" src=\"https:\/\/www.youtube.com\/embed\/Eib1qrPbuW0\" title=\"YouTube video player\" frameborder=\"0\" allow=\"accelerometer; autoplay; clipboard-write; encrypted-media; gyroscope; picture-in-picture\" allowfullscreen><\/iframe><\/div><br \/><br \/>\r\n<h4>\u00dcbersicht &#8211; Kurzantwort Englisch<\/h4>\r\n<hr>\r\n<table class=\"table table-bordered table-sm\">\r\n<tbody>\r\n<tr class=\"table-danger\">\r\n<td colspan=\"3\">Simple Present<\/td>\r\n<\/tr>\r\n<tr class=\"table-success\">\r\n<td colspan=\"3\">bejaht<\/td>\r\n<\/tr>\r\n<tr class=\"table-primary\">\r\n\r\n<td>Do you like football?<\/td>\r\n\r\n<td colspan=\"3\">\r\n  \r\n  <table>\r\n    <tr><td>Yes, I \/ you \/ we \/ they do.<\/td> <\/tr>\r\n    <tr><td>Yes, he\/she\/it does.<\/td> <\/tr>    \r\n  <\/table>\r\n<\/td>\r\n<\/tr>\r\n<\/tbody>\r\n<tbody>\r\n<tr class=\"table-success\">\r\n<td colspan=\"3\">verneint<\/td>\r\n<\/tr>\r\n<tr class=\"table-primary\">\r\n\r\n<td>Do you like football?<\/td>\r\n\r\n<td colspan=\"3\">\r\n  \r\n  <table>\r\n    <tr><td>No I \/ you \/ we \/ they don&#8217;t<\/td> <\/tr>\r\n    <tr><td>No he\/she\/it doesn&#8217;t.<\/td> <\/tr>        \r\n  <\/table>\r\n<\/td>\r\n<\/tr>\r\n<tr class=\"table-danger\">\r\n<td colspan=\"3\">das Verb be<\/td>\r\n<\/tr>\r\n<tr class=\"table-success\">\r\n<td colspan=\"3\">bejaht<\/td>\r\n<\/tr>\r\n<tr class=\"table-primary\">\r\n\r\n<td>Are you happy?<\/td>\r\n\r\n<td colspan=\"3\">\r\n  \r\n  <table>\r\n    <tr><td>Yes, I am.<\/td> <\/tr>\r\n    <tr><td>Yes, you \/ we \/ they are.<\/td><\/tr>\r\n    <tr><td>Yes, he\/she\/it is.<\/td> <\/tr>    \r\n  <\/table>\r\n<\/td>\r\n<\/tr>\r\n<\/tbody>\r\n<tbody>\r\n<tr class=\"table-success\">\r\n<td colspan=\"3\">verneint<\/td>\r\n<\/tr>\r\n<tr class=\"table-primary\">\r\n\r\n<td>Are you happy?<\/td>\r\n\r\n<td colspan=\"3\">\r\n  \r\n  <table>\r\n    <tr><td>No, I&#8217;m not.<\/td> <\/tr>\r\n    <tr><td>No, you \/ we \/ they aren&#8217;t.<\/td> <\/tr>\r\n    <tr><td>No, he \/ she \/ it isn&#8217;t.<\/td> <\/tr>        \r\n <\/table>\r\n<\/td>\r\n<\/tr>\r\n<tr class=\"table-danger\">\r\n<td colspan=\"3\">Simple Past<\/td>\r\n<\/tr>\r\n<tr class=\"table-success\">\r\n<td colspan=\"3\">bejaht<\/td>\r\n<\/tr>\r\n<tr class=\"table-primary\">\r\n\r\n<td>Did you like it?<\/td>\r\n\r\n<td colspan=\"3\">\r\n  \r\n  <table>\r\n    <tr><td>Yes,  I \/  you\/ he \/ she \/ it \/ we \/ they did.<\/td> <\/tr>      \r\n  <\/table>\r\n<\/td>\r\n<\/tr>\r\n<\/tbody>\r\n<tbody>\r\n<tr class=\"table-success\">\r\n<td colspan=\"3\">verneint<\/td>\r\n<\/tr>\r\n<tr class=\"table-primary\">\r\n\r\n<td>Did you like it?<\/td>\r\n\r\n<td colspan=\"3\">\r\n  \r\n  <table>    <tr><td>No, I \/ you \/ he \/ she \/ it \/we \/ they didn&#8217;t.<\/td> <\/tr>     \r\n \r\n  <\/table>\r\n<\/td>\r\n<\/tr>\r\n<tr class=\"table-danger\">\r\n<td colspan=\"3\">Present Perfect<\/td>\r\n<\/tr>\r\n<tr class=\"table-success\">\r\n<td colspan=\"3\">bejaht<\/td>\r\n<\/tr>\r\n<tr class=\"table-primary\">\r\n\r\n<td>Have you seen the game?<\/td>\r\n\r\n<td colspan=\"3\">\r\n  \r\n  <table>\r\n    <tr><td>Yes, I \/ you \/ we \/ they. have<\/td> <\/tr>\r\n    <tr><td>Yes, has he\/she\/it has.<\/td> <\/tr>    \r\n  <\/table>\r\n<\/td>\r\n<\/tr>\r\n<\/tbody>\r\n<tbody>\r\n<tr class=\"table-success\">\r\n<td colspan=\"3\">verneint<\/td>\r\n<\/tr>\r\n<tr class=\"table-primary\">\r\n\r\n<td>Have you seen the game?<\/td>\r\n\r\n<td colspan=\"3\">\r\n  \r\n  <table>\r\n    <tr><td>No, I \/ you \/ we \/ they haven&#8217;t.<\/td> <\/tr>\r\n    <tr><td>No, he\/she\/it hasn&#8217;t.<\/td> <\/tr>       \r\n  <\/table>\r\n<\/td>\r\n<\/tr>\r\n<tr class=\"table-danger\">\r\n<td colspan=\"3\">Will Future<\/td>\r\n<\/tr>\r\n<tr class=\"table-success\">\r\n<td colspan=\"3\">bejaht<\/td>\r\n<\/tr>\r\n<tr class=\"table-primary\">\r\n\r\n<td>Will it rain?<\/td>\r\n\r\n<td colspan=\"3\">\r\n  \r\n  <table>\r\n    <tr><td>Yes, I \/  you\/ he \/ she \/ it \/ we \/ they will.<\/td> <\/tr>      \r\n  <\/table>\r\n<\/td>\r\n<\/tr>\r\n<\/tbody>\r\n<tbody>\r\n<tr class=\"table-success\">\r\n<td colspan=\"3\">verneint<\/td>\r\n<\/tr>\r\n<tr class=\"table-primary\">\r\n\r\n<td>Will it rain?<\/td>\r\n\r\n<td colspan=\"3\">\r\n  \r\n  <table>\r\n    <tr><td>No, I \/ you \/ he \/ she \/ it \/we \/ they won&#8217;t.<\/td> <\/tr>     \r\n       \r\n  <\/table>\r\n<\/td>\r\n<\/tr>\r\n<\/tbody>\r\n<\/table>\r\n\r\n<\/div>","protected":false},"excerpt":{"rendered":"Neither, either, nor, so do I, me too &#8211; \u00dcbungen Kurzantwort Englisch &#8211; Erkl\u00e4rungen Die englische Sprache ist von der Grammatik her eher unproblematisch. Jedoch entpuppt sich der Teufel oft im Detail. Eine so einfache Sache, wie auf eine Frage mit &#8218;ja&#8216; oder &#8217;nein&#8216; zu antworten, kann durchaus zum interkulturellen Fettnapf werden. Antwortest du n\u00e4mlich [&hellip;]","protected":false},"author":3,"featured_media":0,"parent":0,"menu_order":0,"comment_status":"closed","ping_status":"closed","template":"","meta":[],"_links":{"self":[{"href":"https:\/\/english-munich.de\/training\/wp-json\/wp\/v2\/pages\/11787"}],"collection":[{"href":"https:\/\/english-munich.de\/training\/wp-json\/wp\/v2\/pages"}],"about":[{"href":"https:\/\/english-munich.de\/training\/wp-json\/wp\/v2\/types\/page"}],"author":[{"embeddable":true,"href":"https:\/\/english-munich.de\/training\/wp-json\/wp\/v2\/users\/3"}],"replies":[{"embeddable":true,"href":"https:\/\/english-munich.de\/training\/wp-json\/wp\/v2\/comments?post=11787"}],"version-history":[{"count":3,"href":"https:\/\/english-munich.de\/training\/wp-json\/wp\/v2\/pages\/11787\/revisions"}],"predecessor-version":[{"id":11796,"href":"https:\/\/english-munich.de\/training\/wp-json\/wp\/v2\/pages\/11787\/revisions\/11796"}],"wp:attachment":[{"href":"https:\/\/english-munich.de\/training\/wp-json\/wp\/v2\/media?parent=11787"}],"curies":[{"name":"wp","href":"https:\/\/api.w.org\/{rel}","templated":true}]}}