{"id":11750,"date":"2022-09-21T11:32:17","date_gmt":"2022-09-21T11:32:17","guid":{"rendered":"https:\/\/english-munich.de\/training\/?page_id=11750"},"modified":"2022-09-25T16:28:09","modified_gmt":"2022-09-25T16:28:09","slug":"neither-either-nor-mee-too-auch-auch-nicht-auf-englisch","status":"publish","type":"page","link":"https:\/\/english-munich.de\/training\/neither-either-nor-mee-too-auch-auch-nicht-auf-englisch\/","title":{"rendered":"Neither, either, nor, me too &#8211; auch, auch nicht auf Englisch"},"content":{"rendered":"<div class=\"container well\">\r\n<h2>Neither, either, nor, so do I, me too &#8211; \u00dcbungen<\/h2><hr>\r\n<div id=\"bellows-main-87\" class=\"bellows bellows-nojs bellows-main bellows-source-menu bellows-align-full bellows-skin-vanilla bellows-type-\"><ul id=\"menu-neither\" class=\"bellows-nav\" data-bellows-config=\"main\"><li id=\"menu-item-11734\" class=\"bellows-menu-item bellows-menu-item-type-post_type bellows-menu-item-object-page bellows-menu-item-11734 bellows-item-level-0\"><a  href=\"https:\/\/english-munich.de\/training\/neither-eithernor-too-so-do-i-me-too\/\" class=\"bellows-target\"><span class=\"bellows-target-title bellows-target-text\">\u2611\ufe0fneither, either,nor, too, so do I<\/span><\/a><\/li>\n<li id=\"menu-item-11784\" class=\"bellows-menu-item bellows-menu-item-type-post_type bellows-menu-item-object-page bellows-menu-item-11784 bellows-item-level-0\"><a  href=\"https:\/\/english-munich.de\/training\/neither-either-nor-so-do-i-me-too-uebungen-drag-and-drop\/\" class=\"bellows-target\"><span class=\"bellows-target-title bellows-target-text\">\ud83d\uddb1\ufe0fNeither, either, drag and drop<\/span><\/a><\/li>\n<li id=\"menu-item-11746\" class=\"bellows-menu-item bellows-menu-item-type-post_type bellows-menu-item-object-page bellows-menu-item-11746 bellows-item-level-0\"><a  href=\"https:\/\/english-munich.de\/training\/neither-eithernor-too-so-do-i-auch-bzw-auch-nicht-auf-englisch\/\" class=\"bellows-target\"><span class=\"bellows-target-title bellows-target-text\">\u270d\ufe0fneither, either,nor, too, so do I &#8211; II<\/span><\/a><\/li>\n<\/ul><\/div>\r\n\r\n<h3>Neither, either, nor, so do I, me too &#8211; Erkl\u00e4rungen<\/h3><hr>\r\nDie Grundlagen der englischen Grammatik sind im Vergleich zur deutschen Sprache eher simpel. Sich im Alltag auf Englisch zu verst\u00e4ndigen, ist tats\u00e4chlich f\u00fcr jedermann m\u00f6glich. Trotzdem gibt es einige kleine, aber feine Unterschiede. <br \/><br \/>\r\n\r\nEin typisches Beispiel daf\u00fcr ist, dass eine im Deutschen so einfach anmutende Satzerg\u00e4nzung wie, <b>auch nicht<\/b>, in seiner englischen Entsprechung hochkomplex ist.<br \/><br \/>\r\n\r\nWenn Du Dich zum Beispiel im Englischen der Aussage \u201cI like lemonade.\u201d anschlie\u00dfen willst, m\u00fcsst Du dies tun, indem Du <b>so do I <\/b>, sagst.<br \/><br \/>\r\n\r\nDahingehend gibt es eine grammatikalische Sparversion, n\u00e4mlich <b> \u201cme too\u201d <\/b>, die aber genauer Pr\u00fcfung nicht standh\u00e4lt. Umgangssprachlich aber durchaus akzeptabel.\r\n<br \/><br \/>\r\nWenn Du aber jemandem bei einer negativen Aussage zustimmen willst, wird es tats\u00e4chlich hochkomplex. Dahingehend gibt es n\u00e4mlich vier M\u00f6glichkeiten:<br \/><br \/>\r\n<ol>\r\n<\/li> <li>I don\u2019t either. <\/li> <li>Neither do I. <\/li> <li>Nor do I.  <\/li><li>Me neither. <\/li>\r\n<\/ol>\r\n<br \/><br \/>\r\n<div class=\"iframe-container\">\r\n<iframe loading=\"lazy\" width=\"560\" height=\"315\" src=\"https:\/\/www.youtube.com\/embed\/_uNbPfUehQI\" title=\"YouTube video player\" frameborder=\"0\" allow=\"accelerometer; autoplay; clipboard-write; encrypted-media; gyroscope; picture-in-picture\" allowfullscreen><\/iframe><\/div><br \/><br \/>\r\n<h4>\u00dcbersicht &#8211; either, neither, nor, so do I, me too<\/h4>\r\n<hr>\r\n<table class=\"table table-bordered table-sm\">\r\n<tbody>\r\n<tr class=\"table-danger\">\r\n<td colspan=\"3\">Simple Present<\/td>\r\n<\/tr>\r\n<tr class=\"table-success\">\r\n<td colspan=\"3\">bejaht<\/td>\r\n<\/tr>\r\n<tr class=\"table-primary\">\r\n\r\n<td>I like football.<\/td>\r\n\r\n<td colspan=\"3\">\r\n  \r\n  <table>\r\n    <tr><td>So do I \/ you \/ we \/ they.<\/td> <\/tr>\r\n    <tr><td>So does he\/she\/it.<\/td> <\/tr>    \r\n  <\/table>\r\n<\/td>\r\n<\/tr>\r\n<\/tbody>\r\n<tbody>\r\n<tr class=\"table-success\">\r\n<td colspan=\"3\">verneint<\/td>\r\n<\/tr>\r\n<tr class=\"table-primary\">\r\n\r\n<td>I don&#8217;t like football.<\/td>\r\n\r\n<td colspan=\"3\">\r\n  \r\n  <table>\r\n    <tr><td>Neither \/nor do I \/ you \/ we \/ they.<\/td> <\/tr>\r\n    <tr><td>Neither\/nor does he\/she\/it.<\/td> <\/tr>    \r\n    <tr><td>I \/ you \/ we \/they don&#8217;t either.<\/td> <\/tr>\r\n    <tr><td>He\/she\/it doesn&#8217;t either.<\/td> <\/tr>    \r\n  <\/table>\r\n<\/td>\r\n<\/tr>\r\n<tr class=\"table-danger\">\r\n<td colspan=\"3\">das Verb be<\/td>\r\n<\/tr>\r\n<tr class=\"table-success\">\r\n<td colspan=\"3\">bejaht<\/td>\r\n<\/tr>\r\n<tr class=\"table-primary\">\r\n\r\n<td>I am happy.<\/td>\r\n\r\n<td colspan=\"3\">\r\n  \r\n  <table>\r\n    <tr><td>So am I .<\/td> <\/tr>\r\n    <tr><td>So are you \/ we \/ they.<\/td><\/tr>\r\n    <tr><td>So is he\/she\/it.<\/td> <\/tr>    \r\n  <\/table>\r\n<\/td>\r\n<\/tr>\r\n<\/tbody>\r\n<tbody>\r\n<tr class=\"table-success\">\r\n<td colspan=\"3\">verneint<\/td>\r\n<\/tr>\r\n<tr class=\"table-primary\">\r\n\r\n<td>I am not happy.<\/td>\r\n\r\n<td colspan=\"3\">\r\n  \r\n  <table>\r\n    <tr><td>Neither \/nor am I.<\/td> <\/tr>\r\n    <tr><td>Neither \/nor are you \/ we \/ they.<\/td> <\/tr>\r\n    <tr><td>Neither\/nor is he \/ she \/ it.<\/td> <\/tr>    \r\n    <tr><td>I&#8217;m not either.<\/td> <\/tr>\r\n    <tr><td>We \/ you \/ they aren&#8217;t either.<\/td> <\/tr>\r\n    <tr><td>He\/she\/it isn&#8217;t either.<\/td> <\/tr>    \r\n  <\/table>\r\n<\/td>\r\n<\/tr>\r\n<tr class=\"table-danger\">\r\n<td colspan=\"3\">Simple Past<\/td>\r\n<\/tr>\r\n<tr class=\"table-success\">\r\n<td colspan=\"3\">bejaht<\/td>\r\n<\/tr>\r\n<tr class=\"table-primary\">\r\n\r\n<td>I liked football.<\/td>\r\n\r\n<td colspan=\"3\">\r\n  \r\n  <table>\r\n    <tr><td>So did I \/  you\/ he \/ she \/ it \/ we \/ they.<\/td> <\/tr>      \r\n  <\/table>\r\n<\/td>\r\n<\/tr>\r\n<\/tbody>\r\n<tbody>\r\n<tr class=\"table-success\">\r\n<td colspan=\"3\">verneint<\/td>\r\n<\/tr>\r\n<tr class=\"table-primary\">\r\n\r\n<td>I didn&#8217;t like football.<\/td>\r\n\r\n<td colspan=\"3\">\r\n  \r\n  <table>\r\n    <tr><td>Neither \/nor did I \/ you \/ he \/ she \/ it \/we \/ they.<\/td> <\/tr>     \r\n    <tr><td>I \/ he \/ she \/ it \/ you \/ we \/ they didn&#8217;t either.<\/td> <\/tr>    \r\n  <\/table>\r\n<\/td>\r\n<\/tr>\r\n<tr class=\"table-danger\">\r\n<td colspan=\"3\">Present Perfect<\/td>\r\n<\/tr>\r\n<tr class=\"table-success\">\r\n<td colspan=\"3\">bejaht<\/td>\r\n<\/tr>\r\n<tr class=\"table-primary\">\r\n\r\n<td>I have liked football.<\/td>\r\n\r\n<td colspan=\"3\">\r\n  \r\n  <table>\r\n    <tr><td>So have I \/ you \/ we \/ they.<\/td> <\/tr>\r\n    <tr><td>So has he\/she\/it.<\/td> <\/tr>    \r\n  <\/table>\r\n<\/td>\r\n<\/tr>\r\n<\/tbody>\r\n<tbody>\r\n<tr class=\"table-success\">\r\n<td colspan=\"3\">verneint<\/td>\r\n<\/tr>\r\n<tr class=\"table-primary\">\r\n\r\n<td>I haven&#8217;t like football.<\/td>\r\n\r\n<td colspan=\"3\">\r\n  \r\n  <table>\r\n    <tr><td>Neither \/nor have I \/ you \/ we \/ they.<\/td> <\/tr>\r\n    <tr><td>Neither\/nor has he\/she\/it.<\/td> <\/tr>    \r\n    <tr><td>I \/ you \/ we \/they haven&#8217;t either.<\/td> <\/tr>\r\n    <tr><td>He\/she\/it hasn&#8217;t either.<\/td> <\/tr>    \r\n  <\/table>\r\n<\/td>\r\n<\/tr>\r\n<tr class=\"table-danger\">\r\n<td colspan=\"3\">Will Future<\/td>\r\n<\/tr>\r\n<tr class=\"table-success\">\r\n<td colspan=\"3\">bejaht<\/td>\r\n<\/tr>\r\n<tr class=\"table-primary\">\r\n\r\n<td>I will football.<\/td>\r\n\r\n<td colspan=\"3\">\r\n  \r\n  <table>\r\n    <tr><td>So will I \/  you\/ he \/ she \/ it \/ we \/ they.<\/td> <\/tr>      \r\n  <\/table>\r\n<\/td>\r\n<\/tr>\r\n<\/tbody>\r\n<tbody>\r\n<tr class=\"table-success\">\r\n<td colspan=\"3\">verneint<\/td>\r\n<\/tr>\r\n<tr class=\"table-primary\">\r\n\r\n<td>I won&#8217;t like football.<\/td>\r\n\r\n<td colspan=\"3\">\r\n  \r\n  <table>\r\n    <tr><td>Neither \/nor will I \/ you \/ he \/ she \/ it \/we \/ they.<\/td> <\/tr>     \r\n    <tr><td>I \/ he \/ she \/ it \/ you \/ we \/ they won&#8217;t either.<\/td> <\/tr>    \r\n  <\/table>\r\n<\/td>\r\n<\/tr>\r\n<\/tbody>\r\n<\/table>\r\n\r\n<\/div>","protected":false},"excerpt":{"rendered":"Neither, either, nor, so do I, me too &#8211; \u00dcbungen Neither, either, nor, so do I, me too &#8211; Erkl\u00e4rungen Die Grundlagen der englischen Grammatik sind im Vergleich zur deutschen Sprache eher simpel. Sich im Alltag auf Englisch zu verst\u00e4ndigen, ist tats\u00e4chlich f\u00fcr jedermann m\u00f6glich. Trotzdem gibt es einige kleine, aber feine Unterschiede. Ein typisches [&hellip;]","protected":false},"author":3,"featured_media":0,"parent":0,"menu_order":0,"comment_status":"closed","ping_status":"closed","template":"","meta":[],"_links":{"self":[{"href":"https:\/\/english-munich.de\/training\/wp-json\/wp\/v2\/pages\/11750"}],"collection":[{"href":"https:\/\/english-munich.de\/training\/wp-json\/wp\/v2\/pages"}],"about":[{"href":"https:\/\/english-munich.de\/training\/wp-json\/wp\/v2\/types\/page"}],"author":[{"embeddable":true,"href":"https:\/\/english-munich.de\/training\/wp-json\/wp\/v2\/users\/3"}],"replies":[{"embeddable":true,"href":"https:\/\/english-munich.de\/training\/wp-json\/wp\/v2\/comments?post=11750"}],"version-history":[{"count":11,"href":"https:\/\/english-munich.de\/training\/wp-json\/wp\/v2\/pages\/11750\/revisions"}],"predecessor-version":[{"id":11791,"href":"https:\/\/english-munich.de\/training\/wp-json\/wp\/v2\/pages\/11750\/revisions\/11791"}],"wp:attachment":[{"href":"https:\/\/english-munich.de\/training\/wp-json\/wp\/v2\/media?parent=11750"}],"curies":[{"name":"wp","href":"https:\/\/api.w.org\/{rel}","templated":true}]}}