{"id":11653,"date":"2022-05-08T19:02:44","date_gmt":"2022-05-08T19:02:44","guid":{"rendered":"https:\/\/english-munich.de\/training\/?page_id=11653"},"modified":"2022-05-08T19:02:44","modified_gmt":"2022-05-08T19:02:44","slug":"vokabular-materialeigenschaften","status":"publish","type":"page","link":"https:\/\/english-munich.de\/training\/vokabular-materialeigenschaften\/","title":{"rendered":"Vokabular Materialeigenschaften"},"content":{"rendered":"<div class=\"jumbotron text-center\">\r\n<h2>Vokabular &#8211; Materialeigenschaften &#8211; Englisch &#8211; Aufgaben<\/h2>\r\n\u00dcbungen &#8211; Vokabular &#8211; Materialeigenschaften\r\n\r\n<\/div>\r\n<div class=\"bs-example\">\r\n<div id=\"accordionExample\" class=\"accordion\">\r\n<div class=\"card\">\r\n<div id=\"headingOne\" class=\"card-header\">\r\n<h2 class=\"mb-0\" style=\"color: #000;\"><button class=\"btn btn-link collapsed\" type=\"button\" data-toggle=\"collapse\" data-target=\"#collapseOne\">Beispiel<\/button><\/h2>\r\n<\/div>\r\n<div id=\"collapseOne\" class=\"collapse\" aria-labelledby=\"headingOne\" data-parent=\"#accordionExample\">\r\n<div class=\"card-body\"><div><b>Zerrei\u00dffestigkeit:<\/b><\/div><br \/>\r\n<div class=\"form-inline\"><div class=\"row\"><div><label for=\"sel1\"><span class=\"number\">\u24ff<\/span>The resistance of a material to breaking under tension:<\/div>&nbsp;&nbsp;<div><select id=\"beispiel\" class=\"form-control\">\r\n<option value=\"wrong\">don&#8217;t did<\/option>\r\n<option value=\"correct\">whet<\/option>\r\n<option value=\"wrong\">doesn&#8217;t did<\/option>\r\n<\/select><\/label><\/div><\/div><\/div><br \/>\r\n\r\nDie richtige L\u00f6sung ist: <b>&#8222;tensile strength&#8220;<\/b>&nbsp;&nbsp;<button class=\"btn-lg btn-info\" type=\"button\" value=\"submit\" data-toggle=\"modal\" data-target=\"#myModal\">Tipp<\/button>\r\n\r\n\r\n<\/div>\r\n<\/div>\r\n<\/div>\r\n<\/div>\r\n<br \/><br \/>\r\n<div class=\"container well\">\r\n<h4>\u2611\ufe0f W\u00e4hle die richtige Option, mit dem richtigen Verb f\u00fcr Materialeigenschaften. Erg\u00e4nze den Satz auf Englisch sinnvoll:<\/h4>\r\n\r\n<hr>\r\n\r\n<br \/>\r\n<div class=\"container-fluid\">\r\n<div><b>Spr\u00f6digkeit:<\/b><\/div><br \/>\r\n<div class=\"form-inline\"><div class=\"row\"><div><label for=\"sel1\"><span class=\"number\">\u2776<\/span>With little tendency to deform before rupture:<\/div>&nbsp;&nbsp; <div> <select id=\"q0\" class=\"form-control\">\r\n<option value=\"wrong\"><\/option>\r\n<option value=\"wrong\"> brightness <\/option>\r\n<option value=\"correct\"> brittleness <\/option>\r\n<option value=\"wrong\"> spreading <\/option>\r\n<\/select><\/label><\/div><\/div><\/div><br \/>\r\n<p id=\"correct0\" align=\"left\"><\/p>\r\n<a class=\"btn btn-success tipp0 hidden\" style=\"text-decoration: none, color:white;\" title=\"With little tendency to deform before rupture: brittleness\" href=\"#0\" data-toggle=\"popover\"  data-placement=\"top\" data-trigger=\"hover\" data-content=\" 'brittleness' \u2794  'Spr\u00f6digkeit'.\">Tipp<\/a>\r\n\r\n\r\n<div><b>Dehnbarkeit:<\/b><\/div><br \/>\r\n<div class=\"form-inline\"><div class=\"row\"><div><label for=\"sel1\"><span class=\"number\">\u2777<\/span> The ability to be drawn into a wire:  <\/div>&nbsp;&nbsp; <div><select id=\"q1\" class=\"form-control\">\r\n<option value=\"wrong\"><\/option>\r\n<option value=\"wrong\"> draft <\/option>\r\n<option value=\"wrong\"> durability <\/option>\r\n<option value=\"correct\"> ductility <\/option>\r\n<\/select> <\/label><\/div><\/div><\/div><br \/>\r\n\r\n<p id=\"correct1\" align=\"left\"><\/p>\r\n<a class=\"btn btn-success tipp1 hidden\" style=\"text-decoration: none, color:white;\" title=\"The ability to be drawn into a wire: ductility.\" href=\"#1\" data-toggle=\"popover\" data-placement=\"top\" data-trigger=\"hover\" data-content=\"'ductility' \u2794  'Dehnbarkeit'.\">Tipp<\/a>\r\n\r\n<div><b>Rei\u00dffestigkeit:<\/b><\/div><br \/>\r\n<div class=\"form-inline\"><div class=\"row\"><div><label for=\"sel1\"><span class=\"number\">\u2778<\/span> \r\n<\/div> &nbsp;&nbsp; <div> The resistance of a material to breaking under tension:<select id=\"q2\" class=\"form-control\">\r\n<option value=\"wrong\"><\/option>\r\n<option value=\"wrong\"> wear and tear <\/option>\r\n<option value=\"correct\"> tensile strength <\/option>\r\n<option value=\"wrong\"> ripcraft <\/option>\r\n<\/select><\/label><\/div><\/div><\/div><br \/>\r\n\r\n<p id=\"correct2\" align=\"left\"><\/p>\r\n<a class=\"btn btn-success tipp2 hidden\" style=\"text-decoration: none, color:white;\" title=\"The resistance of a material to breaking under tension: tensile strength.\" href=\"#2\" data-toggle=\"popover\" data-placement=\"top\" data-trigger=\"hover\" data-content=\"'tensile strength' \u2794  'Rei\u00dffestigkeit'\">Tipp<\/a>\r\n\r\n<div><b>Materialerm\u00fcdung:<\/b><\/div><br \/>\r\n<div class=\"form-inline\"><div class=\"row\"><div><label for=\"sel1\"><span class=\"number\">\u2779<\/span>Structures failing when subjected to a cyclic load: <\/div>&nbsp;&nbsp;<div><select id=\"q3\" class=\"form-control\">\r\n<option value=\"wrong\"><\/option>\r\n<option value=\"wrong\"> break down <\/option>\r\n<option value=\"wrong\"> burn out <\/option>\r\n<option value=\"correct\"> fatigue <\/option>\r\n<\/select><\/label><\/div><\/div><\/div><br \/>\r\n\r\n<p id=\"correct3\" align=\"left\"><\/p>\r\n<a class=\"btn btn-success tipp3 hidden\" style=\"text-decoration: none, color:white;\" title=\"Structures failing when subjected to a cyclic load: fatigue\" href=\"#3\" data-toggle=\"popover\" data-placement=\"top\" data-trigger=\"hover\" data-content=\"'fatigue' \u2794  'Materialerm\u00fcdung'.\">Tipp<\/a>\r\n\r\n<div><b>Oberfl\u00e4chenh\u00e4rte:<\/b><\/div><br \/>\r\n<div class=\"form-inline\"><div class=\"row\"><div><label for=\"sel1\"><span class=\"number\">\u277a<\/span>Resistance to pressing-in or scratch of a sharp object: <\/div>&nbsp;&nbsp; <div><select id=\"q4\" class=\"form-control\">\r\n<option value=\"wrong\"><\/option>\r\n<option value=\"wrong\"> superficiality <\/option>\r\n<option value=\"correct\"> hardness <\/option>\r\n<option value=\"wrong\"> surface <\/option>\r\n<\/select><\/label><\/div><\/div><\/div><br \/>\r\n\r\n<p id=\"correct4\" align=\"left\"><\/p>\r\n<a class=\"btn btn-success tipp4 hidden\" style=\"text-decoration: none, color:white;\" title=\"Resistance pressing-in or scratch of a sharp object: hardness.\" href=\"#4\" data-toggle=\"popover\" data-placement=\"top\" data-trigger=\"hover\" data-content=\"'hardness' \u2794  'Oberfl\u00e4chenh\u00e4rte'.\">Tipp<\/a>\r\n\r\n<div><b>Kriechen:<\/b><\/div><br \/>\r\n<div class=\"form-inline\"><div class=\"row\"><div><label for=\"sel1\"><span class=\"number\">\u277b<\/span>Permanent deformation with time under constant load or stress: <\/div>&nbsp;&nbsp; <div><select id=\"q5\" class=\"form-control\">\r\n<option value=\"wrong\"><\/option>\r\n<option value=\"wrong\"> crawl <\/option>\r\n<option value=\"wrong\"> crust <\/option>\r\n<option value=\"correct\"> creep <\/option>\r\n<\/select><\/label><\/div><\/div><\/div><br \/>\r\n<p id=\"correct5\" align=\"left\"><\/p>\r\n<a class=\"btn btn-success tipp5 hidden\" style=\"text-decoration: none, color:white;\" title=\"Permanent deformation with time under constant load or stress: creep\" href=\"#5\" data-toggle=\"popover\" data-placement=\"top\" data-trigger=\"hover\" data-content=\"'creep' \u2794  'Kriechen'.\">Tipp<\/a>\r\n\r\n<div><b>Aufpralleigenschaften:<\/b><\/div><br \/>\r\n<div class=\"form-inline\"><div class=\"row\"><div><label for=\"sel1\"><span class=\"number\">\u277c<\/span>Deformation and failure process during the collision:  <\/div>&nbsp;&nbsp; <div><select id=\"q6\" class=\"form-control\">\r\n<option value=\"wrong\"><\/option>\r\n<option value=\"correct\"> impact properties <\/option>\r\n<option value=\"wrong\"> bounce features<\/option>\r\n<option value=\"wrong\"> recoil ability  <\/option>\r\n<\/select><\/label><\/div><\/div><\/div><br \/>\r\n<p id=\"correct6\" align=\"left\"><\/p>\r\n<a class=\"btn btn-success tipp6 hidden\" style=\"text-decoration: none, color:white;\" title=\"Deformation and failure process during the collision: impact properties.\" href=\"#6\" data-toggle=\"popover\" data-placement=\"top\" data-trigger=\"hover\" data-content=\"'impact properties' \u2794  'Aufpralleigenschaften'.\">Tipp<\/a>\r\n\r\n<div><b>Formbarkeit:<\/b><\/div><br \/>\r\n<div class=\"form-inline\"><div class=\"row\"><div><label for=\"sel1\"><span class=\"number\">\u277d<\/span>Enduring deformation under load when compressed: <\/div>&nbsp;&nbsp; <div><select id=\"q7\" class=\"form-control\">\r\n<option value=\"wrong\"><\/option>\r\n<option value=\"wrong\"> shapeshifting <\/option>\r\n<option value=\"wrong\"> formidable <\/option>\r\n<option value=\"correct\"> plasticity <\/option>\r\n<\/select>.<\/label><\/div><\/div><\/div><br \/>\r\n<p id=\"correct7\" align=\"left\"><\/p>\r\n<a class=\"btn btn-success tipp7 hidden\" style=\"text-decoration: none, color:white;\" title=\"Enduring deformation under load when compressed: plasticity.\" href=\"#7\" data-toggle=\"popover\" data-placement=\"top\" data-trigger=\"hover\" data-content=\"'plasticity' \u2794  'Formbarkeit'.\">Tipp<\/a>\r\n\r\n<div><b>Bruchz\u00e4higkeit:<\/b><\/div><br \/>\r\n<div class=\"form-inline\"><div class=\"row\"><div><label for=\"sel1\"><span class=\"number\">\u277e<\/span>The ability to absorb energy and withstand shock up to fracture: <\/div>&nbsp;&nbsp; <div><select id=\"q8\" class=\"form-control\">\r\n<option value=\"wrong\"><\/option>\r\n<option value=\"correct\"> toughness <\/option>\r\n<option value=\"wrong\"> breakaway <\/option>\r\n<option value=\"wrong\"> breakfast <\/option>\r\n<\/select><\/label><\/div><\/div><\/div><br \/>\r\n<p id=\"correct8\" align=\"left\"><\/p>\r\n<a class=\"btn btn-success tipp8 hidden\" style=\"text-decoration: none, color:white;\" title=\"The ability to absorb energy and withstand shock up to fracture:\" href=\"#8\" data-toggle=\"popover\" data-placement=\"top\" data-trigger=\"hover\" data-content=\"'toughness' \u2794  'Bruchz\u00e4higkeit'.\">Tipp<\/a>\r\n\r\n<div><b>Leitf\u00e4higkeit:<\/b><\/div><br \/>\r\n<div class=\"form-inline\"><div class=\"row\"><div><label for=\"sel1\"><span class=\"number\">\u277f<\/span>The property of allowing heat or electricity to go through something: <\/div>&nbsp;&nbsp; <div><select id=\"q9\" class=\"form-control\">\r\n<option value=\"wrong\"><\/option>\r\n<option value=\"wrong\"> leadership <\/option>\r\n<option value=\"wrong\"> leaderboard <\/option>\r\n<option value=\"correct\"> conductivity <\/option>\r\n<\/select><\/label><\/div><\/div><\/div><br \/>\r\n<p id=\"correct9\" align=\"left\"><\/p>\r\n<a class=\"btn btn-success tipp9 hidden\" style=\"text-decoration: none, color:white;\" title=\"The property of allowing heat or electricity to go through something: conductivity.\" href=\"#9\" data-toggle=\"popover\" data-placement=\"top\" data-trigger=\"hover\" data-content=\"'conductivity' \u2794 'Leitf\u00e4higkeit'.\">Tipp<\/a>\r\n\r\n\r\n<\/div>\r\n<div class=\"container\">\r\n\r\n<!-- The Modal -->\r\n<div id=\"myModal\" class=\"modal\">\r\n<div class=\"modal-dialog\">\r\n<div class=\"modal-content\">\r\n\r\n<!-- Modal Header -->\r\n<div class=\"modal-header\">\r\n<h4 class=\"modal-title\">Vokabular &#8211; Materialeigenschaften &#8211; Englisch<\/h4>\r\n<button class=\"close\" type=\"button\" data-dismiss=\"modal\">\u00d7<\/button>\r\n\r\n<\/div>\r\n<!-- Modal body -->\r\n<div class=\"modal-body\"><table class=\"table table-bordered table-sm table-hover\">\r\n\r\n<thead>\r\n<tr class=\"table-danger\">\r\n<th colspan=\"2\">Vokabular &#8211; Materialeigenschaften &#8211; Englisch\/Deutsch<\/th>\r\n<\/tr>\r\n<\/thead>\r\n<tbody>\r\n\r\n<tr class=\"table-primary\">\r\n<td><b>Deutsch<\/b><\/td>\r\n<td><b>Englisch<\/b><\/td>\r\n\r\n<tr class=\"table-info\">\r\n<td><b><i class=\"text-danger\">Spr\u00f6digkeit<\/i><\/b><\/td>\r\n<td><b><i class=\"text-danger\">brittleness<\/i><\/b><\/td>\r\n\r\n<\/tr>\r\n<tr class=\"table-info\">\r\n<td><b><i class=\"text-danger\">Dehnbarkeit <\/i> <\/b><\/td>\r\n<td><b><i class=\"text-danger\">ductility<\/i> <\/b><\/td>\r\n<\/tr>\r\n<tr class=\"table-info\">\r\n<td><b><i class=\"text-danger\">Rei\u00dffestigkeit<\/i><\/b><\/td>\r\n<td><b><i class=\"text-danger\">tensile strength<\/i><\/b><\/td>\r\n<\/tr>\r\n<tr class=\"table-info\">\r\n<td><b><i class=\"text-danger\">Materialerm\u00fcdung<\/i><\/b><\/td>\r\n<td><b><i class=\"text-danger\">fatigue<\/i><\/b><\/td>\r\n<\/tr>\r\n<tr class=\"table-info\">\r\n<td><b><i class=\"text-danger\">Oberfl\u00e4chenh\u00e4rte<\/i><\/b><\/td>\r\n<td><b><i class=\"text-danger\">hardness<\/i><\/b><\/td>\r\n<\/tr>\r\n<tr class=\"table-info\">\r\n<td><b><i class=\"text-danger\">Kriechen<\/i><\/b><\/td>\r\n<td><b><i class=\"text-danger\">creep<\/i><\/b><\/td>\r\n<\/tr>\r\n<tr class=\"table-info\">\r\n<td><b><i class=\"text-danger\">Aufpralleigenschaften<\/i><\/b><\/td>\r\n<td><b><i class=\"text-danger\">impact properties<\/i><\/b><\/td>\r\n<\/tr>\r\n<tr class=\"table-info\">\r\n<td><b><i class=\"text-danger\">Formbarkeit<\/i><\/b><\/td>\r\n<td><b><i class=\"text-danger\">plasticity<\/i><\/b><\/td>\r\n<\/tr>\r\n<tr class=\"table-info\">\r\n<td><b><i class=\"text-danger\">Bruchz\u00e4higkeit<\/i><\/b><\/td>\r\n<td><b><i class=\"text-danger\">toughness<\/i><\/b><\/td>\r\n<\/tr>\r\n<tr class=\"table-info\">\r\n<td><b><i class=\"text-danger\">Leitf\u00e4higkeit<\/i><\/b><\/td>\r\n<td><b><i class=\"text-danger\">conductivity<\/i><\/b><\/td>\r\n<\/tr>\r\n<\/tbody>\r\n<\/table><\/div>\r\n<!-- Modal footer -->\r\n<div class=\"modal-footer\"><button class=\"btn btn-danger\" type=\"button\" data-dismiss=\"modal\">Close<\/button><\/div>\r\n<\/div>\r\n<\/div>\r\n<\/div>\r\n<\/div>\r\n<\/div>\r\n\r\n\r\n<hr>\r\n<button id=\"submitButton\" class=\"btn-lg btn-primary \" type=\"submit\" value=\"submit\">Pr\u00fcfen<\/button><button id=\"resetButton\" class=\"btn-lg btn-success\" type=\"submit\" onclick=\"refreshPage()\">Neustart<\/button><button id=\"submitButton\" class=\"btn-lg btn-info\" type=\"submit\" value=\"submit\" data-toggle=\"modal\" data-target=\"#myModal\">Tipp<\/button>\r\n\r\n<p id=\"result\"><\/p>\r\n<p id=\"result2\"><\/p>\r\n<hr>\r\n\r\n<h3>Alle \u00dcbungen Vokabular &#8211; Materialeigenschaften &#8211; Englisch\/Deutsch:<\/h3>\r\n\r\n<hr>\r\n\r\n<div id=\"bellows-main-85\" class=\"bellows bellows-nojs bellows-main bellows-source-menu bellows-align-full bellows-skin-vanilla bellows-type-\"><ul id=\"menu-werkstoffe\" class=\"bellows-nav\" data-bellows-config=\"main\"><li id=\"menu-item-11307\" class=\"bellows-menu-item bellows-menu-item-type-post_type bellows-menu-item-object-page bellows-menu-item-11307 bellows-item-level-0\"><a  href=\"https:\/\/english-munich.de\/training\/verbindungselemente-englisch\/\" class=\"bellows-target\"><span class=\"bellows-target-title bellows-target-text\">\u2611\ufe0fVerbindungselemente<\/span><\/a><\/li>\n<li id=\"menu-item-11318\" class=\"bellows-menu-item bellows-menu-item-type-post_type bellows-menu-item-object-page bellows-menu-item-11318 bellows-item-level-0\"><a  href=\"https:\/\/english-munich.de\/training\/werkstoffe-englisch\/\" class=\"bellows-target\"><span class=\"bellows-target-title bellows-target-text\">\u2611\ufe0fWerkstoffe<\/span><\/a><\/li>\n<li id=\"menu-item-11358\" class=\"bellows-menu-item bellows-menu-item-type-post_type bellows-menu-item-object-page bellows-menu-item-11358 bellows-item-level-0\"><a  href=\"https:\/\/english-munich.de\/training\/werkstoffe-oberflaechenstruktur-materialbeschaffenheit-englisch\/\" class=\"bellows-target\"><span class=\"bellows-target-title bellows-target-text\">\u2611\ufe0fOberfl\u00e4chenstruktur Materialbeschaffenheit<\/span><\/a><\/li>\n<li id=\"menu-item-11331\" class=\"bellows-menu-item bellows-menu-item-type-post_type bellows-menu-item-object-page bellows-menu-item-11331 bellows-item-level-0\"><a  href=\"https:\/\/english-munich.de\/training\/englisch-fuer-ingenieure\/\" class=\"bellows-target\"><span class=\"bellows-target-title bellows-target-text\">\u2611\ufe0fVerben Materialverarbeitung<\/span><\/a><\/li>\n<li id=\"menu-item-11440\" class=\"bellows-menu-item bellows-menu-item-type-post_type bellows-menu-item-object-page bellows-menu-item-11440 bellows-item-level-0\"><a  href=\"https:\/\/english-munich.de\/training\/verben-mechanik\/\" class=\"bellows-target\"><span class=\"bellows-target-title bellows-target-text\">\u2611\ufe0fVerben Mechanik<\/span><\/a><\/li>\n<li id=\"menu-item-11441\" class=\"bellows-menu-item bellows-menu-item-type-post_type bellows-menu-item-object-page bellows-menu-item-11441 bellows-item-level-0\"><a  href=\"https:\/\/english-munich.de\/training\/physikalische-phaenomene-englisch\/\" class=\"bellows-target\"><span class=\"bellows-target-title bellows-target-text\">\u2611\ufe0fphysikalische Ph\u00e4nomene<\/span><\/a><\/li>\n<li id=\"menu-item-11564\" class=\"bellows-menu-item bellows-menu-item-type-post_type bellows-menu-item-object-page bellows-menu-item-11564 bellows-item-level-0\"><a  href=\"https:\/\/english-munich.de\/training\/vokabular-materialverschleiss-englisch\/\" class=\"bellows-target\"><span class=\"bellows-target-title bellows-target-text\">\u2611\ufe0fVokabular Materialverschlei\u00df<\/span><\/a><\/li>\n<li id=\"menu-item-11661\" class=\"bellows-menu-item bellows-menu-item-type-post_type bellows-menu-item-object-page bellows-menu-item-11661 bellows-item-level-0\"><a  href=\"https:\/\/english-munich.de\/training\/vokabular-materialeigenschaften\/\" class=\"bellows-target\"><span class=\"bellows-target-title bellows-target-text\">\u2611\ufe0fVokabular Materialeigenschaften<\/span><\/a><\/li>\n<li id=\"menu-item-11414\" class=\"bellows-menu-item bellows-menu-item-type-post_type bellows-menu-item-object-page bellows-menu-item-11414 bellows-item-level-0\"><a  href=\"https:\/\/english-munich.de\/training\/kreuzwortraetsel-materialbearbeitung\/\" class=\"bellows-target\"><span class=\"bellows-target-title bellows-target-text\">\ud83d\udd33Kreuzwortr\u00e4tsel Materialbearbeitung<\/span><\/a><\/li>\n<li id=\"menu-item-11415\" class=\"bellows-menu-item bellows-menu-item-type-post_type bellows-menu-item-object-page bellows-menu-item-11415 bellows-item-level-0\"><a  href=\"https:\/\/english-munich.de\/training\/kreuzwortraetsel-verbindungselemente\/\" class=\"bellows-target\"><span class=\"bellows-target-title bellows-target-text\">\ud83d\udd33Kreuzwortr\u00e4tsel Verbindungselemente<\/span><\/a><\/li>\n<li id=\"menu-item-11416\" class=\"bellows-menu-item bellows-menu-item-type-post_type bellows-menu-item-object-page bellows-menu-item-11416 bellows-item-level-0\"><a  href=\"https:\/\/english-munich.de\/training\/kreuzwortraetsel-werkstoffe\/\" class=\"bellows-target\"><span class=\"bellows-target-title bellows-target-text\">\ud83d\udd33Kreuzwortr\u00e4tsel Werkstoffe<\/span><\/a><\/li>\n<li id=\"menu-item-11573\" class=\"bellows-menu-item bellows-menu-item-type-post_type bellows-menu-item-object-page bellows-menu-item-11573 bellows-item-level-0\"><a  href=\"https:\/\/english-munich.de\/training\/kreuzwortraetsel-vokabular-materialverschleiss\/\" class=\"bellows-target\"><span class=\"bellows-target-title bellows-target-text\">\ud83d\udd33Kreuzwortr\u00e4tsel Materialverschlei\u00df<\/span><\/a><\/li>\n<li id=\"menu-item-11574\" class=\"bellows-menu-item bellows-menu-item-type-post_type bellows-menu-item-object-page bellows-menu-item-11574 bellows-item-level-0\"><a  href=\"https:\/\/english-munich.de\/training\/kreuzwortraetsel-vokabular-physik\/\" class=\"bellows-target\"><span class=\"bellows-target-title bellows-target-text\">\ud83d\udd33Kreuzwortr\u00e4tsel Physik<\/span><\/a><\/li>\n<li id=\"menu-item-11669\" class=\"bellows-menu-item bellows-menu-item-type-post_type bellows-menu-item-object-page bellows-menu-item-11669 bellows-item-level-0\"><a  href=\"https:\/\/english-munich.de\/training\/matching-game-vokabular-materialeigenschaften\/\" class=\"bellows-target\"><span class=\"bellows-target-title bellows-target-text\">\ud83e\udde6matching game \u2013 Vokabular Materialeigenschaften<\/span><\/a><\/li>\n<\/ul><\/div>\r\n\r\n<\/div>\r\n","protected":false},"excerpt":{"rendered":"Vokabular &#8211; Materialeigenschaften &#8211; Englisch &#8211; Aufgaben \u00dcbungen &#8211; Vokabular &#8211; Materialeigenschaften Beispiel Zerrei\u00dffestigkeit: \u24ffThe resistance of a material to breaking under tension:&nbsp;&nbsp; don&#8217;t did whet doesn&#8217;t did Die richtige L\u00f6sung ist: &#8222;tensile strength&#8220;&nbsp;&nbsp;Tipp \u2611\ufe0f W\u00e4hle die richtige Option, mit dem richtigen Verb f\u00fcr Materialeigenschaften. Erg\u00e4nze den Satz auf Englisch sinnvoll: Spr\u00f6digkeit: \u2776With little tendency [&hellip;]","protected":false},"author":3,"featured_media":0,"parent":0,"menu_order":0,"comment_status":"closed","ping_status":"closed","template":"","meta":[],"_links":{"self":[{"href":"https:\/\/english-munich.de\/training\/wp-json\/wp\/v2\/pages\/11653"}],"collection":[{"href":"https:\/\/english-munich.de\/training\/wp-json\/wp\/v2\/pages"}],"about":[{"href":"https:\/\/english-munich.de\/training\/wp-json\/wp\/v2\/types\/page"}],"author":[{"embeddable":true,"href":"https:\/\/english-munich.de\/training\/wp-json\/wp\/v2\/users\/3"}],"replies":[{"embeddable":true,"href":"https:\/\/english-munich.de\/training\/wp-json\/wp\/v2\/comments?post=11653"}],"version-history":[{"count":7,"href":"https:\/\/english-munich.de\/training\/wp-json\/wp\/v2\/pages\/11653\/revisions"}],"predecessor-version":[{"id":11660,"href":"https:\/\/english-munich.de\/training\/wp-json\/wp\/v2\/pages\/11653\/revisions\/11660"}],"wp:attachment":[{"href":"https:\/\/english-munich.de\/training\/wp-json\/wp\/v2\/media?parent=11653"}],"curies":[{"name":"wp","href":"https:\/\/api.w.org\/{rel}","templated":true}]}}