{"id":11616,"date":"2022-05-05T14:27:32","date_gmt":"2022-05-05T14:27:32","guid":{"rendered":"https:\/\/english-munich.de\/training\/?page_id=11616"},"modified":"2022-06-07T11:20:55","modified_gmt":"2022-06-07T11:20:55","slug":"modalverben-ersatzformen-englisch-uebungen","status":"publish","type":"page","link":"https:\/\/english-munich.de\/training\/modalverben-ersatzformen-englisch-uebungen\/","title":{"rendered":"Modalverben Ersatzformen Englisch \u00dcbungen"},"content":{"rendered":"<div class=\"jumbotron text-center\">\r\n<h2>Modalverben Ersatzformen Aufgaben<\/h2>\r\n\u00dcbungen zu<a href=\"https:\/\/de.wikipedia.org\/wiki\/Modalverb\"> Modalverben<\/a> Ersatzformen im Englischen\r\n\r\n<\/div>\r\n<div class=\"bs-example\">\r\n<div class=\"accordion\" id=\"accordionExample\">\r\n<div class=\"card\">\r\n<div class=\"card-header\" id=\"headingOne\">\r\n<h2 class=\"mb-0\" style=\"color:#000\">\r\n                    <button type=\"button\" class=\"btn btn-link collapsed\" data-toggle=\"collapse\" data-target=\"#collapseOne\">Beispiel<\/button><\/h2>\r\n<\/div>\r\n<div id=\"collapseOne\" class=\"collapse\" aria-labelledby=\"headingOne\" data-parent=\"#accordionExample\">\r\n<div class=\"card-body\">\r\n<div class=\"form-inline\">\r\n<div>\r\n<b><span class=\"number\">\u24ff<\/span><\/b>You <input type=\"text\" class=\"form-control\" id=\"panel-beispiel\" disabled=\"\" value=\"were supposed\"> <b><i>&nbsp;(should)&nbsp;<\/i><\/b> to clean up your room yesterday.\r\n<\/div><div>\r\nDie richtige L\u00f6sung ist: <b>were supposed<\/b> &nbsp;&nbsp;<button class=\"btn-lg btn-info\" type=\"button\" data-toggle=\"modal\" data-target=\"#myModal\">Tipp<\/button>\r\n<\/div>\r\n<\/div>\r\n<\/div>\r\n<\/div>\r\n<\/div>\r\n<\/div>\r\n<br \/><br \/>\r\n<div class=\"container well\">\r\n<h4>\u270d\ufe0f F\u00fclle die Verben in Klammern in der richtigen Ersatzform des Modalverbs in der richtigen Zeitform in die L\u00fccken. Verwende in der Verneinung die Langform. Achte auf die Signalw\u00f6rter:<\/h4>\r\n\r\n<hr>\r\n\r\n<br \/>\r\n<div class=\"container\">\r\n<b><span class=\"number\">\u2776<\/span><\/b>We <input type=\"text\" class=\"form-control\" id=\"q0\" autocomplete=\"off\"><b><i>  (must) <\/i><\/b> to be finished by tomorrow.\r\n<div class=\"row\">\r\n<div>\r\n<p id=\"correct0\" align=\"left\"><\/p>\r\n\r\n<\/div>\r\n<div>\r\n<a button=\"\" class=\"btn btn-success tipp0 hidden\" href=\"#1\" title=\"We will have to be finished by tomorrow.\" data-toggle=\"popover\" data-placement=\"top\" data-trigger=\"hover\" style=\"text-decoration: none; color:white;\" data-content=\"Die Ersatzform von 'must' ist 'have to'. 'Tomorrow' ist ein typisches Signalwort f\u00fcr das 'Will Future'.\">Tipp<\/a><\/div>\r\n<\/div>\r\n<b><span class=\"number\">\u2777<\/span><\/b>You <input type=\"text\" class=\"form-control\" id=\"q1\" autocomplete=\"off\"><b><i>(must not)<\/i><\/b> to go into this building this week.\r\n<div class=\"row\">\r\n<div>\r\n<p id=\"correct1\" align=\"left\"><\/p>\r\n\r\n<\/div>\r\n<div>\r\n<a button=\"\" class=\"btn btn-success tipp1 hidden\" href=\"#2\" title=\"You aren't allowed to go into this building this week.\" data-toggle=\"popover\" data-placement=\"top\" data-trigger=\"hover\" style=\"text-decoration: none; color:white;\" data-content=\"Die Ersatzform von 'mustn't' ist 'not to be allowed to'.  'This week' zeigt an, dass Du das Pr\u00e4sens verwenden musst.\">Tipp<\/a><\/div>\r\n<\/div>\r\n<b><span class=\"number\">\u2778<\/span><\/b>You <input type=\"text\" class=\"form-control\" id=\"q2\" autocomplete=\"off\"><b><i>(can)<\/i><\/b> to do it next week.\r\n<div class=\"row\">\r\n<div>\r\n<p id=\"correct2\" align=\"left\"><\/p>\r\n\r\n<\/div>\r\n<div>\r\n<a button=\"\" class=\"btn btn-success tipp2 hidden\" align=\"left\" aria-hidden=\"true\" href=\"#3\" title=\"You will be able to do it next week.\" data-toggle=\"popover\" data-placement=\"top\" data-trigger=\"hover\" style=\"text-decoration: none, color:white\" data-content=\"Die Ersatzform von 'can' ist 'to be able'. 'Next week' ist ein typisches Signalwort f\u00fcr das Futur.\">Tipp<\/a><\/div>\r\n<\/div>\r\n<span class=\"number\">\u2779<\/span>You <input type=\"text\" class=\"form-control\" id=\"q3\" autocomplete=\"off\"><b><i>(may not)<\/i><\/b> to bring your dog to school ever.\r\n<div class=\"row\">\r\n<div>\r\n<p id=\"correct3\" align=\"left\"><\/p>\r\n\r\n<\/div>\r\n<div>\r\n<a button=\"\" class=\"btn btn-success tipp3 hidden\" aria-hidden=\"true\" href=\"#4\" title=\"You are not allowed to bring your dog to school.\" data-toggle=\"popover\" data-placement=\"top\" data-trigger=\"hover\" style=\"text-decoration: none, color:white\" data-content=\"Die Ersatzform von 'may not' ist 'not allowed to'.'Ever' zeigt an, dass Du das Pr\u00e4sens verwenden musst.\">Tipp<\/a><\/div>\r\n<\/div>\r\n<b><span class=\"number\">\u277a<\/span><\/b>He <input type=\"text\" class=\"form-control\" id=\"q4\" autocomplete=\"off\"><b><i>(need)<\/i><\/b> to wash his car yesterday.\r\n<div class=\"row\">\r\n<div>\r\n<p id=\"correct4\" align=\"left\"><\/p>\r\n\r\n<\/div>\r\n<div>\r\n<a button=\"\" class=\"btn btn-success tipp4 hidden\" aria-hidden=\"true\" href=\"#5\" title=\"He had to wash his car yesterday.\" data-toggle=\"popover\" data-placement=\"top\" data-trigger=\"hover\" style=\"text-decoration: none, color:white\" data-content=\"Die Ersatzform von 'need' ist 'have to'.'Yesterday' zeigt an, dass Du das 'Simple Past' verwenden musst.\">Tipp<\/a><\/div>\r\n<\/div>\r\n<b><span class=\"number\">\u277b<\/span><\/b>He just <input type=\"text\" class=\"form-control\" id=\"q5\" autocomplete=\"off\"><b><i>(must)<\/i><\/b> to watch the final of GOT yesterday. He&#8217;s addicted to it.\r\n<div class=\"row\">\r\n<div>\r\n<p id=\"correct5\" align=\"left\"><\/p>\r\n\r\n<\/div>\r\n<div>\r\n<a button=\"\" class=\"btn btn-success tipp5 hidden\" aria-hidden=\"true\" href=\"#6\" title=\"He just had to watch the final episode of GOT...\" data-toggle=\"popover\" data-placement=\"top\" data-trigger=\"hover\" style=\"text-decoration: none, color:white\" data-content=\"Die Ersatzform von 'must' ist 'have to'. 'Yesterday' zeigt an, dass du das 'Simple Past' verwenden musst.\">Tipp<\/a><\/div>\r\n<\/div>\r\n<b><span class=\"number\">\u277c<\/span><\/b>She <input type=\"text\" class=\"form-control\" id=\"q6\" autocomplete=\"off\"><b><i>(need not)<\/i><\/b> to worry about anything tomorrow. Chuck Norris is there.\r\n<div class=\"row\">\r\n<div>\r\n<p id=\"correct6\" align=\"left\"><\/p>\r\n\r\n<\/div>\r\n<div>\r\n<a button=\"\" class=\"btn btn-success tipp6 hidden\" aria-hidden=\"true\" href=\"#7\" title=\"She will not have to worry about anything.\" data-toggle=\"popover\" data-placement=\"top\" data-trigger=\"hover\" style=\"text-decoration: none, color:white\" data-content=\"Die Ersatzform von 'need not' ist 'to not have to'.  'Tomorrow' ist ein typisches Signalwort f\u00fcr das 'Will Future'.\">Tipp<\/a><\/div>\r\n<\/div>\r\n<b><span class=\"number\">\u277d<\/span><\/b>Boris  <input type=\"text\" class=\"form-control\" id=\"q7\" autocomplete=\"off\"><b><i>(can)<\/i><\/b> to play for our team next year.\r\n<div class=\"row\">\r\n<div>\r\n<p id=\"correct7\" align=\"left\"><\/p>\r\n\r\n<\/div>\r\n<div>\r\n<a button=\"\" class=\"btn btn-success tipp7 hidden\" href=\"#8\" title=\"Boris will not be able to play for our team next year.\" data-toggle=\"popover\" data-placement=\"top\" data-trigger=\"hover\" style=\"text-decoration: none, color:white\" data-content=\"Die Ersatzform von 'can' ist 'be able to'. 'Next year' signalisiert, dass Du das 'Will Future' verwenden musst.\">Tipp<\/a><\/div>\r\n<\/div>\r\n<b><span class=\"number\">\u277e<\/span><\/b>The Smiths <input type=\"text\" class=\"form-control\" id=\"q8\" autocomplete=\"off\"><b><i>(cannot)<\/i><\/b> to go to the movies. There was a bomb threat.\r\n<div class=\"row\">\r\n<div>\r\n<p id=\"correct8\" align=\"left\"><\/p>\r\n\r\n<\/div>\r\n<div>\r\n<a button=\"\" class=\"btn btn-success tipp8 hidden\" href=\"#9\" title=\"The Smiths were not able to go to the movies yesterday.\" data-toggle=\"popover\" data-placement=\"top\" data-trigger=\"hover\" style=\"text-decoration: none, color:white\" data-content=\"Die Ersatzform von 'can' ist 'be able'. Der Nachsatz ' There was a bomb threat.' zeigt an, dass das 'Simple Past' verwendet werden muss.\">Tipp<\/a><\/div>\r\n<\/div>\r\n<b><span class=\"number\">\u277f<\/span><\/b>In two weeks you <input type=\"text\" class=\"form-control\" id=\"q9\" autocomplete=\"off\"><b><i>(must)<\/i><\/b> to start with your master thesis.\r\n<div class=\"row\">\r\n<div>\r\n<p id=\"correct9\" align=\"left\"><\/p>\r\n\r\n<\/div>\r\n<div>\r\n<a button=\"\" class=\"btn btn-success tipp9 hidden\" href=\"#10\" title=\"In two weeks you will have to start with your master thesis.\" data-toggle=\"popover\" data-placement=\"top\" data-trigger=\"hover\" style=\"text-decoration: none, color:white\" data-content=\"Die Ersatzform von 'must' ist 'have to'. 'In two weeks' zeigt an, das das 'Will Future' verwendet werden musst.\">Tipp<\/a><\/div>\r\n<\/div>\r\n<!-- The Modal -->\r\n<div id=\"myModal\" class=\"modal fade\">\r\n<div class=\"modal-dialog\">\r\n<div class=\"modal-content\">\r\n\r\n<!-- Modal Header -->\r\n<div class=\"modal-header\">\r\n<h4 class=\"modal-title\">Modalverben Ersatzformen<\/h4>\r\n<button class=\"close\" type=\"button\" data-dismiss=\"modal\">\u00d7<\/button>\r\n\r\n<\/div>\r\n<!-- Modal body -->\r\n<div class=\"modal-body\">\r\n<div class=\"container\">\r\n<h2>Modalverben Ersatzformen \u00dcbersicht<\/h2>\r\nTabelle \u00fcber Ersatzformen zu modalen Hilfsverben:\r\n<table class=\"table table-bordered table-sm table-hover\">\r\n<thead>\r\n<tr class=\"table-primary\">\r\n<td class=\"nowrap\"><b>Modalverb<\/b><\/td>\r\n<td class=\"nowrap\"><b>\u00dcbersetzung<\/b><\/td>\r\n<td class=\"nowrap\"><b>Ersatzform<\/b><\/td>\r\n<td class=\"nowrap\"><b>Beispiel<\/b><\/td>\r\n<\/tr>\r\n<\/thead>\r\n<tbody>\r\n<tr class=\"table-success\">\r\n<td>must<\/td>\r\n<td>m\u00fcssen<\/td>\r\n<td>have to<\/td>\r\n<td>I must work. = I have to work.<\/td>\r\n<\/tr>\r\n<tr class=\"table-warning\">\r\n<td>must not<\/td>\r\n<td>nicht d\u00fcrfen<\/td>\r\n<td>not to be allowed to<\/td>\r\n<td>You mustn&#8217;t look. = <br \/>\r\nYour&#8217;re not allowed to look.<\/td>\r\n<\/tr>\r\n<tr class=\"table-success\">\r\n<td>can<\/td>\r\n<td>k\u00f6nnen<\/td>\r\n<td>be able to<\/td>\r\n<td>I can do it. = I am able to do it.<\/td>\r\n<\/tr>\r\n<tr class=\"table-warning\">\r\n<td>may<\/td>\r\n<td>d\u00fcrfen<\/td>\r\n<td>to be allowed to<\/td>\r\n<td>You may look. = <br \/>\r\nYour&#8217;re allowed to look.<\/td>\r\n<\/tr>\r\n<tr class=\"table-success\">\r\n<td>need<\/td>\r\n<td>brauchen, m\u00fcssen<\/td>\r\n<td>to have to<\/td>\r\n<td>I need do it. = I have do it.<\/td>\r\n<\/tr>\r\n<tr class=\"table-warning\">\r\n<td>need not<\/td>\r\n<td>nicht m\u00fcssen<\/td>\r\n<td>not to have to<\/td>\r\n<td>You needn&#8217;t do it. = <br \/>\r\nYou don&#8217;t have to do it.<\/td>\r\n<\/tr>\r\n<tr class=\"table-success\">\r\n<td>shall, should <\/td>\r\n<td>sollen<\/td>\r\n<td>to be supposed to<\/td>\r\n<td>I shall\/should do it. = <br \/>I am supposed to do it.<\/td>\r\n<\/tr>\r\n<\/tbody>\r\n<\/table>\r\n<\/div>\r\n<!-- Modal footer -->\r\n<div class=\"modal-footer\"><button class=\"btn btn-danger\" type=\"button\" data-dismiss=\"modal\">Close<\/button><\/div>\r\n<\/div>\r\n<\/div>\r\n<\/div>\r\n<\/div>\r\n<\/div>\r\n<\/div>\r\n<div class=\"container\">\r\n\r\n<hr>\r\n\r\n<button id=\"submitButton\" class=\"btn-lg btn-primary \" type=\"submit\" value=\"submit\">Pr\u00fcfen<\/button><button id=\"resetButton\" class=\"btn-lg btn-success\" type=\"submit\" onclick=\"refreshPage()\">Neustart<\/button><button id=\"submitButton\" class=\"btn-lg btn-info\" type=\"button\" value=\"submit\" data-toggle=\"modal\" data-target=\"#myModal\">Tipp<\/button>\r\n\r\n<hr>\r\n\r\n\r\n<p id=\"result\"><\/p>\r\n<p id=\"result2\"><\/p>\r\n<br \/><a href=\"https:\/\/english-munich.de\/training\/wp-content\/uploads\/2022\/05\/Arbeitsblaetter-Modalverben-Ersatzformen.zip\">\u00dcbungsbl\u00e4tter Modalverben Ersatzformen <i class=\"fa fa-download\"><\/i><\/a>\r\n<br \/><br \/>\r\n<h3>Alle \u00dcbungen Modalverben:<\/h3>\r\n<hr>\r\n<div id=\"bellows-main-30\" class=\"bellows bellows-nojs bellows-main bellows-source-menu bellows-align-full bellows-skin-vanilla bellows-type-\"><ul id=\"menu-modalverben\" class=\"bellows-nav\" data-bellows-config=\"main\"><li id=\"menu-item-4251\" class=\"bellows-menu-item bellows-menu-item-type-post_type bellows-menu-item-object-page bellows-menu-item-4251 bellows-item-level-0\"><a  href=\"https:\/\/english-munich.de\/training\/must-have-to-unterschied\/\" class=\"bellows-target\"><span class=\"bellows-target-title bellows-target-text\">\u2611\ufe0fMust \u2013 Have To \/ Unterschied<\/span><\/a><\/li>\n<li id=\"menu-item-4252\" class=\"bellows-menu-item bellows-menu-item-type-post_type bellows-menu-item-object-page bellows-menu-item-4252 bellows-item-level-0\"><a  href=\"https:\/\/english-munich.de\/training\/must-have-to-unterschied-2\/\" class=\"bellows-target\"><span class=\"bellows-target-title bellows-target-text\">\u270d\ufe0fMust \/ Have-To \/ Unterschied<\/span><\/a><\/li>\n<li id=\"menu-item-4253\" class=\"bellows-menu-item bellows-menu-item-type-post_type bellows-menu-item-object-page bellows-menu-item-4253 bellows-item-level-0\"><a  href=\"https:\/\/english-munich.de\/training\/mustnt-neednt-unterschied-2\/\" class=\"bellows-target\"><span class=\"bellows-target-title bellows-target-text\">\u270d\ufe0fMustn\u2019t \/ Needn\u2019t \/ Unterschied<\/span><\/a><\/li>\n<li id=\"menu-item-4254\" class=\"bellows-menu-item bellows-menu-item-type-post_type bellows-menu-item-object-page bellows-menu-item-4254 bellows-item-level-0\"><a  href=\"https:\/\/english-munich.de\/training\/mustnt-neednt-unterschied\/\" class=\"bellows-target\"><span class=\"bellows-target-title bellows-target-text\">\u2611\ufe0fMustn\u2019t \/ Needn\u2019t \/Unterschied<\/span><\/a><\/li>\n<li id=\"menu-item-4249\" class=\"bellows-menu-item bellows-menu-item-type-post_type bellows-menu-item-object-page bellows-menu-item-4249 bellows-item-level-0\"><a  href=\"https:\/\/english-munich.de\/training\/can-be-able-unterschied\/\" class=\"bellows-target\"><span class=\"bellows-target-title bellows-target-text\">\u2611\ufe0fCan \u2013 Be Able Unterschied<\/span><\/a><\/li>\n<li id=\"menu-item-4250\" class=\"bellows-menu-item bellows-menu-item-type-post_type bellows-menu-item-object-page bellows-menu-item-4250 bellows-item-level-0\"><a  href=\"https:\/\/english-munich.de\/training\/can-be-able-unterschied-2\/\" class=\"bellows-target\"><span class=\"bellows-target-title bellows-target-text\">\u270d\ufe0fCan \/ Be Able \/ Unterschied<\/span><\/a><\/li>\n<li id=\"menu-item-11645\" class=\"bellows-menu-item bellows-menu-item-type-post_type bellows-menu-item-object-page bellows-menu-item-11645 bellows-item-level-0\"><a  href=\"https:\/\/english-munich.de\/training\/ersatzformen-modalverben-uebungen\/\" class=\"bellows-target\"><span class=\"bellows-target-title bellows-target-text\">\u2611\ufe0fModalverben Ersatzformen<\/span><\/a><\/li>\n<li id=\"menu-item-11626\" class=\"bellows-menu-item bellows-menu-item-type-post_type bellows-menu-item-object-page bellows-menu-item-11626 bellows-item-level-0\"><a  href=\"https:\/\/english-munich.de\/training\/modalverben-ersatzformen-englisch-uebungen\/\" class=\"bellows-target\"><span class=\"bellows-target-title bellows-target-text\">\u270d\ufe0fModalverben Ersatzformen<\/span><\/a><\/li>\n<\/ul><\/div>\r\n<\/div>\r\n<\/div>","protected":false},"excerpt":{"rendered":"Modalverben Ersatzformen Aufgaben \u00dcbungen zu Modalverben Ersatzformen im Englischen Beispiel \u24ffYou &nbsp;(should)&nbsp; to clean up your room yesterday. Die richtige L\u00f6sung ist: were supposed &nbsp;&nbsp;Tipp \u270d\ufe0f F\u00fclle die Verben in Klammern in der richtigen Ersatzform des Modalverbs in der richtigen Zeitform in die L\u00fccken. Verwende in der Verneinung die Langform. Achte auf die Signalw\u00f6rter: \u2776We [&hellip;]","protected":false},"author":3,"featured_media":0,"parent":0,"menu_order":0,"comment_status":"closed","ping_status":"closed","template":"","meta":[],"_links":{"self":[{"href":"https:\/\/english-munich.de\/training\/wp-json\/wp\/v2\/pages\/11616"}],"collection":[{"href":"https:\/\/english-munich.de\/training\/wp-json\/wp\/v2\/pages"}],"about":[{"href":"https:\/\/english-munich.de\/training\/wp-json\/wp\/v2\/types\/page"}],"author":[{"embeddable":true,"href":"https:\/\/english-munich.de\/training\/wp-json\/wp\/v2\/users\/3"}],"replies":[{"embeddable":true,"href":"https:\/\/english-munich.de\/training\/wp-json\/wp\/v2\/comments?post=11616"}],"version-history":[{"count":12,"href":"https:\/\/english-munich.de\/training\/wp-json\/wp\/v2\/pages\/11616\/revisions"}],"predecessor-version":[{"id":11691,"href":"https:\/\/english-munich.de\/training\/wp-json\/wp\/v2\/pages\/11616\/revisions\/11691"}],"wp:attachment":[{"href":"https:\/\/english-munich.de\/training\/wp-json\/wp\/v2\/media?parent=11616"}],"curies":[{"name":"wp","href":"https:\/\/api.w.org\/{rel}","templated":true}]}}