{"id":11569,"date":"2022-05-01T18:51:15","date_gmt":"2022-05-01T18:51:15","guid":{"rendered":"https:\/\/english-munich.de\/training\/?page_id=11569"},"modified":"2022-05-01T19:00:32","modified_gmt":"2022-05-01T19:00:32","slug":"kreuzwortraetsel-vokabular-materialverschleiss","status":"publish","type":"page","link":"https:\/\/english-munich.de\/training\/kreuzwortraetsel-vokabular-materialverschleiss\/","title":{"rendered":"Kreuzwortr\u00e4tsel Vokabular Materialverschlei\u00df"},"content":{"rendered":"<h2>Kreuzwortr\u00e4tsel Materialverschlei\u00df Englisch<\/h2>Errate den richtigen Ausdruck f\u00fcr Materialverschlei\u00df auf Englisch:<div class=\"game-container container well\"><div class=\"game-wrapper\"><div class=\"game-details\" data-game-details><div class=\"stopwatch\" data-stopwatch>00:00:00<\/div><div class=\"hints\">Tipps: <span class='hint-nr' data-hints>0<\/span><\/div> <button class=\"button\" disabled data-hint-button><i class=\"fas fa-eye\"><\/i>&nbsp;Tipp<\/button><\/div><div class=\"game-grid\" data-grid><\/div><div class=\"game-controls\"> <button class=\"button\" data-reset><i class=\"fas fa-redo\"><\/i>&nbsp; Reset<\/button> <a href=\"https:\/\/english-munich.de\/training\/kreuzwortraetsel-verbindungselemente\" class=\"button\"><i class=\"fas fa-arrow-right\"><\/i>&nbsp; Next&nbsp;Game<\/a><\/div><\/div><div class=\"questions-container\"><h2 class=\"question-title\">senkrecht<\/h2><ul class=\"question-list\" data-questions-vertical><\/ul><h2 class=\"question-title\">waagrecht<\/h2><ul class=\"question-list\" data-questions-horizontal><\/ul><\/div><\/div>","protected":false},"excerpt":{"rendered":"Kreuzwortr\u00e4tsel Materialverschlei\u00df EnglischErrate den richtigen Ausdruck f\u00fcr Materialverschlei\u00df auf Englisch:00:00:00Tipps: 0 &nbsp;Tipp &nbsp; Reset &nbsp; Next&nbsp;Gamesenkrechtwaagrecht","protected":false},"author":3,"featured_media":0,"parent":0,"menu_order":0,"comment_status":"closed","ping_status":"closed","template":"","meta":[],"_links":{"self":[{"href":"https:\/\/english-munich.de\/training\/wp-json\/wp\/v2\/pages\/11569"}],"collection":[{"href":"https:\/\/english-munich.de\/training\/wp-json\/wp\/v2\/pages"}],"about":[{"href":"https:\/\/english-munich.de\/training\/wp-json\/wp\/v2\/types\/page"}],"author":[{"embeddable":true,"href":"https:\/\/english-munich.de\/training\/wp-json\/wp\/v2\/users\/3"}],"replies":[{"embeddable":true,"href":"https:\/\/english-munich.de\/training\/wp-json\/wp\/v2\/comments?post=11569"}],"version-history":[{"count":2,"href":"https:\/\/english-munich.de\/training\/wp-json\/wp\/v2\/pages\/11569\/revisions"}],"predecessor-version":[{"id":11577,"href":"https:\/\/english-munich.de\/training\/wp-json\/wp\/v2\/pages\/11569\/revisions\/11577"}],"wp:attachment":[{"href":"https:\/\/english-munich.de\/training\/wp-json\/wp\/v2\/media?parent=11569"}],"curies":[{"name":"wp","href":"https:\/\/api.w.org\/{rel}","templated":true}]}}