{"id":11555,"date":"2022-05-01T17:40:08","date_gmt":"2022-05-01T17:40:08","guid":{"rendered":"https:\/\/english-munich.de\/training\/?page_id=11555"},"modified":"2022-05-01T18:23:37","modified_gmt":"2022-05-01T18:23:37","slug":"vokabular-materialverschleiss-englisch","status":"publish","type":"page","link":"https:\/\/english-munich.de\/training\/vokabular-materialverschleiss-englisch\/","title":{"rendered":"Vokabular Materialverschlei\u00df Englisch"},"content":{"rendered":"<div class=\"jumbotron text-center\">\r\n<h2>Vokabular &#8211; Materialverschlei\u00df &#8211; Englisch &#8211; Aufgaben<\/h2>\r\n\u00dcbungen &#8211; Vokabular &#8211; <a href=\"https:\/\/www.linguee.de\/deutsch-englisch\/uebersetzung\/normaler+materialverschlei%C3%9F.html\">Materialverschlei\u00df<\/a>\r\n\r\n<\/div>\r\n<div class=\"bs-example\">\r\n<div id=\"accordionExample\" class=\"accordion\">\r\n<div class=\"card\">\r\n<div id=\"headingOne\" class=\"card-header\">\r\n<h2 class=\"mb-0\" style=\"color: #000;\"><button class=\"btn btn-link collapsed\" type=\"button\" data-toggle=\"collapse\" data-target=\"#collapseOne\">Beispiel<\/button><\/h2>\r\n<\/div>\r\n<div id=\"collapseOne\" class=\"collapse\" aria-labelledby=\"headingOne\" data-parent=\"#accordionExample\">\r\n<div class=\"card-body\"><div><b>Erosion:<\/b><\/div><br \/>\r\n<div class=\"form-inline\"><div class=\"row\"><div><label for=\"sel1\"><span class=\"number\">\u24ff<\/span>Gradual destruction by natural agents: <\/div>&nbsp;&nbsp;<div><select id=\"beispiel\" class=\"form-control\">\r\n<option value=\"wrong\">don&#8217;t did<\/option>\r\n<option value=\"correct\">whet<\/option>\r\n<option value=\"wrong\">doesn&#8217;t did<\/option>\r\n<\/select><\/label>.<\/div><\/div><\/div><br \/>\r\n\r\nDie richtige L\u00f6sung ist: <b>&#8222;erosion&#8220;<\/b>&nbsp;&nbsp;<button class=\"btn-lg btn-info\" type=\"button\" value=\"submit\" data-toggle=\"modal\" data-target=\"#myModal\">Tipp<\/button>\r\n\r\n\r\n<\/div>\r\n<\/div>\r\n<\/div>\r\n<\/div>\r\n<br \/><br \/>\r\n<div class=\"container well\">\r\n<h4>\u2611\ufe0f W\u00e4hle die richtige Option, mit dem richtigen Wort f\u00fcr Materialverschlei\u00df. Erg\u00e4nze den Satz auf Englisch sinnvoll:<\/h4>\r\n\r\n<hr>\r\n\r\n<br \/>\r\n<div class=\"container-fluid\">\r\n<div><b>Abrieb:<\/b><\/div><br \/>\r\n<div class=\"form-inline\"><div class=\"row\"><div><label for=\"sel1\"><span class=\"number\">\u2776<\/span>The process of scraping something away:<\/div>&nbsp;&nbsp; <div> <select id=\"q0\" class=\"form-control\">\r\n<option value=\"wrong\"><\/option>\r\n<option value=\"wrong\"> abuse <\/option>\r\n<option value=\"correct\"> abrasion <\/option>\r\n<option value=\"wrong\"> ablaze <\/option>\r\n<\/select><\/label> . <\/div><\/div><\/div><br \/>\r\n<p id=\"correct0\" align=\"left\"><\/p>\r\n<a class=\"btn btn-success tipp0 hidden\" style=\"text-decoration: none, color:white;\" title=\"The process of scraping something away: abrasion.\" href=\"#0\" data-toggle=\"popover\"  data-placement=\"top\" data-trigger=\"hover\" data-content=\" 'Abrieb' \u2794  'abrasion'.\">Tipp<\/a>\r\n\r\n\r\n<div><b>Reibung:<\/b><\/div><br \/>\r\n<div class=\"form-inline\"><div class=\"row\"><div><label for=\"sel1\"><span class=\"number\">\u2777<\/span>Two objects rubbing against each other: <\/div>&nbsp;&nbsp; <div><select id=\"q1\" class=\"form-control\">\r\n<option value=\"wrong\"><\/option>\r\n<option value=\"wrong\"> rambling <\/option>\r\n<option value=\"wrong\"> froth <\/option>\r\n<option value=\"correct\"> friction <\/option>\r\n<\/select> .<\/label><\/div><\/div><\/div><br \/>\r\n\r\n<p id=\"correct1\" align=\"left\"><\/p>\r\n<a class=\"btn btn-success tipp1 hidden\" style=\"text-decoration: none, color:white;\" title=\"Two objects rubbing against each other: friction.\" href=\"#1\" data-toggle=\"popover\" data-placement=\"top\" data-trigger=\"hover\" data-content=\"'Reibung' \u2794  'friction'.\">Tipp<\/a>\r\n\r\n<div><b>Zerspanung:<\/b><\/div><br \/>\r\n<div class=\"form-inline\"><div class=\"row\"><div><label for=\"sel1\"><span class=\"number\">\u2778<\/span>Marks left by chopping, cutting or breaking: <\/div> &nbsp;&nbsp; <div><select id=\"q2\" class=\"form-control\">\r\n<option value=\"wrong\"><\/option>\r\n<option value=\"wrong\"> chirping <\/option>\r\n<option value=\"wrong\"> casting <\/option>\r\n<option value=\"correct\"> chipping <\/option>\r\n<\/select> .<\/label><\/div><\/div><\/div><br \/>\r\n\r\n<p id=\"correct2\" align=\"left\"><\/p>\r\n<a class=\"btn btn-success tipp2 hidden\" style=\"text-decoration: none, color:white;\" title=\"Marks left by chopping, cutting or breaking: chipping.\" href=\"#2\" data-toggle=\"popover\" data-placement=\"top\" data-trigger=\"hover\" data-content=\"'Zerspanung' \u2794  'chipping'\">Tipp<\/a>\r\n\r\n<div><b>Rost:<\/b><\/div><br \/>\r\n<div class=\"form-inline\"><div class=\"row\"><div><label for=\"sel1\"><span class=\"number\">\u2779<\/span>Decay of iron when in contact with water: <\/div>&nbsp;&nbsp;<div><select id=\"q3\" class=\"form-control\">\r\n<option value=\"wrong\"><\/option>\r\n<option value=\"wrong\"> concussion <\/option>\r\n<option value=\"wrong\"> concoction <\/option>\r\n<option value=\"correct\"> corrosion <\/option>\r\n<\/select><\/label>  .<\/div><\/div><\/div><br \/>\r\n\r\n<p id=\"correct3\" align=\"left\"><\/p>\r\n<a class=\"btn btn-success tipp3 hidden\" style=\"text-decoration: none, color:white;\" title=\"Decay of iron when in contact with water: corrosion.\" href=\"#3\" data-toggle=\"popover\" data-placement=\"top\" data-trigger=\"hover\" data-content=\"'Rost' \u2794  'corrosion'.\">Tipp<\/a>\r\n\r\n<div><b>Materialerm\u00fcdung:<\/b><\/div><br \/>\r\n<div class=\"form-inline\"><div class=\"row\"><div><label for=\"sel1\"><span class=\"number\">\u277a<\/span>Weakness caused by reapeated strain: <\/div>&nbsp;&nbsp; <div><select id=\"q4\" class=\"form-control\">\r\n<option value=\"wrong\"><\/option>\r\n<option value=\"wrong\"> fad <\/option>\r\n<option value=\"correct\"> fatigue <\/option>\r\n<option value=\"wrong\"> fugazi <\/option>\r\n<\/select><\/label> .<\/div><\/div><\/div><br \/>\r\n\r\n<p id=\"correct4\" align=\"left\"><\/p>\r\n<a class=\"btn btn-success tipp4 hidden\" style=\"text-decoration: none, color:white;\" title=\"Weakness caused by reapeated strain: fatigue.\" href=\"#4\" data-toggle=\"popover\" data-placement=\"top\" data-trigger=\"hover\" data-content=\"'Materialerm\u00fcdung' \u2794  'fatigue'.\">Tipp<\/a>\r\n\r\n<div><b>Riss:<\/b><\/div><br \/>\r\n<div class=\"form-inline\"><div class=\"row\"><div><label for=\"sel1\"><span class=\"number\">\u277b<\/span>A line that appearing on the surface a material when slightly damaged: <\/div>&nbsp;&nbsp; <div><select id=\"q5\" class=\"form-control\">\r\n<option value=\"wrong\"><\/option>\r\n<option value=\"wrong\"> crunch <\/option>\r\n<option value=\"wrong\"> coil <\/option>\r\n<option value=\"correct\"> crack <\/option>\r\n<\/select>.<\/label><\/div><\/div><\/div><br \/>\r\n<p id=\"correct5\" align=\"left\"><\/p>\r\n<a class=\"btn btn-success tipp5 hidden\" style=\"text-decoration: none, color:white;\" title=\"A line that appearing on the surface a material when slightly damaged: crack.\" href=\"#5\" data-toggle=\"popover\" data-placement=\"top\" data-trigger=\"hover\" data-content=\"'Riss' \u2794  'crack'.\">Tipp<\/a>\r\n\r\n<div><b>Verschlei\u00df:<\/b><\/div><br \/>\r\n<div class=\"form-inline\"><div class=\"row\"><div><label for=\"sel1\"><span class=\"number\">\u277c<\/span>The process of degradation of a material by usage: <\/div>&nbsp;&nbsp; <div><select id=\"q6\" class=\"form-control\">\r\n<option value=\"wrong\"><\/option>\r\n<option value=\"correct\"> wear <\/option>\r\n<option value=\"wrong\"> waste <\/option>\r\n<option value=\"wrong\"> wrinkle <\/option>\r\n<\/select> .<\/label><\/div><\/div><\/div><br \/>\r\n<p id=\"correct6\" align=\"left\"><\/p>\r\n<a class=\"btn btn-success tipp6 hidden\" style=\"text-decoration: none, color:white;\" title=\"The process of degradation of a material by usage: wear.\" href=\"#6\" data-toggle=\"popover\" data-placement=\"top\" data-trigger=\"hover\" data-content=\"'Verschlei\u00df' \u2794  'wear'.\">Tipp<\/a>\r\n\r\n<div><b>Zerbeulung:<\/b><\/div><br \/>\r\n<div class=\"form-inline\"><div class=\"row\"><div><label for=\"sel1\"><span class=\"number\">\u277d<\/span>A slight hollow in a surface caused by a blow:  <\/div>&nbsp;&nbsp; <div><select id=\"q7\" class=\"form-control\">\r\n<option value=\"wrong\"><\/option>\r\n<option value=\"wrong\">dollop <\/option>\r\n<option value=\"wrong\"> dummy <\/option>\r\n<option value=\"correct\"> dent <\/option>\r\n<\/select> .<\/label><\/div><\/div><\/div><br \/>\r\n<p id=\"correct7\" align=\"left\"><\/p>\r\n<a class=\"btn btn-success tipp7 hidden\" style=\"text-decoration: none, color:white;\" title=\"A slight hollow in a surface caused by a blow: dent.\" href=\"#7\" data-toggle=\"popover\" data-placement=\"top\" data-trigger=\"hover\" data-content=\"'Beule' \u2794  'dent'.\">Tipp<\/a>\r\n\r\n<div><b>Haarriss:<\/b><\/div><br \/>\r\n<div class=\"form-inline\"><div class=\"row\"><div><label for=\"sel1\"><span class=\"number\">\u277e<\/span>A fine split or crack on a material: <\/div>&nbsp;&nbsp; <div><select id=\"q8\" class=\"form-control\">\r\n<option value=\"wrong\"><\/option>\r\n<option value=\"correct\"> hairline fissure <\/option>\r\n<option value=\"wrong\"> hairstyle crack <\/option>\r\n<option value=\"wrong\"> hairspray nozzle <\/option>\r\n<\/select> .<\/label><\/div><\/div><\/div><br \/>\r\n<p id=\"correct8\" align=\"left\"><\/p>\r\n<a class=\"btn btn-success tipp8 hidden\" style=\"text-decoration: none, color:white;\" title=\"A fine split or crack on a material: hairline fissure.\" href=\"#8\" data-toggle=\"popover\" data-placement=\"top\" data-trigger=\"hover\" data-content=\"'Haarriss' \u2794  'hairline fissure'.\">Tipp<\/a>\r\n\r\n<div><b>Leck:<\/b><\/div><br \/>\r\n<div class=\"form-inline\"><div class=\"row\"><div><label for=\"sel1\"><span class=\"number\">\u277f<\/span>A whole in a sink or tank: <\/div>&nbsp;&nbsp; <div><select id=\"q9\" class=\"form-control\">\r\n<option value=\"wrong\"><\/option>\r\n<option value=\"wrong\"> loch <\/option>\r\n<option value=\"wrong\"> link <\/option>\r\n<option value=\"correct\"> leak <\/option>\r\n<\/select> . <\/label><\/div><\/div><\/div><br \/>\r\n<p id=\"correct9\" align=\"left\"><\/p>\r\n<a class=\"btn btn-success tipp9 hidden\" style=\"text-decoration: none, color:white;\" title=\"A whole in a sink or tank: leak.\" href=\"#9\" data-toggle=\"popover\" data-placement=\"top\" data-trigger=\"hover\" data-content=\"'Leck' \u2794 'leak'.\">Tipp<\/a>\r\n\r\n\r\n<\/div>\r\n<div class=\"container\">\r\n\r\n<!-- The Modal -->\r\n<div id=\"myModal\" class=\"modal\">\r\n<div class=\"modal-dialog\">\r\n<div class=\"modal-content\">\r\n\r\n<!-- Modal Header -->\r\n<div class=\"modal-header\">\r\n<h4 class=\"modal-title\">Vokuabular &#8211; Verschlei\u00df &#8211; Englisch<\/h4>\r\n<button class=\"close\" type=\"button\" data-dismiss=\"modal\">\u00d7<\/button>\r\n\r\n<\/div>\r\n<!-- Modal body -->\r\n<div class=\"modal-body\"><table class=\"table table-bordered table-sm table-hover\">\r\n<thead>\r\n<tr class=\"table-danger\">\r\n<th colspan=\"2\">Vokabular &#8211; Verschlei\u00df Englisch\/Deutsch<\/th>\r\n<\/tr>\r\n<\/thead>\r\n<tbody>\r\n\r\n<tr class=\"table-primary\">\r\n<td><b>Deutsch<\/b><\/td>\r\n<td><b>Englisch<\/b><\/td>\r\n\r\n<tr class=\"table-info\">\r\n<td><b><i class=\"text-danger\">Abrieb<\/i><\/b><\/td>\r\n<td><b><i class=\"text-danger\">abrasion<\/i><\/b><\/td>\r\n\r\n<\/tr>\r\n<tr class=\"table-info\">\r\n<td><b><i class=\"text-danger\">Reibung <\/i> <\/b><\/td>\r\n<td><b><i class=\"text-danger\">friction<\/i><\/b><\/td>\r\n<\/tr>\r\n<tr class=\"table-info\">\r\n<td><b><i class=\"text-danger\">Zerspanung<\/i><\/b><\/td>\r\n<td><b><i class=\"text-danger\">chipping<\/i><\/b><\/td>\r\n<\/tr>\r\n<tr class=\"table-info\">\r\n<td><b><i class=\"text-danger\">Rost<\/i><\/b><\/td>\r\n<td><b><i class=\"text-danger\">corrosion<\/i><\/b><\/td>\r\n<\/tr>\r\n<tr class=\"table-info\">\r\n<td><b><i class=\"text-danger\">Materialerm\u00fcdung<\/i><\/b><\/td>\r\n<td><b><i class=\"text-danger\">fatigue<\/i><\/b><\/td>\r\n<\/tr>\r\n<tr class=\"table-info\">\r\n<td><b><i class=\"text-danger\">Riss<\/i><\/b><\/td>\r\n<td><b><i class=\"text-danger\">crack<\/i><\/b><\/td>\r\n<\/tr>\r\n<tr class=\"table-info\">\r\n<td><b><i class=\"text-danger\">Verschlei\u00df<\/i><\/b><\/td>\r\n<td><b><i class=\"text-danger\">wear<\/i><\/b><\/td>\r\n<\/tr>\r\n<tr class=\"table-info\">\r\n<td><b><i class=\"text-danger\">Zerbeulung<\/i><\/b><\/td>\r\n<td><b><i class=\"text-danger\">dent<\/i><\/b><\/td>\r\n<\/tr>\r\n<tr class=\"table-info\">\r\n<td><b><i class=\"text-danger\">Haarriss<\/i><\/b><\/td>\r\n<td><b><i class=\"text-danger\">hair fissure<\/i><\/b><\/td>\r\n<\/tr>\r\n<tr class=\"table-info\">\r\n<td><b><i class=\"text-danger\">Leck<\/i><\/b><\/td>\r\n<td><b><i class=\"text-danger\">leak<\/i><\/b><\/td>\r\n<\/tr>\r\n<\/tbody>\r\n<\/table><\/div>\r\n<!-- Modal footer -->\r\n<div class=\"modal-footer\"><button class=\"btn btn-danger\" type=\"button\" data-dismiss=\"modal\">Close<\/button><\/div>\r\n<\/div>\r\n<\/div>\r\n<\/div>\r\n<\/div>\r\n<\/div>\r\n\r\n\r\n<hr>\r\n<button id=\"submitButton\" class=\"btn-lg btn-primary \" type=\"submit\" value=\"submit\">Pr\u00fcfen<\/button><button id=\"resetButton\" class=\"btn-lg btn-success\" type=\"submit\" onclick=\"refreshPage()\">Neustart<\/button><button id=\"submitButton\" class=\"btn-lg btn-info\" type=\"submit\" value=\"submit\" data-toggle=\"modal\" data-target=\"#myModal\">Tipp<\/button>\r\n\r\n<p id=\"result\"><\/p>\r\n<p id=\"result2\"><\/p>\r\n<hr>\r\n\r\n<h3>Alle \u00dcbungen Vokabular &#8211; Werkstoffe Englisch\/Deutsch:<\/h3>\r\n\r\n<hr>\r\n\r\n<div id=\"bellows-main-85\" class=\"bellows bellows-nojs bellows-main bellows-source-menu bellows-align-full bellows-skin-vanilla bellows-type-\"><ul id=\"menu-werkstoffe\" class=\"bellows-nav\" data-bellows-config=\"main\"><li id=\"menu-item-11307\" class=\"bellows-menu-item bellows-menu-item-type-post_type bellows-menu-item-object-page bellows-menu-item-11307 bellows-item-level-0\"><a  href=\"https:\/\/english-munich.de\/training\/verbindungselemente-englisch\/\" class=\"bellows-target\"><span class=\"bellows-target-title bellows-target-text\">\u2611\ufe0fVerbindungselemente<\/span><\/a><\/li>\n<li id=\"menu-item-11318\" class=\"bellows-menu-item bellows-menu-item-type-post_type bellows-menu-item-object-page bellows-menu-item-11318 bellows-item-level-0\"><a  href=\"https:\/\/english-munich.de\/training\/werkstoffe-englisch\/\" class=\"bellows-target\"><span class=\"bellows-target-title bellows-target-text\">\u2611\ufe0fWerkstoffe<\/span><\/a><\/li>\n<li id=\"menu-item-11358\" class=\"bellows-menu-item bellows-menu-item-type-post_type bellows-menu-item-object-page bellows-menu-item-11358 bellows-item-level-0\"><a  href=\"https:\/\/english-munich.de\/training\/werkstoffe-oberflaechenstruktur-materialbeschaffenheit-englisch\/\" class=\"bellows-target\"><span class=\"bellows-target-title bellows-target-text\">\u2611\ufe0fOberfl\u00e4chenstruktur Materialbeschaffenheit<\/span><\/a><\/li>\n<li id=\"menu-item-11331\" class=\"bellows-menu-item bellows-menu-item-type-post_type bellows-menu-item-object-page bellows-menu-item-11331 bellows-item-level-0\"><a  href=\"https:\/\/english-munich.de\/training\/englisch-fuer-ingenieure\/\" class=\"bellows-target\"><span class=\"bellows-target-title bellows-target-text\">\u2611\ufe0fVerben Materialverarbeitung<\/span><\/a><\/li>\n<li id=\"menu-item-11440\" class=\"bellows-menu-item bellows-menu-item-type-post_type bellows-menu-item-object-page bellows-menu-item-11440 bellows-item-level-0\"><a  href=\"https:\/\/english-munich.de\/training\/verben-mechanik\/\" class=\"bellows-target\"><span class=\"bellows-target-title bellows-target-text\">\u2611\ufe0fVerben Mechanik<\/span><\/a><\/li>\n<li id=\"menu-item-11441\" class=\"bellows-menu-item bellows-menu-item-type-post_type bellows-menu-item-object-page bellows-menu-item-11441 bellows-item-level-0\"><a  href=\"https:\/\/english-munich.de\/training\/physikalische-phaenomene-englisch\/\" class=\"bellows-target\"><span class=\"bellows-target-title bellows-target-text\">\u2611\ufe0fphysikalische Ph\u00e4nomene<\/span><\/a><\/li>\n<li id=\"menu-item-11564\" class=\"bellows-menu-item bellows-menu-item-type-post_type bellows-menu-item-object-page bellows-menu-item-11564 bellows-item-level-0\"><a  href=\"https:\/\/english-munich.de\/training\/vokabular-materialverschleiss-englisch\/\" class=\"bellows-target\"><span class=\"bellows-target-title bellows-target-text\">\u2611\ufe0fVokabular Materialverschlei\u00df<\/span><\/a><\/li>\n<li id=\"menu-item-11661\" class=\"bellows-menu-item bellows-menu-item-type-post_type bellows-menu-item-object-page bellows-menu-item-11661 bellows-item-level-0\"><a  href=\"https:\/\/english-munich.de\/training\/vokabular-materialeigenschaften\/\" class=\"bellows-target\"><span class=\"bellows-target-title bellows-target-text\">\u2611\ufe0fVokabular Materialeigenschaften<\/span><\/a><\/li>\n<li id=\"menu-item-11414\" class=\"bellows-menu-item bellows-menu-item-type-post_type bellows-menu-item-object-page bellows-menu-item-11414 bellows-item-level-0\"><a  href=\"https:\/\/english-munich.de\/training\/kreuzwortraetsel-materialbearbeitung\/\" class=\"bellows-target\"><span class=\"bellows-target-title bellows-target-text\">\ud83d\udd33Kreuzwortr\u00e4tsel Materialbearbeitung<\/span><\/a><\/li>\n<li id=\"menu-item-11415\" class=\"bellows-menu-item bellows-menu-item-type-post_type bellows-menu-item-object-page bellows-menu-item-11415 bellows-item-level-0\"><a  href=\"https:\/\/english-munich.de\/training\/kreuzwortraetsel-verbindungselemente\/\" class=\"bellows-target\"><span class=\"bellows-target-title bellows-target-text\">\ud83d\udd33Kreuzwortr\u00e4tsel Verbindungselemente<\/span><\/a><\/li>\n<li id=\"menu-item-11416\" class=\"bellows-menu-item bellows-menu-item-type-post_type bellows-menu-item-object-page bellows-menu-item-11416 bellows-item-level-0\"><a  href=\"https:\/\/english-munich.de\/training\/kreuzwortraetsel-werkstoffe\/\" class=\"bellows-target\"><span class=\"bellows-target-title bellows-target-text\">\ud83d\udd33Kreuzwortr\u00e4tsel Werkstoffe<\/span><\/a><\/li>\n<li id=\"menu-item-11573\" class=\"bellows-menu-item bellows-menu-item-type-post_type bellows-menu-item-object-page bellows-menu-item-11573 bellows-item-level-0\"><a  href=\"https:\/\/english-munich.de\/training\/kreuzwortraetsel-vokabular-materialverschleiss\/\" class=\"bellows-target\"><span class=\"bellows-target-title bellows-target-text\">\ud83d\udd33Kreuzwortr\u00e4tsel Materialverschlei\u00df<\/span><\/a><\/li>\n<li id=\"menu-item-11574\" class=\"bellows-menu-item bellows-menu-item-type-post_type bellows-menu-item-object-page bellows-menu-item-11574 bellows-item-level-0\"><a  href=\"https:\/\/english-munich.de\/training\/kreuzwortraetsel-vokabular-physik\/\" class=\"bellows-target\"><span class=\"bellows-target-title bellows-target-text\">\ud83d\udd33Kreuzwortr\u00e4tsel Physik<\/span><\/a><\/li>\n<li id=\"menu-item-11669\" class=\"bellows-menu-item bellows-menu-item-type-post_type bellows-menu-item-object-page bellows-menu-item-11669 bellows-item-level-0\"><a  href=\"https:\/\/english-munich.de\/training\/matching-game-vokabular-materialeigenschaften\/\" class=\"bellows-target\"><span class=\"bellows-target-title bellows-target-text\">\ud83e\udde6matching game \u2013 Vokabular Materialeigenschaften<\/span><\/a><\/li>\n<\/ul><\/div>\r\n\r\n<\/div>\r\n","protected":false},"excerpt":{"rendered":"Vokabular &#8211; Materialverschlei\u00df &#8211; Englisch &#8211; Aufgaben \u00dcbungen &#8211; Vokabular &#8211; Materialverschlei\u00df Beispiel Erosion: \u24ffGradual destruction by natural agents: &nbsp;&nbsp; don&#8217;t did whet doesn&#8217;t did . Die richtige L\u00f6sung ist: &#8222;erosion&#8220;&nbsp;&nbsp;Tipp \u2611\ufe0f W\u00e4hle die richtige Option, mit dem richtigen Wort f\u00fcr Materialverschlei\u00df. Erg\u00e4nze den Satz auf Englisch sinnvoll: Abrieb: \u2776The process of scraping something away:&nbsp;&nbsp; [&hellip;]","protected":false},"author":3,"featured_media":0,"parent":0,"menu_order":0,"comment_status":"closed","ping_status":"closed","template":"","meta":[],"_links":{"self":[{"href":"https:\/\/english-munich.de\/training\/wp-json\/wp\/v2\/pages\/11555"}],"collection":[{"href":"https:\/\/english-munich.de\/training\/wp-json\/wp\/v2\/pages"}],"about":[{"href":"https:\/\/english-munich.de\/training\/wp-json\/wp\/v2\/types\/page"}],"author":[{"embeddable":true,"href":"https:\/\/english-munich.de\/training\/wp-json\/wp\/v2\/users\/3"}],"replies":[{"embeddable":true,"href":"https:\/\/english-munich.de\/training\/wp-json\/wp\/v2\/comments?post=11555"}],"version-history":[{"count":4,"href":"https:\/\/english-munich.de\/training\/wp-json\/wp\/v2\/pages\/11555\/revisions"}],"predecessor-version":[{"id":11562,"href":"https:\/\/english-munich.de\/training\/wp-json\/wp\/v2\/pages\/11555\/revisions\/11562"}],"wp:attachment":[{"href":"https:\/\/english-munich.de\/training\/wp-json\/wp\/v2\/media?parent=11555"}],"curies":[{"name":"wp","href":"https:\/\/api.w.org\/{rel}","templated":true}]}}