{"id":11531,"date":"2022-04-28T18:58:53","date_gmt":"2022-04-28T18:58:53","guid":{"rendered":"https:\/\/english-munich.de\/training\/?page_id=11531"},"modified":"2024-11-12T11:52:47","modified_gmt":"2024-11-12T11:52:47","slug":"englisch-arbeitsblaetter-kostenlos","status":"publish","type":"page","link":"https:\/\/english-munich.de\/training\/englisch-arbeitsblaetter-kostenlos\/","title":{"rendered":"Englisch Arbeitsbl\u00e4tter kostenlos"},"content":{"rendered":"<h1>Arbeitsbl\u00e4tter Englisch kostenlos:<\/h1>\r\nArbeitsbl\u00e4tter Englisch kostenlos zum Download.\r\n<hr>\r\n<br \/><div class=\"container well\">\r\n<h2>\u00dcbungsbl\u00e4tter Zeiten<\/h2>\r\n<hr>\r\n<a href=\"https:\/\/english-munich.de\/training\/wp-content\/uploads\/2022\/04\/Arbeitsblaetter-Simple-Present.zip\">\u00dcbungsbl\u00e4tter Simple Present <i class=\"fa fa-download\"><\/i><\/a><br \/><a href=\"https:\/\/english-munich.de\/training\/wp-content\/uploads\/2022\/04\/Arbeitsblaett-Present-Progressive.zip\">\u00dcbungsbl\u00e4tter Present Progressive <i class=\"fa fa-download\"><\/i><\/a><br \/>\r\n<a href=\"https:\/\/english-munich.de\/training\/wp-content\/uploads\/2022\/04\/Arbeitsblaetter-Simpe-Present-Present-Progressive-Unterschied.zip\">\u00dcbungsbl\u00e4tter Simple Present Present Progressive Unterschied <i class=\"fa fa-download\"><\/i><\/a><br \/><a href=\"https:\/\/english-munich.de\/training\/wp-content\/uploads\/2024\/11\/UebungsblatterSimple-Past.zip\">\u00dcbungsbl\u00e4tter Simple Past <i class=\"fa fa-download\"><\/i><\/a><br \/><a href=\"https:\/\/english-munich.de\/training\/wp-content\/uploads\/2022\/04\/Uebungsblatt-past-progressive.pdf\">Arbeitsblatt Past Continous <i class=\"fa fa-download\"><\/i><\/a><br \/><a href=\"https:\/\/english-munich.de\/training\/wp-content\/uploads\/2022\/05\/unregelmaessige-Verben-Uebersicht.pdf\">\u00dcbersicht unregelm\u00e4\u00dfige Verben alphabetisch <i class=\"fa fa-download\"><\/i><\/a><br \/><a href=\"https:\/\/english-munich.de\/training\/wp-content\/uploads\/2022\/04\/Arbeitsblatt-Simple-Past-Past-Progressive-Unterschied.pdf\">Arbeitsblatt Past Continous \/ Simple Past Unterschied <i class=\"fa fa-download\"><\/i><\/a><br \/><a href=\"https:\/\/english-munich.de\/training\/wp-content\/uploads\/2022\/05\/Arbeitsblatt-Present-Perfect.pdf\">Arbeitsblatt Present Perfect <i class=\"fa fa-download\"><\/i><\/a><br \/><a href=\"https:\/\/english-munich.de\/training\/wp-content\/uploads\/2022\/05\/Arbeitsblatt-Present-Perfect-Frage.pdf\">Arbeitsblatt Present Perfect Frage <i class=\"fa fa-download\"><\/i><\/a><br \/><a href=\"https:\/\/english-munich.de\/training\/wp-content\/uploads\/2022\/05\/Arbeitsblatt-will-future.pdf\">Arbeitsblatt Will Future <i class=\"fa fa-download\"><\/i><\/a><br \/><a href=\"https:\/\/english-munich.de\/training\/wp-content\/uploads\/2022\/05\/Arbeitsblatt-will-future-II.pdf\">Arbeitsblatt Will Future II <i class=\"fa fa-download\"><\/i><\/a><br \/><a href=\"https:\/\/english-munich.de\/training\/wp-content\/uploads\/2022\/05\/Arbeitsblatt-going-to-future.pdf\">Arbeitsblatt Going To Future <i class=\"fa fa-download\"><\/i><\/a><br \/><a href=\"https:\/\/english-munich.de\/training\/wp-content\/uploads\/2022\/05\/Arbeitsblatt-Will-Future-Going-To-Future-Unterschied.pdf\">Arbeitsblatt Will Future \/ Going to Future Gegen\u00fcberstellung <i class=\"fa fa-download\"><\/i><\/a><br \/><a href=\"https:\/\/english-munich.de\/training\/wp-content\/uploads\/2022\/05\/Uebungsblatt-alle-Future-Formen.pdf\">Arbeitsblatt alle Future Formen <i class=\"fa fa-download\"><\/i><\/a><br \/><a href=\"https:\/\/english-munich.de\/training\/wp-content\/uploads\/2022\/05\/Arbeitsblaetter-Simple-Past-Present-Perfect-Unterschied.zip\">\u00dcbungsbl\u00e4tter Simple Past Present Perfect <i class=\"fa fa-download\"><\/i><\/a><br \/><a href=\"https:\/\/english-munich.de\/training\/wp-content\/uploads\/2022\/05\/Arbeitsblaetter-Modalverben-Ersatzformen.zip\">\u00dcbungsbl\u00e4tter Modalverben Ersatzformen <i class=\"fa fa-download\"><\/i><\/a>\r\n<br \/><a href=\"https:\/\/english-munich.de\/training\/wp-content\/uploads\/2022\/05\/since-und-for-Unterschied.pdf\">Arbeitsblatt since und for Unterschied <i class=\"fa fa-download\"><\/i><\/a><br \/><a href=\"https:\/\/english-munich.de\/training\/wp-content\/uploads\/2022\/05\/Arbeitsblatt-Present-Perfect-Progressive.pdf\">Arbeitsblatt Present Perfect Progressive (Verlaufsform) <i class=\"fa fa-download\"><\/i><\/a><br \/><a href=\"https:\/\/english-munich.de\/training\/wp-content\/uploads\/2022\/05\/Arbeitsblatt-use-to-didnt-use-to-did-use-to.pdf\">Arbeitsblatt used to &#8211; didn&#8217;t use to &#8211; did use to? <i class=\"fa fa-download\"><\/i><\/a><br \/><a href=\"https:\/\/english-munich.de\/training\/wp-content\/uploads\/2022\/05\/Arbeitsblatt-Plusquamperfekt-past-perfect-Vorvergangenheit.pdf\">Arbeitsblatt Past Perfect &#8211; Vorvergangenheit<i class=\"fa fa-download\"><\/i><\/a><br \/><br \/>Pr\u00fcfungsvorbereitung f\u00fcr die Wirtschaftsschule<br \/><a href=\"https:\/\/english-munich.de\/training\/wp-content\/uploads\/2024\/01\/Arbeitsblaetter-Angebot-Offer.pdf\">Arbeitsbl\u00e4tter Angebot\/offer schreiben <i class=\"fa fa-download\"><\/i><\/a><br \/><a href=\"https:\/\/english-munich.de\/training\/wp-content\/uploads\/2024\/01\/Arbeitsblaetter-Anfrage-Enquiry.pdf\">Arbeitsbl\u00e4tter Anfrage\/enquiry schreiben <i class=\"fa fa-download\"><\/i><\/a><br \/><br \/><br \/><br \/><br \/><br \/><br \/><br \/><br \/><br \/><br \/><br \/><br \/><br \/><br \/><br \/><br \/><br \/><br \/><br \/><br \/><br \/>\r\n<\/div>","protected":false},"excerpt":{"rendered":"Arbeitsbl\u00e4tter Englisch kostenlos: Arbeitsbl\u00e4tter Englisch kostenlos zum Download. \u00dcbungsbl\u00e4tter Zeiten \u00dcbungsbl\u00e4tter Simple Present \u00dcbungsbl\u00e4tter Present Progressive \u00dcbungsbl\u00e4tter Simple Present Present Progressive Unterschied \u00dcbungsbl\u00e4tter Simple Past Arbeitsblatt Past Continous \u00dcbersicht unregelm\u00e4\u00dfige Verben alphabetisch Arbeitsblatt Past Continous \/ Simple Past Unterschied Arbeitsblatt Present Perfect Arbeitsblatt Present Perfect Frage Arbeitsblatt Will Future Arbeitsblatt Will Future II Arbeitsblatt Going [&hellip;]","protected":false},"author":3,"featured_media":0,"parent":0,"menu_order":0,"comment_status":"closed","ping_status":"closed","template":"","meta":[],"_links":{"self":[{"href":"https:\/\/english-munich.de\/training\/wp-json\/wp\/v2\/pages\/11531"}],"collection":[{"href":"https:\/\/english-munich.de\/training\/wp-json\/wp\/v2\/pages"}],"about":[{"href":"https:\/\/english-munich.de\/training\/wp-json\/wp\/v2\/types\/page"}],"author":[{"embeddable":true,"href":"https:\/\/english-munich.de\/training\/wp-json\/wp\/v2\/users\/3"}],"replies":[{"embeddable":true,"href":"https:\/\/english-munich.de\/training\/wp-json\/wp\/v2\/comments?post=11531"}],"version-history":[{"count":26,"href":"https:\/\/english-munich.de\/training\/wp-json\/wp\/v2\/pages\/11531\/revisions"}],"predecessor-version":[{"id":12081,"href":"https:\/\/english-munich.de\/training\/wp-json\/wp\/v2\/pages\/11531\/revisions\/12081"}],"wp:attachment":[{"href":"https:\/\/english-munich.de\/training\/wp-json\/wp\/v2\/media?parent=11531"}],"curies":[{"name":"wp","href":"https:\/\/api.w.org\/{rel}","templated":true}]}}