{"id":1148,"date":"2020-05-12T18:32:45","date_gmt":"2020-05-12T18:32:45","guid":{"rendered":"https:\/\/english-munich.de\/training\/?page_id=1148"},"modified":"2022-04-28T18:35:50","modified_gmt":"2022-04-28T18:35:50","slug":"simple-past-gemischt","status":"publish","type":"page","link":"https:\/\/english-munich.de\/training\/simple-past-gemischt\/","title":{"rendered":"Simple Past Aufgaben gemischt"},"content":{"rendered":"<div class=\"jumbotron text-center\">\r\n<h2>Simple Past Aufgaben<\/h2>\r\nSimple Past Aufgaben im bejahten und verneinten Aussagesatz\r\n\r\n<\/div>\r\n<div class=\"bs-example\">\r\n<div class=\"accordion\" id=\"accordionExample\">\r\n<div class=\"card\">\r\n<div class=\"card-header\" id=\"headingOne\">\r\n<h2 class=\"mb-0\" style=\"color:#000\">\r\n                    <button type=\"button\" class=\"btn btn-link collapsed\" data-toggle=\"collapse\" data-target=\"#collapseOne\">Beispiel<\/button><\/h2>\r\n<\/div>\r\n<div id=\"collapseOne\" class=\"collapse\" aria-labelledby=\"headingOne\" data-parent=\"#accordionExample\">\r\n<div class=\"card-body\">\r\n<div class=\"form-inline\">\r\n<div>\r\n<b><span class=\"number\">\u24ff<\/span><\/b>John <input type=\"text\" class=\"form-control\" id=\"panel-beispiel\" disabled=\"\" value=\"wanted\"> <b><i>&nbsp;(want)&nbsp;<\/i><\/b>to be president one day.\r\n<\/div><div>\r\nDie richtige L\u00f6sung ist: <i>wanted&nbsp;&nbsp;<button class=\"btn-lg btn-info\" type=\"button\" data-toggle=\"modal\" data-target=\"#myModal\">Tipp<\/button><\/i>\r\n<\/div>\r\n<\/div>\r\n<\/div>\r\n<\/div>\r\n<\/div>\r\n<\/div>\r\n<br \/>\r\n<div class=\"container well\">\r\n<h4>\u2061\r\n\ud83d\uddb1\ufe0fZiehe die Verben (Drag &amp; Drop) in der richtigen Form des <i>Simple Past (1.Vergangenheit)<\/i> in die L\u00fccken:<\/h4>\r\n\r\n<hr>\r\n\r\n<div class=\"container-fluid answer-container\">\r\n<div>\r\n<ul class=\"answer-container1\">\r\n \t<li class=\"drop\">played<\/li>\r\n \t<li class=\"drop\">didn&#8217;t smoke<\/li>\r\n \t<li class=\"drop\">hated<\/li>\r\n \t<li class=\"drop\">worked<\/li>\r\n \t<li class=\"drop\">didn&#8217;t listen<\/li>\r\n \t<li class=\"drop\">didn&#8217;t want<\/li>\r\n \t<li class=\"drop\">loved<\/li>\r\n \t<li class=\"drop\">read<\/li>\r\n \t<li class=\"drop\">watched<\/li>\r\n \t<li class=\"drop\">didn&#8217;t drive<\/li>\r\n<\/ul>\r\n<\/div>\r\n<div class=\"table\">\r\n<div class=\"table-row\">\r\n<div class=\"table-cell small\">Joe<\/div>\r\n<div class=\"table-cell ziel\" id=\"ziel1\">\r\n<ul class=\"ziel1\"><\/ul>\r\n<\/div>\r\n<div class=\"table-cell\"> getting up early.<\/div>\r\n<\/div>\r\n<div class=\"table-cell small\"><\/div>\r\n<div id=\"result1\"><\/div>\r\n<div><a button=\"\" class=\"btn btn-success tipp1 hidden\" aria-hidden=\"true\" href=\"#8\" title=\"Joe hated sports\" data-toggle=\"popover\" data-placement=\"top\" data-trigger=\"hover\" style=\"text-decoration: none, color:white\" data-content=\"Bei dem Verb 'hate' entf\u00e4llt im Simple Past vor dem anh\u00e4ngen der Endung '-ed' das finale '-e'.\">Tipp<\/a><\/div>\r\n<div class=\"table-row\">\r\n<div class=\"table-cell small\">Sue<\/div>\r\n<div class=\"table-cell ziel\" id=\"ziel2\">\r\n<ul class=\"ziel1\"><\/ul>\r\n<\/div>\r\n<div class=\"table-cell\"> Crickett.<\/div>\r\n<\/div>\r\n<div class=\"table-cell small\"><\/div>\r\n<div id=\"result2\"><\/div>\r\n<div><a button=\"\" class=\"btn btn-success tipp2 hidden\" aria-hidden=\"true\" href=\"#8\" title=\"Sue played football\" data-toggle=\"popover\" data-placement=\"top\" data-trigger=\"hover\" style=\"text-decoration: none, color:white\" data-content=\"Das Verb 'play' ist regelm\u00e4\u00dfig einfach '-ed' an die Grundform anh\u00e4ngen, also 'played'.\">Tipp<\/a><\/div>\r\n<div class=\"table-row\">\r\n<div class=\"table-cell small\">We<\/div>\r\n<div class=\"table-cell ziel\" id=\"ziel3\">\r\n<ul class=\"ziel1\"><\/ul>\r\n<\/div>\r\n<div class=\"table-cell\"> cigarettes.<\/div>\r\n<\/div>\r\n<div class=\"table-cell small\"><\/div>\r\n<div id=\"result3\"><\/div>\r\n<div><a button=\"\" class=\"btn btn-success tipp3 hidden\" aria-hidden=\"true\" href=\"#8\" title=\"We did not smoke cigarettes\" data-toggle=\"popover\" data-placement=\"top\" data-trigger=\"hover\" style=\"text-decoration: none, color:white\" data-content=\"Die Verneinung wird im Simple Past mit der 1. Vergangenheit des Hilfsverbes 'do' umschrieben, also 'did not smoke'.\">Tipp<\/a><\/div>\r\n<div class=\"table-cell small\"><\/div>\r\n<div id=\"result2\"><\/div>\r\n<div class=\"table-row\">\r\n<div class=\"table-cell small\">I<\/div>\r\n<div class=\"table-cell ziel\" id=\"ziel4\">\r\n<ul class=\"ziel1\"><\/ul>\r\n<\/div>\r\n<div class=\"table-cell\"> in the garden.<\/div>\r\n<\/div>\r\n<div class=\"table-cell small\"><\/div>\r\n<div id=\"result4\"><\/div>\r\n<div><a button=\"\" class=\"btn btn-success tipp4 hidden\" aria-hidden=\"true\" href=\"#8\" title=\"I worked little...\" data-toggle=\"popover\" data-placement=\"top\" data-trigger=\"hover\" style=\"text-decoration: none, color:white\" data-content=\"Das Verb 'work' ist regelm\u00e4\u00dfig einfach '-ed' an die Grundform anh\u00e4ngen, also 'worked'\">Tipp<\/a><\/div>\r\n<div class=\"table-cell small\"><\/div>\r\n<div id=\"result2\"><\/div>\r\n<div class=\"table-row\">\r\n<div class=\"table-cell small\">They<\/div>\r\n<div class=\"table-cell ziel\" id=\"ziel5\">\r\n<ul class=\"ziel1\"><\/ul>\r\n<\/div>\r\n<div class=\"table-cell\"> to Elvis .<\/div>\r\n<\/div>\r\n<div class=\"table-cell small\"><\/div>\r\n<div id=\"result5\"><\/div>\r\n<div><a button=\"\" class=\"btn btn-success tipp5 hidden\" aria-hidden=\"true\" href=\"#8\" title=\"They did not listen...\" data-toggle=\"popover\" data-placement=\"top\" data-trigger=\"hover\" style=\"text-decoration: none, color:white\" data-content=\"Die Verneinung wird im Simple Past mit der 1. Vergangenheit des Hilfsverbes 'do' umschrieben, also 'did not listen to Elvis'\">Tipp<\/a><\/div>\r\n<div class=\"table-cell small\"><\/div>\r\n<div id=\"result2\"><\/div>\r\n<div class=\"table-row\">\r\n<div class=\"table-cell small\">Bill<\/div>\r\n<div class=\"table-cell ziel\" id=\"ziel6\">\r\n<ul class=\"ziel1\"><\/ul>\r\n<\/div>\r\n<div class=\"table-cell\">to live in Belgium.<\/div>\r\n<\/div>\r\n<div class=\"table-cell small\"><\/div>\r\n<div id=\"result6\"><\/div>\r\n<div><a button=\"\" class=\"btn btn-success tipp6 hidden\" aria-hidden=\"true\" href=\"#8\" title=\"Bill did not want to live...\" data-toggle=\"popover\" data-placement=\"top\" data-trigger=\"hover\" style=\"text-decoration: none, color:white\" data-content=\"Die Verneinung wird im Simple Past mit der 1. Vergangenheit des Hilfsverbes 'do' umschrieben, also 'did not want...'.\">Tipp<\/a><\/div>\r\n<div class=\"table-cell small\"><\/div>\r\n<div id=\"result2\"><\/div>\r\n<div class=\"table-row\">\r\n<div class=\"table-cell small\">You<\/div>\r\n<div class=\"table-cell ziel\" id=\"ziel7\">\r\n<ul class=\"ziel1\"><\/ul>\r\n<\/div>\r\n<div class=\"table-cell\">drinking milk.<\/div>\r\n<\/div>\r\n<div class=\"table-cell small\"><\/div>\r\n<div id=\"result7\"><\/div>\r\n<div><a button=\"\" class=\"btn btn-success tipp7 hidden\" aria-hidden=\"true\" href=\"#8\" title=\"You loved drinking lemonade.\" data-toggle=\"popover\" data-placement=\"top\" data-trigger=\"hover\" style=\"text-decoration: none, color:white\" data-content=\"Bei dem Verb 'love' entf\u00e4llt im Simple Past vor dem anh\u00e4ngen der Endung '-ed' das finale '-e'.\">Tipp<\/a><\/div>\r\n<div class=\"table-cell small\"><\/div>\r\n<div id=\"result2\"><\/div>\r\n<div class=\"table-row\">\r\n<div class=\"table-cell small\">I<\/div>\r\n<div class=\"table-cell ziel\" id=\"ziel8\">\r\n<ul class=\"ziel1\"><\/ul>\r\n<\/div>\r\n<div class=\"table-cell\">the New York Times.<\/div>\r\n<\/div>\r\n<div class=\"table-cell small\"><\/div>\r\n<div id=\"result8\"><\/div>\r\n<div><a button=\"\" class=\"btn btn-success tipp8 hidden\" aria-hidden=\"true\" href=\"#8\" title=\"I read the New York Times.\" data-toggle=\"popover\" data-placement=\"top\" data-trigger=\"hover\" style=\"text-decoration: none, color:white\" data-content=\"Das Verb 'read' ist unregelm\u00e4\u00dfig. Es entspricht in seiner Form des Simple Past kurioserweise genau seiner Grundform, also 'read'\">Tipp<\/a><\/div>\r\n<div class=\"table-cell small\"><\/div>\r\n<div id=\"result2\"><\/div>\r\n<div class=\"table-row\">\r\n<div class=\"table-cell small\">We<\/div>\r\n<div class=\"table-cell ziel\" id=\"ziel9\">\r\n<ul class=\"ziel1\"><\/ul>\r\n<\/div>\r\n<div class=\"table-cell\"> the A-Team last week<\/div>\r\n<\/div>\r\n<div class=\"table-cell small\"><\/div>\r\n<div id=\"result9\"><\/div>\r\n<div><a button=\"\" class=\"btn btn-success tipp9 hidden\" aria-hidden=\"true\" href=\"#8\" title=\"We watched the A-Team last week.\" data-toggle=\"popover\" data-placement=\"top\" data-trigger=\"hover\" style=\"text-decoration: none, color:white\" data-content=\"Das Verb 'work' ist regelm\u00e4\u00dfig einfach '-ed' an die Grundform anh\u00e4ngen, also 'worked'\">Tipp<\/a><\/div>\r\n<div class=\"table-cell small\"><\/div>\r\n<div id=\"result\"><\/div>\r\n<div class=\"table-row\">\r\n<div class=\"table-cell small\">You<\/div>\r\n<div class=\"table-cell ziel\" id=\"ziel10\">\r\n<ul class=\"ziel1\"><\/ul>\r\n<\/div>\r\n<div class=\"table-cell\"> only big cars.<\/div>\r\n<\/div>\r\n<div class=\"table-cell small\"><\/div>\r\n<div id=\"result10\"><\/div>\r\n<div><a button=\"\" class=\"btn btn-success tipp10 hidden\" aria-hidden=\"true\" href=\"#8\" title=\"You did not only drive...\" data-toggle=\"popover\" data-placement=\"top\" data-trigger=\"hover\" style=\"text-decoration: none, color:white\" data-content=\"Die Verneinung wird im Simple Past mit der 1. Vergangenheit des Hilfsverbes 'do' umschrieben, also 'did not drive'.\">Tipp<\/a><\/div>\r\n<\/div>\r\n<!-- The Modal -->\r\n<div id=\"myModal\" class=\"modal\">\r\n<div class=\"modal-dialog\">\r\n<div class=\"modal-content\">\r\n\r\n<!-- Modal Header -->\r\n<div class=\"modal-header\">\r\n<h4 class=\"modal-title\">Simple Past<\/h4>\r\n<button class=\"close\" type=\"button\" data-dismiss=\"modal\">\u00d7<\/button>\r\n\r\n<\/div>\r\n<!-- Modal body -->\r\nSimple Past <a href=\"https:\/\/de.wiktionary.org\/wiki\/Aufgabe\">\u00dcbungen<\/a>\r\n<div class=\"modal-body\"><img decoding=\"async\" class=\"img-responsive img-rounded\" title=\"Simple Past\" src=\"https:\/\/english-munich.de\/training\/wp-content\/uploads\/2020\/05\/simple-past-regular.jpg\" loading=\"lazy&quot;\" alt=\"Simple Past Aussagesatz\"><\/div>\r\n<!-- Modal footer -->\r\n<div class=\"modal-footer\"><button class=\"btn btn-danger\" type=\"button\" data-dismiss=\"modal\">Close<\/button><\/div>\r\n<\/div>\r\n<\/div>\r\n<\/div>\r\n<\/div>\r\n<\/div>\r\n<div class=\"container\">\r\n\r\n<hr>\r\n\r\n<button id=\"submitButton\" class=\"btn-lg btn-primary \" type=\"submit\" value=\"submit\">Pr\u00fcfen<\/button><button id=\"resetButton\" class=\"btn-lg btn-success\" type=\"submit\" onclick=\"refreshPage()\">Neustart<\/button><button id=\"submitButton\" class=\"btn-lg btn-info\" type=\"button\" value=\"submit\" data-toggle=\"modal\" data-target=\"#myModal\">Tipp<\/button>\r\n\r\n<hr>\r\n\r\n\r\n<p id=\"result\"><\/p>\r\n<p id=\"result2\"><\/p><br \/>\r\n<a href=\"https:\/\/english-munich.de\/training\/wp-content\/uploads\/2022\/04\/Arbeitsblatt-Simple-Past-Signalwoerter.pdf\">\u00dcbungsblatt Simple Past Signalw\u00f6rter<i class=\"fa fa-download\"><\/i><\/a>\r\n<br \/><br \/>\r\n<h3>Alle \u00dcbungen im Simple Past:<\/h3>\r\n<hr>\r\n<div id=\"bellows-main-15\" class=\"bellows bellows-nojs bellows-main bellows-source-menu bellows-align-full bellows-skin-vanilla bellows-type-\"><ul id=\"menu-simple-past\" class=\"bellows-nav\" data-bellows-config=\"main\"><li id=\"menu-item-3681\" class=\"bellows-menu-item bellows-menu-item-type-post_type bellows-menu-item-object-page bellows-menu-item-3681 bellows-item-level-0\"><a  href=\"https:\/\/english-munich.de\/training\/simple-past-aussagesatz-bejaht\/\" class=\"bellows-target\"><span class=\"bellows-target-title bellows-target-text\">\u270d\ufe0fSimple Past \u2013 bejaht<\/span><\/a><\/li>\n<li id=\"menu-item-3686\" class=\"bellows-menu-item bellows-menu-item-type-post_type bellows-menu-item-object-page bellows-menu-item-3686 bellows-item-level-0\"><a  href=\"https:\/\/english-munich.de\/training\/simple-past-verneinung\/\" class=\"bellows-target\"><span class=\"bellows-target-title bellows-target-text\">\u2611\ufe0fSimple Past Verneinung<\/span><\/a><\/li>\n<li id=\"menu-item-3683\" class=\"bellows-menu-item bellows-menu-item-type-post_type bellows-menu-item-object-page bellows-menu-item-3683 bellows-item-level-0\"><a  href=\"https:\/\/english-munich.de\/training\/simple-past-frage\/\" class=\"bellows-target\"><span class=\"bellows-target-title bellows-target-text\">\u270d\ufe0fSimple Past Frage<\/span><\/a><\/li>\n<li id=\"menu-item-3684\" class=\"bellows-menu-item bellows-menu-item-type-post_type bellows-menu-item-object-page bellows-menu-item-3684 bellows-item-level-0\"><a  href=\"https:\/\/english-munich.de\/training\/simple-past-gemischt\/\" class=\"bellows-target\"><span class=\"bellows-target-title bellows-target-text\">\ud83d\uddb1\ufe0fSimple Past gemischt<\/span><\/a><\/li>\n<li id=\"menu-item-11423\" class=\"bellows-menu-item bellows-menu-item-type-post_type bellows-menu-item-object-page bellows-menu-item-11423 bellows-item-level-0\"><a  href=\"https:\/\/english-munich.de\/training\/be-simple-past-uebungen\/\" class=\"bellows-target\"><span class=\"bellows-target-title bellows-target-text\">\u2611\ufe0fbe Simple Past \u00dcbungen<\/span><\/a><\/li>\n<li id=\"menu-item-11431\" class=\"bellows-menu-item bellows-menu-item-type-post_type bellows-menu-item-object-page bellows-menu-item-11431 bellows-item-level-0\"><a  href=\"https:\/\/english-munich.de\/training\/simple-past-ausnahmen-uebungen\/\" class=\"bellows-target\"><span class=\"bellows-target-title bellows-target-text\">\u270d\ufe0fSimple Past Ausnahmen<\/span><\/a><\/li>\n<li id=\"menu-item-3685\" class=\"bellows-menu-item bellows-menu-item-type-post_type bellows-menu-item-object-page bellows-menu-item-3685 bellows-item-level-0\"><a  href=\"https:\/\/english-munich.de\/training\/simple-past-unregelmasige-verben\/\" class=\"bellows-target\"><span class=\"bellows-target-title bellows-target-text\">\u270d\ufe0fSimple Past unregelm\u00e4\u00dfig<\/span><\/a><\/li>\n<\/ul><\/div>\r\n<\/div>\r\n<\/div>","protected":false},"excerpt":{"rendered":"Simple Past Aufgaben Simple Past Aufgaben im bejahten und verneinten Aussagesatz Beispiel \u24ffJohn &nbsp;(want)&nbsp;to be president one day. Die richtige L\u00f6sung ist: wanted&nbsp;&nbsp;Tipp \u2061 \ud83d\uddb1\ufe0fZiehe die Verben (Drag &amp; Drop) in der richtigen Form des Simple Past (1.Vergangenheit) in die L\u00fccken: played didn&#8217;t smoke hated worked didn&#8217;t listen didn&#8217;t want loved read watched didn&#8217;t drive [&hellip;]","protected":false},"author":3,"featured_media":0,"parent":0,"menu_order":0,"comment_status":"closed","ping_status":"closed","template":"","meta":[],"_links":{"self":[{"href":"https:\/\/english-munich.de\/training\/wp-json\/wp\/v2\/pages\/1148"}],"collection":[{"href":"https:\/\/english-munich.de\/training\/wp-json\/wp\/v2\/pages"}],"about":[{"href":"https:\/\/english-munich.de\/training\/wp-json\/wp\/v2\/types\/page"}],"author":[{"embeddable":true,"href":"https:\/\/english-munich.de\/training\/wp-json\/wp\/v2\/users\/3"}],"replies":[{"embeddable":true,"href":"https:\/\/english-munich.de\/training\/wp-json\/wp\/v2\/comments?post=1148"}],"version-history":[{"count":32,"href":"https:\/\/english-munich.de\/training\/wp-json\/wp\/v2\/pages\/1148\/revisions"}],"predecessor-version":[{"id":11529,"href":"https:\/\/english-munich.de\/training\/wp-json\/wp\/v2\/pages\/1148\/revisions\/11529"}],"wp:attachment":[{"href":"https:\/\/english-munich.de\/training\/wp-json\/wp\/v2\/media?parent=1148"}],"curies":[{"name":"wp","href":"https:\/\/api.w.org\/{rel}","templated":true}]}}