{"id":11447,"date":"2022-04-16T17:15:48","date_gmt":"2022-04-16T17:15:48","guid":{"rendered":"https:\/\/english-munich.de\/training\/?page_id=11447"},"modified":"2022-04-16T19:01:38","modified_gmt":"2022-04-16T19:01:38","slug":"be-simple-present-uebungen","status":"publish","type":"page","link":"https:\/\/english-munich.de\/training\/be-simple-present-uebungen\/","title":{"rendered":"be Simple Present \u00dcbungen"},"content":{"rendered":"<div class=\"jumbotron text-center\">\r\n<h2>Be Simple Present \u00dcbungen<\/h2>\r\nAufgaben zum <a href=\"https:\/\/de.wikipedia.org\/wiki\/Verb\">Verb<\/a> Be im Simple Present\r\n\r\n<\/div>\r\n<div class=\"bs-example\">\r\n<div id=\"accordionExample\" class=\"accordion\">\r\n<div class=\"card\">\r\n<div id=\"headingOne\" class=\"card-header\">\r\n<h2 class=\"mb-0\" style=\"color: #000;\"><button class=\"btn btn-link collapsed\" type=\"button\" data-toggle=\"collapse\" data-target=\"#collapseOne\">Beispiel<\/button><\/h2>\r\n<\/div>\r\n<div id=\"collapseOne\" class=\"collapse\" aria-labelledby=\"headingOne\" data-parent=\"#accordionExample\">\r\n<div class=\"card-body\">\r\n<div class=\"form-group\" style=\"width: 70%; margin: 10px;\"><label for=\"sel1\"><span class=\"number\">\u24ff<\/span>Mr. Black __________ in Memphis today.<\/label>\r\n<select id=\"beispiel\" class=\"form-control\">\r\n<option value=\"wrong\">don&#8217;t did<\/option>\r\n<option value=\"correct\">didn&#8217;t do<\/option>\r\n<option value=\"wrong\">doesn&#8217;t did<\/option>\r\n<\/select>\r\nDie richtige L\u00f6sung ist: <b>&#8222;is&#8220;<\/b>\u00a0\u00a0<button class=\"btn-lg btn-info\" type=\"button\" value=\"submit\" data-toggle=\"modal\" data-target=\"#myModal\">Tipp<\/button><\/div>\r\n<\/div>\r\n<\/div>\r\n<\/div>\r\n<\/div>\r\n<br \/><br \/>\r\n<div class=\"container well\">\r\n<h4>\u2611\ufe0f W\u00e4hle die richtige Option des Verbs &#8218;be&#8216; in der grammatikalisch korrekten Form im <i>Simple Present (einfache Gegenwart)<\/i>:<\/h4>\r\n\r\n\r\n<hr \/>\r\n\r\n<br \/>\r\n<div class=\"container-fluid\">\r\n<div class=\"form-group\" style=\"width: 70%;\"><label for=\"sel1\"><span class=\"number\">\u2776<\/span>Harry __________always right about everything.<\/label>\r\n<select id=\"q0\" class=\"form-control\">\r\n<option value=\"wrong\"><\/option>\r\n<option value=\"wrong\">am<\/option>\r\n<option value=\"correct\">is<\/option>\r\n<option value=\"wrong\">are<\/option>\r\n<\/select>\r\n<p id=\"correct0\" align=\"left\"><\/p>\r\n<a class=\"btn btn-success tipp0 hidden\" style=\"text-decoration: none, color:white;\" title=\"Harry is always right about everything\" href=\"#0\" data-toggle=\"popover\" data-placement=\"top\" data-trigger=\"hover\" data-content=\"Harry, entspricht 'he', das ist dritte Person Einzahl, deswegen 'is'.\">Tipp<\/a>\r\n\r\n<\/div>\r\n<div class=\"form-group\" style=\"width: 70%;\"><label for=\"sel1\"><span class=\"number\">\u2777<\/span>We __________ at home. You can come over.<\/label>\r\n<select id=\"q1\" class=\"form-control\">\r\n<option value=\"wrong\"><\/option>\r\n<option value=\"wrong\">is<\/option>\r\n<option value=\"correct\">are<\/option>\r\n<option value=\"wrong\">am<\/option>\r\n<\/select>\r\n<p id=\"correct1\" align=\"left\"><\/p>\r\n<a class=\"btn btn-success tipp1 hidden\" style=\"text-decoration: none, color:white;\" title=\"We are at home. You can come over.\" href=\"#1\" data-toggle=\"popover\" data-placement=\"top\" data-trigger=\"hover\" data-content=\"We ist zweite Person Mehrzahl, also 'are'.\">Tipp<\/a>\r\n\r\n<\/div>\r\n<div class=\"form-group\" style=\"width: 70%;\"><label for=\"sel1\"><span class=\"number\">\u2778<\/span>I __________ from Wolverhamptom. That&#8217;s in England.<\/label>\r\n<select id=\"q2\" class=\"form-control\">\r\n<option value=\"wrong\"><\/option>\r\n<option value=\"wrong\">is<\/option>\r\n<option value=\"correct\">am<\/option>\r\n<option value=\"wrong\">are<\/option>\r\n<\/select>\r\n<p id=\"correct2\" align=\"left\"><\/p>\r\n<a class=\"btn btn-success tipp2 hidden\" style=\"text-decoration: none, color:white;\" title=\"I from Wolverhamptorn.\" href=\"#2\" data-toggle=\"popover\" data-placement=\"top\" data-trigger=\"hover\" data-content=\"I ist erste Person Einzahl, deswegen 'am'.\">Tipp<\/a>\r\n\r\n<\/div>\r\n<div class=\"form-group\" style=\"width: 70%;\"><label for=\"sel1\"><span class=\"number\">\u2779<\/span>Your parents __________ away over the weekend? Let&#8217;s have a party.<\/label>\r\n<select id=\"q3\" class=\"form-control\">\r\n<option value=\"wrong\"><\/option>\r\n<option value=\"correct\">are<\/option>\r\n<option value=\"wrong\">is<\/option>\r\n<option value=\"wrong\">am<\/option>\r\n<\/select>\r\n<p id=\"correct3\" align=\"left\"><\/p>\r\n<a class=\"btn btn-success tipp3 hidden\" style=\"text-decoration: none, color:white;\" title=\"Your parents are away over the weekend.\" href=\"#3\" data-toggle=\"popover\" data-placement=\"top\" data-trigger=\"hover\" data-content=\"'Parents' entspricht 'they', das ist dritte Person Mehrzahl, deswegen 'are'.\">Tipp<\/a>\r\n\r\n<\/div>\r\n<div class=\"form-group\" style=\"width: 70%;\"><label for=\"sel1\"><span class=\"number\">\u277a<\/span>They __________ sorry about the bad weather.<\/label>\r\n<select id=\"q4\" class=\"form-control\">\r\n<option value=\"wrong\"><\/option>\r\n<option value=\"wrong\">am<\/option>\r\n<option value=\"correct\">are<\/option>\r\n<option value=\"wrong\">is<\/option>\r\n<\/select>\r\n<p id=\"correct4\" align=\"left\"><\/p>\r\n<a class=\"btn btn-success tipp4 hidden\" style=\"text-decoration: none, color:white;\" title=\"They are sorry about the bad weather.\" href=\"#4\" data-toggle=\"popover\" data-placement=\"top\" data-trigger=\"hover\" data-content=\"'They' ist dritte Person Mehrzahl, deswegen 'are'.\">Tipp<\/a>\r\n\r\n<\/div>\r\n<div class=\"form-group\" style=\"width: 70%;\"><label for=\"sel1\"><span class=\"number\">\u277b<\/span>Ms.Brown __________ always very unlucky at Poker.<\/label>\r\n<select id=\"q5\" class=\"form-control\">\r\n<option value=\"wrong\"><\/option>\r\n<option value=\"wrong\">am<\/option>\r\n<option value=\"wrong\">are<\/option>\r\n<option value=\"correct\">is<\/option>\r\n<\/select>\r\n<p id=\"correct5\" align=\"left\"><\/p>\r\n<a class=\"btn btn-success tipp5 hidden\" style=\"text-decoration: none, color:white;\" title=\"Ms.Brown is very unlucky at Poker.\" href=\"#5\" data-toggle=\"popover\" data-placement=\"top\" data-trigger=\"hover\" data-content=\"'Ms. Brown ist 'she', also dritte Person Einzahl, deswegen 'is'.\">Tipp<\/a>\r\n\r\n<\/div>\r\n<div class=\"form-group\" style=\"width: 70%;\"><label for=\"sel1\"><span class=\"number\">\u277c<\/span> The Jones __________ such nice people.<\/label>\r\n<select id=\"q6\" class=\"form-control\">\r\n<option value=\"wrong\"><\/option>\r\n<option value=\"wrong\">am<\/option>\r\n<option value=\"wrong\">is<\/option>\r\n<option value=\"correct\">are<\/option>\r\n<\/select>\r\n<p id=\"correct6\" align=\"left\"><\/p>\r\n<a class=\"btn btn-success tipp6 hidden\" style=\"text-decoration: none, color:white;\" title=\"The Jones such nice people.\" href=\"#6\" data-toggle=\"popover\" data-placement=\"top\" data-trigger=\"hover\" data-content=\"'The Jones' entspricht 'they', das ist dritte Person Mehrzahl, deswegen 'are'.\">Tipp<\/a>\r\n\r\n<\/div>\r\n<div class=\"form-group\" style=\"width: 70%;\"><label for=\"sel1\"><span class=\"number\">\u277d<\/span> You __________ the class president this year. Congratulations.<\/label>\r\n<select id=\"q7\" class=\"form-control\">\r\n<option value=\"wrong\"><\/option>\r\n<option value=\"correct\">are<\/option>\r\n<option value=\"wrong\">is<\/option>\r\n<option value=\"wrong\">am<\/option>\r\n<\/select>\r\n<p id=\"correct7\" align=\"left\"><\/p>\r\n<a class=\"btn btn-success tipp7 hidden\" style=\"text-decoration: none, color:white;\" title=\"You are the class president.\" href=\"#7\" data-toggle=\"popover\" data-placement=\"top\" data-trigger=\"hover\" data-content=\"'You' kann hier zweite Person Einzahl oder Mehrzahl sein. Auf jeden Fall ist die richtige Form 'are'.\">Tipp<\/a>\r\n\r\n<\/div>\r\n<div class=\"form-group\" style=\"width: 70%;\"><label for=\"sel1\"><span class=\"number\">\u277e<\/span> She __________ always late for her dates.<\/label>\r\n<select id=\"q8\" class=\"form-control\">\r\n<option value=\"wrong\"><\/option>\r\n<option value=\"correct\">is<\/option>\r\n<option value=\"wrong\">am<\/option>\r\n<option value=\"wrong\">are<\/option>\r\n<\/select>\r\n<p id=\"correct8\" align=\"left\"><\/p>\r\n<a class=\"btn btn-success tipp8 hidden\" style=\"text-decoration: none, color:white;\" title=\"She is always late for her meetings.\" href=\"#8\" data-toggle=\"popover\" data-placement=\"top\" data-trigger=\"hover\" data-content=\"'She' ist dritte Person Einzahl, deswegen 'is'.\">Tipp<\/a>\r\n\r\n<\/div>\r\n<div class=\"form-group\" style=\"width: 70%;\"><label for=\"sel1\"><span class=\"number\">\u277f<\/span> Our neighbors ________ away on a fishing trip.<\/label>\r\n<select id=\"q9\" class=\"form-control\">\r\n<option value=\"wrong\"><\/option>\r\n<option value=\"correct\">are<\/option>\r\n<option value=\"wrong\">is<\/option>\r\n<option value=\"wrong\">am<\/option>\r\n<\/select>\r\n<p id=\"correct9\" align=\"left\"><\/p>\r\n<a class=\"btn btn-success tipp9 hidden\" style=\"text-decoration: none, color:white;\" title=\"Our neighbors are away on a fishing trip.\" href=\"#9\" data-toggle=\"popover\" data-placement=\"top\" data-trigger=\"hover\" data-content=\"'Our neighbors' ist 'they' (3.Person Mehrzahl), deswegen 'are'.\">Tipp<\/a>\r\n<\/div>\r\n<div class=\"container\">\r\n\r\n<!-- The Modal -->\r\n<div id=\"myModal\" class=\"modal\">\r\n<div class=\"modal-dialog\">\r\n<div class=\"modal-content\">\r\n\r\n<!-- Modal Header -->\r\n<div class=\"modal-header\">\r\n<h4 class=\"modal-title\">Simple Past regelm\u00e4\u00dfig<\/h4>\r\n<button class=\"close\" type=\"button\" data-dismiss=\"modal\">\u00d7<\/button>\r\n\r\n<\/div>\r\n<!-- Modal body -->\r\n<div class=\"modal-body\"><img decoding=\"async\" class=\"img-responsive img-rounded\" title=\"Be im simple Past\" src=\"https:\/\/english-munich.de\/training\/wp-content\/uploads\/2020\/01\/simple-present.jpg\" alt=\"be-Simple-Present-\u00dcbungen\" \/><br \/><\/div>\r\n<!-- Modal footer -->\r\n<div class=\"modal-footer\"><button class=\"btn btn-danger\" type=\"button\" data-dismiss=\"modal\">Close<\/button><\/div>\r\n<\/div>\r\n<\/div>\r\n<\/div>\r\n<\/div>\r\n<\/div>\r\n<\/div>\r\n<div class=\"container\">\r\n\r\n<hr \/>\r\n\r\n<button id=\"submitButton\" class=\"btn-lg btn-primary \" type=\"submit\" value=\"submit\">Pr\u00fcfen<\/button><button id=\"resetButton\" class=\"btn-lg btn-success\" type=\"submit\" onclick=\"refreshPage()\">Neustart<\/button><button id=\"submitButton\" class=\"btn-lg btn-info\" type=\"submit\" value=\"submit\" data-toggle=\"modal\" data-target=\"#myModal2\">Tipp<\/button>\r\n\r\n<hr \/>\r\n\r\n<h3>Alle \u00dcbungen im Simple Past<\/h3>\r\n\r\n<hr \/>\r\n\r\n<div id=\"bellows-main-14\" class=\"bellows bellows-nojs bellows-main bellows-source-menu bellows-align-full bellows-skin-vanilla bellows-type-\"><ul id=\"menu-simple-present\" class=\"bellows-nav\" data-bellows-config=\"main\"><li id=\"menu-item-3646\" class=\"bellows-menu-item bellows-menu-item-type-post_type bellows-menu-item-object-page bellows-menu-item-3646 bellows-item-level-0\"><a  href=\"https:\/\/english-munich.de\/training\/simple-present-bejahte-aussagesatze\/\" class=\"bellows-target\"><span class=\"bellows-target-title bellows-target-text\">\u270d\ufe0fSimple Present bejaht<\/span><\/a><\/li>\n<li id=\"menu-item-3647\" class=\"bellows-menu-item bellows-menu-item-type-post_type bellows-menu-item-object-page bellows-menu-item-3647 bellows-item-level-0\"><a  href=\"https:\/\/english-munich.de\/training\/simple-present-aussagesatze-bejaht\/\" class=\"bellows-target\"><span class=\"bellows-target-title bellows-target-text\">\u2611\ufe0fSimple Present verneint<\/span><\/a><\/li>\n<li id=\"menu-item-3648\" class=\"bellows-menu-item bellows-menu-item-type-post_type bellows-menu-item-object-page bellows-menu-item-3648 bellows-item-level-0\"><a  href=\"https:\/\/english-munich.de\/training\/simple-present-aufgaben-frage\/\" class=\"bellows-target\"><span class=\"bellows-target-title bellows-target-text\">\u270d\ufe0fSimple Present Frage<\/span><\/a><\/li>\n<li id=\"menu-item-3649\" class=\"bellows-menu-item bellows-menu-item-type-post_type bellows-menu-item-object-page bellows-menu-item-3649 bellows-item-level-0\"><a  href=\"https:\/\/english-munich.de\/training\/simple-present-gemischt\/\" class=\"bellows-target\"><span class=\"bellows-target-title bellows-target-text\">\ud83d\uddb1\ufe0fSimple Present gemischt<\/span><\/a><\/li>\n<li id=\"menu-item-11458\" class=\"bellows-menu-item bellows-menu-item-type-post_type bellows-menu-item-object-page bellows-menu-item-11458 bellows-item-level-0\"><a  href=\"https:\/\/english-munich.de\/training\/be-simple-present-uebungen\/\" class=\"bellows-target\"><span class=\"bellows-target-title bellows-target-text\">\u2611\ufe0fbe Simple Present<\/span><\/a><\/li>\n<li id=\"menu-item-10349\" class=\"bellows-menu-item bellows-menu-item-type-post_type bellows-menu-item-object-page bellows-menu-item-10349 bellows-item-level-0\"><a  href=\"https:\/\/english-munich.de\/training\/simple-present-3-person-einzahl-unregelmaessig\/\" class=\"bellows-target\"><span class=\"bellows-target-title bellows-target-text\">\u270d\ufe0fSimple Present unregelm\u00e4\u00dfig<\/span><\/a><\/li>\n<li id=\"menu-item-10489\" class=\"bellows-menu-item bellows-menu-item-type-post_type bellows-menu-item-object-page bellows-menu-item-10489 bellows-item-level-0\"><a  href=\"https:\/\/english-munich.de\/training\/have-got-frage-und-kurzantwort\/\" class=\"bellows-target\"><span class=\"bellows-target-title bellows-target-text\">\u270d\ufe0fHave got \u2013 Frage und Kurzantwort<\/span><\/a><\/li>\n<li id=\"menu-item-10352\" class=\"bellows-menu-item bellows-menu-item-type-post_type bellows-menu-item-object-page bellows-menu-item-10352 bellows-item-level-0\"><a  href=\"https:\/\/english-munich.de\/training\/kreuzwortraetsel-simple-present-3-person-einzahl-besonderheiten\/\" class=\"bellows-target\"><span class=\"bellows-target-title bellows-target-text\">\ud83d\udd33Kreuzwortr\u00e4tsel \u2013 simple present 3. Person Einzahl \u2013 Besonderheiten<\/span><\/a><\/li>\n<li id=\"menu-item-10480\" class=\"bellows-menu-item bellows-menu-item-type-post_type bellows-menu-item-object-page bellows-menu-item-10480 bellows-item-level-0\"><a  href=\"https:\/\/english-munich.de\/training\/simple-present-kurzantwort\/\" class=\"bellows-target\"><span class=\"bellows-target-title bellows-target-text\">\u270d\ufe0fSimple Present \u2013 Kurzantwort<\/span><\/a><\/li>\n<li id=\"menu-item-5137\" class=\"bellows-menu-item bellows-menu-item-type-post_type bellows-menu-item-object-page bellows-menu-item-5137 bellows-item-level-0\"><a  href=\"https:\/\/english-munich.de\/training\/simple-present-statische-verben\/\" class=\"bellows-target\"><span class=\"bellows-target-title bellows-target-text\">\u270d\ufe0fSimple Present \u2013 statische Verben<\/span><\/a><\/li>\n<li id=\"menu-item-5163\" class=\"bellows-menu-item bellows-menu-item-type-post_type bellows-menu-item-object-page bellows-menu-item-5163 bellows-item-level-0\"><a  href=\"https:\/\/english-munich.de\/training\/simple-present-statische-verben-ii\/\" class=\"bellows-target\"><span class=\"bellows-target-title bellows-target-text\">\u2611\ufe0fSimple Present statische Verben II<\/span><\/a><\/li>\n<li id=\"menu-item-10505\" class=\"bellows-menu-item bellows-menu-item-type-post_type bellows-menu-item-object-page bellows-menu-item-10505 bellows-item-level-0\"><a  href=\"https:\/\/english-munich.de\/training\/imperativ-englisch\/\" class=\"bellows-target\"><span class=\"bellows-target-title bellows-target-text\">\u270d\ufe0fBefehlsform \u2013 Imperativ<\/span><\/a><\/li>\n<\/ul><\/div>\r\n\r\n<\/div>\r\n<\/div>\r\n<!-- The Modal -->\r\n<div id=\"myModal2\" class=\"modal\">\r\n<div class=\"modal-dialog\">\r\n<div class=\"modal-content\">\r\n\r\n<!-- Modal Header -->\r\n<div class=\"modal-header\">\r\n<h4 class=\"modal-title\">Das Verb be im Simple Present<\/h4>\r\n<button class=\"close\" type=\"button\" data-dismiss=\"modal\">\u00d7<\/button>\r\n\r\n<\/div>\r\n<!-- Modal body -->\r\n<div class=\"modal-body\">\r\n<h2>Be Simple Present \u00dcbungen<\/h2>\r\n\u00dcbersicht:\r\n<table class=\"table table-bordered table-sm table-hover\">\r\n<thead>\r\n<tr class=\"table-danger\">\r\n<th>Personalpronomen<\/th>\r\n<th>I <\/th>\r\n<th>he \/ she \/ it<\/th>\r\n<th>we \/ you \/ they<\/th>\r\n<\/tr>\r\n<\/thead>\r\n<tbody>\r\n<tr class=\"table-primary\">\r\n<td><b>Form von &#8218;be&#8216;<\/b><\/td>\r\n<td><b>am <\/b><\/td>\r\n<td><b>is <\/b><\/td>\r\n<td><b>are <\/b><\/td>\r\n\r\n<\/tr>\r\n<\/tbody>\r\n<\/table>\r\n<div>Das Verb &#8218;be&#8216; wird in der einfachen Gegenwart gebildet, indem man es in der ersten Person, also &#8218;I &#8218; in &#8218;am&#8216; umwandelt. In dritten Person Einzahl, also &#8218;he, she, it&#8216; wird daraus &#8218;is&#8216;. Hingegen bei &#8218;we, you, they&#8216;, musst &#8218;be&#8216; in &#8218;are&#8216; verwandeln. In der Verneinung f\u00fcgst Du einfach ein &#8217;not&#8216; an. Also &#8218;I, he, she, it&#8216; \u2794 &#8218;am not&#8216;, bzw. is not. Oder &#8218;we, you, they&#8216; \u2794 &#8218;are not&#8216;. Nat\u00fcrlich kannst Du auch die kontrahierte Form verwenden. &#8218;I&#8216; \u2794 &#8218;I&#8217;m not&#8216;, &#8218;he, she, it&#8216; \u2794 &#8218;isn&#8217;t&#8216; oder &#8218;we, you, they&#8216; \u2794 &#8218;aren&#8217;t&#8216;. Ansonsten gelten die gleichen Anwendungsregeln f\u00fcr die einfache Gegenwart. Das Simple Present kommt zum Einsatz, wenn Du Dich auf eine Handlung beziehst, die regelm\u00e4\u00dfig in der Gegenwart stattfinget, oder sich auf eine Gewohnheit bezieht.<\/div>\r\n<\/div>\r\n<!-- Modal footer -->\r\n<div class=\"modal-footer\"><button class=\"btn btn-danger\" type=\"button\" data-dismiss=\"modal\">Close<\/button><\/div>\r\n<\/div>\r\n<\/div>\r\n<\/div>","protected":false},"excerpt":{"rendered":"Be Simple Present \u00dcbungen Aufgaben zum Verb Be im Simple Present Beispiel \u24ffMr. Black __________ in Memphis today. don&#8217;t did didn&#8217;t do doesn&#8217;t did Die richtige L\u00f6sung ist: &#8222;is&#8220;\u00a0\u00a0Tipp \u2611\ufe0f W\u00e4hle die richtige Option des Verbs &#8218;be&#8216; in der grammatikalisch korrekten Form im Simple Present (einfache Gegenwart): \u2776Harry __________always right about everything. am is are [&hellip;]","protected":false},"author":3,"featured_media":0,"parent":0,"menu_order":0,"comment_status":"closed","ping_status":"closed","template":"","meta":[],"_links":{"self":[{"href":"https:\/\/english-munich.de\/training\/wp-json\/wp\/v2\/pages\/11447"}],"collection":[{"href":"https:\/\/english-munich.de\/training\/wp-json\/wp\/v2\/pages"}],"about":[{"href":"https:\/\/english-munich.de\/training\/wp-json\/wp\/v2\/types\/page"}],"author":[{"embeddable":true,"href":"https:\/\/english-munich.de\/training\/wp-json\/wp\/v2\/users\/3"}],"replies":[{"embeddable":true,"href":"https:\/\/english-munich.de\/training\/wp-json\/wp\/v2\/comments?post=11447"}],"version-history":[{"count":10,"href":"https:\/\/english-munich.de\/training\/wp-json\/wp\/v2\/pages\/11447\/revisions"}],"predecessor-version":[{"id":11461,"href":"https:\/\/english-munich.de\/training\/wp-json\/wp\/v2\/pages\/11447\/revisions\/11461"}],"wp:attachment":[{"href":"https:\/\/english-munich.de\/training\/wp-json\/wp\/v2\/media?parent=11447"}],"curies":[{"name":"wp","href":"https:\/\/api.w.org\/{rel}","templated":true}]}}