{"id":11351,"date":"2022-04-02T09:24:35","date_gmt":"2022-04-02T09:24:35","guid":{"rendered":"https:\/\/english-munich.de\/training\/?page_id=11351"},"modified":"2022-06-29T19:01:08","modified_gmt":"2022-06-29T19:01:08","slug":"werkstoffe-oberflaechenstruktur-materialbeschaffenheit-englisch","status":"publish","type":"page","link":"https:\/\/english-munich.de\/training\/werkstoffe-oberflaechenstruktur-materialbeschaffenheit-englisch\/","title":{"rendered":"Werkstoffe Oberfl\u00e4chenstruktur Materialbeschaffenheit Englisch"},"content":{"rendered":"<div class=\"jumbotron text-center\">\r\n<h2>Vokabular &#8211; Oberlf\u00e4chenstruktur &#8211; Englisch &#8211; Aufgaben<\/h2>\r\n\u00dcbungen &#8211; Vokabular &#8211; <a href=\"https:\/\/de.wikipedia.org\/wiki\/Oberfl%C3%A4chenstruktur\">Oberfl\u00e4chenstruktur<\/a>\r\n\r\n<\/div>\r\n<div class=\"bs-example\">\r\n<div id=\"accordionExample\" class=\"accordion\">\r\n<div class=\"card\">\r\n<div id=\"headingOne\" class=\"card-header\">\r\n<h2 class=\"mb-0\" style=\"color: #000;\"><button class=\"btn btn-link collapsed\" type=\"button\" data-toggle=\"collapse\" data-target=\"#collapseOne\">Beispiel<\/button><\/h2>\r\n<\/div>\r\n<div id=\"collapseOne\" class=\"collapse\" aria-labelledby=\"headingOne\" data-parent=\"#accordionExample\">\r\n<div class=\"card-body\"><div><b>zerkratzt:<\/b><\/div><br \/>\r\n<div class=\"form-inline\"><div class=\"row\"><div><label for=\"sel1\"><span class=\"number\">\u24ff<\/span>Marked or scored with a pointed obect: <\/div>&nbsp;&nbsp;<div><select id=\"beispiel\" class=\"form-control\">\r\n<option value=\"wrong\">don&#8217;t did<\/option>\r\n<option value=\"correct\">scratched<\/option>\r\n<option value=\"wrong\">doesn&#8217;t did<\/option>\r\n<\/select><\/label> .<\/div><\/div><\/div><br \/>\r\n\r\nDie richtige L\u00f6sung ist: <b>&#8222;scratched&#8220;<\/b>&nbsp;&nbsp;<button class=\"btn-lg btn-info\" type=\"button\" value=\"submit\" data-toggle=\"modal\" data-target=\"#myModal\">Tipp<\/button>\r\n\r\n\r\n<\/div>\r\n<\/div>\r\n<\/div>\r\n<\/div>\r\n<br \/><br \/>\r\n<div class=\"container well\">\r\n<h4>\u2611\ufe0f W\u00e4hle die richtige Option, mit der richtigen Materialbeschaffenheit, Oberfl\u00e4chenstruktur. Erg\u00e4nze den Satz auf Englisch sinnvoll:<\/h4>\r\n\r\n<hr>\r\n\r\n<br \/>\r\n<div class=\"container-fluid\">\r\n<div><b>glatt:<\/b><\/div><br \/>\r\n<div class=\"form-inline\"><div class=\"row\"><div><label for=\"sel1\"><span class=\"number\">\u2776<\/span>Having an even and regular surface:<\/div>&nbsp;&nbsp; <div> <select id=\"q0\" class=\"form-control\">\r\n<option value=\"wrong\"><\/option>\r\n<option value=\"wrong\"> flat <\/option>\r\n<option value=\"correct\"> smooth <\/option>\r\n<option value=\"wrong\"> smitten <\/option>\r\n<\/select><\/label> . <\/div><\/div><\/div><br \/>\r\n<p id=\"correct0\" align=\"left\"><\/p>\r\n<a class=\"btn btn-success tipp0 hidden\" style=\"text-decoration: none, color:white;\" title=\"Having an even and regular surface: smooth.\" href=\"#0\" data-toggle=\"popover\"  data-placement=\"top\" data-trigger=\"hover\" data-content=\" 'glatt' \u2794  'smooth'.\">Tipp<\/a>\r\n\r\n\r\n<div><b>rau:<\/b><\/div><br \/>\r\n<div class=\"form-inline\"><div class=\"row\"><div><label for=\"sel1\"><span class=\"number\">\u2777<\/span>Rough in texture: <\/div>&nbsp;&nbsp; <div><select id=\"q1\" class=\"form-control\">\r\n<option value=\"wrong\"><\/option>\r\n<option value=\"wrong\"> racous <\/option>\r\n<option value=\"wrong\"> raw <\/option>\r\n<option value=\"correct\"> coarse <\/option>\r\n<\/select> .<\/label><\/div><\/div><\/div><br \/>\r\n\r\n<p id=\"correct1\" align=\"left\"><\/p>\r\n<a class=\"btn btn-success tipp1 hidden\" style=\"text-decoration: none, color:white;\" title=\"Having an uneven and irregular surface: coarse.\" href=\"#1\" data-toggle=\"popover\" data-placement=\"top\" data-trigger=\"hover\" data-content=\"'rau' \u2794  'coarse'.\">Tipp<\/a>\r\n\r\n<div><b>wellig:<\/b><\/div><br \/>\r\n<div class=\"form-inline\"><div class=\"row\"><div><label for=\"sel1\"><span class=\"number\">\u2778<\/span>Shaped into a series of parallel ridges and grooves: <\/div> &nbsp;&nbsp; <div><select id=\"q2\" class=\"form-control\">\r\n<option value=\"wrong\"><\/option>\r\n<option value=\"wrong\"> whale <\/option>\r\n<option value=\"correct\"> corrugated <\/option>\r\n<option value=\"wrong\"> wavy <\/option>\r\n<\/select> .<\/label><\/div><\/div><\/div><br \/>\r\n\r\n<p id=\"correct2\" align=\"left\"><\/p>\r\n<a class=\"btn btn-success tipp2 hidden\" style=\"text-decoration: none, color:white;\" title=\"Shaped into a series of parallel ridges and grooves: corrugated.\" href=\"#2\" data-toggle=\"popover\" data-placement=\"top\" data-trigger=\"hover\" data-content=\"'wellig' \u2794  'corrugated'\">Tipp<\/a>\r\n\r\n<div><b>eben:<\/b><\/div><br \/>\r\n<div class=\"form-inline\"><div class=\"row\"><div><label for=\"sel1\"><span class=\"number\">\u2779<\/span>Flat and smooth in texture:<\/div>&nbsp;&nbsp;<div><select id=\"q3\" class=\"form-control\">\r\n<option value=\"wrong\"><\/option>\r\n<option value=\"wrong\"> straight<\/option>\r\n<option value=\"wrong\"> ebbing <\/option>\r\n<option value=\"correct\"> even <\/option>\r\n<\/select><\/label>  .<\/div><\/div><\/div><br \/>\r\n\r\n<p id=\"correct3\" align=\"left\"><\/p>\r\n<a class=\"btn btn-success tipp3 hidden\" style=\"text-decoration: none, color:white;\" title=\"Flat and smooth in texture: even.\" href=\"#3\" data-toggle=\"popover\" data-placement=\"top\" data-trigger=\"hover\" data-content=\"'eben' \u2794  'even'.\">Tipp<\/a>\r\n\r\n<div><b>gerade:<\/b><\/div><br \/>\r\n<div class=\"form-inline\"><div class=\"row\"><div><label for=\"sel1\"><span class=\"number\">\u277a<\/span>Without bend, angle or curve: <\/div>&nbsp;&nbsp; <div><select id=\"q4\" class=\"form-control\">\r\n<option value=\"wrong\"><\/option>\r\n<option value=\"wrong\"> gritty <\/option>\r\n<option value=\"correct\"> straight <\/option>\r\n<option value=\"wrong\"> grand <\/option>\r\n<\/select><\/label> .<\/div><\/div><\/div><br \/>\r\n\r\n<p id=\"correct4\" align=\"left\"><\/p>\r\n<a class=\"btn btn-success tipp4 hidden\" style=\"text-decoration: none, color:white;\" title=\"Without bend, angle or curve: straight.\" href=\"#4\" data-toggle=\"popover\" data-placement=\"top\" data-trigger=\"hover\" data-content=\"'even' \u2794  'straight'.\">Tipp<\/a>\r\n\r\n<div><b>gekr\u00fcmmt:<\/b><\/div><br \/>\r\n<div class=\"form-inline\"><div class=\"row\"><div><label for=\"sel1\"><span class=\"number\">\u277b<\/span>Not forming a straight line, or having many bends: <\/div>&nbsp;&nbsp; <div><select id=\"q5\" class=\"form-control\">\r\n<option value=\"wrong\"><\/option>\r\n<option value=\"wrong\"> cracked <\/option>\r\n<option value=\"wrong\"> crummy <\/option>\r\n<option value=\"correct\"> crooked <\/option>\r\n<\/select> .<\/label><\/div><\/div><\/div><br \/>\r\n<p id=\"correct5\" align=\"left\"><\/p>\r\n<a class=\"btn btn-success tipp5 hidden\" style=\"text-decoration: none, color:white;\" title=\"Not forming a straight line, or having many bends: crooked.\" href=\"#5\" data-toggle=\"popover\" data-placement=\"top\" data-trigger=\"hover\" data-content=\"'krumm' \u2794  'crooked'.\">Tipp<\/a>\r\n\r\n<div><b>k\u00f6rnig:<\/b><\/div><br \/>\r\n<div class=\"form-inline\"><div class=\"row\"><div><label for=\"sel1\"><span class=\"number\">\u277c<\/span>Having a grainy surface: <\/div>&nbsp;&nbsp; <div><select id=\"q6\" class=\"form-control\">\r\n<option value=\"wrong\"><\/option>\r\n<option value=\"correct\"> gritty <\/option>\r\n<option value=\"wrong\"> grumble <\/option>\r\n<option value=\"wrong\"> grunty  <\/option>\r\n<\/select> .<\/label><\/div><\/div><\/div><br \/>\r\n<p id=\"correct6\" align=\"left\"><\/p>\r\n<a class=\"btn btn-success tipp6 hidden\" style=\"text-decoration: none, color:white;\" title=\"Having a grainy surface: gritty.\" href=\"#6\" data-toggle=\"popover\" data-placement=\"top\" data-trigger=\"hover\" data-content=\"'Gusseisen' \u2794  'cast iron'.\">Tipp<\/a>\r\n\r\n<div><b>massiv:<\/b><\/div><br \/>\r\n<div class=\"form-inline\"><div class=\"row\"><div><label for=\"sel1\"><span class=\"number\">\u277d<\/span>Material of utmost pure substance:  <\/div>&nbsp;&nbsp; <div><select id=\"q7\" class=\"form-control\">\r\n<option value=\"wrong\"><\/option>\r\n<option value=\"wrong\"> masochistic <\/option>\r\n<option value=\"wrong\"> massive <\/option>\r\n<option value=\"correct\"> solid <\/option>\r\n<\/select> .<\/label><\/div><\/div><\/div><br \/>\r\n<p id=\"correct7\" align=\"left\"><\/p>\r\n<a class=\"btn btn-success tipp7 hidden\" style=\"text-decoration: none, color:white;\" title=\"Material of utmost pure substance: massive.\" href=\"#7\" data-toggle=\"popover\" data-placement=\"top\" data-trigger=\"hover\" data-content=\"'massiv' \u2794  'solid'. 'Massive' bedeutet im Englischen 'immens, rie\u00dfengro\u00df, sehr zahlreich'.\">Tipp<\/a>\r\n\r\n<div><b>hohl:<\/b><\/div><br \/>\r\n<div class=\"form-inline\"><div class=\"row\"><div><label for=\"sel1\"><span class=\"number\">\u277e<\/span>Having a hole or empty space inside: <\/div>&nbsp;&nbsp; <div><select id=\"q8\" class=\"form-control\">\r\n<option value=\"wrong\"><\/option>\r\n<option value=\"correct\"> hollow <\/option>\r\n<option value=\"wrong\"> hole <\/option>\r\n<option value=\"wrong\"> whole <\/option>\r\n<\/select> .<\/label><\/div><\/div><\/div><br \/>\r\n<p id=\"correct8\" align=\"left\"><\/p>\r\n<a class=\"btn btn-success tipp8 hidden\" style=\"text-decoration: none, color:white;\" title=\"Having a hole or empty space inside: hollow.\" href=\"#8\" data-toggle=\"popover\" data-placement=\"top\" data-trigger=\"hover\" data-content=\"'hohl' \u2794  'hollow'.\">Tipp<\/a>\r\n\r\n<div><b>zerbeult:<\/b><\/div><br \/>\r\n<div class=\"form-inline\"><div class=\"row\"><div><label for=\"sel1\"><span class=\"number\">\u277f<\/span>With small hollow marks: <\/div>&nbsp;&nbsp; <div><select id=\"q9\" class=\"form-control\">\r\n<option value=\"wrong\"><\/option>\r\n<option value=\"wrong\"> browed <\/option>\r\n<option value=\"wrong\"> bowled <\/option>\r\n<option value=\"correct\"> dented <\/option>\r\n<\/select> . <\/label><\/div><\/div><\/div><br \/>\r\n<p id=\"correct9\" align=\"left\"><\/p>\r\n<a class=\"btn btn-success tipp9 hidden\" style=\"text-decoration: none, color:white;\" title=\"With small hollow marks: dented.\" href=\"#9\" data-toggle=\"popover\" data-placement=\"top\" data-trigger=\"hover\" data-content=\"'zerbeult' \u2794 'dented'.\">Tipp<\/a>\r\n\r\n\r\n<\/div>\r\n<div class=\"container\">\r\n\r\n<!-- The Modal -->\r\n<div id=\"myModal\" class=\"modal\">\r\n<div class=\"modal-dialog\">\r\n<div class=\"modal-content\">\r\n\r\n<!-- Modal Header -->\r\n<div class=\"modal-header\">\r\n<h4 class=\"modal-title\">Vokabular &#8211; Oberfl\u00e4chenstruktur &#8211; Englisch<\/h4>\r\n<button class=\"close\" type=\"button\" data-dismiss=\"modal\">\u00d7<\/button>\r\n\r\n<\/div>\r\n<!-- Modal body -->\r\n<div class=\"modal-body\"><table class=\"table table-bordered table-sm table-hover\">\r\n<thead>\r\n<tr class=\"table-danger\">\r\n<th colspan=\"2\">Verben &#8211; Oberfl\u00e4chenstruktur &#8211; Englisch\/Deutsch<\/th>\r\n<\/tr>\r\n<\/thead>\r\n<tbody>\r\n\r\n<tr class=\"table-primary\">\r\n<td><b>Deutsch<\/b><\/td>\r\n<td><b>Englisch<\/b><\/td>\r\n\r\n<tr class=\"table-info\">\r\n<td><b><i class=\"text-danger\">glatt<\/i><\/b><\/td>\r\n<td><b><i class=\"text-danger\">smooth<\/i><\/b><\/td>\r\n\r\n<\/tr>\r\n<tr class=\"table-info\">\r\n<td><b><i class=\"text-danger\">rau <\/i> <\/b><\/td>\r\n<td><b><i class=\"text-danger\">coarse<\/i><\/b><\/td>\r\n<\/tr>\r\n<tr class=\"table-info\">\r\n<td><b><i class=\"text-danger\">wellig<\/i><\/b><\/td>\r\n<td><b><i class=\"text-danger\">corrugated<\/i><\/b><\/td>\r\n<\/tr>\r\n<tr class=\"table-info\">\r\n<td><b><i class=\"text-danger\">eben<\/i><\/b><\/td>\r\n<td><b><i class=\"text-danger\">even<\/i><\/b><\/td>\r\n<\/tr>\r\n<tr class=\"table-info\">\r\n<td><b><i class=\"text-danger\">gerade<\/i><\/b><\/td>\r\n<td><b><i class=\"text-danger\">straight<\/i><\/b><\/td>\r\n<\/tr>\r\n<tr class=\"table-info\">\r\n<td><b><i class=\"text-danger\">krumm<\/i><\/b><\/td>\r\n<td><b><i class=\"text-danger\">crooked<\/i><\/b><\/td>\r\n<\/tr>\r\n<tr class=\"table-info\">\r\n<td><b><i class=\"text-danger\">k\u00f6rnig<\/i><\/b><\/td>\r\n<td><b><i class=\"text-danger\">gritty<\/i><\/b><\/td>\r\n<\/tr>\r\n<tr class=\"table-info\">\r\n<td><b><i class=\"text-danger\">massiv<\/i><\/b><\/td>\r\n<td><b><i class=\"text-danger\">solid<\/i><\/b><\/td>\r\n<\/tr>\r\n<tr class=\"table-info\">\r\n<td><b><i class=\"text-danger\">hohl<\/i><\/b><\/td>\r\n<td><b><i class=\"text-danger\">hollow<\/i><\/b><\/td>\r\n<\/tr>\r\n<tr class=\"table-info\">\r\n<td><b><i class=\"text-danger\">zerbeult<\/i><\/b><\/td>\r\n<td><b><i class=\"text-danger\">dented<\/i><\/b><\/td>\r\n<\/tr>\r\n<\/tbody>\r\n<\/table><\/div>\r\n<!-- Modal footer -->\r\n<div class=\"modal-footer\"><button class=\"btn btn-danger\" type=\"button\" data-dismiss=\"modal\">Close<\/button><\/div>\r\n<\/div>\r\n<\/div>\r\n<\/div>\r\n<\/div>\r\n<\/div>\r\n\r\n\r\n<hr>\r\n<button id=\"submitButton\" class=\"btn-lg btn-primary \" type=\"submit\" value=\"submit\">Pr\u00fcfen<\/button><button id=\"resetButton\" class=\"btn-lg btn-success\" type=\"submit\" onclick=\"refreshPage()\">Neustart<\/button><button id=\"submitButton\" class=\"btn-lg btn-info\" type=\"submit\" value=\"submit\" data-toggle=\"modal\" data-target=\"#myModal\">Tipp<\/button>\r\n\r\n<p id=\"result\"><\/p>\r\n<p id=\"result2\"><\/p>\r\n<hr>\r\n\r\n<h3>Alle \u00dcbungen Vokabular &#8211; Werkstoffe &#8211; Oberfl\u00e4chenstruktur Englisch\/Deutsch:<\/h3>\r\n\r\n<hr>\r\n\r\n<div id=\"bellows-main-85\" class=\"bellows bellows-nojs bellows-main bellows-source-menu bellows-align-full bellows-skin-vanilla bellows-type-\"><ul id=\"menu-werkstoffe\" class=\"bellows-nav\" data-bellows-config=\"main\"><li id=\"menu-item-11307\" class=\"bellows-menu-item bellows-menu-item-type-post_type bellows-menu-item-object-page bellows-menu-item-11307 bellows-item-level-0\"><a  href=\"https:\/\/english-munich.de\/training\/verbindungselemente-englisch\/\" class=\"bellows-target\"><span class=\"bellows-target-title bellows-target-text\">\u2611\ufe0fVerbindungselemente<\/span><\/a><\/li>\n<li id=\"menu-item-11318\" class=\"bellows-menu-item bellows-menu-item-type-post_type bellows-menu-item-object-page bellows-menu-item-11318 bellows-item-level-0\"><a  href=\"https:\/\/english-munich.de\/training\/werkstoffe-englisch\/\" class=\"bellows-target\"><span class=\"bellows-target-title bellows-target-text\">\u2611\ufe0fWerkstoffe<\/span><\/a><\/li>\n<li id=\"menu-item-11358\" class=\"bellows-menu-item bellows-menu-item-type-post_type bellows-menu-item-object-page bellows-menu-item-11358 bellows-item-level-0\"><a  href=\"https:\/\/english-munich.de\/training\/werkstoffe-oberflaechenstruktur-materialbeschaffenheit-englisch\/\" class=\"bellows-target\"><span class=\"bellows-target-title bellows-target-text\">\u2611\ufe0fOberfl\u00e4chenstruktur Materialbeschaffenheit<\/span><\/a><\/li>\n<li id=\"menu-item-11331\" class=\"bellows-menu-item bellows-menu-item-type-post_type bellows-menu-item-object-page bellows-menu-item-11331 bellows-item-level-0\"><a  href=\"https:\/\/english-munich.de\/training\/englisch-fuer-ingenieure\/\" class=\"bellows-target\"><span class=\"bellows-target-title bellows-target-text\">\u2611\ufe0fVerben Materialverarbeitung<\/span><\/a><\/li>\n<li id=\"menu-item-11440\" class=\"bellows-menu-item bellows-menu-item-type-post_type bellows-menu-item-object-page bellows-menu-item-11440 bellows-item-level-0\"><a  href=\"https:\/\/english-munich.de\/training\/verben-mechanik\/\" class=\"bellows-target\"><span class=\"bellows-target-title bellows-target-text\">\u2611\ufe0fVerben Mechanik<\/span><\/a><\/li>\n<li id=\"menu-item-11441\" class=\"bellows-menu-item bellows-menu-item-type-post_type bellows-menu-item-object-page bellows-menu-item-11441 bellows-item-level-0\"><a  href=\"https:\/\/english-munich.de\/training\/physikalische-phaenomene-englisch\/\" class=\"bellows-target\"><span class=\"bellows-target-title bellows-target-text\">\u2611\ufe0fphysikalische Ph\u00e4nomene<\/span><\/a><\/li>\n<li id=\"menu-item-11564\" class=\"bellows-menu-item bellows-menu-item-type-post_type bellows-menu-item-object-page bellows-menu-item-11564 bellows-item-level-0\"><a  href=\"https:\/\/english-munich.de\/training\/vokabular-materialverschleiss-englisch\/\" class=\"bellows-target\"><span class=\"bellows-target-title bellows-target-text\">\u2611\ufe0fVokabular Materialverschlei\u00df<\/span><\/a><\/li>\n<li id=\"menu-item-11661\" class=\"bellows-menu-item bellows-menu-item-type-post_type bellows-menu-item-object-page bellows-menu-item-11661 bellows-item-level-0\"><a  href=\"https:\/\/english-munich.de\/training\/vokabular-materialeigenschaften\/\" class=\"bellows-target\"><span class=\"bellows-target-title bellows-target-text\">\u2611\ufe0fVokabular Materialeigenschaften<\/span><\/a><\/li>\n<li id=\"menu-item-11414\" class=\"bellows-menu-item bellows-menu-item-type-post_type bellows-menu-item-object-page bellows-menu-item-11414 bellows-item-level-0\"><a  href=\"https:\/\/english-munich.de\/training\/kreuzwortraetsel-materialbearbeitung\/\" class=\"bellows-target\"><span class=\"bellows-target-title bellows-target-text\">\ud83d\udd33Kreuzwortr\u00e4tsel Materialbearbeitung<\/span><\/a><\/li>\n<li id=\"menu-item-11415\" class=\"bellows-menu-item bellows-menu-item-type-post_type bellows-menu-item-object-page bellows-menu-item-11415 bellows-item-level-0\"><a  href=\"https:\/\/english-munich.de\/training\/kreuzwortraetsel-verbindungselemente\/\" class=\"bellows-target\"><span class=\"bellows-target-title bellows-target-text\">\ud83d\udd33Kreuzwortr\u00e4tsel Verbindungselemente<\/span><\/a><\/li>\n<li id=\"menu-item-11416\" class=\"bellows-menu-item bellows-menu-item-type-post_type bellows-menu-item-object-page bellows-menu-item-11416 bellows-item-level-0\"><a  href=\"https:\/\/english-munich.de\/training\/kreuzwortraetsel-werkstoffe\/\" class=\"bellows-target\"><span class=\"bellows-target-title bellows-target-text\">\ud83d\udd33Kreuzwortr\u00e4tsel Werkstoffe<\/span><\/a><\/li>\n<li id=\"menu-item-11573\" class=\"bellows-menu-item bellows-menu-item-type-post_type bellows-menu-item-object-page bellows-menu-item-11573 bellows-item-level-0\"><a  href=\"https:\/\/english-munich.de\/training\/kreuzwortraetsel-vokabular-materialverschleiss\/\" class=\"bellows-target\"><span class=\"bellows-target-title bellows-target-text\">\ud83d\udd33Kreuzwortr\u00e4tsel Materialverschlei\u00df<\/span><\/a><\/li>\n<li id=\"menu-item-11574\" class=\"bellows-menu-item bellows-menu-item-type-post_type bellows-menu-item-object-page bellows-menu-item-11574 bellows-item-level-0\"><a  href=\"https:\/\/english-munich.de\/training\/kreuzwortraetsel-vokabular-physik\/\" class=\"bellows-target\"><span class=\"bellows-target-title bellows-target-text\">\ud83d\udd33Kreuzwortr\u00e4tsel Physik<\/span><\/a><\/li>\n<li id=\"menu-item-11669\" class=\"bellows-menu-item bellows-menu-item-type-post_type bellows-menu-item-object-page bellows-menu-item-11669 bellows-item-level-0\"><a  href=\"https:\/\/english-munich.de\/training\/matching-game-vokabular-materialeigenschaften\/\" class=\"bellows-target\"><span class=\"bellows-target-title bellows-target-text\">\ud83e\udde6matching game \u2013 Vokabular Materialeigenschaften<\/span><\/a><\/li>\n<\/ul><\/div>\r\n\r\n<\/div>\r\n","protected":false},"excerpt":{"rendered":"Vokabular &#8211; Oberlf\u00e4chenstruktur &#8211; Englisch &#8211; Aufgaben \u00dcbungen &#8211; Vokabular &#8211; Oberfl\u00e4chenstruktur Beispiel zerkratzt: \u24ffMarked or scored with a pointed obect: &nbsp;&nbsp; don&#8217;t did scratched doesn&#8217;t did . Die richtige L\u00f6sung ist: &#8222;scratched&#8220;&nbsp;&nbsp;Tipp \u2611\ufe0f W\u00e4hle die richtige Option, mit der richtigen Materialbeschaffenheit, Oberfl\u00e4chenstruktur. Erg\u00e4nze den Satz auf Englisch sinnvoll: glatt: \u2776Having an even and regular [&hellip;]","protected":false},"author":3,"featured_media":0,"parent":0,"menu_order":0,"comment_status":"closed","ping_status":"closed","template":"","meta":[],"_links":{"self":[{"href":"https:\/\/english-munich.de\/training\/wp-json\/wp\/v2\/pages\/11351"}],"collection":[{"href":"https:\/\/english-munich.de\/training\/wp-json\/wp\/v2\/pages"}],"about":[{"href":"https:\/\/english-munich.de\/training\/wp-json\/wp\/v2\/types\/page"}],"author":[{"embeddable":true,"href":"https:\/\/english-munich.de\/training\/wp-json\/wp\/v2\/users\/3"}],"replies":[{"embeddable":true,"href":"https:\/\/english-munich.de\/training\/wp-json\/wp\/v2\/comments?post=11351"}],"version-history":[{"count":5,"href":"https:\/\/english-munich.de\/training\/wp-json\/wp\/v2\/pages\/11351\/revisions"}],"predecessor-version":[{"id":11703,"href":"https:\/\/english-munich.de\/training\/wp-json\/wp\/v2\/pages\/11351\/revisions\/11703"}],"wp:attachment":[{"href":"https:\/\/english-munich.de\/training\/wp-json\/wp\/v2\/media?parent=11351"}],"curies":[{"name":"wp","href":"https:\/\/api.w.org\/{rel}","templated":true}]}}