{"id":11327,"date":"2022-03-31T07:30:04","date_gmt":"2022-03-31T07:30:04","guid":{"rendered":"https:\/\/english-munich.de\/training\/?page_id=11327"},"modified":"2022-03-31T07:35:37","modified_gmt":"2022-03-31T07:35:37","slug":"englisch-fuer-ingenieure","status":"publish","type":"page","link":"https:\/\/english-munich.de\/training\/englisch-fuer-ingenieure\/","title":{"rendered":"Englisch f\u00fcr Ingenieure"},"content":{"rendered":"<div class=\"jumbotron text-center\">\r\n<h2>Englisch Englisch f\u00fcr Ingenieure- Aufgaben<\/h2>\r\n\u00dcbungen &#8211; Vokabular &#8211; Englisch f\u00fcr <a href=\"https:\/\/de.wikipedia.org\/wiki\/Ingenieur\">Ingenieure<\/a>\r\n\r\n<\/div>\r\n<div class=\"bs-example\">\r\n<div id=\"accordionExample\" class=\"accordion\">\r\n<div class=\"card\">\r\n<div id=\"headingOne\" class=\"card-header\">\r\n<h2 class=\"mb-0\" style=\"color: #000;\"><button class=\"btn btn-link collapsed\" type=\"button\" data-toggle=\"collapse\" data-target=\"#collapseOne\">Beispiel<\/button><\/h2>\r\n<\/div>\r\n<div id=\"collapseOne\" class=\"collapse\" aria-labelledby=\"headingOne\" data-parent=\"#accordionExample\">\r\n<div class=\"card-body\"><div><b>wetzen:<\/b><\/div><br \/>\r\n<div class=\"form-inline\"><div class=\"row\"><div><label for=\"sel1\"><span class=\"number\">\u24ff<\/span>The way to sharpen a knife is to <\/div>&nbsp;&nbsp;<div><select id=\"beispiel\" class=\"form-control\">\r\n<option value=\"wrong\">don&#8217;t did<\/option>\r\n<option value=\"correct\">whet<\/option>\r\n<option value=\"wrong\">doesn&#8217;t did<\/option>\r\n<\/select><\/label> it.<\/div><\/div><\/div><br \/>\r\n\r\nDie richtige L\u00f6sung ist: <b>&#8222;whet&#8220;<\/b>&nbsp;&nbsp;<button class=\"btn-lg btn-info\" type=\"button\" value=\"submit\" data-toggle=\"modal\" data-target=\"#myModal\">Tipp<\/button>\r\n\r\n\r\n<\/div>\r\n<\/div>\r\n<\/div>\r\n<\/div>\r\n<br \/><br \/>\r\n<div class=\"container well\">\r\n<h4>\u2611\ufe0f W\u00e4hle die richtige Option, mit dem richtigen Verb f\u00fcr Materialverarbeitung. Erg\u00e4nze den Satz auf Englisch sinnvoll:<\/h4>\r\n\r\n<hr>\r\n\r\n<br \/>\r\n<div class=\"container-fluid\">\r\n<div><b>umfalzen:<\/b><\/div><br \/>\r\n<div class=\"form-inline\"><div class=\"row\"><div><label for=\"sel1\"><span class=\"number\">\u2776<\/span>To compress something into small folds or ridges: <\/div>&nbsp;&nbsp; <div> <select id=\"q0\" class=\"form-control\">\r\n<option value=\"wrong\"><\/option>\r\n<option value=\"wrong\"> cramp <\/option>\r\n<option value=\"correct\"> crimp <\/option>\r\n<option value=\"wrong\"> crate <\/option>\r\n<\/select><\/label> . <\/div><\/div><\/div><br \/>\r\n<p id=\"correct0\" align=\"left\"><\/p>\r\n<a class=\"btn btn-success tipp0 hidden\" style=\"text-decoration: none, color:white;\" title=\"To compress something into small folds or ridges: to crimp.\" href=\"#0\" data-toggle=\"popover\"  data-placement=\"top\" data-trigger=\"hover\" data-content=\" 'umfalzen' \u2794  'crimp'.\">Tipp<\/a>\r\n\r\n\r\n<div><b>dehnen:<\/b><\/div><br \/>\r\n<div class=\"form-inline\"><div class=\"row\"><div><label for=\"sel1\"><span class=\"number\">\u2777<\/span><\/div> &nbsp;&nbsp; <div>Making something larger in size by stretching: <select id=\"q1\" class=\"form-control\">\r\n<option value=\"wrong\"><\/option>\r\n<option value=\"wrong\"> extort <\/option>\r\n<option value=\"wrong\"> exploit <\/option>\r\n<option value=\"correct\"> expand <\/option>\r\n<\/select>.<\/label><\/div><\/div><\/div><br \/>\r\n\r\n<p id=\"correct1\" align=\"left\"><\/p>\r\n<a class=\"btn btn-success tipp1 hidden\" style=\"text-decoration: none, color:white;\" title=\"Making something larger in size by stretching: expand.\" href=\"#1\" data-toggle=\"popover\" data-placement=\"top\" data-trigger=\"hover\" data-content=\"'dehnen' \u2794  'expand'.\">Tipp<\/a>\r\n\r\n<div><b>strahlen:<\/b><\/div><br \/>\r\n<div class=\"form-inline\"><div class=\"row\"><div><label for=\"sel1\"><span class=\"number\">\u2778<\/span> \r\n<\/div> &nbsp;&nbsp; <div>To remove material off a surface by using a compressed airstream: <select id=\"q2\" class=\"form-control\">\r\n<option value=\"wrong\"><\/option>\r\n<option value=\"wrong\"> stream <\/option>\r\n<option value=\"correct\"> blast <\/option>\r\n<option value=\"wrong\"> slipstream <\/option>\r\n<\/select> .<\/label><\/div><\/div><\/div><br \/>\r\n\r\n<p id=\"correct2\" align=\"left\"><\/p>\r\n<a class=\"btn btn-success tipp2 hidden\" style=\"text-decoration: none, color:white;\" title=\"To remove material off a surface by using a compressed airstream: blast.\" href=\"#2\" data-toggle=\"popover\" data-placement=\"top\" data-trigger=\"hover\" data-content=\"'strahlen' \u2794  'blast'\">Tipp<\/a>\r\n\r\n<div><b>st\u00e4hlen:<\/b><\/div><br \/>\r\n<div class=\"form-inline\"><div class=\"row\"><div><label for=\"sel1\"><span class=\"number\">\u2779<\/span>Cooling iron ore slowly in a furnace: <\/div>&nbsp;&nbsp;<div><select id=\"q3\" class=\"form-control\">\r\n<option value=\"wrong\"><\/option>\r\n<option value=\"wrong\"> anticipate <\/option>\r\n<option value=\"wrong\"> annex <\/option>\r\n<option value=\"correct\"> anneal <\/option>\r\n<\/select><\/label> .<\/div><\/div><\/div><br \/>\r\n\r\n<p id=\"correct3\" align=\"left\"><\/p>\r\n<a class=\"btn btn-success tipp3 hidden\" style=\"text-decoration: none, color:white;\" title=\"Cooling iron ore slowly in a furnace: anneal.\" href=\"#3\" data-toggle=\"popover\" data-placement=\"top\" data-trigger=\"hover\" data-content=\"'st\u00e4hlen' \u2794  'anneal'.\">Tipp<\/a>\r\n\r\n<div><b>eloxieren:<\/b><\/div><br \/>\r\n<div class=\"form-inline\"><div class=\"row\"><div><label for=\"sel1\"><span class=\"number\">\u277a<\/span>Subjecting a metal to electrolytic process to coat with a protective or decorative film: <\/div>&nbsp;&nbsp; <div><select id=\"q4\" class=\"form-control\">\r\n<option value=\"wrong\"><\/option>\r\n<option value=\"wrong\"> antagonize <\/option>\r\n<option value=\"correct\"> anodize <\/option>\r\n<option value=\"wrong\"> analyze <\/option>\r\n<\/select><\/label> .<\/div><\/div><\/div><br \/>\r\n\r\n<p id=\"correct4\" align=\"left\"><\/p>\r\n<a class=\"btn btn-success tipp4 hidden\" style=\"text-decoration: none, color:white;\" title=\"Subjecting a metal to electrolytic process to coat with a protective or decorative film: anodize.\" href=\"#4\" data-toggle=\"popover\" data-placement=\"top\" data-trigger=\"hover\" data-content=\"'eloxieren' \u2794  'anodize'.\">Tipp<\/a>\r\n\r\n<div><b>beschichten:<\/b><\/div><br \/>\r\n<div class=\"form-inline\"><div class=\"row\"><div><label for=\"sel1\"><span class=\"number\">\u277b<\/span>To cover with a protective or a decorative layer: <\/div>&nbsp;&nbsp; <div><select id=\"q5\" class=\"form-control\">\r\n<option value=\"wrong\"><\/option>\r\n<option value=\"wrong\"> crimp <\/option>\r\n<option value=\"wrong\"> cauterize <\/option>\r\n<option value=\"correct\"> coat <\/option>\r\n<\/select> .<\/label><\/div><\/div><\/div><br \/>\r\n<p id=\"correct5\" align=\"left\"><\/p>\r\n<a class=\"btn btn-success tipp5 hidden\" style=\"text-decoration: none, color:white;\" title=\"To cover with a protective or a decorative layer: \" href=\"#5\" data-toggle=\"popover\" data-placement=\"top\" data-trigger=\"hover\" data-content=\"'beschichten' \u2794  'coat'.\">Tipp<\/a>\r\n\r\n<div><b>schrumpfen:<\/b><\/div><br \/>\r\n<div class=\"form-inline\"><div class=\"row\"><div><label for=\"sel1\"><span class=\"number\">\u277c<\/span>Making something smaller in size: <\/div>&nbsp;&nbsp; <div><select id=\"q6\" class=\"form-control\">\r\n<option value=\"wrong\"><\/option>\r\n<option value=\"correct\"> shrink <\/option>\r\n<option value=\"wrong\"> shrimp <\/option>\r\n<option value=\"wrong\"> shrivel  <\/option>\r\n<\/select> .<\/label><\/div><\/div><\/div><br \/>\r\n<p id=\"correct6\" align=\"left\"><\/p>\r\n<a class=\"btn btn-success tipp6 hidden\" style=\"text-decoration: none, color:white;\" title=\"Making something smaller in size: shrink.\" href=\"#6\" data-toggle=\"popover\" data-placement=\"top\" data-trigger=\"hover\" data-content=\"'schrumpfen' \u2794  'shrink'.\">Tipp<\/a>\r\n\r\n<div><b>wickeln:<\/b><\/div><br \/>\r\n<div class=\"form-inline\"><div class=\"row\"><div><label for=\"sel1\"><span class=\"number\">\u277d<\/span> To enclose as if with a protective covering<\/div>&nbsp;&nbsp; <div><select id=\"q7\" class=\"form-control\">\r\n<option value=\"wrong\"><\/option>\r\n<option value=\"wrong\"> wrinkle <\/option>\r\n<option value=\"wrong\"> wiggle <\/option>\r\n<option value=\"correct\"> wrap <\/option>\r\n<\/select>.<\/label><\/div><\/div><\/div><br \/>\r\n<p id=\"correct7\" align=\"left\"><\/p>\r\n<a class=\"btn btn-success tipp7 hidden\" style=\"text-decoration: none, color:white;\" title=\" To enclose as if with a protective covering: wrap.\" href=\"#7\" data-toggle=\"popover\" data-placement=\"top\" data-trigger=\"hover\" data-content=\"'wickeln' \u2794  'wrap'.\">Tipp<\/a>\r\n\r\n<div><b>falten:<\/b><\/div><br \/>\r\n<div class=\"form-inline\"><div class=\"row\"><div><label for=\"sel1\"><span class=\"number\">\u277e<\/span>Shaping a material by doubling or pleating it: <\/div>&nbsp;&nbsp; <div><select id=\"q8\" class=\"form-control\">\r\n<option value=\"wrong\"><\/option>\r\n<option value=\"correct\"> fold <\/option>\r\n<option value=\"wrong\"> falter <\/option>\r\n<option value=\"wrong\"> file <\/option>\r\n<\/select> .<\/label><\/div><\/div><\/div><br \/>\r\n<p id=\"correct8\" align=\"left\"><\/p>\r\n<a class=\"btn btn-success tipp8 hidden\" style=\"text-decoration: none, color:white;\" title=\"Shaping a material by doubling or pleating it: fold.\" href=\"#8\" data-toggle=\"popover\" data-placement=\"top\" data-trigger=\"hover\" data-content=\"'fold' \u2794  'falten'.\">Tipp<\/a>\r\n\r\n<div><b>riffeln:<\/b><\/div><br \/>\r\n<div class=\"form-inline\"><div class=\"row\"><div><label for=\"sel1\"><span class=\"number\">\u277f<\/span>To shape a material into wrinkles or folds:  <\/div>&nbsp;&nbsp; <div><select id=\"q9\" class=\"form-control\">\r\n<option value=\"wrong\"><\/option>\r\n<option value=\"wrong\"> ramble <\/option>\r\n<option value=\"wrong\"> carve <\/option>\r\n<option value=\"correct\"> corrugate <\/option>\r\n<\/select> . <\/label><\/div><\/div><\/div><br \/>\r\n<p id=\"correct9\" align=\"left\"><\/p>\r\n<a class=\"btn btn-success tipp9 hidden\" style=\"text-decoration: none, color:white;\" title=\"To shape a material into wrinkles or folds:  \" href=\"#9\" data-toggle=\"popover\" data-placement=\"top\" data-trigger=\"hover\" data-content=\"'wellen' \u2794 'corrugate'.\">Tipp<\/a>\r\n\r\n\r\n<\/div>\r\n<div class=\"container\">\r\n\r\n<!-- The Modal -->\r\n<div id=\"myModal\" class=\"modal\">\r\n<div class=\"modal-dialog\">\r\n<div class=\"modal-content\">\r\n\r\n<!-- Modal Header -->\r\n<div class=\"modal-header\">\r\n<h4 class=\"modal-title\">Verben &#8211; Englisch f\u00fcr Ingenieure<\/h4>\r\n<button class=\"close\" type=\"button\" data-dismiss=\"modal\">\u00d7<\/button>\r\n\r\n<\/div>\r\n<!-- Modal body -->\r\n<div class=\"modal-body\"><table class=\"table table-bordered table-sm table-hover\">\r\nEnglisch f\u00fcr Ingenieure: Besonders f\u00fcr Ingenieure und Techniker bietet es sich Englisch verhandlungssicher zu beherrschen. Ein besonders wichtiger Teil ist das Beherrschen technischer Fachbegriffe auf Englisch. Denn gerade diese sind unverzichtbar, wenn man in seiner Kompetenz ernst genommen werden will. Deswegen sollte man hier unbedingt die Initiative ergreifen. In der nachstehenden Tabelle findest Du viele relevante Fachbegriffe f\u00fcr die Materialverarbeitung.\r\n<thead>\r\n<tr class=\"table-danger\">\r\n<th colspan=\"2\">Verben &#8211; Englisch f\u00fcr Ingenieure &#8211; Englisch\/Deutsch<\/th>\r\n<\/tr>\r\n<\/thead>\r\n<tbody>\r\n\r\n<tr class=\"table-primary\">\r\n<td><b>Deutsch<\/b><\/td>\r\n<td><b>Englisch<\/b><\/td>\r\n\r\n<tr class=\"table-info\">\r\n<td><b><i class=\"text-danger\">umfalzen<\/i><\/b><\/td>\r\n<td><b><i class=\"text-danger\">crimp<\/i><\/b><\/td>\r\n\r\n<\/tr>\r\n<tr class=\"table-info\">\r\n<td><b><i class=\"text-danger\">dehnen <\/i> <\/b><\/td>\r\n<td><b><i class=\"text-danger\">expand<\/i> <\/b><\/td>\r\n<\/tr>\r\n<tr class=\"table-info\">\r\n<td><b><i class=\"text-danger\">strahlen<\/i><\/b><\/td>\r\n<td><b><i class=\"text-danger\">blast<\/i><\/b><\/td>\r\n<\/tr>\r\n<tr class=\"table-info\">\r\n<td><b><i class=\"text-danger\">st\u00e4hlen<\/i><\/b><\/td>\r\n<td><b><i class=\"text-danger\">anneal<\/i><\/b><\/td>\r\n<\/tr>\r\n<tr class=\"table-info\">\r\n<td><b><i class=\"text-danger\">eloxieren<\/i><\/b><\/td>\r\n<td><b><i class=\"text-danger\">anodize<\/i><\/b><\/td>\r\n<\/tr>\r\n<tr class=\"table-info\">\r\n<td><b><i class=\"text-danger\">beschichten<\/i><\/b><\/td>\r\n<td><b><i class=\"text-danger\">coat<\/i><\/b><\/td>\r\n<\/tr>\r\n<tr class=\"table-info\">\r\n<td><b><i class=\"text-danger\">schrumpfen<\/i><\/b><\/td>\r\n<td><b><i class=\"text-danger\">shrink<\/i><\/b><\/td>\r\n<\/tr>\r\n<tr class=\"table-info\">\r\n<td><b><i class=\"text-danger\">wicklen<\/i><\/b><\/td>\r\n<td><b><i class=\"text-danger\">wrap<\/i><\/b><\/td>\r\n<\/tr>\r\n<tr class=\"table-info\">\r\n<td><b><i class=\"text-danger\">falten<\/i><\/b><\/td>\r\n<td><b><i class=\"text-danger\">fold<\/i><\/b><\/td>\r\n<\/tr>\r\n<tr class=\"table-info\">\r\n<td><b><i class=\"text-danger\">wellen<\/i><\/b><\/td>\r\n<td><b><i class=\"text-danger\">corrugate<\/i><\/b><\/td>\r\n<\/tr>\r\n<\/tbody>\r\n<\/table><\/div>\r\n<!-- Modal footer -->\r\n<div class=\"modal-footer\"><button class=\"btn btn-danger\" type=\"button\" data-dismiss=\"modal\">Close<\/button><\/div>\r\n<\/div>\r\n<\/div>\r\n<\/div>\r\n<\/div>\r\n<\/div>\r\n\r\n\r\n<hr>\r\n<button id=\"submitButton\" class=\"btn-lg btn-primary \" type=\"submit\" value=\"submit\">Pr\u00fcfen<\/button><button id=\"resetButton\" class=\"btn-lg btn-success\" type=\"submit\" onclick=\"refreshPage()\">Neustart<\/button><button id=\"submitButton\" class=\"btn-lg btn-info\" type=\"submit\" value=\"submit\" data-toggle=\"modal\" data-target=\"#myModal2\">Tipp<\/button>\r\n\r\n<p id=\"result\"><\/p>\r\n<p id=\"result2\"><\/p>\r\n<hr>\r\n\r\n<h3>Alle \u00dcbungen Vokabular &#8211; Werkstoffe &#8211; Englisch\/Deutsch:<\/h3>\r\n\r\n<hr>\r\n\r\n<div id=\"bellows-main-85\" class=\"bellows bellows-nojs bellows-main bellows-source-menu bellows-align-full bellows-skin-vanilla bellows-type-\"><ul id=\"menu-werkstoffe\" class=\"bellows-nav\" data-bellows-config=\"main\"><li id=\"menu-item-11307\" class=\"bellows-menu-item bellows-menu-item-type-post_type bellows-menu-item-object-page bellows-menu-item-11307 bellows-item-level-0\"><a  href=\"https:\/\/english-munich.de\/training\/verbindungselemente-englisch\/\" class=\"bellows-target\"><span class=\"bellows-target-title bellows-target-text\">\u2611\ufe0fVerbindungselemente<\/span><\/a><\/li>\n<li id=\"menu-item-11318\" class=\"bellows-menu-item bellows-menu-item-type-post_type bellows-menu-item-object-page bellows-menu-item-11318 bellows-item-level-0\"><a  href=\"https:\/\/english-munich.de\/training\/werkstoffe-englisch\/\" class=\"bellows-target\"><span class=\"bellows-target-title bellows-target-text\">\u2611\ufe0fWerkstoffe<\/span><\/a><\/li>\n<li id=\"menu-item-11358\" class=\"bellows-menu-item bellows-menu-item-type-post_type bellows-menu-item-object-page bellows-menu-item-11358 bellows-item-level-0\"><a  href=\"https:\/\/english-munich.de\/training\/werkstoffe-oberflaechenstruktur-materialbeschaffenheit-englisch\/\" class=\"bellows-target\"><span class=\"bellows-target-title bellows-target-text\">\u2611\ufe0fOberfl\u00e4chenstruktur Materialbeschaffenheit<\/span><\/a><\/li>\n<li id=\"menu-item-11331\" class=\"bellows-menu-item bellows-menu-item-type-post_type bellows-menu-item-object-page bellows-menu-item-11331 bellows-item-level-0\"><a  href=\"https:\/\/english-munich.de\/training\/englisch-fuer-ingenieure\/\" class=\"bellows-target\"><span class=\"bellows-target-title bellows-target-text\">\u2611\ufe0fVerben Materialverarbeitung<\/span><\/a><\/li>\n<li id=\"menu-item-11440\" class=\"bellows-menu-item bellows-menu-item-type-post_type bellows-menu-item-object-page bellows-menu-item-11440 bellows-item-level-0\"><a  href=\"https:\/\/english-munich.de\/training\/verben-mechanik\/\" class=\"bellows-target\"><span class=\"bellows-target-title bellows-target-text\">\u2611\ufe0fVerben Mechanik<\/span><\/a><\/li>\n<li id=\"menu-item-11441\" class=\"bellows-menu-item bellows-menu-item-type-post_type bellows-menu-item-object-page bellows-menu-item-11441 bellows-item-level-0\"><a  href=\"https:\/\/english-munich.de\/training\/physikalische-phaenomene-englisch\/\" class=\"bellows-target\"><span class=\"bellows-target-title bellows-target-text\">\u2611\ufe0fphysikalische Ph\u00e4nomene<\/span><\/a><\/li>\n<li id=\"menu-item-11564\" class=\"bellows-menu-item bellows-menu-item-type-post_type bellows-menu-item-object-page bellows-menu-item-11564 bellows-item-level-0\"><a  href=\"https:\/\/english-munich.de\/training\/vokabular-materialverschleiss-englisch\/\" class=\"bellows-target\"><span class=\"bellows-target-title bellows-target-text\">\u2611\ufe0fVokabular Materialverschlei\u00df<\/span><\/a><\/li>\n<li id=\"menu-item-11661\" class=\"bellows-menu-item bellows-menu-item-type-post_type bellows-menu-item-object-page bellows-menu-item-11661 bellows-item-level-0\"><a  href=\"https:\/\/english-munich.de\/training\/vokabular-materialeigenschaften\/\" class=\"bellows-target\"><span class=\"bellows-target-title bellows-target-text\">\u2611\ufe0fVokabular Materialeigenschaften<\/span><\/a><\/li>\n<li id=\"menu-item-11414\" class=\"bellows-menu-item bellows-menu-item-type-post_type bellows-menu-item-object-page bellows-menu-item-11414 bellows-item-level-0\"><a  href=\"https:\/\/english-munich.de\/training\/kreuzwortraetsel-materialbearbeitung\/\" class=\"bellows-target\"><span class=\"bellows-target-title bellows-target-text\">\ud83d\udd33Kreuzwortr\u00e4tsel Materialbearbeitung<\/span><\/a><\/li>\n<li id=\"menu-item-11415\" class=\"bellows-menu-item bellows-menu-item-type-post_type bellows-menu-item-object-page bellows-menu-item-11415 bellows-item-level-0\"><a  href=\"https:\/\/english-munich.de\/training\/kreuzwortraetsel-verbindungselemente\/\" class=\"bellows-target\"><span class=\"bellows-target-title bellows-target-text\">\ud83d\udd33Kreuzwortr\u00e4tsel Verbindungselemente<\/span><\/a><\/li>\n<li id=\"menu-item-11416\" class=\"bellows-menu-item bellows-menu-item-type-post_type bellows-menu-item-object-page bellows-menu-item-11416 bellows-item-level-0\"><a  href=\"https:\/\/english-munich.de\/training\/kreuzwortraetsel-werkstoffe\/\" class=\"bellows-target\"><span class=\"bellows-target-title bellows-target-text\">\ud83d\udd33Kreuzwortr\u00e4tsel Werkstoffe<\/span><\/a><\/li>\n<li id=\"menu-item-11573\" class=\"bellows-menu-item bellows-menu-item-type-post_type bellows-menu-item-object-page bellows-menu-item-11573 bellows-item-level-0\"><a  href=\"https:\/\/english-munich.de\/training\/kreuzwortraetsel-vokabular-materialverschleiss\/\" class=\"bellows-target\"><span class=\"bellows-target-title bellows-target-text\">\ud83d\udd33Kreuzwortr\u00e4tsel Materialverschlei\u00df<\/span><\/a><\/li>\n<li id=\"menu-item-11574\" class=\"bellows-menu-item bellows-menu-item-type-post_type bellows-menu-item-object-page bellows-menu-item-11574 bellows-item-level-0\"><a  href=\"https:\/\/english-munich.de\/training\/kreuzwortraetsel-vokabular-physik\/\" class=\"bellows-target\"><span class=\"bellows-target-title bellows-target-text\">\ud83d\udd33Kreuzwortr\u00e4tsel Physik<\/span><\/a><\/li>\n<li id=\"menu-item-11669\" class=\"bellows-menu-item bellows-menu-item-type-post_type bellows-menu-item-object-page bellows-menu-item-11669 bellows-item-level-0\"><a  href=\"https:\/\/english-munich.de\/training\/matching-game-vokabular-materialeigenschaften\/\" class=\"bellows-target\"><span class=\"bellows-target-title bellows-target-text\">\ud83e\udde6matching game \u2013 Vokabular Materialeigenschaften<\/span><\/a><\/li>\n<\/ul><\/div>\r\n\r\n<\/div>\r\n<!-- The Modal -->\r\n<div id=\"myModal2\" class=\"modal\">\r\n<div class=\"modal-dialog\">\r\n<div class=\"modal-content\">\r\n\r\n<!-- Modal Header -->\r\n<div class=\"modal-header\">\r\n<h4 class=\"modal-title\">Verben &#8211; Werkstoffe \/ Materialverarbeitung<\/h4>\r\n<button class=\"close\" type=\"button\" data-dismiss=\"modal\">\u00d7<\/button>\r\n\r\n<\/div>\r\n<!-- Modal body -->\r\n<div class=\"modal-body\"><img decoding=\"async\" src=\"https:\/\/english-munich.de\/training\/wp-content\/uploads\/2022\/03\/technisches-Englisch.jpg\" title=\"Englisch-f\u00fcr-Ingenieure\" alt=\"Englisch-f\u00fcr-Ingenieure\"><\/div>\r\n<!-- Modal footer -->\r\n<div class=\"modal-footer\"><button class=\"btn btn-danger\" type=\"button\" data-dismiss=\"modal\">Close<\/button><\/div>\r\n<\/div>\r\n<\/div>\r\n<\/div>\r\n","protected":false},"excerpt":{"rendered":"Englisch Englisch f\u00fcr Ingenieure- Aufgaben \u00dcbungen &#8211; Vokabular &#8211; Englisch f\u00fcr Ingenieure Beispiel wetzen: \u24ffThe way to sharpen a knife is to &nbsp;&nbsp; don&#8217;t did whet doesn&#8217;t did it. Die richtige L\u00f6sung ist: &#8222;whet&#8220;&nbsp;&nbsp;Tipp \u2611\ufe0f W\u00e4hle die richtige Option, mit dem richtigen Verb f\u00fcr Materialverarbeitung. Erg\u00e4nze den Satz auf Englisch sinnvoll: umfalzen: \u2776To compress something [&hellip;]","protected":false},"author":3,"featured_media":0,"parent":0,"menu_order":0,"comment_status":"closed","ping_status":"closed","template":"","meta":[],"_links":{"self":[{"href":"https:\/\/english-munich.de\/training\/wp-json\/wp\/v2\/pages\/11327"}],"collection":[{"href":"https:\/\/english-munich.de\/training\/wp-json\/wp\/v2\/pages"}],"about":[{"href":"https:\/\/english-munich.de\/training\/wp-json\/wp\/v2\/types\/page"}],"author":[{"embeddable":true,"href":"https:\/\/english-munich.de\/training\/wp-json\/wp\/v2\/users\/3"}],"replies":[{"embeddable":true,"href":"https:\/\/english-munich.de\/training\/wp-json\/wp\/v2\/comments?post=11327"}],"version-history":[{"count":5,"href":"https:\/\/english-munich.de\/training\/wp-json\/wp\/v2\/pages\/11327\/revisions"}],"predecessor-version":[{"id":11334,"href":"https:\/\/english-munich.de\/training\/wp-json\/wp\/v2\/pages\/11327\/revisions\/11334"}],"wp:attachment":[{"href":"https:\/\/english-munich.de\/training\/wp-json\/wp\/v2\/media?parent=11327"}],"curies":[{"name":"wp","href":"https:\/\/api.w.org\/{rel}","templated":true}]}}