{"id":11203,"date":"2022-03-24T08:40:34","date_gmt":"2022-03-24T08:40:34","guid":{"rendered":"https:\/\/english-munich.de\/training\/?page_id=11203"},"modified":"2022-03-24T08:40:34","modified_gmt":"2022-03-24T08:40:34","slug":"technische-berufe-englisch","status":"publish","type":"page","link":"https:\/\/english-munich.de\/training\/technische-berufe-englisch\/","title":{"rendered":"Technische Berufe Englisch"},"content":{"rendered":"<div class=\"jumbotron text-center\">\r\n<h2>Technische Berufe Englisch &#8211; Aufgaben<\/h2>\r\n  Vokabular <a href=\"https:\/\/de.pons.com\/p\/wissensecke\/wortschatz-to-go\/berufe-berufsbezeichnungen-englisch\">Berufe<\/a> technische Berufe Englisch &#8211; \u00dcbungen \r\n\r\n<\/div>\r\n<div class=\"bs-example\">\r\n<div id=\"accordionExample\" class=\"accordion\">\r\n<div class=\"card\">\r\n<div id=\"headingOne\" class=\"card-header\">\r\n<h2 class=\"mb-0\" style=\"color: #000;\"><button class=\"btn btn-link collapsed\" type=\"button\" data-toggle=\"collapse\" data-target=\"#collapseOne\">Beispiel<\/button><\/h2>\r\n<\/div>\r\n<div id=\"collapseOne\" class=\"collapse\" aria-labelledby=\"headingOne\" data-parent=\"#accordionExample\">\r\n<div class=\"card-body\"><div><b>Sozialarbeiter:<\/b><\/div><br \/>\r\n<div class=\"form-inline\"><div class=\"row\"><div><label for=\"sel1\"><span class=\"number\">\u24ff<\/span>A person taking care of people fallen on hard times: <\/div>&nbsp;&nbsp;<div><select id=\"beispiel\" class=\"form-control\">\r\n<option value=\"wrong\">don&#8217;t did<\/option>\r\n<option value=\"correct\">social worker<\/option>\r\n<option value=\"wrong\">doesn&#8217;t did<\/option>\r\n<\/select><\/label>.<\/div><\/div><\/div><br \/>\r\n\r\nDie richtige L\u00f6sung ist: <b>&#8222;social worker&#8220;<\/b>&nbsp;&nbsp;<button class=\"btn-lg btn-info\" type=\"button\" value=\"submit\" data-toggle=\"modal\" data-target=\"#myModal\">Tipp<\/button>\r\n\r\n\r\n<\/div>\r\n<\/div>\r\n<\/div>\r\n<\/div>\r\n<br \/><br \/>\r\n<div class=\"container well\">\r\n<h4>\u2611\ufe0f W\u00e4hle die richtige Option, mit dem richtiger Berufsbezeichnung auf Englisch. Erg\u00e4nze den Satz auf Englisch sinnvoll:<\/h4>\r\n\r\n<hr>\r\n\r\n<br \/>\r\n<div class=\"container-fluid\">\r\n<div><b>Ingenieur:<\/b><\/div><br \/>\r\n<div class=\"form-inline\"><div class=\"row\"><div><label for=\"sel1\"><span class=\"number\">\u2776<\/span>Somebody designing or building engines and machines: <\/div>&nbsp;&nbsp; <div> <select id=\"q0\" class=\"form-control\">\r\n<option value=\"wrong\"><\/option>\r\n<option value=\"wrong\"> indigenous <\/option>\r\n<option value=\"correct\"> engineer <\/option>\r\n<option value=\"wrong\"> ingenous <\/option>\r\n<\/select><\/label>. <\/div><\/div><\/div><br \/>\r\n<p id=\"correct0\" align=\"left\"><\/p>\r\n<a class=\"btn btn-success tipp0 hidden\" style=\"text-decoration: none, color:white;\" title=\"Somebody designing or building engines or machines: engineer\" href=\"#0\" data-toggle=\"popover\"  data-placement=\"top\" data-trigger=\"hover\" data-content=\" 'engineer' \u2794  'Ingenieur'.\">Tipp<\/a>\r\n\r\n\r\n<div><b>Entwickler:<\/b><\/div><br \/>\r\n<div class=\"form-inline\"><div class=\"row\"><div><label for=\"sel1\"><span class=\"number\">\u2777<\/span>Somebody creating new products (e.g. software): <\/div>&nbsp;&nbsp; <div><select id=\"q1\" class=\"form-control\">\r\n<option value=\"wrong\"><\/option>\r\n<option value=\"wrong\"> creator <\/option>\r\n<option value=\"wrong\"> maker <\/option>\r\n<option value=\"correct\"> developer <\/option>\r\n<\/select>.<\/label><\/div><\/div><\/div><br \/>\r\n\r\n<p id=\"correct1\" align=\"left\"><\/p>\r\n<a class=\"btn btn-success tipp1 hidden\" style=\"text-decoration: none, color:white;\" title=\"Somebody creating new products (e.g. software): developer\" href=\"#1\" data-toggle=\"popover\" data-placement=\"top\" data-trigger=\"hover\" data-content=\"'developer' \u2794  'Entwickler'.\">Tipp<\/a>\r\n\r\n<div><b>Forscher:<\/b><\/div><br \/>\r\n<div class=\"form-inline\"><div class=\"row\"><div><label for=\"sel1\"><span class=\"number\">\u2778<\/span> \r\n<\/div> &nbsp;&nbsp; <div>Somebody who investigates and experiments: <select id=\"q2\" class=\"form-control\">\r\n<option value=\"wrong\"><\/option>\r\n<option value=\"wrong\">founder <\/option>\r\n<option value=\"correct\">researcher <\/option>\r\n<option value=\"wrong\">funder <\/option>\r\n<\/select> .<\/label><\/div><\/div><\/div><br \/>\r\n\r\n<p id=\"correct2\" align=\"left\"><\/p>\r\n<a class=\"btn btn-success tipp2 hidden\" style=\"text-decoration: none, color:white;\" title=\"Somebody who investigates and experiments: researcher.\" href=\"#2\" data-toggle=\"popover\" data-placement=\"top\" data-trigger=\"hover\" data-content=\"'researcher' \u2794  'Forscher'\">Tipp<\/a>\r\n\r\n<div><b>Maschinenf\u00fchrer:<\/b><\/div><br \/>\r\n<div class=\"form-inline\"><div class=\"row\"><div><label for=\"sel1\"><span class=\"number\">\u2779<\/span>A person running machinery:<\/div>&nbsp;&nbsp;<div><select id=\"q3\" class=\"form-control\">\r\n<option value=\"wrong\"><\/option>\r\n<option value=\"wrong\"> machinist <\/option>\r\n<option value=\"wrong\"> machine learner <\/option>\r\n<option value=\"correct\"> operator <\/option>\r\n<\/select><\/label> .<\/div><\/div><\/div><br \/>\r\n\r\n<p id=\"correct3\" align=\"left\"><\/p>\r\n<a class=\"btn btn-success tipp3 hidden\" style=\"text-decoration: none, color:white;\" title=\"A person running machinery: operator.\" href=\"#3\" data-toggle=\"popover\" data-placement=\"top\" data-trigger=\"hover\" data-content=\"'operator' \u2794  'Maschinenf\u00fchrer'.\">Tipp<\/a>\r\n\r\n<div><b>Monteur:<\/b><\/div><br \/>\r\n<div class=\"form-inline\"><div class=\"row\"><div><label for=\"sel1\"><span class=\"number\">\u277a<\/span>A person joining components: <\/div>&nbsp;&nbsp; <div><select id=\"q4\" class=\"form-control\">\r\n<option value=\"wrong\"><\/option>\r\n<option value=\"wrong\">joint maker <\/option>\r\n<option value=\"correct\"> assembler <\/option>\r\n<option value=\"wrong\"> mounter <\/option>\r\n<\/select><\/label>.<\/div><\/div><\/div><br \/>\r\n\r\n<p id=\"correct4\" align=\"left\"><\/p>\r\n<a class=\"btn btn-success tipp4 hidden\" style=\"text-decoration: none, color:white;\" title=\"A person joining components: assembler.\" href=\"#4\" data-toggle=\"popover\" data-placement=\"top\" data-trigger=\"hover\" data-content=\"'assembler' \u2794  'Monteur'.\">Tipp<\/a>\r\n\r\n<div><b>Wartungstechniker:<\/b><\/div><br \/>\r\n<div class=\"form-inline\"><div class=\"row\"><div><label for=\"sel1\"><span class=\"number\">\u277b<\/span>Somebody servicing machinery: <\/div>&nbsp;&nbsp; <div><select id=\"q5\" class=\"form-control\">\r\n<option value=\"wrong\"><\/option>\r\n<option value=\"wrong\"> waiter <\/option>\r\n<option value=\"wrong\"> service agent <\/option>\r\n<option value=\"correct\"> maintenance technician <\/option>\r\n<\/select>.<\/label><\/div><\/div><\/div><br \/>\r\n<p id=\"correct5\" align=\"left\"><\/p>\r\n<a class=\"btn btn-success tipp5 hidden\" style=\"text-decoration: none, color:white;\" title=\"Somebody servicing machinery: maintenance technician.\" href=\"#5\" data-toggle=\"popover\" data-placement=\"top\" data-trigger=\"hover\" data-content=\"'Wartungstechnigker' \u2794  'maintenance technician'.\">Tipp<\/a>\r\n\r\n<div><b>T\u00fcftler:<\/b><\/div><br \/>\r\n<div class=\"form-inline\"><div class=\"row\"><div><label for=\"sel1\"><span class=\"number\">\u277c<\/span>A person who likes to solve technical problems: <\/div>&nbsp;&nbsp; <div><select id=\"q6\" class=\"form-control\">\r\n<option value=\"wrong\"><\/option>\r\n<option value=\"correct\"> tinkerer <\/option>\r\n<option value=\"wrong\">tuftler <\/option>\r\n<option value=\"wrong\">troublebound  <\/option>\r\n<\/select> .<\/label><\/div><\/div><\/div><br \/>\r\n<p id=\"correct6\" align=\"left\"><\/p>\r\n<a class=\"btn btn-success tipp6 hidden\" style=\"text-decoration: none, color:white;\" title=\"A person who likes to solve technical problems: tinkerer.\" href=\"#6\" data-toggle=\"popover\" data-placement=\"top\" data-trigger=\"hover\" data-content=\"'tinkerer' \u2794  'T\u00fcftler'.\">Tipp<\/a>\r\n\r\n<div><b>Gutachter:<\/b><\/div><br \/>\r\n<div class=\"form-inline\"><div class=\"row\"><div><label for=\"sel1\"><span class=\"number\">\u277d<\/span>A person assessing technical issues: <\/div>&nbsp;&nbsp; <div><select id=\"q7\" class=\"form-control\">\r\n<option value=\"wrong\"><\/option>\r\n<option value=\"wrong\"> assessor <\/option>\r\n<option value=\"wrong\"> assassin <\/option>\r\n<option value=\"correct\"> surveyor <\/option>\r\n<\/select>.<\/label><\/div><\/div><\/div><br \/>\r\n<p id=\"correct7\" align=\"left\"><\/p>\r\n<a class=\"btn btn-success tipp7 hidden\" style=\"text-decoration: none, color:white;\" title=\"A person assessing technical issues: surveyor.\" href=\"#7\" data-toggle=\"popover\" data-placement=\"top\" data-trigger=\"hover\" data-content=\"'surveyor' \u2794  'Gutachter'.\">Tipp<\/a>\r\n\r\n<div><b>Datenerheber:<\/b><\/div><br \/>\r\n<div class=\"form-inline\"><div class=\"row\"><div><label for=\"sel1\"><span class=\"number\">\u277e<\/span>A person collecting information: <\/div>&nbsp;&nbsp; <div><select id=\"q8\" class=\"form-control\">\r\n<option value=\"wrong\"><\/option>\r\n<option value=\"correct\"> data scientist <\/option>\r\n<option value=\"wrong\"> data base <\/option>\r\n<option value=\"wrong\"> date planner <\/option>\r\n<\/select> .<\/label><\/div><\/div><\/div><br \/>\r\n<p id=\"correct8\" align=\"left\"><\/p>\r\n<a class=\"btn btn-success tipp8 hidden\" style=\"text-decoration: none, color:white;\" title=\"A person A person collection information: data scientist\" href=\"#8\" data-toggle=\"popover\" data-placement=\"top\" data-trigger=\"hover\" data-content=\"'data scientist' \u2794  'Datenerheber'.\">Tipp<\/a>\r\n\r\n<div><b>Analytiker:<\/b><\/div><br \/>\r\n<div class=\"form-inline\"><div class=\"row\"><div><label for=\"sel1\"><span class=\"number\">\u277f<\/span>Somebody who investigates processes: <\/div>&nbsp;&nbsp; <div><select id=\"q9\" class=\"form-control\">\r\n<option value=\"wrong\"><\/option>\r\n<option value=\"wrong\"> analytics <\/option>\r\n<option value=\"wrong\"> analogy <\/option>\r\n<option value=\"correct\"> analyst <\/option>\r\n<\/select>. <\/label><\/div><\/div><\/div><br \/>\r\n<p id=\"correct9\" align=\"left\"><\/p>\r\n<a class=\"btn btn-success tipp9 hidden\" style=\"text-decoration: none, color:white;\" title=\"Somebody who investigates processes: analyst.\" href=\"#9\" data-toggle=\"popover\" data-placement=\"top\" data-trigger=\"hover\" data-content=\"'analyst' \u2794 'Analytiker'.\">Tipp<\/a>\r\n\r\n\r\n<\/div>\r\n<div class=\"container\">\r\n\r\n<!-- The Modal -->\r\n<div id=\"myModal\" class=\"modal\">\r\n<div class=\"modal-dialog\">\r\n<div class=\"modal-content\">\r\n\r\n<!-- Modal Header -->\r\n<div class=\"modal-header\">\r\n<h4 class=\"modal-title\">technische Berufe Englisch<\/h4>\r\n<button class=\"close\" type=\"button\" data-dismiss=\"modal\">\u00d7<\/button>\r\n\r\n<\/div>\r\n<!-- Modal body -->\r\n<div class=\"modal-body\"><table class=\"table table-bordered table-sm table-hover\">\r\nVokabular Berufe Englisch: Im Berufsalltag kann es schon mal technisch werden. Deswegen kann es gut sein, dass Du die relevanten Berufsbezeichnungen auf Englisch nicht parat hast. Dies kann l\u00e4stig sein. Mit dieser \u00dcbung kannst Du aber in diesem Zusammenhang schnell Abhilfe schaffen. Denn dann f\u00fchlst Du Dich im Arbeitsalltag wohler.\r\n<thead>\r\n<tr class=\"table-danger\">\r\n<th colspan=\"2\">technische Berufe Englisch<\/th>\r\n<\/tr>\r\n<\/thead>\r\n<tbody>\r\n\r\n<tr class=\"table-primary\">\r\n<td><b>Deutsch<\/b><\/td>\r\n<td><b>Englisch<\/b><\/td>\r\n\r\n<tr class=\"table-info\">\r\n<td><b><i class=\"text-danger\">Ingenieur<\/i><\/b><\/td>\r\n<td><b><i class=\"text-danger\">engineer<\/i><\/b><\/td>\r\n\r\n<\/tr>\r\n<tr class=\"table-info\">\r\n<td><b><i class=\"text-danger\">Entwickler <\/i> <\/b><\/td>\r\n<td><b><i class=\"text-danger\">developer<\/i> <\/b><\/td>\r\n<\/tr>\r\n<tr class=\"table-info\">\r\n<td><b><i class=\"text-danger\">Forscher<\/i><\/b><\/td>\r\n<td><b><i class=\"text-danger\">researcher<\/i><\/b><\/td>\r\n<\/tr>\r\n<tr class=\"table-info\">\r\n<td><b><i class=\"text-danger\">Maschinenf\u00fchrer<\/i><\/b><\/td>\r\n<td><b><i class=\"text-danger\">operator<\/i><\/b><\/td>\r\n<\/tr>\r\n<tr class=\"table-info\">\r\n<td><b><i class=\"text-danger\">Monteur<\/i><\/b><\/td>\r\n<td><b><i class=\"text-danger\">assembler<\/i><\/b><\/td>\r\n<\/tr>\r\n<tr class=\"table-info\">\r\n<td><b><i class=\"text-danger\">Wartungstechniker<\/i><\/b><\/td>\r\n<td><b><i class=\"text-danger\">maintenance technician<\/i><\/b><\/td>\r\n<\/tr>\r\n<tr class=\"table-info\">\r\n<td><b><i class=\"text-danger\">T\u00fcftler<\/i><\/b><\/td>\r\n<td><b><i class=\"text-danger\">tinkerer<\/i><\/b><\/td>\r\n<\/tr>\r\n<tr class=\"table-info\">\r\n<td><b><i class=\"text-danger\">Gutachter<\/i><\/b><\/td>\r\n<td><b><i class=\"text-danger\">surveyor<\/i><\/b><\/td>\r\n<\/tr>\r\n<tr class=\"table-info\">\r\n<td><b><i class=\"text-danger\">Datenerheber<\/i><\/b><\/td>\r\n<td><b><i class=\"text-danger\">data scientist<\/i><\/b><\/td>\r\n<\/tr>\r\n<tr class=\"table-info\">\r\n<td><b><i class=\"text-danger\">Analytiker<\/i><\/b><\/td>\r\n<td><b><i class=\"text-danger\">analyst<\/i><\/b><\/td>\r\n<\/tr>\r\n<\/tbody>\r\n<\/table><\/div>\r\n<!-- Modal footer -->\r\n<div class=\"modal-footer\"><button class=\"btn btn-danger\" type=\"button\" data-dismiss=\"modal\">Close<\/button><\/div>\r\n<\/div>\r\n<\/div>\r\n<\/div>\r\n<\/div>\r\n<\/div>\r\n\r\n\r\n<hr>\r\n<button id=\"submitButton\" class=\"btn-lg btn-primary \" type=\"submit\" value=\"submit\">Pr\u00fcfen<\/button><button id=\"resetButton\" class=\"btn-lg btn-success\" type=\"submit\" onclick=\"refreshPage()\">Neustart<\/button><button id=\"submitButton\" class=\"btn-lg btn-info\" type=\"submit\" value=\"submit\" data-toggle=\"modal\" data-target=\"#myModal\">Tipp<\/button>\r\n\r\n<p id=\"result\"><\/p>\r\n<p id=\"result2\"><\/p>\r\n<hr>\r\n\r\n<h3>Alle \u00dcbungen Berufe Englisch &#8211; Englisch\/Deutsch:<\/h3>\r\n\r\n<hr>\r\n\r\n<div id=\"bellows-main-84\" class=\"bellows bellows-nojs bellows-main bellows-source-menu bellows-align-full bellows-skin-vanilla bellows-type-\"><ul id=\"menu-berufe\" class=\"bellows-nav\" data-bellows-config=\"main\"><li id=\"menu-item-11174\" class=\"bellows-menu-item bellows-menu-item-type-post_type bellows-menu-item-object-page bellows-menu-item-11174 bellows-item-level-0\"><a  href=\"https:\/\/english-munich.de\/training\/berufe-englisch-2\/\" class=\"bellows-target\"><span class=\"bellows-target-title bellows-target-text\">\u2611\ufe0fBerufe Englisch Handwerk<\/span><\/a><\/li>\n<li id=\"menu-item-11191\" class=\"bellows-menu-item bellows-menu-item-type-post_type bellows-menu-item-object-page bellows-menu-item-11191 bellows-item-level-0\"><a  href=\"https:\/\/english-munich.de\/training\/berufe-englisch-buero-2\/\" class=\"bellows-target\"><span class=\"bellows-target-title bellows-target-text\">\u2611\ufe0fBerufe Englisch B\u00fcro<\/span><\/a><\/li>\n<li id=\"menu-item-11213\" class=\"bellows-menu-item bellows-menu-item-type-post_type bellows-menu-item-object-page bellows-menu-item-11213 bellows-item-level-0\"><a  href=\"https:\/\/english-munich.de\/training\/technische-berufe-englisch\/\" class=\"bellows-target\"><span class=\"bellows-target-title bellows-target-text\">\u2611\ufe0fBerufe Technik<\/span><\/a><\/li>\n<li id=\"menu-item-11235\" class=\"bellows-menu-item bellows-menu-item-type-post_type bellows-menu-item-object-page bellows-menu-item-11235 bellows-item-level-0\"><a  href=\"https:\/\/english-munich.de\/training\/berufe-englisch-gesundheitswesen\/\" class=\"bellows-target\"><span class=\"bellows-target-title bellows-target-text\">\u2611\ufe0fBerufe  Englisch Gesundheitswesen<\/span><\/a><\/li>\n<li id=\"menu-item-11263\" class=\"bellows-menu-item bellows-menu-item-type-post_type bellows-menu-item-object-page bellows-menu-item-11263 bellows-item-level-0\"><a  href=\"https:\/\/english-munich.de\/training\/branchen-englisch-2\/\" class=\"bellows-target\"><span class=\"bellows-target-title bellows-target-text\">\u2611\ufe0fBranchen \/ Berufsfelder<\/span><\/a><\/li>\n<li id=\"menu-item-11282\" class=\"bellows-menu-item bellows-menu-item-type-post_type bellows-menu-item-object-page bellows-menu-item-11282 bellows-item-level-0\"><a  href=\"https:\/\/english-munich.de\/training\/kreuzwortraetsel-berufe-handwerk-englisch\/\" class=\"bellows-target\"><span class=\"bellows-target-title bellows-target-text\">\ud83d\udd33Kreuzwortr\u00e4tsel Berufe Handwerk<\/span><\/a><\/li>\n<li id=\"menu-item-11280\" class=\"bellows-menu-item bellows-menu-item-type-post_type bellows-menu-item-object-page bellows-menu-item-11280 bellows-item-level-0\"><a  href=\"https:\/\/english-munich.de\/training\/kreuzwortraetsel-berufe-buero-englisch\/\" class=\"bellows-target\"><span class=\"bellows-target-title bellows-target-text\">\ud83d\udd33Kreuzwortr\u00e4tsel Berufe B\u00fcro<\/span><\/a><\/li>\n<li id=\"menu-item-11281\" class=\"bellows-menu-item bellows-menu-item-type-post_type bellows-menu-item-object-page bellows-menu-item-11281 bellows-item-level-0\"><a  href=\"https:\/\/english-munich.de\/training\/kreuzwortraetsel-branchen-englisch\/\" class=\"bellows-target\"><span class=\"bellows-target-title bellows-target-text\">\ud83d\udd33Kreuzwortr\u00e4tsel Branchen<\/span><\/a><\/li>\n<li id=\"menu-item-11264\" class=\"bellows-menu-item bellows-menu-item-type-post_type bellows-menu-item-object-page bellows-menu-item-11264 bellows-item-level-0\"><a  href=\"https:\/\/english-munich.de\/training\/test-matching-game\/\" class=\"bellows-target\"><span class=\"bellows-target-title bellows-target-text\">\ud83e\udde6matching game  \/ Berufe<\/span><\/a><\/li>\n<\/ul><\/div>\r\n\r\n<\/div>\r\n","protected":false},"excerpt":{"rendered":"Technische Berufe Englisch &#8211; Aufgaben Vokabular Berufe technische Berufe Englisch &#8211; \u00dcbungen Beispiel Sozialarbeiter: \u24ffA person taking care of people fallen on hard times: &nbsp;&nbsp; don&#8217;t did social worker doesn&#8217;t did . Die richtige L\u00f6sung ist: &#8222;social worker&#8220;&nbsp;&nbsp;Tipp \u2611\ufe0f W\u00e4hle die richtige Option, mit dem richtiger Berufsbezeichnung auf Englisch. Erg\u00e4nze den Satz auf Englisch sinnvoll: [&hellip;]","protected":false},"author":3,"featured_media":0,"parent":0,"menu_order":0,"comment_status":"closed","ping_status":"closed","template":"","meta":[],"_links":{"self":[{"href":"https:\/\/english-munich.de\/training\/wp-json\/wp\/v2\/pages\/11203"}],"collection":[{"href":"https:\/\/english-munich.de\/training\/wp-json\/wp\/v2\/pages"}],"about":[{"href":"https:\/\/english-munich.de\/training\/wp-json\/wp\/v2\/types\/page"}],"author":[{"embeddable":true,"href":"https:\/\/english-munich.de\/training\/wp-json\/wp\/v2\/users\/3"}],"replies":[{"embeddable":true,"href":"https:\/\/english-munich.de\/training\/wp-json\/wp\/v2\/comments?post=11203"}],"version-history":[{"count":6,"href":"https:\/\/english-munich.de\/training\/wp-json\/wp\/v2\/pages\/11203\/revisions"}],"predecessor-version":[{"id":11211,"href":"https:\/\/english-munich.de\/training\/wp-json\/wp\/v2\/pages\/11203\/revisions\/11211"}],"wp:attachment":[{"href":"https:\/\/english-munich.de\/training\/wp-json\/wp\/v2\/media?parent=11203"}],"curies":[{"name":"wp","href":"https:\/\/api.w.org\/{rel}","templated":true}]}}