{"id":11182,"date":"2022-03-23T09:42:28","date_gmt":"2022-03-23T09:42:28","guid":{"rendered":"https:\/\/english-munich.de\/training\/?page_id=11182"},"modified":"2022-03-28T06:32:18","modified_gmt":"2022-03-28T06:32:18","slug":"berufe-englisch-buero-2","status":"publish","type":"page","link":"https:\/\/english-munich.de\/training\/berufe-englisch-buero-2\/","title":{"rendered":"Berufe Englisch B\u00fcro"},"content":{"rendered":"<div class=\"jumbotron text-center\">\r\n<h2>Berufe Englisch B\u00fcro &#8211; Aufgaben<\/h2>\r\n  Vokabular <a href=\"https:\/\/de.pons.com\/p\/wissensecke\/wortschatz-to-go\/berufe-berufsbezeichnungen-englisch\">Berufe<\/a> Englisch B\u00fcro &#8211; \u00dcbungen \r\n\r\n<\/div>\r\n<div class=\"bs-example\">\r\n<div id=\"accordionExample\" class=\"accordion\">\r\n<div class=\"card\">\r\n<div id=\"headingOne\" class=\"card-header\">\r\n<h2 class=\"mb-0\" style=\"color: #000;\"><button class=\"btn btn-link collapsed\" type=\"button\" data-toggle=\"collapse\" data-target=\"#collapseOne\">Beispiel<\/button><\/h2>\r\n<\/div>\r\n<div id=\"collapseOne\" class=\"collapse\" aria-labelledby=\"headingOne\" data-parent=\"#accordionExample\">\r\n<div class=\"card-body\"><div><b>Sozialarbeiter:<\/b><\/div><br \/>\r\n<div class=\"form-inline\"><div class=\"row\"><div><label for=\"sel1\"><span class=\"number\">\u24ff<\/span>A person taking care of people fallen on hard times: <\/div>&nbsp;&nbsp;<div><select id=\"beispiel\" class=\"form-control\">\r\n<option value=\"wrong\">don&#8217;t did<\/option>\r\n<option value=\"correct\">social worker<\/option>\r\n<option value=\"wrong\">doesn&#8217;t did<\/option>\r\n<\/select><\/label>.<\/div><\/div><\/div><br \/>\r\n\r\nDie richtige L\u00f6sung ist: <b>&#8222;social worker&#8220;<\/b>&nbsp;&nbsp;<button class=\"btn-lg btn-info\" type=\"button\" value=\"submit\" data-toggle=\"modal\" data-target=\"#myModal\">Tipp<\/button>\r\n\r\n\r\n<\/div>\r\n<\/div>\r\n<\/div>\r\n<\/div>\r\n<br \/><br \/>\r\n<div class=\"container well\">\r\n<h4>\u2611\ufe0f W\u00e4hle die richtige Option, mit der richtigen Berufsbezeichnung auf Englisch. Erg\u00e4nze den Satz auf Englisch sinnvoll:<\/h4>\r\n\r\n<hr>\r\n\r\n<br \/>\r\n<div class=\"container-fluid\">\r\n<div><b>Einkaufssachbearbeiter:<\/b><\/div><br \/>\r\n<div class=\"form-inline\"><div class=\"row\"><div><label for=\"sel1\"><span class=\"number\">\u2776<\/span>Somebody in charge of acquiring merchandize: <\/div>&nbsp;&nbsp; <div> <select id=\"q0\" class=\"form-control\">\r\n<option value=\"wrong\"><\/option>\r\n<option value=\"wrong\"> shopping queen <\/option>\r\n<option value=\"correct\"> purchase manager <\/option>\r\n<option value=\"wrong\"> shopping spree <\/option>\r\n<\/select><\/label>. <\/div><\/div><\/div><br \/>\r\n<p id=\"correct0\" align=\"left\"><\/p>\r\n<a class=\"btn btn-success tipp0 hidden\" style=\"text-decoration: none, color:white;\" title=\"Somebody in charge of acquiring merchandize: purchase manager.\" href=\"#0\" data-toggle=\"popover\"  data-placement=\"top\" data-trigger=\"hover\" data-content=\" 'purchase manager' \u2794  'Einkaufssachbearbeiter'.\">Tipp<\/a>\r\n\r\n\r\n<div><b>Empfangssachbearbeiter:<\/b><\/div><br \/>\r\n<div class=\"form-inline\"><div class=\"row\"><div><label for=\"sel1\"><span class=\"number\">\u2777<\/span>A person responsible for welcoming visitors: <\/div>&nbsp;&nbsp; <div><select id=\"q1\" class=\"form-control\">\r\n<option value=\"wrong\"><\/option>\r\n<option value=\"wrong\"> welcomer <\/option>\r\n<option value=\"wrong\"> greeter <\/option>\r\n<option value=\"correct\"> receptionist <\/option>\r\n<\/select>.<\/label><\/div><\/div><\/div><br \/>\r\n\r\n<p id=\"correct1\" align=\"left\"><\/p>\r\n<a class=\"btn btn-success tipp1 hidden\" style=\"text-decoration: none, color:white;\" title=\"A person responsible for welcoming visitors: recepcionist.\" href=\"#1\" data-toggle=\"popover\" data-placement=\"top\" data-trigger=\"hover\" data-content=\"'recepcionist' \u2794  'Empfangssachbearbeiter'.\">Tipp<\/a>\r\n\r\n<div><b>Buchpr\u00fcfer:<\/b><\/div><br \/>\r\n<div class=\"form-inline\"><div class=\"row\"><div><label for=\"sel1\"><span class=\"number\">\u2778<\/span> \r\n<\/div> &nbsp;&nbsp; <div>Somebody who controls and approves your financial records: <select id=\"q2\" class=\"form-control\">\r\n<option value=\"wrong\"><\/option>\r\n<option value=\"wrong\"> bookchecker <\/option>\r\n<option value=\"correct\">auditor <\/option>\r\n<option value=\"wrong\"> bookmark <\/option>\r\n<\/select> .<\/label><\/div><\/div><\/div><br \/>\r\n\r\n<p id=\"correct2\" align=\"left\"><\/p>\r\n<a class=\"btn btn-success tipp2 hidden\" style=\"text-decoration: none, color:white;\" title=\"Somebody who controls and approves your financial records: auditor.\" href=\"#2\" data-toggle=\"popover\" data-placement=\"top\" data-trigger=\"hover\" data-content=\"'auditor' \u2794  'Buchpr\u00fcfer'\">Tipp<\/a>\r\n\r\n<div><b>Sachbearbeiter:<\/b><\/div><br \/>\r\n<div class=\"form-inline\"><div class=\"row\"><div><label for=\"sel1\"><span class=\"number\">\u2779<\/span>A person in charge of performing routine office taks:<\/div>&nbsp;&nbsp;<div><select id=\"q3\" class=\"form-control\">\r\n<option value=\"wrong\"><\/option>\r\n<option value=\"wrong\"> task forcer <\/option>\r\n<option value=\"wrong\"> factual worker <\/option>\r\n<option value=\"correct\"> clerk <\/option>\r\n<\/select><\/label> .<\/div><\/div><\/div><br \/>\r\n\r\n<p id=\"correct3\" align=\"left\"><\/p>\r\n<a class=\"btn btn-success tipp3 hidden\" style=\"text-decoration: none, color:white;\" title=\"A person in charge of performing routine office taks: clerk.\" href=\"#3\" data-toggle=\"popover\" data-placement=\"top\" data-trigger=\"hover\" data-content=\"'clerk' \u2794  'Sachbeabeiter'.\">Tipp<\/a>\r\n\r\n<div><b>Au\u00dfendienstler:<\/b><\/div><br \/>\r\n<div class=\"form-inline\"><div class=\"row\"><div><label for=\"sel1\"><span class=\"number\">\u277a<\/span>Somebody selling merchandize to outside customers: <\/div>&nbsp;&nbsp; <div><select id=\"q4\" class=\"form-control\">\r\n<option value=\"wrong\"><\/option>\r\n<option value=\"wrong\">sales point <\/option>\r\n<option value=\"correct\">field representative <\/option>\r\n<option value=\"wrong\">wholesale <\/option>\r\n<\/select><\/label>.<\/div><\/div><\/div><br \/>\r\n\r\n<p id=\"correct4\" align=\"left\"><\/p>\r\n<a class=\"btn btn-success tipp4 hidden\" style=\"text-decoration: none, color:white;\" title=\"Somebody selling merchandize to outside customers: field representative.\" href=\"#4\" data-toggle=\"popover\" data-placement=\"top\" data-trigger=\"hover\" data-content=\"'field representative' \u2794  'Au\u00dfendienstmitarbeiter'.\">Tipp<\/a>\r\n\r\n<div><b>Kundendienstmitarbeiter:<\/b><\/div><br \/>\r\n<div class=\"form-inline\"><div class=\"row\"><div><label for=\"sel1\"><span class=\"number\">\u277b<\/span>Somebody who deals with customers&#8216; complaints: <\/div>&nbsp;&nbsp; <div><select id=\"q5\" class=\"form-control\">\r\n<option value=\"wrong\"><\/option>\r\n<option value=\"wrong\"> whiner <\/option>\r\n<option value=\"wrong\"> damage control agent <\/option>\r\n<option value=\"correct\"> customer service agent <\/option>\r\n<\/select>.<\/label><\/div><\/div><\/div><br \/>\r\n<p id=\"correct5\" align=\"left\"><\/p>\r\n<a class=\"btn btn-success tipp5 hidden\" style=\"text-decoration: none, color:white;\" title=\"Somebody who deals with customers' complaints: customer service agent.\" href=\"#5\" data-toggle=\"popover\" data-placement=\"top\" data-trigger=\"hover\" data-content=\"'Kundendienstmitarbeiter' \u2794  'customer service agent'.\">Tipp<\/a>\r\n\r\n<div><b>Gesch\u00e4ftsf\u00fchrer:<\/b><\/div><br \/>\r\n<div class=\"form-inline\"><div class=\"row\"><div><label for=\"sel1\"><span class=\"number\">\u277c<\/span>A person in charge of running big picture business operations: <\/div>&nbsp;&nbsp; <div><select id=\"q6\" class=\"form-control\">\r\n<option value=\"wrong\"><\/option>\r\n<option value=\"correct\">manager <\/option>\r\n<option value=\"wrong\">business leader <\/option>\r\n<option value=\"wrong\">market leader  <\/option>\r\n<\/select> .<\/label><\/div><\/div><\/div><br \/>\r\n<p id=\"correct6\" align=\"left\"><\/p>\r\n<a class=\"btn btn-success tipp6 hidden\" style=\"text-decoration: none, color:white;\" title=\"A person in charge of running big picture business operations: manager.\" href=\"#6\" data-toggle=\"popover\" data-placement=\"top\" data-trigger=\"hover\" data-content=\"'manager' \u2794  'Gesch\u00e4ftsf\u00fchrer'.\">Tipp<\/a>\r\n\r\n<div><b>Buchhalter:<\/b><\/div><br \/>\r\n<div class=\"form-inline\"><div class=\"row\"><div><label for=\"sel1\"><span class=\"number\">\u277d<\/span>Somebody responsible for maintaining financial records: <\/div>&nbsp;&nbsp; <div><select id=\"q7\" class=\"form-control\">\r\n<option value=\"wrong\"><\/option>\r\n<option value=\"wrong\"> bookmaker <\/option>\r\n<option value=\"wrong\"> bookmark <\/option>\r\n<option value=\"correct\"> bookkeeper <\/option>\r\n<\/select>.<\/label><\/div><\/div><\/div><br \/>\r\n<p id=\"correct7\" align=\"left\"><\/p>\r\n<a class=\"btn btn-success tipp7 hidden\" style=\"text-decoration: none, color:white;\" title=\"Somebody responsible for maintaining financial records: bookkeeper.\" href=\"#7\" data-toggle=\"popover\" data-placement=\"top\" data-trigger=\"hover\" data-content=\"'bookkeeper' \u2794  'Buchhalter'.\">Tipp<\/a>\r\n\r\n<div><b>Disponent:<\/b><\/div><br \/>\r\n<div class=\"form-inline\"><div class=\"row\"><div><label for=\"sel1\"><span class=\"number\">\u277e<\/span>A person responsible for scheduling shipping processes: <\/div>&nbsp;&nbsp; <div><select id=\"q8\" class=\"form-control\">\r\n<option value=\"wrong\"><\/option>\r\n<option value=\"correct\"> dispatcher <\/option>\r\n<option value=\"wrong\"> captain <\/option>\r\n<option value=\"wrong\"> forwarder <\/option>\r\n<\/select> .<\/label><\/div><\/div><\/div><br \/>\r\n<p id=\"correct8\" align=\"left\"><\/p>\r\n<a class=\"btn btn-success tipp8 hidden\" style=\"text-decoration: none, color:white;\" title=\"A person responsible for scheduling shipping processes: dispatcher.\" href=\"#8\" data-toggle=\"popover\" data-placement=\"top\" data-trigger=\"hover\" data-content=\"'dispatcher' \u2794  'Disponent'.\">Tipp<\/a>\r\n\r\n<div><b>Lagerverwalter:<\/b><\/div><br \/>\r\n<div class=\"form-inline\"><div class=\"row\"><div><label for=\"sel1\"><span class=\"number\">\u277f<\/span>Somebody in charge of keeping iventory: <\/div>&nbsp;&nbsp; <div><select id=\"q9\" class=\"form-control\">\r\n<option value=\"wrong\"><\/option>\r\n<option value=\"wrong\"> store manager <\/option>\r\n<option value=\"wrong\"> stock keeper <\/option>\r\n<option value=\"correct\"> warehouse manager <\/option>\r\n<\/select>. <\/label><\/div><\/div><\/div><br \/>\r\n<p id=\"correct9\" align=\"left\"><\/p>\r\n<a class=\"btn btn-success tipp9 hidden\" style=\"text-decoration: none, color:white;\" title=\"Somebody in charge of keeping iventory: warehouse manager.\" href=\"#9\" data-toggle=\"popover\" data-placement=\"top\" data-trigger=\"hover\" data-content=\"'warehouse manager' \u2794 'Lagerverwalter'.\">Tipp<\/a>\r\n\r\n\r\n<\/div>\r\n<div class=\"container\">\r\n\r\n<!-- The Modal -->\r\n<div id=\"myModal\" class=\"modal\">\r\n<div class=\"modal-dialog\">\r\n<div class=\"modal-content\">\r\n\r\n<!-- Modal Header -->\r\n<div class=\"modal-header\">\r\n<h4 class=\"modal-title\">Berufe Englisch B\u00fcro<\/h4>\r\n<button class=\"close\" type=\"button\" data-dismiss=\"modal\">\u00d7<\/button>\r\n\r\n<\/div>\r\n<!-- Modal body -->\r\n<div class=\"modal-body\"><table class=\"table table-bordered table-sm table-hover\">\r\n\r\n<thead>\r\n<tr class=\"table-danger\">\r\n<th colspan=\"2\">Berufe Englisch B\u00fcro<\/th>\r\n<\/tr>\r\n<\/thead>\r\n<tbody>\r\n\r\n<tr class=\"table-primary\">\r\n<td><b>Deutsch<\/b><\/td>\r\n<td><b>Englisch<\/b><\/td>\r\n\r\n<tr class=\"table-info\">\r\n<td><b><i class=\"text-danger\">Einkaufssachbearbeiter<\/i><\/b><\/td>\r\n<td><b><i class=\"text-danger\">purchase manager<\/i><\/b><\/td>\r\n\r\n<\/tr>\r\n<tr class=\"table-info\">\r\n<td><b><i class=\"text-danger\">Empfangssachbarbeiter <\/i> <\/b><\/td>\r\n<td><b><i class=\"text-danger\">recepcionist<\/i> <\/b><\/td>\r\n<\/tr>\r\n<tr class=\"table-info\">\r\n<td><b><i class=\"text-danger\">Buchpr\u00fcfer<\/i><\/b><\/td>\r\n<td><b><i class=\"text-danger\">auditor<\/i><\/b><\/td>\r\n<\/tr>\r\n<tr class=\"table-info\">\r\n<td><b><i class=\"text-danger\">Sachbearbeiter<\/i><\/b><\/td>\r\n<td><b><i class=\"text-danger\">clerk<\/i><\/b><\/td>\r\n<\/tr>\r\n<tr class=\"table-info\">\r\n<td><b><i class=\"text-danger\">Au\u00dfendienstler<\/i><\/b><\/td>\r\n<td><b><i class=\"text-danger\">field representative<\/i><\/b><\/td>\r\n<\/tr>\r\n<tr class=\"table-info\">\r\n<td><b><i class=\"text-danger\">Kundendienstmitarbeiter<\/i><\/b><\/td>\r\n<td><b><i class=\"text-danger\">customer service agent<\/i><\/b><\/td>\r\n<\/tr>\r\n<tr class=\"table-info\">\r\n<td><b><i class=\"text-danger\">Gesch\u00e4ftsf\u00fchrer<\/i><\/b><\/td>\r\n<td><b><i class=\"text-danger\">manager<\/i><\/b><\/td>\r\n<\/tr>\r\n<tr class=\"table-info\">\r\n<td><b><i class=\"text-danger\">Buchhalter<\/i><\/b><\/td>\r\n<td><b><i class=\"text-danger\">bookkeeper<\/i><\/b><\/td>\r\n<\/tr>\r\n<tr class=\"table-info\">\r\n<td><b><i class=\"text-danger\">Disponent<\/i><\/b><\/td>\r\n<td><b><i class=\"text-danger\">dispatcher<\/i><\/b><\/td>\r\n<\/tr>\r\n<tr class=\"table-info\">\r\n<td><b><i class=\"text-danger\">Lagerverwalter<\/i><\/b><\/td>\r\n<td><b><i class=\"text-danger\">warehouse manager<\/i><\/b><\/td>\r\n<\/tr>\r\n<\/tbody>\r\n<\/table>\r\nVokabular Berufe Englisch: Im Berufsalltag kann es schon mal technisch werden. Das kann l\u00e4stig sein. Du hast das Vokabular nicht parat. Kein Problem.  Mit dieser \u00dcbung kannst schnell Abhilfe schaffen. Denn dann f\u00fchlst Du Dich im Arbeitsalltag wohler. So klappt es mit dem Berufsenglisch viel besser. So kannst Du Fettn\u00e4pfchen vermeiden. Probiere es aus. Es ist ganz einfach!\r\n<\/div>\r\n<!-- Modal footer -->\r\n<div class=\"modal-footer\"><button class=\"btn btn-danger\" type=\"button\" data-dismiss=\"modal\">Close<\/button><\/div>\r\n<\/div>\r\n<\/div>\r\n<\/div>\r\n<\/div>\r\n<\/div>\r\n\r\n\r\n<hr>\r\n<button id=\"submitButton\" class=\"btn-lg btn-primary \" type=\"submit\" value=\"submit\">Pr\u00fcfen<\/button><button id=\"resetButton\" class=\"btn-lg btn-success\" type=\"submit\" onclick=\"refreshPage()\">Neustart<\/button><button id=\"submitButton\" class=\"btn-lg btn-info\" type=\"submit\" value=\"submit\" data-toggle=\"modal\" data-target=\"#myModal2\">Tipp<\/button>\r\n\r\n<p id=\"result\"><\/p>\r\n<p id=\"result2\"><\/p>\r\n<hr>\r\n\r\n<h3>Alle \u00dcbungen Berufe Englisch B\u00fcro &#8211; Englisch\/Deutsch:<\/h3>\r\n\r\n<hr>\r\n\r\n<div id=\"bellows-main-84\" class=\"bellows bellows-nojs bellows-main bellows-source-menu bellows-align-full bellows-skin-vanilla bellows-type-\"><ul id=\"menu-berufe\" class=\"bellows-nav\" data-bellows-config=\"main\"><li id=\"menu-item-11174\" class=\"bellows-menu-item bellows-menu-item-type-post_type bellows-menu-item-object-page bellows-menu-item-11174 bellows-item-level-0\"><a  href=\"https:\/\/english-munich.de\/training\/berufe-englisch-2\/\" class=\"bellows-target\"><span class=\"bellows-target-title bellows-target-text\">\u2611\ufe0fBerufe Englisch Handwerk<\/span><\/a><\/li>\n<li id=\"menu-item-11191\" class=\"bellows-menu-item bellows-menu-item-type-post_type bellows-menu-item-object-page bellows-menu-item-11191 bellows-item-level-0\"><a  href=\"https:\/\/english-munich.de\/training\/berufe-englisch-buero-2\/\" class=\"bellows-target\"><span class=\"bellows-target-title bellows-target-text\">\u2611\ufe0fBerufe Englisch B\u00fcro<\/span><\/a><\/li>\n<li id=\"menu-item-11213\" class=\"bellows-menu-item bellows-menu-item-type-post_type bellows-menu-item-object-page bellows-menu-item-11213 bellows-item-level-0\"><a  href=\"https:\/\/english-munich.de\/training\/technische-berufe-englisch\/\" class=\"bellows-target\"><span class=\"bellows-target-title bellows-target-text\">\u2611\ufe0fBerufe Technik<\/span><\/a><\/li>\n<li id=\"menu-item-11235\" class=\"bellows-menu-item bellows-menu-item-type-post_type bellows-menu-item-object-page bellows-menu-item-11235 bellows-item-level-0\"><a  href=\"https:\/\/english-munich.de\/training\/berufe-englisch-gesundheitswesen\/\" class=\"bellows-target\"><span class=\"bellows-target-title bellows-target-text\">\u2611\ufe0fBerufe  Englisch Gesundheitswesen<\/span><\/a><\/li>\n<li id=\"menu-item-11263\" class=\"bellows-menu-item bellows-menu-item-type-post_type bellows-menu-item-object-page bellows-menu-item-11263 bellows-item-level-0\"><a  href=\"https:\/\/english-munich.de\/training\/branchen-englisch-2\/\" class=\"bellows-target\"><span class=\"bellows-target-title bellows-target-text\">\u2611\ufe0fBranchen \/ Berufsfelder<\/span><\/a><\/li>\n<li id=\"menu-item-11282\" class=\"bellows-menu-item bellows-menu-item-type-post_type bellows-menu-item-object-page bellows-menu-item-11282 bellows-item-level-0\"><a  href=\"https:\/\/english-munich.de\/training\/kreuzwortraetsel-berufe-handwerk-englisch\/\" class=\"bellows-target\"><span class=\"bellows-target-title bellows-target-text\">\ud83d\udd33Kreuzwortr\u00e4tsel Berufe Handwerk<\/span><\/a><\/li>\n<li id=\"menu-item-11280\" class=\"bellows-menu-item bellows-menu-item-type-post_type bellows-menu-item-object-page bellows-menu-item-11280 bellows-item-level-0\"><a  href=\"https:\/\/english-munich.de\/training\/kreuzwortraetsel-berufe-buero-englisch\/\" class=\"bellows-target\"><span class=\"bellows-target-title bellows-target-text\">\ud83d\udd33Kreuzwortr\u00e4tsel Berufe B\u00fcro<\/span><\/a><\/li>\n<li id=\"menu-item-11281\" class=\"bellows-menu-item bellows-menu-item-type-post_type bellows-menu-item-object-page bellows-menu-item-11281 bellows-item-level-0\"><a  href=\"https:\/\/english-munich.de\/training\/kreuzwortraetsel-branchen-englisch\/\" class=\"bellows-target\"><span class=\"bellows-target-title bellows-target-text\">\ud83d\udd33Kreuzwortr\u00e4tsel Branchen<\/span><\/a><\/li>\n<li id=\"menu-item-11264\" class=\"bellows-menu-item bellows-menu-item-type-post_type bellows-menu-item-object-page bellows-menu-item-11264 bellows-item-level-0\"><a  href=\"https:\/\/english-munich.de\/training\/test-matching-game\/\" class=\"bellows-target\"><span class=\"bellows-target-title bellows-target-text\">\ud83e\udde6matching game  \/ Berufe<\/span><\/a><\/li>\n<\/ul><\/div>\r\n\r\n<\/div>\r\n<!-- The Modal -->\r\n\r\n<div id=\"myModal2\" class=\"modal\">\r\n<div class=\"modal-dialog\">\r\n<div class=\"modal-content\">\r\n\r\n<!-- Modal Header -->\r\n<div class=\"modal-header\">\r\n<h4 class=\"modal-title\">Berufsbezeichnungen Englisch B\u00fcro<\/h4>\r\n<button class=\"close\" type=\"button\" data-dismiss=\"modal\">\u00d7<\/button>\r\n\r\n<\/div>\r\n<!-- Modal body -->\r\n<div class=\"modal-body\"><img decoding=\"async\" class=\"img-responsive img-rounded\" title=\"Berufe-Englisch-B\u00fcro\" src=\"https:\/\/english-munich.de\/training\/wp-content\/uploads\/2022\/03\/Berufe-Englisch-Buero.jpg\" alt=\"Berufe-Englisch-B\u00fcro\"><\/div>\r\n<!-- Modal footer -->\r\n<div class=\"modal-footer\"><button class=\"btn btn-danger\" type=\"button\" data-dismiss=\"modal\">Close<\/button><\/div>\r\n<\/div>\r\n<\/div>\r\n<\/div>\r\n","protected":false},"excerpt":{"rendered":"Berufe Englisch B\u00fcro &#8211; Aufgaben Vokabular Berufe Englisch B\u00fcro &#8211; \u00dcbungen Beispiel Sozialarbeiter: \u24ffA person taking care of people fallen on hard times: &nbsp;&nbsp; don&#8217;t did social worker doesn&#8217;t did . Die richtige L\u00f6sung ist: &#8222;social worker&#8220;&nbsp;&nbsp;Tipp \u2611\ufe0f W\u00e4hle die richtige Option, mit der richtigen Berufsbezeichnung auf Englisch. Erg\u00e4nze den Satz auf Englisch sinnvoll: Einkaufssachbearbeiter: [&hellip;]","protected":false},"author":3,"featured_media":0,"parent":0,"menu_order":0,"comment_status":"closed","ping_status":"closed","template":"","meta":[],"_links":{"self":[{"href":"https:\/\/english-munich.de\/training\/wp-json\/wp\/v2\/pages\/11182"}],"collection":[{"href":"https:\/\/english-munich.de\/training\/wp-json\/wp\/v2\/pages"}],"about":[{"href":"https:\/\/english-munich.de\/training\/wp-json\/wp\/v2\/types\/page"}],"author":[{"embeddable":true,"href":"https:\/\/english-munich.de\/training\/wp-json\/wp\/v2\/users\/3"}],"replies":[{"embeddable":true,"href":"https:\/\/english-munich.de\/training\/wp-json\/wp\/v2\/comments?post=11182"}],"version-history":[{"count":10,"href":"https:\/\/english-munich.de\/training\/wp-json\/wp\/v2\/pages\/11182\/revisions"}],"predecessor-version":[{"id":11289,"href":"https:\/\/english-munich.de\/training\/wp-json\/wp\/v2\/pages\/11182\/revisions\/11289"}],"wp:attachment":[{"href":"https:\/\/english-munich.de\/training\/wp-json\/wp\/v2\/media?parent=11182"}],"curies":[{"name":"wp","href":"https:\/\/api.w.org\/{rel}","templated":true}]}}