{"id":11160,"date":"2022-03-22T13:12:53","date_gmt":"2022-03-22T13:12:53","guid":{"rendered":"https:\/\/english-munich.de\/training\/?page_id=11160"},"modified":"2022-03-24T08:40:52","modified_gmt":"2022-03-24T08:40:52","slug":"berufe-englisch-2","status":"publish","type":"page","link":"https:\/\/english-munich.de\/training\/berufe-englisch-2\/","title":{"rendered":"Berufe Englisch Handwerk"},"content":{"rendered":"<div class=\"jumbotron text-center\">\r\n<h2>Berufe Englisch Handwerk &#8211; Aufgaben<\/h2>\r\n  Vokabular <a href=\"https:\/\/de.pons.com\/p\/wissensecke\/wortschatz-to-go\/berufe-berufsbezeichnungen-englisch\">Berufe<\/a> Englisch Handwerk &#8211; \u00dcbungen \r\n\r\n<\/div>\r\n<div class=\"bs-example\">\r\n<div id=\"accordionExample\" class=\"accordion\">\r\n<div class=\"card\">\r\n<div id=\"headingOne\" class=\"card-header\">\r\n<h2 class=\"mb-0\" style=\"color: #000;\"><button class=\"btn btn-link collapsed\" type=\"button\" data-toggle=\"collapse\" data-target=\"#collapseOne\">Beispiel<\/button><\/h2>\r\n<\/div>\r\n<div id=\"collapseOne\" class=\"collapse\" aria-labelledby=\"headingOne\" data-parent=\"#accordionExample\">\r\n<div class=\"card-body\"><div><b>Sozialarbeiter:<\/b><\/div><br \/>\r\n<div class=\"form-inline\"><div class=\"row\"><div><label for=\"sel1\"><span class=\"number\">\u24ff<\/span>A person taking care of people fallen on hard times: <\/div>&nbsp;&nbsp;<div><select id=\"beispiel\" class=\"form-control\">\r\n<option value=\"wrong\">don&#8217;t did<\/option>\r\n<option value=\"correct\">social worker<\/option>\r\n<option value=\"wrong\">doesn&#8217;t did<\/option>\r\n<\/select><\/label>.<\/div><\/div><\/div><br \/>\r\n\r\nDie richtige L\u00f6sung ist: <b>&#8222;social worker&#8220;<\/b>&nbsp;&nbsp;<button class=\"btn-lg btn-info\" type=\"button\" value=\"submit\" data-toggle=\"modal\" data-target=\"#myModal\">Tipp<\/button>\r\n\r\n\r\n<\/div>\r\n<\/div>\r\n<\/div>\r\n<\/div>\r\n<br \/><br \/>\r\n<div class=\"container well\">\r\n<h4>\u2611\ufe0f W\u00e4hle die richtige Option, mit dem richtiger Berufsbezeichnung auf Englisch. Erg\u00e4nze den Satz auf Englisch sinnvoll:<\/h4>\r\n\r\n<hr>\r\n\r\n<br \/>\r\n<div class=\"container-fluid\">\r\n<div><b>Maurer:<\/b><\/div><br \/>\r\n<div class=\"form-inline\"><div class=\"row\"><div><label for=\"sel1\"><span class=\"number\">\u2776<\/span>A person skilled at building walls: <\/div>&nbsp;&nbsp; <div> <select id=\"q0\" class=\"form-control\">\r\n<option value=\"wrong\"><\/option>\r\n<option value=\"wrong\"> blockbuster <\/option>\r\n<option value=\"correct\"> bricklayer <\/option>\r\n<option value=\"wrong\"> wallmaker <\/option>\r\n<\/select><\/label>. <\/div><\/div><\/div><br \/>\r\n<p id=\"correct0\" align=\"left\"><\/p>\r\n<a class=\"btn btn-success tipp0 hidden\" style=\"text-decoration: none, color:white;\" title=\"Somebody skilled at building walls: bricklayer.\" href=\"#0\" data-toggle=\"popover\"  data-placement=\"top\" data-trigger=\"hover\" data-content=\" 'bricklayer' \u2794  'Maurer'.\">Tipp<\/a>\r\n\r\n\r\n<div><b>Fliesenleger:<\/b><\/div><br \/>\r\n<div class=\"form-inline\"><div class=\"row\"><div><label for=\"sel1\"><span class=\"number\">\u2777<\/span>To cover your bathroom with stone plates you need a: <\/div>&nbsp;&nbsp; <div><select id=\"q1\" class=\"form-control\">\r\n<option value=\"wrong\"><\/option>\r\n<option value=\"wrong\"> stone plater <\/option>\r\n<option value=\"wrong\"> bathroom breaker <\/option>\r\n<option value=\"correct\"> tile layer <\/option>\r\n<\/select>.<\/label><\/div><\/div><\/div><br \/>\r\n\r\n<p id=\"correct1\" align=\"left\"><\/p>\r\n<a class=\"btn btn-success tipp1 hidden\" style=\"text-decoration: none, color:white;\" title=\"In order to cover your bathroom with stone plates you need a tile layer\" href=\"#1\" data-toggle=\"popover\" data-placement=\"top\" data-trigger=\"hover\" data-content=\"'tile layer' \u2794  'Fliesenleger'.\">Tipp<\/a>\r\n\r\n<div><b>Elektriker:<\/b><\/div><br \/>\r\n<div class=\"form-inline\"><div class=\"row\"><div><label for=\"sel1\"><span class=\"number\">\u2778<\/span> \r\n<\/div> &nbsp;&nbsp; <div>Somebody who fits the cables for electricity in your new house: <select id=\"q2\" class=\"form-control\">\r\n<option value=\"wrong\"><\/option>\r\n<option value=\"wrong\"> electric chair <\/option>\r\n<option value=\"correct\">electrician <\/option>\r\n<option value=\"wrong\"> electrocuter <\/option>\r\n<\/select> .<\/label><\/div><\/div><\/div><br \/>\r\n\r\n<p id=\"correct2\" align=\"left\"><\/p>\r\n<a class=\"btn btn-success tipp2 hidden\" style=\"text-decoration: none, color:white;\" title=\"To fit the cables for electricity in your new house: electrician.\" href=\"#2\" data-toggle=\"popover\" data-placement=\"top\" data-trigger=\"hover\" data-content=\"'electrician' \u2794  'Elektriker'\">Tipp<\/a>\r\n\r\n<div><b>Dachdecker:<\/b><\/div><br \/>\r\n<div class=\"form-inline\"><div class=\"row\"><div><label for=\"sel1\"><span class=\"number\">\u2779<\/span>A person who covers the top of your house for protection against rain:<\/div>&nbsp;&nbsp;<div><select id=\"q3\" class=\"form-control\">\r\n<option value=\"wrong\"><\/option>\r\n<option value=\"wrong\"> black and decker <\/option>\r\n<option value=\"wrong\"> doubledecker <\/option>\r\n<option value=\"correct\"> roofer <\/option>\r\n<\/select><\/label> .<\/div><\/div><\/div><br \/>\r\n\r\n<p id=\"correct3\" align=\"left\"><\/p>\r\n<a class=\"btn btn-success tipp3 hidden\" style=\"text-decoration: none, color:white;\" title=\"A person who covers the top of your house for protection against rain: roofer.\" href=\"#3\" data-toggle=\"popover\" data-placement=\"top\" data-trigger=\"hover\" data-content=\"'roofer' \u2794  'Dachdecker'.\">Tipp<\/a>\r\n\r\n<div><b>Schreiner:<\/b><\/div><br \/>\r\n<div class=\"form-inline\"><div class=\"row\"><div><label for=\"sel1\"><span class=\"number\">\u277a<\/span>Somebody making furniture: <\/div>&nbsp;&nbsp; <div><select id=\"q4\" class=\"form-control\">\r\n<option value=\"wrong\"><\/option>\r\n<option value=\"wrong\">table top <\/option>\r\n<option value=\"correct\"> carpenter <\/option>\r\n<option value=\"wrong\"> carport <\/option>\r\n<\/select><\/label>.<\/div><\/div><\/div><br \/>\r\n\r\n<p id=\"correct4\" align=\"left\"><\/p>\r\n<a class=\"btn btn-success tipp4 hidden\" style=\"text-decoration: none, color:white;\" title=\"Somebody making furniture: carpenter\" href=\"#4\" data-toggle=\"popover\" data-placement=\"top\" data-trigger=\"hover\" data-content=\"'carpenter' \u2794  'Schreiner'.\">Tipp<\/a>\r\n\r\n<div><b>Automechaniker:<\/b><\/div><br \/>\r\n<div class=\"form-inline\"><div class=\"row\"><div><label for=\"sel1\"><span class=\"number\">\u277b<\/span>Somebody who can fix your car: <\/div>&nbsp;&nbsp; <div><select id=\"q5\" class=\"form-control\">\r\n<option value=\"wrong\"><\/option>\r\n<option value=\"wrong\"> autosuggest <\/option>\r\n<option value=\"wrong\"> automotive <\/option>\r\n<option value=\"correct\"> mechanic <\/option>\r\n<\/select>.<\/label><\/div><\/div><\/div><br \/>\r\n<p id=\"correct5\" align=\"left\"><\/p>\r\n<a class=\"btn btn-success tipp5 hidden\" style=\"text-decoration: none, color:white;\" title=\"Somebody who can fix your car:mechanic\" href=\"#5\" data-toggle=\"popover\" data-placement=\"top\" data-trigger=\"hover\" data-content=\"'Mechaniker' \u2794  'mechanic'.\">Tipp<\/a>\r\n\r\n<div><b>Stukkateur:<\/b><\/div><br \/>\r\n<div class=\"form-inline\"><div class=\"row\"><div><label for=\"sel1\"><span class=\"number\">\u277c<\/span>A person who applies decorative and protective elements to a wall: <\/div>&nbsp;&nbsp; <div><select id=\"q6\" class=\"form-control\">\r\n<option value=\"wrong\"><\/option>\r\n<option value=\"correct\"> plasterer <\/option>\r\n<option value=\"wrong\"> gypsy <\/option>\r\n<option value=\"wrong\"> decoy  <\/option>\r\n<\/select> .<\/label><\/div><\/div><\/div><br \/>\r\n<p id=\"correct6\" align=\"left\"><\/p>\r\n<a class=\"btn btn-success tipp6 hidden\" style=\"text-decoration: none, color:white;\" title=\"A person who applies decorative and protective elements to a wall: plasterer\" href=\"#6\" data-toggle=\"popover\" data-placement=\"top\" data-trigger=\"hover\" data-content=\"'plasterer' \u2794  'Stukkateur, Gipser'.\">Tipp<\/a>\r\n\r\n<div><b>Klempner:<\/b><\/div><br \/>\r\n<div class=\"form-inline\"><div class=\"row\"><div><label for=\"sel1\"><span class=\"number\">\u277d<\/span>Somebody who installs piping for water and heating: <\/div>&nbsp;&nbsp; <div><select id=\"q7\" class=\"form-control\">\r\n<option value=\"wrong\"><\/option>\r\n<option value=\"wrong\"> sanitizer <\/option>\r\n<option value=\"wrong\"> installment <\/option>\r\n<option value=\"correct\"> plumber <\/option>\r\n<\/select>.<\/label><\/div><\/div><\/div><br \/>\r\n<p id=\"correct7\" align=\"left\"><\/p>\r\n<a class=\"btn btn-success tipp7 hidden\" style=\"text-decoration: none, color:white;\" title=\"Somebody who installs piping for water and heating: plumber.\" href=\"#7\" data-toggle=\"popover\" data-placement=\"top\" data-trigger=\"hover\" data-content=\"'plumber' \u2794  'Klempner'.\">Tipp<\/a>\r\n\r\n<div><b>Trockenbauer:<\/b><\/div><br \/>\r\n<div class=\"form-inline\"><div class=\"row\"><div><label for=\"sel1\"><span class=\"number\">\u277e<\/span>A person applying covering for ceilings and walls: <\/div>&nbsp;&nbsp; <div><select id=\"q8\" class=\"form-control\">\r\n<option value=\"wrong\"><\/option>\r\n<option value=\"correct\"> drywaller <\/option>\r\n<option value=\"wrong\"> stonewaller <\/option>\r\n<option value=\"wrong\"> bricktop <\/option>\r\n<\/select> .<\/label><\/div><\/div><\/div><br \/>\r\n<p id=\"correct8\" align=\"left\"><\/p>\r\n<a class=\"btn btn-success tipp8 hidden\" style=\"text-decoration: none, color:white;\" title=\"A person applying covering for ceilings and walls: drywaller.\" href=\"#8\" data-toggle=\"popover\" data-placement=\"top\" data-trigger=\"hover\" data-content=\"'drywaller' \u2794  'Tockenbauer'.\">Tipp<\/a>\r\n\r\n<div><b>Landschaftsg\u00e4rtner:<\/b><\/div><br \/>\r\n<div class=\"form-inline\"><div class=\"row\"><div><label for=\"sel1\"><span class=\"number\">\u277f<\/span>Somebody who designs gardens and parks: <\/div>&nbsp;&nbsp; <div><select id=\"q9\" class=\"form-control\">\r\n<option value=\"wrong\"><\/option>\r\n<option value=\"wrong\"> greenhorn <\/option>\r\n<option value=\"wrong\"> green keeper <\/option>\r\n<option value=\"correct\"> landscaper <\/option>\r\n<\/select>. <\/label><\/div><\/div><\/div><br \/>\r\n<p id=\"correct9\" align=\"left\"><\/p>\r\n<a class=\"btn btn-success tipp9 hidden\" style=\"text-decoration: none, color:white;\" title=\"Somebody who designs gardens and parks: landscaper\" href=\"#9\" data-toggle=\"popover\" data-placement=\"top\" data-trigger=\"hover\" data-content=\"'landscaper' \u2794 'Landschaftsg\u00e4rtner'.\">Tipp<\/a>\r\n\r\n\r\n<\/div>\r\n<div class=\"container\">\r\n\r\n<!-- The Modal -->\r\n<div id=\"myModal\" class=\"modal\">\r\n<div class=\"modal-dialog\">\r\n<div class=\"modal-content\">\r\n\r\n<!-- Modal Header -->\r\n<div class=\"modal-header\">\r\n<h4 class=\"modal-title\">Berufe Englisch Handwerk<\/h4>\r\n<button class=\"close\" type=\"button\" data-dismiss=\"modal\">\u00d7<\/button>\r\n\r\n<\/div>\r\n<!-- Modal body -->\r\n<div class=\"modal-body\"><table class=\"table table-bordered table-sm table-hover\">\r\nVokabular Berufe Englisch: Im Berufsalltag kann es schon mal technisch werden. Deswegen kann es gut sein, dass Du die relevanten Berufsbezeichnungen auf Englisch nicht parat hast. Dies kann l\u00e4stig sein. Mit dieser \u00dcbung kannst Du aber in diesem Zusammenhang schnell Abhilfe schaffen. Denn dann f\u00fchlst Du Dich im Arbeitsalltag wohler.\r\n<thead>\r\n<tr class=\"table-danger\">\r\n<th colspan=\"2\">Berufe Englisch Handwerk<\/th>\r\n<\/tr>\r\n<\/thead>\r\n<tbody>\r\n\r\n<tr class=\"table-primary\">\r\n<td><b>Deutsch<\/b><\/td>\r\n<td><b>Englisch<\/b><\/td>\r\n\r\n<tr class=\"table-info\">\r\n<td><b><i class=\"text-danger\">Maurer<\/i><\/b><\/td>\r\n<td><b><i class=\"text-danger\">bricklayer<\/i><\/b><\/td>\r\n\r\n<\/tr>\r\n<tr class=\"table-info\">\r\n<td><b><i class=\"text-danger\">Fliesenleger <\/i> <\/b><\/td>\r\n<td><b><i class=\"text-danger\">tile layer<\/i> <\/b><\/td>\r\n<\/tr>\r\n<tr class=\"table-info\">\r\n<td><b><i class=\"text-danger\">Elektriker<\/i><\/b><\/td>\r\n<td><b><i class=\"text-danger\">electrician<\/i><\/b><\/td>\r\n<\/tr>\r\n<tr class=\"table-info\">\r\n<td><b><i class=\"text-danger\">Dachdecker<\/i><\/b><\/td>\r\n<td><b><i class=\"text-danger\">roofer<\/i><\/b><\/td>\r\n<\/tr>\r\n<tr class=\"table-info\">\r\n<td><b><i class=\"text-danger\">Schreiner<\/i><\/b><\/td>\r\n<td><b><i class=\"text-danger\">carpenter<\/i><\/b><\/td>\r\n<\/tr>\r\n<tr class=\"table-info\">\r\n<td><b><i class=\"text-danger\">Automechaniker<\/i><\/b><\/td>\r\n<td><b><i class=\"text-danger\">car mechanic<\/i><\/b><\/td>\r\n<\/tr>\r\n<tr class=\"table-info\">\r\n<td><b><i class=\"text-danger\">Stukkateur<\/i><\/b><\/td>\r\n<td><b><i class=\"text-danger\">plasterer<\/i><\/b><\/td>\r\n<\/tr>\r\n<tr class=\"table-info\">\r\n<td><b><i class=\"text-danger\">Klempner<\/i><\/b><\/td>\r\n<td><b><i class=\"text-danger\">plumber<\/i><\/b><\/td>\r\n<\/tr>\r\n<tr class=\"table-info\">\r\n<td><b><i class=\"text-danger\">Trockenbauer<\/i><\/b><\/td>\r\n<td><b><i class=\"text-danger\">drywaller<\/i><\/b><\/td>\r\n<\/tr>\r\n<tr class=\"table-info\">\r\n<td><b><i class=\"text-danger\">Landschaftsg\u00e4rtner<\/i><\/b><\/td>\r\n<td><b><i class=\"text-danger\">landscaper<\/i><\/b><\/td>\r\n<\/tr>\r\n<\/tbody>\r\n<\/table><\/div>\r\n<!-- Modal footer -->\r\n<div class=\"modal-footer\"><button class=\"btn btn-danger\" type=\"button\" data-dismiss=\"modal\">Close<\/button><\/div>\r\n<\/div>\r\n<\/div>\r\n<\/div>\r\n<\/div>\r\n<\/div>\r\n\r\n\r\n<hr>\r\n<button id=\"submitButton\" class=\"btn-lg btn-primary \" type=\"submit\" value=\"submit\">Pr\u00fcfen<\/button><button id=\"resetButton\" class=\"btn-lg btn-success\" type=\"submit\" onclick=\"refreshPage()\">Neustart<\/button><button id=\"submitButton\" class=\"btn-lg btn-info\" type=\"submit\" value=\"submit\" data-toggle=\"modal\" data-target=\"#myModal2\">Tipp<\/button>\r\n\r\n<p id=\"result\"><\/p>\r\n<p id=\"result2\"><\/p>\r\n<hr>\r\n\r\n<h3>Alle \u00dcbungen Berufe Englisch &#8211; Englisch\/Deutsch:<\/h3>\r\n\r\n<hr>\r\n\r\n<div id=\"bellows-main-84\" class=\"bellows bellows-nojs bellows-main bellows-source-menu bellows-align-full bellows-skin-vanilla bellows-type-\"><ul id=\"menu-berufe\" class=\"bellows-nav\" data-bellows-config=\"main\"><li id=\"menu-item-11174\" class=\"bellows-menu-item bellows-menu-item-type-post_type bellows-menu-item-object-page bellows-menu-item-11174 bellows-item-level-0\"><a  href=\"https:\/\/english-munich.de\/training\/berufe-englisch-2\/\" class=\"bellows-target\"><span class=\"bellows-target-title bellows-target-text\">\u2611\ufe0fBerufe Englisch Handwerk<\/span><\/a><\/li>\n<li id=\"menu-item-11191\" class=\"bellows-menu-item bellows-menu-item-type-post_type bellows-menu-item-object-page bellows-menu-item-11191 bellows-item-level-0\"><a  href=\"https:\/\/english-munich.de\/training\/berufe-englisch-buero-2\/\" class=\"bellows-target\"><span class=\"bellows-target-title bellows-target-text\">\u2611\ufe0fBerufe Englisch B\u00fcro<\/span><\/a><\/li>\n<li id=\"menu-item-11213\" class=\"bellows-menu-item bellows-menu-item-type-post_type bellows-menu-item-object-page bellows-menu-item-11213 bellows-item-level-0\"><a  href=\"https:\/\/english-munich.de\/training\/technische-berufe-englisch\/\" class=\"bellows-target\"><span class=\"bellows-target-title bellows-target-text\">\u2611\ufe0fBerufe Technik<\/span><\/a><\/li>\n<li id=\"menu-item-11235\" class=\"bellows-menu-item bellows-menu-item-type-post_type bellows-menu-item-object-page bellows-menu-item-11235 bellows-item-level-0\"><a  href=\"https:\/\/english-munich.de\/training\/berufe-englisch-gesundheitswesen\/\" class=\"bellows-target\"><span class=\"bellows-target-title bellows-target-text\">\u2611\ufe0fBerufe  Englisch Gesundheitswesen<\/span><\/a><\/li>\n<li id=\"menu-item-11263\" class=\"bellows-menu-item bellows-menu-item-type-post_type bellows-menu-item-object-page bellows-menu-item-11263 bellows-item-level-0\"><a  href=\"https:\/\/english-munich.de\/training\/branchen-englisch-2\/\" class=\"bellows-target\"><span class=\"bellows-target-title bellows-target-text\">\u2611\ufe0fBranchen \/ Berufsfelder<\/span><\/a><\/li>\n<li id=\"menu-item-11282\" class=\"bellows-menu-item bellows-menu-item-type-post_type bellows-menu-item-object-page bellows-menu-item-11282 bellows-item-level-0\"><a  href=\"https:\/\/english-munich.de\/training\/kreuzwortraetsel-berufe-handwerk-englisch\/\" class=\"bellows-target\"><span class=\"bellows-target-title bellows-target-text\">\ud83d\udd33Kreuzwortr\u00e4tsel Berufe Handwerk<\/span><\/a><\/li>\n<li id=\"menu-item-11280\" class=\"bellows-menu-item bellows-menu-item-type-post_type bellows-menu-item-object-page bellows-menu-item-11280 bellows-item-level-0\"><a  href=\"https:\/\/english-munich.de\/training\/kreuzwortraetsel-berufe-buero-englisch\/\" class=\"bellows-target\"><span class=\"bellows-target-title bellows-target-text\">\ud83d\udd33Kreuzwortr\u00e4tsel Berufe B\u00fcro<\/span><\/a><\/li>\n<li id=\"menu-item-11281\" class=\"bellows-menu-item bellows-menu-item-type-post_type bellows-menu-item-object-page bellows-menu-item-11281 bellows-item-level-0\"><a  href=\"https:\/\/english-munich.de\/training\/kreuzwortraetsel-branchen-englisch\/\" class=\"bellows-target\"><span class=\"bellows-target-title bellows-target-text\">\ud83d\udd33Kreuzwortr\u00e4tsel Branchen<\/span><\/a><\/li>\n<li id=\"menu-item-11264\" class=\"bellows-menu-item bellows-menu-item-type-post_type bellows-menu-item-object-page bellows-menu-item-11264 bellows-item-level-0\"><a  href=\"https:\/\/english-munich.de\/training\/test-matching-game\/\" class=\"bellows-target\"><span class=\"bellows-target-title bellows-target-text\">\ud83e\udde6matching game  \/ Berufe<\/span><\/a><\/li>\n<\/ul><\/div>\r\n\r\n<\/div>\r\n<!-- The Modal -->\r\n\r\n<div id=\"myModal2\" class=\"modal\">\r\n<div class=\"modal-dialog\">\r\n<div class=\"modal-content\">\r\n\r\n<!-- Modal Header -->\r\n<div class=\"modal-header\">\r\n<h4 class=\"modal-title\">Berufsbezeichnungen Englisch Handwerk<\/h4>\r\n<button class=\"close\" type=\"button\" data-dismiss=\"modal\">\u00d7<\/button>\r\n\r\n<\/div>\r\n<!-- Modal body -->\r\n<div class=\"modal-body\"><img decoding=\"async\" class=\"img-responsive img-rounded\" title=\"Berufe-Englisch-Handwerk\" src=\"https:\/\/english-munich.de\/training\/wp-content\/uploads\/2022\/03\/Berufe-Englisch.jpg\" alt=\"Berufe-Englisch-Handwerk\"><\/div>\r\n<!-- Modal footer -->\r\n<div class=\"modal-footer\"><button class=\"btn btn-danger\" type=\"button\" data-dismiss=\"modal\">Close<\/button><\/div>\r\n<\/div>\r\n<\/div>\r\n<\/div>\r\n","protected":false},"excerpt":{"rendered":"Berufe Englisch Handwerk &#8211; Aufgaben Vokabular Berufe Englisch Handwerk &#8211; \u00dcbungen Beispiel Sozialarbeiter: \u24ffA person taking care of people fallen on hard times: &nbsp;&nbsp; don&#8217;t did social worker doesn&#8217;t did . Die richtige L\u00f6sung ist: &#8222;social worker&#8220;&nbsp;&nbsp;Tipp \u2611\ufe0f W\u00e4hle die richtige Option, mit dem richtiger Berufsbezeichnung auf Englisch. Erg\u00e4nze den Satz auf Englisch sinnvoll: Maurer: [&hellip;]","protected":false},"author":3,"featured_media":0,"parent":0,"menu_order":0,"comment_status":"closed","ping_status":"closed","template":"","meta":[],"_links":{"self":[{"href":"https:\/\/english-munich.de\/training\/wp-json\/wp\/v2\/pages\/11160"}],"collection":[{"href":"https:\/\/english-munich.de\/training\/wp-json\/wp\/v2\/pages"}],"about":[{"href":"https:\/\/english-munich.de\/training\/wp-json\/wp\/v2\/types\/page"}],"author":[{"embeddable":true,"href":"https:\/\/english-munich.de\/training\/wp-json\/wp\/v2\/users\/3"}],"replies":[{"embeddable":true,"href":"https:\/\/english-munich.de\/training\/wp-json\/wp\/v2\/comments?post=11160"}],"version-history":[{"count":17,"href":"https:\/\/english-munich.de\/training\/wp-json\/wp\/v2\/pages\/11160\/revisions"}],"predecessor-version":[{"id":11209,"href":"https:\/\/english-munich.de\/training\/wp-json\/wp\/v2\/pages\/11160\/revisions\/11209"}],"wp:attachment":[{"href":"https:\/\/english-munich.de\/training\/wp-json\/wp\/v2\/media?parent=11160"}],"curies":[{"name":"wp","href":"https:\/\/api.w.org\/{rel}","templated":true}]}}