{"id":11107,"date":"2022-03-17T07:49:44","date_gmt":"2022-03-17T07:49:44","guid":{"rendered":"https:\/\/english-munich.de\/training\/?page_id=11107"},"modified":"2022-04-20T06:48:04","modified_gmt":"2022-04-20T06:48:04","slug":"simple-present-present-progressive-unterschied-ii-2","status":"publish","type":"page","link":"https:\/\/english-munich.de\/training\/simple-present-present-progressive-unterschied-ii-2\/","title":{"rendered":"Simple Present  Present Progressive Unterschied II"},"content":{"rendered":"\r\n<div class=\"jumbotron text-center\">\r\n<h2>Simple Present \/ Present Progressive Unterschied Aufgaben<\/h2>\r\n\u00dcbungen zum Unterschied zwischen Simple Present und Present Progressive (-ing Form)\r\n\r\n<\/div>\r\n<div class=\"bs-example\">\r\n<div id=\"accordionExample\" class=\"accordion\">\r\n<div class=\"card\">\r\n<div id=\"headingOne\" class=\"card-header\">\r\n<h2 class=\"number\"><button class=\"btn btn-link collapsed\" type=\"button\" data-toggle=\"collapse\" data-target=\"#collapseOne\">Beispiel<\/button><\/h2>\r\n<\/div>\r\n<div id=\"collapseOne\" class=\"collapse\" aria-labelledby=\"headingOne\" data-parent=\"#accordionExample\">\r\n<div class=\"card-body\">\r\n<div class=\"form-group\" style=\"width: 70%; margin: 10px;\"><label for=\"sel1\"><span class=\"number\">\u24ff<\/span>Mr. Black __________ the shopping himself.<\/label>\r\n<select id=\"beispiel\" class=\"form-control\">\r\n<option value=\"wrong\">don&#8217;t do<\/option>\r\n<option value=\"correct\">doesn&#8217;t do<\/option>\r\n<option value=\"wrong\">doesn&#8217;t <\/option>\r\n<\/select>\r\n\r\nDie richtige L\u00f6sung ist: <b>&#8222;doesn&#8217;t do&#8220;<\/b>&nbsp;&nbsp;<button class=\"btn-lg btn-info\" type=\"button\" value=\"submit\" data-toggle=\"modal\" data-target=\"#myModal2\">Tipp<\/button>\r\n\r\n<\/div>\r\n<\/div>\r\n<\/div>\r\n<\/div>\r\n<\/div>\r\n<br \/><br \/>\r\n<div class=\"container well\">\r\n<h4>\u2611\ufe0f W\u00e4hle die richtige Option des <i>Simple Present  (einfache Gegenwart) oder Present Progressive (-ing Form) <\/i>Achte auf die Signalw\u00f6rter!:<\/h4>\r\n\r\n\r\n<hr>\r\n\r\n<br \/>\r\n<div class=\"container-fluid\">\r\n<div class=\"form-group\" style=\"width: 70%;\"><label for=\"sel1\"><span class=\"number\">\u2776<\/span>He hardly __________ any coffee at all.<\/label>\r\n<select id=\"q0\" class=\"form-control\"><option value=\"wrong\"><\/option>\r\n<option value=\"wrong\">isn&#8217;t drinking<\/option>\r\n<option value=\"correct\">drinks<\/option>\r\n<option value=\"wrong\">doesn&#8217;t drinks<\/option>\r\n<\/select>\r\n<p id=\"correct0\" align=\"left\"><\/p>\r\n<a class=\"btn btn-success tipp0 hidden\" style=\"text-decoration: none, color:white;\" title=\"He hardly drinks any coffee at all.\" href=\"#0\" data-toggle=\"popover\" data-placement=\"top\" data-trigger=\"hover\" data-content=\"Der Ausdruck 'hardly' ist eines der typischen Signalw\u00f6rter f\u00fcr das 'Simple Present'. Deswegen musst Du 'drink' in die 'einfache Gegenwart' setzen. Au\u00dferdem achte auch darauf, dass bei der Bildung des 'Simple Present' in der 3. Person Einzahl ein 's' an die Grundform des Verbs angef\u00fcgt werden muss.\">Tipp<\/a>\r\n\r\n<\/div>\r\n<div class=\"form-group\" style=\"width: 70%;\"><label for=\"sel1\"><span class=\"number\">\u2777<\/span>The Lakers  __________ at home this week.<\/label>\r\n<select id=\"q1\" class=\"form-control\"><option value=\"wrong\"><\/option>\r\n<option value=\"correct\">are not playing<\/option>\r\n<option value=\"wrong\">don&#8217;t play<\/option>\r\n<option value=\"wrong\">playing not<\/option>\r\n<\/select>\r\n<p id=\"correct1\" align=\"left\"><\/p>\r\n<a class=\"btn btn-success tipp1 hidden\" style=\"text-decoration: none, color:white;\" title=\"The Lakers are not playing at home this week.\" href=\"#1\" data-toggle=\"popover\" data-placement=\"top\" data-trigger=\"hover\" data-content=\"Der Ausdruck 'this week' ist eines der typischen Signalw\u00f6rter f\u00fcr das 'Present Progressive'. Deshalb musst Du 'play' in das 'Present Progressive' setzen \u2794 'are playing'.\">Tipp<\/a>\r\n\r\n<\/div>\r\n<div class=\"form-group\" style=\"width: 70%;\"><label for=\"sel1\"><span class=\"number\">\u2778<\/span>We normally __________ the bus to school.<\/label>\r\n<select id=\"q2\" class=\"form-control\"><option value=\"wrong\"><\/option>\r\n<option value=\"wrong\">are taking<\/option>\r\n<option value=\"correct\">take<\/option>\r\n<option value=\"wrong\">taking<\/option>\r\n<\/select>\r\n<p id=\"correct2\" align=\"left\"><\/p>\r\n<a class=\"btn btn-success tipp2 hidden\" style=\"text-decoration: none, color:white;\" title=\"We normally take the bus to school.\" href=\"#2\" data-toggle=\"popover\" data-placement=\"top\" data-trigger=\"hover\" data-content=\"Der Ausdruck 'normally' ist eines der typischen Signalw\u00f6rter f\u00fcr das 'Simple Present'. Deswegen musst Du 'take' in die 'einfache Gegenwart' setzen. Bezieht sich  das Verb nicht auf die  3. Person Einzahl, bleibt es im 'Simple Present' unver\u00e4ndert \u2794 'take'.\">Tipp<\/a>\r\n\r\n<\/div>\r\n<div class=\"form-group\" style=\"width: 70%;\"><label for=\"sel1\"><span class=\"number\">\u2779<\/span>My brother __________an internship at BMW at present.<\/label>\r\n<select id=\"q3\" class=\"form-control\"><option value=\"wrong\"><\/option>\r\n<option value=\"wrong\">does<\/option>\r\n<option value=\"correct\">is doing<\/option>\r\n<option value=\"wrong\">don&#8217;t doing<\/option>\r\n<\/select>\r\n<p id=\"correct3\" align=\"left\"><\/p>\r\n<a class=\"btn btn-success tipp3 hidden\" style=\"text-decoration: none, color:white;\" title=\"My brother is doing an internship at BMW at present.\" href=\"#3\" data-toggle=\"popover\" data-placement=\"top\" data-trigger=\"hover\" data-content=\"Der Ausdruck 'at present' ist eines der typischen Signalw\u00f6rter f\u00fcr das 'Present Progressive'. Deshalb musst Du 'do' in das 'Present Progressive' setzen \u2794 'is doing'.\">Tipp<\/a>\r\n\r\n<\/div>\r\n<div class=\"form-group\" style=\"width: 70%;\"><label for=\"sel1\"><span class=\"number\">\u277a<\/span>They __________the building as we speak.<\/label>\r\n<select id=\"q4\" class=\"form-control\"><option value=\"wrong\"><\/option>\r\n<option value=\"wrong\">entering<\/option>\r\n<option value=\"wrong\">enter<\/option>\r\n<option value=\"correct\">are entering<\/option>\r\n<\/select>\r\n<p id=\"correct4\" align=\"left\"><\/p>\r\n<a class=\"btn btn-success tipp4 hidden\" style=\"text-decoration: none, color:white;\" title=\"They are entering the building as we speak.\" href=\"#4\" data-toggle=\"popover\" data-placement=\"top\" data-trigger=\"hover\" data-content=\"Der Ausdruck 'as we speak' ist eines der typischen Signalw\u00f6rter f\u00fcr das 'Present Progressive', deshalb musst Du 'enter' in das 'Present Progressive' setzen \u2794 'are entering'.\">Tipp<\/a>\r\n\r\n<\/div>\r\n<div class=\"form-group\" style=\"width: 70%;\"><label for=\"sel1\"><span class=\"number\">\u277b<\/span>Ms. Jones never __________ tested for Corona.<\/label>\r\n<select id=\"q5\" class=\"form-control\"><option value=\"wrong\"><\/option>\r\n<option value=\"wrong\"> is getting<\/option>\r\n<option value=\"wrong\">get<\/option>\r\n<option value=\"correct\">gets<\/option>\r\n<\/select>\r\n<p id=\"correct5\" align=\"left\"><\/p>\r\n<a class=\"btn btn-success tipp5 hidden\" style=\"text-decoration: none, color:white;\" title=\"Ms.Jones never gets tested or Corona.\" href=\"#5\" data-toggle=\"popover\" data-placement=\"top\" data-trigger=\"hover\" data-content=\"Der Ausdruck 'never' ist eines der typischen Signalw\u00f6rter f\u00fcr das 'Simple Present'. Deswegen musst Du 'get' in die 'einfache Gegenwart' setzen. Au\u00dferdem achte auch darauf, dass bei der Bildung des 'Simple Present' in der 3. Person Einzahl ein 's' an die Grundform des Verbs angef\u00fcgt werden muss \u2794 'gets'.\">Tipp<\/a>\r\n\r\n<\/div>\r\n<div class=\"form-group\" style=\"width: 70%;\"><label for=\"sel1\"><span class=\"number\">\u277c<\/span> We regularly __________ team building events.<\/label>\r\n<select id=\"q6\" class=\"form-control\"><option value=\"wrong\"><\/option>\r\n<option value=\"correct\">have<\/option>\r\n<option value=\"wrong\">are having<\/option>\r\n<option value=\"wrong\">has<\/option>\r\n<\/select>\r\n<p id=\"correct6\" align=\"left\"><\/p>\r\n<a class=\"btn btn-success tipp6 hidden\" style=\"text-decoration: none, color:white;\" title=\"We regularly have team building events.\" href=\"#6\" data-toggle=\"popover\" data-placement=\"top\" data-trigger=\"hover\" data-content=\"Der Ausdruck 'regularly' ist eines der typischen Signalw\u00f6rter f\u00fcr das 'Simple Present'. Deswegen musst Du 'have' in die 'einfache Gegenwart' setzen. Au\u00dferdem bezieht sich  das Verb nicht auf die  3. Person Einzahl, bleibt es im 'Simple Present' unver\u00e4ndert \u2794 'have'.\">Tipp<\/a>\r\n\r\n<\/div>\r\n<div class=\"form-group\" style=\"width: 70%;\"><label for=\"sel1\"><span class=\"number\">\u277d<\/span> Shh! Just now I _________ my boss.<\/label>\r\n<select id=\"q7\" class=\"form-control\"><option value=\"wrong\"><\/option>\r\n<option value=\"wrong\"> texting <\/option>\r\n<option value=\"wrong\"> is texting<\/option>\r\n<option value=\"correct\"> am texting<\/option>\r\n<\/select>\r\n<p id=\"correct7\" align=\"left\"><\/p>\r\n<a class=\"btn btn-success tipp7 hidden\" style=\"text-decoration: none, color:white;\" title=\"Just now I am texting my boss.\" href=\"#7\" data-toggle=\"popover\" data-placement=\"top\" data-trigger=\"hover\" data-content=\"Weiterhin ist der Ausdruck 'just now' ist eines der typischen Signalw\u00f6rter f\u00fcr das 'Present Progressive'. Deshalb musst Du 'text' in das 'Present Progressive' setzen \u2794 'am texting'. ('Text' bedeutet SMS schreiben\").>Tipp<\/a>\r\n\r\n<\/div>\r\n<div class=\"form-group\" style=\"width: 70%;\"><label for=\"sel1\"><span class=\"number\">\u277e<\/span> She __________ her Ferrari this week.<\/label>\r\n<select id=\"q8\" class=\"form-control\"><option value=\"wrong\"><\/option>\r\n<option value=\"correct\">is driving<\/option>\r\n<option value=\"wrong\">drives<\/option>\r\n<option value=\"wrong\">driving<\/option>\r\n<\/select>\r\n<p id=\"correct8\" align=\"left\"><\/p>\r\n<a class=\"btn btn-success tipp8 hidden\" style=\"text-decoration: none, color:white;\" title=\"She is driving her Ferrari this week.\" href=\"#8\" data-toggle=\"popover\" data-placement=\"top\" data-trigger=\"hover\" data-content=\"Der Ausdruck 'now' bedeutet, dass etwas vorr\u00fcbergehend passiert, deswegen 'Present Progressive'.\">Tipp<\/a>\r\n\r\n<\/div>\r\n<div class=\"form-group\" style=\"width: 70%;\"><label for=\"sel1\"><span class=\"number\">\u277f<\/span> Our relatives seldom ________ to visit.<\/label>\r\n<select id=\"q9\" class=\"form-control\"><option value=\"wrong\"><\/option>\r\n<option value=\"correct\">come<\/option>\r\n<option value=\"wrong\">comes<\/option>\r\n<option value=\"wrong\">aren&#8217;t coming<\/option>\r\n<\/select>\r\n<p id=\"correct9\" align=\"left\"><\/p>\r\n<a class=\"btn btn-success tipp9 hidden\" style=\"text-decoration: none, color:white;\" title=\"Our relatives seldom come to visit.\" href=\"#9\" data-toggle=\"popover\" data-placement=\"top\" data-trigger=\"hover\" data-content=\"Der Ausdruck 'seldom' ist eines der typischen Signalw\u00f6rter f\u00fcr das 'Simple Present'. Deswegen musst Du 'take' in die 'einfache Gegenwart' setzen. Au\u00dferdem bezieht sich  das Verb nicht auf die  3. Person Einzahl, deshalb bleibt es im 'Simple Present' unver\u00e4ndert \u2794 'come'.\">Tipp<\/a>\r\n\r\n<\/div>\r\n<\/div>\r\n<div class=\"container\">\r\n\r\n<!-- The Modal -->\r\n<div id=\"myModal\" class=\"modal\">\r\n<div class=\"modal-dialog\">\r\n<div class=\"modal-content\">\r\n\r\n<!-- Modal Header -->\r\n<div class=\"modal-header\">\r\n<h4 class=\"modal-title\">Simple Present \/ Present Progressive \/ Continous Unterschied<\/h4>\r\n<button class=\"close\" type=\"button\" data-dismiss=\"modal\">\u00d7<\/button>\r\n\r\n<\/div>\r\n<!-- Modal body -->\r\n<div class=\"modal-body\"><h2>Gebrauch Simple Present<\/h2>\r\nDas Simple Present wird benutzt, wenn eine Aktion gewohnheitsm\u00e4\u00dfig und mehr als einmal in der Gegenwart (Pr\u00e4sens) stattfindet. Weiterhin bezieht sich das Simple Present  meistens auf Gewohnheiten oder Dinge, die als Teil einer Routine ablaufen.\r\nSo beschreibt die einfache Gegenwart Handlungen, die sich auf berufsm\u00e4\u00dfige T\u00e4tigkeiten beziehen. Au\u00dferdem kommt es zum Einsatz, wenn man \u00fcber Hobbies spricht. Auch Dinge die sich regelm\u00e4\u00dfig wiederholen und Teil eines wiederkehrenden Zeitplans sind, werden im Simple Present benutzt.\r\n<h2>Signalw\u00f6rter<\/h2>\r\n<table class=\"table table-bordered table-sm\">\r\n<tbody>\r\n<tr class=\"table-danger\">\r\n<td>\r\n<b>Signalw\u00f6rter Simple Present<\/b><\/td>\r\n<\/tr>\r\n<tr class=\"table-success\">\r\n<td>\r\n<b><i>sometimes, never, usually, seldom, regularly, always, every day, often, mostly<\/i><\/b><\/td>\r\n<\/tr>\r\n<\/tbody>\r\n<\/table>\r\n<h2>Present Progressive Gebrauch<\/h2>\r\nDie Verlaufsform der Gegenwart wird verwendet, wenn eine Handlung gerade im Moment oder vor\u00fcbergehend stattfindet. \r\n<h2>Signalw\u00f6rter<\/h2>\r\n<table class=\"table table-bordered table-sm\">\r\n<tbody>\r\n<tr class=\"table-danger\">\r\n<td>\r\n<b>Signalw\u00f6rter Present Progressive<\/b><\/td>\r\n<\/tr>\r\n<tr class=\"table-success\">\r\n<td>\r\n<b><i> now, at the moment, just, today, this week, this year<\/i><\/b><\/td>\r\n<\/tr>\r\n<\/tbody>\r\n<\/table><\/div>\r\n<!-- Modal footer -->\r\n<div class=\"modal-footer\"><button class=\"btn btn-danger\" type=\"button\" data-dismiss=\"modal\">Close<\/button><\/div>\r\n<\/div>\r\n<\/div>\r\n<\/div>\r\n<\/div>\r\n<\/div>\r\n\r\n<hr>\r\n\r\n<div class=\"container\"><button id=\"submitButton\" class=\"btn-lg btn-primary \" type=\"submit\" value=\"submit\">Pr\u00fcfen<\/button><button id=\"resetButton\" class=\"btn-lg btn-success\" type=\"submit\" onclick=\"refreshPage()\">Neustart<\/button><button id=\"submitButton\" class=\"btn-lg btn-info\" type=\"submit\" value=\"submit\" data-toggle=\"modal\" data-target=\"#myModal\">Tipp<\/button>\r\n\r\n<\/div>\r\n\r\n<hr>\r\n\r\n\r\n\r\n<p id=\"result\"><\/p>\r\n<p id=\"result2\"><\/p>\r\n<hr>\r\n<h3>Alle \u00dcbungen Unterschied einfache Gegenwart \/ Present Continous<\/h3>\r\n<div id=\"bellows-main-19\" class=\"bellows bellows-nojs bellows-main bellows-source-menu bellows-align-full bellows-skin-vanilla bellows-type-\"><ul id=\"menu-present-simple-continous\" class=\"bellows-nav\" data-bellows-config=\"main\"><li id=\"menu-item-3818\" class=\"bellows-menu-item bellows-menu-item-type-post_type bellows-menu-item-object-page bellows-menu-item-3818 bellows-item-level-0\"><a  href=\"https:\/\/english-munich.de\/training\/simple-present-present-progressive-signalworter\/\" class=\"bellows-target\"><span class=\"bellows-target-title bellows-target-text\">\u2611\ufe0fSimple Present \/ Present Progressive Signalw\u00f6rter<\/span><\/a><\/li>\n<li id=\"menu-item-3816\" class=\"bellows-menu-item bellows-menu-item-type-post_type bellows-menu-item-object-page bellows-menu-item-3816 bellows-item-level-0\"><a  href=\"https:\/\/english-munich.de\/training\/simple-present-present-progressive-unterschied-ii\/\" class=\"bellows-target\"><span class=\"bellows-target-title bellows-target-text\">\u2611\ufe0fSimple Present  Present Progressive Unterschied<\/span><\/a><\/li>\n<li id=\"menu-item-11112\" class=\"bellows-menu-item bellows-menu-item-type-post_type bellows-menu-item-object-page bellows-menu-item-11112 bellows-item-level-0\"><a  href=\"https:\/\/english-munich.de\/training\/simple-present-present-progressive-unterschied-ii-2\/\" class=\"bellows-target\"><span class=\"bellows-target-title bellows-target-text\">\u2611\ufe0fSimple Present  Present Progressive Unterschied II<\/span><\/a><\/li>\n<li id=\"menu-item-11104\" class=\"bellows-menu-item bellows-menu-item-type-post_type bellows-menu-item-object-page bellows-menu-item-11104 bellows-item-level-0\"><a  href=\"https:\/\/english-munich.de\/training\/simple-present-present-progressive-unterschied-2\/\" class=\"bellows-target\"><span class=\"bellows-target-title bellows-target-text\">\u270d\ufe0fSimple Present \/ Present Progressive III<\/span><\/a><\/li>\n<li id=\"menu-item-3822\" class=\"bellows-menu-item bellows-menu-item-type-post_type bellows-menu-item-object-page bellows-menu-item-3822 bellows-item-level-0\"><a  href=\"https:\/\/english-munich.de\/training\/simple-present-present-progressive-unterschied\/\" class=\"bellows-target\"><span class=\"bellows-target-title bellows-target-text\">\u270d\ufe0fSimple Present \/ Present Progressive Unterschied IV<\/span><\/a><\/li>\n<li id=\"menu-item-11084\" class=\"bellows-menu-item bellows-menu-item-type-post_type bellows-menu-item-object-page bellows-menu-item-11084 bellows-item-level-0\"><a  href=\"https:\/\/english-munich.de\/training\/simple-present-present-progressive-unterschied-iii\/\" class=\"bellows-target\"><span class=\"bellows-target-title bellows-target-text\">\ud83d\uddb1\ufe0fSimple Present \/ Present Progressive V<\/span><\/a><\/li>\n<li id=\"menu-item-11093\" class=\"bellows-menu-item bellows-menu-item-type-post_type bellows-menu-item-object-page bellows-menu-item-11093 bellows-item-level-0\"><a  href=\"https:\/\/english-munich.de\/training\/simple-present-present-progressive-test\/\" class=\"bellows-target\"><span class=\"bellows-target-title bellows-target-text\">\ud83d\uddb1\ufe0fSimple Present \u2013 Present Progressive Test<\/span><\/a><\/li>\n<\/ul><\/div>\r\n\r\n<\/div>\r\n<!-- The Modal -->\r\n<div id=\"myModal2\" class=\"modal\">\r\n<div class=\"modal-dialog\">\r\n<div class=\"modal-content\">\r\n\r\n<!-- Modal Header -->\r\n<div class=\"modal-header\">\r\n<h4 class=\"modal-title\">Simple Present Present Progressive Unterschied<\/h4>\r\n<button class=\"close\" type=\"button\" data-dismiss=\"modal\">\u00d7<\/button>\r\n\r\n<\/div>\r\n<!-- Modal body -->\r\n<div class=\"modal-body\"><img decoding=\"async\" class=\"img-responsive img-rounded\" title=\"Simple-Present-Present-Progressive-Continous-Unterschied\" src=\"https:\/\/english-munich.de\/training\/wp-content\/uploads\/2022\/03\/Simple-Present-Present-Progressive-Unterschied-min.jpg\" alt=\"Simple-Present-Present-Progressive-Continous-Unterschied\"><\/div>\r\n<!-- Modal footer -->\r\n<div class=\"modal-footer\"><button class=\"btn btn-danger\" type=\"button\" data-dismiss=\"modal\">Close<\/button><\/div>\r\n<\/div>\r\n<\/div>\r\n<\/div>","protected":false},"excerpt":{"rendered":"Simple Present \/ Present Progressive Unterschied Aufgaben \u00dcbungen zum Unterschied zwischen Simple Present und Present Progressive (-ing Form) Beispiel \u24ffMr. Black __________ the shopping himself. don&#8217;t do doesn&#8217;t do doesn&#8217;t Die richtige L\u00f6sung ist: &#8222;doesn&#8217;t do&#8220;&nbsp;&nbsp;Tipp \u2611\ufe0f W\u00e4hle die richtige Option des Simple Present (einfache Gegenwart) oder Present Progressive (-ing Form) Achte auf die Signalw\u00f6rter!: [&hellip;]","protected":false},"author":3,"featured_media":0,"parent":0,"menu_order":0,"comment_status":"closed","ping_status":"closed","template":"","meta":[],"_links":{"self":[{"href":"https:\/\/english-munich.de\/training\/wp-json\/wp\/v2\/pages\/11107"}],"collection":[{"href":"https:\/\/english-munich.de\/training\/wp-json\/wp\/v2\/pages"}],"about":[{"href":"https:\/\/english-munich.de\/training\/wp-json\/wp\/v2\/types\/page"}],"author":[{"embeddable":true,"href":"https:\/\/english-munich.de\/training\/wp-json\/wp\/v2\/users\/3"}],"replies":[{"embeddable":true,"href":"https:\/\/english-munich.de\/training\/wp-json\/wp\/v2\/comments?post=11107"}],"version-history":[{"count":6,"href":"https:\/\/english-munich.de\/training\/wp-json\/wp\/v2\/pages\/11107\/revisions"}],"predecessor-version":[{"id":11467,"href":"https:\/\/english-munich.de\/training\/wp-json\/wp\/v2\/pages\/11107\/revisions\/11467"}],"wp:attachment":[{"href":"https:\/\/english-munich.de\/training\/wp-json\/wp\/v2\/media?parent=11107"}],"curies":[{"name":"wp","href":"https:\/\/api.w.org\/{rel}","templated":true}]}}