{"id":11072,"date":"2022-03-15T08:09:07","date_gmt":"2022-03-15T08:09:07","guid":{"rendered":"https:\/\/english-munich.de\/training\/?page_id=11072"},"modified":"2022-03-18T20:41:59","modified_gmt":"2022-03-18T20:41:59","slug":"simple-present-present-progressive-unterschied-iii","status":"publish","type":"page","link":"https:\/\/english-munich.de\/training\/simple-present-present-progressive-unterschied-iii\/","title":{"rendered":"Simple Present \/ Present Progressive Unterschied III"},"content":{"rendered":"<div class=\"jumbotron text-center\">\r\n<h2>Simple Present \/ Present Progressive Unterschied<\/h2>\r\n\u00dcbungen zum Unterschied von rise und raise \r\n\r\n<\/div>\r\n<div class=\"bs-example\">\r\n<div class=\"accordion\" id=\"accordionExample\">\r\n<div class=\"card\">\r\n<div class=\"card-header\" id=\"headingOne\">\r\n<h2 class=\"mb-0\" style=\"color:#000\">\r\n                    <button type=\"button\" class=\"btn btn-link collapsed\" data-toggle=\"collapse\" data-target=\"#collapseOne\">Beispiel<\/button><\/h2>\r\n<\/div>\r\n<div id=\"collapseOne\" class=\"collapse\" aria-labelledby=\"headingOne\" data-parent=\"#accordionExample\">\r\n<div class=\"card-body\">\r\n<div class=\"form\">\r\n\r\n<b><span class=\"number\">\u24ff<\/span><\/b>John always <input type=\"text\" class=\"form-control\" id=\"panel-beispiel\" disabled=\"\" value=\"wants\"> <b><i>&nbsp;(want)&nbsp;<\/i><\/b> to be first.\r\n<br \/>\r\nDie richtige L\u00f6sung ist: <i>wants&nbsp;&nbsp;<button class=\"btn-lg btn-info\" type=\"button\" data-toggle=\"modal\" data-target=\"#myModal\">Tipp<\/button><\/i>\r\n\r\n<\/div>\r\n<\/div>\r\n<\/div>\r\n<\/div>\r\n<\/div>\r\n<br \/>\r\n<div class=\"container well\">\r\n<h4>\u2061\r\n\ud83d\uddb1\ufe0fZiehe die richtige Option(Drag &amp; Drop) der korrekten Form entweder des <b>Simple Present<\/b> oder des <b>Present Progressive<\/b> in die L\u00fccken:<\/h4>\r\n\r\n<hr>\r\n\r\n<br \/>\r\n<div class=\"container-fluid answer-container\">\r\n<div>\r\n<ul class=\"answer-container1\">\r\n        <li class=\"drop\">is increasing<\/li>\r\n        <li class=\"drop\">are playing<\/li>\r\n \t<li class=\"drop\">asks<\/li>\r\n \t<li class=\"drop\">doesn&#8217;t rise<\/li>\r\n \t<li class=\"drop\">is eating<\/li>\r\n        <li class=\"drop\">drink<\/li>\r\n \t<li class=\"drop\">is arriving<\/li>\r\n \t<li class=\"drop\">eat<\/li>\r\n \t<li class=\"drop\">listen<\/li>\r\n \t<li class=\"drop\">is explaining<\/li>\t\r\n<\/ul>\r\n<\/div>\r\n<div id=\"test-container\" class=\"container-fluid\">\r\n<div class=\"table\">\r\n<div class=\"table-row\">\r\n<div class=\"table-cell small\"><span class=\"number\"><b>\u2776<\/b><\/span>She always <\/div>\r\n<div class=\"table-cell ziel\" id=\"ziel1\">\r\n<ul class=\"ziel1\"><\/ul>\r\n<\/div>\r\n<div class=\"table-cell\">many questions.<\/div>\r\n<\/div>\r\n<div class=\"table-cell small\"><\/div>\r\n<div id=\"result1\"><\/div>\r\n<div><a button=\"\" class=\"btn btn-success tipp1 hidden\" aria-hidden=\"true\" href=\"#8\" title=\"She often asks many questions.\" data-toggle=\"popover\" data-placement=\"top\" data-trigger=\"hover\" style=\"text-decoration: none, color:white\" data-content=\"'Always' ist ein typisches Signalwort f\u00fcr das  'simple present (einfache Gegenwart)'  \u2794 'She always asks too many questions'.\">Tipp<\/a><\/div>\r\n<div class=\"table-row\">\r\n<div class=\"table-cell small\"><span class=\"number\"><b>\u2777<\/b><\/span>We <\/div>\r\n<div class=\"table-cell ziel\" id=\"ziel2\">\r\n<ul class=\"ziel1\"><\/ul>\r\n<\/div>\r\n<div class=\"table-cell\">squash right now.<\/div>\r\n<\/div>\r\n<div class=\"table-cell small\"><\/div>\r\n<div id=\"result2\"><\/div>\r\n<div><a button=\"\" class=\"btn btn-success tipp2 hidden\" aria-hidden=\"true\" href=\"#8\" title=\"We are playing squash right now.\" data-toggle=\"popover\" data-placement=\"top\" data-trigger=\"hover\" style=\"text-decoration: none, color:white\" data-content=\"'Right now' ist ein typisches Signalwort f\u00fcr das Present Progressive' (Verlaufsform der Gegenwart) \u2794 'She is asking too many questions right now'.\">Tipp<\/a><\/div>\r\n<div class=\"table-row\">\r\n<div class=\"table-cell small\"><span class=\"number\"><b>\u2778<\/b><\/span>The sun<\/div>\r\n<div class=\"table-cell ziel\" id=\"ziel3\">\r\n<ul class=\"ziel1\"><\/ul>\r\n<\/div>\r\n<div class=\"table-cell\">in the West.<\/div>\r\n<\/div>\r\n<div class=\"table-cell small\"><\/div>\r\n<div id=\"result3\"><\/div>\r\n<div><a button=\"\" class=\"btn btn-success tipp3 hidden\" aria-hidden=\"true\" href=\"#8\" title=\"The sun doesn't rise in the West.\" data-toggle=\"popover\" data-placement=\"top\" data-trigger=\"hover\" style=\"text-decoration: none, color:white\" data-content=\"'Doesn't rise' ist im 'Simple Present', weil die Sonne niemals im Westen aufgeht.\">Tipp<\/a><\/div>\r\n<div class=\"table-cell small\"><\/div>\r\n<div id=\"result2\"><\/div>\r\n<div class=\"table-row\">\r\n<div class=\"table-cell small\"><span class=\"number\"><b>\u2779<\/b><\/span>The city <\/div>\r\n<div class=\"table-cell ziel\" id=\"ziel4\">\r\n<ul class=\"ziel1\"><\/ul>\r\n<\/div>\r\n<div class=\"table-cell\">the living standards.<\/div>\r\n<\/div>\r\n<div class=\"table-cell small\"><\/div>\r\n<div id=\"result4\"><\/div>\r\n<div><a button=\"\" class=\"btn btn-success tipp4 hidden\" aria-hidden=\"true\" href=\"#8\" title=\"The city is increasing...\" data-toggle=\"popover\" data-placement=\"top\" data-trigger=\"hover\" style=\"text-decoration: none, color:white\" data-content=\"'Is increasing', weil die Steigerung des Lebensstandards ein vorr\u00fcbergehender Zustand ist \u2794 'deswegen Present Progressiv (Gegenwart in der Verlaufsform)'.\">Tipp<\/a><\/div>\r\n<div class=\"table-cell small\"><\/div>\r\n<div id=\"result2\"><\/div>\r\n<div class=\"table-row\">\r\n<div class=\"table-cell small\"><span class=\"number\"><b>\u277a<\/b><\/span>We mostly<\/div>\r\n<div class=\"table-cell ziel\" id=\"ziel5\">\r\n<ul class=\"ziel1\"><\/ul>\r\n<\/div>\r\n<div class=\"table-cell\">salads on Monday.<\/div>\r\n<\/div>\r\n<div class=\"table-cell small\"><\/div>\r\n<div id=\"result5\"><\/div>\r\n<div><a button=\"\" class=\"btn btn-success tipp5 hidden\" aria-hidden=\"true\" href=\"#8\" title=\"We mostly eat salads on Monday.\" data-toggle=\"popover\" data-placement=\"top\" data-trigger=\"hover\" style=\"text-decoration: none, color:white\" data-content=\"'Mostly' ist ein typisches Signalwort des 'Simple Present' (einfache Form der Gegenwart) \u2794 'mostly eat'.\">Tipp<\/a><\/div>\r\n<div class=\"table-cell small\"><\/div>\r\n<div id=\"result2\"><\/div>\r\n<div class=\"table-row\">\r\n<div class=\"table-cell small\"><span class=\"number\"><b>\u277b<\/b><\/span>Look! He <\/div>\r\n<div class=\"table-cell ziel\" id=\"ziel6\">\r\n<ul class=\"ziel1\"><\/ul>\r\n<\/div>\r\n<div class=\"table-cell\">a hamburger.<\/div>\r\n<\/div>\r\n<div class=\"table-cell small\"><\/div>\r\n<div id=\"result6\"><\/div>\r\n<div><a button=\"\" class=\"btn btn-success tipp6 hidden\" aria-hidden=\"true\" href=\"#8\" title=\"Look! He is eating a hamburger.\" data-toggle=\"popover\" data-placement=\"top\" data-trigger=\"hover\" style=\"text-decoration: none, color:white\" data-content=\"'Look!' ist ein typisches Signalwort f\u00fcr das Present Progressive' (Verlaufsform der Gegenwart) \u2794 'He is eating a hamburger.'\">Tipp<\/a><\/div>\r\n<div class=\"table-cell small\"><\/div>\r\n<div id=\"result2\"><\/div>\r\n<div class=\"table-row\">\r\n<div class=\"table-cell small\"><span class=\"number\"><b>\u277c<\/b><\/span>You never<\/div>\r\n<div class=\"table-cell ziel\" id=\"ziel7\">\r\n<ul class=\"ziel1\"><\/ul>\r\n<\/div>\r\n<div class=\"table-cell\">to your teacher.<\/div>\r\n<\/div>\r\n<div class=\"table-cell small\"><\/div>\r\n<div id=\"result7\"><\/div>\r\n<div><a button=\"\" class=\"btn btn-success tipp7 hidden\" aria-hidden=\"true\" href=\"#8\" title=\"You never listen to your teacher.\" data-toggle=\"popover\" data-placement=\"top\" data-trigger=\"hover\" style=\"text-decoration: none, color:white\" data-content=\"'Never' ist ein typisches Signalwort des 'Simple Present' (einfache Form der Gegenwart) \u2794 'never listen'.\">Tipp<\/a><\/div>\r\n<div class=\"table-cell small\"><\/div>\r\n<div id=\"result2\"><\/div>\r\n<div class=\"table-row\">\r\n<div class=\"table-cell small\"><span class=\"number\"><b>\u277d<\/b><\/span>The president<\/div>\r\n<div class=\"table-cell ziel\" id=\"ziel8\">\r\n<ul class=\"ziel1\"><\/ul>\r\n<\/div>\r\n<div class=\"table-cell\">as we speak.<\/div>\r\n<\/div>\r\n<div class=\"table-cell small\"><\/div>\r\n<div id=\"result8\"><\/div>\r\n<div><a button=\"\" class=\"btn btn-success tipp8 hidden\" aria-hidden=\"true\" href=\"#8\" title=\"The president is arriving as we speak.\" data-toggle=\"popover\" data-placement=\"top\" data-trigger=\"hover\" style=\"text-decoration: none, color:white\" data-content=\"'As we speak' ist ein typisches Signalwort f\u00fcr das Present Progressive' (Verlaufsform der Gegenwart) \u2794 'The president is arriving.'\">Tipp<\/a><\/div>\r\n<div class=\"table-cell small\"><\/div>\r\n<div id=\"result2\"><\/div>\r\n<div class=\"table-row\">\r\n<div class=\"table-cell small\"><span class=\"number\"><b>\u277e<\/b><\/span>Listen! She <\/div>\r\n<div class=\"table-cell ziel\" id=\"ziel9\">\r\n<ul class=\"ziel1\"><\/ul>\r\n<\/div>\r\n<div class=\"table-cell\"> something.<\/div>\r\n<\/div>\r\n<div class=\"table-cell small\"><\/div>\r\n<div id=\"result9\"><\/div>\r\n<div><a button=\"\" class=\"btn btn-success tipp9 hidden\" aria-hidden=\"true\" href=\"#8\" title=\"Listen! The teacher is explaining something.\" data-toggle=\"popover\" data-placement=\"top\" data-trigger=\"hover\" style=\"text-decoration: none, color:white\" data-content=\"'Listen!' ist ein typisches Signalwort f\u00fcr das Present Progressive' (Verlaufsform der Gegenwart) \u2794 'The teacher is explaining something.'\">Tipp<\/a><\/div>\r\n<div class=\"table-cell small\"><\/div>\r\n<div id=\"result\"><\/div>\r\n<div class=\"table-row\">\r\n<div class=\"table-cell small\"><span class=\"number\"><b>\u277f<\/b><\/span>They sometimes<\/div>\r\n<div class=\"table-cell ziel\" id=\"ziel10\">\r\n<ul class=\"ziel1\"><\/ul>\r\n<\/div>\r\n<div class=\"table-cell\"> green tea.<\/div>\r\n<\/div>\r\n<div class=\"table-cell small\"><\/div>\r\n<div id=\"result10\"><\/div>\r\n<div><a button=\"\" class=\"btn btn-success tipp10 hidden\" aria-hidden=\"true\" href=\"#8\" title=\"They sometimes drink green tea.\" data-toggle=\"popover\" data-placement=\"top\" data-trigger=\"hover\" style=\"text-decoration: none, color:white\" data-content=\"'Sometimes' ist ein typisches Signalwort des 'Simple Present' (einfache Form der Gegenwart) \u2794 'sometimes  drink'.\">Tipp<\/a><\/div>\r\n<\/div>\r\n\r\n\r\n<div class=\"container\">\r\n\r\n<!-- The Modal -->\r\n<div id=\"myModal\" class=\"modal\">\r\n<div class=\"modal-dialog\">\r\n<div class=\"modal-content\">\r\n\r\n<!-- Modal Header -->\r\n<div class=\"modal-header\">\r\n<h4 class=\"modal-title\">Simple Present \/ Present Progressive Unterschied<\/h4>\r\n<button class=\"close\" type=\"button\" data-dismiss=\"modal\">\u00d7<\/button>\r\n\r\n<\/div>\r\n<!-- Modal body -->\r\n<div class=\"modal-body well\"><h2>Gebrauch Simple Present<\/h2>\r\nDas Simple Present wird benutzt, wenn eine Aktion gewohnheitsm\u00e4\u00dfig und mehr als einmal in der Gegenwart(Pr\u00e4sens) stattfindet.\r\n<h2>Signalw\u00f6rter<\/h2>\r\n<table class=\"table table-bordered table-sm\">\r\n<tbody>\r\n<tr class=\"table-danger\">\r\n<td>\r\n<b>Signalw\u00f6rter Simple Present<\/b><\/td>\r\n<\/tr>\r\n<tr class=\"table-success\">\r\n<td>\r\n<b><i>sometimes, never, usually, always, every day, often, mostly<\/i><\/b><\/td>\r\n<\/tr>\r\n<\/tbody>\r\n<\/table>\r\n<h2>Present Progressive Gebrauch<\/h2>\r\nDas Present Progressive wird verwendet, wenn eine Handlung gerade im Moment oder vorr\u00fcbergehend stattfindet.\r\n<h2>Signalw\u00f6rter<\/h2>\r\n<table class=\"table table-bordered table-sm\">\r\n<tbody>\r\n<tr class=\"table-danger\">\r\n<td>\r\n<b>Signalw\u00f6rter Present Progressive<\/b><\/td>\r\n<\/tr>\r\n<tr class=\"table-success\">\r\n<td>\r\n<b><i> now, at the moment, just, today, this week, this year<\/i><\/b><\/td>\r\n<\/tr>\r\n<\/tbody>\r\n<\/table><\/div>\r\n<!-- Modal footer -->\r\n<div class=\"modal-footer\"><button class=\"btn btn-danger\" type=\"button\" data-dismiss=\"modal\">Close<\/button><\/div>\r\n<\/div>\r\n<\/div>\r\n<\/div>\r\n<\/div>\r\n<\/div>\r\n<\/div>\r\n<\/div>\r\n\r\n<div class=\"container\">\r\n\r\n<hr>\r\n\r\n<button id=\"submitButton\" class=\"btn-lg btn-primary \" type=\"submit\" value=\"submit\">Pr\u00fcfen<\/button><button id=\"resetButton\" class=\"btn-lg btn-success\" type=\"submit\" onclick=\"refreshPage()\">Neustart<\/button><button id=\"submitButton\" class=\"btn-lg btn-info\" type=\"button\" value=\"submit\" data-toggle=\"modal\" data-target=\"#myModal\">Tipp<\/button>\r\n\r\n<hr>\r\n\r\n\r\n\r\n<p id=\"ergebnis\"><\/p>\r\n<p id=\"ergebnis2\"><\/p>\r\n<b><\/b>\r\n<h3>Alle \u00dcbungen rise &#8211; raise &#8211; Unterschied:<\/h3>\r\n<hr>\r\n<div id=\"bellows-main-19\" class=\"bellows bellows-nojs bellows-main bellows-source-menu bellows-align-full bellows-skin-vanilla bellows-type-\"><ul id=\"menu-present-simple-continous\" class=\"bellows-nav\" data-bellows-config=\"main\"><li id=\"menu-item-3818\" class=\"bellows-menu-item bellows-menu-item-type-post_type bellows-menu-item-object-page bellows-menu-item-3818 bellows-item-level-0\"><a  href=\"https:\/\/english-munich.de\/training\/simple-present-present-progressive-signalworter\/\" class=\"bellows-target\"><span class=\"bellows-target-title bellows-target-text\">\u2611\ufe0fSimple Present \/ Present Progressive Signalw\u00f6rter<\/span><\/a><\/li>\n<li id=\"menu-item-3816\" class=\"bellows-menu-item bellows-menu-item-type-post_type bellows-menu-item-object-page bellows-menu-item-3816 bellows-item-level-0\"><a  href=\"https:\/\/english-munich.de\/training\/simple-present-present-progressive-unterschied-ii\/\" class=\"bellows-target\"><span class=\"bellows-target-title bellows-target-text\">\u2611\ufe0fSimple Present  Present Progressive Unterschied<\/span><\/a><\/li>\n<li id=\"menu-item-11112\" class=\"bellows-menu-item bellows-menu-item-type-post_type bellows-menu-item-object-page bellows-menu-item-11112 bellows-item-level-0\"><a  href=\"https:\/\/english-munich.de\/training\/simple-present-present-progressive-unterschied-ii-2\/\" class=\"bellows-target\"><span class=\"bellows-target-title bellows-target-text\">\u2611\ufe0fSimple Present  Present Progressive Unterschied II<\/span><\/a><\/li>\n<li id=\"menu-item-11104\" class=\"bellows-menu-item bellows-menu-item-type-post_type bellows-menu-item-object-page bellows-menu-item-11104 bellows-item-level-0\"><a  href=\"https:\/\/english-munich.de\/training\/simple-present-present-progressive-unterschied-2\/\" class=\"bellows-target\"><span class=\"bellows-target-title bellows-target-text\">\u270d\ufe0fSimple Present \/ Present Progressive III<\/span><\/a><\/li>\n<li id=\"menu-item-3822\" class=\"bellows-menu-item bellows-menu-item-type-post_type bellows-menu-item-object-page bellows-menu-item-3822 bellows-item-level-0\"><a  href=\"https:\/\/english-munich.de\/training\/simple-present-present-progressive-unterschied\/\" class=\"bellows-target\"><span class=\"bellows-target-title bellows-target-text\">\u270d\ufe0fSimple Present \/ Present Progressive Unterschied IV<\/span><\/a><\/li>\n<li id=\"menu-item-11084\" class=\"bellows-menu-item bellows-menu-item-type-post_type bellows-menu-item-object-page bellows-menu-item-11084 bellows-item-level-0\"><a  href=\"https:\/\/english-munich.de\/training\/simple-present-present-progressive-unterschied-iii\/\" class=\"bellows-target\"><span class=\"bellows-target-title bellows-target-text\">\ud83d\uddb1\ufe0fSimple Present \/ Present Progressive V<\/span><\/a><\/li>\n<li id=\"menu-item-11093\" class=\"bellows-menu-item bellows-menu-item-type-post_type bellows-menu-item-object-page bellows-menu-item-11093 bellows-item-level-0\"><a  href=\"https:\/\/english-munich.de\/training\/simple-present-present-progressive-test\/\" class=\"bellows-target\"><span class=\"bellows-target-title bellows-target-text\">\ud83d\uddb1\ufe0fSimple Present \u2013 Present Progressive Test<\/span><\/a><\/li>\n<\/ul><\/div>\r\n<\/div>\r\n<\/div>","protected":false},"excerpt":{"rendered":"Simple Present \/ Present Progressive Unterschied \u00dcbungen zum Unterschied von rise und raise Beispiel \u24ffJohn always &nbsp;(want)&nbsp; to be first. Die richtige L\u00f6sung ist: wants&nbsp;&nbsp;Tipp \u2061 \ud83d\uddb1\ufe0fZiehe die richtige Option(Drag &amp; Drop) der korrekten Form entweder des Simple Present oder des Present Progressive in die L\u00fccken: is increasing are playing asks doesn&#8217;t rise is eating [&hellip;]","protected":false},"author":3,"featured_media":0,"parent":0,"menu_order":0,"comment_status":"closed","ping_status":"closed","template":"","meta":[],"_links":{"self":[{"href":"https:\/\/english-munich.de\/training\/wp-json\/wp\/v2\/pages\/11072"}],"collection":[{"href":"https:\/\/english-munich.de\/training\/wp-json\/wp\/v2\/pages"}],"about":[{"href":"https:\/\/english-munich.de\/training\/wp-json\/wp\/v2\/types\/page"}],"author":[{"embeddable":true,"href":"https:\/\/english-munich.de\/training\/wp-json\/wp\/v2\/users\/3"}],"replies":[{"embeddable":true,"href":"https:\/\/english-munich.de\/training\/wp-json\/wp\/v2\/comments?post=11072"}],"version-history":[{"count":13,"href":"https:\/\/english-munich.de\/training\/wp-json\/wp\/v2\/pages\/11072\/revisions"}],"predecessor-version":[{"id":11119,"href":"https:\/\/english-munich.de\/training\/wp-json\/wp\/v2\/pages\/11072\/revisions\/11119"}],"wp:attachment":[{"href":"https:\/\/english-munich.de\/training\/wp-json\/wp\/v2\/media?parent=11072"}],"curies":[{"name":"wp","href":"https:\/\/api.w.org\/{rel}","templated":true}]}}