{"id":11046,"date":"2022-03-13T18:58:36","date_gmt":"2022-03-13T18:58:36","guid":{"rendered":"https:\/\/english-munich.de\/training\/?page_id=11046"},"modified":"2022-03-13T18:58:36","modified_gmt":"2022-03-13T18:58:36","slug":"vokabular-umweltschutz-nachhaltigkeit-englisch-v","status":"publish","type":"page","link":"https:\/\/english-munich.de\/training\/vokabular-umweltschutz-nachhaltigkeit-englisch-v\/","title":{"rendered":"Vokabular Umweltschutz \/ Nachhaltigkeit Englisch V"},"content":{"rendered":"<div class=\"jumbotron text-center\">\r\n<h2>Vokabular &#8211; Umweltschutz &#8211; Nachhaltigkeit &#8211; Englisch &#8211; Aufgaben<\/h2>\r\n  Umweltschutz &#8211; Nachhaltigkeit &#8211; \u00dcbungen \r\n\r\n<\/div>\r\n<div class=\"bs-example\">\r\n<div id=\"accordionExample\" class=\"accordion\">\r\n<div class=\"card\">\r\n<div id=\"headingOne\" class=\"card-header\">\r\n<h2 class=\"mb-0\" style=\"color: #000;\"><button class=\"btn btn-link collapsed\" type=\"button\" data-toggle=\"collapse\" data-target=\"#collapseOne\">Beispiel<\/button><\/h2>\r\n<\/div>\r\n<div id=\"collapseOne\" class=\"collapse\" aria-labelledby=\"headingOne\" data-parent=\"#accordionExample\">\r\n<div class=\"card-body\"><div><b>biologisch abbaubar:<\/b><\/div><br \/>\r\n<div class=\"form-inline\"><div class=\"row\"><div><label for=\"sel1\"><span class=\"number\">\u24ff<\/span>Waste that can be decomposed by organic organisms <\/div>&nbsp;&nbsp;<div><select id=\"beispiel\" class=\"form-control\">\r\n<option value=\"wrong\">don&#8217;t did<\/option>\r\n<option value=\"correct\">biodegradable<\/option>\r\n<option value=\"wrong\">doesn&#8217;t did<\/option>\r\n<\/select><\/label>.<\/div><\/div><\/div><br \/>\r\n\r\nDie richtige L\u00f6sung ist: <b>&#8222;biodegradable&#8220;<\/b>&nbsp;&nbsp;<button class=\"btn-lg btn-info\" type=\"button\" value=\"submit\" data-toggle=\"modal\" data-target=\"#myModal\">Tipp<\/button>\r\n\r\n\r\n<\/div>\r\n<\/div>\r\n<\/div>\r\n<\/div>\r\n<br \/><br \/>\r\n<div class=\"container well\">\r\n<h4>\u2611\ufe0f W\u00e4hle die richtige Option, mit dem richtigen Wort f\u00fcr Umweltschutz, Nachhaltigkeit, um den Satz auf Englisch sinnvoll zu erg\u00e4nzen:<\/h4>\r\n\r\n<hr>\r\n\r\n<br \/>\r\n<div class=\"container-fluid\">\r\n\r\n<div class=\"form-inline\"><div class=\"row\"><div><label for=\"sel1\"><span class=\"number\">\u2776<\/span>The <\/div>&nbsp;&nbsp; <div> <select id=\"q0\" class=\"form-control\">\r\n<option value=\"wrong\"><\/option>\r\n<option value=\"wrong\"> geothermal  <\/option>\r\n<option value=\"wrong\"> vampire power<\/option>\r\n<option value=\"wrong\"> e-waste <\/option>\r\n<option value=\"wrong\"> sustainable  <\/option>\r\n<option value=\"correct\"> combustion engine<\/option>\r\n<option value=\"wrong\"> carbon backpack <\/option>\r\n<option value=\"wrong\"> organic light emitting diode <\/option>\r\n<option value=\"wrong\"> hydrogen<\/option>\r\n<option value=\"wrong\"> night purge <\/option>\r\n<option value=\"wrong\"> grey water  <\/option>\r\n<\/select><\/label> will be phased out by its electric version. <\/div><\/div><\/div><br \/>\r\n<p id=\"correct0\" align=\"left\"><\/p>\r\n<a class=\"btn btn-success tipp0 hidden\" style=\"text-decoration: none, color:white;\" title=\"The combustion engine will be phased out by its electric version.\" href=\"#0\" data-toggle=\"popover\"  data-placement=\"top\" data-trigger=\"hover\" data-content=\" 'combustion engine' \u2794  'Verbrennungsmotor'.\">Tipp<\/a>\r\n\r\n\r\n\r\n<div class=\"form-inline\"><div class=\"row\"><div><label for=\"sel1\"><span class=\"number\">\u2777<\/span>The opposite of shortsighted: <\/div>&nbsp;&nbsp; <div><select id=\"q1\" class=\"form-control\">\r\n<option value=\"wrong\"><\/option>\r\n<option value=\"wrong\"> geothermal  <\/option>\r\n<option value=\"wrong\"> vampire power<\/option>\r\n<option value=\"wrong\"> e-waste <\/option>\r\n<option value=\"correct\"> sustainable  <\/option>\r\n<option value=\"wrong\"> combustion engine<\/option>\r\n<option value=\"wrong\"> carbon backpack <\/option>\r\n<option value=\"wrong\"> organic light emitting diode <\/option>\r\n<option value=\"wrong\"> hydrogen<\/option>\r\n<option value=\"wrong\"> night purge <\/option>\r\n<option value=\"wrong\"> grey water  <\/option>\r\n<\/select> .<\/label><\/div><\/div><\/div><br \/>\r\n\r\n<p id=\"correct1\" align=\"left\"><\/p>\r\n<a class=\"btn btn-success tipp1 hidden\" style=\"text-decoration: none, color:white;\" title=\"The opposite of shortsighted: sustainable\" href=\"#1\" data-toggle=\"popover\" data-placement=\"top\" data-trigger=\"hover\" data-content=\"'sustainable' \u2794  'nachhaltig'.\">Tipp<\/a>\r\n\r\n\r\n<div class=\"form-inline\"><div class=\"row\"><div><label for=\"sel1\"><span class=\"number\">\u2778<\/span> \r\n<\/div> &nbsp;&nbsp; <div>The amount of CO\u00b2 needed to produce a material: <select id=\"q2\" class=\"form-control\">\r\n<option value=\"wrong\"><\/option>\r\n<option value=\"wrong\"> geothermal  <\/option>\r\n<option value=\"wrong\"> vampire power<\/option>\r\n<option value=\"wrong\"> e-waste <\/option>\r\n<option value=\"wrong\"> sustainable  <\/option>\r\n<option value=\"wrong\"> combustion engine<\/option>\r\n<option value=\"correct\"> carbon backpack <\/option>\r\n<option value=\"wrong\"> organic light emitting diode <\/option>\r\n<option value=\"wrong\"> hydrogen<\/option>\r\n<option value=\"wrong\"> night purge <\/option>\r\n<option value=\"wrong\"> grey water  <\/option>\r\n<\/select> .<\/label><\/div><\/div><\/div><br \/>\r\n\r\n<p id=\"correct2\" align=\"left\"><\/p>\r\n<a class=\"btn btn-success tipp2 hidden\" style=\"text-decoration: none, color:white;\" title=\"The amount of CO\u00b2 needed to produce a material: carbon backpack\" href=\"#2\" data-toggle=\"popover\" data-placement=\"top\" data-trigger=\"hover\" data-content=\"'carbon backpack' \u2794  'CO\u00b2-Rucksack'\">Tipp<\/a>\r\n\r\n\r\n<div class=\"form-inline\"><div class=\"row\"><div><label for=\"sel1\"><span class=\"number\">\u2779<\/span>TV and computers running idle:  <\/div>&nbsp;&nbsp;<div><select id=\"q3\" class=\"form-control\">\r\n<option value=\"wrong\"><\/option>\r\n<option value=\"wrong\"> geothermal  <\/option>\r\n<option value=\"correct\"> vampire power<\/option>\r\n<option value=\"wrong\"> e-waste <\/option>\r\n<option value=\"wrong\"> sustainable  <\/option>\r\n<option value=\"wrong\"> combustion engine<\/option>\r\n<option value=\"wrong\"> carbon backpack <\/option>\r\n<option value=\"wrong\"> organic light emitting diode <\/option>\r\n<option value=\"wrong\"> hydrogen<\/option>\r\n<option value=\"wrong\"> night purge <\/option>\r\n<option value=\"wrong\"> grey water  <\/option>\r\n<\/select><\/label>.<\/div><\/div><\/div><br \/>\r\n\r\n<p id=\"correct3\" align=\"left\"><\/p>\r\n<a class=\"btn btn-success tipp3 hidden\" style=\"text-decoration: none, color:white;\" title=\"TV and computers running idle: vampire power\" href=\"#3\" data-toggle=\"popover\" data-placement=\"top\" data-trigger=\"hover\" data-content=\"vampire power' \u2794  'Leerlaufverlust'.\">Tipp<\/a>\r\n\r\n\r\n<div class=\"form-inline\"><div class=\"row\"><div><label for=\"sel1\"><span class=\"number\">\u277a<\/span>We have to replace our light bulbs with: <\/div>&nbsp;&nbsp; <div><select id=\"q4\" class=\"form-control\">\r\n<option value=\"wrong\"><\/option>\r\n<option value=\"wrong\"> geothermal  <\/option>\r\n<option value=\"wrong\"> vampire power<\/option>\r\n<option value=\"wrong\"> e-waste <\/option>\r\n<option value=\"wrong\"> sustainable  <\/option>\r\n<option value=\"wrong\"> combustion engine<\/option>\r\n<option value=\"wrong\"> carbon backpack <\/option>\r\n<option value=\"correct\"> organic light emitting diodes <\/option>\r\n<option value=\"wrong\"> hydrogens<\/option>\r\n<option value=\"wrong\"> night purge <\/option>\r\n<option value=\"wrong\"> grey water  <\/option>\r\n<\/select><\/label> .<\/div><\/div><\/div><br \/>\r\n\r\n<p id=\"correct4\" align=\"left\"><\/p>\r\n<a class=\"btn btn-success tipp4 hidden\" style=\"text-decoration: none, color:white;\" title=\"We have to replace our light bulbs with: organic light emitting diode.\" href=\"#4\" data-toggle=\"popover\" data-placement=\"top\" data-trigger=\"hover\" data-content=\"'organic light emitting diode' \u2794  'organische Leuchtdiode'.\">Tipp<\/a>\r\n\r\n\r\n<div class=\"form-inline\"><div class=\"row\"><div><label for=\"sel1\"><span class=\"number\">\u277b<\/span>Renewable energy taken from the earth&#8217;s core is called <\/div>&nbsp;&nbsp; <div><select id=\"q5\" class=\"form-control\">\r\n<option value=\"wrong\"><\/option>\r\n<option value=\"correct\"> geothermal  <\/option>\r\n<option value=\"wrong\"> vampire power<\/option>\r\n<option value=\"wrong\"> e-waste <\/option>\r\n<option value=\"wrong\"> sustainable  <\/option>\r\n<option value=\"wrong\"> combustion engine<\/option>\r\n<option value=\"wrong\"> carbon backpack <\/option>\r\n<option value=\"wrong\"> organic light emitting diodes <\/option>\r\n<option value=\"wrong\"> hydrogens<\/option>\r\n<option value=\"wrong\"> night purge <\/option>\r\n<option value=\"wrong\"> grey water  <\/option>\r\n<\/select> .<\/label><\/div><\/div><\/div><br \/>\r\n<p id=\"correct5\" align=\"left\"><\/p>\r\n<a class=\"btn btn-success tipp5 hidden\" style=\"text-decoration: none, color:white;\" title=\"Renewable energy taken from the earth's core is called geothermal.\" href=\"#5\" data-toggle=\"popover\" data-placement=\"top\" data-trigger=\"hover\" data-content=\"'geothermal' \u2794  'Erdw\u00e4rme'.\">Tipp<\/a>\r\n\r\n\r\n<div class=\"form-inline\"><div class=\"row\"><div><label for=\"sel1\"><span class=\"number\">\u277c<\/span>Old and defective cellphones are a typical case of:  <\/div>&nbsp;&nbsp; <div><select id=\"q6\" class=\"form-control\">\r\n<option value=\"wrong\"><\/option>\r\n<option value=\"wrong\"> geothermal  <\/option>\r\n<option value=\"wrong\"> vampire power<\/option>\r\n<option value=\"correct\"> e-waste <\/option>\r\n<option value=\"wrong\"> sustainable  <\/option>\r\n<option value=\"wrong\"> combustion engine<\/option>\r\n<option value=\"wrong\"> carbon backpack <\/option>\r\n<option value=\"wrong\"> organic light emitting diode <\/option>\r\n<option value=\"wrong\"> hydrogen<\/option>\r\n<option value=\"wrong\"> night purge <\/option>\r\n<option value=\"wrong\"> grey water  <\/option>\r\n<\/select> .<\/label><\/div><\/div><\/div><br \/>\r\n<p id=\"correct6\" align=\"left\"><\/p>\r\n<a class=\"btn btn-success tipp6 hidden\" style=\"text-decoration: none, color:white;\" title=\"Old and defective cellphones are a typical case of: e-waste.\" href=\"#6\" data-toggle=\"popover\" data-placement=\"top\" data-trigger=\"hover\" data-content=\"'e-waste' \u2794  'Elektroschrott'.\">Tipp<\/a>\r\n\r\n\r\n<div class=\"form-inline\"><div class=\"row\"><div><label for=\"sel1\"><span class=\"number\">\u277d<\/span>Combustible whose emissions are pure water vapor: <\/div>&nbsp;&nbsp; <div><select id=\"q7\" class=\"form-control\">\r\n<option value=\"wrong\"><\/option>\r\n<option value=\"wrong\"> geothermal  <\/option>\r\n<option value=\"wrong\"> vampire power<\/option>\r\n<option value=\"wrong\"> e-waste <\/option>\r\n<option value=\"wrong\"> sustainable  <\/option>\r\n<option value=\"wrong\"> combustion engine<\/option>\r\n<option value=\"wrong\"> carbon backpack <\/option>\r\n<option value=\"wrong\"> organic light emitting diode <\/option>\r\n<option value=\"correct\"> hydrogen<\/option>\r\n<option value=\"wrong\"> night purge <\/option>\r\n<option value=\"wrong\"> grey water  <\/option>\r\n<\/select>.<\/label><\/div><\/div><\/div><br \/>\r\n<p id=\"correct7\" align=\"left\"><\/p>\r\n<a class=\"btn btn-success tipp7 hidden\" style=\"text-decoration: none, color:white;\" title=\"Combustible whose emissions are pure water vapor: hydrogen\" href=\"#7\" data-toggle=\"popover\" data-placement=\"top\" data-trigger=\"hover\" data-content=\"hydrogen' \u2794  'Wasserstoff'.\">Tipp<\/a>\r\n\r\n\r\n<div class=\"form-inline\"><div class=\"row\"><div><label for=\"sel1\"><span class=\"number\">\u277e<\/span>Storing nocturnal cold by night-time ventilation is called <\/div>&nbsp;&nbsp; <div><select id=\"q8\" class=\"form-control\">\r\n<option value=\"wrong\"><\/option>\r\n<option value=\"wrong\"> geothermal  <\/option>\r\n<option value=\"wrong\"> vampire power<\/option>\r\n<option value=\"wrong\"> e-waste <\/option>\r\n<option value=\"wrong\"> sustainable  <\/option>\r\n<option value=\"wrong\"> combustion engine<\/option>\r\n<option value=\"wrong\"> carbon backpack <\/option>\r\n<option value=\"wrong\"> organic light emitting diode <\/option>\r\n<option value=\"wrong\"> hydrogen<\/option>\r\n<option value=\"correct\"> night purge <\/option>\r\n<option value=\"wrong\"> grey water  <\/option>\r\n<\/select> .<\/label><\/div><\/div><\/div><br \/>\r\n<p id=\"correct8\" align=\"left\"><\/p>\r\n<a class=\"btn btn-success tipp8 hidden\" style=\"text-decoration: none, color:white;\" title=\"Storing nocturnal heat by night-time ventilation is called night purge.\" href=\"#8\" data-toggle=\"popover\" data-placement=\"top\" data-trigger=\"hover\" data-content=\"'night purge' \u2794  'Nachtsp\u00fclung'.\">Tipp<\/a>\r\n\r\n\r\n<div class=\"form-inline\"><div class=\"row\"><div><label for=\"sel1\"><span class=\"number\">\u277f<\/span>Waste water from non-toilet plumbing systems: <\/div>&nbsp;&nbsp; <div><select id=\"q9\" class=\"form-control\">\r\n<option value=\"wrong\"><\/option>\r\n<option value=\"wrong\"> geothermal  <\/option>\r\n<option value=\"wrong\"> vampire power<\/option>\r\n<option value=\"wrong\"> e-waste <\/option>\r\n<option value=\"wrong\"> sustainable  <\/option>\r\n<option value=\"wrong\"> combustion engine<\/option>\r\n<option value=\"wrong\"> carbon backpack <\/option>\r\n<option value=\"wrong\"> organic light emitting diode <\/option>\r\n<option value=\"wrong\"> hydrogen<\/option>\r\n<option value=\"wrong\"> night purge <\/option>\r\n<option value=\"correct\"> grey water  <\/option>\r\n<\/select> . <\/label><\/div><\/div><\/div><br \/>\r\n<p id=\"correct9\" align=\"left\"><\/p>\r\n<a class=\"btn btn-success tipp9 hidden\" style=\"text-decoration: none, color:white;\" title=\"Waste water from non-toilet plumbing systems: grey water.\" href=\"#9\" data-toggle=\"popover\" data-placement=\"top\" data-trigger=\"hover\" data-content=\"'grey water' \u2794 'Grauwasser'.\">Tipp<\/a>\r\n\r\n\r\n<\/div>\r\n<div class=\"container\">\r\n\r\n<!-- The Modal -->\r\n<div id=\"myModal\" class=\"modal\">\r\n<div class=\"modal-dialog\">\r\n<div class=\"modal-content\">\r\n\r\n<!-- Modal Header -->\r\n<div class=\"modal-header\">\r\n<h4 class=\"modal-title\">Verben &#8211; Umweltschutz &#8211; Englisch<\/h4>\r\n<button class=\"close\" type=\"button\" data-dismiss=\"modal\">\u00d7<\/button>\r\n\r\n<\/div>\r\n<!-- Modal body -->\r\n<div class=\"modal-body\"><table class=\"table table-bordered table-sm table-hover\">\r\n<thead>\r\n<tr class=\"table-danger\">\r\n<th colspan=\"2\">Verben &#8211; Umweltschutz &#8211; Englisch\/Deutsch<\/th>\r\n<\/tr>\r\n<\/thead>\r\n<tbody>\r\n\r\n<tr class=\"table-primary\">\r\n<td><b>Deutsch<\/b><\/td>\r\n<td><b>Englisch<\/b><\/td>\r\n\r\n<tr class=\"table-info\">\r\n<td><b><i class=\"text-danger\">nachhaltig<\/i><\/b><\/td>\r\n<td><b><i class=\"text-danger\">sustainable<\/i><\/b><\/td>\r\n<\/tr>\r\n<tr class=\"table-info\">\r\n<td><b><i class=\"text-danger\">biologisch abbaubar<\/i> <\/b><\/td>\r\n<td><b><i class=\"text-danger\">biodegradable<\/i> <\/b><\/td>\r\n<\/tr>\r\n<tr class=\"table-info\">\r\n<td><b><i class=\"text-danger\">CO\u00b2-Rucksack<\/i><\/b><\/td>\r\n<td><b><i class=\"text-danger\">carbon backpack<\/i><\/b><\/td>\r\n<\/tr>\r\n<tr class=\"table-info\">\r\n<td><b><i class=\"text-danger\">organische Leuchtdiode<\/i><\/b><\/td>\r\n<td><b><i class=\"text-danger\">organic light emitting diode<\/i><\/b><\/td>\r\n<\/tr>\r\n<tr class=\"table-info\">\r\n<td><b><i class=\"text-danger\">Wasserstoff<\/i><\/b><\/td>\r\n<td><b><i class=\"text-danger\">hydrogen<\/i><\/b><\/td>\r\n<\/tr>\r\n<tr class=\"table-info\">\r\n<td><b><i class=\"text-danger\">Leerlaufverlust<\/i><\/b><\/td>\r\n<td><b><i class=\"text-danger\">vampire power<\/i><\/b><\/td>\r\n<\/tr>\r\n<tr class=\"table-info\">\r\n<td><b><i class=\"text-danger\">Erdw\u00e4rme<\/i><\/b><\/td>\r\n<td><b><i class=\"text-danger\">geothermal<\/i><\/b><\/td>\r\n<\/tr>\r\n<tr class=\"table-info\">\r\n<td><b><i class=\"text-danger\">Elektroschrott<\/i><\/b><\/td>\r\n<td><b><i class=\"text-danger\">e-waste<\/i><\/b><\/td>\r\n<\/tr>\r\n<tr class=\"table-info\">\r\n<td><b><i class=\"text-danger\">Nachtsp\u00fclung<\/i><\/b><\/td>\r\n<td><b><i class=\"text-danger\">tree hugger<\/i><\/b><\/td>\r\n<\/tr>\r\n<tr class=\"table-info\">\r\n<td><b><i class=\"text-danger\">Grauwasser<\/i><\/b><\/td>\r\n<td><b><i class=\"text-danger\">grey water<\/i><\/b><\/td>\r\n<\/tr>\r\n<\/tbody>\r\n<\/table><\/div>\r\n<!-- Modal footer -->\r\n<div class=\"modal-footer\"><button class=\"btn btn-danger\" type=\"button\" data-dismiss=\"modal\">Close<\/button><\/div>\r\n<\/div>\r\n<\/div>\r\n<\/div>\r\n<\/div>\r\n<\/div>\r\n\r\n\r\n<hr>\r\n<button id=\"submitButton\" class=\"btn-lg btn-primary \" type=\"submit\" value=\"submit\">Pr\u00fcfen<\/button><button id=\"resetButton\" class=\"btn-lg btn-success\" type=\"submit\" onclick=\"refreshPage()\">Neustart<\/button><button id=\"submitButton\" class=\"btn-lg btn-info\" type=\"submit\" value=\"submit\" data-toggle=\"modal\" data-target=\"#myModal\">Tipp<\/button>\r\n\r\n<p id=\"result\"><\/p>\r\n<p id=\"result2\"><\/p>\r\n<hr>\r\n\r\n<h3>Alle \u00dcbungen Verben &#8211; Umweltschutz &#8211; Englisch\/Deutsch:<\/h3>\r\n\r\n<hr>\r\n\r\n<div id=\"bellows-main-83\" class=\"bellows bellows-nojs bellows-main bellows-source-menu bellows-align-full bellows-skin-vanilla bellows-type-\"><ul id=\"menu-organic\" class=\"bellows-nav\" data-bellows-config=\"main\"><li id=\"menu-item-11013\" class=\"bellows-menu-item bellows-menu-item-type-post_type bellows-menu-item-object-page bellows-menu-item-11013 bellows-item-level-0\"><a  href=\"https:\/\/english-munich.de\/training\/vokabular-umweltschutz-nachhaltigkeit-englisch-i\/\" class=\"bellows-target\"><span class=\"bellows-target-title bellows-target-text\">\u2611\ufe0fVokabular Umweltschutz<\/span><\/a><\/li>\n<li id=\"menu-item-11022\" class=\"bellows-menu-item bellows-menu-item-type-post_type bellows-menu-item-object-page bellows-menu-item-11022 bellows-item-level-0\"><a  href=\"https:\/\/english-munich.de\/training\/vokabular-umweltschutz-nachhaltigkeit-englisch-ii\/\" class=\"bellows-target\"><span class=\"bellows-target-title bellows-target-text\">\u2611\ufe0fVokabular Umweltschutz II<\/span><\/a><\/li>\n<li id=\"menu-item-11035\" class=\"bellows-menu-item bellows-menu-item-type-post_type bellows-menu-item-object-page bellows-menu-item-11035 bellows-item-level-0\"><a  href=\"https:\/\/english-munich.de\/training\/vokabular-umweltschutz-nachhaltigkeit-englisch-iii\/\" class=\"bellows-target\"><span class=\"bellows-target-title bellows-target-text\">\u2611\ufe0fVokabular Umweltschutz III<\/span><\/a><\/li>\n<li id=\"menu-item-11044\" class=\"bellows-menu-item bellows-menu-item-type-post_type bellows-menu-item-object-page bellows-menu-item-11044 bellows-item-level-0\"><a  href=\"https:\/\/english-munich.de\/training\/vokabular-umweltschutz-nachhaltigkeit-englisch-iv\/\" class=\"bellows-target\"><span class=\"bellows-target-title bellows-target-text\">\u2611\ufe0fVokabular Umweltschutz IV<\/span><\/a><\/li>\n<li id=\"menu-item-11055\" class=\"bellows-menu-item bellows-menu-item-type-post_type bellows-menu-item-object-page bellows-menu-item-11055 bellows-item-level-0\"><a  href=\"https:\/\/english-munich.de\/training\/vokabular-umweltschutz-nachhaltigkeit-englisch-v\/\" class=\"bellows-target\"><span class=\"bellows-target-title bellows-target-text\">\u2611\ufe0fVokabular Umweltschutz V<\/span><\/a><\/li>\n<li id=\"menu-item-11065\" class=\"bellows-menu-item bellows-menu-item-type-post_type bellows-menu-item-object-page bellows-menu-item-11065 bellows-item-level-0\"><a  href=\"https:\/\/english-munich.de\/training\/vokabular-umweltschutz-nachhaltigkeit-englisch-iii-2\/\" class=\"bellows-target\"><span class=\"bellows-target-title bellows-target-text\">\u2611\ufe0fVokabular Umweltschutz VI<\/span><\/a><\/li>\n<li id=\"menu-item-11066\" class=\"bellows-menu-item bellows-menu-item-type-post_type bellows-menu-item-object-page bellows-menu-item-11066 bellows-item-level-0\"><a  href=\"https:\/\/english-munich.de\/training\/umweltschutz-vokabeluebung-matching-game\/\" class=\"bellows-target\"><span class=\"bellows-target-title bellows-target-text\">\ud83e\udde6Umweltschutz \u2013 matching game<\/span><\/a><\/li>\n<\/ul><\/div>\r\n\r\n<\/div>\r\n","protected":false},"excerpt":{"rendered":"Vokabular &#8211; Umweltschutz &#8211; Nachhaltigkeit &#8211; Englisch &#8211; Aufgaben Umweltschutz &#8211; Nachhaltigkeit &#8211; \u00dcbungen Beispiel biologisch abbaubar: \u24ffWaste that can be decomposed by organic organisms &nbsp;&nbsp; don&#8217;t did biodegradable doesn&#8217;t did . Die richtige L\u00f6sung ist: &#8222;biodegradable&#8220;&nbsp;&nbsp;Tipp \u2611\ufe0f W\u00e4hle die richtige Option, mit dem richtigen Wort f\u00fcr Umweltschutz, Nachhaltigkeit, um den Satz auf Englisch sinnvoll [&hellip;]","protected":false},"author":3,"featured_media":0,"parent":0,"menu_order":0,"comment_status":"closed","ping_status":"closed","template":"","meta":[],"_links":{"self":[{"href":"https:\/\/english-munich.de\/training\/wp-json\/wp\/v2\/pages\/11046"}],"collection":[{"href":"https:\/\/english-munich.de\/training\/wp-json\/wp\/v2\/pages"}],"about":[{"href":"https:\/\/english-munich.de\/training\/wp-json\/wp\/v2\/types\/page"}],"author":[{"embeddable":true,"href":"https:\/\/english-munich.de\/training\/wp-json\/wp\/v2\/users\/3"}],"replies":[{"embeddable":true,"href":"https:\/\/english-munich.de\/training\/wp-json\/wp\/v2\/comments?post=11046"}],"version-history":[{"count":5,"href":"https:\/\/english-munich.de\/training\/wp-json\/wp\/v2\/pages\/11046\/revisions"}],"predecessor-version":[{"id":11052,"href":"https:\/\/english-munich.de\/training\/wp-json\/wp\/v2\/pages\/11046\/revisions\/11052"}],"wp:attachment":[{"href":"https:\/\/english-munich.de\/training\/wp-json\/wp\/v2\/media?parent=11046"}],"curies":[{"name":"wp","href":"https:\/\/api.w.org\/{rel}","templated":true}]}}