{"id":11027,"date":"2022-03-12T17:38:02","date_gmt":"2022-03-12T17:38:02","guid":{"rendered":"https:\/\/english-munich.de\/training\/?page_id=11027"},"modified":"2022-03-12T17:38:02","modified_gmt":"2022-03-12T17:38:02","slug":"vokabular-umweltschutz-nachhaltigkeit-englisch-iii","status":"publish","type":"page","link":"https:\/\/english-munich.de\/training\/vokabular-umweltschutz-nachhaltigkeit-englisch-iii\/","title":{"rendered":"Vokabular Umweltschutz \/ Nachhaltigkeit Englisch III"},"content":{"rendered":"<div class=\"jumbotron text-center\">\r\n<h2>Vokabular &#8211; Umweltschutz &#8211; Nachhaltigkeit &#8211; Englisch &#8211; Aufgaben<\/h2>\r\n  Umweltschutz &#8211; Nachhaltigkeit &#8211; \u00dcbungen \r\n\r\n<\/div>\r\n<div class=\"bs-example\">\r\n<div id=\"accordionExample\" class=\"accordion\">\r\n<div class=\"card\">\r\n<div id=\"headingOne\" class=\"card-header\">\r\n<h2 class=\"mb-0\" style=\"color: #000;\"><button class=\"btn btn-link collapsed\" type=\"button\" data-toggle=\"collapse\" data-target=\"#collapseOne\">Beispiel<\/button><\/h2>\r\n<\/div>\r\n<div id=\"collapseOne\" class=\"collapse\" aria-labelledby=\"headingOne\" data-parent=\"#accordionExample\">\r\n<div class=\"card-body\"><div><b>biologisch abbaubar:<\/b><\/div><br \/>\r\n<div class=\"form-inline\"><div class=\"row\"><div><label for=\"sel1\"><span class=\"number\">\u24ff<\/span>Waste that can be decomposed by organic organisms <\/div>&nbsp;&nbsp;<div><select id=\"beispiel\" class=\"form-control\">\r\n<option value=\"wrong\">don&#8217;t did<\/option>\r\n<option value=\"correct\">biodegradable<\/option>\r\n<option value=\"wrong\">doesn&#8217;t did<\/option>\r\n<\/select><\/label>.<\/div><\/div><\/div><br \/>\r\n\r\nDie richtige L\u00f6sung ist: <b>&#8222;biodegradable&#8220;<\/b>&nbsp;&nbsp;<button class=\"btn-lg btn-info\" type=\"button\" value=\"submit\" data-toggle=\"modal\" data-target=\"#myModal\">Tipp<\/button>\r\n\r\n\r\n<\/div>\r\n<\/div>\r\n<\/div>\r\n<\/div>\r\n<br \/><br \/>\r\n<div class=\"container well\">\r\n<h4>\u2611\ufe0f W\u00e4hle die richtige Option, mit dem richtigen Wort f\u00fcr Umweltschutz, Nachhaltigkeit, um den Satz auf Englisch sinnvoll zu erg\u00e4nzen:<\/h4>\r\n\r\n<hr>\r\n\r\n<br \/>\r\n<div class=\"container-fluid\">\r\n<div><b>biologisch abbaubar:<\/b><\/div><br \/>\r\n<div class=\"form-inline\"><div class=\"row\"><div><label for=\"sel1\"><span class=\"number\">\u2776<\/span>There is already  <\/div>&nbsp;&nbsp; <div> <select id=\"q0\" class=\"form-control\">\r\n<option value=\"wrong\"><\/option>\r\n<option value=\"wrong\"> biohazardous  <\/option>\r\n<option value=\"correct\"> biodegradable<\/option>\r\n<option value=\"wrong\"> biochemical <\/option>\r\n<\/select><\/label> packaging. <\/div><\/div><\/div><br \/>\r\n<p id=\"correct0\" align=\"left\"><\/p>\r\n<a class=\"btn btn-success tipp0 hidden\" style=\"text-decoration: none, color:white;\" title=\"There is already biodegradable packaging.\" href=\"#0\" data-toggle=\"popover\"  data-placement=\"top\" data-trigger=\"hover\" data-content=\" 'biodegradable' \u2794  'biologisch abbaubar'.\">Tipp<\/a>\r\n\r\n\r\n<div><b>Abholzung:<\/b><\/div><br \/>\r\n<div class=\"form-inline\"><div class=\"row\"><div><label for=\"sel1\"><span class=\"number\">\u2777<\/span>The act of cutting down trees on a large scale: <\/div>&nbsp;&nbsp; <div><select id=\"q1\" class=\"form-control\">\r\n<option value=\"wrong\"><\/option>\r\n<option value=\"wrong\"> wood chipping <\/option>\r\n<option value=\"wrong\"> woodpecker <\/option>\r\n<option value=\"correct\"> deforestation<\/option>\r\n<\/select> .<\/label><\/div><\/div><\/div><br \/>\r\n\r\n<p id=\"correct1\" align=\"left\"><\/p>\r\n<a class=\"btn btn-success tipp1 hidden\" style=\"text-decoration: none, color:white;\" title=\"The act of cutting down trees on a large scale: deforestation\" href=\"#1\" data-toggle=\"popover\" data-placement=\"top\" data-trigger=\"hover\" data-content=\"'deforestation' \u2794  'Abholzung'.\">Tipp<\/a>\r\n\r\n<div><b>Kohlenstoffobergrenze:<\/b><\/div><br \/>\r\n<div class=\"form-inline\"><div class=\"row\"><div><label for=\"sel1\"><span class=\"number\">\u2778<\/span> \r\n<\/div> &nbsp;&nbsp; <div>A limit for CO\u00b2 emissions: <select id=\"q2\" class=\"form-control\">\r\n<option value=\"wrong\"><\/option>\r\n<option value=\"wrong\"> carbon hat <\/option>\r\n<option value=\"correct\">carbon cap <\/option>\r\n<option value=\"wrong\"> carbon copy <\/option>\r\n<\/select> .<\/label><\/div><\/div><\/div><br \/>\r\n\r\n<p id=\"correct2\" align=\"left\"><\/p>\r\n<a class=\"btn btn-success tipp2 hidden\" style=\"text-decoration: none, color:white;\" title=\"A limit for CO\u00b2 emissions: carbon cap.\" href=\"#2\" data-toggle=\"popover\" data-placement=\"top\" data-trigger=\"hover\" data-content=\"'carbon cap' \u2794  'Kohlenstoffobergrenze'\">Tipp<\/a>\r\n\r\n<div><b>M\u00fclldeponie:<\/b><\/div><br \/>\r\n<div class=\"form-inline\"><div class=\"row\"><div><label for=\"sel1\"><span class=\"number\">\u2779<\/span>A euphemism for garbage dump: <\/div>&nbsp;&nbsp;<div><select id=\"q3\" class=\"form-control\">\r\n<option value=\"wrong\"><\/option>\r\n<option value=\"wrong\"> landmine <\/option>\r\n<option value=\"wrong\"> landscape <\/option>\r\n<option value=\"correct\"> landfill <\/option>\r\n<\/select><\/label>.<\/div><\/div><\/div><br \/>\r\n\r\n<p id=\"correct3\" align=\"left\"><\/p>\r\n<a class=\"btn btn-success tipp3 hidden\" style=\"text-decoration: none, color:white;\" title=\"A euphemism for garbage dump: landfill\" href=\"#3\" data-toggle=\"popover\" data-placement=\"top\" data-trigger=\"hover\" data-content=\"'landfill' \u2794  'M\u00fclldeponie'.\">Tipp<\/a>\r\n\r\n<div><b>Umwelt:<\/b><\/div><br \/>\r\n<div class=\"form-inline\"><div class=\"row\"><div><label for=\"sel1\"><span class=\"number\">\u277a<\/span>The air, water, and land in or on which people, animals, and plants live: <\/div>&nbsp;&nbsp; <div><select id=\"q4\" class=\"form-control\">\r\n<option value=\"wrong\"><\/option>\r\n<option value=\"wrong\"> enterprise <\/option>\r\n<option value=\"correct\"> environment <\/option>\r\n<option value=\"wrong\"> enforcement <\/option>\r\n<\/select><\/label> .<\/div><\/div><\/div><br \/>\r\n\r\n<p id=\"correct4\" align=\"left\"><\/p>\r\n<a class=\"btn btn-success tipp4 hidden\" style=\"text-decoration: none, color:white;\" title=\"The air, water, and land in or on which people, animals, and plants live: environment.\" href=\"#4\" data-toggle=\"popover\" data-placement=\"top\" data-trigger=\"hover\" data-content=\"'environment' \u2794  'Umwelt'.\">Tipp<\/a>\r\n\r\n<div><b>Akkumulator:<\/b><\/div><br \/>\r\n<div class=\"form-inline\"><div class=\"row\"><div><label for=\"sel1\"><span class=\"number\">\u277b<\/span>A battery that can be used over and over again: <\/div>&nbsp;&nbsp; <div><select id=\"q5\" class=\"form-control\">\r\n<option value=\"wrong\"><\/option>\r\n<option value=\"wrong\"> supercharger <\/option>\r\n<option value=\"wrong\"> retractable battery <\/option>\r\n<option value=\"correct\"> rechargable battery <\/option>\r\n<\/select> .<\/label><\/div><\/div><\/div><br \/>\r\n<p id=\"correct5\" align=\"left\"><\/p>\r\n<a class=\"btn btn-success tipp5 hidden\" style=\"text-decoration: none, color:white;\" title=\"A battery that can be used over and over again: recharable battery\" href=\"#5\" data-toggle=\"popover\" data-placement=\"top\" data-trigger=\"hover\" data-content=\"'recharchable battery' \u2794  'Akkumulator'.\">Tipp<\/a>\r\n\r\n<div><b>Abgase:<\/b><\/div><br \/>\r\n<div class=\"form-inline\"><div class=\"row\"><div><label for=\"sel1\"><span class=\"number\">\u277c<\/span>The remnant of the combustion process:  <\/div>&nbsp;&nbsp; <div><select id=\"q6\" class=\"form-control\">\r\n<option value=\"wrong\"><\/option>\r\n<option value=\"correct\"> exhaust <\/option>\r\n<option value=\"wrong\"> gasoline <\/option>\r\n<option value=\"wrong\"> biogas  <\/option>\r\n<\/select> .<\/label><\/div><\/div><\/div><br \/>\r\n<p id=\"correct6\" align=\"left\"><\/p>\r\n<a class=\"btn btn-success tipp6 hidden\" style=\"text-decoration: none, color:white;\" title=\"The remnant of the combustion process: exhaust.\" href=\"#6\" data-toggle=\"popover\" data-placement=\"top\" data-trigger=\"hover\" data-content=\"'exhaust' \u2794  'Abgas'.\">Tipp<\/a>\r\n\r\n<div><b>Feinstaub:<\/b><\/div><br \/>\r\n<div class=\"form-inline\"><div class=\"row\"><div><label for=\"sel1\"><span class=\"number\">\u277d<\/span>A by-product when operating a Diesel engine: <\/div>&nbsp;&nbsp; <div><select id=\"q7\" class=\"form-control\">\r\n<option value=\"wrong\"><\/option>\r\n<option value=\"wrong\"> gas particles <\/option>\r\n<option value=\"wrong\"> fine particles <\/option>\r\n<option value=\"correct\"> soot particles <\/option>\r\n<\/select>.<\/label><\/div><\/div><\/div><br \/>\r\n<p id=\"correct7\" align=\"left\"><\/p>\r\n<a class=\"btn btn-success tipp7 hidden\" style=\"text-decoration: none, color:white;\" title=\"A by-product when operating a Diesel engine: soot particles\" href=\"#7\" data-toggle=\"popover\" data-placement=\"top\" data-trigger=\"hover\" data-content=\"soot particles' \u2794  'Feinstaub'.\">Tipp<\/a>\r\n\r\n<div><b>Treibhausgas:<\/b><\/div><br \/>\r\n<div class=\"form-inline\"><div class=\"row\"><div><label for=\"sel1\"><span class=\"number\">\u277e<\/span>Gas contributing to the global warming by absorbing infrared radiation:<\/div>&nbsp;&nbsp; <div><select id=\"q8\" class=\"form-control\">\r\n<option value=\"wrong\"><\/option>\r\n<option value=\"correct\"> greenhouse gas <\/option>\r\n<option value=\"wrong\"> driver gas <\/option>\r\n<option value=\"wrong\"> biogas <\/option>\r\n<\/select> .<\/label><\/div><\/div><\/div><br \/>\r\n<p id=\"correct8\" align=\"left\"><\/p>\r\n<a class=\"btn btn-success tipp8 hidden\" style=\"text-decoration: none, color:white;\" title=\"Gas contributing to the lobal warming by absorbing infrared radiation: greenhouse gas.\" href=\"#8\" data-toggle=\"popover\" data-placement=\"top\" data-trigger=\"hover\" data-content=\"'greenhouse gas' \u2794  'Treibhausgas'.\">Tipp<\/a>\r\n\r\n<div><b>ausbeuten:<\/b><\/div><br \/>\r\n<div class=\"form-inline\"><div class=\"row\"><div><label for=\"sel1\"><span class=\"number\">\u277f<\/span>To take advantage without giving recompensation: <\/div>&nbsp;&nbsp; <div><select id=\"q9\" class=\"form-control\">\r\n<option value=\"wrong\"><\/option>\r\n<option value=\"correct\"> exploit <\/option>\r\n<option value=\"wrong\"> exfoliate <\/option>\r\n<option value=\"wrong\"> explore <\/option>\r\n<\/select> . <\/label><\/div><\/div><\/div><br \/>\r\n<p id=\"correct9\" align=\"left\"><\/p>\r\n<a class=\"btn btn-success tipp9 hidden\" style=\"text-decoration: none, color:white;\" title=\"To take advantage without giving recompensation: exploit:\" href=\"#9\" data-toggle=\"popover\" data-placement=\"top\" data-trigger=\"hover\" data-content=\"'exploit' \u2794 'ausbeuten'.\">Tipp<\/a>\r\n\r\n\r\n<\/div>\r\n<div class=\"container\">\r\n\r\n<!-- The Modal -->\r\n<div id=\"myModal\" class=\"modal\">\r\n<div class=\"modal-dialog\">\r\n<div class=\"modal-content\">\r\n\r\n<!-- Modal Header -->\r\n<div class=\"modal-header\">\r\n<h4 class=\"modal-title\">Verben &#8211; Umweltschutz &#8211; Englisch<\/h4>\r\n<button class=\"close\" type=\"button\" data-dismiss=\"modal\">\u00d7<\/button>\r\n\r\n<\/div>\r\n<!-- Modal body -->\r\n<div class=\"modal-body\"><table class=\"table table-bordered table-sm table-hover\">\r\n<thead>\r\n<tr class=\"table-danger\">\r\n<th colspan=\"2\">Verben &#8211; Umweltschutz &#8211; Englisch\/Deutsch<\/th>\r\n<\/tr>\r\n<\/thead>\r\n<tbody>\r\n\r\n<tr class=\"table-primary\">\r\n<td><b>Deutsch<\/b><\/td>\r\n<td><b>Englisch<\/b><\/td>\r\n\r\n<tr class=\"table-info\">\r\n<td><b><i class=\"text-danger\">biologisch abbaubar<\/i><\/b><\/td>\r\n<td><b><i class=\"text-danger\">biodegradable<\/i><\/b><\/td>\r\n<\/tr>\r\n<tr class=\"table-info\">\r\n<td><b><i class=\"text-danger\">Abholzung<\/i> <\/b><\/td>\r\n<td><b><i class=\"text-danger\">deforestation<\/i> <\/b><\/td>\r\n<\/tr>\r\n<tr class=\"table-info\">\r\n<td><b><i class=\"text-danger\">CO\u00b2-Obergrenze<\/i><\/b><\/td>\r\n<td><b><i class=\"text-danger\">carbon cap<\/i><\/b><\/td>\r\n<\/tr>\r\n<tr class=\"table-info\">\r\n<td><b><i class=\"text-danger\">M\u00fclldeponie<\/i><\/b><\/td>\r\n<td><b><i class=\"text-danger\">landfill<\/i><\/b><\/td>\r\n<\/tr>\r\n<tr class=\"table-info\">\r\n<td><b><i class=\"text-danger\">Akkumulator<\/i><\/b><\/td>\r\n<td><b><i class=\"text-danger\">rechable battery<\/i><\/b><\/td>\r\n<\/tr>\r\n<tr class=\"table-info\">\r\n<td><b><i class=\"text-danger\">Abgas<\/i><\/b><\/td>\r\n<td><b><i class=\"text-danger\">exhaust<\/i><\/b><\/td>\r\n<\/tr>\r\n<tr class=\"table-info\">\r\n<td><b><i class=\"text-danger\">Feinstaub<\/i><\/b><\/td>\r\n<td><b><i class=\"text-danger\">soot particle<\/i><\/b><\/td>\r\n<\/tr>\r\n<tr class=\"table-info\">\r\n<td><b><i class=\"text-danger\">Treibhausgas<\/i><\/b><\/td>\r\n<td><b><i class=\"text-danger\">greenhouse gas<\/i><\/b><\/td>\r\n<\/tr>\r\n<tr class=\"table-info\">\r\n<td><b><i class=\"text-danger\">ausbeuten<\/i><\/b><\/td>\r\n<td><b><i class=\"text-danger\">exploit<\/i><\/b><\/td>\r\n<\/tr>\r\n<tr class=\"table-info\">\r\n<td><b><i class=\"text-danger\">Umwelt<\/i><\/b><\/td>\r\n<td><b><i class=\"text-danger\">environment<\/i><\/b><\/td>\r\n<\/tr>\r\n<\/tbody>\r\n<\/table><\/div>\r\n<!-- Modal footer -->\r\n<div class=\"modal-footer\"><button class=\"btn btn-danger\" type=\"button\" data-dismiss=\"modal\">Close<\/button><\/div>\r\n<\/div>\r\n<\/div>\r\n<\/div>\r\n<\/div>\r\n<\/div>\r\n\r\n\r\n<hr>\r\n<button id=\"submitButton\" class=\"btn-lg btn-primary \" type=\"submit\" value=\"submit\">Pr\u00fcfen<\/button><button id=\"resetButton\" class=\"btn-lg btn-success\" type=\"submit\" onclick=\"refreshPage()\">Neustart<\/button><button id=\"submitButton\" class=\"btn-lg btn-info\" type=\"submit\" value=\"submit\" data-toggle=\"modal\" data-target=\"#myModal\">Tipp<\/button>\r\n\r\n<p id=\"result\"><\/p>\r\n<p id=\"result2\"><\/p>\r\n<hr>\r\n\r\n<h3>Alle \u00dcbungen Verben &#8211; Umweltschutz &#8211; Englisch\/Deutsch:<\/h3>\r\n\r\n<hr>\r\n\r\n<div id=\"bellows-main-83\" class=\"bellows bellows-nojs bellows-main bellows-source-menu bellows-align-full bellows-skin-vanilla bellows-type-\"><ul id=\"menu-organic\" class=\"bellows-nav\" data-bellows-config=\"main\"><li id=\"menu-item-11013\" class=\"bellows-menu-item bellows-menu-item-type-post_type bellows-menu-item-object-page bellows-menu-item-11013 bellows-item-level-0\"><a  href=\"https:\/\/english-munich.de\/training\/vokabular-umweltschutz-nachhaltigkeit-englisch-i\/\" class=\"bellows-target\"><span class=\"bellows-target-title bellows-target-text\">\u2611\ufe0fVokabular Umweltschutz<\/span><\/a><\/li>\n<li id=\"menu-item-11022\" class=\"bellows-menu-item bellows-menu-item-type-post_type bellows-menu-item-object-page bellows-menu-item-11022 bellows-item-level-0\"><a  href=\"https:\/\/english-munich.de\/training\/vokabular-umweltschutz-nachhaltigkeit-englisch-ii\/\" class=\"bellows-target\"><span class=\"bellows-target-title bellows-target-text\">\u2611\ufe0fVokabular Umweltschutz II<\/span><\/a><\/li>\n<li id=\"menu-item-11035\" class=\"bellows-menu-item bellows-menu-item-type-post_type bellows-menu-item-object-page bellows-menu-item-11035 bellows-item-level-0\"><a  href=\"https:\/\/english-munich.de\/training\/vokabular-umweltschutz-nachhaltigkeit-englisch-iii\/\" class=\"bellows-target\"><span class=\"bellows-target-title bellows-target-text\">\u2611\ufe0fVokabular Umweltschutz III<\/span><\/a><\/li>\n<li id=\"menu-item-11044\" class=\"bellows-menu-item bellows-menu-item-type-post_type bellows-menu-item-object-page bellows-menu-item-11044 bellows-item-level-0\"><a  href=\"https:\/\/english-munich.de\/training\/vokabular-umweltschutz-nachhaltigkeit-englisch-iv\/\" class=\"bellows-target\"><span class=\"bellows-target-title bellows-target-text\">\u2611\ufe0fVokabular Umweltschutz IV<\/span><\/a><\/li>\n<li id=\"menu-item-11055\" class=\"bellows-menu-item bellows-menu-item-type-post_type bellows-menu-item-object-page bellows-menu-item-11055 bellows-item-level-0\"><a  href=\"https:\/\/english-munich.de\/training\/vokabular-umweltschutz-nachhaltigkeit-englisch-v\/\" class=\"bellows-target\"><span class=\"bellows-target-title bellows-target-text\">\u2611\ufe0fVokabular Umweltschutz V<\/span><\/a><\/li>\n<li id=\"menu-item-11065\" class=\"bellows-menu-item bellows-menu-item-type-post_type bellows-menu-item-object-page bellows-menu-item-11065 bellows-item-level-0\"><a  href=\"https:\/\/english-munich.de\/training\/vokabular-umweltschutz-nachhaltigkeit-englisch-iii-2\/\" class=\"bellows-target\"><span class=\"bellows-target-title bellows-target-text\">\u2611\ufe0fVokabular Umweltschutz VI<\/span><\/a><\/li>\n<li id=\"menu-item-11066\" class=\"bellows-menu-item bellows-menu-item-type-post_type bellows-menu-item-object-page bellows-menu-item-11066 bellows-item-level-0\"><a  href=\"https:\/\/english-munich.de\/training\/umweltschutz-vokabeluebung-matching-game\/\" class=\"bellows-target\"><span class=\"bellows-target-title bellows-target-text\">\ud83e\udde6Umweltschutz \u2013 matching game<\/span><\/a><\/li>\n<\/ul><\/div>\r\n\r\n<\/div>\r\n","protected":false},"excerpt":{"rendered":"Vokabular &#8211; Umweltschutz &#8211; Nachhaltigkeit &#8211; Englisch &#8211; Aufgaben Umweltschutz &#8211; Nachhaltigkeit &#8211; \u00dcbungen Beispiel biologisch abbaubar: \u24ffWaste that can be decomposed by organic organisms &nbsp;&nbsp; don&#8217;t did biodegradable doesn&#8217;t did . Die richtige L\u00f6sung ist: &#8222;biodegradable&#8220;&nbsp;&nbsp;Tipp \u2611\ufe0f W\u00e4hle die richtige Option, mit dem richtigen Wort f\u00fcr Umweltschutz, Nachhaltigkeit, um den Satz auf Englisch sinnvoll [&hellip;]","protected":false},"author":3,"featured_media":0,"parent":0,"menu_order":0,"comment_status":"closed","ping_status":"closed","template":"","meta":[],"_links":{"self":[{"href":"https:\/\/english-munich.de\/training\/wp-json\/wp\/v2\/pages\/11027"}],"collection":[{"href":"https:\/\/english-munich.de\/training\/wp-json\/wp\/v2\/pages"}],"about":[{"href":"https:\/\/english-munich.de\/training\/wp-json\/wp\/v2\/types\/page"}],"author":[{"embeddable":true,"href":"https:\/\/english-munich.de\/training\/wp-json\/wp\/v2\/users\/3"}],"replies":[{"embeddable":true,"href":"https:\/\/english-munich.de\/training\/wp-json\/wp\/v2\/comments?post=11027"}],"version-history":[{"count":4,"href":"https:\/\/english-munich.de\/training\/wp-json\/wp\/v2\/pages\/11027\/revisions"}],"predecessor-version":[{"id":11033,"href":"https:\/\/english-munich.de\/training\/wp-json\/wp\/v2\/pages\/11027\/revisions\/11033"}],"wp:attachment":[{"href":"https:\/\/english-munich.de\/training\/wp-json\/wp\/v2\/media?parent=11027"}],"curies":[{"name":"wp","href":"https:\/\/api.w.org\/{rel}","templated":true}]}}