{"id":10999,"date":"2022-03-08T13:35:23","date_gmt":"2022-03-08T13:35:23","guid":{"rendered":"https:\/\/english-munich.de\/training\/?page_id=10999"},"modified":"2022-03-13T08:53:34","modified_gmt":"2022-03-13T08:53:34","slug":"vokabular-umweltschutz-nachhaltigkeit-englisch-i","status":"publish","type":"page","link":"https:\/\/english-munich.de\/training\/vokabular-umweltschutz-nachhaltigkeit-englisch-i\/","title":{"rendered":"Vokabular Umweltschutz \/ Nachhaltigkeit Englisch I"},"content":{"rendered":"<div class=\"jumbotron text-center\">\r\n<h2>Vokabular &#8211; Umweltschutz &#8211; Nachhaltigkeit &#8211; Englisch &#8211; Aufgaben<\/h2>\r\n  Umweltschutz &#8211; Nachhaltigkeit &#8211; \u00dcbungen \r\n\r\n<\/div>\r\n<div class=\"bs-example\">\r\n<div id=\"accordionExample\" class=\"accordion\">\r\n<div class=\"card\">\r\n<div id=\"headingOne\" class=\"card-header\">\r\n<h2 class=\"mb-0\" style=\"color: #000;\"><button class=\"btn btn-link collapsed\" type=\"button\" data-toggle=\"collapse\" data-target=\"#collapseOne\">Beispiel<\/button><\/h2>\r\n<\/div>\r\n<div id=\"collapseOne\" class=\"collapse\" aria-labelledby=\"headingOne\" data-parent=\"#accordionExample\">\r\n<div class=\"card-body\"><div><b>biologisch abbaubar:<\/b><\/div><br \/>\r\n<div class=\"form-inline\"><div class=\"row\"><div><label for=\"sel1\"><span class=\"number\">\u24ff<\/span>Waste that can be decomposed by organic organisms <\/div>&nbsp;&nbsp;<div><select id=\"beispiel\" class=\"form-control\">\r\n<option value=\"wrong\">don&#8217;t did<\/option>\r\n<option value=\"correct\">biodegradable<\/option>\r\n<option value=\"wrong\">doesn&#8217;t did<\/option>\r\n<\/select><\/label>.<\/div><\/div><\/div><br \/>\r\n\r\nDie richtige L\u00f6sung ist: <b>&#8222;biodegradable&#8220;<\/b>&nbsp;&nbsp;<button class=\"btn-lg btn-info\" type=\"button\" value=\"submit\" data-toggle=\"modal\" data-target=\"#myModal\">Tipp<\/button>\r\n\r\n\r\n<\/div>\r\n<\/div>\r\n<\/div>\r\n<\/div>\r\n<br \/><br \/>\r\n<div class=\"container well\">\r\n<h4>\u2611\ufe0f W\u00e4hle die richtige Option, mit dem richtigen Wort f\u00fcr Umweltschutz, Nachhaltigkeit, um den Satz auf Englisch sinnvoll zu erg\u00e4nzen:<\/h4>\r\n\r\n<hr>\r\n\r\n<br \/>\r\n<div class=\"container-fluid\">\r\n<div><b>Umweltverschmutzung:<\/b><\/div><br \/>\r\n<div class=\"form-inline\"><div class=\"row\"><div><label for=\"sel1\"><span class=\"number\">\u2776<\/span>To save the environment you need to cut out <\/div>&nbsp;&nbsp; <div> <select id=\"q0\" class=\"form-control\">\r\n<option value=\"wrong\"><\/option>\r\n<option value=\"wrong\"> dirtbag  <\/option>\r\n<option value=\"correct\"> pollution <\/option>\r\n<option value=\"wrong\"> garbage disposal <\/option>\r\n<\/select><\/label> . <\/div><\/div><\/div><br \/>\r\n<p id=\"correct0\" align=\"left\"><\/p>\r\n<a class=\"btn btn-success tipp0 hidden\" style=\"text-decoration: none, color:white;\" title=\"To save the environment you need to cut out pollution.\" href=\"#0\" data-toggle=\"popover\"  data-placement=\"top\" data-trigger=\"hover\" data-content=\" 'pollution' \u2794  'Umweltverschmutzung'.\">Tipp<\/a>\r\n\r\n\r\n<div><b>bio-:<\/b><\/div><br \/>\r\n<div class=\"form-inline\"><div class=\"row\"><div><label for=\"sel1\"><span class=\"number\">\u2777<\/span>Products produced in a natural way are called <\/div>&nbsp;&nbsp; <div><select id=\"q1\" class=\"form-control\">\r\n<option value=\"wrong\"><\/option>\r\n<option value=\"wrong\"> biodegradable <\/option>\r\n<option value=\"wrong\"> biofuel <\/option>\r\n<option value=\"correct\"> organic <\/option>\r\n<\/select> .<\/label><\/div><\/div><\/div><br \/>\r\n\r\n<p id=\"correct1\" align=\"left\"><\/p>\r\n<a class=\"btn btn-success tipp1 hidden\" style=\"text-decoration: none, color:white;\" title=\"Products produced in a natural way are called organic.\" href=\"#1\" data-toggle=\"popover\" data-placement=\"top\" data-trigger=\"hover\" data-content=\"'organic' \u2794  'bio-'.\">Tipp<\/a>\r\n\r\n<div><b>CO\u00b2-Fu\u00dfabdruck:<\/b><\/div><br \/>\r\n<div class=\"form-inline\"><div class=\"row\"><div><label for=\"sel1\"><span class=\"number\">\u2778<\/span> \r\n<\/div> &nbsp;&nbsp; <div>The amount of CO\u00b2 emissions a person creates is called <select id=\"q2\" class=\"form-control\">\r\n<option value=\"wrong\"><\/option>\r\n<option value=\"wrong\"> carbon offset <\/option>\r\n<option value=\"correct\">carbon footprint <\/option>\r\n<option value=\"wrong\"> carbon fiber <\/option>\r\n<\/select> .<\/label><\/div><\/div><\/div><br \/>\r\n\r\n<p id=\"correct2\" align=\"left\"><\/p>\r\n<a class=\"btn btn-success tipp2 hidden\" style=\"text-decoration: none, color:white;\" title=\"The amount of CO\u00b2 emissions a person creates is called carbon footprint.\" href=\"#2\" data-toggle=\"popover\" data-placement=\"top\" data-trigger=\"hover\" data-content=\"'carbon footprint' \u2794  'CO\u00b2-Fu\u00dfabdruck'\">Tipp<\/a>\r\n\r\n<div><b>Brennstoffzelle:<\/b><\/div><br \/>\r\n<div class=\"form-inline\"><div class=\"row\"><div><label for=\"sel1\"><span class=\"number\">\u2779<\/span> An engine using hydrogen for combustion is called <\/div>&nbsp;&nbsp;<div><select id=\"q3\" class=\"form-control\">\r\n<option value=\"wrong\"><\/option>\r\n<option value=\"wrong\"> burn rate <\/option>\r\n<option value=\"wrong\"> fuel gauge <\/option>\r\n<option value=\"correct\"> fuel cell <\/option>\r\n<\/select><\/label>.<\/div><\/div><\/div><br \/>\r\n\r\n<p id=\"correct3\" align=\"left\"><\/p>\r\n<a class=\"btn btn-success tipp3 hidden\" style=\"text-decoration: none, color:white;\" title=\"An engine using hydrogen for combustion is called fuel cell.\" href=\"#3\" data-toggle=\"popover\" data-placement=\"top\" data-trigger=\"hover\" data-content=\"'fuel cell' \u2794  'Brennstoffzelle'.\">Tipp<\/a>\r\n\r\n<div><b>Wasserkraft:<\/b><\/div><br \/>\r\n<div class=\"form-inline\"><div class=\"row\"><div><label for=\"sel1\"><span class=\"number\">\u277a<\/span> A source of energy using the current of water is called <\/div>&nbsp;&nbsp; <div><select id=\"q4\" class=\"form-control\">\r\n<option value=\"wrong\"><\/option>\r\n<option value=\"wrong\"> hydrochloric acid <\/option>\r\n<option value=\"correct\"> hydroelectricity <\/option>\r\n<option value=\"wrong\"> hydroform <\/option>\r\n<\/select><\/label> .<\/div><\/div><\/div><br \/>\r\n\r\n<p id=\"correct4\" align=\"left\"><\/p>\r\n<a class=\"btn btn-success tipp4 hidden\" style=\"text-decoration: none, color:white;\" title=\"A source of energy using the current of water is called hydroelectricity.\" href=\"#4\" data-toggle=\"popover\" data-placement=\"top\" data-trigger=\"hover\" data-content=\"'hydroelectricity' \u2794  'Wasserkraft'.\">Tipp<\/a>\r\n\r\n<div><b>Lebensmittel Transportweg:<\/b><\/div><br \/>\r\n<div class=\"form-inline\"><div class=\"row\"><div><label for=\"sel1\"><span class=\"number\">\u277b<\/span>You can count your    <\/div>&nbsp;&nbsp; <div><select id=\"q5\" class=\"form-control\">\r\n<option value=\"wrong\"><\/option>\r\n<option value=\"wrong\"> food decompostion <\/option>\r\n<option value=\"wrong\"> food stamps <\/option>\r\n<option value=\"correct\"> food miles <\/option>\r\n<\/select> to minimize your carbon footprint.<\/label><\/div><\/div><\/div><br \/>\r\n<p id=\"correct5\" align=\"left\"><\/p>\r\n<a class=\"btn btn-success tipp5 hidden\" style=\"text-decoration: none, color:white;\" title=\"You can count your food miles to minimize your carbon footprint.\" href=\"#5\" data-toggle=\"popover\" data-placement=\"top\" data-trigger=\"hover\" data-content=\"'food miles' \u2794  'Lebensmittel Transportweg'.\">Tipp<\/a>\r\n\r\n<div><b>Sonnenkollektoren:<\/b><\/div><br \/>\r\n<div class=\"form-inline\"><div class=\"row\"><div><label for=\"sel1\"><span class=\"number\">\u277c<\/span>To generate electricity out of sun-rays you need  <\/div>&nbsp;&nbsp; <div><select id=\"q6\" class=\"form-control\">\r\n<option value=\"wrong\"><\/option>\r\n<option value=\"correct\"> solar panels <\/option>\r\n<option value=\"wrong\"> solar boards <\/option>\r\n<option value=\"wrong\"> solar glasses  <\/option>\r\n<\/select> .<\/label><\/div><\/div><\/div><br \/>\r\n<p id=\"correct6\" align=\"left\"><\/p>\r\n<a class=\"btn btn-success tipp6 hidden\" style=\"text-decoration: none, color:white;\" title=\"To generate electricity out of sun-rays you need solar panels.\" href=\"#6\" data-toggle=\"popover\" data-placement=\"top\" data-trigger=\"hover\" data-content=\"'solar panels' \u2794  'Solarzellen'.\">Tipp<\/a>\r\n\r\n<div><b>Wertstoffhof:<\/b><\/div><br \/>\r\n<div class=\"form-inline\"><div class=\"row\"><div><label for=\"sel1\"><span class=\"number\">\u277d<\/span>You have to take recycable waste to the <\/div>&nbsp;&nbsp; <div><select id=\"q7\" class=\"form-control\">\r\n<option value=\"wrong\"><\/option>\r\n<option value=\"wrong\"> valuable stuff exchange <\/option>\r\n<option value=\"wrong\"> recycling dump <\/option>\r\n<option value=\"correct\"> recycling yard <\/option>\r\n<\/select>.<\/label><\/div><\/div><\/div><br \/>\r\n<p id=\"correct7\" align=\"left\"><\/p>\r\n<a class=\"btn btn-success tipp7 hidden\" style=\"text-decoration: none, color:white;\" title=\"You have to take recycable waste to the recycling yard.\" href=\"#7\" data-toggle=\"popover\" data-placement=\"top\" data-trigger=\"hover\" data-content=\"'recycling yard' \u2794  'Wertstoffhof'.\">Tipp<\/a>\r\n\r\n<div><b>CO\u00b2 Ausgleich:<\/b><\/div><br \/>\r\n<div class=\"form-inline\"><div class=\"row\"><div><label for=\"sel1\"><span class=\"number\">\u277e<\/span>Some companies have to pay a financial <\/div>&nbsp;&nbsp; <div><select id=\"q8\" class=\"form-control\">\r\n<option value=\"wrong\"><\/option>\r\n<option value=\"correct\"> carbon offset <\/option>\r\n<option value=\"wrong\"> carbon footprint <\/option>\r\n<option value=\"wrong\"> carbon copy <\/option>\r\n<\/select> .<\/label><\/div><\/div><\/div><br \/>\r\n<p id=\"correct8\" align=\"left\"><\/p>\r\n<a class=\"btn btn-success tipp8 hidden\" style=\"text-decoration: none, color:white;\" title=\"Some companies have to pay a financial carbon offset.\" href=\"#8\" data-toggle=\"popover\" data-placement=\"top\" data-trigger=\"hover\" data-content=\"'carbon offset' \u2794  'CO\u00b2 Ausgleich'.\">Tipp<\/a>\r\n\r\n<div><b>\u00d6ko Freak:<\/b><\/div><br \/>\r\n<div class=\"form-inline\"><div class=\"row\"><div><label for=\"sel1\"><span class=\"number\">\u277f<\/span>A derogatory term for a person overly concerned with environment protection <\/div>&nbsp;&nbsp; <div><select id=\"q9\" class=\"form-control\">\r\n<option value=\"wrong\"><\/option>\r\n<option value=\"correct\"> tree hugger <\/option>\r\n<option value=\"wrong\"> tree planter <\/option>\r\n<option value=\"wrong\"> tree totaler <\/option>\r\n<\/select> . <\/label><\/div><\/div><\/div><br \/>\r\n<p id=\"correct9\" align=\"left\"><\/p>\r\n<a class=\"btn btn-success tipp9 hidden\" style=\"text-decoration: none, color:white;\" title=\"A derogatory term for a person overly concerned with environment protection: tree hugger.\" href=\"#9\" data-toggle=\"popover\" data-placement=\"top\" data-trigger=\"hover\" data-content=\"'tree hugger' \u2794 '\u00d6ko Freak'.\">Tipp<\/a>\r\n\r\n\r\n<\/div>\r\n<div class=\"container\">\r\n\r\n<!-- The Modal -->\r\n<div id=\"myModal\" class=\"modal\">\r\n<div class=\"modal-dialog\">\r\n<div class=\"modal-content\">\r\n\r\n<!-- Modal Header -->\r\n<div class=\"modal-header\">\r\n<h4 class=\"modal-title\">Verben &#8211; Umweltschutz &#8211; Englisch<\/h4>\r\n<button class=\"close\" type=\"button\" data-dismiss=\"modal\">\u00d7<\/button>\r\n\r\n<\/div>\r\n<!-- Modal body -->\r\n<div class=\"modal-body\"><table class=\"table table-bordered table-sm table-hover\">\r\n<thead>\r\n<tr class=\"table-danger\">\r\n<th colspan=\"2\">Verben &#8211; Umweltschutz &#8211; Englisch\/Deutsch<\/th>\r\n<\/tr>\r\n<\/thead>\r\n<tbody>\r\n\r\n<tr class=\"table-primary\">\r\n<td><b>Deutsch<\/b><\/td>\r\n<td><b>Englisch<\/b><\/td>\r\n\r\n<tr class=\"table-info\">\r\n<td><b><i class=\"text-danger\">Umweltverschmutzung<\/i><\/b><\/td>\r\n<td><b><i class=\"text-danger\">pollution<\/i><\/b><\/td>\r\n\r\n<\/tr>\r\n<tr class=\"table-info\">\r\n<td><b><i class=\"text-danger\">CO\u00b2 Fu\u00dfabdruck <\/i> <\/b><\/td>\r\n<td><b><i class=\"text-danger\">carbon footprint<\/i> <\/b><\/td>\r\n<\/tr>\r\n<tr class=\"table-info\">\r\n<td><b><i class=\"text-danger\">bio-<\/i><\/b><\/td>\r\n<td><b><i class=\"text-danger\">organic<\/i><\/b><\/td>\r\n<\/tr>\r\n<tr class=\"table-info\">\r\n<td><b><i class=\"text-danger\">Brennstoffzelle<\/i><\/b><\/td>\r\n<td><b><i class=\"text-danger\">fuel cell<\/i><\/b><\/td>\r\n<\/tr>\r\n<tr class=\"table-info\">\r\n<td><b><i class=\"text-danger\">Wasserkraft<\/i><\/b><\/td>\r\n<td><b><i class=\"text-danger\">hydroelectricity<\/i><\/b><\/td>\r\n<\/tr>\r\n<tr class=\"table-info\">\r\n<td><b><i class=\"text-danger\">Lebensmitteltransportweg<\/i><\/b><\/td>\r\n<td><b><i class=\"text-danger\">food miles<\/i><\/b><\/td>\r\n<\/tr>\r\n<tr class=\"table-info\">\r\n<td><b><i class=\"text-danger\">Sonnenkollektoren<\/i><\/b><\/td>\r\n<td><b><i class=\"text-danger\">solar panels<\/i><\/b><\/td>\r\n<\/tr>\r\n<tr class=\"table-info\">\r\n<td><b><i class=\"text-danger\">Wertstoffhof<\/i><\/b><\/td>\r\n<td><b><i class=\"text-danger\">recycling yard<\/i><\/b><\/td>\r\n<\/tr>\r\n<tr class=\"table-info\">\r\n<td><b><i class=\"text-danger\">\u00d6ko Freak<\/i><\/b><\/td>\r\n<td><b><i class=\"text-danger\">tree hugger<\/i><\/b><\/td>\r\n<\/tr>\r\n<tr class=\"table-info\">\r\n<td><b><i class=\"text-danger\">carbon offset<\/i><\/b><\/td>\r\n<td><b><i class=\"text-danger\">CO\u00b2 Ausgleich<\/i><\/b><\/td>\r\n<\/tr>\r\n<\/tbody>\r\n<\/table><\/div>\r\n<!-- Modal footer -->\r\n<div class=\"modal-footer\"><button class=\"btn btn-danger\" type=\"button\" data-dismiss=\"modal\">Close<\/button><\/div>\r\n<\/div>\r\n<\/div>\r\n<\/div>\r\n<\/div>\r\n<\/div>\r\n\r\n\r\n<hr>\r\n<button id=\"submitButton\" class=\"btn-lg btn-primary \" type=\"submit\" value=\"submit\">Pr\u00fcfen<\/button><button id=\"resetButton\" class=\"btn-lg btn-success\" type=\"submit\" onclick=\"refreshPage()\">Neustart<\/button><button id=\"submitButton\" class=\"btn-lg btn-info\" type=\"submit\" value=\"submit\" data-toggle=\"modal\" data-target=\"#myModal\">Tipp<\/button>\r\n\r\n<p id=\"result\"><\/p>\r\n<p id=\"result2\"><\/p>\r\n<hr>\r\n\r\n<h3>Alle \u00dcbungen Verben &#8211; Umweltschutz &#8211; Englisch\/Deutsch:<\/h3>\r\n\r\n<hr>\r\n\r\n<div id=\"bellows-main-83\" class=\"bellows bellows-nojs bellows-main bellows-source-menu bellows-align-full bellows-skin-vanilla bellows-type-\"><ul id=\"menu-organic\" class=\"bellows-nav\" data-bellows-config=\"main\"><li id=\"menu-item-11013\" class=\"bellows-menu-item bellows-menu-item-type-post_type bellows-menu-item-object-page bellows-menu-item-11013 bellows-item-level-0\"><a  href=\"https:\/\/english-munich.de\/training\/vokabular-umweltschutz-nachhaltigkeit-englisch-i\/\" class=\"bellows-target\"><span class=\"bellows-target-title bellows-target-text\">\u2611\ufe0fVokabular Umweltschutz<\/span><\/a><\/li>\n<li id=\"menu-item-11022\" class=\"bellows-menu-item bellows-menu-item-type-post_type bellows-menu-item-object-page bellows-menu-item-11022 bellows-item-level-0\"><a  href=\"https:\/\/english-munich.de\/training\/vokabular-umweltschutz-nachhaltigkeit-englisch-ii\/\" class=\"bellows-target\"><span class=\"bellows-target-title bellows-target-text\">\u2611\ufe0fVokabular Umweltschutz II<\/span><\/a><\/li>\n<li id=\"menu-item-11035\" class=\"bellows-menu-item bellows-menu-item-type-post_type bellows-menu-item-object-page bellows-menu-item-11035 bellows-item-level-0\"><a  href=\"https:\/\/english-munich.de\/training\/vokabular-umweltschutz-nachhaltigkeit-englisch-iii\/\" class=\"bellows-target\"><span class=\"bellows-target-title bellows-target-text\">\u2611\ufe0fVokabular Umweltschutz III<\/span><\/a><\/li>\n<li id=\"menu-item-11044\" class=\"bellows-menu-item bellows-menu-item-type-post_type bellows-menu-item-object-page bellows-menu-item-11044 bellows-item-level-0\"><a  href=\"https:\/\/english-munich.de\/training\/vokabular-umweltschutz-nachhaltigkeit-englisch-iv\/\" class=\"bellows-target\"><span class=\"bellows-target-title bellows-target-text\">\u2611\ufe0fVokabular Umweltschutz IV<\/span><\/a><\/li>\n<li id=\"menu-item-11055\" class=\"bellows-menu-item bellows-menu-item-type-post_type bellows-menu-item-object-page bellows-menu-item-11055 bellows-item-level-0\"><a  href=\"https:\/\/english-munich.de\/training\/vokabular-umweltschutz-nachhaltigkeit-englisch-v\/\" class=\"bellows-target\"><span class=\"bellows-target-title bellows-target-text\">\u2611\ufe0fVokabular Umweltschutz V<\/span><\/a><\/li>\n<li id=\"menu-item-11065\" class=\"bellows-menu-item bellows-menu-item-type-post_type bellows-menu-item-object-page bellows-menu-item-11065 bellows-item-level-0\"><a  href=\"https:\/\/english-munich.de\/training\/vokabular-umweltschutz-nachhaltigkeit-englisch-iii-2\/\" class=\"bellows-target\"><span class=\"bellows-target-title bellows-target-text\">\u2611\ufe0fVokabular Umweltschutz VI<\/span><\/a><\/li>\n<li id=\"menu-item-11066\" class=\"bellows-menu-item bellows-menu-item-type-post_type bellows-menu-item-object-page bellows-menu-item-11066 bellows-item-level-0\"><a  href=\"https:\/\/english-munich.de\/training\/umweltschutz-vokabeluebung-matching-game\/\" class=\"bellows-target\"><span class=\"bellows-target-title bellows-target-text\">\ud83e\udde6Umweltschutz \u2013 matching game<\/span><\/a><\/li>\n<\/ul><\/div>\r\n\r\n<\/div>\r\n","protected":false},"excerpt":{"rendered":"Vokabular &#8211; Umweltschutz &#8211; Nachhaltigkeit &#8211; Englisch &#8211; Aufgaben Umweltschutz &#8211; Nachhaltigkeit &#8211; \u00dcbungen Beispiel biologisch abbaubar: \u24ffWaste that can be decomposed by organic organisms &nbsp;&nbsp; don&#8217;t did biodegradable doesn&#8217;t did . Die richtige L\u00f6sung ist: &#8222;biodegradable&#8220;&nbsp;&nbsp;Tipp \u2611\ufe0f W\u00e4hle die richtige Option, mit dem richtigen Wort f\u00fcr Umweltschutz, Nachhaltigkeit, um den Satz auf Englisch sinnvoll [&hellip;]","protected":false},"author":3,"featured_media":0,"parent":0,"menu_order":0,"comment_status":"closed","ping_status":"closed","template":"","meta":[],"_links":{"self":[{"href":"https:\/\/english-munich.de\/training\/wp-json\/wp\/v2\/pages\/10999"}],"collection":[{"href":"https:\/\/english-munich.de\/training\/wp-json\/wp\/v2\/pages"}],"about":[{"href":"https:\/\/english-munich.de\/training\/wp-json\/wp\/v2\/types\/page"}],"author":[{"embeddable":true,"href":"https:\/\/english-munich.de\/training\/wp-json\/wp\/v2\/users\/3"}],"replies":[{"embeddable":true,"href":"https:\/\/english-munich.de\/training\/wp-json\/wp\/v2\/comments?post=10999"}],"version-history":[{"count":15,"href":"https:\/\/english-munich.de\/training\/wp-json\/wp\/v2\/pages\/10999\/revisions"}],"predecessor-version":[{"id":11040,"href":"https:\/\/english-munich.de\/training\/wp-json\/wp\/v2\/pages\/10999\/revisions\/11040"}],"wp:attachment":[{"href":"https:\/\/english-munich.de\/training\/wp-json\/wp\/v2\/media?parent=10999"}],"curies":[{"name":"wp","href":"https:\/\/api.w.org\/{rel}","templated":true}]}}