{"id":10964,"date":"2022-03-06T19:06:04","date_gmt":"2022-03-06T19:06:04","guid":{"rendered":"https:\/\/english-munich.de\/training\/?page_id=10964"},"modified":"2022-03-07T07:35:10","modified_gmt":"2022-03-07T07:35:10","slug":"vokabular-materialverarbeitung-englisch-vi","status":"publish","type":"page","link":"https:\/\/english-munich.de\/training\/vokabular-materialverarbeitung-englisch-vi\/","title":{"rendered":"Vokabular Materialverarbeitung Englisch VI"},"content":{"rendered":"<div class=\"jumbotron text-center\">\r\n<h2>Vokabular &#8211; Materialverarbeitung &#8211; Englisch &#8211; Aufgaben<\/h2>\r\n  Materialverarbeitung &#8211; \u00dcbungen \r\n\r\n<\/div>\r\n<div class=\"bs-example\">\r\n<div id=\"accordionExample\" class=\"accordion\">\r\n<div class=\"card\">\r\n<div id=\"headingOne\" class=\"card-header\">\r\n<h2 class=\"mb-0\" style=\"color: #000;\"><button class=\"btn btn-link collapsed\" type=\"button\" data-toggle=\"collapse\" data-target=\"#collapseOne\">Beispiel<\/button><\/h2>\r\n<\/div>\r\n<div id=\"collapseOne\" class=\"collapse\" aria-labelledby=\"headingOne\" data-parent=\"#accordionExample\">\r\n<div class=\"card-body\"><div><b>wetzen:<\/b><\/div><br \/>\r\n<div class=\"form-inline\"><div class=\"row\"><div><label for=\"sel1\"><span class=\"number\">\u24ff<\/span>The way to sharpen a knife is to <\/div>&nbsp;&nbsp;<div><select id=\"beispiel\" class=\"form-control\">\r\n<option value=\"wrong\">don&#8217;t did<\/option>\r\n<option value=\"correct\">whet<\/option>\r\n<option value=\"wrong\">doesn&#8217;t did<\/option>\r\n<\/select><\/label> it.<\/div><\/div><\/div><br \/>\r\n\r\nDie richtige L\u00f6sung ist: <b>&#8222;whet&#8220;<\/b>&nbsp;&nbsp;<button class=\"btn-lg btn-info\" type=\"button\" value=\"submit\" data-toggle=\"modal\" data-target=\"#myModal\">Tipp<\/button>\r\n\r\n\r\n<\/div>\r\n<\/div>\r\n<\/div>\r\n<\/div>\r\n<br \/><br \/>\r\n<div class=\"container well\">\r\n<h4>\u2611\ufe0f W\u00e4hle die richtige Option, mit dem richtigen Verb f\u00fcr Materialverarbeitung, um den Satz auf Englisch sinnvoll zu erg\u00e4nzen:<\/h4>\r\n\r\n<hr>\r\n\r\n<br \/>\r\n<div class=\"container-fluid\">\r\n\r\n<div class=\"form-inline\"><div class=\"row\"><div><label for=\"sel1\"><span class=\"number\">\u2776<\/span>We need to punch a nonlinear slit into a sheet metal. Let&#8217;s put it into a <\/div>&nbsp;&nbsp; <div> <select id=\"q0\" class=\"form-control\">\r\n<option value=\"wrong\"><\/option>\r\n<option value=\"wrong\"> etching <\/option>\r\n<option value=\"correct\"> nibbling <\/option>\r\n<option value=\"wrong\"> polishing <\/option>\r\n<option value=\"wrong\"> smelting <\/option>\r\n<option value=\"wrong\"> welding <\/option>\r\n<option value=\"wrong\"> deburring <\/option>\r\n<option value=\"wrong\"> chrome-plating <\/option>\r\n<option value=\"wrong\"> casting <\/option>\r\n<option value=\"wrong\"> filing <\/option>\r\n<option value=\"wrong\"> turning <\/option>\r\n<\/select><\/label> device . <\/div><\/div><\/div><br \/>\r\n<p id=\"correct0\" align=\"left\"><\/p>\r\n<a class=\"btn btn-success tipp0 hidden\" style=\"text-decoration: none, color:white;\" title=\"We need to punch a nonlinear slit into a sheet metal. Let's put it into a nibbling device.\" href=\"#0\" data-toggle=\"popover\"  data-placement=\"top\" data-trigger=\"hover\" data-content=\" 'nibble' \u2794  'knabbern'. Der Ausdruck 'knabbern' existiert tats\u00e4chlich in der Materialverarbeitung. Das Werkst\u00fcck wird auf die Matrize mit einer hinteren Anschlagposition gelegt, woraufhin der Stempel ein Loch ausstanzt. Der Stempel wird dann angehoben und \u00fcber die Platte bis zum Anschlag bewegt, wobei der Stempel erneut positioniert wird und ein weiteres Loch ausst\u00f6\u00dft. Der Vorgang wird wiederholt, w\u00e4hrend die Platte gedreht wird, um einen nichtlinearen Schlitz zu erzeugen.\">Tipp<\/a>\r\n\r\n\r\n\r\n<div class=\"form-inline\"><div class=\"row\"><div><label for=\"sel1\"><span class=\"number\">\u2777<\/span> To use acid to work the surface of a material is called  <\/div>&nbsp;&nbsp; <div><select id=\"q1\" class=\"form-control\">\r\n<option value=\"wrong\"><\/option>\r\n<option value=\"correct\"> etching <\/option>\r\n<option value=\"wrong\"> nibbling <\/option>\r\n<option value=\"wrong\"> polishing <\/option>\r\n<option value=\"wrong\"> smelting <\/option>\r\n<option value=\"wrong\"> welding <\/option>\r\n<option value=\"wrong\"> deburring <\/option>\r\n<option value=\"wrong\"> chrome-plating <\/option>\r\n<option value=\"wrong\"> casting <\/option>\r\n<option value=\"wrong\"> filing <\/option>\r\n<option value=\"wrong\"> turning <\/option>\r\n<\/select>.<\/label><\/div><\/div><\/div><br \/>\r\n\r\n<p id=\"correct1\" align=\"left\"><\/p>\r\n<a class=\"btn btn-success tipp1 hidden\" style=\"text-decoration: none, color:white;\" title=\"To use acid to work the surface of a material is called etching.\" href=\"#1\" data-toggle=\"popover\" data-placement=\"top\" data-trigger=\"hover\" data-content=\"'etch' \u2794  '\u00e4tzen'.\">Tipp<\/a>\r\n\r\n\r\n<div class=\"form-inline\"><div class=\"row\"><div><label for=\"sel1\"><span class=\"number\">\u2778<\/span> \r\n<\/div> &nbsp;&nbsp; <div>To make a steel frame you normally <select id=\"q2\" class=\"form-control\">\r\n<option value=\"wrong\"><\/option>\r\n<option value=\"wrong\"> etch <\/option>\r\n<option value=\"wrong\"> nibble <\/option>\r\n<option value=\"wrong\"> polish <\/option>\r\n<option value=\"wrong\"> smelt <\/option>\r\n<option value=\"correct\"> weld <\/option>\r\n<option value=\"wrong\"> deburr <\/option>\r\n<option value=\"wrong\"> chrome-plate <\/option>\r\n<option value=\"wrong\"> cast <\/option>\r\n<option value=\"wrong\"> file <\/option>\r\n<option value=\"wrong\"> turn <\/option>\r\n<\/select> several pipes together.<\/label><\/div><\/div><\/div><br \/>\r\n\r\n<p id=\"correct2\" align=\"left\"><\/p>\r\n<a class=\"btn btn-success tipp2 hidden\" style=\"text-decoration: none, color:white;\" title=\"To make a steel frame you normally weld several pipes together.\" href=\"#2\" data-toggle=\"popover\" data-placement=\"top\" data-trigger=\"hover\" data-content=\"'weld' \u2794  'schwei\u00dfen'\">Tipp<\/a>\r\n\r\n\r\n<div class=\"form-inline\"><div class=\"row\"><div><label for=\"sel1\"><span class=\"number\">\u2779<\/span> The process of seperating metal from iron-ore is called <\/div>&nbsp;&nbsp;<div><select id=\"q3\" class=\"form-control\">\r\n<option value=\"wrong\"><\/option>\r\n<option value=\"wrong\"> etching <\/option>\r\n<option value=\"wrong\"> nibbling <\/option>\r\n<option value=\"wrong\"> polishing <\/option>\r\n<option value=\"correct\"> smelting <\/option>\r\n<option value=\"wrong\"> welding <\/option>\r\n<option value=\"wrong\"> deburring <\/option>\r\n<option value=\"wrong\"> chrome-plating <\/option>\r\n<option value=\"wrong\"> casting <\/option>\r\n<option value=\"wrong\"> filing <\/option>\r\n<option value=\"wrong\"> turning <\/option>\r\n<\/select><\/label> .<\/div><\/div><\/div><br \/>\r\n\r\n<p id=\"correct3\" align=\"left\"><\/p>\r\n<a class=\"btn btn-success tipp3 hidden\" style=\"text-decoration: none, color:white;\" title=\"The process of seperating metal from iron-ore is called smelting.\" href=\"#3\" data-toggle=\"popover\" data-placement=\"top\" data-trigger=\"hover\" data-content=\"'smelt' \u2794  'verh\u00fctten'.\">Tipp<\/a>\r\n\r\n\r\n<div class=\"form-inline\"><div class=\"row\"><div><label for=\"sel1\"><span class=\"number\">\u277a<\/span> We need to make a surface smooth and shiny. Let&#8217;s  <\/div>&nbsp;&nbsp; <div><select id=\"q4\" class=\"form-control\">\r\n<option value=\"wrong\"><\/option>\r\n<option value=\"wrong\"> etch <\/option>\r\n<option value=\"wrong\"> nibble <\/option>\r\n<option value=\"correct\"> polish <\/option>\r\n<option value=\"wrong\"> smelt <\/option>\r\n<option value=\"correct\"> weld <\/option>\r\n<option value=\"wrong\"> deburr <\/option>\r\n<option value=\"wrong\"> chrome-plate <\/option>\r\n<option value=\"wrong\"> cast <\/option>\r\n<option value=\"wrong\"> file <\/option>\r\n<option value=\"wrong\"> turn <\/option>\r\n<\/select><\/label> it.<\/div><\/div><\/div><br \/>\r\n\r\n<p id=\"correct4\" align=\"left\"><\/p>\r\n<a class=\"btn btn-success tipp4 hidden\" style=\"text-decoration: none, color:white;\" title=\"To make a surface smooth and shiny is called to polish.\" href=\"#4\" data-toggle=\"popover\" data-placement=\"top\" data-trigger=\"hover\" data-content=\"'polish' \u2794  'polieren'.\">Tipp<\/a>\r\n\r\n\r\n<div class=\"form-inline\"><div class=\"row\"><div><label for=\"sel1\"><span class=\"number\">\u277b<\/span>To remove small shavings from a thread of screw is called to <\/div>&nbsp;&nbsp; <div><select id=\"q5\" class=\"form-control\">\r\n<option value=\"wrong\"><\/option>\r\n<option value=\"wrong\"> etch <\/option>\r\n<option value=\"wrong\"> nibble <\/option>\r\n<option value=\"correct\"> polish <\/option>\r\n<option value=\"wrong\"> smelt <\/option>\r\n<option value=\"wrong\"> weld <\/option>\r\n<option value=\"correct\"> deburr <\/option>\r\n<option value=\"wrong\"> chrome-plate <\/option>\r\n<option value=\"wrong\"> cast <\/option>\r\n<option value=\"wrong\"> file <\/option>\r\n<option value=\"wrong\"> turn <\/option>\r\n<\/select> .<\/label><\/div><\/div><\/div><br \/>\r\n<p id=\"correct5\" align=\"left\"><\/p>\r\n<a class=\"btn btn-success tipp5 hidden\" style=\"text-decoration: none, color:white;\" title=\"To remove small shavings from a thread of screw is called to deburr.\" href=\"#5\" data-toggle=\"popover\" data-placement=\"top\" data-trigger=\"hover\" data-content=\"'deburr' \u2794  'entgraten'.\">Tipp<\/a>\r\n\r\n\r\n<div class=\"form-inline\"><div class=\"row\"><div><label for=\"sel1\"><span class=\"number\">\u277c<\/span>You can make a table leg out of a wooden block by <\/div>&nbsp;&nbsp; <div><select id=\"q6\" class=\"form-control\">\r\n<option value=\"wrong\"><\/option>\r\n<option value=\"wrong\"> etching <\/option>\r\n<option value=\"wrong\"> nibbling <\/option>\r\n<option value=\"wrong\"> polishing <\/option>\r\n<option value=\"wrong\"> smelting <\/option>\r\n<option value=\"wrong\"> welding <\/option>\r\n<option value=\"wrong\"> deburring <\/option>\r\n<option value=\"wrong\"> chrome-plating <\/option>\r\n<option value=\"wrong\"> casting <\/option>\r\n<option value=\"wrong\"> filing <\/option>\r\n<option value=\"correct\"> turning <\/option>\r\n<\/select> .<\/label><\/div><\/div><\/div><br \/>\r\n<p id=\"correct6\" align=\"left\"><\/p>\r\n<a class=\"btn btn-success tipp6 hidden\" style=\"text-decoration: none, color:white;\" title=\"You can make a table leg out of a wooden block by turning.\" href=\"#6\" data-toggle=\"popover\" data-placement=\"top\" data-trigger=\"hover\" data-content=\"'clip' \u2794  'drechseln'.\">Tipp<\/a>\r\n\r\n\r\n<div class=\"form-inline\"><div class=\"row\"><div><label for=\"sel1\"><span class=\"number\">\u277d<\/span>I want to pimp my ride. I want to <\/div>&nbsp;&nbsp; <div><select id=\"q7\" class=\"form-control\">\r\n<option value=\"wrong\"><\/option>\r\n<option value=\"wrong\"> etch <\/option>\r\n<option value=\"wrong\"> nibble <\/option>\r\n<option value=\"correct\"> polish <\/option>\r\n<option value=\"wrong\"> smelt <\/option>\r\n<option value=\"wrong\"> weld <\/option>\r\n<option value=\"wrong\"> deburr <\/option>\r\n<option value=\"correct\"> chrome-plate <\/option>\r\n<option value=\"wrong\"> cast <\/option>\r\n<option value=\"wrong\"> file <\/option>\r\n<option value=\"wrong\"> turn <\/option>\r\n<\/select> my rims.<\/label><\/div><\/div><\/div><br \/>\r\n<p id=\"correct7\" align=\"left\"><\/p>\r\n<a class=\"btn btn-success tipp7 hidden\" style=\"text-decoration: none, color:white;\" title=\"I want to pimp my ride. I want to chrome-plate my rims.\" href=\"#7\" data-toggle=\"popover\" data-placement=\"top\" data-trigger=\"hover\" data-content=\"'verchromen' \u2794  'chrome-plate'.\">Tipp<\/a>\r\n\r\n\r\n<div class=\"form-inline\"><div class=\"row\"><div><label for=\"sel1\"><span class=\"number\">\u277e<\/span>To form molten metal by pouring it into a mold is called <\/div>&nbsp;&nbsp; <div><select id=\"q8\" class=\"form-control\">\r\n<option value=\"wrong\"><\/option>\r\n<option value=\"wrong\"> etching <\/option>\r\n<option value=\"wrong\"> nibbling <\/option>\r\n<option value=\"wrong\"> polishing <\/option>\r\n<option value=\"wrong\"> smelting <\/option>\r\n<option value=\"wrong\"> welding <\/option>\r\n<option value=\"wrong\"> deburring <\/option>\r\n<option value=\"wrong\"> chrome-plating <\/option>\r\n<option value=\"correct\"> casting <\/option>\r\n<option value=\"wrong\"> filing <\/option>\r\n<option value=\"wrong\"> turning <\/option>\r\n<\/select> .<\/label><\/div><\/div><\/div><br \/>\r\n<p id=\"correct8\" align=\"left\"><\/p>\r\n<a class=\"btn btn-success tipp8 hidden\" style=\"text-decoration: none, color:white;\" title=\"To form molten metal by pouring it into a mold is called casting.\" href=\"#8\" data-toggle=\"popover\" data-placement=\"top\" data-trigger=\"hover\" data-content=\"'cast' \u2794  'gie\u00dfen'.\">Tipp<\/a>\r\n\r\n\r\n<div class=\"form-inline\"><div class=\"row\"><div><label for=\"sel1\"><span class=\"number\">\u277f<\/span>To remove material by scraping is called <\/div>&nbsp;&nbsp; <div><select id=\"q9\" class=\"form-control\">\r\n<option value=\"wrong\"><\/option>\r\n<option value=\"wrong\"> etching <\/option>\r\n<option value=\"wrong\"> nibbling <\/option>\r\n<option value=\"wrong\"> polishing <\/option>\r\n<option value=\"wrong\"> smelting <\/option>\r\n<option value=\"wrong\"> welding <\/option>\r\n<option value=\"wrong\"> deburring <\/option>\r\n<option value=\"wrong\"> chrome-plating <\/option>\r\n<option value=\"wrong\"> casting <\/option>\r\n<option value=\"correct\"> filing <\/option>\r\n<option value=\"wrong\"> turning <\/option>\r\n<\/select> . <\/label><\/div><\/div><\/div><br \/>\r\n<p id=\"correct9\" align=\"left\"><\/p>\r\n<a class=\"btn btn-success tipp9 hidden\" style=\"text-decoration: none, color:white;\" title=\"To remove material by scraping is called to file.\" href=\"#9\" data-toggle=\"popover\" data-placement=\"top\" data-trigger=\"hover\" data-content=\"'file' \u2794 'feilen'.\">Tipp<\/a>\r\n\r\n\r\n<\/div>\r\n<div class=\"container\">\r\n\r\n<!-- The Modal -->\r\n<div id=\"myModal\" class=\"modal\">\r\n<div class=\"modal-dialog\">\r\n<div class=\"modal-content\">\r\n\r\n<!-- Modal Header -->\r\n<div class=\"modal-header\">\r\n<h4 class=\"modal-title\">Verben &#8211; Materialverarbeitung &#8211; Englisch<\/h4>\r\n<button class=\"close\" type=\"button\" data-dismiss=\"modal\">\u00d7<\/button>\r\n\r\n<\/div>\r\n<!-- Modal body -->\r\n<div class=\"modal-body\"><table class=\"table table-bordered table-sm table-hover\">\r\n<thead>\r\n<tr class=\"table-danger\">\r\n<th colspan=\"2\">Verben &#8211; Materialverarbeitung &#8211; Englisch<\/th>\r\n<\/tr>\r\n<\/thead>\r\n<tbody>\r\n\r\n<tr class=\"table-primary\">\r\n<td><b>Deutsch<\/b><\/td>\r\n<td><b>Englisch<\/b><\/td>\r\n\r\n<tr class=\"table-info\">\r\n<td><b><i class=\"text-danger\">knabbern<\/i><\/b><\/td>\r\n<td><b><i class=\"text-danger\">nibble<\/i><\/b><\/td>\r\n\r\n<\/tr>\r\n<tr class=\"table-info\">\r\n<td><b><i class=\"text-danger\">\u00e4tzen <\/i> <\/b><\/td>\r\n<td><b><i class=\"text-danger\">etch<\/i> <\/b><\/td>\r\n<\/tr>\r\n<tr class=\"table-info\">\r\n<td><b><i class=\"text-danger\">schwei\u00dfen<\/i><\/b><\/td>\r\n<td><b><i class=\"text-danger\">weld<\/i><\/b><\/td>\r\n<\/tr>\r\n<tr class=\"table-info\">\r\n<td><b><i class=\"text-danger\">verh\u00fctten<\/i><\/b><\/td>\r\n<td><b><i class=\"text-danger\">smelt<\/i><\/b><\/td>\r\n<\/tr>\r\n<tr class=\"table-info\">\r\n<td><b><i class=\"text-danger\">polieren<\/i><\/b><\/td>\r\n<td><b><i class=\"text-danger\">polish<\/i><\/b><\/td>\r\n<\/tr>\r\n<tr class=\"table-info\">\r\n<td><b><i class=\"text-danger\">entgraten<\/i><\/b><\/td>\r\n<td><b><i class=\"text-danger\">deburr<\/i><\/b><\/td>\r\n<\/tr>\r\n<tr class=\"table-info\">\r\n<td><b><i class=\"text-danger\">drechseln<\/i><\/b><\/td>\r\n<td><b><i class=\"text-danger\">turn<\/i><\/b><\/td>\r\n<\/tr>\r\n<tr class=\"table-info\">\r\n<td><b><i class=\"text-danger\">verchromen<\/i><\/b><\/td>\r\n<td><b><i class=\"text-danger\">chrome-plate<\/i><\/b><\/td>\r\n<\/tr>\r\n<tr class=\"table-info\">\r\n<td><b><i class=\"text-danger\">gie\u00dfen<\/i><\/b><\/td>\r\n<td><b><i class=\"text-danger\">cast<\/i><\/b><\/td>\r\n<\/tr>\r\n<tr class=\"table-info\">\r\n<td><b><i class=\"text-danger\">feilen<\/i><\/b><\/td>\r\n<td><b><i class=\"text-danger\">file<\/i><\/b><\/td>\r\n<\/tr>\r\n<\/tbody>\r\n<\/table><\/div>\r\n<!-- Modal footer -->\r\n<div class=\"modal-footer\"><button class=\"btn btn-danger\" type=\"button\" data-dismiss=\"modal\">Close<\/button><\/div>\r\n<\/div>\r\n<\/div>\r\n<\/div>\r\n<\/div>\r\n<\/div>\r\n\r\n\r\n<hr>\r\n<button id=\"submitButton\" class=\"btn-lg btn-primary \" type=\"submit\" value=\"submit\">Pr\u00fcfen<\/button><button id=\"resetButton\" class=\"btn-lg btn-success\" type=\"submit\" onclick=\"refreshPage()\">Neustart<\/button><button id=\"submitButton\" class=\"btn-lg btn-info\" type=\"submit\" value=\"submit\" data-toggle=\"modal\" data-target=\"#myModal\">Tipp<\/button>\r\n\r\n<p id=\"result\"><\/p>\r\n<p id=\"result2\"><\/p>\r\n<hr>\r\n\r\n<h3>Alle \u00dcbungen zu Verben Materialverarbeitung &#8211;  Englisch\/Deutsch:<\/h3>\r\n\r\n<hr>\r\n\r\n<div id=\"bellows-main-82\" class=\"bellows bellows-nojs bellows-main bellows-source-menu bellows-align-full bellows-skin-vanilla bellows-type-\"><ul id=\"menu-materialverarbeitung\" class=\"bellows-nav\" data-bellows-config=\"main\"><li id=\"menu-item-10914\" class=\"bellows-menu-item bellows-menu-item-type-post_type bellows-menu-item-object-page bellows-menu-item-10914 bellows-item-level-0\"><a  href=\"https:\/\/english-munich.de\/training\/vokabular-materialverarbeitung-englisch\/\" class=\"bellows-target\"><span class=\"bellows-target-title bellows-target-text\">\u2611\ufe0fVokabular Materialverarbeitung I<\/span><\/a><\/li>\n<li id=\"menu-item-10913\" class=\"bellows-menu-item bellows-menu-item-type-post_type bellows-menu-item-object-page bellows-menu-item-10913 bellows-item-level-0\"><a  href=\"https:\/\/english-munich.de\/training\/vokabular-materialverarbeitung-englisch-ii\/\" class=\"bellows-target\"><span class=\"bellows-target-title bellows-target-text\">\u2611\ufe0fVokabular Materialverarbeitung  II<\/span><\/a><\/li>\n<li id=\"menu-item-10929\" class=\"bellows-menu-item bellows-menu-item-type-post_type bellows-menu-item-object-page bellows-menu-item-10929 bellows-item-level-0\"><a  href=\"https:\/\/english-munich.de\/training\/vokabular-materialverarbeitung-englisch-iii\/\" class=\"bellows-target\"><span class=\"bellows-target-title bellows-target-text\">\u2611\ufe0fVokabular Materialverarbeitung III<\/span><\/a><\/li>\n<li id=\"menu-item-10951\" class=\"bellows-menu-item bellows-menu-item-type-post_type bellows-menu-item-object-page bellows-menu-item-10951 bellows-item-level-0\"><a  href=\"https:\/\/english-munich.de\/training\/technisches-englisch-2\/\" class=\"bellows-target\"><span class=\"bellows-target-title bellows-target-text\">\u2611\ufe0fVokabular Materialverarbeitung IV<\/span><\/a><\/li>\n<li id=\"menu-item-10963\" class=\"bellows-menu-item bellows-menu-item-type-post_type bellows-menu-item-object-page bellows-menu-item-10963 bellows-item-level-0\"><a  href=\"https:\/\/english-munich.de\/training\/vokabular-materialverarbeitung-englisch-v\/\" class=\"bellows-target\"><span class=\"bellows-target-title bellows-target-text\">\u2611\ufe0fVokabular Materialverarbeitung V<\/span><\/a><\/li>\n<li id=\"menu-item-10972\" class=\"bellows-menu-item bellows-menu-item-type-post_type bellows-menu-item-object-page bellows-menu-item-10972 bellows-item-level-0\"><a  href=\"https:\/\/english-munich.de\/training\/vokabular-materialverarbeitung-englisch-vi\/\" class=\"bellows-target\"><span class=\"bellows-target-title bellows-target-text\">\u2611\ufe0fVokabular Materialverarbeitung Englisch VI<\/span><\/a><\/li>\n<li id=\"menu-item-10935\" class=\"bellows-menu-item bellows-menu-item-type-post_type bellows-menu-item-object-page bellows-menu-item-10935 bellows-item-level-0\"><a  href=\"https:\/\/english-munich.de\/training\/kreuzwortraetsel-verben-materialverarbeitung-englisch\/\" class=\"bellows-target\"><span class=\"bellows-target-title bellows-target-text\">\ud83d\udd33Kreuzwortr\u00e4tsel  Verben  Materialverarbeitung<\/span><\/a><\/li>\n<li id=\"menu-item-10990\" class=\"bellows-menu-item bellows-menu-item-type-post_type bellows-menu-item-object-page bellows-menu-item-10990 bellows-item-level-0\"><a  href=\"https:\/\/english-munich.de\/training\/kreuzwortraetsel-verben-materialverarbeitung-englisch-2\/\" class=\"bellows-target\"><span class=\"bellows-target-title bellows-target-text\">\ud83d\udd33Kreuzwortr\u00e4tsel Verben  Materialverarbeitung II<\/span><\/a><\/li>\n<li id=\"menu-item-10989\" class=\"bellows-menu-item bellows-menu-item-type-post_type bellows-menu-item-object-page bellows-menu-item-10989 bellows-item-level-0\"><a  href=\"https:\/\/english-munich.de\/training\/kreuzwortraetsel-verben-materialverarbeitung-englisch-iii\/\" class=\"bellows-target\"><span class=\"bellows-target-title bellows-target-text\">\ud83d\udd33Kreuzwortr\u00e4tsel Verben  Materialverarbeitung III<\/span><\/a><\/li>\n<li id=\"menu-item-10973\" class=\"bellows-menu-item bellows-menu-item-type-post_type bellows-menu-item-object-page bellows-menu-item-10973 bellows-item-level-0\"><a  href=\"https:\/\/english-munich.de\/training\/matching-game-verben-materialverarbeitung\/\" class=\"bellows-target\"><span class=\"bellows-target-title bellows-target-text\">\ud83e\udde6matching game \u2013 Verben Materialverarbeitung<\/span><\/a><\/li>\n<\/ul><\/div>\r\n\r\n<\/div>\r\n","protected":false},"excerpt":{"rendered":"Vokabular &#8211; Materialverarbeitung &#8211; Englisch &#8211; Aufgaben Materialverarbeitung &#8211; \u00dcbungen Beispiel wetzen: \u24ffThe way to sharpen a knife is to &nbsp;&nbsp; don&#8217;t did whet doesn&#8217;t did it. Die richtige L\u00f6sung ist: &#8222;whet&#8220;&nbsp;&nbsp;Tipp \u2611\ufe0f W\u00e4hle die richtige Option, mit dem richtigen Verb f\u00fcr Materialverarbeitung, um den Satz auf Englisch sinnvoll zu erg\u00e4nzen: \u2776We need to punch [&hellip;]","protected":false},"author":3,"featured_media":0,"parent":0,"menu_order":0,"comment_status":"closed","ping_status":"closed","template":"","meta":[],"_links":{"self":[{"href":"https:\/\/english-munich.de\/training\/wp-json\/wp\/v2\/pages\/10964"}],"collection":[{"href":"https:\/\/english-munich.de\/training\/wp-json\/wp\/v2\/pages"}],"about":[{"href":"https:\/\/english-munich.de\/training\/wp-json\/wp\/v2\/types\/page"}],"author":[{"embeddable":true,"href":"https:\/\/english-munich.de\/training\/wp-json\/wp\/v2\/users\/3"}],"replies":[{"embeddable":true,"href":"https:\/\/english-munich.de\/training\/wp-json\/wp\/v2\/comments?post=10964"}],"version-history":[{"count":8,"href":"https:\/\/english-munich.de\/training\/wp-json\/wp\/v2\/pages\/10964\/revisions"}],"predecessor-version":[{"id":10998,"href":"https:\/\/english-munich.de\/training\/wp-json\/wp\/v2\/pages\/10964\/revisions\/10998"}],"wp:attachment":[{"href":"https:\/\/english-munich.de\/training\/wp-json\/wp\/v2\/media?parent=10964"}],"curies":[{"name":"wp","href":"https:\/\/api.w.org\/{rel}","templated":true}]}}