{"id":10904,"date":"2022-03-02T11:10:21","date_gmt":"2022-03-02T11:10:21","guid":{"rendered":"https:\/\/english-munich.de\/training\/?page_id=10904"},"modified":"2022-03-04T21:11:35","modified_gmt":"2022-03-04T21:11:35","slug":"vokabular-materialverarbeitung-englisch-ii","status":"publish","type":"page","link":"https:\/\/english-munich.de\/training\/vokabular-materialverarbeitung-englisch-ii\/","title":{"rendered":"Vokabular Materialverarbeitung Englisch II"},"content":{"rendered":"<div class=\"jumbotron text-center\">\r\n<h2>Vokabular &#8211; Materialverarbeitung &#8211; Englisch &#8211; Aufgaben<\/h2>\r\n  Materialverarbeitung &#8211; \u00dcbungen \r\n\r\n<\/div>\r\n<div class=\"bs-example\">\r\n<div id=\"accordionExample\" class=\"accordion\">\r\n<div class=\"card\">\r\n<div id=\"headingOne\" class=\"card-header\">\r\n<h2 class=\"mb-0\" style=\"color: #000;\"><button class=\"btn btn-link collapsed\" type=\"button\" data-toggle=\"collapse\" data-target=\"#collapseOne\">Beispiel<\/button><\/h2>\r\n<\/div>\r\n<div id=\"collapseOne\" class=\"collapse\" aria-labelledby=\"headingOne\" data-parent=\"#accordionExample\">\r\n<div class=\"card-body\"><div><b>wetzen:<\/b><\/div><br \/>\r\n<div class=\"form-inline\"><div class=\"row\"><div><label for=\"sel1\"><span class=\"number\">\u24ff<\/span>The way to sharpen a knife is to <\/div>&nbsp;&nbsp;<div><select id=\"beispiel\" class=\"form-control\">\r\n<option value=\"wrong\">don&#8217;t did<\/option>\r\n<option value=\"correct\">whet<\/option>\r\n<option value=\"wrong\">doesn&#8217;t did<\/option>\r\n<\/select><\/label> it.<\/div><\/div><\/div><br \/>\r\n\r\nDie richtige L\u00f6sung ist: <b>&#8222;whet&#8220;<\/b>&nbsp;&nbsp;<button class=\"btn-lg btn-info\" type=\"button\" value=\"submit\" data-toggle=\"modal\" data-target=\"#myModal\">Tipp<\/button>\r\n\r\n\r\n<\/div>\r\n<\/div>\r\n<\/div>\r\n<\/div>\r\n<br \/><br \/>\r\n<div class=\"container well\">\r\n<h4>\u2611\ufe0f W\u00e4hle die richtige Option, mit dem richtigen Verb f\u00fcr Materialverarbeitung, um den Satz auf Englisch sinnvoll zu erg\u00e4nzen:<\/h4>\r\n\r\n<hr>\r\n\r\n<br \/>\r\n<div class=\"container-fluid\">\r\n<div><b>l\u00f6ten:<\/b><\/div><br \/>\r\n<div class=\"form-inline\"><div class=\"row\"><div><label for=\"sel1\"><span class=\"number\">\u2776<\/span>To join two metals by melting is called to <\/div>&nbsp;&nbsp; <div> <select id=\"q0\" class=\"form-control\">\r\n<option value=\"wrong\"><\/option>\r\n<option value=\"wrong\"> mill <\/option>\r\n<option value=\"correct\"> solder <\/option>\r\n<option value=\"wrong\"> cut <\/option>\r\n<\/select><\/label> . <\/div><\/div><\/div><br \/>\r\n<p id=\"correct0\" align=\"left\"><\/p>\r\n<a class=\"btn btn-success tipp0 hidden\" style=\"text-decoration: none, color:white;\" title=\"To join two metals by melting is called to solder.\" href=\"#0\" data-toggle=\"popover\"  data-placement=\"top\" data-trigger=\"hover\" data-content=\" 'solder' \u2794  'l\u00f6ten'.\">Tipp<\/a>\r\n\r\n\r\n<div><b>walzen:<\/b><\/div><br \/>\r\n<div class=\"form-inline\"><div class=\"row\"><div><label for=\"sel1\"><span class=\"number\">\u2777<\/span> To flatten an iron ingot you need to   <\/div>&nbsp;&nbsp; <div><select id=\"q1\" class=\"form-control\">\r\n<option value=\"wrong\"><\/option>\r\n<option value=\"wrong\"> chrome-plate <\/option>\r\n<option value=\"wrong\"> galvanize <\/option>\r\n<option value=\"correct\"> roll <\/option>\r\n<\/select> .<\/label><\/div><\/div><\/div><br \/>\r\n\r\n<p id=\"correct1\" align=\"left\"><\/p>\r\n<a class=\"btn btn-success tipp1 hidden\" style=\"text-decoration: none, color:white;\" title=\"To flatten an iron ingot you need to roll it.\" href=\"#1\" data-toggle=\"popover\" data-placement=\"top\" data-trigger=\"hover\" data-content=\"'roll' \u2794  'walzen'.\">Tipp<\/a>\r\n\r\n<div><b>bohren:<\/b><\/div><br \/>\r\n<div class=\"form-inline\"><div class=\"row\"><div><label for=\"sel1\"><span class=\"number\">\u2778<\/span> \r\n<\/div> &nbsp;&nbsp; <div> To make a hole into a material is called to <select id=\"q2\" class=\"form-control\">\r\n<option value=\"wrong\"><\/option>\r\n<option value=\"wrong\"> galvanize <\/option>\r\n<option value=\"correct\"> drill <\/option>\r\n<option value=\"wrong\"> rivet <\/option>\r\n<\/select>.<\/label><\/div><\/div><\/div><br \/>\r\n\r\n<p id=\"correct2\" align=\"left\"><\/p>\r\n<a class=\"btn btn-success tipp2 hidden\" style=\"text-decoration: none, color:white;\" title=\"To make a hole into a material is called to drill.\" href=\"#2\" data-toggle=\"popover\" data-placement=\"top\" data-trigger=\"hover\" data-content=\"'drill' \u2794  'bohren'\">Tipp<\/a>\r\n\r\n<div><b>legieren:<\/b><\/div><br \/>\r\n<div class=\"form-inline\"><div class=\"row\"><div><label for=\"sel1\"><span class=\"number\">\u2779<\/span> Combining two metals is called to <\/div>&nbsp;&nbsp;<div><select id=\"q3\" class=\"form-control\">\r\n<option value=\"wrong\"><\/option>\r\n<option value=\"wrong\"> chrome-plate <\/option>\r\n<option value=\"wrong\"> chisel <\/option>\r\n<option value=\"correct\"> alloy <\/option>\r\n<\/select><\/label> .<\/div><\/div><\/div><br \/>\r\n\r\n<p id=\"correct3\" align=\"left\"><\/p>\r\n<a class=\"btn btn-success tipp3 hidden\" style=\"text-decoration: none, color:white;\" title=\"Combining two metals is called to alloy.\" href=\"#3\" data-toggle=\"popover\" data-placement=\"top\" data-trigger=\"hover\" data-content=\"'alloy' \u2794  'legieren'.\">Tipp<\/a>\r\n\r\n<div><b>feuerverzinken:<\/b><\/div><br \/>\r\n<div class=\"form-inline\"><div class=\"row\"><div><label for=\"sel1\"><span class=\"number\">\u277a<\/span> To coat a metal with zinc is called to <\/div>&nbsp;&nbsp; <div><select id=\"q4\" class=\"form-control\">\r\n<option value=\"wrong\"><\/option>\r\n<option value=\"wrong\"> chrome-plate <\/option>\r\n<option value=\"wrong\"> temper <\/option>\r\n<option value=\"correct\"> galvanize <\/option>\r\n<\/select><\/label> .<\/div><\/div><\/div><br \/>\r\n\r\n<p id=\"correct4\" align=\"left\"><\/p>\r\n<a class=\"btn btn-success tipp4 hidden\" style=\"text-decoration: none, color:white;\" title=\"To coat a metal with zinc is called to galvanize.\" href=\"#4\" data-toggle=\"popover\" data-placement=\"top\" data-trigger=\"hover\" data-content=\"'galvanize' \u2794  'feuerverzinken'.\">Tipp<\/a>\r\n\r\n<div><b>schmieden:<\/b><\/div><br \/>\r\n<div class=\"form-inline\"><div class=\"row\"><div><label for=\"sel1\"><span class=\"number\">\u277b<\/span>To shape a metal into form by hammering is called  <\/div>&nbsp;&nbsp; <div><select id=\"q5\" class=\"form-control\">\r\n<option value=\"wrong\"><\/option>\r\n<option value=\"wrong\"> rivet <\/option>\r\n<option value=\"wrong\"> galvanize <\/option>\r\n<option value=\"correct\"> forge <\/option>\r\n<\/select> .<\/label><\/div><\/div><\/div><br \/>\r\n<p id=\"correct5\" align=\"left\"><\/p>\r\n<a class=\"btn btn-success tipp5 hidden\" style=\"text-decoration: none, color:white;\" title=\"To shape a metal into form by hammering is called to forge.\" href=\"#5\" data-toggle=\"popover\" data-placement=\"top\" data-trigger=\"hover\" data-content=\"'forge' \u2794  'schmieden'.\">Tipp<\/a>\r\n\r\n<div><b>kleben:<\/b><\/div><br \/>\r\n<div class=\"form-inline\"><div class=\"row\"><div><label for=\"sel1\"><span class=\"number\">\u277c<\/span> To stick a material by way of an adhesive agent is to   <\/div>&nbsp;&nbsp; <div><select id=\"q6\" class=\"form-control\">\r\n<option value=\"wrong\"><\/option>\r\n<option value=\"correct\"> glue <\/option>\r\n<option value=\"wrong\"> rivet <\/option>\r\n<option value=\"wrong\"> galvanize  <\/option>\r\n<\/select>.<\/label><\/div><\/div><\/div><br \/>\r\n<p id=\"correct6\" align=\"left\"><\/p>\r\n<a class=\"btn btn-success tipp6 hidden\" style=\"text-decoration: none, color:white;\" title=\"To stick a material by way of an adhesive agent is to glue.\" href=\"#6\" data-toggle=\"popover\" data-placement=\"top\" data-trigger=\"hover\" data-content=\"'glue' \u2794  'kleben'.\">Tipp<\/a>\r\n\r\n<div><b>vergolden:<\/b><\/div><br \/>\r\n<div class=\"form-inline\"><div class=\"row\"><div><label for=\"sel1\"><span class=\"number\">\u277d<\/span>The process of coating something with gold is called to   <\/div>&nbsp;&nbsp; <div><select id=\"q7\" class=\"form-control\">\r\n<option value=\"wrong\"><\/option>\r\n<option value=\"wrong\"> chrome plate <\/option>\r\n<option value=\"wrong\"> galvanize <\/option>\r\n<option value=\"correct\"> gild <\/option>\r\n<\/select>.<\/label><\/div><\/div><\/div><br \/>\r\n<p id=\"correct7\" align=\"left\"><\/p>\r\n<a class=\"btn btn-success tipp7 hidden\" style=\"text-decoration: none, color:white;\" title=\"The process of coating something with gold is called to gild.\" href=\"#7\" data-toggle=\"popover\" data-placement=\"top\" data-trigger=\"hover\" data-content=\"'gild' \u2794  'vergolden'.\">Tipp<\/a>\r\n\r\n<div><b>emaillieren:<\/b><\/div><br \/>\r\n<div class=\"form-inline\"><div class=\"row\"><div><label for=\"sel1\"><span class=\"number\">\u277e<\/span> To coat with a glass like substance is called to <\/div>&nbsp;&nbsp; <div><select id=\"q8\" class=\"form-control\">\r\n<option value=\"wrong\"><\/option>\r\n<option value=\"correct\"> enamel <\/option>\r\n<option value=\"wrong\"> chisel <\/option>\r\n<option value=\"wrong\"> chrome plate <\/option>\r\n<\/select>.<\/label><\/div><\/div><\/div><br \/>\r\n<p id=\"correct8\" align=\"left\"><\/p>\r\n<a class=\"btn btn-success tipp8 hidden\" style=\"text-decoration: none, color:white;\" title=\"To coat with a glass like substance is called to enamel.\" href=\"#8\" data-toggle=\"popover\" data-placement=\"top\" data-trigger=\"hover\" data-content=\"'enamel' \u2794  'emaillieren'.\">Tipp<\/a>\r\n\r\n<div><b>raspeln:<\/b><\/div><br \/>\r\n<div class=\"form-inline\"><div class=\"row\"><div><label for=\"sel1\"><span class=\"number\">\u277f<\/span>To remove material by scraping is called to  <\/div>&nbsp;&nbsp; <div><select id=\"q9\" class=\"form-control\">\r\n<option value=\"wrong\"><\/option>\r\n<option value=\"wrong\"> glue <\/option>\r\n<option value=\"wrong\"> hammer <\/option>\r\n<option value=\"correct\"> rasp <\/option>\r\n<\/select>. <\/label><\/div><\/div><\/div><br \/>\r\n<p id=\"correct9\" align=\"left\"><\/p>\r\n<a class=\"btn btn-success tipp9 hidden\" style=\"text-decoration: none, color:white;\" title=\"To remove material by scraping is called to rasp.\" href=\"#9\" data-toggle=\"popover\" data-placement=\"top\" data-trigger=\"hover\" data-content=\"'rasp' \u2794 'raspeln'.\">Tipp<\/a>\r\n\r\n\r\n<\/div>\r\n<div class=\"container\">\r\n\r\n<!-- The Modal -->\r\n<div id=\"myModal\" class=\"modal\">\r\n<div class=\"modal-dialog\">\r\n<div class=\"modal-content\">\r\n\r\n<!-- Modal Header -->\r\n<div class=\"modal-header\">\r\n<h4 class=\"modal-title\">Verben &#8211; Materialverarbeitung &#8211; Englisch<\/h4>\r\n<button class=\"close\" type=\"button\" data-dismiss=\"modal\">\u00d7<\/button>\r\n\r\n<\/div>\r\n<!-- Modal body -->\r\n<div class=\"modal-body\"><table class=\"table table-bordered table-sm table-hover\">\r\n<thead>\r\n<tr class=\"table-danger\">\r\n<th colspan=\"2\">Verben &#8211; Materialverarbeitung &#8211; Englisch<\/th>\r\n<\/tr>\r\n<\/thead>\r\n<tbody>\r\n\r\n<tr class=\"table-primary\">\r\n<td><b>Deutsch<\/b><\/td>\r\n<td><b>Englisch<\/b><\/td>\r\n\r\n<tr class=\"table-info\">\r\n<td><b><i class=\"text-danger\">l\u00f6ten<\/i><\/b><\/td>\r\n<td><b><i class=\"text-danger\">solder<\/i><\/b><\/td>\r\n\r\n<\/tr>\r\n<tr class=\"table-info\">\r\n<td><b><i class=\"text-danger\">walzen <\/i> <\/b><\/td>\r\n<td><b><i class=\"text-danger\">roll<\/i> <\/b><\/td>\r\n<\/tr>\r\n<tr class=\"table-info\">\r\n<td><b><i class=\"text-danger\">bohren<\/i><\/b><\/td>\r\n<td><b><i class=\"text-danger\">drill<\/i><\/b><\/td>\r\n<\/tr>\r\n<tr class=\"table-info\">\r\n<td><b><i class=\"text-danger\">emaillieren<\/i><\/b><\/td>\r\n<td><b><i class=\"text-danger\">enamel<\/i><\/b><\/td>\r\n<\/tr>\r\n<tr class=\"table-info\">\r\n<td><b><i class=\"text-danger\">legieren<\/i><\/b><\/td>\r\n<td><b><i class=\"text-danger\">alloy<\/i><\/b><\/td>\r\n<\/tr>\r\n<tr class=\"table-info\">\r\n<td><b><i class=\"text-danger\">feuerverzinken<\/i><\/b><\/td>\r\n<td><b><i class=\"text-danger\">galvanize<\/i><\/b><\/td>\r\n<\/tr>\r\n<tr class=\"table-info\">\r\n<td><b><i class=\"text-danger\">schmieden<\/i><\/b><\/td>\r\n<td><b><i class=\"text-danger\">forge<\/i><\/b><\/td>\r\n<\/tr>\r\n<tr class=\"table-info\">\r\n<td><b><i class=\"text-danger\">kleben<\/i><\/b><\/td>\r\n<td><b><i class=\"text-danger\">glue<\/i><\/b><\/td>\r\n<\/tr>\r\n<tr class=\"table-info\">\r\n<td><b><i class=\"text-danger\">vergolden<\/i><\/b><\/td>\r\n<td><b><i class=\"text-danger\">gild<\/i><\/b><\/td>\r\n<\/tr>\r\n<tr class=\"table-info\">\r\n<td><b><i class=\"text-danger\">raspeln<\/i><\/b><\/td>\r\n<td><b><i class=\"text-danger\">rasp<\/i><\/b><\/td>\r\n<\/tr>\r\n<\/tbody>\r\n<\/table><\/div>\r\n<!-- Modal footer -->\r\n<div class=\"modal-footer\"><button class=\"btn btn-danger\" type=\"button\" data-dismiss=\"modal\">Close<\/button><\/div>\r\n<\/div>\r\n<\/div>\r\n<\/div>\r\n<\/div>\r\n<\/div>\r\n\r\n\r\n<hr>\r\n<button id=\"submitButton\" class=\"btn-lg btn-primary \" type=\"submit\" value=\"submit\">Pr\u00fcfen<\/button><button id=\"resetButton\" class=\"btn-lg btn-success\" type=\"submit\" onclick=\"refreshPage()\">Neustart<\/button><button id=\"submitButton\" class=\"btn-lg btn-info\" type=\"submit\" value=\"submit\" data-toggle=\"modal\" data-target=\"#myModal\">Tipp<\/button>\r\n\r\n<p id=\"result\"><\/p>\r\n<p id=\"result2\"><\/p>\r\n<hr>\r\n\r\n<h3>Alle \u00dcbungen zu Verben &#8211; Materialverarbeitung &#8211; Englisch\/Deutsch:<\/h3>\r\n\r\n<hr>\r\n\r\n<div id=\"bellows-main-82\" class=\"bellows bellows-nojs bellows-main bellows-source-menu bellows-align-full bellows-skin-vanilla bellows-type-\"><ul id=\"menu-materialverarbeitung\" class=\"bellows-nav\" data-bellows-config=\"main\"><li id=\"menu-item-10914\" class=\"bellows-menu-item bellows-menu-item-type-post_type bellows-menu-item-object-page bellows-menu-item-10914 bellows-item-level-0\"><a  href=\"https:\/\/english-munich.de\/training\/vokabular-materialverarbeitung-englisch\/\" class=\"bellows-target\"><span class=\"bellows-target-title bellows-target-text\">\u2611\ufe0fVokabular Materialverarbeitung I<\/span><\/a><\/li>\n<li id=\"menu-item-10913\" class=\"bellows-menu-item bellows-menu-item-type-post_type bellows-menu-item-object-page bellows-menu-item-10913 bellows-item-level-0\"><a  href=\"https:\/\/english-munich.de\/training\/vokabular-materialverarbeitung-englisch-ii\/\" class=\"bellows-target\"><span class=\"bellows-target-title bellows-target-text\">\u2611\ufe0fVokabular Materialverarbeitung  II<\/span><\/a><\/li>\n<li id=\"menu-item-10929\" class=\"bellows-menu-item bellows-menu-item-type-post_type bellows-menu-item-object-page bellows-menu-item-10929 bellows-item-level-0\"><a  href=\"https:\/\/english-munich.de\/training\/vokabular-materialverarbeitung-englisch-iii\/\" class=\"bellows-target\"><span class=\"bellows-target-title bellows-target-text\">\u2611\ufe0fVokabular Materialverarbeitung III<\/span><\/a><\/li>\n<li id=\"menu-item-10951\" class=\"bellows-menu-item bellows-menu-item-type-post_type bellows-menu-item-object-page bellows-menu-item-10951 bellows-item-level-0\"><a  href=\"https:\/\/english-munich.de\/training\/technisches-englisch-2\/\" class=\"bellows-target\"><span class=\"bellows-target-title bellows-target-text\">\u2611\ufe0fVokabular Materialverarbeitung IV<\/span><\/a><\/li>\n<li id=\"menu-item-10963\" class=\"bellows-menu-item bellows-menu-item-type-post_type bellows-menu-item-object-page bellows-menu-item-10963 bellows-item-level-0\"><a  href=\"https:\/\/english-munich.de\/training\/vokabular-materialverarbeitung-englisch-v\/\" class=\"bellows-target\"><span class=\"bellows-target-title bellows-target-text\">\u2611\ufe0fVokabular Materialverarbeitung V<\/span><\/a><\/li>\n<li id=\"menu-item-10972\" class=\"bellows-menu-item bellows-menu-item-type-post_type bellows-menu-item-object-page bellows-menu-item-10972 bellows-item-level-0\"><a  href=\"https:\/\/english-munich.de\/training\/vokabular-materialverarbeitung-englisch-vi\/\" class=\"bellows-target\"><span class=\"bellows-target-title bellows-target-text\">\u2611\ufe0fVokabular Materialverarbeitung Englisch VI<\/span><\/a><\/li>\n<li id=\"menu-item-10935\" class=\"bellows-menu-item bellows-menu-item-type-post_type bellows-menu-item-object-page bellows-menu-item-10935 bellows-item-level-0\"><a  href=\"https:\/\/english-munich.de\/training\/kreuzwortraetsel-verben-materialverarbeitung-englisch\/\" class=\"bellows-target\"><span class=\"bellows-target-title bellows-target-text\">\ud83d\udd33Kreuzwortr\u00e4tsel  Verben  Materialverarbeitung<\/span><\/a><\/li>\n<li id=\"menu-item-10990\" class=\"bellows-menu-item bellows-menu-item-type-post_type bellows-menu-item-object-page bellows-menu-item-10990 bellows-item-level-0\"><a  href=\"https:\/\/english-munich.de\/training\/kreuzwortraetsel-verben-materialverarbeitung-englisch-2\/\" class=\"bellows-target\"><span class=\"bellows-target-title bellows-target-text\">\ud83d\udd33Kreuzwortr\u00e4tsel Verben  Materialverarbeitung II<\/span><\/a><\/li>\n<li id=\"menu-item-10989\" class=\"bellows-menu-item bellows-menu-item-type-post_type bellows-menu-item-object-page bellows-menu-item-10989 bellows-item-level-0\"><a  href=\"https:\/\/english-munich.de\/training\/kreuzwortraetsel-verben-materialverarbeitung-englisch-iii\/\" class=\"bellows-target\"><span class=\"bellows-target-title bellows-target-text\">\ud83d\udd33Kreuzwortr\u00e4tsel Verben  Materialverarbeitung III<\/span><\/a><\/li>\n<li id=\"menu-item-10973\" class=\"bellows-menu-item bellows-menu-item-type-post_type bellows-menu-item-object-page bellows-menu-item-10973 bellows-item-level-0\"><a  href=\"https:\/\/english-munich.de\/training\/matching-game-verben-materialverarbeitung\/\" class=\"bellows-target\"><span class=\"bellows-target-title bellows-target-text\">\ud83e\udde6matching game \u2013 Verben Materialverarbeitung<\/span><\/a><\/li>\n<\/ul><\/div>\r\n\r\n<\/div>\r\n","protected":false},"excerpt":{"rendered":"Vokabular &#8211; Materialverarbeitung &#8211; Englisch &#8211; Aufgaben Materialverarbeitung &#8211; \u00dcbungen Beispiel wetzen: \u24ffThe way to sharpen a knife is to &nbsp;&nbsp; don&#8217;t did whet doesn&#8217;t did it. Die richtige L\u00f6sung ist: &#8222;whet&#8220;&nbsp;&nbsp;Tipp \u2611\ufe0f W\u00e4hle die richtige Option, mit dem richtigen Verb f\u00fcr Materialverarbeitung, um den Satz auf Englisch sinnvoll zu erg\u00e4nzen: l\u00f6ten: \u2776To join two [&hellip;]","protected":false},"author":3,"featured_media":0,"parent":0,"menu_order":0,"comment_status":"closed","ping_status":"closed","template":"","meta":[],"_links":{"self":[{"href":"https:\/\/english-munich.de\/training\/wp-json\/wp\/v2\/pages\/10904"}],"collection":[{"href":"https:\/\/english-munich.de\/training\/wp-json\/wp\/v2\/pages"}],"about":[{"href":"https:\/\/english-munich.de\/training\/wp-json\/wp\/v2\/types\/page"}],"author":[{"embeddable":true,"href":"https:\/\/english-munich.de\/training\/wp-json\/wp\/v2\/users\/3"}],"replies":[{"embeddable":true,"href":"https:\/\/english-munich.de\/training\/wp-json\/wp\/v2\/comments?post=10904"}],"version-history":[{"count":9,"href":"https:\/\/english-munich.de\/training\/wp-json\/wp\/v2\/pages\/10904\/revisions"}],"predecessor-version":[{"id":10954,"href":"https:\/\/english-munich.de\/training\/wp-json\/wp\/v2\/pages\/10904\/revisions\/10954"}],"wp:attachment":[{"href":"https:\/\/english-munich.de\/training\/wp-json\/wp\/v2\/media?parent=10904"}],"curies":[{"name":"wp","href":"https:\/\/api.w.org\/{rel}","templated":true}]}}