{"id":10890,"date":"2022-03-01T08:58:20","date_gmt":"2022-03-01T08:58:20","guid":{"rendered":"https:\/\/english-munich.de\/training\/?page_id=10890"},"modified":"2022-03-22T08:52:50","modified_gmt":"2022-03-22T08:52:50","slug":"vokabular-materialverarbeitung-englisch","status":"publish","type":"page","link":"https:\/\/english-munich.de\/training\/vokabular-materialverarbeitung-englisch\/","title":{"rendered":"Vokabular Materialverarbeitung Englisch I"},"content":{"rendered":"<div class=\"jumbotron text-center\">\r\n<h2>Vokabular &#8211; Materialverarbeitung &#8211; Englisch &#8211; Aufgaben<\/h2>\r\n\u00dcbungen &#8211; Vokabular <a href=\"https:\/\/www.linguee.com\/german-english\/translation\/materialverarbeitung.html\">Materialverarbeitung<\/a> \r\n\r\n<\/div>\r\n<div class=\"bs-example\">\r\n<div id=\"accordionExample\" class=\"accordion\">\r\n<div class=\"card\">\r\n<div id=\"headingOne\" class=\"card-header\">\r\n<h2 class=\"mb-0\" style=\"color: #000;\"><button class=\"btn btn-link collapsed\" type=\"button\" data-toggle=\"collapse\" data-target=\"#collapseOne\">Beispiel<\/button><\/h2>\r\n<\/div>\r\n<div id=\"collapseOne\" class=\"collapse\" aria-labelledby=\"headingOne\" data-parent=\"#accordionExample\">\r\n<div class=\"card-body\"><div><b>wetzen:<\/b><\/div><br \/>\r\n<div class=\"form-inline\"><div class=\"row\"><div><label for=\"sel1\"><span class=\"number\">\u24ff<\/span>The way to sharpen a knife is to <\/div>&nbsp;&nbsp;<div><select id=\"beispiel\" class=\"form-control\">\r\n<option value=\"wrong\">don&#8217;t did<\/option>\r\n<option value=\"correct\">whet<\/option>\r\n<option value=\"wrong\">doesn&#8217;t did<\/option>\r\n<\/select><\/label> it.<\/div><\/div><\/div><br \/>\r\n\r\nDie richtige L\u00f6sung ist: <b>&#8222;whet&#8220;<\/b>&nbsp;&nbsp;<button class=\"btn-lg btn-info\" type=\"button\" value=\"submit\" data-toggle=\"modal\" data-target=\"#myModal\">Tipp<\/button>\r\n\r\n\r\n<\/div>\r\n<\/div>\r\n<\/div>\r\n<\/div>\r\n<br \/><br \/>\r\n<div class=\"container well\">\r\n<h4>\u2611\ufe0f W\u00e4hle die richtige Option, mit dem richtigen Verb f\u00fcr Materialverarbeitung. Erg\u00e4nze den Satz auf Englisch sinnvoll:<\/h4>\r\n\r\n<hr>\r\n\r\n<br \/>\r\n<div class=\"container-fluid\">\r\n<div><b>fr\u00e4sen:<\/b><\/div><br \/>\r\n<div class=\"form-inline\"><div class=\"row\"><div><label for=\"sel1\"><span class=\"number\">\u2776<\/span>You need to <\/div>&nbsp;&nbsp; <div> <select id=\"q0\" class=\"form-control\">\r\n<option value=\"wrong\"><\/option>\r\n<option value=\"wrong\"> gold-plate <\/option>\r\n<option value=\"correct\"> mill <\/option>\r\n<option value=\"wrong\"> temper <\/option>\r\n<\/select><\/label> a metal plate to shape it into form. <\/div><\/div><\/div><br \/>\r\n<p id=\"correct0\" align=\"left\"><\/p>\r\n<a class=\"btn btn-success tipp0 hidden\" style=\"text-decoration: none, color:white;\" title=\"You need to mill a metal plate...\" href=\"#0\" data-toggle=\"popover\"  data-placement=\"top\" data-trigger=\"hover\" data-content=\" 'mill' \u2794  'fr\u00e4sen'.\">Tipp<\/a>\r\n\r\n\r\n<div><b>schleifen:<\/b><\/div><br \/>\r\n<div class=\"form-inline\"><div class=\"row\"><div><label for=\"sel1\"><span class=\"number\">\u2777<\/span> To form glass you need to  <\/div>&nbsp;&nbsp; <div><select id=\"q1\" class=\"form-control\">\r\n<option value=\"wrong\"><\/option>\r\n<option value=\"wrong\"> chrome-plate <\/option>\r\n<option value=\"wrong\"> galvanize <\/option>\r\n<option value=\"correct\"> grind <\/option>\r\n<\/select> it down.<\/label><\/div><\/div><\/div><br \/>\r\n\r\n<p id=\"correct1\" align=\"left\"><\/p>\r\n<a class=\"btn btn-success tipp1 hidden\" style=\"text-decoration: none, color:white;\" title=\"To form glass you need to grind it down.\" href=\"#1\" data-toggle=\"popover\" data-placement=\"top\" data-trigger=\"hover\" data-content=\"'grind' \u2794  'schleifen'.\">Tipp<\/a>\r\n\r\n<div><b>schnitzen:<\/b><\/div><br \/>\r\n<div class=\"form-inline\"><div class=\"row\"><div><label for=\"sel1\"><span class=\"number\">\u2778<\/span> \r\n<\/div> &nbsp;&nbsp; <div> To adapt the shape of wood you need to <select id=\"q2\" class=\"form-control\">\r\n<option value=\"wrong\"><\/option>\r\n<option value=\"wrong\"> galvanize <\/option>\r\n<option value=\"correct\">carve <\/option>\r\n<option value=\"wrong\"> rivet <\/option>\r\n<\/select> it.<\/label><\/div><\/div><\/div><br \/>\r\n\r\n<p id=\"correct2\" align=\"left\"><\/p>\r\n<a class=\"btn btn-success tipp2 hidden\" style=\"text-decoration: none, color:white;\" title=\"To adapt the shape of wood you need to carve it.\" href=\"#2\" data-toggle=\"popover\" data-placement=\"top\" data-trigger=\"hover\" data-content=\"'carve' \u2794  'schnitzen'\">Tipp<\/a>\r\n\r\n<div><b>wetzen:<\/b><\/div><br \/>\r\n<div class=\"form-inline\"><div class=\"row\"><div><label for=\"sel1\"><span class=\"number\">\u2779<\/span> One way to sharpen a knife is to<\/div>&nbsp;&nbsp;<div><select id=\"q3\" class=\"form-control\">\r\n<option value=\"wrong\"><\/option>\r\n<option value=\"wrong\"> chrome-plate <\/option>\r\n<option value=\"wrong\"> chisel <\/option>\r\n<option value=\"correct\"> whet <\/option>\r\n<\/select><\/label>  it.<\/div><\/div><\/div><br \/>\r\n\r\n<p id=\"correct3\" align=\"left\"><\/p>\r\n<a class=\"btn btn-success tipp3 hidden\" style=\"text-decoration: none, color:white;\" title=\"One way to sharpen a knife is to whet it.\" href=\"#3\" data-toggle=\"popover\" data-placement=\"top\" data-trigger=\"hover\" data-content=\"'whet' \u2794  'wetzen'.\">Tipp<\/a>\r\n\r\n<div><b>h\u00e4rten:<\/b><\/div><br \/>\r\n<div class=\"form-inline\"><div class=\"row\"><div><label for=\"sel1\"><span class=\"number\">\u277a<\/span> A way to harden steel is to<\/div>&nbsp;&nbsp; <div><select id=\"q4\" class=\"form-control\">\r\n<option value=\"wrong\"><\/option>\r\n<option value=\"wrong\"> chrome-plate <\/option>\r\n<option value=\"correct\"> temper <\/option>\r\n<option value=\"wrong\"> carve <\/option>\r\n<\/select><\/label> it.<\/div><\/div><\/div><br \/>\r\n\r\n<p id=\"correct4\" align=\"left\"><\/p>\r\n<a class=\"btn btn-success tipp4 hidden\" style=\"text-decoration: none, color:white;\" title=\"One way to harden steel is to temper it.\" href=\"#4\" data-toggle=\"popover\" data-placement=\"top\" data-trigger=\"hover\" data-content=\"'temper' \u2794  'h\u00e4rten'.\">Tipp<\/a>\r\n\r\n<div><b>sch\u00e4rfen:<\/b><\/div><br \/>\r\n<div class=\"form-inline\"><div class=\"row\"><div><label for=\"sel1\"><span class=\"number\">\u277b<\/span>You can    <\/div>&nbsp;&nbsp; <div><select id=\"q5\" class=\"form-control\">\r\n<option value=\"wrong\"><\/option>\r\n<option value=\"wrong\"> rivet <\/option>\r\n<option value=\"wrong\"> galvanize <\/option>\r\n<option value=\"correct\"> hone <\/option>\r\n<\/select> not only a material, but also your skills.<\/label><\/div><\/div><\/div><br \/>\r\n<p id=\"correct5\" align=\"left\"><\/p>\r\n<a class=\"btn btn-success tipp5 hidden\" style=\"text-decoration: none, color:white;\" title=\"You can hone not only a material, but also your skills.\" href=\"#5\" data-toggle=\"popover\" data-placement=\"top\" data-trigger=\"hover\" data-content=\"'hone' \u2794  'sch\u00e4rfen'.\">Tipp<\/a>\r\n\r\n<div><b>stanzen:<\/b><\/div><br \/>\r\n<div class=\"form-inline\"><div class=\"row\"><div><label for=\"sel1\"><span class=\"number\">\u277c<\/span> Making a hole into a sheet metal is called to   <\/div>&nbsp;&nbsp; <div><select id=\"q6\" class=\"form-control\">\r\n<option value=\"wrong\"><\/option>\r\n<option value=\"correct\"> punch <\/option>\r\n<option value=\"wrong\"> rivet <\/option>\r\n<option value=\"wrong\"> galvanize  <\/option>\r\n<\/select> .<\/label><\/div><\/div><\/div><br \/>\r\n<p id=\"correct6\" align=\"left\"><\/p>\r\n<a class=\"btn btn-success tipp6 hidden\" style=\"text-decoration: none, color:white;\" title=\"...to punch.\" href=\"#6\" data-toggle=\"popover\" data-placement=\"top\" data-trigger=\"hover\" data-content=\"'punch' \u2794  'stanzen'.\">Tipp<\/a>\r\n\r\n<div><b>nieten:<\/b><\/div><br \/>\r\n<div class=\"form-inline\"><div class=\"row\"><div><label for=\"sel1\"><span class=\"number\">\u277d<\/span>Connecting two materials with a bolt is called to   <\/div>&nbsp;&nbsp; <div><select id=\"q7\" class=\"form-control\">\r\n<option value=\"wrong\"><\/option>\r\n<option value=\"wrong\"> carve <\/option>\r\n<option value=\"wrong\"> galvanize <\/option>\r\n<option value=\"correct\"> rivet <\/option>\r\n<\/select>.<\/label><\/div><\/div><\/div><br \/>\r\n<p id=\"correct7\" align=\"left\"><\/p>\r\n<a class=\"btn btn-success tipp7 hidden\" style=\"text-decoration: none, color:white;\" title=\"Connecting two materials with a bolt is called to rivet.\" href=\"#7\" data-toggle=\"popover\" data-placement=\"top\" data-trigger=\"hover\" data-content=\"'rivet' \u2794  'nieten'.\">Tipp<\/a>\r\n\r\n<div><b>biegen:<\/b><\/div><br \/>\r\n<div class=\"form-inline\"><div class=\"row\"><div><label for=\"sel1\"><span class=\"number\">\u277e<\/span> To form a material into a curve shape is called to <\/div>&nbsp;&nbsp; <div><select id=\"q8\" class=\"form-control\">\r\n<option value=\"wrong\"><\/option>\r\n<option value=\"correct\"> bend <\/option>\r\n<option value=\"wrong\"> chisel <\/option>\r\n<option value=\"wrong\"> rasp <\/option>\r\n<\/select>.<\/label><\/div><\/div><\/div><br \/>\r\n<p id=\"correct8\" align=\"left\"><\/p>\r\n<a class=\"btn btn-success tipp8 hidden\" style=\"text-decoration: none, color:white;\" title=\"To form a material into a curve shape is called to bend.\" href=\"#8\" data-toggle=\"popover\" data-placement=\"top\" data-trigger=\"hover\" data-content=\"'bend' \u2794  'biegen'.\">Tipp<\/a>\r\n\r\n<div><b>mei\u00dfeln:<\/b><\/div><br \/>\r\n<div class=\"form-inline\"><div class=\"row\"><div><label for=\"sel1\"><span class=\"number\">\u277f<\/span>To hammer a stone into shape you need to  <\/div>&nbsp;&nbsp; <div><select id=\"q9\" class=\"form-control\">\r\n<option value=\"wrong\"><\/option>\r\n<option value=\"wrong\"> glue <\/option>\r\n<option value=\"wrong\"> carve <\/option>\r\n<option value=\"correct\"> chisel <\/option>\r\n<\/select> it. <\/label><\/div><\/div><\/div><br \/>\r\n<p id=\"correct9\" align=\"left\"><\/p>\r\n<a class=\"btn btn-success tipp9 hidden\" style=\"text-decoration: none, color:white;\" title=\"To hammer a stone into shape you need to chisel it.\" href=\"#9\" data-toggle=\"popover\" data-placement=\"top\" data-trigger=\"hover\" data-content=\"'chisel' \u2794 'mei\u00dfeln'.\">Tipp<\/a>\r\n\r\n\r\n<\/div>\r\n<div class=\"container\">\r\n\r\n<!-- The Modal -->\r\n<div id=\"myModal\" class=\"modal\">\r\n<div class=\"modal-dialog\">\r\n<div class=\"modal-content\">\r\n\r\n<!-- Modal Header -->\r\n<div class=\"modal-header\">\r\n<h4 class=\"modal-title\">Verben &#8211; Materialverarbeitung &#8211; Englisch<\/h4>\r\n<button class=\"close\" type=\"button\" data-dismiss=\"modal\">\u00d7<\/button>\r\n\r\n<\/div>\r\n<!-- Modal body -->\r\n<div class=\"modal-body\"><table class=\"table table-bordered table-sm table-hover\">\r\nVokabular Materialverarbeitung Englisch: Besonders f\u00fcr Ingenieure und technische Berufe ist es wichtig flie\u00dfend auf Englisch kommunizieren zu k\u00f6nnen. So fehlen oft die technischen Fachbegriffe. Diese sind in der Muttersprache kein Problem. Jedoch k\u00f6nnen diese in einer Fremdsprache ein Hindernis sein. Deswegen sollte man hier aktiv werden.\r\n<thead>\r\n<tr class=\"table-danger\">\r\n<th colspan=\"2\">Verben &#8211; Materialverarbeitung &#8211; Englisch\/Deutsch<\/th>\r\n<\/tr>\r\n<\/thead>\r\n<tbody>\r\n\r\n<tr class=\"table-primary\">\r\n<td><b>Deutsch<\/b><\/td>\r\n<td><b>Englisch<\/b><\/td>\r\n\r\n<tr class=\"table-info\">\r\n<td><b><i class=\"text-danger\">fr\u00e4sen<\/i><\/b><\/td>\r\n<td><b><i class=\"text-danger\">mill<\/i><\/b><\/td>\r\n\r\n<\/tr>\r\n<tr class=\"table-info\">\r\n<td><b><i class=\"text-danger\">schleifen <\/i> <\/b><\/td>\r\n<td><b><i class=\"text-danger\">grind<\/i> <\/b><\/td>\r\n<\/tr>\r\n<tr class=\"table-info\">\r\n<td><b><i class=\"text-danger\">schnitzen<\/i><\/b><\/td>\r\n<td><b><i class=\"text-danger\">carve<\/i><\/b><\/td>\r\n<\/tr>\r\n<tr class=\"table-info\">\r\n<td><b><i class=\"text-danger\">wetzen<\/i><\/b><\/td>\r\n<td><b><i class=\"text-danger\">whet<\/i><\/b><\/td>\r\n<\/tr>\r\n<tr class=\"table-info\">\r\n<td><b><i class=\"text-danger\">h\u00e4rten<\/i><\/b><\/td>\r\n<td><b><i class=\"text-danger\">temper<\/i><\/b><\/td>\r\n<\/tr>\r\n<tr class=\"table-info\">\r\n<td><b><i class=\"text-danger\">sch\u00e4rfen<\/i><\/b><\/td>\r\n<td><b><i class=\"text-danger\">hone<\/i><\/b><\/td>\r\n<\/tr>\r\n<tr class=\"table-info\">\r\n<td><b><i class=\"text-danger\">stanzen<\/i><\/b><\/td>\r\n<td><b><i class=\"text-danger\">punch<\/i><\/b><\/td>\r\n<\/tr>\r\n<tr class=\"table-info\">\r\n<td><b><i class=\"text-danger\">nieten<\/i><\/b><\/td>\r\n<td><b><i class=\"text-danger\">rivet<\/i><\/b><\/td>\r\n<\/tr>\r\n<tr class=\"table-info\">\r\n<td><b><i class=\"text-danger\">biegen<\/i><\/b><\/td>\r\n<td><b><i class=\"text-danger\">bend<\/i><\/b><\/td>\r\n<\/tr>\r\n<tr class=\"table-info\">\r\n<td><b><i class=\"text-danger\">mei\u00dfeln<\/i><\/b><\/td>\r\n<td><b><i class=\"text-danger\">chisel<\/i><\/b><\/td>\r\n<\/tr>\r\n<\/tbody>\r\n<\/table><\/div>\r\n<!-- Modal footer -->\r\n<div class=\"modal-footer\"><button class=\"btn btn-danger\" type=\"button\" data-dismiss=\"modal\">Close<\/button><\/div>\r\n<\/div>\r\n<\/div>\r\n<\/div>\r\n<\/div>\r\n<\/div>\r\n\r\n\r\n<hr>\r\n<button id=\"submitButton\" class=\"btn-lg btn-primary \" type=\"submit\" value=\"submit\">Pr\u00fcfen<\/button><button id=\"resetButton\" class=\"btn-lg btn-success\" type=\"submit\" onclick=\"refreshPage()\">Neustart<\/button><button id=\"submitButton\" class=\"btn-lg btn-info\" type=\"submit\" value=\"submit\" data-toggle=\"modal\" data-target=\"#myModal\">Tipp<\/button>\r\n\r\n<p id=\"result\"><\/p>\r\n<p id=\"result2\"><\/p>\r\n<hr>\r\n\r\n<h3>Alle \u00dcbungen Verben &#8211; Materialverarbeitung &#8211; Englisch\/Deutsch:<\/h3>\r\n\r\n<hr>\r\n\r\n<div id=\"bellows-main-82\" class=\"bellows bellows-nojs bellows-main bellows-source-menu bellows-align-full bellows-skin-vanilla bellows-type-\"><ul id=\"menu-materialverarbeitung\" class=\"bellows-nav\" data-bellows-config=\"main\"><li id=\"menu-item-10914\" class=\"bellows-menu-item bellows-menu-item-type-post_type bellows-menu-item-object-page bellows-menu-item-10914 bellows-item-level-0\"><a  href=\"https:\/\/english-munich.de\/training\/vokabular-materialverarbeitung-englisch\/\" class=\"bellows-target\"><span class=\"bellows-target-title bellows-target-text\">\u2611\ufe0fVokabular Materialverarbeitung I<\/span><\/a><\/li>\n<li id=\"menu-item-10913\" class=\"bellows-menu-item bellows-menu-item-type-post_type bellows-menu-item-object-page bellows-menu-item-10913 bellows-item-level-0\"><a  href=\"https:\/\/english-munich.de\/training\/vokabular-materialverarbeitung-englisch-ii\/\" class=\"bellows-target\"><span class=\"bellows-target-title bellows-target-text\">\u2611\ufe0fVokabular Materialverarbeitung  II<\/span><\/a><\/li>\n<li id=\"menu-item-10929\" class=\"bellows-menu-item bellows-menu-item-type-post_type bellows-menu-item-object-page bellows-menu-item-10929 bellows-item-level-0\"><a  href=\"https:\/\/english-munich.de\/training\/vokabular-materialverarbeitung-englisch-iii\/\" class=\"bellows-target\"><span class=\"bellows-target-title bellows-target-text\">\u2611\ufe0fVokabular Materialverarbeitung III<\/span><\/a><\/li>\n<li id=\"menu-item-10951\" class=\"bellows-menu-item bellows-menu-item-type-post_type bellows-menu-item-object-page bellows-menu-item-10951 bellows-item-level-0\"><a  href=\"https:\/\/english-munich.de\/training\/technisches-englisch-2\/\" class=\"bellows-target\"><span class=\"bellows-target-title bellows-target-text\">\u2611\ufe0fVokabular Materialverarbeitung IV<\/span><\/a><\/li>\n<li id=\"menu-item-10963\" class=\"bellows-menu-item bellows-menu-item-type-post_type bellows-menu-item-object-page bellows-menu-item-10963 bellows-item-level-0\"><a  href=\"https:\/\/english-munich.de\/training\/vokabular-materialverarbeitung-englisch-v\/\" class=\"bellows-target\"><span class=\"bellows-target-title bellows-target-text\">\u2611\ufe0fVokabular Materialverarbeitung V<\/span><\/a><\/li>\n<li id=\"menu-item-10972\" class=\"bellows-menu-item bellows-menu-item-type-post_type bellows-menu-item-object-page bellows-menu-item-10972 bellows-item-level-0\"><a  href=\"https:\/\/english-munich.de\/training\/vokabular-materialverarbeitung-englisch-vi\/\" class=\"bellows-target\"><span class=\"bellows-target-title bellows-target-text\">\u2611\ufe0fVokabular Materialverarbeitung Englisch VI<\/span><\/a><\/li>\n<li id=\"menu-item-10935\" class=\"bellows-menu-item bellows-menu-item-type-post_type bellows-menu-item-object-page bellows-menu-item-10935 bellows-item-level-0\"><a  href=\"https:\/\/english-munich.de\/training\/kreuzwortraetsel-verben-materialverarbeitung-englisch\/\" class=\"bellows-target\"><span class=\"bellows-target-title bellows-target-text\">\ud83d\udd33Kreuzwortr\u00e4tsel  Verben  Materialverarbeitung<\/span><\/a><\/li>\n<li id=\"menu-item-10990\" class=\"bellows-menu-item bellows-menu-item-type-post_type bellows-menu-item-object-page bellows-menu-item-10990 bellows-item-level-0\"><a  href=\"https:\/\/english-munich.de\/training\/kreuzwortraetsel-verben-materialverarbeitung-englisch-2\/\" class=\"bellows-target\"><span class=\"bellows-target-title bellows-target-text\">\ud83d\udd33Kreuzwortr\u00e4tsel Verben  Materialverarbeitung II<\/span><\/a><\/li>\n<li id=\"menu-item-10989\" class=\"bellows-menu-item bellows-menu-item-type-post_type bellows-menu-item-object-page bellows-menu-item-10989 bellows-item-level-0\"><a  href=\"https:\/\/english-munich.de\/training\/kreuzwortraetsel-verben-materialverarbeitung-englisch-iii\/\" class=\"bellows-target\"><span class=\"bellows-target-title bellows-target-text\">\ud83d\udd33Kreuzwortr\u00e4tsel Verben  Materialverarbeitung III<\/span><\/a><\/li>\n<li id=\"menu-item-10973\" class=\"bellows-menu-item bellows-menu-item-type-post_type bellows-menu-item-object-page bellows-menu-item-10973 bellows-item-level-0\"><a  href=\"https:\/\/english-munich.de\/training\/matching-game-verben-materialverarbeitung\/\" class=\"bellows-target\"><span class=\"bellows-target-title bellows-target-text\">\ud83e\udde6matching game \u2013 Verben Materialverarbeitung<\/span><\/a><\/li>\n<\/ul><\/div>\r\n\r\n<\/div>\r\n","protected":false},"excerpt":{"rendered":"Vokabular &#8211; Materialverarbeitung &#8211; Englisch &#8211; Aufgaben \u00dcbungen &#8211; Vokabular Materialverarbeitung Beispiel wetzen: \u24ffThe way to sharpen a knife is to &nbsp;&nbsp; don&#8217;t did whet doesn&#8217;t did it. Die richtige L\u00f6sung ist: &#8222;whet&#8220;&nbsp;&nbsp;Tipp \u2611\ufe0f W\u00e4hle die richtige Option, mit dem richtigen Verb f\u00fcr Materialverarbeitung. Erg\u00e4nze den Satz auf Englisch sinnvoll: fr\u00e4sen: \u2776You need to &nbsp;&nbsp; [&hellip;]","protected":false},"author":3,"featured_media":0,"parent":0,"menu_order":0,"comment_status":"closed","ping_status":"closed","template":"","meta":[],"_links":{"self":[{"href":"https:\/\/english-munich.de\/training\/wp-json\/wp\/v2\/pages\/10890"}],"collection":[{"href":"https:\/\/english-munich.de\/training\/wp-json\/wp\/v2\/pages"}],"about":[{"href":"https:\/\/english-munich.de\/training\/wp-json\/wp\/v2\/types\/page"}],"author":[{"embeddable":true,"href":"https:\/\/english-munich.de\/training\/wp-json\/wp\/v2\/users\/3"}],"replies":[{"embeddable":true,"href":"https:\/\/english-munich.de\/training\/wp-json\/wp\/v2\/comments?post=10890"}],"version-history":[{"count":17,"href":"https:\/\/english-munich.de\/training\/wp-json\/wp\/v2\/pages\/10890\/revisions"}],"predecessor-version":[{"id":11168,"href":"https:\/\/english-munich.de\/training\/wp-json\/wp\/v2\/pages\/10890\/revisions\/11168"}],"wp:attachment":[{"href":"https:\/\/english-munich.de\/training\/wp-json\/wp\/v2\/media?parent=10890"}],"curies":[{"name":"wp","href":"https:\/\/api.w.org\/{rel}","templated":true}]}}