{"id":1086,"date":"2020-05-11T19:38:21","date_gmt":"2020-05-11T19:38:21","guid":{"rendered":"https:\/\/english-munich.de\/training\/?page_id=1086"},"modified":"2022-04-27T19:12:47","modified_gmt":"2022-04-27T19:12:47","slug":"simple-past-unregelmasige-verben","status":"publish","type":"page","link":"https:\/\/english-munich.de\/training\/simple-past-unregelmasige-verben\/","title":{"rendered":"Simple Past unregelm\u00e4\u00dfige Verben"},"content":{"rendered":"<div class=\"jumbotron text-center\">\r\n<h2>Simple Past unregelm\u00e4\u00dfige Verben &#8211; Aufgaben<\/h2>\r\n\u00dcbungen zum Simple Past irreglular Verbs\r\n<\/div>\r\n<div class=\"bs-example\">\r\n<div class=\"accordion\" id=\"accordionExample\">\r\n<div class=\"card\">\r\n<div class=\"card-header\" id=\"headingOne\">\r\n<h2 class=\"mb-0\" style=\"color:#000\">\r\n                    <button type=\"button\" class=\"btn btn-link collapsed\" data-toggle=\"collapse\" data-target=\"#collapseOne\">Beispiel<\/button><\/h2>\r\n<\/div>\r\n<div id=\"collapseOne\" class=\"collapse\" aria-labelledby=\"headingOne\" data-parent=\"#accordionExample\">\r\n<div class=\"card-body\">\r\n<div class=\"form-inline\">\r\n<div>\r\ndrive <input type=\"text\" class=\"form-control\" id=\"panel-beispiel\" disabled=\"\" value=\"drove\">\r\n<\/div><div>\r\nDie richtige L\u00f6sung ist: <i>drove<\/i>&nbsp;&nbsp;<button class=\"btn-lg btn-info\" type=\"button\" value=\"submit\" data-toggle=\"modal\" data-target=\"#myModal\">Tipp<\/button><\/div>\r\n<\/div>\r\n<\/div>\r\n<\/div>\r\n<\/div>\r\n<\/div>\r\n<\/div>\r\n<br \/><br \/>\r\n<div class=\"container well\">\r\n<h4>\u270d\ufe0f F\u00fclle die Verben in der richtigen unregelm\u00e4\u00dfigen Form des <i>simple past (1.Vergangenheit)<\/i> in die L\u00fccken:<\/h4>\r\n\r\n<hr>\r\n\r\n<br \/>\r\n<div class=\"container\">\r\n<div class=\"row\">\r\n<div>\r\nbreak<input type=\"text\" class=\"form-control\" id=\"q0\" autocomplete=\"off\">\r\n<p id=\"correct0\" align=\"left\"><\/p>\r\n\r\n<\/div>\r\n<div>\r\ndrink <input type=\"text\" class=\"form-control\" id=\"q1\" autocomplete=\"off\">\r\n<p id=\"correct1\" align=\"left\"><\/p>\r\n\r\n<\/div>\r\n<div>\r\nput <input type=\"text\" class=\"form-control\" id=\"q2\" autocomplete=\"off\">\r\n<p id=\"correct2\" align=\"left\"><\/p>\r\n\r\n<\/div>\r\n<\/div>\r\n<div class=\"row\">\r\n<div>\r\nforget<input type=\"text\" class=\"form-control\" id=\"q3\" autocomplete=\"off\">\r\n<p id=\"correct3\" align=\"left\"><\/p>\r\n\r\n<\/div>\r\n<div>\r\nbuy <input type=\"text\" class=\"form-control\" id=\"q4\" autocomplete=\"off\">\r\n<p id=\"correct4\" align=\"left\"><\/p>\r\n\r\n<\/div>\r\n<div>\r\nfly <input type=\"text\" class=\"form-control\" id=\"q5\" autocomplete=\"off\">\r\n<p id=\"correct5\" align=\"left\"><\/p>\r\n\r\n<\/div>\r\n<\/div>\r\n<div class=\"row\">\r\n<div>\r\nhave<input type=\"text\" class=\"form-control\" id=\"q6\" autocomplete=\"off\">\r\n<p id=\"correct6\" align=\"left\"><\/p>\r\n\r\n<\/div>\r\n<div>\r\nsay <input type=\"text\" class=\"form-control\" id=\"q7\" autocomplete=\"off\">\r\n<p id=\"correct7\" align=\"left\"><\/p>\r\n\r\n<\/div>\r\n<div>\r\nknow <input type=\"text\" class=\"form-control\" id=\"q8\" autocomplete=\"off\">\r\n<p id=\"correct8\" align=\"left\"><\/p>\r\n\r\n<\/div>\r\n<\/div>\r\n<div class=\"row\">\r\n<div>\r\nspeak<input type=\"text\" class=\"form-control\" id=\"q9\" autocomplete=\"off\">\r\n<p id=\"correct9\" align=\"left\"><\/p>\r\n\r\n<\/div>\r\n<div>\r\ntell <input type=\"text\" class=\"form-control\" id=\"q10\" autocomplete=\"off\">\r\n<p id=\"correct10\" align=\"left\"><\/p>\r\n\r\n<\/div>\r\n<div>\r\nwrite <input type=\"text\" class=\"form-control\" id=\"q11\" autocomplete=\"off\">\r\n<p id=\"correct11\" align=\"left\"><\/p>\r\n\r\n<\/div>\r\n<\/div>\r\n<div class=\"row\">\r\n<div>\r\nsit<input type=\"text\" class=\"form-control\" id=\"q12\" autocomplete=\"off\">\r\n<p id=\"correct12\" align=\"left\"><\/p>\r\n\r\n<\/div>\r\n<div>\r\nspit <input type=\"text\" class=\"form-control\" id=\"q13\" autocomplete=\"off\">\r\n<p id=\"correct13\" align=\"left\"><\/p>\r\n\r\n<\/div>\r\n<div>\r\nthink <input type=\"text\" class=\"form-control\" id=\"q14\" autocomplete=\"off\">\r\n<p id=\"correct14\" align=\"left\"><\/p>\r\n\r\n<\/div>\r\n<\/div>\r\n<div class=\"row\">\r\n<div>\r\ncome<input type=\"text\" class=\"form-control\" id=\"q15\" autocomplete=\"off\">\r\n<p id=\"correct15\" align=\"left\"><\/p>\r\n\r\n<\/div>\r\n<div>\r\neat<input type=\"text\" class=\"form-control\" id=\"q16\" autocomplete=\"off\">\r\n<p id=\"correct16\" align=\"left\"><\/p>\r\n\r\n<\/div>\r\n<div>\r\nfall <input type=\"text\" class=\"form-control\" id=\"q17\" autocomplete=\"off\">\r\n<p id=\"correct17\" align=\"left\"><\/p>\r\n\r\n<\/div>\r\n<\/div>\r\n<div class=\"row\">\r\n<div>\r\nring<input type=\"text\" class=\"form-control\" id=\"q18\" autocomplete=\"off\">\r\n<p id=\"correct18\" align=\"left\"><\/p>\r\n\r\n<\/div>\r\n<div>\r\nsee<input type=\"text\" class=\"form-control\" id=\"q19\" autocomplete=\"off\">\r\n<p id=\"correct19\" align=\"left\"><\/p>\r\n\r\n<\/div>\r\n<div>\r\nleave <input type=\"text\" class=\"form-control\" id=\"q20\" autocomplete=\"off\">\r\n<p id=\"correct20\" align=\"left\"><\/p>\r\n\r\n<\/div>\r\n<\/div>\r\n<div class=\"row\">\r\n<div>\r\ntake<input type=\"text\" class=\"form-control\" id=\"q21\" autocomplete=\"off\">\r\n<p id=\"correct21\" align=\"left\"><\/p>\r\n\r\n<\/div>\r\n<div>\r\nread<input type=\"text\" class=\"form-control\" id=\"q22\" autocomplete=\"off\">\r\n<p id=\"correct22\" align=\"left\"><\/p>\r\n\r\n<\/div>\r\n<div>\r\nlose <input type=\"text\" class=\"form-control\" id=\"q23\" autocomplete=\"off\">\r\n<p id=\"correct23\" align=\"left\"><\/p>\r\n\r\n<\/div>\r\n<\/div>\r\n<div class=\"row\">\r\n<div>\r\nget<input type=\"text\" class=\"form-control\" id=\"q24\" autocomplete=\"off\">\r\n<p id=\"correct24\" align=\"left\"><\/p>\r\n\r\n<\/div>\r\n<div>\r\ngive<input type=\"text\" class=\"form-control\" id=\"q25\" autocomplete=\"off\">\r\n<p id=\"correct25\" align=\"left\"><\/p>\r\n\r\n<\/div>\r\n<div>\r\ngo <input type=\"text\" class=\"form-control\" id=\"q26\" autocomplete=\"off\">\r\n<p id=\"correct26\" align=\"left\"><\/p>\r\n\r\n<\/div>\r\n<\/div>\r\n<div class=\"row\">\r\n<div>\r\nmake<input type=\"text\" class=\"form-control\" id=\"q27\" autocomplete=\"off\">\r\n<p id=\"correct27\" align=\"left\"><\/p>\r\n\r\n<\/div>\r\n<div>\r\nmeet<input type=\"text\" class=\"form-control\" id=\"q28\" autocomplete=\"off\">\r\n<p id=\"correct28\" align=\"left\"><\/p>\r\n\r\n<\/div>\r\n<div>\r\npay <input type=\"text\" class=\"form-control\" id=\"q29\" autocomplete=\"off\">\r\n<p id=\"correct29\" align=\"left\"><\/p>\r\n\r\n<\/div>\r\n<\/div>\r\n<\/div>\r\n<!-- The Modal -->\r\n<div id=\"myModal\" class=\"modal\">\r\n<div class=\"modal-dialog\">\r\n<div class=\"modal-content\">\r\n\r\n<!-- Modal Header -->\r\n<div class=\"modal-header\">\r\n<h4 class=\"modal-title\">Imperfekt &#8211; unregelm\u00e4\u00dfige Verben<\/h4>\r\n<button class=\"close\" type=\"button\" data-dismiss=\"modal\">\u00d7<\/button>\r\n\r\n<\/div>\r\n<!-- Modal body -->\r\n<a href=\"https:\/\/de.wikipedia.org\/wiki\/Unregelm%C3%A4%C3%9Figes_Verb\">unregelm\u00e4\u00dfige Verben<\/a>\r\n<div class=\"modal-body\"><img decoding=\"async\" class=\"img-responsive img-rounded\" title=\"Simple Past unregelm\u00e4\u00dfige Verben\" src=\"https:\/\/english-munich.de\/training\/wp-content\/uploads\/2020\/05\/unregelm\u00e4\u00dfige-Verben-simple-past.jpg\" alt=\"Simple Past unregelm\u00e4\u00dfige Verben\"><\/div>\r\n<!-- Modal footer -->\r\n<div class=\"modal-footer\"><button class=\"btn btn-danger\" type=\"button\" data-dismiss=\"modal\">Close<\/button><\/div>\r\n<\/div>\r\n<\/div>\r\n<\/div>\r\n<\/div>\r\n<div class=\"container\">\r\n\r\n<hr>\r\n\r\n<button id=\"submitButton\" class=\"btn-lg btn-primary \" type=\"submit\" value=\"submit\">Pr\u00fcfen<\/button><button id=\"resetButton\" class=\"btn-lg btn-success\" type=\"submit\" onclick=\"refreshPage()\">Neustart<\/button><button id=\"submitButton\" class=\"btn-lg btn-info\" type=\"button\" value=\"submit\" data-toggle=\"modal\" data-target=\"#myModal\">Tipp<\/button>\r\n\r\n<hr>\r\n\r\n\r\n<div>\r\n<p id=\"result\"><\/p>\r\n<p id=\"result2\"><\/p><br \/>\r\n<a href=\"https:\/\/english-munich.de\/training\/wp-content\/uploads\/2022\/04\/Arbeitsblatt-Simple-Past-unregelmaessig.pdf\">\u00dcbungsblatt Simple Past unregelm\u00e4\u00dfige Verben <i class=\"fa fa-download\"><\/i><\/a>\r\n<br \/><br \/>\r\n<h3>Alle \u00dcbungen im Simple Past:<\/h3>\r\n<hr>\r\n<div id=\"bellows-main-15\" class=\"bellows bellows-nojs bellows-main bellows-source-menu bellows-align-full bellows-skin-vanilla bellows-type-\"><ul id=\"menu-simple-past\" class=\"bellows-nav\" data-bellows-config=\"main\"><li id=\"menu-item-3681\" class=\"bellows-menu-item bellows-menu-item-type-post_type bellows-menu-item-object-page bellows-menu-item-3681 bellows-item-level-0\"><a  href=\"https:\/\/english-munich.de\/training\/simple-past-aussagesatz-bejaht\/\" class=\"bellows-target\"><span class=\"bellows-target-title bellows-target-text\">\u270d\ufe0fSimple Past \u2013 bejaht<\/span><\/a><\/li>\n<li id=\"menu-item-3686\" class=\"bellows-menu-item bellows-menu-item-type-post_type bellows-menu-item-object-page bellows-menu-item-3686 bellows-item-level-0\"><a  href=\"https:\/\/english-munich.de\/training\/simple-past-verneinung\/\" class=\"bellows-target\"><span class=\"bellows-target-title bellows-target-text\">\u2611\ufe0fSimple Past Verneinung<\/span><\/a><\/li>\n<li id=\"menu-item-3683\" class=\"bellows-menu-item bellows-menu-item-type-post_type bellows-menu-item-object-page bellows-menu-item-3683 bellows-item-level-0\"><a  href=\"https:\/\/english-munich.de\/training\/simple-past-frage\/\" class=\"bellows-target\"><span class=\"bellows-target-title bellows-target-text\">\u270d\ufe0fSimple Past Frage<\/span><\/a><\/li>\n<li id=\"menu-item-3684\" class=\"bellows-menu-item bellows-menu-item-type-post_type bellows-menu-item-object-page bellows-menu-item-3684 bellows-item-level-0\"><a  href=\"https:\/\/english-munich.de\/training\/simple-past-gemischt\/\" class=\"bellows-target\"><span class=\"bellows-target-title bellows-target-text\">\ud83d\uddb1\ufe0fSimple Past gemischt<\/span><\/a><\/li>\n<li id=\"menu-item-11423\" class=\"bellows-menu-item bellows-menu-item-type-post_type bellows-menu-item-object-page bellows-menu-item-11423 bellows-item-level-0\"><a  href=\"https:\/\/english-munich.de\/training\/be-simple-past-uebungen\/\" class=\"bellows-target\"><span class=\"bellows-target-title bellows-target-text\">\u2611\ufe0fbe Simple Past \u00dcbungen<\/span><\/a><\/li>\n<li id=\"menu-item-11431\" class=\"bellows-menu-item bellows-menu-item-type-post_type bellows-menu-item-object-page bellows-menu-item-11431 bellows-item-level-0\"><a  href=\"https:\/\/english-munich.de\/training\/simple-past-ausnahmen-uebungen\/\" class=\"bellows-target\"><span class=\"bellows-target-title bellows-target-text\">\u270d\ufe0fSimple Past Ausnahmen<\/span><\/a><\/li>\n<li id=\"menu-item-3685\" class=\"bellows-menu-item bellows-menu-item-type-post_type bellows-menu-item-object-page bellows-menu-item-3685 bellows-item-level-0\"><a  href=\"https:\/\/english-munich.de\/training\/simple-past-unregelmasige-verben\/\" class=\"bellows-target\"><span class=\"bellows-target-title bellows-target-text\">\u270d\ufe0fSimple Past unregelm\u00e4\u00dfig<\/span><\/a><\/li>\n<\/ul><\/div>\r\n<\/div>\r\n<\/div>","protected":false},"excerpt":{"rendered":"Simple Past unregelm\u00e4\u00dfige Verben &#8211; Aufgaben \u00dcbungen zum Simple Past irreglular Verbs Beispiel drive Die richtige L\u00f6sung ist: drove&nbsp;&nbsp;Tipp \u270d\ufe0f F\u00fclle die Verben in der richtigen unregelm\u00e4\u00dfigen Form des simple past (1.Vergangenheit) in die L\u00fccken: break drink put forget buy fly have say know speak tell write sit spit think come eat fall ring see [&hellip;]","protected":false},"author":3,"featured_media":0,"parent":0,"menu_order":0,"comment_status":"closed","ping_status":"closed","template":"","meta":[],"_links":{"self":[{"href":"https:\/\/english-munich.de\/training\/wp-json\/wp\/v2\/pages\/1086"}],"collection":[{"href":"https:\/\/english-munich.de\/training\/wp-json\/wp\/v2\/pages"}],"about":[{"href":"https:\/\/english-munich.de\/training\/wp-json\/wp\/v2\/types\/page"}],"author":[{"embeddable":true,"href":"https:\/\/english-munich.de\/training\/wp-json\/wp\/v2\/users\/3"}],"replies":[{"embeddable":true,"href":"https:\/\/english-munich.de\/training\/wp-json\/wp\/v2\/comments?post=1086"}],"version-history":[{"count":50,"href":"https:\/\/english-munich.de\/training\/wp-json\/wp\/v2\/pages\/1086\/revisions"}],"predecessor-version":[{"id":11148,"href":"https:\/\/english-munich.de\/training\/wp-json\/wp\/v2\/pages\/1086\/revisions\/11148"}],"wp:attachment":[{"href":"https:\/\/english-munich.de\/training\/wp-json\/wp\/v2\/media?parent=1086"}],"curies":[{"name":"wp","href":"https:\/\/api.w.org\/{rel}","templated":true}]}}