{"id":10855,"date":"2022-02-24T15:26:29","date_gmt":"2022-02-24T15:26:29","guid":{"rendered":"https:\/\/english-munich.de\/training\/?page_id=10855"},"modified":"2022-02-26T07:16:04","modified_gmt":"2022-02-26T07:16:04","slug":"buzz-words-management-language-business-english-schlagwoerter-v","status":"publish","type":"page","link":"https:\/\/english-munich.de\/training\/buzz-words-management-language-business-english-schlagwoerter-v\/","title":{"rendered":"Buzz words &#8211; management language &#8211; Business English &#8211; Schlagw\u00f6rter V"},"content":{"rendered":"<div class=\"jumbotron text-center\">\r\n<h2>buzz words &#8211; management language &#8211; Englisch &#8211; Aufgaben<\/h2>\r\n  Business English &#8211; \u00dcbungen &#8211; Schlagw\u00f6rter\r\n\r\n<\/div>\r\n<div class=\"bs-example\">\r\n<div id=\"accordionExample\" class=\"accordion\">\r\n<div class=\"card\">\r\n<div id=\"headingOne\" class=\"card-header\">\r\n<h2 class=\"mb-0\" style=\"color: #000;\"><button class=\"btn btn-link collapsed\" type=\"button\" data-toggle=\"collapse\" data-target=\"#collapseOne\">Beispiel<\/button><\/h2>\r\n<\/div>\r\n<div id=\"collapseOne\" class=\"collapse\" aria-labelledby=\"headingOne\" data-parent=\"#accordionExample\">\r\n<div class=\"card-body\"><div><b>vollumf\u00e4nglich:<\/b><\/div><br \/>\r\n<div class=\"form-inline\"><div class=\"row\"><div><label for=\"sel1\"><span class=\"number\">\u24ff<\/span>The project needs a <\/div>&nbsp;&nbsp;<div><select id=\"beispiel\" class=\"form-control\">\r\n<option value=\"wrong\">don&#8217;t did<\/option>\r\n<option value=\"correct\">dog<\/option>\r\n<option value=\"wrong\">doesn&#8217;t did<\/option>\r\n<\/select><\/label> implementation.<\/div><\/div><\/div><br \/>\r\n\r\nDie richtige L\u00f6sung ist: <b>&#8222;holistic&#8220;<\/b>&nbsp;&nbsp;<button class=\"btn-lg btn-info\" type=\"button\" value=\"submit\" data-toggle=\"modal\" data-target=\"#myModal\">Tipp<\/button>\r\n\r\n\r\n<\/div>\r\n<\/div>\r\n<\/div>\r\n<\/div>\r\n<br \/><br \/>\r\n<div class=\"container well\">\r\n<h4>\u2611\ufe0f W\u00e4hle die richtige Option, mit dem richtigen Schlagwort, um den Satz auf Englisch sinnvoll zu erg\u00e4nzen (Jede M\u00f6glichkeit kann nur einmal vorkommen):<\/h4>\r\n\r\n<hr>\r\n\r\n<br \/>\r\n<div class=\"container-fluid\">\r\n\r\n<div class=\"form-inline\"><div class=\"row\"><div><label for=\"sel1\"><span class=\"number\">\u2776<\/span>It took me some convincing but now management is <\/div>&nbsp;&nbsp; <div> <select id=\"q0\" class=\"form-control\">\r\n<option value=\"wrong\"><\/option>\r\n<option value=\"wrong\"> burn rate <\/option>\r\n<option value=\"wrong\"> broad-brush <\/option>\r\n<option value=\"wrong\"> legacy systems <\/option>\r\n<option value=\"wrong\"> pain threshold <\/option>\r\n<option value=\"correct\"> on board <\/option>\r\n<option value=\"wrong\"> throughput <\/option>\r\n<option value=\"wrong\"> business myopia <\/option>\r\n<option value=\"wrong\"> game changer <\/option>\r\n<option value=\"wrong\"> impact <\/option>\r\n<option value=\"wrong\"> c-suite <\/option>\r\n<\/select><\/label> . <\/div><\/div><\/div><br \/>\r\n<p id=\"correct0\" align=\"left\"><\/p>\r\n<a class=\"btn btn-success tipp0 hidden\" style=\"text-decoration: none, color:white;\" title=\"Management is on board.\" href=\"#0\" data-toggle=\"popover\"  data-placement=\"top\" data-trigger=\"hover\" data-content=\" 'on board' \u2794  'einverstanden'. Die Briten sind traditionell ein Volk von Seefahrern. Aus diesem Grund kommen viele Begriffe auch der Umgangs-, und Gesch\u00e4ftssprache aus dem nautischen Bereich.\">Tipp<\/a>\r\n\r\n\r\n<div class=\"form-inline\"><div class=\"row\"><div><label for=\"sel1\"><span class=\"number\">\u2777<\/span> Some employers test their workers&#8216; <\/div>&nbsp;&nbsp; <div><select id=\"q1\" class=\"form-control\">\r\n<option value=\"wrong\"><\/option>\r\n<option value=\"wrong\"> burn rate <\/option>\r\n<option value=\"wrong\"> broad-brush <\/option>\r\n<option value=\"wrong\"> legacy systems <\/option>\r\n<option value=\"correct\"> pain threshold <\/option>\r\n<option value=\"wrong\"> on board <\/option>\r\n<option value=\"wrong\"> throughput <\/option>\r\n<option value=\"wrong\"> business myopia <\/option>\r\n<option value=\"wrong\"> game changer <\/option>\r\n<option value=\"wrong\"> impact <\/option>\r\n<option value=\"wrong\"> c-suite <\/option>\r\n<\/select>. They test how far they can go.<\/label><\/div><\/div><\/div><br \/>\r\n\r\n<p id=\"correct1\" align=\"left\"><\/p>\r\n<a class=\"btn btn-success tipp1 hidden\" style=\"text-decoration: none, color:white;\" title=\"Some employers test their employees' pain threshold?\" href=\"#1\" data-toggle=\"popover\" data-placement=\"top\" data-trigger=\"hover\" data-content=\"'pain threshold' \u2794  'Schmerzgrenze'.\">Tipp<\/a>\r\n\r\n\r\n<div class=\"form-inline\"><div class=\"row\"><div><label for=\"sel1\"><span class=\"number\">\u2778<\/span> \r\n<\/div> &nbsp;&nbsp; <div> To get the systems up and running we need more <select id=\"q2\" class=\"form-control\">\r\n<option value=\"wrong\"><\/option>\r\n<option value=\"wrong\"> burn rate <\/option>\r\n<option value=\"wrong\"> broad-brush <\/option>\r\n<option value=\"wrong\"> legacy systems <\/option>\r\n<option value=\"wrong\"> pain threshold <\/option>\r\n<option value=\"wrong\"> on board <\/option>\r\n<option value=\"correct\"> throughput <\/option>\r\n<option value=\"wrong\"> business myopia <\/option>\r\n<option value=\"wrong\"> game changer <\/option>\r\n<option value=\"wrong\"> impact <\/option>\r\n<option value=\"wrong\"> c-suite <\/option>\r\n<\/select>.<\/label><\/div><\/div><\/div><br \/>\r\n\r\n<p id=\"correct2\" align=\"left\"><\/p>\r\n<a class=\"btn btn-success tipp2 hidden\" style=\"text-decoration: none, color:white;\" title=\"We need more throughput.\" href=\"#2\" data-toggle=\"popover\" data-placement=\"top\" data-trigger=\"hover\" data-content=\"'throughput' \u2794  'Durchsatz'\">Tipp<\/a>\r\n\r\n\r\n<div class=\"form-inline\"><div class=\"row\"><div><label for=\"sel1\"><span class=\"number\">\u2779<\/span> We can&#8217;t offer a <\/div>&nbsp;&nbsp;<div><select id=\"q3\" class=\"form-control\">\r\n<option value=\"wrong\"><\/option>\r\n<option value=\"wrong\"> burn rate <\/option>\r\n<option value=\"correct\"> broad-brush <\/option>\r\n<option value=\"wrong\"> legacy systems <\/option>\r\n<option value=\"wrong\"> pain threshold <\/option>\r\n<option value=\"wrong\"> on board <\/option>\r\n<option value=\"wrong\"> throughput <\/option>\r\n<option value=\"wrong\"> business myopia <\/option>\r\n<option value=\"wrong\"> game changer <\/option>\r\n<option value=\"wrong\"> impact <\/option>\r\n<option value=\"wrong\"> c-suite <\/option>\r\n<\/select><\/label>  solution. This is our most important customer.<\/div><\/div><\/div><br \/>\r\n\r\n<p id=\"correct3\" align=\"left\"><\/p>\r\n<a class=\"btn btn-success tipp3 hidden\" style=\"text-decoration: none, color:white;\" title=\"A broad brush solution...\" href=\"#3\" data-toggle=\"popover\" data-placement=\"top\" data-trigger=\"hover\" data-content=\"'broad brush' \u2794  'oberfl\u00e4chlich'. 'Broad brush' hei\u00dft 'breiter Pinsel'. Damit l\u00e4sst sich nicht genau arbeiten.\">Tipp<\/a>\r\n\r\n\r\n<div class=\"form-inline\"><div class=\"row\"><div><label for=\"sel1\"><span class=\"number\">\u277a<\/span> This costs a lot of money. The  <\/div>&nbsp;&nbsp; <div><select id=\"q4\" class=\"form-control\">\r\n<option value=\"wrong\"><\/option>\r\n<option value=\"correct\"> burn rate <\/option>\r\n<option value=\"wrong\"> broad-brush <\/option>\r\n<option value=\"wrong\"> legacy systems <\/option>\r\n<option value=\"wrong\"> pain threshold <\/option>\r\n<option value=\"wrong\"> on board <\/option>\r\n<option value=\"wrong\"> throughput <\/option>\r\n<option value=\"wrong\"> business myopia <\/option>\r\n<option value=\"wrong\"> game changer <\/option>\r\n<option value=\"wrong\"> impact <\/option>\r\n<option value=\"wrong\"> c-suite <\/option>\r\n<\/select><\/label> is insane.<\/div><\/div><\/div><br \/>\r\n\r\n<p id=\"correct4\" align=\"left\"><\/p>\r\n<a class=\"btn btn-success tipp4 hidden\" style=\"text-decoration: none, color:white;\" title=\"The burn rate.\" href=\"#4\" data-toggle=\"popover\" data-placement=\"top\" data-trigger=\"hover\" data-content=\"'burn rate' \u2794  'Geldaufwand'. Auch im Deutschen kann man umgangssprachlich 'Geld verbrennen'.\">Tipp<\/a>\r\n\r\n\r\n<div class=\"form-inline\"><div class=\"row\"><div><label for=\"sel1\"><span class=\"number\">\u277b<\/span>We can&#8217;t work on the   <\/div>&nbsp;&nbsp; <div><select id=\"q5\" class=\"form-control\">\r\n<option value=\"wrong\"><\/option>\r\n<option value=\"wrong\"> burn rate <\/option>\r\n<option value=\"wrong\"> broad-brush <\/option>\r\n<option value=\"correct\"> legacy systems <\/option>\r\n<option value=\"wrong\"> pain threshold <\/option>\r\n<option value=\"wrong\"> on board <\/option>\r\n<option value=\"wrong\"> throughput <\/option>\r\n<option value=\"wrong\"> business myopia <\/option>\r\n<option value=\"wrong\"> game changer <\/option>\r\n<option value=\"wrong\"> impact <\/option>\r\n<option value=\"wrong\"> c-suite <\/option>\r\n<\/select>. We need new hardware.<\/label><\/div><\/div><\/div><br \/>\r\n<p id=\"correct5\" align=\"left\"><\/p>\r\n<a class=\"btn btn-success tipp5 hidden\" style=\"text-decoration: none, color:white;\" title=\"We can't work on the legacy systems.\" href=\"#5\" data-toggle=\"popover\" data-placement=\"top\" data-trigger=\"hover\" data-content=\"'legacy systems' \u2794  'bestehende Infrastruktur'.\">Tipp<\/a>\r\n\r\n\r\n<div class=\"form-inline\"><div class=\"row\"><div><label for=\"sel1\"><span class=\"number\">\u277c<\/span> Let&#8217;s not just focus on our own business. We don&#8217;t want to get  <\/div>&nbsp;&nbsp; <div><select id=\"q6\" class=\"form-control\">\r\n<option value=\"wrong\"><\/option>\r\n<option value=\"wrong\"> burn rate <\/option>\r\n<option value=\"wrong\"> broad-brush <\/option>\r\n<option value=\"wrong\"> legacy systems <\/option>\r\n<option value=\"wrong\"> pain threshold <\/option>\r\n<option value=\"wrong\"> on board <\/option>\r\n<option value=\"wrong\"> throughput <\/option>\r\n<option value=\"correct\"> business myopia <\/option>\r\n<option value=\"wrong\"> game changer <\/option>\r\n<option value=\"wrong\"> impact <\/option>\r\n<option value=\"wrong\"> c-suite <\/option>\r\n<\/select>.<\/label><\/div><\/div><\/div><br \/>\r\n<p id=\"correct6\" align=\"left\"><\/p>\r\n<a class=\"btn btn-success tipp6 hidden\" style=\"text-decoration: none, color:white;\" title=\"Let's not get business myopia.\" href=\"#6\" data-toggle=\"popover\" data-placement=\"top\" data-trigger=\"hover\" data-content=\"'business myopia' \u2794  'Betriebsblindheit'.\">Tipp<\/a>\r\n\r\n\r\n<div class=\"form-inline\"><div class=\"row\"><div><label for=\"sel1\"><span class=\"number\">\u277d<\/span> We need a real <\/div>&nbsp;&nbsp; <div><select id=\"q7\" class=\"form-control\">\r\n<option value=\"wrong\"><\/option>\r\n<option value=\"wrong\"> burn rate <\/option>\r\n<option value=\"wrong\"> broad-brush <\/option>\r\n<option value=\"wrong\"> legacy systems <\/option>\r\n<option value=\"wrong\"> pain threshold <\/option>\r\n<option value=\"wrong\"> on board <\/option>\r\n<option value=\"wrong\"> throughput <\/option>\r\n<option value=\"wrong\"> business myopia <\/option>\r\n<option value=\"correct\"> game changer <\/option>\r\n<option value=\"wrong\"> impact <\/option>\r\n<option value=\"wrong\"> c-suite <\/option>\r\n<\/select>. We want to be the new Facebook.<\/label><\/div><\/div><\/div><br \/>\r\n<p id=\"correct7\" align=\"left\"><\/p>\r\n<a class=\"btn btn-success tipp7 hidden\" style=\"text-decoration: none, color:white;\" title=\"We need a real game changer.\" href=\"#7\" data-toggle=\"popover\" data-placement=\"top\" data-trigger=\"hover\" data-content=\"'game changer' \u2794  'Durchbruch'.\">Tipp<\/a>\r\n\r\n\r\n<div class=\"form-inline\"><div class=\"row\"><div><label for=\"sel1\"><span class=\"number\">\u277e<\/span> The support of the <\/div>&nbsp;&nbsp; <div><select id=\"q8\" class=\"form-control\">\r\n<option value=\"wrong\"><\/option>\r\n<option value=\"wrong\"> burn rate <\/option>\r\n<option value=\"wrong\"> broad-brush <\/option>\r\n<option value=\"wrong\"> legacy systems <\/option>\r\n<option value=\"wrong\"> pain threshold <\/option>\r\n<option value=\"wrong\"> on board <\/option>\r\n<option value=\"wrong\"> throughput <\/option>\r\n<option value=\"wrong\"> business myopia <\/option>\r\n<option value=\"wrong\"> game changer <\/option>\r\n<option value=\"wrong\"> impact <\/option>\r\n<option value=\"correct\"> c-suite <\/option>\r\n<\/select> is crucial. We need managment on board.<\/label><\/div><\/div><\/div><br \/>\r\n<p id=\"correct8\" align=\"left\"><\/p>\r\n<a class=\"btn btn-success tipp8 hidden\" style=\"text-decoration: none, color:white;\" title=\"The support of the c-suite is crucial.\" href=\"#8\" data-toggle=\"popover\" data-placement=\"top\" data-trigger=\"hover\" data-content=\"'c-suite' \u2794  'Gesch\u00e4ftsleitung'. Der Begriff 'c-suite' spielt auf die betriebliche Buchstabensuppe von 'CEO, CFO, COO, CTO etc.' an.\">Tipp<\/a>\r\n\r\n\r\n<div class=\"form-inline\"><div class=\"row\"><div><label for=\"sel1\"><span class=\"number\">\u277f<\/span>The  <\/div>&nbsp;&nbsp; <div><select id=\"q9\" class=\"form-control\">\r\n<option value=\"wrong\"><\/option>\r\n<option value=\"wrong\"> burn rate <\/option>\r\n<option value=\"wrong\"> broad-brush <\/option>\r\n<option value=\"wrong\"> legacy systems <\/option>\r\n<option value=\"wrong\"> pain threshold <\/option>\r\n<option value=\"wrong\"> on board <\/option>\r\n<option value=\"wrong\"> throughput <\/option>\r\n<option value=\"wrong\"> business myopia <\/option>\r\n<option value=\"wrong\"> game changer <\/option>\r\n<option value=\"correct\"> impact <\/option>\r\n<option value=\"wrong\"> c-suite <\/option>\r\n<\/select> of a new market bubble is difficult to fathom. <\/label><\/div><\/div><\/div><br \/>\r\n<p id=\"correct9\" align=\"left\"><\/p>\r\n<a class=\"btn btn-success tipp9 hidden\" style=\"text-decoration: none, color:white;\" title=\"The impact of a new market bubble.\" href=\"#9\" data-toggle=\"popover\" data-placement=\"top\" data-trigger=\"hover\" data-content=\"'impact' \u2794 'Auswirkung'; 'impact' beduetet eigentlich 'Einschlag'. In der Business Sprache werden oft martialische T\u00f6ne verwendet.\">Tipp<\/a>\r\n\r\n\r\n<\/div>\r\n<div class=\"container\">\r\n\r\n<!-- The Modal -->\r\n<div id=\"myModal\" class=\"modal\">\r\n<div class=\"modal-dialog\">\r\n<div class=\"modal-content\">\r\n\r\n<!-- Modal Header -->\r\n<div class=\"modal-header\">\r\n<h4 class=\"modal-title\">Buzz words &#8211; Schlagw\u00f6rter &#8211; Business English<\/h4>\r\n<button class=\"close\" type=\"button\" data-dismiss=\"modal\">\u00d7<\/button>\r\n\r\n<\/div>\r\n<!-- Modal body -->\r\n<div class=\"modal-body\"><table class=\"table table-bordered table-sm table-hover\">\r\n<thead>\r\n<tr class=\"table-danger\">\r\n<th colspan=\"2\">Buzz words &#8211; Schlagw\u00f6rter &#8211; Business English<\/th>\r\n<\/tr>\r\n<\/thead>\r\n<tbody>\r\n\r\n<tr class=\"table-primary\">\r\n<td><b>Deutsch<\/b><\/td>\r\n<td><b>Englisch<\/b><\/td>\r\n\r\n<tr class=\"table-info\">\r\n<td><b><i class=\"text-danger\">einverstanden<\/i><\/b><\/td>\r\n<td><b><i class=\"text-danger\">on board<\/i><\/b><\/td>\r\n\r\n<\/tr>\r\n<tr class=\"table-info\">\r\n<td><b><i class=\"text-danger\">Schmerzgrenze <\/i> <\/b><\/td>\r\n<td><b><i class=\"text-danger\">pain threshold<\/i> <\/b><\/td>\r\n<\/tr>\r\n<tr class=\"table-info\">\r\n<td><b><i class=\"text-danger\">Durchsatz<\/i><\/b><\/td>\r\n<td><b><i class=\"text-danger\">throughput<\/i><\/b><\/td>\r\n<\/tr>\r\n<tr class=\"table-info\">\r\n<td><b><i class=\"text-danger\">oberfl\u00e4chlich<\/i><\/b><\/td>\r\n<td><b><i class=\"text-danger\">broad brush<\/i><\/b><\/td>\r\n<\/tr>\r\n<tr class=\"table-info\">\r\n<td><b><i class=\"text-danger\">Geldaufwand<\/i><\/b><\/td>\r\n<td><b><i class=\"text-danger\">burn rate<\/i><\/b><\/td>\r\n<\/tr>\r\n<tr class=\"table-info\">\r\n<td><b><i class=\"text-danger\">bestehende Infrastruktur<\/i><\/b><\/td>\r\n<td><b><i class=\"text-danger\">legacy systems<\/i><\/b><\/td>\r\n<\/tr>\r\n<tr class=\"table-info\">\r\n<td><b><i class=\"text-danger\">Betriebsblindheit<\/i><\/b><\/td>\r\n<td><b><i class=\"text-danger\">business myopia<\/i><\/b><\/td>\r\n<\/tr>\r\n<tr class=\"table-info\">\r\n<td><b><i class=\"text-danger\">Durchbruch<\/i><\/b><\/td>\r\n<td><b><i class=\"text-danger\">game changer<\/i><\/b><\/td>\r\n<\/tr>\r\n<tr class=\"table-info\">\r\n<td><b><i class=\"text-danger\">Gech\u00e4ftsleitung<\/i><\/b><\/td>\r\n<td><b><i class=\"text-danger\">c-suite<\/i><\/b><\/td>\r\n<\/tr>\r\n<tr class=\"table-info\">\r\n<td><b><i class=\"text-danger\">impact<\/i><\/b><\/td>\r\n<td><b><i class=\"text-danger\">Auswirkungen<\/i><\/b><\/td>\r\n<\/tr>\r\n<\/tbody>\r\n<\/table><\/div>\r\n<!-- Modal footer -->\r\n<div class=\"modal-footer\"><button class=\"btn btn-danger\" type=\"button\" data-dismiss=\"modal\">Close<\/button><\/div>\r\n<\/div>\r\n<\/div>\r\n<\/div>\r\n<\/div>\r\n<\/div>\r\n\r\n\r\n<hr>\r\n<button id=\"submitButton\" class=\"btn-lg btn-primary \" type=\"submit\" value=\"submit\">Pr\u00fcfen<\/button><button id=\"resetButton\" class=\"btn-lg btn-success\" type=\"submit\" onclick=\"refreshPage()\">Neustart<\/button><button id=\"submitButton\" class=\"btn-lg btn-info\" type=\"submit\" value=\"submit\" data-toggle=\"modal\" data-target=\"#myModal\">Tipp<\/button>\r\n\r\n<p id=\"result\"><\/p>\r\n<p id=\"result2\"><\/p>\r\n<hr>\r\n\r\n<h3>Alle \u00dcbungen buzzwords &#8211;  Schlagw\u00f6rter &#8211; Deutsch\/Business English:<\/h3>\r\n\r\n<hr>\r\n\r\n<div id=\"bellows-main-81\" class=\"bellows bellows-nojs bellows-main bellows-source-menu bellows-align-full bellows-skin-vanilla bellows-type-\"><ul id=\"menu-buzz-words\" class=\"bellows-nav\" data-bellows-config=\"main\"><li id=\"menu-item-10804\" class=\"bellows-menu-item bellows-menu-item-type-post_type bellows-menu-item-object-page bellows-menu-item-10804 bellows-item-level-0\"><a  href=\"https:\/\/english-munich.de\/training\/buzz-words-management-language-business-english-schlagwoerter\/\" class=\"bellows-target\"><span class=\"bellows-target-title bellows-target-text\">\u2611\ufe0fbuzz words \u2013 management language I<\/span><\/a><\/li>\n<li id=\"menu-item-10820\" class=\"bellows-menu-item bellows-menu-item-type-post_type bellows-menu-item-object-page bellows-menu-item-10820 bellows-item-level-0\"><a  href=\"https:\/\/english-munich.de\/training\/buzz-words-management-language-business-english-schlagwoerter-ii\/\" class=\"bellows-target\"><span class=\"bellows-target-title bellows-target-text\">\u2611\ufe0fbuzz words \u2013 management language II<\/span><\/a><\/li>\n<li id=\"menu-item-10835\" class=\"bellows-menu-item bellows-menu-item-type-post_type bellows-menu-item-object-page bellows-menu-item-10835 bellows-item-level-0\"><a  href=\"https:\/\/english-munich.de\/training\/buzz-words-management-language-business-english-schlagwoerter-ii-2\/\" class=\"bellows-target\"><span class=\"bellows-target-title bellows-target-text\">\u2611\ufe0fbuzz words \u2013 management language III<\/span><\/a><\/li>\n<li id=\"menu-item-10851\" class=\"bellows-menu-item bellows-menu-item-type-post_type bellows-menu-item-object-page bellows-menu-item-10851 bellows-item-level-0\"><a  href=\"https:\/\/english-munich.de\/training\/buzz-words-management-language-business-english-schlagwoerter-iv\/\" class=\"bellows-target\"><span class=\"bellows-target-title bellows-target-text\">\u2611\ufe0fbuzz words \u2013 management language IV<\/span><\/a><\/li>\n<li id=\"menu-item-10866\" class=\"bellows-menu-item bellows-menu-item-type-post_type bellows-menu-item-object-page bellows-menu-item-10866 bellows-item-level-0\"><a  href=\"https:\/\/english-munich.de\/training\/buzz-words-management-language-business-english-schlagwoerter-v\/\" class=\"bellows-target\"><span class=\"bellows-target-title bellows-target-text\">\u2611\ufe0fbuzz words \u2013 management language V<\/span><\/a><\/li>\n<li id=\"menu-item-10886\" class=\"bellows-menu-item bellows-menu-item-type-post_type bellows-menu-item-object-page bellows-menu-item-10886 bellows-item-level-0\"><a  href=\"https:\/\/english-munich.de\/training\/buzz-words-management-language-business-english-schlagwoerter-vi\/\" class=\"bellows-target\"><span class=\"bellows-target-title bellows-target-text\">\u2611\ufe0fbuzz words \u2013 management language VI<\/span><\/a><\/li>\n<li id=\"menu-item-10887\" class=\"bellows-menu-item bellows-menu-item-type-post_type bellows-menu-item-object-page bellows-menu-item-10887 bellows-item-level-0\"><a  href=\"https:\/\/english-munich.de\/training\/matching-game-buzz-words\/\" class=\"bellows-target\"><span class=\"bellows-target-title bellows-target-text\">\ud83e\udde6matching game \u2013 buzz words<\/span><\/a><\/li>\n<\/ul><\/div>\r\n\r\n<\/div>\r\n","protected":false},"excerpt":{"rendered":"buzz words &#8211; management language &#8211; Englisch &#8211; Aufgaben Business English &#8211; \u00dcbungen &#8211; Schlagw\u00f6rter Beispiel vollumf\u00e4nglich: \u24ffThe project needs a &nbsp;&nbsp; don&#8217;t did dog doesn&#8217;t did implementation. Die richtige L\u00f6sung ist: &#8222;holistic&#8220;&nbsp;&nbsp;Tipp \u2611\ufe0f W\u00e4hle die richtige Option, mit dem richtigen Schlagwort, um den Satz auf Englisch sinnvoll zu erg\u00e4nzen (Jede M\u00f6glichkeit kann nur einmal [&hellip;]","protected":false},"author":3,"featured_media":0,"parent":0,"menu_order":0,"comment_status":"closed","ping_status":"closed","template":"","meta":[],"_links":{"self":[{"href":"https:\/\/english-munich.de\/training\/wp-json\/wp\/v2\/pages\/10855"}],"collection":[{"href":"https:\/\/english-munich.de\/training\/wp-json\/wp\/v2\/pages"}],"about":[{"href":"https:\/\/english-munich.de\/training\/wp-json\/wp\/v2\/types\/page"}],"author":[{"embeddable":true,"href":"https:\/\/english-munich.de\/training\/wp-json\/wp\/v2\/users\/3"}],"replies":[{"embeddable":true,"href":"https:\/\/english-munich.de\/training\/wp-json\/wp\/v2\/comments?post=10855"}],"version-history":[{"count":7,"href":"https:\/\/english-munich.de\/training\/wp-json\/wp\/v2\/pages\/10855\/revisions"}],"predecessor-version":[{"id":10870,"href":"https:\/\/english-munich.de\/training\/wp-json\/wp\/v2\/pages\/10855\/revisions\/10870"}],"wp:attachment":[{"href":"https:\/\/english-munich.de\/training\/wp-json\/wp\/v2\/media?parent=10855"}],"curies":[{"name":"wp","href":"https:\/\/api.w.org\/{rel}","templated":true}]}}