{"id":10822,"date":"2022-02-22T09:24:40","date_gmt":"2022-02-22T09:24:40","guid":{"rendered":"https:\/\/english-munich.de\/training\/?page_id=10822"},"modified":"2022-03-01T12:27:39","modified_gmt":"2022-03-01T12:27:39","slug":"buzz-words-management-language-business-english-schlagwoerter-ii-2","status":"publish","type":"page","link":"https:\/\/english-munich.de\/training\/buzz-words-management-language-business-english-schlagwoerter-ii-2\/","title":{"rendered":"Buzz words &#8211; management language &#8211; Business English &#8211; Schlagw\u00f6rter III"},"content":{"rendered":"<div class=\"jumbotron text-center\">\r\n<h2>buzz words &#8211; management language &#8211; Englisch &#8211; Aufgaben<\/h2>\r\n  Business English &#8211; \u00dcbungen &#8211; Schlagw\u00f6rter\r\n\r\n<\/div>\r\n<div class=\"bs-example\">\r\n<div id=\"accordionExample\" class=\"accordion\">\r\n<div class=\"card\">\r\n<div id=\"headingOne\" class=\"card-header\">\r\n<h2 class=\"mb-0\" style=\"color: #000;\"><button class=\"btn btn-link collapsed\" type=\"button\" data-toggle=\"collapse\" data-target=\"#collapseOne\">Beispiel<\/button><\/h2>\r\n<\/div>\r\n<div id=\"collapseOne\" class=\"collapse\" aria-labelledby=\"headingOne\" data-parent=\"#accordionExample\">\r\n<div class=\"card-body\"><div><b>vollumf\u00e4nglich:<\/b><\/div><br \/>\r\n<div class=\"form-inline\"><div class=\"row\"><div><label for=\"sel1\"><span class=\"number\">\u24ff<\/span>The project needs a <\/div>&nbsp;&nbsp;<div><select id=\"beispiel\" class=\"form-control\">\r\n<option value=\"wrong\">holistic<\/option>\r\n<option value=\"correct\">dog<\/option>\r\n<option value=\"wrong\">doesn&#8217;t did<\/option>\r\n<\/select><\/label> implementation.<\/div><\/div><\/div><br \/>\r\n\r\nDie richtige L\u00f6sung ist: <b>&#8222;holistic&#8220;<\/b>&nbsp;&nbsp;<button class=\"btn-lg btn-info\" type=\"button\" value=\"submit\" data-toggle=\"modal\" data-target=\"#myModal\">Tipp<\/button>\r\n\r\n\r\n<\/div>\r\n<\/div>\r\n<\/div>\r\n<\/div>\r\n<br \/><br \/>\r\n<div class=\"container well\">\r\n<h4>\u2611\ufe0f W\u00e4hle die richtige Option, mit dem richtigen Schlagwort, um den Satz auf Englisch sinnvoll zu erg\u00e4nzen:<\/h4>\r\n\r\n<hr>\r\n\r\n<br \/>\r\n<div class=\"container-fluid\">\r\n<div><b>Flei\u00dfaufgabe:<\/b><\/div><br \/>\r\n<div class=\"form-inline\"><div class=\"row\"><div><label for=\"sel1\"><span class=\"number\">\u2776<\/span>This is a special client. You will have to go <\/div>&nbsp;&nbsp; <div> <select id=\"q0\" class=\"form-control\">\r\n<option value=\"wrong\"><\/option>\r\n<option value=\"wrong\"> big picture <\/option>\r\n<option value=\"correct\"> the extra mile <\/option>\r\n<option value=\"wrong\"> mission critical  <\/option>\r\n<\/select><\/label> . <\/div><\/div><\/div><br \/>\r\n<p id=\"correct0\" align=\"left\"><\/p>\r\n<a class=\"btn btn-success tipp0 hidden\" style=\"text-decoration: none, color:white;\" title=\"You will have to go the extra mile.\" href=\"#0\" data-toggle=\"popover\"  data-placement=\"top\" data-trigger=\"hover\" data-content=\" 'to go the extra mile' \u2794  'mehr als nur notwendig tun'. Dieser Ausdruck ist von der modernen Gesch\u00e4ftssprache aus dem Matth\u00e4usevangelium geliehen.\">Tipp<\/a>\r\n\r\n\r\n<div><b>die Drecksarbeit:<\/b><\/div><br \/>\r\n<div class=\"form-inline\"><div class=\"row\"><div><label for=\"sel1\"><span class=\"number\">\u2777<\/span>Good idea. We just need somebody to do the <\/div>&nbsp;&nbsp; <div><select id=\"q1\" class=\"form-control\">\r\n<option value=\"wrong\"><\/option>\r\n<option value=\"wrong\"> pain points <\/option>\r\n<option value=\"wrong\"> big picture <\/option>\r\n<option value=\"correct\"> heavy lifting <\/option>\r\n<\/select> .<\/label><\/div><\/div><\/div><br \/>\r\n\r\n<p id=\"correct1\" align=\"left\"><\/p>\r\n<a class=\"btn btn-success tipp1 hidden\" style=\"text-decoration: none, color:white;\" title=\"We just need somebody to do the heavy lifting.\" href=\"#1\" data-toggle=\"popover\" data-placement=\"top\" data-trigger=\"hover\" data-content=\"'heavy lifting' \u2794  'Drecksarbeit'.\">Tipp<\/a>\r\n\r\n<div><b>Schwachstellen:<\/b><\/div><br \/>\r\n<div class=\"form-inline\"><div class=\"row\"><div><label for=\"sel1\"><span class=\"number\">\u2778<\/span> \r\n<\/div> &nbsp;&nbsp; <div>We all agree on the concept, but let&#8217;s discuss the <select id=\"q2\" class=\"form-control\">\r\n<option value=\"wrong\"><\/option>\r\n<option value=\"wrong\"> business myopia <\/option>\r\n<option value=\"correct\"> pain points <\/option>\r\n<option value=\"wrong\"> alignment <\/option>\r\n<\/select>.<\/label><\/div><\/div><\/div><br \/>\r\n\r\n<p id=\"correct2\" align=\"left\"><\/p>\r\n<a class=\"btn btn-success tipp2 hidden\" style=\"text-decoration: none, color:white;\" title=\"Let's discuss the pain points.\" href=\"#2\" data-toggle=\"popover\" data-placement=\"top\" data-trigger=\"hover\" data-content=\"'pain point' \u2794  'Schwachstelle'\">Tipp<\/a>\r\n\r\n<div><b>ein Plan:<\/b><\/div><br \/>\r\n<div class=\"form-inline\"><div class=\"row\"><div><label for=\"sel1\"><span class=\"number\">\u2779<\/span> What we need is a plan. We need a <\/div>&nbsp;&nbsp;<div><select id=\"q3\" class=\"form-control\">\r\n<option value=\"wrong\"><\/option>\r\n<option value=\"wrong\"> pain point <\/option>\r\n<option value=\"wrong\"> big picture <\/option>\r\n<option value=\"correct\"> road map <\/option>\r\n<\/select><\/label>.<\/div><\/div><\/div><br \/>\r\n\r\n<p id=\"correct3\" align=\"left\"><\/p>\r\n<a class=\"btn btn-success tipp3 hidden\" style=\"text-decoration: none, color:white;\" title=\"We need a roap map.\" href=\"#3\" data-toggle=\"popover\" data-placement=\"top\" data-trigger=\"hover\" data-content=\"'road map' \u2794  'plan'.\">Tipp<\/a>\r\n\r\n<div><b> Bandbreite:<\/b><\/div><br \/>\r\n<div class=\"form-inline\"><div class=\"row\"><div><label for=\"sel1\"><span class=\"number\">\u277a<\/span> At the moment we just don&#8217;t have the <\/div>&nbsp;&nbsp; <div><select id=\"q4\" class=\"form-control\">\r\n<option value=\"wrong\"><\/option>\r\n<option value=\"wrong\"> broadband <\/option>\r\n<option value=\"wrong\"> rubberband <\/option>\r\n<option value=\"correct\"> bandwith <\/option>\r\n<\/select><\/label> for a project of this scope.<\/div><\/div><\/div><br \/>\r\n\r\n<p id=\"correct4\" align=\"left\"><\/p>\r\n<a class=\"btn btn-success tipp4 hidden\" style=\"text-decoration: none, color:white;\" title=\"We just don't  have the bandwidth...\" href=\"#4\" data-toggle=\"popover\" data-placement=\"top\" data-trigger=\"hover\" data-content=\"'bandwith' \u2794  'Bandbreite'.\">Tipp<\/a>\r\n\r\n<div><b>Hebelwirkung:<\/b><\/div><br \/>\r\n<div class=\"form-inline\"><div class=\"row\"><div><label for=\"sel1\"><span class=\"number\">\u277b<\/span>Any \r\n ideas how we can <\/div>&nbsp;&nbsp; <div><select id=\"q5\" class=\"form-control\">\r\n<option value=\"wrong\"><\/option>\r\n<option value=\"wrong\"> pillage <\/option>\r\n<option value=\"wrong\"> anchorage <\/option>\r\n<option value=\"correct\"> leverage <\/option>\r\n<\/select> our new product into the market.<\/label><\/div><\/div><\/div><br \/>\r\n<p id=\"correct5\" align=\"left\"><\/p>\r\n<a class=\"btn btn-success tipp5 hidden\" style=\"text-decoration: none, color:white;\" title=\"...how we can leverage...\" href=\"#5\" data-toggle=\"popover\" data-placement=\"top\" data-trigger=\"hover\" data-content=\"'leverage' \u2794  'Hebelwirkung'.\">Tipp<\/a>\r\n\r\n<div><b>auftragsentscheidend:<\/b><\/div><br \/>\r\n<div class=\"form-inline\"><div class=\"row\"><div><label for=\"sel1\"><span class=\"number\">\u277c<\/span> This needs to be done. It&#8217;s  <\/div>&nbsp;&nbsp; <div><select id=\"q6\" class=\"form-control\">\r\n<option value=\"wrong\"><\/option>\r\n<option value=\"correct\"> mission critical <\/option>\r\n<option value=\"wrong\"> fully loaded <\/option>\r\n<option value=\"wrong\">  holistic <\/option>\r\n<\/select>.<\/label><\/div><\/div><\/div><br \/>\r\n<p id=\"correct6\" align=\"left\"><\/p>\r\n<a class=\"btn btn-success tipp6 hidden\" style=\"text-decoration: none, color:white;\" title=\"It's missioncritical.\" href=\"#6\" data-toggle=\"popover\" data-placement=\"top\" data-trigger=\"hover\" data-content=\"'mission critical' \u2794  'auftragsentscheidend'.\">Tipp<\/a>\r\n\r\n<div><b>effizienter machen:<\/b><\/div><br \/>\r\n<div class=\"form-inline\"><div class=\"row\"><div><label for=\"sel1\"><span class=\"number\">\u277d<\/span> Any ideas how we can <\/div>&nbsp;&nbsp; <div><select id=\"q7\" class=\"form-control\">\r\n<option value=\"wrong\"><\/option>\r\n<option value=\"wrong\"> pinpoint <\/option>\r\n<option value=\"wrong\"> leverage <\/option>\r\n<option value=\"correct\"> streamline <\/option>\r\n<\/select>our accounting department.<\/label><\/div><\/div><\/div><br \/>\r\n<p id=\"correct7\" align=\"left\"><\/p>\r\n<a class=\"btn btn-success tipp7 hidden\" style=\"text-decoration: none, color:white;\" title=\"Any ideas how we can streamline...\" href=\"#7\" data-toggle=\"popover\" data-placement=\"top\" data-trigger=\"hover\" data-content=\"'streamline' \u2794  'effizienter machen'. W\u00f6rtlich: 'windschl\u00fcpfriger machen.\">Tipp<\/a>\r\n\r\n<div><b>Expertise:<\/b><\/div><br \/>\r\n<div class=\"form-inline\"><div class=\"row\"><div><label for=\"sel1\"><span class=\"number\">\u277e<\/span> John, I think this is in your  <\/div>&nbsp;&nbsp; <div><select id=\"q8\" class=\"form-control\">\r\n<option value=\"wrong\"><\/option>\r\n<option value=\"wrong\"> big picture <\/option>\r\n<option value=\"correct\"> wheelhouse <\/option>\r\n<option value=\"wrong\"> pain threshold <\/option>\r\n<\/select>.<\/label><\/div><\/div><\/div><br \/>\r\n<p id=\"correct8\" align=\"left\"><\/p>\r\n<a class=\"btn btn-success tipp8 hidden\" style=\"text-decoration: none, color:white;\" title=\"I think this is in your wheelhouse.\" href=\"#8\" data-toggle=\"popover\" data-placement=\"top\" data-trigger=\"hover\" data-content=\"'wheelhouse' \u2794  'Expertise'.\">Tipp<\/a>\r\n\r\n<div><b> querdenken, neuer Denkansatz:<\/b><\/div><br \/>\r\n<div class=\"form-inline\"><div class=\"row\"><div><label for=\"sel1\"><span class=\"number\">\u277f<\/span>A standard solution will not help. We need to think <\/div>&nbsp;&nbsp; <div><select id=\"q9\" class=\"form-control\">\r\n<option value=\"wrong\"><\/option>\r\n<option value=\"wrong\"> sustainably <\/option>\r\n<option value=\"correct\"> outside-of-the-box <\/option>\r\n<option value=\"wrong\"> holistically <\/option>\r\n<\/select>. <\/label><\/div><\/div><\/div><br \/>\r\n<p id=\"correct9\" align=\"left\"><\/p>\r\n<a class=\"btn btn-success tipp9 hidden\" style=\"text-decoration: none, color:white;\" title=\"We need to think outside-of-the-box.\" href=\"#9\" data-toggle=\"popover\" data-placement=\"top\" data-trigger=\"hover\" data-content=\"'outside-of-the-box-thinking' \u2794 'querdenken, neuer Denkansatz.\">Tipp<\/a>\r\n\r\n\r\n<\/div>\r\n<div class=\"container\">\r\n\r\n<!-- The Modal -->\r\n<div id=\"myModal\" class=\"modal\">\r\n<div class=\"modal-dialog\">\r\n<div class=\"modal-content\">\r\n\r\n<!-- Modal Header -->\r\n<div class=\"modal-header\">\r\n<h4 class=\"modal-title\">Buzz words &#8211; Schlagw\u00f6rter &#8211; Business English<\/h4>\r\n<button class=\"close\" type=\"button\" data-dismiss=\"modal\">\u00d7<\/button>\r\n\r\n<\/div>\r\n<!-- Modal body -->\r\n<div class=\"modal-body\"><table class=\"table table-bordered table-sm table-hover\">\r\n<thead>\r\n<tr class=\"table-danger\">\r\n<th colspan=\"2\"><a href=\"https:\/\/en.wikipedia.org\/wiki\/Buzzword#:~:text=A%20buzzword%20is%20a%20word,simply%20used%20to%20impress%20others.\" rel=\"noopener\" target=\"_blank\">Buzz words<\/a> &#8211; Schlagw\u00f6rter &#8211; Business English<\/th>\r\n<\/tr>\r\n<\/thead>\r\n<tbody>\r\n\r\n<tr class=\"table-primary\">\r\n<td><b>Deutsch<\/b><\/td>\r\n<td><b>Englisch<\/b><\/td>\r\n\r\n<tr class=\"table-info\">\r\n<td><b><i class=\"text-danger\">Flei\u00dfaufgabe<\/i><\/b><\/td>\r\n<td><b><i class=\"text-danger\">to go the extra mile<\/i><\/b><\/td>\r\n<\/tr>\r\n<tr class=\"table-info\">\r\n<td><b><i class=\"text-danger\">Drecksarbeit <\/i> <\/b><\/td>\r\n<td><b><i class=\"text-danger\">heavy lifting<\/i> <\/b><\/td>\r\n<\/tr>\r\n<tr class=\"table-info\">\r\n<td><b><i class=\"text-danger\">Plan<\/i><\/b><\/td>\r\n<td><b><i class=\"text-danger\">road map<\/i><\/b><\/td>\r\n<\/tr>\r\n<tr class=\"table-info\">\r\n<td><b><i class=\"text-danger\">Bandbreite<\/i><\/b><\/td>\r\n<td><b><i class=\"text-danger\">bandwidth<\/i><\/b><\/td>\r\n<\/tr>\r\n<tr class=\"table-info\">\r\n<td><b><i class=\"text-danger\">Hebelwirkung<\/i><\/b><\/td>\r\n<td><b><i class=\"text-danger\">leverage<\/i><\/b><\/td>\r\n<\/tr>\r\n<tr class=\"table-info\">\r\n<td><b><i class=\"text-danger\">auftragsentscheidend<\/i><\/b><\/td>\r\n<td><b><i class=\"text-danger\">mission critical<\/i><\/b><\/td>\r\n<\/tr>\r\n<tr class=\"table-info\">\r\n<td><b><i class=\"text-danger\">effizienter machen<\/i><\/b><\/td>\r\n<td><b><i class=\"text-danger\">streamline<\/i><\/b><\/td>\r\n<\/tr>\r\n<tr class=\"table-info\">\r\n<td><b><i class=\"text-danger\">Expertise<\/i><\/b><\/td>\r\n<td><b><i class=\"text-danger\">wheelhouse<\/i><\/b><\/td>\r\n<\/tr>\r\n<tr class=\"table-info\">\r\n<td><b><i class=\"text-danger\">querdenken<\/i><\/b><\/td>\r\n<td><b><i class=\"text-danger\">thinking out-of-the-box<\/i><\/b><\/td>\r\n<\/tr>\r\n<tr class=\"table-info\">\r\n<td><b><i class=\"text-danger\">pain point<\/i><\/b><\/td>\r\n<td><b><i class=\"text-danger\">Schwachstelle<\/i><\/b><\/td>\r\n<\/tr>\r\n<\/tbody>\r\n<\/table><\/div>\r\n<!-- Modal footer -->\r\n<div class=\"modal-footer\"><button class=\"btn btn-danger\" type=\"button\" data-dismiss=\"modal\">Close<\/button><\/div>\r\n<\/div>\r\n<\/div>\r\n<\/div>\r\n<\/div>\r\n<\/div>\r\n\r\n\r\n<hr>\r\n<button id=\"submitButton\" class=\"btn-lg btn-primary \" type=\"submit\" value=\"submit\">Pr\u00fcfen<\/button><button id=\"resetButton\" class=\"btn-lg btn-success\" type=\"submit\" onclick=\"refreshPage()\">Neustart<\/button><button id=\"submitButton\" class=\"btn-lg btn-info\" type=\"submit\" value=\"submit\" data-toggle=\"modal\" data-target=\"#myModal\">Tipp<\/button>\r\n\r\n<p id=\"result\"><\/p>\r\n<p id=\"result2\"><\/p>\r\n<hr>\r\n\r\n<h3>Alle \u00dcbungen buzzwords &#8211;  Schlagw\u00f6rter &#8211; Deutsch\/Business English:<\/h3>\r\n\r\n<hr>\r\n\r\n<div id=\"bellows-main-81\" class=\"bellows bellows-nojs bellows-main bellows-source-menu bellows-align-full bellows-skin-vanilla bellows-type-\"><ul id=\"menu-buzz-words\" class=\"bellows-nav\" data-bellows-config=\"main\"><li id=\"menu-item-10804\" class=\"bellows-menu-item bellows-menu-item-type-post_type bellows-menu-item-object-page bellows-menu-item-10804 bellows-item-level-0\"><a  href=\"https:\/\/english-munich.de\/training\/buzz-words-management-language-business-english-schlagwoerter\/\" class=\"bellows-target\"><span class=\"bellows-target-title bellows-target-text\">\u2611\ufe0fbuzz words \u2013 management language I<\/span><\/a><\/li>\n<li id=\"menu-item-10820\" class=\"bellows-menu-item bellows-menu-item-type-post_type bellows-menu-item-object-page bellows-menu-item-10820 bellows-item-level-0\"><a  href=\"https:\/\/english-munich.de\/training\/buzz-words-management-language-business-english-schlagwoerter-ii\/\" class=\"bellows-target\"><span class=\"bellows-target-title bellows-target-text\">\u2611\ufe0fbuzz words \u2013 management language II<\/span><\/a><\/li>\n<li id=\"menu-item-10835\" class=\"bellows-menu-item bellows-menu-item-type-post_type bellows-menu-item-object-page bellows-menu-item-10835 bellows-item-level-0\"><a  href=\"https:\/\/english-munich.de\/training\/buzz-words-management-language-business-english-schlagwoerter-ii-2\/\" class=\"bellows-target\"><span class=\"bellows-target-title bellows-target-text\">\u2611\ufe0fbuzz words \u2013 management language III<\/span><\/a><\/li>\n<li id=\"menu-item-10851\" class=\"bellows-menu-item bellows-menu-item-type-post_type bellows-menu-item-object-page bellows-menu-item-10851 bellows-item-level-0\"><a  href=\"https:\/\/english-munich.de\/training\/buzz-words-management-language-business-english-schlagwoerter-iv\/\" class=\"bellows-target\"><span class=\"bellows-target-title bellows-target-text\">\u2611\ufe0fbuzz words \u2013 management language IV<\/span><\/a><\/li>\n<li id=\"menu-item-10866\" class=\"bellows-menu-item bellows-menu-item-type-post_type bellows-menu-item-object-page bellows-menu-item-10866 bellows-item-level-0\"><a  href=\"https:\/\/english-munich.de\/training\/buzz-words-management-language-business-english-schlagwoerter-v\/\" class=\"bellows-target\"><span class=\"bellows-target-title bellows-target-text\">\u2611\ufe0fbuzz words \u2013 management language V<\/span><\/a><\/li>\n<li id=\"menu-item-10886\" class=\"bellows-menu-item bellows-menu-item-type-post_type bellows-menu-item-object-page bellows-menu-item-10886 bellows-item-level-0\"><a  href=\"https:\/\/english-munich.de\/training\/buzz-words-management-language-business-english-schlagwoerter-vi\/\" class=\"bellows-target\"><span class=\"bellows-target-title bellows-target-text\">\u2611\ufe0fbuzz words \u2013 management language VI<\/span><\/a><\/li>\n<li id=\"menu-item-10887\" class=\"bellows-menu-item bellows-menu-item-type-post_type bellows-menu-item-object-page bellows-menu-item-10887 bellows-item-level-0\"><a  href=\"https:\/\/english-munich.de\/training\/matching-game-buzz-words\/\" class=\"bellows-target\"><span class=\"bellows-target-title bellows-target-text\">\ud83e\udde6matching game \u2013 buzz words<\/span><\/a><\/li>\n<\/ul><\/div>\r\n\r\n<\/div>\r\n","protected":false},"excerpt":{"rendered":"buzz words &#8211; management language &#8211; Englisch &#8211; Aufgaben Business English &#8211; \u00dcbungen &#8211; Schlagw\u00f6rter Beispiel vollumf\u00e4nglich: \u24ffThe project needs a &nbsp;&nbsp; holistic dog doesn&#8217;t did implementation. Die richtige L\u00f6sung ist: &#8222;holistic&#8220;&nbsp;&nbsp;Tipp \u2611\ufe0f W\u00e4hle die richtige Option, mit dem richtigen Schlagwort, um den Satz auf Englisch sinnvoll zu erg\u00e4nzen: Flei\u00dfaufgabe: \u2776This is a special client. [&hellip;]","protected":false},"author":3,"featured_media":0,"parent":0,"menu_order":0,"comment_status":"closed","ping_status":"closed","template":"","meta":[],"_links":{"self":[{"href":"https:\/\/english-munich.de\/training\/wp-json\/wp\/v2\/pages\/10822"}],"collection":[{"href":"https:\/\/english-munich.de\/training\/wp-json\/wp\/v2\/pages"}],"about":[{"href":"https:\/\/english-munich.de\/training\/wp-json\/wp\/v2\/types\/page"}],"author":[{"embeddable":true,"href":"https:\/\/english-munich.de\/training\/wp-json\/wp\/v2\/users\/3"}],"replies":[{"embeddable":true,"href":"https:\/\/english-munich.de\/training\/wp-json\/wp\/v2\/comments?post=10822"}],"version-history":[{"count":11,"href":"https:\/\/english-munich.de\/training\/wp-json\/wp\/v2\/pages\/10822\/revisions"}],"predecessor-version":[{"id":10901,"href":"https:\/\/english-munich.de\/training\/wp-json\/wp\/v2\/pages\/10822\/revisions\/10901"}],"wp:attachment":[{"href":"https:\/\/english-munich.de\/training\/wp-json\/wp\/v2\/media?parent=10822"}],"curies":[{"name":"wp","href":"https:\/\/api.w.org\/{rel}","templated":true}]}}