{"id":10795,"date":"2022-02-20T20:15:41","date_gmt":"2022-02-20T20:15:41","guid":{"rendered":"https:\/\/english-munich.de\/training\/?page_id=10795"},"modified":"2022-03-31T10:19:57","modified_gmt":"2022-03-31T10:19:57","slug":"buzz-words-management-language-business-english-schlagwoerter","status":"publish","type":"page","link":"https:\/\/english-munich.de\/training\/buzz-words-management-language-business-english-schlagwoerter\/","title":{"rendered":"Buzz words  Business English management language &#8211; Schlagw\u00f6rter"},"content":{"rendered":"<div class=\"jumbotron text-center\">\r\n<h2>buzz words &#8211; management language &#8211; Englisch &#8211; Aufgaben<\/h2>\r\n  buzz words Business English &#8211; \u00dcbungen &#8211; Schlagw\u00f6rter\r\n\r\n<\/div>\r\n<div class=\"bs-example\">\r\n<div id=\"accordionExample\" class=\"accordion\">\r\n<div class=\"card\">\r\n<div id=\"headingOne\" class=\"card-header\">\r\n<h2 class=\"mb-0\" style=\"color: #000;\"><button class=\"btn btn-link collapsed\" type=\"button\" data-toggle=\"collapse\" data-target=\"#collapseOne\">Beispiel<\/button><\/h2>\r\n<\/div>\r\n<div id=\"collapseOne\" class=\"collapse\" aria-labelledby=\"headingOne\" data-parent=\"#accordionExample\">\r\n<div class=\"card-body\"><div><b>vollumf\u00e4nglich:<\/b><\/div><br \/>\r\n<div class=\"form-inline\"><div class=\"row\"><div><label for=\"sel1\"><span class=\"number\">\u24ff<\/span>The project needs a <\/div>&nbsp;&nbsp;<div><select id=\"beispiel\" class=\"form-control\">\r\n<option value=\"wrong\">don&#8217;t did<\/option>\r\n<option value=\"correct\">dog<\/option>\r\n<option value=\"wrong\">doesn&#8217;t did<\/option>\r\n<\/select><\/label> implementation.<\/div><\/div><\/div><br \/>\r\n\r\nDie richtige L\u00f6sung ist: <b>&#8222;holistic&#8220;<\/b>&nbsp;&nbsp;<button class=\"btn-lg btn-info\" type=\"button\" value=\"submit\" data-toggle=\"modal\" data-target=\"#myModal\">Tipp<\/button>\r\n\r\n\r\n<\/div>\r\n<\/div>\r\n<\/div>\r\n<\/div>\r\n<br \/><br \/>\r\n<div class=\"container well\">\r\n<h4>\u2611\ufe0f W\u00e4hle die richtige Option, mit dem richtigen Schlagwort, um den Satz auf Englisch sinnvoll zu erg\u00e4nzen:<\/h4>\r\n\r\n<hr>\r\n\r\n<br \/>\r\n<div class=\"container-fluid\">\r\n<div><b>nachhaltig:<\/b><\/div><br \/>\r\n<div class=\"form-inline\"><div class=\"row\"><div><label for=\"sel1\"><span class=\"number\">\u2776<\/span>We need <\/div>&nbsp;&nbsp; <div> <select id=\"q0\" class=\"form-control\">\r\n<option value=\"wrong\"><\/option>\r\n<option value=\"wrong\"> granular <\/option>\r\n<option value=\"correct\"> sustainable <\/option>\r\n<option value=\"wrong\"> mediable <\/option>\r\n<\/select><\/label>  growth. <\/div><\/div><\/div><br \/>\r\n<p id=\"correct0\" align=\"left\"><\/p>\r\n<a class=\"btn btn-success tipp0 hidden\" style=\"text-decoration: none, color:white;\" title=\"We need sustainable growth.\" href=\"#0\" data-toggle=\"popover\"  data-placement=\"top\" data-trigger=\"hover\" data-content=\" 'sustainable.' \u2794  'nachhaltig.'\">Tipp<\/a>\r\n\r\n\r\n<div><b>detailliert:<\/b><\/div><br \/>\r\n<div class=\"form-inline\"><div class=\"row\"><div><label for=\"sel1\"><span class=\"number\">\u2777<\/span> We need a more <\/div>&nbsp;&nbsp; <div><select id=\"q1\" class=\"form-control\">\r\n<option value=\"wrong\"><\/option>\r\n<option value=\"wrong\"> holistic <\/option>\r\n<option value=\"wrong\"> fully-loaded <\/option>\r\n<option value=\"correct\"> granular <\/option>\r\n<\/select> perspective.<\/label><\/div><\/div><\/div><br \/>\r\n\r\n<p id=\"correct1\" align=\"left\"><\/p>\r\n<a class=\"btn btn-success tipp1 hidden\" style=\"text-decoration: none, color:white;\" title=\"We need a more granular perspective.\" href=\"#1\" data-toggle=\"popover\" data-placement=\"top\" data-trigger=\"hover\" data-content=\"'granular' \u2794  'detailliert'; Wenn man etwas genauer unter die Lupe nimmt werden Bilder 'k\u00f6rnig'. ('granular' hei\u00dft in der eigentlichen Bedeutung 'k\u00f6rnig'.) \">Tipp<\/a>\r\n\r\n<div><b>standard \/ 0815:<\/b><\/div><br \/>\r\n<div class=\"form-inline\"><div class=\"row\"><div><label for=\"sel1\"><span class=\"number\">\u2778<\/span> \r\n<\/div> &nbsp;&nbsp; <div> We cannot offer the customer a <select id=\"q2\" class=\"form-control\">\r\n<option value=\"wrong\"><\/option>\r\n<option value=\"wrong\"> mediable <\/option>\r\n<option value=\"correct\"> plain vanilla <\/option>\r\n<option value=\"wrong\"> out-of-the box <\/option>\r\n<\/select> solution.<\/label><\/div><\/div><\/div><br \/>\r\n\r\n<p id=\"correct2\" align=\"left\"><\/p>\r\n<a class=\"btn btn-success tipp2 hidden\" style=\"text-decoration: none, color:white;\" title=\"We can not offer the customer a plain vanilla solution.\" href=\"#2\" data-toggle=\"popover\" data-placement=\"top\" data-trigger=\"hover\" data-content=\"'plain vanilla' \u2794  'standard \/  0815'\">Tipp<\/a>\r\n\r\n<div><b>Gie\u00dfkannenprinzip:<\/b><\/div><br \/>\r\n<div class=\"form-inline\"><div class=\"row\"><div><label for=\"sel1\"><span class=\"number\">\u2779<\/span> A <\/div>&nbsp;&nbsp;<div><select id=\"q3\" class=\"form-control\">\r\n<option value=\"wrong\"><\/option>\r\n<option value=\"wrong\"> fully-loaded <\/option>\r\n<option value=\"wrong\"> proactive <\/option>\r\n<option value=\"correct\"> scattergun <\/option>\r\n<\/select><\/label>  approach won&#8217;t work here. We have to make an analysis.<\/div><\/div><\/div><br \/>\r\n\r\n<p id=\"correct3\" align=\"left\"><\/p>\r\n<a class=\"btn btn-success tipp3 hidden\" style=\"text-decoration: none, color:white;\" title=\"A scattergun approach...\" href=\"#3\" data-toggle=\"popover\" data-placement=\"top\" data-trigger=\"hover\" data-content=\"'scattergun approach' \u2794  'Gie\u00dfkannenprinzip'. 'Scattergun' hei\u00dft 'Schrotflinte'. Mit einer Schrotflinte lassen sich Ziele nicht so genau treffen.\">Tipp<\/a>\r\n\r\n<div><b> arbeitslos:<\/b><\/div><br \/>\r\n<div class=\"form-inline\"><div class=\"row\"><div><label for=\"sel1\"><span class=\"number\">\u277a<\/span> Tony is <\/div>&nbsp;&nbsp; <div><select id=\"q4\" class=\"form-control\">\r\n<option value=\"wrong\"><\/option>\r\n<option value=\"wrong\"> on-board <\/option>\r\n<option value=\"correct\"> in-transition <\/option>\r\n<option value=\"wrong\"> sustainable <\/option>\r\n<\/select><\/label>. He&#8217;s looking for work.<\/div><\/div><\/div><br \/>\r\n\r\n<p id=\"correct4\" align=\"left\"><\/p>\r\n<a class=\"btn btn-success tipp4 hidden\" style=\"text-decoration: none, color:white;\" title=\"Tony is in transition.\" href=\"#4\" data-toggle=\"popover\" data-placement=\"top\" data-trigger=\"hover\" data-content=\"'in-transition' \u2794  'arbeitslos'. Es ist im Englischen nicht mehr politisch korrekt 'umemployed' oder 'jobless' zu sagen. Der Euphemismus in diesem Zusammenhang ist 'in-transition'.\">Tipp<\/a>\r\n\r\n<div><b>Verlust:<\/b><\/div><br \/>\r\n<div class=\"form-inline\"><div class=\"row\"><div><label for=\"sel1\"><span class=\"number\">\u277b<\/span>Our business was bad this year. We had   <\/div>&nbsp;&nbsp; <div><select id=\"q5\" class=\"form-control\">\r\n<option value=\"wrong\"><\/option>\r\n<option value=\"wrong\"> low hanging fruit <\/option>\r\n<option value=\"wrong\"> scattergun approach <\/option>\r\n<option value=\"correct\"> negative growth <\/option>\r\n<\/select>.<\/label><\/div><\/div><\/div><br \/>\r\n<p id=\"correct5\" align=\"left\"><\/p>\r\n<a class=\"btn btn-success tipp5 hidden\" style=\"text-decoration: none, color:white;\" title=\"We had negative growth.\" href=\"#5\" data-toggle=\"popover\" data-placement=\"top\" data-trigger=\"hover\" data-content=\"'negative growth.' \u2794  'Verlust, negatives Wachstum'. Ein weiterer Euphemismus aus der Denkwerkstatt der politischen Korrektheit.\">Tipp<\/a>\r\n\r\n<div><b>\u00dcbereinstimmung:<\/b><\/div><br \/>\r\n<div class=\"form-inline\"><div class=\"row\"><div><label for=\"sel1\"><span class=\"number\">\u277c<\/span> Do we have  <\/div>&nbsp;&nbsp; <div><select id=\"q6\" class=\"form-control\">\r\n<option value=\"wrong\"><\/option>\r\n<option value=\"correct\"> alignment <\/option>\r\n<option value=\"wrong\"> low hanging fruit <\/option>\r\n<option value=\"wrong\"> c-suite  <\/option>\r\n<\/select> on this topic?<\/label><\/div><\/div><\/div><br \/>\r\n<p id=\"correct6\" align=\"left\"><\/p>\r\n<a class=\"btn btn-success tipp6 hidden\" style=\"text-decoration: none, color:white;\" title=\"Do we have alignment?\" href=\"#6\" data-toggle=\"popover\" data-placement=\"top\" data-trigger=\"hover\" data-content=\"'alignment.' \u2794  '\u00dcbereinstimmung'.\">Tipp<\/a>\r\n\r\n<div><b>leicht zu erreichende Ziele:<\/b><\/div><br \/>\r\n<div class=\"form-inline\"><div class=\"row\"><div><label for=\"sel1\"><span class=\"number\">\u277d<\/span> First let&#8217;s focus on the <\/div>&nbsp;&nbsp; <div><select id=\"q7\" class=\"form-control\">\r\n<option value=\"wrong\"><\/option>\r\n<option value=\"wrong\"> game changer <\/option>\r\n<option value=\"wrong\"> big picture <\/option>\r\n<option value=\"correct\"> low hanging fruit <\/option>\r\n<\/select>.<\/label><\/div><\/div><\/div><br \/>\r\n<p id=\"correct7\" align=\"left\"><\/p>\r\n<a class=\"btn btn-success tipp7 hidden\" style=\"text-decoration: none, color:white;\" title=\"First let's focus on the low hanging fruit.\" href=\"#7\" data-toggle=\"popover\" data-placement=\"top\" data-trigger=\"hover\" data-content=\"'low hanging fruit' \u2794  'leicht zu erreichende Ziele'.\">Tipp<\/a>\r\n\r\n<div><b>Gesamt\u00fcberblick:<\/b><\/div><br \/>\r\n<div class=\"form-inline\"><div class=\"row\"><div><label for=\"sel1\"><span class=\"number\">\u277e<\/span> I am a <\/div>&nbsp;&nbsp; <div><select id=\"q8\" class=\"form-control\">\r\n<option value=\"wrong\"><\/option>\r\n<option value=\"correct\"> big picture <\/option>\r\n<option value=\"wrong\"> granular <\/option>\r\n<option value=\"wrong\"> ballpark <\/option>\r\n<\/select> guy. Details are for nerds.<\/label><\/div><\/div><\/div><br \/>\r\n<p id=\"correct8\" align=\"left\"><\/p>\r\n<a class=\"btn btn-success tipp8 hidden\" style=\"text-decoration: none, color:white;\" title=\"I am a big picture guy.\" href=\"#8\" data-toggle=\"popover\" data-placement=\"top\" data-trigger=\"hover\" data-content=\"'big picture.' \u2794  'Gesamt\u00fcberblick.'\">Tipp<\/a>\r\n\r\n<div><b>etwas sch\u00e4tzen:<\/b><\/div><br \/>\r\n<div class=\"form-inline\"><div class=\"row\"><div><label for=\"sel1\"><span class=\"number\">\u277f<\/span>If you don&#8217;t have an exact number, you will have to <\/div>&nbsp;&nbsp; <div><select id=\"q9\" class=\"form-control\">\r\n<option value=\"wrong\"><\/option>\r\n<option value=\"wrong\"> pain threshold <\/option>\r\n<option value=\"wrong\"> impact <\/option>\r\n<option value=\"correct\"> ballpark <\/option>\r\n<\/select> it. <\/label><\/div><\/div><\/div><br \/>\r\n<p id=\"correct9\" align=\"left\"><\/p>\r\n<a class=\"btn btn-success tipp9 hidden\" style=\"text-decoration: none, color:white;\" title=\"...you will have to ballpark it.\" href=\"#9\" data-toggle=\"popover\" data-placement=\"top\" data-trigger=\"hover\" data-content=\"'ballpark' \u2794 'sch\u00e4tzen'; Der Ausdruck kommt von der Zahl der Zuschauer, die man bei einem Baseballspiel sch\u00e4tzt.\">Tipp<\/a>\r\n\r\n\r\n<\/div>\r\n<div class=\"container\">\r\n\r\n<!-- The Modal -->\r\n<div id=\"myModal\" class=\"modal\">\r\n<div class=\"modal-dialog\">\r\n<div class=\"modal-content\">\r\n\r\n<!-- Modal Header -->\r\n<div class=\"modal-header\">\r\n<h4 class=\"modal-title\">Schlagw\u00f6rter &#8211; Business English<\/h4>\r\n<button class=\"close\" type=\"button\" data-dismiss=\"modal\">\u00d7<\/button>\r\n\r\n<\/div>\r\n<!-- Modal body -->\r\n<div class=\"modal-body\"><table class=\"table table-bordered table-sm table-hover\">\r\n<thead>\r\n<tr class=\"table-danger\">\r\n<th colspan=\"2\">Buzz words &#8211; Schlagw\u00f6rter &#8211; Business English<\/th>\r\n<\/tr>\r\n<\/thead>\r\n<tbody>\r\n\r\n<tr class=\"table-primary\">\r\n<td><b>Deutsch<\/b><\/td>\r\n<td><b>Englisch<\/b><\/td>\r\n\r\n<tr class=\"table-info\">\r\n<td><b><i class=\"text-danger\">nachhaltig<\/i><\/b><\/td>\r\n<td><b><i class=\"text-danger\">sustainable<\/i><\/b><\/td>\r\n\r\n<\/tr>\r\n<tr class=\"table-info\">\r\n<td><b><i class=\"text-danger\">detailliert <\/i> <\/b><\/td>\r\n<td><b><i class=\"text-danger\">granular<\/i> <\/b><\/td>\r\n<\/tr>\r\n<tr class=\"table-info\">\r\n<td><b><i class=\"text-danger\">standard \/ 0815<\/i><\/b><\/td>\r\n<td><b><i class=\"text-danger\">plain vanilla<\/i><\/b><\/td>\r\n<\/tr>\r\n<tr class=\"table-info\">\r\n<td><b><i class=\"text-danger\">Gie\u00dfkannenprinzip<\/i><\/b><\/td>\r\n<td><b><i class=\"text-danger\">scattergun approach<\/i><\/b><\/td>\r\n<\/tr>\r\n<tr class=\"table-info\">\r\n<td><b><i class=\"text-danger\">arbeitslos<\/i><\/b><\/td>\r\n<td><b><i class=\"text-danger\">in-transition<\/i><\/b><\/td>\r\n<\/tr>\r\n<tr class=\"table-info\">\r\n<td><b><i class=\"text-danger\">Verlust<\/i><\/b><\/td>\r\n<td><b><i class=\"text-danger\">negative growth<\/i><\/b><\/td>\r\n<\/tr>\r\n<tr class=\"table-info\">\r\n<td><b><i class=\"text-danger\">\u00dcbereinstimmung<\/i><\/b><\/td>\r\n<td><b><i class=\"text-danger\">alignment<\/i><\/b><\/td>\r\n<\/tr>\r\n<tr class=\"table-info\">\r\n<td><b><i class=\"text-danger\">leichte Beute<\/i><\/b><\/td>\r\n<td><b><i class=\"text-danger\">low hanging-fruit<\/i><\/b><\/td>\r\n<\/tr>\r\n<tr class=\"table-info\">\r\n<td><b><i class=\"text-danger\">Gesamt\u00fcberblick<\/i><\/b><\/td>\r\n<td><b><i class=\"text-danger\">big picture<\/i><\/b><\/td>\r\n<\/tr>\r\n<tr class=\"table-info\">\r\n<td><b><i class=\"text-danger\">etwas sch\u00e4tzen<\/i><\/b><\/td>\r\n<td><b><i class=\"text-danger\">to ballpark<\/i><\/b><\/td>\r\n<\/tr>\r\n<\/tbody>\r\n<\/table><\/div>\r\n<!-- Modal footer -->\r\n<div class=\"modal-footer\"><button class=\"btn btn-danger\" type=\"button\" data-dismiss=\"modal\">Close<\/button><\/div>\r\n<\/div>\r\n<\/div>\r\n<\/div>\r\n<\/div>\r\n<\/div>\r\n\r\n\r\n<hr>\r\n<button id=\"submitButton\" class=\"btn-lg btn-primary \" type=\"submit\" value=\"submit\">Pr\u00fcfen<\/button><button id=\"resetButton\" class=\"btn-lg btn-success\" type=\"submit\" onclick=\"refreshPage()\">Neustart<\/button><button id=\"submitButton\" class=\"btn-lg btn-info\" type=\"submit\" value=\"submit\" data-toggle=\"modal\" data-target=\"#myModal2\">Tipp<\/button>\r\n\r\n<p id=\"result\"><\/p>\r\n<p id=\"result2\"><\/p>\r\n<hr>\r\n\r\n<h3>Alle \u00dcbungen buzz words Business English &#8211; Deutsch\/Englisch:<\/h3>\r\n\r\n<hr>\r\n\r\n<div id=\"bellows-main-81\" class=\"bellows bellows-nojs bellows-main bellows-source-menu bellows-align-full bellows-skin-vanilla bellows-type-\"><ul id=\"menu-buzz-words\" class=\"bellows-nav\" data-bellows-config=\"main\"><li id=\"menu-item-10804\" class=\"bellows-menu-item bellows-menu-item-type-post_type bellows-menu-item-object-page bellows-menu-item-10804 bellows-item-level-0\"><a  href=\"https:\/\/english-munich.de\/training\/buzz-words-management-language-business-english-schlagwoerter\/\" class=\"bellows-target\"><span class=\"bellows-target-title bellows-target-text\">\u2611\ufe0fbuzz words \u2013 management language I<\/span><\/a><\/li>\n<li id=\"menu-item-10820\" class=\"bellows-menu-item bellows-menu-item-type-post_type bellows-menu-item-object-page bellows-menu-item-10820 bellows-item-level-0\"><a  href=\"https:\/\/english-munich.de\/training\/buzz-words-management-language-business-english-schlagwoerter-ii\/\" class=\"bellows-target\"><span class=\"bellows-target-title bellows-target-text\">\u2611\ufe0fbuzz words \u2013 management language II<\/span><\/a><\/li>\n<li id=\"menu-item-10835\" class=\"bellows-menu-item bellows-menu-item-type-post_type bellows-menu-item-object-page bellows-menu-item-10835 bellows-item-level-0\"><a  href=\"https:\/\/english-munich.de\/training\/buzz-words-management-language-business-english-schlagwoerter-ii-2\/\" class=\"bellows-target\"><span class=\"bellows-target-title bellows-target-text\">\u2611\ufe0fbuzz words \u2013 management language III<\/span><\/a><\/li>\n<li id=\"menu-item-10851\" class=\"bellows-menu-item bellows-menu-item-type-post_type bellows-menu-item-object-page bellows-menu-item-10851 bellows-item-level-0\"><a  href=\"https:\/\/english-munich.de\/training\/buzz-words-management-language-business-english-schlagwoerter-iv\/\" class=\"bellows-target\"><span class=\"bellows-target-title bellows-target-text\">\u2611\ufe0fbuzz words \u2013 management language IV<\/span><\/a><\/li>\n<li id=\"menu-item-10866\" class=\"bellows-menu-item bellows-menu-item-type-post_type bellows-menu-item-object-page bellows-menu-item-10866 bellows-item-level-0\"><a  href=\"https:\/\/english-munich.de\/training\/buzz-words-management-language-business-english-schlagwoerter-v\/\" class=\"bellows-target\"><span class=\"bellows-target-title bellows-target-text\">\u2611\ufe0fbuzz words \u2013 management language V<\/span><\/a><\/li>\n<li id=\"menu-item-10886\" class=\"bellows-menu-item bellows-menu-item-type-post_type bellows-menu-item-object-page bellows-menu-item-10886 bellows-item-level-0\"><a  href=\"https:\/\/english-munich.de\/training\/buzz-words-management-language-business-english-schlagwoerter-vi\/\" class=\"bellows-target\"><span class=\"bellows-target-title bellows-target-text\">\u2611\ufe0fbuzz words \u2013 management language VI<\/span><\/a><\/li>\n<li id=\"menu-item-10887\" class=\"bellows-menu-item bellows-menu-item-type-post_type bellows-menu-item-object-page bellows-menu-item-10887 bellows-item-level-0\"><a  href=\"https:\/\/english-munich.de\/training\/matching-game-buzz-words\/\" class=\"bellows-target\"><span class=\"bellows-target-title bellows-target-text\">\ud83e\udde6matching game \u2013 buzz words<\/span><\/a><\/li>\n<\/ul><\/div>\r\n\r\n<\/div>\r\n<!-- The Modal -->\r\n<div id=\"myModal2\" class=\"modal\">\r\n<div class=\"modal-dialog\">\r\n<div class=\"modal-content\">\r\n\r\n<!-- Modal Header -->\r\n<div class=\"modal-header\">\r\n<h4 class=\"modal-title\">Schlagw\u00f6rter Business English<\/h4>\r\n<button class=\"close\" type=\"button\" data-dismiss=\"modal\">\u00d7<\/button>\r\n\r\n<\/div>\r\n<!-- Modal body -->\r\n<div class=\"modal-body\"><img decoding=\"async\" src=\"https:\/\/english-munich.de\/training\/wp-content\/uploads\/2022\/03\/buzz-words-business-english.jpg\" title=\"buzz-words-words-business-english\" alt=\"buzz-words-business-english\"><div>Sogenannte <a href=\"https:\/\/en.wikipedia.org\/wiki\/Buzzword#:~:text=A%20buzzword%20is%20a%20word,simply%20used%20to%20impress%20others.\">buzz words<\/a> sind im modernen Business Sprech unumg\u00e4nglich. Englische Schlagw\u00f6rter der Managementsprache haben sich auch in deutschen Firmen etabliert. So kann es durchaus Sinn machen sich mit diesen vertraut zu machen. Denn sind Sie mit relevanten englischen Business Termini nicht vertraut, tut das Ihrer &#8217;streetcred&#8216; (Glaubw\u00fcrdigkeit) keinen gefallen.<\/div><\/div>\r\n<!-- Modal footer -->\r\n<div class=\"modal-footer\"><button class=\"btn btn-danger\" type=\"button\" data-dismiss=\"modal\">Close<\/button><\/div>\r\n<\/div>\r\n<\/div>\r\n<\/div>","protected":false},"excerpt":{"rendered":"buzz words &#8211; management language &#8211; Englisch &#8211; Aufgaben buzz words Business English &#8211; \u00dcbungen &#8211; Schlagw\u00f6rter Beispiel vollumf\u00e4nglich: \u24ffThe project needs a &nbsp;&nbsp; don&#8217;t did dog doesn&#8217;t did implementation. Die richtige L\u00f6sung ist: &#8222;holistic&#8220;&nbsp;&nbsp;Tipp \u2611\ufe0f W\u00e4hle die richtige Option, mit dem richtigen Schlagwort, um den Satz auf Englisch sinnvoll zu erg\u00e4nzen: nachhaltig: \u2776We need [&hellip;]","protected":false},"author":3,"featured_media":0,"parent":0,"menu_order":0,"comment_status":"closed","ping_status":"closed","template":"","meta":[],"_links":{"self":[{"href":"https:\/\/english-munich.de\/training\/wp-json\/wp\/v2\/pages\/10795"}],"collection":[{"href":"https:\/\/english-munich.de\/training\/wp-json\/wp\/v2\/pages"}],"about":[{"href":"https:\/\/english-munich.de\/training\/wp-json\/wp\/v2\/types\/page"}],"author":[{"embeddable":true,"href":"https:\/\/english-munich.de\/training\/wp-json\/wp\/v2\/users\/3"}],"replies":[{"embeddable":true,"href":"https:\/\/english-munich.de\/training\/wp-json\/wp\/v2\/comments?post=10795"}],"version-history":[{"count":14,"href":"https:\/\/english-munich.de\/training\/wp-json\/wp\/v2\/pages\/10795\/revisions"}],"predecessor-version":[{"id":11338,"href":"https:\/\/english-munich.de\/training\/wp-json\/wp\/v2\/pages\/10795\/revisions\/11338"}],"wp:attachment":[{"href":"https:\/\/english-munich.de\/training\/wp-json\/wp\/v2\/media?parent=10795"}],"curies":[{"name":"wp","href":"https:\/\/api.w.org\/{rel}","templated":true}]}}