{"id":10677,"date":"2022-02-10T12:20:31","date_gmt":"2022-02-10T12:20:31","guid":{"rendered":"https:\/\/english-munich.de\/training\/?page_id=10677"},"modified":"2022-04-02T10:15:01","modified_gmt":"2022-04-02T10:15:01","slug":"kreuzwortraestel-redewendungen-tiere-englisch-ii","status":"publish","type":"page","link":"https:\/\/english-munich.de\/training\/kreuzwortraestel-redewendungen-tiere-englisch-ii\/","title":{"rendered":"Kreuzwortr\u00e4stel &#8211; Redewendungen &#8211; Tiere &#8211; Englisch II"},"content":{"rendered":"<h2>Kreuzwortr\u00e4tsel Redewendungen &#8211; Sprichw\u00f6rter &#8211; Englisch<\/h2>Errate das richtige Tier um die Redewendung auf Englisch sinvoll zu erg\u00e4nzen:<div class=\"game-container container well\"><div class=\"game-wrapper\"><div class=\"game-details\" data-game-details><div class=\"stopwatch\" data-stopwatch>00:00:00<\/div><div class=\"hints\">Tipps: <span class='hint-nr' data-hints>0<\/span><\/div> <button class=\"button\" disabled data-hint-button><i class=\"fas fa-eye\"><\/i>&nbsp;Tipp<\/button><\/div><div class=\"game-grid\" data-grid><\/div><div class=\"game-controls\"> <button class=\"button\" data-reset><i class=\"fas fa-redo\"><\/i>&nbsp; Reset<\/button> <a href=https:\/\/english-munich.de\/training\/kreuzwortraestel-redewendungen-tiere-englisch-iii\/ class=\"button\"><i class=\"fas fa-arrow-right\"><\/i>&nbsp; Next&nbsp;Game<\/a><\/div><\/div><div class=\"questions-container\"><h2 class=\"question-title\">senkrecht<\/h2><ul class=\"question-list\" data-questions-vertical><\/ul><h2 class=\"question-title\">waagrecht<\/h2><ul class=\"question-list\" data-questions-horizontal><\/ul><\/div><\/div>","protected":false},"excerpt":{"rendered":"Kreuzwortr\u00e4tsel Redewendungen &#8211; Sprichw\u00f6rter &#8211; EnglischErrate das richtige Tier um die Redewendung auf Englisch sinvoll zu erg\u00e4nzen:00:00:00Tipps: 0 &nbsp;Tipp &nbsp; Reset &nbsp; Next&nbsp;Gamesenkrechtwaagrecht","protected":false},"author":3,"featured_media":0,"parent":0,"menu_order":0,"comment_status":"closed","ping_status":"closed","template":"","meta":[],"_links":{"self":[{"href":"https:\/\/english-munich.de\/training\/wp-json\/wp\/v2\/pages\/10677"}],"collection":[{"href":"https:\/\/english-munich.de\/training\/wp-json\/wp\/v2\/pages"}],"about":[{"href":"https:\/\/english-munich.de\/training\/wp-json\/wp\/v2\/types\/page"}],"author":[{"embeddable":true,"href":"https:\/\/english-munich.de\/training\/wp-json\/wp\/v2\/users\/3"}],"replies":[{"embeddable":true,"href":"https:\/\/english-munich.de\/training\/wp-json\/wp\/v2\/comments?post=10677"}],"version-history":[{"count":3,"href":"https:\/\/english-munich.de\/training\/wp-json\/wp\/v2\/pages\/10677\/revisions"}],"predecessor-version":[{"id":11365,"href":"https:\/\/english-munich.de\/training\/wp-json\/wp\/v2\/pages\/10677\/revisions\/11365"}],"wp:attachment":[{"href":"https:\/\/english-munich.de\/training\/wp-json\/wp\/v2\/media?parent=10677"}],"curies":[{"name":"wp","href":"https:\/\/api.w.org\/{rel}","templated":true}]}}