{"id":10559,"date":"2022-01-31T20:57:18","date_gmt":"2022-01-31T20:57:18","guid":{"rendered":"https:\/\/english-munich.de\/training\/?page_id=10559"},"modified":"2022-02-08T20:56:41","modified_gmt":"2022-02-08T20:56:41","slug":"idiomatische-redewendungen-sprichwoerter-englisch-uebungen-tiere-iii","status":"publish","type":"page","link":"https:\/\/english-munich.de\/training\/idiomatische-redewendungen-sprichwoerter-englisch-uebungen-tiere-iii\/","title":{"rendered":"idiomatische Redewendungen &#8211; Sprichw\u00f6rter Englisch &#8211; \u00dcbungen &#8211; Tiere III"},"content":{"rendered":"<div class=\"jumbotron text-center\">\r\n<h2>idioms &#8211; Englisch &#8211; Sprichw\u00f6rter Englisch &#8211; Aufgaben<\/h2>\r\nidiomatische Redewendungen  &#8211; \u00dcbungen &#8211; Tiere\r\n\r\n<\/div>\r\n<div class=\"bs-example\">\r\n<div id=\"accordionExample\" class=\"accordion\">\r\n<div class=\"card\">\r\n<div id=\"headingOne\" class=\"card-header\">\r\n<h2 class=\"mb-0\" style=\"color: #000;\"><button class=\"btn btn-link collapsed\" type=\"button\" data-toggle=\"collapse\" data-target=\"#collapseOne\">Beispiel<\/button><\/h2>\r\n<\/div>\r\n<div id=\"collapseOne\" class=\"collapse\" aria-labelledby=\"headingOne\" data-parent=\"#accordionExample\">\r\n<div class=\"card-body\"><div><b>Man muss jemandem etwas g\u00f6nnen:<\/b><\/div><br \/>\r\n<div class=\"form-inline\"><div class=\"row\"><div><label for=\"sel1\"><span class=\"number\">\u24ff<\/span>You have to give the  <\/div>&nbsp;&nbsp;<div><select id=\"beispiel\" class=\"form-control\">\r\n<option value=\"wrong\">don&#8217;t did<\/option>\r\n<option value=\"correct\">dog<\/option>\r\n<option value=\"wrong\">doesn&#8217;t did<\/option>\r\n<\/select><\/label> a bone.<\/div><\/div><\/div><br \/>\r\n\r\nDie richtige L\u00f6sung ist: <b>&#8222;dog&#8220;<\/b>&nbsp;&nbsp;<button class=\"btn-lg btn-info\" type=\"button\" value=\"submit\" data-toggle=\"modal\" data-target=\"#myModal\">Tipp<\/button>\r\n\r\n\r\n<\/div>\r\n<\/div>\r\n<\/div>\r\n<\/div>\r\n<br \/><br \/>\r\n<div class=\"container well\">\r\n<h4>\u2611\ufe0f W\u00e4hle die richtige Option, mit dem richtigen Tier, um die Redewendung auf Englisch zu erg\u00e4nzen:<\/h4>\r\n\r\n<hr>\r\n\r\n<br \/>\r\n<div class=\"container-fluid\">\r\n<div><b>In Ungnade gefallen sein:<\/b><\/div><br \/>\r\n<div class=\"form-inline\"><div class=\"row\"><div><label for=\"sel1\"><span class=\"number\">\u2776<\/span>Johnny forgot the Valentine&#8217;s present. Now he&#8217;s in the <\/div>&nbsp;&nbsp; <div> <select id=\"q0\" class=\"form-control\">\r\n<option value=\"wrong\"><\/option>\r\n<option value=\"wrong\"> cat <\/option>\r\n<option value=\"correct\"> dog <\/option>\r\n<option value=\"wrong\"> elephant <\/option>\r\n<\/select><\/label>  house. <\/div><\/div><\/div><br \/>\r\n<p id=\"correct0\" align=\"left\"><\/p>\r\n<a class=\"btn btn-success tipp0 hidden\" style=\"text-decoration: none, color:white;\" title=\"To be in the dog house.\" href=\"#0\" data-toggle=\"popover\"  data-placement=\"top\" data-trigger=\"hover\" data-content=\" 'To be in the dog house.' \u2794  'In Ungnade gefallen sein.' Dies bezieht sich besonders auf Ehem\u00e4nner, die auf der Couch schlafen m\u00fcssen.\">Tipp<\/a>\r\n\r\n\r\n<div><b>Eine richtige Arbeitsbiene sein:<\/b><\/div><br \/>\r\n<div class=\"form-inline\"><div class=\"row\"><div><label for=\"sel1\"><span class=\"number\">\u2777<\/span> My sister is a real busy <\/div>&nbsp;&nbsp; <div><select id=\"q1\" class=\"form-control\">\r\n<option value=\"wrong\"><\/option>\r\n<option value=\"wrong\"> wasp <\/option>\r\n<option value=\"wrong\"> ant <\/option>\r\n<option value=\"correct\"> bee <\/option>\r\n<\/select>.<\/label><\/div><\/div><\/div><br \/>\r\n\r\n<p id=\"correct1\" align=\"left\"><\/p>\r\n<a class=\"btn btn-success tipp1 hidden\" style=\"text-decoration: none, color:white;\" title=\"To be a busy bee.\" href=\"#1\" data-toggle=\"popover\" data-placement=\"top\" data-trigger=\"hover\" data-content=\"'To be a busy bee.' \u2794  'Eine richtige Arbeitsbiene sein'. Genau wie im Deutschen anerkennt auch die englische Sprache den Flei\u00df der Arbeitsbiene.\">Tipp<\/a>\r\n<div><b>Ein Gang nach Canossa:<\/b><\/div><br \/>\r\n<div class=\"form-inline\"><div class=\"row\"><div><label for=\"sel1\"><span class=\"number\">\u2778<\/span> \r\n<\/div> &nbsp;&nbsp; <div> I behaved badly. Now I will have to eat <select id=\"q2\" class=\"form-control\">\r\n<option value=\"wrong\"><\/option>\r\n<option value=\"wrong\"> sheep <\/option>\r\n<option value=\"correct\"> crow <\/option>\r\n<option value=\"wrong\"> pig <\/option>\r\n<\/select> for a long time.<\/label><\/div><\/div><\/div><br \/>\r\n\r\n<p id=\"correct2\" align=\"left\"><\/p>\r\n<a class=\"btn btn-success tipp2 hidden\" style=\"text-decoration: none, color:white;\" title=\"To eat crow.\" href=\"#2\" data-toggle=\"popover\" data-placement=\"top\" data-trigger=\"hover\" data-content=\"To eat crow.' \u2794  'Ein Gang nach Canossa.' Kr\u00e4hen essen zu m\u00fcssen, ist nicht unbedingt ein Zeichen hohen Status.\">Tipp<\/a>\r\n\r\n<div><b>Den Bock zum G\u00e4rtner machen:<\/b><\/div><br \/>\r\n<div class=\"form-inline\"><div class=\"row\"><div><label for=\"sel1\"><span class=\"number\">\u2779<\/span>To put the  <\/div>&nbsp;&nbsp;<div><select id=\"q3\" class=\"form-control\">\r\n<option value=\"wrong\"><\/option>\r\n<option value=\"correct\"> fox <\/option>\r\n<option value=\"wrong\"> wolf <\/option>\r\n<option value=\"wrong\"> tiger <\/option>\r\n<\/select><\/label> in charge of the henhouse.<\/div><\/div><\/div><br \/>\r\n\r\n<p id=\"correct3\" align=\"left\"><\/p>\r\n<a class=\"btn btn-success tipp3 hidden\" style=\"text-decoration: none, color:white;\" title=\"To put the fox in charge of the henhouse.\" href=\"#3\" data-toggle=\"popover\" data-placement=\"top\" data-trigger=\"hover\" data-content=\"'To put the fox in charge of the henhouse' \u2794  'den Bock um G\u00e4rtner machen'.\">Tipp<\/a>\r\n\r\n<div><b>Da ist die Luft raus:<\/b><\/div><br \/>\r\n<div class=\"form-inline\"><div class=\"row\"><div><label for=\"sel1\"><span class=\"number\">\u277a<\/span> This TV show is so lame, it has really jumped the <\/div>&nbsp;&nbsp; <div><select id=\"q4\" class=\"form-control\">\r\n<option value=\"wrong\"><\/option>\r\n<option value=\"wrong\"> whale <\/option>\r\n<option value=\"correct\"> shark <\/option>\r\n<option value=\"wrong\"> stingray <\/option>\r\n<\/select><\/label>.<\/div><\/div><\/div><br \/>\r\n\r\n<p id=\"correct4\" align=\"left\"><\/p>\r\n<a class=\"btn btn-success tipp4 hidden\" style=\"text-decoration: none, color:white;\" title=\"To jump the shark.\" href=\"#4\" data-toggle=\"popover\" data-placement=\"top\" data-trigger=\"hover\" data-content=\"'To jump the shark.' \u2794  'Da ist die Luft raus'.\">Tipp<\/a>\r\n\r\n<div><b>Mit Kanonen auf Spatzen schie\u00dfen:<\/b><\/div><br \/>\r\n<div class=\"form-inline\"><div class=\"row\"><div><label for=\"sel1\"><span class=\"number\">\u277b<\/span>To kill a   <\/div>&nbsp;&nbsp; <div><select id=\"q5\" class=\"form-control\">\r\n<option value=\"wrong\"><\/option>\r\n<option value=\"wrong\"> wasp <\/option>\r\n<option value=\"wrong\"> ant <\/option>\r\n<option value=\"correct\"> fly <\/option>\r\n<\/select> with an elephant gun.<\/label><\/div><\/div><\/div><br \/>\r\n<p id=\"correct5\" align=\"left\"><\/p>\r\n<a class=\"btn btn-success tipp5 hidden\" style=\"text-decoration: none, color:white;\" title=\"To kill a fly with an elephant gun.\" href=\"#5\" data-toggle=\"popover\" data-placement=\"top\" data-trigger=\"hover\" data-content=\"'Mit Kanonen auf Spatzen schie\u00dfen.' \u2794  'Mit Kanonen auf Spatzen schie\u00dfen'.\">Tipp<\/a>\r\n\r\n<div><b>Ins kalte Wasser springen:<\/b><\/div><br \/>\r\n<div class=\"form-inline\"><div class=\"row\"><div><label for=\"sel1\"><span class=\"number\">\u277c<\/span> To swim with the  <\/div>&nbsp;&nbsp; <div><select id=\"q6\" class=\"form-control\">\r\n<option value=\"wrong\"><\/option>\r\n<option value=\"correct\"> sharks <\/option>\r\n<option value=\"wrong\"> whales <\/option>\r\n<option value=\"wrong\"> dolphins <\/option>\r\n<\/select>.<\/label><\/div><\/div><\/div><br \/>\r\n<p id=\"correct6\" align=\"left\"><\/p>\r\n<a class=\"btn btn-success tipp6 hidden\" style=\"text-decoration: none, color:white;\" title=\"To swim with the sharks.\" href=\"#6\" data-toggle=\"popover\" data-placement=\"top\" data-trigger=\"hover\" data-content=\"'To swim with the sharks.' \u2794  'Ins kalte Wasser springen'. \">Tipp<\/a>\r\n\r\n<div><b>Ein Fachidiot sein:<\/b><\/div><br \/>\r\n<div class=\"form-inline\"><div class=\"row\"><div><label for=\"sel1\"><span class=\"number\">\u277d<\/span> He is such nerd. He&#8217;s just a one-trick <\/div>&nbsp;&nbsp; <div><select id=\"q7\" class=\"form-control\">\r\n<option value=\"wrong\"><\/option>\r\n<option value=\"wrong\"> dog <\/option>\r\n<option value=\"wrong\"> monkey <\/option>\r\n<option value=\"correct\">pony <\/option>\r\n<\/select> .<\/label><\/div><\/div><\/div><br \/>\r\n<p id=\"correct7\" align=\"left\"><\/p>\r\n<a class=\"btn btn-success tipp7 hidden\" style=\"text-decoration: none, color:white;\" title=\"A one trick pony.\" href=\"#7\" data-toggle=\"popover\" data-placement=\"top\" data-trigger=\"hover\" data-content=\"'To be a one trick pony.' \u2794  'Ein Fachidiot sein'.\">Tipp<\/a>\r\n\r\n<div><b>Etwas grob besch\u00f6nigen:<\/b><\/div><br \/>\r\n<div class=\"form-inline\"><div class=\"row\"><div><label for=\"sel1\"><span class=\"number\">\u277e<\/span> To put lipstick on a <\/div>&nbsp;&nbsp; <div><select id=\"q8\" class=\"form-control\">\r\n<option value=\"wrong\"><\/option>\r\n<option value=\"correct\"> pig <\/option>\r\n<option value=\"wrong\"> dog <\/option>\r\n<option value=\"wrong\"> monkey <\/option>\r\n<\/select>.<\/label><\/div><\/div><\/div><br \/>\r\n<p id=\"correct8\" align=\"left\"><\/p>\r\n<a class=\"btn btn-success tipp8 hidden\" style=\"text-decoration: none, color:white;\" title=\"To put lipstick on a pig.\" href=\"#8\" data-toggle=\"popover\" data-placement=\"top\" data-trigger=\"hover\" data-content=\"'To put lipstick on a pig.' \u2794  'Etwas grob besch\u00f6nigen.'\">Tipp<\/a>\r\n\r\n<div><b>Das Pferd von hinten aufz\u00e4umen:<\/b><\/div><br \/>\r\n<div class=\"form-inline\"><div class=\"row\"><div><label for=\"sel1\"><span class=\"number\">\u277f<\/span>  <\/div>&nbsp;&nbsp; <div>To put the cart before the <select id=\"q9\" class=\"form-control\">\r\n<option value=\"wrong\"><\/option>\r\n<option value=\"wrong\"> ox <\/option>\r\n<option value=\"wrong\"> donkey <\/option>\r\n<option value=\"correct\"> horse <\/option>\r\n<\/select> .<\/label><\/div><\/div><\/div><br \/>\r\n<p id=\"correct9\" align=\"left\"><\/p>\r\n<a class=\"btn btn-success tipp9 hidden\" style=\"text-decoration: none, color:white;\" title=\"To put the cart before the horse.\" href=\"#9\" data-toggle=\"popover\" data-placement=\"top\" data-trigger=\"hover\" data-content=\"'To put the cart before the horse.' \u2794 'Das Pferd von hinten aufz\u00e4umen.'\">Tipp<\/a>\r\n\r\n\r\n<\/div>\r\n<div class=\"container\">\r\n\r\n<!-- The Modal -->\r\n<div id=\"myModal\" class=\"modal\">\r\n<div class=\"modal-dialog\">\r\n<div class=\"modal-content\">\r\n\r\n<!-- Modal Header -->\r\n<div class=\"modal-header\">\r\n<h4 class=\"modal-title\">Sprichw\u00f6rter &#8211; idiomatische Redewendungen &#8211; Deutsch\/Englisch &#8211; Tiere<\/h4>\r\n<button class=\"close\" type=\"button\" data-dismiss=\"modal\">\u00d7<\/button>\r\n\r\n<\/div>\r\n<!-- Modal body -->\r\n<div class=\"modal-body\"><table class=\"table table-bordered table-sm table-hover\">\r\n<thead>\r\n<tr class=\"table-danger\">\r\n<th colspan=\"2\">Sprichw\u00f6rter &#8211; idiomatische Redewendungen &#8211; Deutsch\/Englisch &#8211; Tiere<\/th>\r\n<\/tr>\r\n<\/thead>\r\n<tbody>\r\n\r\n<tr class=\"table-primary\">\r\n<td><b>Deutsch<\/b><\/td>\r\n<td><b>Englisch<\/b><\/td>\r\n\r\n<tr class=\"table-info\">\r\n<td><b><i class=\"text-danger\">In Ungnade gefallen sein.<\/i><\/b><\/td>\r\n<td><b><i class=\"text-danger\">To be in the doghouse.<\/i><\/b><\/td>\r\n\r\n<\/tr>\r\n<tr class=\"table-info\">\r\n<td><b><i class=\"text-danger\">Eine richtige Arbeitsbiene sein. <\/i> <\/b><\/td>\r\n<td><b><i class=\"text-danger\">To be a busy bee.<\/i> <\/b><\/td>\r\n<\/tr>\r\n<tr class=\"table-info\">\r\n<td><b><i class=\"text-danger\">Ein Gang nach Canossa.<\/i><\/b><\/td>\r\n<td><b><i class=\"text-danger\">To eat crow.<\/i><\/b><\/td>\r\n<\/tr>\r\n<tr class=\"table-info\">\r\n<td><b><i class=\"text-danger\">Den Bock zum G\u00e4rtner machen.<\/i><\/b><\/td>\r\n<td><b><i class=\"text-danger\">To put the fox in charge of the henhouse.<\/i><\/b><\/td>\r\n<\/tr>\r\n<tr class=\"table-info\">\r\n<td><b><i class=\"text-danger\">Da ist die Luft raus.<\/i><\/b><\/td>\r\n<td><b><i class=\"text-danger\">It has really jumped the shark.<\/i><\/b><\/td>\r\n<\/tr>\r\n<tr class=\"table-info\">\r\n<td><b><i class=\"text-danger\">Mit Kanonen auf Spatzen schie\u00dfen.<\/i><\/b><\/td>\r\n<td><b><i class=\"text-danger\">To shoot a fly with an elephant gun.<\/i><\/b><\/td>\r\n<\/tr>\r\n<tr class=\"table-info\">\r\n<td><b><i class=\"text-danger\">Ins kalte Wasser springen.<\/i><\/b><\/td>\r\n<td><b><i class=\"text-danger\">To swim with the sharks.<\/i><\/b><\/td>\r\n<\/tr>\r\n<tr class=\"table-info\">\r\n<td><b><i class=\"text-danger\">Ein Fachidiot sein.<\/i><\/b><\/td>\r\n<td><b><i class=\"text-danger\">To be a one trick pony.<\/i><\/b><\/td>\r\n<\/tr>\r\n<tr class=\"table-info\">\r\n<td><b><i class=\"text-danger\">Etwas grob besch\u00f6nigen.<\/i><\/b><\/td>\r\n<td><b><i class=\"text-danger\">To put lipstick on a pig.<\/i><\/b><\/td>\r\n<\/tr>\r\n<tr class=\"table-info\">\r\n<td><b><i class=\"text-danger\">Das Pferd von hinten aufz\u00e4umen.<\/i><\/b><\/td>\r\n<td><b><i class=\"text-danger\">To put the cart before the horse.<\/i><\/b><\/td>\r\n<\/tr>\r\n<\/tbody>\r\n<\/table><\/div>\r\n<!-- Modal footer -->\r\n<div class=\"modal-footer\"><button class=\"btn btn-danger\" type=\"button\" data-dismiss=\"modal\">Close<\/button><\/div>\r\n<\/div>\r\n<\/div>\r\n<\/div>\r\n<\/div>\r\n<\/div>\r\n\r\n\r\n<hr>\r\n<button id=\"submitButton\" class=\"btn-lg btn-primary \" type=\"submit\" value=\"submit\">Pr\u00fcfen<\/button><button id=\"resetButton\" class=\"btn-lg btn-success\" type=\"submit\" onclick=\"refreshPage()\">Neustart<\/button><button id=\"submitButton\" class=\"btn-lg btn-info\" type=\"submit\" value=\"submit\" data-toggle=\"modal\" data-target=\"#myModal\">Tipp<\/button>\r\n\r\n<p id=\"result\"><\/p>\r\n<p id=\"result2\"><\/p>\r\n<hr>\r\n\r\n<h3>Alle \u00dcbungen idiomatische  Redewendungen &#8211; Sprichw\u00f6rter &#8211; Deutsch\/Englisch:<\/h3>\r\n\r\n<hr>\r\n\r\n<div id=\"bellows-main-80\" class=\"bellows bellows-nojs bellows-main bellows-source-menu bellows-align-full bellows-skin-vanilla bellows-type-\"><ul id=\"menu-idioms\" class=\"bellows-nav\" data-bellows-config=\"main\"><li id=\"menu-item-10538\" class=\"bellows-menu-item bellows-menu-item-type-post_type bellows-menu-item-object-page bellows-menu-item-10538 bellows-item-level-0\"><a  href=\"https:\/\/english-munich.de\/training\/idiomatische-redewendungen-sprichwoerter-englisch-uebungen-tiere\/\" class=\"bellows-target\"><span class=\"bellows-target-title bellows-target-text\">\u2611\ufe0fSprichw\u00f6rter &#8211; Redewendungen &#8211; Tiere<\/span><\/a><\/li>\n<li id=\"menu-item-10558\" class=\"bellows-menu-item bellows-menu-item-type-post_type bellows-menu-item-object-page bellows-menu-item-10558 bellows-item-level-0\"><a  href=\"https:\/\/english-munich.de\/training\/idiomatische-redewendungen-sprichwoerter-englisch-uebungen-tiere-2\/\" class=\"bellows-target\"><span class=\"bellows-target-title bellows-target-text\">\u2611\ufe0fRedewendungen &#8211; Sprichw\u00f6rter \u2013 Tiere II<\/span><\/a><\/li>\n<li id=\"menu-item-10567\" class=\"bellows-menu-item bellows-menu-item-type-post_type bellows-menu-item-object-page bellows-menu-item-10567 bellows-item-level-0\"><a  href=\"https:\/\/english-munich.de\/training\/idiomatische-redewendungen-sprichwoerter-englisch-uebungen-tiere-iii\/\" class=\"bellows-target\"><span class=\"bellows-target-title bellows-target-text\">\u2611\ufe0fRedewendungen &#8211; Sprichw\u00f6rter \u2013 Tiere III<\/span><\/a><\/li>\n<li id=\"menu-item-10581\" class=\"bellows-menu-item bellows-menu-item-type-post_type bellows-menu-item-object-page bellows-menu-item-10581 bellows-item-level-0\"><a  href=\"https:\/\/english-munich.de\/training\/idiomatische-redewendungen-sprichwoerter-englisch-uebungen-tiere-3\/\" class=\"bellows-target\"><span class=\"bellows-target-title bellows-target-text\">\u2611\ufe0fRedewendungen &#8211; Sprichw\u00f6rter \u2013 Tiere IV<\/span><\/a><\/li>\n<li id=\"menu-item-10595\" class=\"bellows-menu-item bellows-menu-item-type-post_type bellows-menu-item-object-page bellows-menu-item-10595 bellows-item-level-0\"><a  href=\"https:\/\/english-munich.de\/training\/idiomatische-redewendungen-sprichwoerter-englisch-uebungen-tiere-4\/\" class=\"bellows-target\"><span class=\"bellows-target-title bellows-target-text\">\u2611\ufe0fRedewendungen &#8211; Sprichw\u00f6rter \u2013 Tiere V<\/span><\/a><\/li>\n<li id=\"menu-item-10606\" class=\"bellows-menu-item bellows-menu-item-type-post_type bellows-menu-item-object-page bellows-menu-item-10606 bellows-item-level-0\"><a  href=\"https:\/\/english-munich.de\/training\/idiomatische-redewendungen-sprichwoerter-englisch-uebungen-tiere-5\/\" class=\"bellows-target\"><span class=\"bellows-target-title bellows-target-text\">\u2611\ufe0fRedewendungen &#8211; Sprichw\u00f6rter \u2013 Tiere VI<\/span><\/a><\/li>\n<li id=\"menu-item-10692\" class=\"bellows-menu-item bellows-menu-item-type-post_type bellows-menu-item-object-page bellows-menu-item-10692 bellows-item-level-0\"><a  href=\"https:\/\/english-munich.de\/training\/kreuzwortraestel-redewendungen-tiere-englisch\/\" class=\"bellows-target\"><span class=\"bellows-target-title bellows-target-text\">\ud83d\udd33Kreuzwortr\u00e4stel \u2013 Redewendungen \u2013 Tiere \u2013 Englisch<\/span><\/a><\/li>\n<li id=\"menu-item-10691\" class=\"bellows-menu-item bellows-menu-item-type-post_type bellows-menu-item-object-page bellows-menu-item-10691 bellows-item-level-0\"><a  href=\"https:\/\/english-munich.de\/training\/kreuzwortraestel-redewendungen-tiere-englisch-ii\/\" class=\"bellows-target\"><span class=\"bellows-target-title bellows-target-text\">\ud83d\udd33Kreuzwortr\u00e4stel \u2013 Redewendungen \u2013 Tiere \u2013 Englisch II<\/span><\/a><\/li>\n<li id=\"menu-item-10690\" class=\"bellows-menu-item bellows-menu-item-type-post_type bellows-menu-item-object-page bellows-menu-item-10690 bellows-item-level-0\"><a  href=\"https:\/\/english-munich.de\/training\/kreuzwortraestel-redewendungen-tiere-englisch-iii\/\" class=\"bellows-target\"><span class=\"bellows-target-title bellows-target-text\">\ud83d\udd33Kreuzwortr\u00e4stel \u2013 Redewendungen \u2013 Tiere \u2013 Englisch III<\/span><\/a><\/li>\n<li id=\"menu-item-10611\" class=\"bellows-menu-item bellows-menu-item-type-post_type bellows-menu-item-object-page bellows-menu-item-10611 bellows-item-level-0\"><a  href=\"https:\/\/english-munich.de\/training\/matching-game-idiomatische-redewendungen-sprichwoerter-tiere\/\" class=\"bellows-target\"><span class=\"bellows-target-title bellows-target-text\">\ud83e\udde6Matching game \u2013 Redewendungen  \/ Sprichw\u00f6rter \u2013 Tiere<\/span><\/a><\/li>\n<li id=\"menu-item-10628\" class=\"bellows-menu-item bellows-menu-item-type-post_type bellows-menu-item-object-page bellows-menu-item-10628 bellows-item-level-0\"><a  href=\"https:\/\/english-munich.de\/training\/idiomatische-redewendungen-sprichwoerter-englisch-uebungen-werkzeuge\/\" class=\"bellows-target\"><span class=\"bellows-target-title bellows-target-text\">\u2611\ufe0fRedewendungen &#8211; Sprichw\u00f6rter \u2013 Werkzeuge I<\/span><\/a><\/li>\n<li id=\"menu-item-10637\" class=\"bellows-menu-item bellows-menu-item-type-post_type bellows-menu-item-object-page bellows-menu-item-10637 bellows-item-level-0\"><a  href=\"https:\/\/english-munich.de\/training\/idiomatische-redewendungen-sprichwoerter-englisch-uebungen-werkzeuge-2\/\" class=\"bellows-target\"><span class=\"bellows-target-title bellows-target-text\">\u2611\ufe0fRedewendungen &#8211; Sprichw\u00f6rter \u2013 Werkzeuge II<\/span><\/a><\/li>\n<li id=\"menu-item-10652\" class=\"bellows-menu-item bellows-menu-item-type-post_type bellows-menu-item-object-page bellows-menu-item-10652 bellows-item-level-0\"><a  href=\"https:\/\/english-munich.de\/training\/idiomatische-redewendungen-sprichwoerter-englisch-uebungen-werkzeuge-3\/\" class=\"bellows-target\"><span class=\"bellows-target-title bellows-target-text\">\u2611\ufe0fRedewendungen &#8211; Sprichw\u00f6rter \u2013 Werkzeuge III<\/span><\/a><\/li>\n<li id=\"menu-item-10672\" class=\"bellows-menu-item bellows-menu-item-type-post_type bellows-menu-item-object-page bellows-menu-item-10672 bellows-item-level-0\"><a  href=\"https:\/\/english-munich.de\/training\/idiomatische-redewendungen-sprichwoerter-englisch-uebungen-werkzeuge-4\/\" class=\"bellows-target\"><span class=\"bellows-target-title bellows-target-text\">\u2611\ufe0fRedewendungen &#8211; Sprichw\u00f6rter \u2013 Werkzeuge IV<\/span><\/a><\/li>\n<li id=\"menu-item-10722\" class=\"bellows-menu-item bellows-menu-item-type-post_type bellows-menu-item-object-page bellows-menu-item-10722 bellows-item-level-0\"><a  href=\"https:\/\/english-munich.de\/training\/idiomatische-redewendungen-sprichwoerter-englisch-uebungen-werkzeuge-5\/\" class=\"bellows-target\"><span class=\"bellows-target-title bellows-target-text\">\u2611\ufe0fRedewendungen &#8211; Sprichw\u00f6rter \u2013 Werkzeuge V<\/span><\/a><\/li>\n<li id=\"menu-item-10735\" class=\"bellows-menu-item bellows-menu-item-type-post_type bellows-menu-item-object-page bellows-menu-item-10735 bellows-item-level-0\"><a  href=\"https:\/\/english-munich.de\/training\/idiomatische-redewendungen-sprichwoerter-englisch-uebungen-werkzeuge-6\/\" class=\"bellows-target\"><span class=\"bellows-target-title bellows-target-text\">\u2611\ufe0fRedewendungen &#8211; Sprichw\u00f6rter \u2013 Werkzeuge VI<\/span><\/a><\/li>\n<li id=\"menu-item-10749\" class=\"bellows-menu-item bellows-menu-item-type-post_type bellows-menu-item-object-page bellows-menu-item-10749 bellows-item-level-0\"><a  href=\"https:\/\/english-munich.de\/training\/kreuzwortraestel-redewendungen-werkzeuge-englisch-3\/\" class=\"bellows-target\"><span class=\"bellows-target-title bellows-target-text\">\ud83d\udd33Kreuzwortr\u00e4stel \u2013 Redewendungen &#8211; Werkzeuge \u2013 Englisch<\/span><\/a><\/li>\n<li id=\"menu-item-10750\" class=\"bellows-menu-item bellows-menu-item-type-post_type bellows-menu-item-object-page bellows-menu-item-10750 bellows-item-level-0\"><a  href=\"https:\/\/english-munich.de\/training\/kreuzwortraestel-redewendungen-werkzeuge-englisch-2\/\" class=\"bellows-target\"><span class=\"bellows-target-title bellows-target-text\">\ud83d\udd33Kreuzwortr\u00e4stel \u2013 Redewendungen &#8211; Werkzeuge \u2013 Englisch II<\/span><\/a><\/li>\n<li id=\"menu-item-10751\" class=\"bellows-menu-item bellows-menu-item-type-post_type bellows-menu-item-object-page bellows-menu-item-10751 bellows-item-level-0\"><a  href=\"https:\/\/english-munich.de\/training\/kreuzwortraestel-redewendungen-werkzeuge-englisch\/\" class=\"bellows-target\"><span class=\"bellows-target-title bellows-target-text\">\ud83d\udd33Kreuzwortr\u00e4stel \u2013 Redewendungen &#8211; Werkzeuge \u2013 Englisch III<\/span><\/a><\/li>\n<li id=\"menu-item-10785\" class=\"bellows-menu-item bellows-menu-item-type-post_type bellows-menu-item-object-page bellows-menu-item-10785 bellows-item-level-0\"><a  href=\"https:\/\/english-munich.de\/training\/matching-game-idiomatische-redewendungen-sprichwoerter-werkzeug\/\" class=\"bellows-target\"><span class=\"bellows-target-title bellows-target-text\">\ud83e\udde6Matching game \u2013 Redewendungen  \/ Sprichw\u00f6rter \u2013 Werkzeug<\/span><\/a><\/li>\n<\/ul><\/div>\r\n\r\n<\/div>\r\n","protected":false},"excerpt":{"rendered":"idioms &#8211; Englisch &#8211; Sprichw\u00f6rter Englisch &#8211; Aufgaben idiomatische Redewendungen &#8211; \u00dcbungen &#8211; Tiere Beispiel Man muss jemandem etwas g\u00f6nnen: \u24ffYou have to give the &nbsp;&nbsp; don&#8217;t did dog doesn&#8217;t did a bone. Die richtige L\u00f6sung ist: &#8222;dog&#8220;&nbsp;&nbsp;Tipp \u2611\ufe0f W\u00e4hle die richtige Option, mit dem richtigen Tier, um die Redewendung auf Englisch zu erg\u00e4nzen: In [&hellip;]","protected":false},"author":3,"featured_media":0,"parent":0,"menu_order":0,"comment_status":"closed","ping_status":"closed","template":"","meta":[],"_links":{"self":[{"href":"https:\/\/english-munich.de\/training\/wp-json\/wp\/v2\/pages\/10559"}],"collection":[{"href":"https:\/\/english-munich.de\/training\/wp-json\/wp\/v2\/pages"}],"about":[{"href":"https:\/\/english-munich.de\/training\/wp-json\/wp\/v2\/types\/page"}],"author":[{"embeddable":true,"href":"https:\/\/english-munich.de\/training\/wp-json\/wp\/v2\/users\/3"}],"replies":[{"embeddable":true,"href":"https:\/\/english-munich.de\/training\/wp-json\/wp\/v2\/comments?post=10559"}],"version-history":[{"count":6,"href":"https:\/\/english-munich.de\/training\/wp-json\/wp\/v2\/pages\/10559\/revisions"}],"predecessor-version":[{"id":10659,"href":"https:\/\/english-munich.de\/training\/wp-json\/wp\/v2\/pages\/10559\/revisions\/10659"}],"wp:attachment":[{"href":"https:\/\/english-munich.de\/training\/wp-json\/wp\/v2\/media?parent=10559"}],"curies":[{"name":"wp","href":"https:\/\/api.w.org\/{rel}","templated":true}]}}