{"id":10547,"date":"2022-01-31T11:37:59","date_gmt":"2022-01-31T11:37:59","guid":{"rendered":"https:\/\/english-munich.de\/training\/?page_id=10547"},"modified":"2022-02-08T20:52:14","modified_gmt":"2022-02-08T20:52:14","slug":"idiomatische-redewendungen-sprichwoerter-englisch-uebungen-tiere-2","status":"publish","type":"page","link":"https:\/\/english-munich.de\/training\/idiomatische-redewendungen-sprichwoerter-englisch-uebungen-tiere-2\/","title":{"rendered":"idiomatische Redewendungen &#8211; Sprichw\u00f6rter Englisch &#8211; \u00dcbungen &#8211; Tiere"},"content":{"rendered":"<div class=\"jumbotron text-center\">\r\n<h2>idioms &#8211; Englisch &#8211; Sprichw\u00f6rter Englisch &#8211; Aufgaben<\/h2>\r\nidiomatische Redewendungen  &#8211; \u00dcbungen &#8211; Tiere\r\n\r\n<\/div>\r\n<div class=\"bs-example\">\r\n<div id=\"accordionExample\" class=\"accordion\">\r\n<div class=\"card\">\r\n<div id=\"headingOne\" class=\"card-header\">\r\n<h2 class=\"mb-0\" style=\"color: #000;\"><button class=\"btn btn-link collapsed\" type=\"button\" data-toggle=\"collapse\" data-target=\"#collapseOne\">Beispiel<\/button><\/h2>\r\n<\/div>\r\n<div id=\"collapseOne\" class=\"collapse\" aria-labelledby=\"headingOne\" data-parent=\"#accordionExample\">\r\n<div class=\"card-body\"><div><b>Man muss jemandem etwas g\u00f6nnen:<\/b><\/div><br \/>\r\n<div class=\"form-inline\"><div class=\"row\"><div><label for=\"sel1\"><span class=\"number\">\u24ff<\/span>You have to give the  <\/div>&nbsp;&nbsp;<div><select id=\"beispiel\" class=\"form-control\">\r\n<option value=\"wrong\">don&#8217;t did<\/option>\r\n<option value=\"correct\">dog<\/option>\r\n<option value=\"wrong\">doesn&#8217;t did<\/option>\r\n<\/select><\/label> a bone.<\/div><\/div><\/div><br \/>\r\n\r\nDie richtige L\u00f6sung ist: <b>&#8222;dog&#8220;<\/b>&nbsp;&nbsp;<button class=\"btn-lg btn-info\" type=\"button\" value=\"submit\" data-toggle=\"modal\" data-target=\"#myModal\">Tipp<\/button>\r\n\r\n\r\n<\/div>\r\n<\/div>\r\n<\/div>\r\n<\/div>\r\n<br \/><br \/>\r\n<div class=\"container well\">\r\n<h4>\u2611\ufe0f W\u00e4hle die richtige Option, mit dem richtigen Tier, um die Redewendung auf Englisch zu erg\u00e4nzen:<\/h4>\r\n\r\n<hr>\r\n\r\n<br \/>\r\n<div class=\"container-fluid\">\r\n<div><b>Zwei Fliegen mit einer Klappe schlagen:<\/b><\/div><br \/>\r\n<div class=\"form-inline\"><div class=\"row\"><div><label for=\"sel1\"><span class=\"number\">\u2776<\/span>Kill two \r\n <\/div>&nbsp;&nbsp; <div> <select id=\"q0\" class=\"form-control\">\r\n<option value=\"wrong\"><\/option>\r\n<option value=\"wrong\"> flies <\/option>\r\n<option value=\"correct\"> birds <\/option>\r\n<option value=\"wrong\"> rats <\/option>\r\n<\/select><\/label>  with one stone. <\/div><\/div><\/div><br \/>\r\n<p id=\"correct0\" align=\"left\"><\/p>\r\n<a class=\"btn btn-success tipp0 hidden\" style=\"text-decoration: none, color:white;\" title=\"Kill two birds with one stone.\" href=\"#0\" data-toggle=\"popover\"  data-placement=\"top\" data-trigger=\"hover\" data-content=\" 'Kill to birds with one stone.' \u2794  'Zwei Fliegen mit einer Klappe schlagen.'\">Tipp<\/a>\r\n\r\n\r\n<div><b>Wenn die Katze aus dem Haus ist, tanzen die M\u00e4use:<\/b><\/div><br \/>\r\n<div class=\"form-inline\"><div class=\"row\"><div><label for=\"sel1\"><span class=\"number\">\u2777<\/span> When the  cat&#8217;s away the<\/div>&nbsp;&nbsp; <div><select id=\"q1\" class=\"form-control\">\r\n<option value=\"wrong\"><\/option>\r\n<option value=\"wrong\"> elephants<\/option>\r\n<option value=\"wrong\"> dogs <\/option>\r\n<option value=\"correct\"> mice <\/option>\r\n<\/select> will play.<\/label><\/div><\/div><\/div><br \/>\r\n\r\n<p id=\"correct1\" align=\"left\"><\/p>\r\n<a class=\"btn btn-success tipp1 hidden\" style=\"text-decoration: none, color:white;\" title=\"When the cat's away the mice will play.\" href=\"#1\" data-toggle=\"popover\" data-placement=\"top\" data-trigger=\"hover\" data-content=\"'When the cat's away the mice will play.' \u2794  'Wenn die Katze aus dem Haus ist, tanzen die M\u00e4use.' Die Redewendung (Sprichwort) ist auf Englisch und Deutsch identisch.\">Tipp<\/a>\r\n<div><b>An der falschen Adresse sein:<\/b><\/div><br \/>\r\n<div class=\"form-inline\"><div class=\"row\"><div><label for=\"sel1\"><span class=\"number\">\u2778<\/span> \r\n<\/div> &nbsp;&nbsp; <div> To bark up the wrong <select id=\"q2\" class=\"form-control\">\r\n<option value=\"wrong\"><\/option>\r\n<option value=\"wrong\"> fire hydrant <\/option>\r\n<option value=\"correct\"> tree <\/option>\r\n<option value=\"wrong\"> traffic light <\/option>\r\n<\/select>.<\/label><\/div><\/div><\/div><br \/>\r\n\r\n<p id=\"correct2\" align=\"left\"><\/p>\r\n<a class=\"btn btn-success tipp2 hidden\" style=\"text-decoration: none, color:white;\" title=\"To bark up the wrong tree.\" href=\"#2\" data-toggle=\"popover\" data-placement=\"top\" data-trigger=\"hover\" data-content=\"'To bark up the wrong tree.' \u2794  'An der falschen Adresse sein.' W\u00f6rtlich: den falschen Baum anbellen.\">Tipp<\/a>\r\n\r\n<div><b>Der Spatz in der Hand ist besser als die Taube auf dem Dach:<\/b><\/div><br \/>\r\n<div class=\"form-inline\"><div class=\"row\"><div><label for=\"sel1\"><span class=\"number\">\u2779<\/span>One  <\/div>&nbsp;&nbsp;<div><select id=\"q3\" class=\"form-control\">\r\n<option value=\"wrong\"><\/option>\r\n<option value=\"wrong\"> cat <\/option>\r\n<option value=\"correct\"> bird <\/option>\r\n<option value=\"wrong\"> rat <\/option>\r\n<\/select><\/label> in hand is worth two in the bush.<\/div><\/div><\/div><br \/>\r\n\r\n<p id=\"correct3\" align=\"left\"><\/p>\r\n<a class=\"btn btn-success tipp3 hidden\" style=\"text-decoration: none, color:white;\" title=\"One bird in hand is worth two in the bush.\" href=\"#3\" data-toggle=\"popover\" data-placement=\"top\" data-trigger=\"hover\" data-content=\"'One bird in hand is worth two in the bush.' \u2794  'Der Spatz in der Hand ist besser als die Taube auf dem Dach.' Auch hier sind die Sprichw\u00f6rter(Redewendungen) auf Deutsch und auf Englisch \u00e4hnlich.\">Tipp<\/a>\r\n\r\n<div><b>Blind sein wie ein Maulwurf:<\/b><\/div><br \/>\r\n<div class=\"form-inline\"><div class=\"row\"><div><label for=\"sel1\"><span class=\"number\">\u277a<\/span> I&#8217;m getting blind as a <\/div>&nbsp;&nbsp; <div><select id=\"q4\" class=\"form-control\">\r\n<option value=\"wrong\"><\/option>\r\n<option value=\"wrong\"> mole <\/option>\r\n<option value=\"correct\"> bat <\/option>\r\n<option value=\"wrong\"> weasel <\/option>\r\n<\/select><\/label>. I need glasses.<\/div><\/div><\/div><br \/>\r\n\r\n<p id=\"correct4\" align=\"left\"><\/p>\r\n<a class=\"btn btn-success tipp4 hidden\" style=\"text-decoration: none, color:white;\" title=\"To be as blind as a bat.\" href=\"#4\" data-toggle=\"popover\" data-placement=\"top\" data-trigger=\"hover\" data-content=\"'To be as blind as a bat.' \u2794  'Blind wie ein Mauwurf sein'. \">Tipp<\/a>\r\n\r\n<div><b>Sich ins Hemd machen (vor Angst):<\/b><\/div><br \/>\r\n<div class=\"form-inline\"><div class=\"row\"><div><label for=\"sel1\"><span class=\"number\">\u277b<\/span>Don&#8217;t    <\/div>&nbsp;&nbsp; <div><select id=\"q5\" class=\"form-control\">\r\n<option value=\"wrong\"><\/option>\r\n<option value=\"wrong\"> bat <\/option>\r\n<option value=\"wrong\"> weasel <\/option>\r\n<option value=\"correct\"> chicken <\/option>\r\n<\/select> out just yet. It&#8217;s half as bad.<\/label><\/div><\/div><\/div><br \/>\r\n<p id=\"correct5\" align=\"left\"><\/p>\r\n<a class=\"btn btn-success tipp5 hidden\" style=\"text-decoration: none, color:white;\" title=\"To chicken out.\" href=\"#5\" data-toggle=\"popover\" data-placement=\"top\" data-trigger=\"hover\" data-content=\"'To chicken out.' \u2794  'Sich vor Angst in die Hose machen'.\">Tipp<\/a>\r\n\r\n<div><b>Vergebene Liebesm\u00fch sein:<\/b><\/div><br \/>\r\n<div class=\"form-inline\"><div class=\"row\"><div><label for=\"sel1\"><span class=\"number\">\u277c<\/span> This project is like flogging a dead  <\/div>&nbsp;&nbsp; <div><select id=\"q6\" class=\"form-control\">\r\n<option value=\"wrong\"><\/option>\r\n<option value=\"correct\"> horse <\/option>\r\n<option value=\"wrong\"> whale <\/option>\r\n<option value=\"wrong\"> donkey <\/option>\r\n<\/select> .<\/label><\/div><\/div><\/div><br \/>\r\n<p id=\"correct6\" align=\"left\"><\/p>\r\n<a class=\"btn btn-success tipp6 hidden\" style=\"text-decoration: none, color:white;\" title=\"To flog a dead horse.\" href=\"#6\" data-toggle=\"popover\" data-placement=\"top\" data-trigger=\"hover\" data-content=\"'To flog a dead horse.' (W\u00f6rtlich: ein totes Pferd peitschen.)\u2794  'Vergebene Liebesm\u00fch sein'. \">Tipp<\/a>\r\n\r\n<div><b>Stockstur sein:<\/b><\/div><br \/>\r\n<div class=\"form-inline\"><div class=\"row\"><div><label for=\"sel1\"><span class=\"number\">\u277d<\/span> Don&#8217;t be  so <\/div>&nbsp;&nbsp; <div><select id=\"q7\" class=\"form-control\">\r\n<option value=\"wrong\"><\/option>\r\n<option value=\"wrong\"> donkey-headed <\/option>\r\n<option value=\"wrong\"> horse-headed <\/option>\r\n<option value=\"correct\"> pig-headed <\/option>\r\n<\/select> . Sometimes you have to compromise.<\/label><\/div><\/div><\/div><br \/>\r\n<p id=\"correct7\" align=\"left\"><\/p>\r\n<a class=\"btn btn-success tipp7 hidden\" style=\"text-decoration: none, color:white;\" title=\"To be pig-headed.\" href=\"#7\" data-toggle=\"popover\" data-placement=\"top\" data-trigger=\"hover\" data-content=\"'To be pig-headed.' \u2794  'Stockstur sein'.\">Tipp<\/a>\r\n\r\n<div><b>Perlen vor die S\u00e4ue werfen:<\/b><\/div><br \/>\r\n<div class=\"form-inline\"><div class=\"row\"><div><label for=\"sel1\"><span class=\"number\">\u277e<\/span> I&#8217;m not showing you my new painting. It&#8217;s like throwing pearls before the <\/div>&nbsp;&nbsp; <div><select id=\"q8\" class=\"form-control\">\r\n<option value=\"wrong\"><\/option>\r\n<option value=\"correct\"> swine <\/option>\r\n<option value=\"wrong\"> apes <\/option>\r\n<option value=\"wrong\"> dogs <\/option>\r\n<\/select> .<\/label><\/div><\/div><\/div><br \/>\r\n<p id=\"correct8\" align=\"left\"><\/p>\r\n<a class=\"btn btn-success tipp8 hidden\" style=\"text-decoration: none, color:white;\" title=\"To throw pearls before the swine.\" href=\"#8\" data-toggle=\"popover\" data-placement=\"top\" data-trigger=\"hover\" data-content=\"'To throw pearls before the swine.' \u2794  'Perlen vor die S\u00e4ue werfen.'\">Tipp<\/a>\r\n\r\n<div><b>Mach langsam, immer mit der Ruhe:<\/b><\/div><br \/>\r\n<div class=\"form-inline\"><div class=\"row\"><div><label for=\"sel1\"><span class=\"number\">\u277f<\/span> Hold your  <\/div>&nbsp;&nbsp; <div><select id=\"q9\" class=\"form-control\">\r\n<option value=\"wrong\"><\/option>\r\n<option value=\"wrong\"> cats <\/option>\r\n<option value=\"wrong\"> dogs <\/option>\r\n<option value=\"correct\"> horses <\/option>\r\n<\/select> . Only fools rush in.<\/label><\/div><\/div><\/div><br \/>\r\n<p id=\"correct9\" align=\"left\"><\/p>\r\n<a class=\"btn btn-success tipp9 hidden\" style=\"text-decoration: none, color:white;\" title=\"Hold your horses.\" href=\"#9\" data-toggle=\"popover\" data-placement=\"top\" data-trigger=\"hover\" data-content=\"'Hold your horses.' \u2794 'Halblang machen. Immer mit der Ruhe.'\">Tipp<\/a>\r\n\r\n\r\n<\/div>\r\n<div class=\"container\">\r\n\r\n<!-- The Modal -->\r\n<div id=\"myModal\" class=\"modal\">\r\n<div class=\"modal-dialog\">\r\n<div class=\"modal-content\">\r\n\r\n<!-- Modal Header -->\r\n<div class=\"modal-header\">\r\n<h4 class=\"modal-title\">Sprichw\u00f6rter &#8211; idiomatische Redewendungen &#8211; Deutsch\/Englisch &#8211; Tiere<\/h4>\r\n<button class=\"close\" type=\"button\" data-dismiss=\"modal\">\u00d7<\/button>\r\n\r\n<\/div>\r\n<!-- Modal body -->\r\n<div class=\"modal-body\"><table class=\"table table-bordered table-sm table-hover\">\r\n<thead>\r\n<tr class=\"table-danger\">\r\n<th colspan=\"2\">Sprichw\u00f6rter &#8211; idiomatische Redewendungen &#8211; Deutsch\/Englisch &#8211; Tiere<\/th>\r\n<\/tr>\r\n<\/thead>\r\n<tbody>\r\n\r\n<tr class=\"table-primary\">\r\n<td><b>Deutsch<\/b><\/td>\r\n<td><b>Englisch<\/b><\/td>\r\n\r\n<tr class=\"table-info\">\r\n<td><b><i class=\"text-danger\">Zwei Fliegen mit einer Klappe schlagen:<\/i><\/b><\/td>\r\n<td><b><i class=\"text-danger\">To kill two birds with one stone.<\/i><\/b><\/td>\r\n\r\n<\/tr>\r\n<tr class=\"table-info\">\r\n<td><b><i class=\"text-danger\">Wenn die Katze aus dem Haus ist, tanzen die M\u00e4use. <\/i> <\/b><\/td>\r\n<td><b><i class=\"text-danger\">When the cat&#8217;s away the mice will play.<\/i> <\/b><\/td>\r\n<\/tr>\r\n<tr class=\"table-info\">\r\n<td><b><i class=\"text-danger\">An der falschen Adresse sein.<\/i><\/b><\/td>\r\n<td><b><i class=\"text-danger\">To bark up the wrong tree.<\/i><\/b><\/td>\r\n<\/tr>\r\n<tr class=\"table-info\">\r\n<td><b><i class=\"text-danger\">Der Spatz in der Hand ist besser als die Taube auf dem Dach.<\/i><\/b><\/td>\r\n<td><b><i class=\"text-danger\">One bird in hand is worth two in the bush.<\/i><\/b><\/td>\r\n<\/tr>\r\n<tr class=\"table-info\">\r\n<td><b><i class=\"text-danger\">Blind sein wie ein Maulwurf.<\/i><\/b><\/td>\r\n<td><b><i class=\"text-danger\">To be as blind as a bat.<\/i><\/b><\/td>\r\n<\/tr>\r\n<tr class=\"table-info\">\r\n<td><b><i class=\"text-danger\">Sich ins Hemd machen (vor Angst).<\/i><\/b><\/td>\r\n<td><b><i class=\"text-danger\">To chicken out.<\/i><\/b><\/td>\r\n<\/tr>\r\n<tr class=\"table-info\">\r\n<td><b><i class=\"text-danger\">Vergebene Liebesm\u00fch sein.<\/i><\/b><\/td>\r\n<td><b><i class=\"text-danger\">To flog a dead horse.<\/i><\/b><\/td>\r\n<\/tr>\r\n<tr class=\"table-info\">\r\n<td><b><i class=\"text-danger\">Stockstur sein.<\/i><\/b><\/td>\r\n<td><b><i class=\"text-danger\">To be pig headed.<\/i><\/b><\/td>\r\n<\/tr>\r\n<tr class=\"table-info\">\r\n<td><b><i class=\"text-danger\">Perlen vor die S\u00e4ue werfen.<\/i><\/b><\/td>\r\n<td><b><i class=\"text-danger\">To throw pearls before the swine.<\/i><\/b><\/td>\r\n<\/tr>\r\n<tr class=\"table-info\">\r\n<td><b><i class=\"text-danger\">Mach langsam, immer mit der Ruhe.<\/i><\/b><\/td>\r\n<td><b><i class=\"text-danger\">Hold your horses.<\/i><\/b><\/td>\r\n<\/tr>\r\n<\/tbody>\r\n<\/table><\/div>\r\n<!-- Modal footer -->\r\n<div class=\"modal-footer\"><button class=\"btn btn-danger\" type=\"button\" data-dismiss=\"modal\">Close<\/button><\/div>\r\n<\/div>\r\n<\/div>\r\n<\/div>\r\n<\/div>\r\n<\/div>\r\n\r\n\r\n<hr>\r\n<button id=\"submitButton\" class=\"btn-lg btn-primary \" type=\"submit\" value=\"submit\">Pr\u00fcfen<\/button><button id=\"resetButton\" class=\"btn-lg btn-success\" type=\"submit\" onclick=\"refreshPage()\">Neustart<\/button><button id=\"submitButton\" class=\"btn-lg btn-info\" type=\"submit\" value=\"submit\" data-toggle=\"modal\" data-target=\"#myModal\">Tipp<\/button>\r\n\r\n<p id=\"result\"><\/p>\r\n<p id=\"result2\"><\/p>\r\n<hr>\r\n\r\n<h3>Alle \u00dcbungen idiomatische  Redewendungen &#8211; Sprichw\u00f6rter &#8211; Deutsch\/Englisch:<\/h3>\r\n\r\n<hr>\r\n\r\n<div id=\"bellows-main-80\" class=\"bellows bellows-nojs bellows-main bellows-source-menu bellows-align-full bellows-skin-vanilla bellows-type-\"><ul id=\"menu-idioms\" class=\"bellows-nav\" data-bellows-config=\"main\"><li id=\"menu-item-10538\" class=\"bellows-menu-item bellows-menu-item-type-post_type bellows-menu-item-object-page bellows-menu-item-10538 bellows-item-level-0\"><a  href=\"https:\/\/english-munich.de\/training\/idiomatische-redewendungen-sprichwoerter-englisch-uebungen-tiere\/\" class=\"bellows-target\"><span class=\"bellows-target-title bellows-target-text\">\u2611\ufe0fSprichw\u00f6rter &#8211; Redewendungen &#8211; Tiere<\/span><\/a><\/li>\n<li id=\"menu-item-10558\" class=\"bellows-menu-item bellows-menu-item-type-post_type bellows-menu-item-object-page bellows-menu-item-10558 bellows-item-level-0\"><a  href=\"https:\/\/english-munich.de\/training\/idiomatische-redewendungen-sprichwoerter-englisch-uebungen-tiere-2\/\" class=\"bellows-target\"><span class=\"bellows-target-title bellows-target-text\">\u2611\ufe0fRedewendungen &#8211; Sprichw\u00f6rter \u2013 Tiere II<\/span><\/a><\/li>\n<li id=\"menu-item-10567\" class=\"bellows-menu-item bellows-menu-item-type-post_type bellows-menu-item-object-page bellows-menu-item-10567 bellows-item-level-0\"><a  href=\"https:\/\/english-munich.de\/training\/idiomatische-redewendungen-sprichwoerter-englisch-uebungen-tiere-iii\/\" class=\"bellows-target\"><span class=\"bellows-target-title bellows-target-text\">\u2611\ufe0fRedewendungen &#8211; Sprichw\u00f6rter \u2013 Tiere III<\/span><\/a><\/li>\n<li id=\"menu-item-10581\" class=\"bellows-menu-item bellows-menu-item-type-post_type bellows-menu-item-object-page bellows-menu-item-10581 bellows-item-level-0\"><a  href=\"https:\/\/english-munich.de\/training\/idiomatische-redewendungen-sprichwoerter-englisch-uebungen-tiere-3\/\" class=\"bellows-target\"><span class=\"bellows-target-title bellows-target-text\">\u2611\ufe0fRedewendungen &#8211; Sprichw\u00f6rter \u2013 Tiere IV<\/span><\/a><\/li>\n<li id=\"menu-item-10595\" class=\"bellows-menu-item bellows-menu-item-type-post_type bellows-menu-item-object-page bellows-menu-item-10595 bellows-item-level-0\"><a  href=\"https:\/\/english-munich.de\/training\/idiomatische-redewendungen-sprichwoerter-englisch-uebungen-tiere-4\/\" class=\"bellows-target\"><span class=\"bellows-target-title bellows-target-text\">\u2611\ufe0fRedewendungen &#8211; Sprichw\u00f6rter \u2013 Tiere V<\/span><\/a><\/li>\n<li id=\"menu-item-10606\" class=\"bellows-menu-item bellows-menu-item-type-post_type bellows-menu-item-object-page bellows-menu-item-10606 bellows-item-level-0\"><a  href=\"https:\/\/english-munich.de\/training\/idiomatische-redewendungen-sprichwoerter-englisch-uebungen-tiere-5\/\" class=\"bellows-target\"><span class=\"bellows-target-title bellows-target-text\">\u2611\ufe0fRedewendungen &#8211; Sprichw\u00f6rter \u2013 Tiere VI<\/span><\/a><\/li>\n<li id=\"menu-item-10692\" class=\"bellows-menu-item bellows-menu-item-type-post_type bellows-menu-item-object-page bellows-menu-item-10692 bellows-item-level-0\"><a  href=\"https:\/\/english-munich.de\/training\/kreuzwortraestel-redewendungen-tiere-englisch\/\" class=\"bellows-target\"><span class=\"bellows-target-title bellows-target-text\">\ud83d\udd33Kreuzwortr\u00e4stel \u2013 Redewendungen \u2013 Tiere \u2013 Englisch<\/span><\/a><\/li>\n<li id=\"menu-item-10691\" class=\"bellows-menu-item bellows-menu-item-type-post_type bellows-menu-item-object-page bellows-menu-item-10691 bellows-item-level-0\"><a  href=\"https:\/\/english-munich.de\/training\/kreuzwortraestel-redewendungen-tiere-englisch-ii\/\" class=\"bellows-target\"><span class=\"bellows-target-title bellows-target-text\">\ud83d\udd33Kreuzwortr\u00e4stel \u2013 Redewendungen \u2013 Tiere \u2013 Englisch II<\/span><\/a><\/li>\n<li id=\"menu-item-10690\" class=\"bellows-menu-item bellows-menu-item-type-post_type bellows-menu-item-object-page bellows-menu-item-10690 bellows-item-level-0\"><a  href=\"https:\/\/english-munich.de\/training\/kreuzwortraestel-redewendungen-tiere-englisch-iii\/\" class=\"bellows-target\"><span class=\"bellows-target-title bellows-target-text\">\ud83d\udd33Kreuzwortr\u00e4stel \u2013 Redewendungen \u2013 Tiere \u2013 Englisch III<\/span><\/a><\/li>\n<li id=\"menu-item-10611\" class=\"bellows-menu-item bellows-menu-item-type-post_type bellows-menu-item-object-page bellows-menu-item-10611 bellows-item-level-0\"><a  href=\"https:\/\/english-munich.de\/training\/matching-game-idiomatische-redewendungen-sprichwoerter-tiere\/\" class=\"bellows-target\"><span class=\"bellows-target-title bellows-target-text\">\ud83e\udde6Matching game \u2013 Redewendungen  \/ Sprichw\u00f6rter \u2013 Tiere<\/span><\/a><\/li>\n<li id=\"menu-item-10628\" class=\"bellows-menu-item bellows-menu-item-type-post_type bellows-menu-item-object-page bellows-menu-item-10628 bellows-item-level-0\"><a  href=\"https:\/\/english-munich.de\/training\/idiomatische-redewendungen-sprichwoerter-englisch-uebungen-werkzeuge\/\" class=\"bellows-target\"><span class=\"bellows-target-title bellows-target-text\">\u2611\ufe0fRedewendungen &#8211; Sprichw\u00f6rter \u2013 Werkzeuge I<\/span><\/a><\/li>\n<li id=\"menu-item-10637\" class=\"bellows-menu-item bellows-menu-item-type-post_type bellows-menu-item-object-page bellows-menu-item-10637 bellows-item-level-0\"><a  href=\"https:\/\/english-munich.de\/training\/idiomatische-redewendungen-sprichwoerter-englisch-uebungen-werkzeuge-2\/\" class=\"bellows-target\"><span class=\"bellows-target-title bellows-target-text\">\u2611\ufe0fRedewendungen &#8211; Sprichw\u00f6rter \u2013 Werkzeuge II<\/span><\/a><\/li>\n<li id=\"menu-item-10652\" class=\"bellows-menu-item bellows-menu-item-type-post_type bellows-menu-item-object-page bellows-menu-item-10652 bellows-item-level-0\"><a  href=\"https:\/\/english-munich.de\/training\/idiomatische-redewendungen-sprichwoerter-englisch-uebungen-werkzeuge-3\/\" class=\"bellows-target\"><span class=\"bellows-target-title bellows-target-text\">\u2611\ufe0fRedewendungen &#8211; Sprichw\u00f6rter \u2013 Werkzeuge III<\/span><\/a><\/li>\n<li id=\"menu-item-10672\" class=\"bellows-menu-item bellows-menu-item-type-post_type bellows-menu-item-object-page bellows-menu-item-10672 bellows-item-level-0\"><a  href=\"https:\/\/english-munich.de\/training\/idiomatische-redewendungen-sprichwoerter-englisch-uebungen-werkzeuge-4\/\" class=\"bellows-target\"><span class=\"bellows-target-title bellows-target-text\">\u2611\ufe0fRedewendungen &#8211; Sprichw\u00f6rter \u2013 Werkzeuge IV<\/span><\/a><\/li>\n<li id=\"menu-item-10722\" class=\"bellows-menu-item bellows-menu-item-type-post_type bellows-menu-item-object-page bellows-menu-item-10722 bellows-item-level-0\"><a  href=\"https:\/\/english-munich.de\/training\/idiomatische-redewendungen-sprichwoerter-englisch-uebungen-werkzeuge-5\/\" class=\"bellows-target\"><span class=\"bellows-target-title bellows-target-text\">\u2611\ufe0fRedewendungen &#8211; Sprichw\u00f6rter \u2013 Werkzeuge V<\/span><\/a><\/li>\n<li id=\"menu-item-10735\" class=\"bellows-menu-item bellows-menu-item-type-post_type bellows-menu-item-object-page bellows-menu-item-10735 bellows-item-level-0\"><a  href=\"https:\/\/english-munich.de\/training\/idiomatische-redewendungen-sprichwoerter-englisch-uebungen-werkzeuge-6\/\" class=\"bellows-target\"><span class=\"bellows-target-title bellows-target-text\">\u2611\ufe0fRedewendungen &#8211; Sprichw\u00f6rter \u2013 Werkzeuge VI<\/span><\/a><\/li>\n<li id=\"menu-item-10749\" class=\"bellows-menu-item bellows-menu-item-type-post_type bellows-menu-item-object-page bellows-menu-item-10749 bellows-item-level-0\"><a  href=\"https:\/\/english-munich.de\/training\/kreuzwortraestel-redewendungen-werkzeuge-englisch-3\/\" class=\"bellows-target\"><span class=\"bellows-target-title bellows-target-text\">\ud83d\udd33Kreuzwortr\u00e4stel \u2013 Redewendungen &#8211; Werkzeuge \u2013 Englisch<\/span><\/a><\/li>\n<li id=\"menu-item-10750\" class=\"bellows-menu-item bellows-menu-item-type-post_type bellows-menu-item-object-page bellows-menu-item-10750 bellows-item-level-0\"><a  href=\"https:\/\/english-munich.de\/training\/kreuzwortraestel-redewendungen-werkzeuge-englisch-2\/\" class=\"bellows-target\"><span class=\"bellows-target-title bellows-target-text\">\ud83d\udd33Kreuzwortr\u00e4stel \u2013 Redewendungen &#8211; Werkzeuge \u2013 Englisch II<\/span><\/a><\/li>\n<li id=\"menu-item-10751\" class=\"bellows-menu-item bellows-menu-item-type-post_type bellows-menu-item-object-page bellows-menu-item-10751 bellows-item-level-0\"><a  href=\"https:\/\/english-munich.de\/training\/kreuzwortraestel-redewendungen-werkzeuge-englisch\/\" class=\"bellows-target\"><span class=\"bellows-target-title bellows-target-text\">\ud83d\udd33Kreuzwortr\u00e4stel \u2013 Redewendungen &#8211; Werkzeuge \u2013 Englisch III<\/span><\/a><\/li>\n<li id=\"menu-item-10785\" class=\"bellows-menu-item bellows-menu-item-type-post_type bellows-menu-item-object-page bellows-menu-item-10785 bellows-item-level-0\"><a  href=\"https:\/\/english-munich.de\/training\/matching-game-idiomatische-redewendungen-sprichwoerter-werkzeug\/\" class=\"bellows-target\"><span class=\"bellows-target-title bellows-target-text\">\ud83e\udde6Matching game \u2013 Redewendungen  \/ Sprichw\u00f6rter \u2013 Werkzeug<\/span><\/a><\/li>\n<\/ul><\/div>\r\n\r\n<\/div>\r\n","protected":false},"excerpt":{"rendered":"idioms &#8211; Englisch &#8211; Sprichw\u00f6rter Englisch &#8211; Aufgaben idiomatische Redewendungen &#8211; \u00dcbungen &#8211; Tiere Beispiel Man muss jemandem etwas g\u00f6nnen: \u24ffYou have to give the &nbsp;&nbsp; don&#8217;t did dog doesn&#8217;t did a bone. Die richtige L\u00f6sung ist: &#8222;dog&#8220;&nbsp;&nbsp;Tipp \u2611\ufe0f W\u00e4hle die richtige Option, mit dem richtigen Tier, um die Redewendung auf Englisch zu erg\u00e4nzen: Zwei [&hellip;]","protected":false},"author":3,"featured_media":0,"parent":0,"menu_order":0,"comment_status":"closed","ping_status":"closed","template":"","meta":[],"_links":{"self":[{"href":"https:\/\/english-munich.de\/training\/wp-json\/wp\/v2\/pages\/10547"}],"collection":[{"href":"https:\/\/english-munich.de\/training\/wp-json\/wp\/v2\/pages"}],"about":[{"href":"https:\/\/english-munich.de\/training\/wp-json\/wp\/v2\/types\/page"}],"author":[{"embeddable":true,"href":"https:\/\/english-munich.de\/training\/wp-json\/wp\/v2\/users\/3"}],"replies":[{"embeddable":true,"href":"https:\/\/english-munich.de\/training\/wp-json\/wp\/v2\/comments?post=10547"}],"version-history":[{"count":15,"href":"https:\/\/english-munich.de\/training\/wp-json\/wp\/v2\/pages\/10547\/revisions"}],"predecessor-version":[{"id":10656,"href":"https:\/\/english-munich.de\/training\/wp-json\/wp\/v2\/pages\/10547\/revisions\/10656"}],"wp:attachment":[{"href":"https:\/\/english-munich.de\/training\/wp-json\/wp\/v2\/media?parent=10547"}],"curies":[{"name":"wp","href":"https:\/\/api.w.org\/{rel}","templated":true}]}}