{"id":10520,"date":"2022-01-30T10:25:54","date_gmt":"2022-01-30T10:25:54","guid":{"rendered":"https:\/\/english-munich.de\/training\/?page_id=10520"},"modified":"2024-09-07T05:22:55","modified_gmt":"2024-09-07T05:22:55","slug":"idiomatische-redewendungen-sprichwoerter-englisch-uebungen-tiere","status":"publish","type":"page","link":"https:\/\/english-munich.de\/training\/idiomatische-redewendungen-sprichwoerter-englisch-uebungen-tiere\/","title":{"rendered":"idiomatische Redewendungen &#8211; Sprichw\u00f6rter Englisch &#8211; \u00dcbungen &#8211; Tiere"},"content":{"rendered":"<div class=\"jumbotron text-center\">\r\n<h2>idioms &#8211; Englisch &#8211; Sprichw\u00f6rter Englisch &#8211; Aufgaben<\/h2>\r\nidiomatische Redewendungen  &#8211; \u00dcbungen &#8211; Tiere\r\n\r\n<\/div>\r\n<div class=\"bs-example\">\r\n<div id=\"accordionExample\" class=\"accordion\">\r\n<div class=\"card\">\r\n<div id=\"headingOne\" class=\"card-header\">\r\n<h2 class=\"mb-0\" style=\"color: #000;\"><button class=\"btn btn-link collapsed\" type=\"button\" data-toggle=\"collapse\" data-target=\"#collapseOne\">Beispiel<\/button><\/h2>\r\n<\/div>\r\n<div id=\"collapseOne\" class=\"collapse\" aria-labelledby=\"headingOne\" data-parent=\"#accordionExample\">\r\n<div class=\"card-body\"><div><b>Man muss jemandem etwas g\u00f6nnen:<\/b><\/div><br \/>\r\n<div class=\"form-inline\"><div class=\"row\"><div><label for=\"sel1\"><span class=\"number\">\u24ff<\/span>You have to give the  <\/div>&nbsp;&nbsp;<div><select id=\"beispiel\" class=\"form-control\">\r\n<option value=\"wrong\">don&#8217;t did<\/option>\r\n<option value=\"correct\">dog<\/option>\r\n<option value=\"wrong\">doesn&#8217;t did<\/option>\r\n<\/select><\/label> a bone.<\/div><\/div><\/div><br \/>\r\n\r\nDie richtige L\u00f6sung ist: <b>&#8222;dog&#8220;<\/b>&nbsp;&nbsp;<button class=\"btn-lg btn-info\" type=\"button\" value=\"submit\" data-toggle=\"modal\" data-target=\"#myModal\">Tipp<\/button>\r\n\r\n\r\n<\/div>\r\n<\/div>\r\n<\/div>\r\n<\/div>\r\n<br \/><br \/>\r\n<div class=\"container well\">\r\n<h4>\u2611\ufe0f W\u00e4hle die richtige Option, mit dem richtigen Tier, um die Redewendung auf Englisch zu erg\u00e4nzen:<\/h4>\r\n\r\n<hr>\r\n\r\n<br \/>\r\n<div class=\"container-fluid\">\r\n<div><b>Wers glaubt wird selig:<\/b><\/div><br \/>\r\n<div class=\"form-inline\"><div class=\"row\"><div><label for=\"sel1\"><span class=\"number\">\u2776<\/span>And <\/div>&nbsp;&nbsp; <div> <select id=\"q0\" class=\"form-control\">\r\n<option value=\"wrong\"><\/option>\r\n<option value=\"wrong\"> sheep <\/option>\r\n<option value=\"correct\"> pigs <\/option>\r\n<option value=\"wrong\"> dogs <\/option>\r\n<\/select><\/label>  might fly. <\/div><\/div><\/div><br \/>\r\n<p id=\"correct0\" align=\"left\"><\/p>\r\n<a class=\"btn btn-success tipp0 hidden\" style=\"text-decoration: none, color:white;\" title=\"And pigs might fly.\" href=\"#0\" data-toggle=\"popover\"  data-placement=\"top\" data-trigger=\"hover\" data-content=\" 'And pigs might fly.' \u2794  'Wers glaubt wird selig.'\">Tipp<\/a>\r\n\r\n\r\n<div><b>Der Tropfen der das Fass zum \u00fcberlaufen bringt:<\/b><\/div><br \/>\r\n<div class=\"form-inline\"><div class=\"row\"><div><label for=\"sel1\"><span class=\"number\">\u2777<\/span> The straw that broke the <\/div>&nbsp;&nbsp; <div><select id=\"q1\" class=\"form-control\">\r\n<option value=\"wrong\"><\/option>\r\n<option value=\"wrong\"> rat&#8217;s<\/option>\r\n<option value=\"wrong\"> pig&#8217;s <\/option>\r\n<option value=\"correct\"> camel&#8217;s <\/option>\r\n<\/select> back.<\/label><\/div><\/div><\/div><br \/>\r\n\r\n<p id=\"correct1\" align=\"left\"><\/p>\r\n<a class=\"btn btn-success tipp1 hidden\" style=\"text-decoration: none, color:white;\" title=\"The straw that broke the camel's back.\" href=\"#1\" data-toggle=\"popover\" data-placement=\"top\" data-trigger=\"hover\" data-content=\"'The straw that broke the camel's back.' \u2794  'Der Tropfen der das Fass zum \u00fcberlaufen bringt'; Stelle Dir ein vollbeladenes Kamel vor. Jetzt fehlt nur noch ein Strohhalm (straw), und das Kamel bricht zusammen.\">Tipp<\/a>\r\n<div><b>Es ist ein Kinderspiel:<\/b><\/div><br \/>\r\n<div class=\"form-inline\"><div class=\"row\"><div><label for=\"sel1\"><span class=\"number\">\u2778<\/span> \r\n<\/div> &nbsp;&nbsp; <div> It&#8217;s like shooting <select id=\"q2\" class=\"form-control\">\r\n<option value=\"wrong\"><\/option>\r\n<option value=\"wrong\"> rats <\/option>\r\n<option value=\"correct\"> fish <\/option>\r\n<option value=\"wrong\"> monkeys <\/option>\r\n<\/select> in a barrel.<\/label><\/div><\/div><\/div><br \/>\r\n\r\n<p id=\"correct2\" align=\"left\"><\/p>\r\n<a class=\"btn btn-success tipp2 hidden\" style=\"text-decoration: none, color:white;\" title=\"It's like shooting fish in a barrel.\" href=\"#2\" data-toggle=\"popover\" data-placement=\"top\" data-trigger=\"hover\" data-content=\"'It's like shooting fish in a barrel.' \u2794  'Ein Kinderspiel sein.' Es ist nicht besonders schwer auf Fische zu schie\u00dfen, die in einem Fass schwimmen.\">Tipp<\/a>\r\n\r\n<div><b>Keine krummen Sachen, bitte:<\/b><\/div><br \/>\r\n<div class=\"form-inline\"><div class=\"row\"><div><label for=\"sel1\"><span class=\"number\">\u2779<\/span>No  <\/div>&nbsp;&nbsp;<div><select id=\"q3\" class=\"form-control\">\r\n<option value=\"wrong\"><\/option>\r\n<option value=\"wrong\"> cat <\/option>\r\n<option value=\"wrong\"> bear <\/option>\r\n<option value=\"correct\"> monkey <\/option>\r\n<\/select><\/label> business, please.<\/div><\/div><\/div><br \/>\r\n\r\n<p id=\"correct3\" align=\"left\"><\/p>\r\n<a class=\"btn btn-success tipp3 hidden\" style=\"text-decoration: none, color:white;\" title=\"No monkey business, please.\" href=\"#3\" data-toggle=\"popover\" data-placement=\"top\" data-trigger=\"hover\" data-content=\"'krumme Sachen' \u2794  'monkey business'. (Der Mensch projiziert gerne seine weniger geradlinigen Praktiken auf seine evolution\u00e4ren Vorfahren)\">Tipp<\/a>\r\n<br \/><div class=\"iframe-container\"><iframe loading=\"lazy\" width=\"560\" height=\"315\" src=\"https:\/\/www.youtube.com\/embed\/XJa5CWqxh5A?si=2gTX5vX7tzCWkpC_\" title=\"YouTube video player\" frameborder=\"0\" allow=\"accelerometer; autoplay; clipboard-write; encrypted-media; gyroscope; picture-in-picture; web-share\" referrerpolicy=\"strict-origin-when-cross-origin\" allowfullscreen><\/iframe><\/div><br \/>\r\n<div><b>Die Katze aus dem Sack lassen:<\/b><\/div><br \/>\r\n<div class=\"form-inline\"><div class=\"row\"><div><label for=\"sel1\"><span class=\"number\">\u277a<\/span> To let the <\/div>&nbsp;&nbsp; <div><select id=\"q4\" class=\"form-control\">\r\n<option value=\"wrong\"><\/option>\r\n<option value=\"wrong\"> tiger <\/option>\r\n<option value=\"correct\"> cat <\/option>\r\n<option value=\"wrong\"> dog <\/option>\r\n<\/select><\/label>out of the bag.<\/div><\/div><\/div><br \/>\r\n\r\n<p id=\"correct4\" align=\"left\"><\/p>\r\n<a class=\"btn btn-success tipp4 hidden\" style=\"text-decoration: none, color:white;\" title=\"To let the cat out of the bag.\" href=\"#4\" data-toggle=\"popover\" data-placement=\"top\" data-trigger=\"hover\" data-content=\"'To let the cat out of the bag.' \u2794  'Die Katze aus dem Sack lassen'. Diese Redewendung (Sprichwort) l\u00e4sst sich 1:1 aus dem Englischen ins Deutsche \u00fcbertragen.\">Tipp<\/a>\r\n\r\n<div><b>Die Katze im Sack kaufen:<\/b><\/div><br \/>\r\n<div class=\"form-inline\"><div class=\"row\"><div><label for=\"sel1\"><span class=\"number\">\u277b<\/span>To buy a   <\/div>&nbsp;&nbsp; <div><select id=\"q5\" class=\"form-control\">\r\n<option value=\"wrong\"><\/option>\r\n<option value=\"wrong\"> ass (Esel) <\/option>\r\n<option value=\"wrong\"> cat <\/option>\r\n<option value=\"correct\"> pig <\/option>\r\n<\/select> in a poke.<\/label><\/div><\/div><\/div><br \/>\r\n<p id=\"correct5\" align=\"left\"><\/p>\r\n<a class=\"btn btn-success tipp5 hidden\" style=\"text-decoration: none, color:white;\" title=\"To buy a pig in a poke.\" href=\"#5\" data-toggle=\"popover\" data-placement=\"top\" data-trigger=\"hover\" data-content=\"'To buy a pig in a poke.' \u2794  'Die Katze im Sack kaufen'. Auf Englisch kauft man das 'Schwein' im Sack. Die Redewendung bedient sich hier in Deutsch bzw. auf Englisch eines unterschiedlichen Tieres.\">Tipp<\/a>\r\n\r\n<div><b>Der Elefant im Porzellanladen:<\/b><\/div><br \/>\r\n<div class=\"form-inline\"><div class=\"row\"><div><label for=\"sel1\"><span class=\"number\">\u277c<\/span> He is like a  <\/div>&nbsp;&nbsp; <div><select id=\"q6\" class=\"form-control\">\r\n<option value=\"wrong\"><\/option>\r\n<option value=\"correct\"> bull <\/option>\r\n<option value=\"wrong\"> weasel <\/option>\r\n<option value=\"wrong\"> cat <\/option>\r\n<\/select> in a China shop.<\/label><\/div><\/div><\/div><br \/>\r\n<p id=\"correct6\" align=\"left\"><\/p>\r\n<a class=\"btn btn-success tipp6 hidden\" style=\"text-decoration: none, color:white;\" title=\"Like a bull in a China shop.\" href=\"#6\" data-toggle=\"popover\" data-placement=\"top\" data-trigger=\"hover\" data-content=\"'Like a bull in a China shop.' \u2794  'Wie ein Elefant im Porzellanladen'. Alternativ k\u00f6nnte man hier auch genau wie im Deutschen mit 'elephant' arbeiten.\">Tipp<\/a>\r\n\r\n<div><b>Die Drecksarbeit machen:<\/b><\/div><br \/>\r\n<div class=\"form-inline\"><div class=\"row\"><div><label for=\"sel1\"><span class=\"number\">\u277d<\/span> Why do the free-lancers always have to do  all the <\/div>&nbsp;&nbsp; <div><select id=\"q7\" class=\"form-control\">\r\n<option value=\"wrong\"><\/option>\r\n<option value=\"wrong\"> pig <\/option>\r\n<option value=\"wrong\"> ant <\/option>\r\n<option value=\"correct\"> donkey <\/option>\r\n<\/select> work?<\/label><\/div><\/div><\/div><br \/>\r\n<p id=\"correct7\" align=\"left\"><\/p>\r\n<a class=\"btn btn-success tipp7 hidden\" style=\"text-decoration: none, color:white;\" title=\"Why do the free-lancers have to do all the donkey work?\" href=\"#7\" data-toggle=\"popover\" data-placement=\"top\" data-trigger=\"hover\" data-content=\"'To do the donkey work.' \u2794  'Die Drecksarbeit machen'.\">Tipp<\/a>\r\n\r\n<div><b>Falschen Alarm geben:<\/b><\/div><br \/>\r\n<div class=\"form-inline\"><div class=\"row\"><div><label for=\"sel1\"><span class=\"number\">\u277e<\/span> If you always cry <\/div>&nbsp;&nbsp; <div><select id=\"q8\" class=\"form-control\">\r\n<option value=\"wrong\"><\/option>\r\n<option value=\"correct\"> wolf <\/option>\r\n<option value=\"wrong\"> ape <\/option>\r\n<option value=\"wrong\"> bird <\/option>\r\n<\/select>Nobody will take you seriously.<\/label><\/div><\/div><\/div><br \/>\r\n<p id=\"correct8\" align=\"left\"><\/p>\r\n<a class=\"btn btn-success tipp8 hidden\" style=\"text-decoration: none, color:white;\" title=\"If you always cry wolf.\" href=\"#8\" data-toggle=\"popover\" data-placement=\"top\" data-trigger=\"hover\" data-content=\"'To cry wolf.' \u2794  'Falschen Alarm geben.'\">Tipp<\/a>\r\n\r\n<div><b>Den L\u00f6wenanteil bekommen:<\/b><\/div><br \/>\r\n<div class=\"form-inline\"><div class=\"row\"><div><label for=\"sel1\"><span class=\"number\">\u277f<\/span>It&#8217;s unfair. Why does she always get the <\/div>&nbsp;&nbsp; <div><select id=\"q9\" class=\"form-control\">\r\n<option value=\"wrong\"><\/option>\r\n<option value=\"wrong\"> mouse&#8217;s <\/option>\r\n<option value=\"wrong\"> bear&#8217;s <\/option>\r\n<option value=\"correct\"> lion&#8217;s <\/option>\r\n<\/select> share?<\/label><\/div><\/div><\/div><br \/>\r\n<p id=\"correct9\" align=\"left\"><\/p>\r\n<a class=\"btn btn-success tipp9 hidden\" style=\"text-decoration: none, color:white;\" title=\"Why does he always get the lion's share?\" href=\"#9\" data-toggle=\"popover\" data-placement=\"top\" data-trigger=\"hover\" data-content=\"'Den L\u00f6wenanteil bekommen.' \u2794 'To get the lion's share.' Englisch bzw. Deutsch bedienen sich bei dieser Redewendung desselben Tieres.\">Tipp<\/a>\r\n\r\n\r\n<\/div>\r\n<div class=\"container\">\r\n\r\n<!-- The Modal -->\r\n<div id=\"myModal\" class=\"modal\">\r\n<div class=\"modal-dialog\">\r\n<div class=\"modal-content\">\r\n\r\n<!-- Modal Header -->\r\n<div class=\"modal-header\">\r\n<h4 class=\"modal-title\">Sprichw\u00f6rter &#8211; idiomatische Redewendungen &#8211; Deutsch\/Englisch<\/h4>\r\n<button class=\"close\" type=\"button\" data-dismiss=\"modal\">\u00d7<\/button>\r\n\r\n<\/div>\r\n<!-- Modal body -->\r\n<div class=\"modal-body\"><table class=\"table table-bordered table-sm table-hover\">\r\n<thead>\r\n<tr class=\"table-danger\">\r\n<th colspan=\"2\">Sprichw\u00f6rter &#8211; idiomatische Redewendungen &#8211; Deutsch\/Englisch<\/th>\r\n<\/tr>\r\n<\/thead>\r\n<tbody>\r\n\r\n<tr class=\"table-primary\">\r\n<td><b>Deutsch<\/b><\/td>\r\n<td><b>Englisch<\/b><\/td>\r\n\r\n<tr class=\"table-info\">\r\n<td><b><i class=\"text-danger\">Wers glaubt wird selig.<\/i><\/b><\/td>\r\n<td><b><i class=\"text-danger\">And pigs might fly.<\/i><\/b><\/td>\r\n\r\n<\/tr>\r\n<tr class=\"table-info\">\r\n<td><b><i class=\"text-danger\">Der Tropfen, der das Fass zum \u00dcberlaufen brachte. <\/i> <\/b><\/td>\r\n<td><b><i class=\"text-danger\">The straw the broke the camel&#8217;s back.<\/i> <\/b><\/td>\r\n<\/tr>\r\n<tr class=\"table-info\">\r\n<td><b><i class=\"text-danger\">Ein Kinderspiel sein.<\/i><\/b><\/td>\r\n<td><b><i class=\"text-danger\">To shoot fish in a barrel.<\/i><\/b><\/td>\r\n<\/tr>\r\n<tr class=\"table-info\">\r\n<td><b><i class=\"text-danger\">Krumme Sachen machen.<\/i><\/b><\/td>\r\n<td><b><i class=\"text-danger\">To do monkey business.<\/i><\/b><\/td>\r\n<\/tr>\r\n<tr class=\"table-info\">\r\n<td><b><i class=\"text-danger\">Die Katze aus dem Sack lassen.<\/i><\/b><\/td>\r\n<td><b><i class=\"text-danger\">To let the cat out of the bag.<\/i><\/b><\/td>\r\n<\/tr>\r\n<tr class=\"table-info\">\r\n<td><b><i class=\"text-danger\">Der Elefant im Porzellanladen.<\/i><\/b><\/td>\r\n<td><b><i class=\"text-danger\">Like a bull in a China shop.<\/i><\/b><\/td>\r\n<\/tr>\r\n<tr class=\"table-info\">\r\n<td><b><i class=\"text-danger\">Die Drecksarbeit machen.<\/i><\/b><\/td>\r\n<td><b><i class=\"text-danger\">To do the donkey work.<\/i><\/b><\/td>\r\n<\/tr>\r\n<tr class=\"table-info\">\r\n<td><b><i class=\"text-danger\">Falschen Alarm geben.<\/i><\/b><\/td>\r\n<td><b><i class=\"text-danger\">To cry wolf.<\/i><\/b><\/td>\r\n<\/tr>\r\n<tr class=\"table-info\">\r\n<td><b><i class=\"text-danger\">Den L\u00f6wenanteil bekommen.<\/i><\/b><\/td>\r\n<td><b><i class=\"text-danger\">To get the lion&#8217;s share.<\/i><\/b><\/td>\r\n<\/tr>\r\n<tr class=\"table-info\">\r\n<td><b><i class=\"text-danger\">Die Katze im Sack kaufen.<\/i><\/b><\/td>\r\n<td><b><i class=\"text-danger\">To buy a pig in a poke.<\/i><\/b><\/td>\r\n<\/tr>\r\n<\/tbody>\r\n<\/table><\/div>\r\n<!-- Modal footer -->\r\n<div class=\"modal-footer\"><button class=\"btn btn-danger\" type=\"button\" data-dismiss=\"modal\">Close<\/button><\/div>\r\n<\/div>\r\n<\/div>\r\n<\/div>\r\n<\/div>\r\n<\/div>\r\n\r\n\r\n<hr>\r\n<button id=\"submitButton\" class=\"btn-lg btn-primary \" type=\"submit\" value=\"submit\">Pr\u00fcfen<\/button><button id=\"resetButton\" class=\"btn-lg btn-success\" type=\"submit\" onclick=\"refreshPage()\">Neustart<\/button><button id=\"submitButton\" class=\"btn-lg btn-info\" type=\"submit\" value=\"submit\" data-toggle=\"modal\" data-target=\"#myModal\">Tipp<\/button>\r\n\r\n<p id=\"result\"><\/p>\r\n<p id=\"result2\"><\/p>\r\n<hr>\r\n\r\n<h3>Alle \u00dcbungen idiomatische  Redewendungen &#8211; Sprichw\u00f6rter &#8211; Deutsch\/Englisch:<\/h3>\r\n\r\n<hr>\r\n\r\n<div id=\"bellows-main-80\" class=\"bellows bellows-nojs bellows-main bellows-source-menu bellows-align-full bellows-skin-vanilla bellows-type-\"><ul id=\"menu-idioms\" class=\"bellows-nav\" data-bellows-config=\"main\"><li id=\"menu-item-10538\" class=\"bellows-menu-item bellows-menu-item-type-post_type bellows-menu-item-object-page bellows-menu-item-10538 bellows-item-level-0\"><a  href=\"https:\/\/english-munich.de\/training\/idiomatische-redewendungen-sprichwoerter-englisch-uebungen-tiere\/\" class=\"bellows-target\"><span class=\"bellows-target-title bellows-target-text\">\u2611\ufe0fSprichw\u00f6rter &#8211; Redewendungen &#8211; Tiere<\/span><\/a><\/li>\n<li id=\"menu-item-10558\" class=\"bellows-menu-item bellows-menu-item-type-post_type bellows-menu-item-object-page bellows-menu-item-10558 bellows-item-level-0\"><a  href=\"https:\/\/english-munich.de\/training\/idiomatische-redewendungen-sprichwoerter-englisch-uebungen-tiere-2\/\" class=\"bellows-target\"><span class=\"bellows-target-title bellows-target-text\">\u2611\ufe0fRedewendungen &#8211; Sprichw\u00f6rter \u2013 Tiere II<\/span><\/a><\/li>\n<li id=\"menu-item-10567\" class=\"bellows-menu-item bellows-menu-item-type-post_type bellows-menu-item-object-page bellows-menu-item-10567 bellows-item-level-0\"><a  href=\"https:\/\/english-munich.de\/training\/idiomatische-redewendungen-sprichwoerter-englisch-uebungen-tiere-iii\/\" class=\"bellows-target\"><span class=\"bellows-target-title bellows-target-text\">\u2611\ufe0fRedewendungen &#8211; Sprichw\u00f6rter \u2013 Tiere III<\/span><\/a><\/li>\n<li id=\"menu-item-10581\" class=\"bellows-menu-item bellows-menu-item-type-post_type bellows-menu-item-object-page bellows-menu-item-10581 bellows-item-level-0\"><a  href=\"https:\/\/english-munich.de\/training\/idiomatische-redewendungen-sprichwoerter-englisch-uebungen-tiere-3\/\" class=\"bellows-target\"><span class=\"bellows-target-title bellows-target-text\">\u2611\ufe0fRedewendungen &#8211; Sprichw\u00f6rter \u2013 Tiere IV<\/span><\/a><\/li>\n<li id=\"menu-item-10595\" class=\"bellows-menu-item bellows-menu-item-type-post_type bellows-menu-item-object-page bellows-menu-item-10595 bellows-item-level-0\"><a  href=\"https:\/\/english-munich.de\/training\/idiomatische-redewendungen-sprichwoerter-englisch-uebungen-tiere-4\/\" class=\"bellows-target\"><span class=\"bellows-target-title bellows-target-text\">\u2611\ufe0fRedewendungen &#8211; Sprichw\u00f6rter \u2013 Tiere V<\/span><\/a><\/li>\n<li id=\"menu-item-10606\" class=\"bellows-menu-item bellows-menu-item-type-post_type bellows-menu-item-object-page bellows-menu-item-10606 bellows-item-level-0\"><a  href=\"https:\/\/english-munich.de\/training\/idiomatische-redewendungen-sprichwoerter-englisch-uebungen-tiere-5\/\" class=\"bellows-target\"><span class=\"bellows-target-title bellows-target-text\">\u2611\ufe0fRedewendungen &#8211; Sprichw\u00f6rter \u2013 Tiere VI<\/span><\/a><\/li>\n<li id=\"menu-item-10692\" class=\"bellows-menu-item bellows-menu-item-type-post_type bellows-menu-item-object-page bellows-menu-item-10692 bellows-item-level-0\"><a  href=\"https:\/\/english-munich.de\/training\/kreuzwortraestel-redewendungen-tiere-englisch\/\" class=\"bellows-target\"><span class=\"bellows-target-title bellows-target-text\">\ud83d\udd33Kreuzwortr\u00e4stel \u2013 Redewendungen \u2013 Tiere \u2013 Englisch<\/span><\/a><\/li>\n<li id=\"menu-item-10691\" class=\"bellows-menu-item bellows-menu-item-type-post_type bellows-menu-item-object-page bellows-menu-item-10691 bellows-item-level-0\"><a  href=\"https:\/\/english-munich.de\/training\/kreuzwortraestel-redewendungen-tiere-englisch-ii\/\" class=\"bellows-target\"><span class=\"bellows-target-title bellows-target-text\">\ud83d\udd33Kreuzwortr\u00e4stel \u2013 Redewendungen \u2013 Tiere \u2013 Englisch II<\/span><\/a><\/li>\n<li id=\"menu-item-10690\" class=\"bellows-menu-item bellows-menu-item-type-post_type bellows-menu-item-object-page bellows-menu-item-10690 bellows-item-level-0\"><a  href=\"https:\/\/english-munich.de\/training\/kreuzwortraestel-redewendungen-tiere-englisch-iii\/\" class=\"bellows-target\"><span class=\"bellows-target-title bellows-target-text\">\ud83d\udd33Kreuzwortr\u00e4stel \u2013 Redewendungen \u2013 Tiere \u2013 Englisch III<\/span><\/a><\/li>\n<li id=\"menu-item-10611\" class=\"bellows-menu-item bellows-menu-item-type-post_type bellows-menu-item-object-page bellows-menu-item-10611 bellows-item-level-0\"><a  href=\"https:\/\/english-munich.de\/training\/matching-game-idiomatische-redewendungen-sprichwoerter-tiere\/\" class=\"bellows-target\"><span class=\"bellows-target-title bellows-target-text\">\ud83e\udde6Matching game \u2013 Redewendungen  \/ Sprichw\u00f6rter \u2013 Tiere<\/span><\/a><\/li>\n<li id=\"menu-item-10628\" class=\"bellows-menu-item bellows-menu-item-type-post_type bellows-menu-item-object-page bellows-menu-item-10628 bellows-item-level-0\"><a  href=\"https:\/\/english-munich.de\/training\/idiomatische-redewendungen-sprichwoerter-englisch-uebungen-werkzeuge\/\" class=\"bellows-target\"><span class=\"bellows-target-title bellows-target-text\">\u2611\ufe0fRedewendungen &#8211; Sprichw\u00f6rter \u2013 Werkzeuge I<\/span><\/a><\/li>\n<li id=\"menu-item-10637\" class=\"bellows-menu-item bellows-menu-item-type-post_type bellows-menu-item-object-page bellows-menu-item-10637 bellows-item-level-0\"><a  href=\"https:\/\/english-munich.de\/training\/idiomatische-redewendungen-sprichwoerter-englisch-uebungen-werkzeuge-2\/\" class=\"bellows-target\"><span class=\"bellows-target-title bellows-target-text\">\u2611\ufe0fRedewendungen &#8211; Sprichw\u00f6rter \u2013 Werkzeuge II<\/span><\/a><\/li>\n<li id=\"menu-item-10652\" class=\"bellows-menu-item bellows-menu-item-type-post_type bellows-menu-item-object-page bellows-menu-item-10652 bellows-item-level-0\"><a  href=\"https:\/\/english-munich.de\/training\/idiomatische-redewendungen-sprichwoerter-englisch-uebungen-werkzeuge-3\/\" class=\"bellows-target\"><span class=\"bellows-target-title bellows-target-text\">\u2611\ufe0fRedewendungen &#8211; Sprichw\u00f6rter \u2013 Werkzeuge III<\/span><\/a><\/li>\n<li id=\"menu-item-10672\" class=\"bellows-menu-item bellows-menu-item-type-post_type bellows-menu-item-object-page bellows-menu-item-10672 bellows-item-level-0\"><a  href=\"https:\/\/english-munich.de\/training\/idiomatische-redewendungen-sprichwoerter-englisch-uebungen-werkzeuge-4\/\" class=\"bellows-target\"><span class=\"bellows-target-title bellows-target-text\">\u2611\ufe0fRedewendungen &#8211; Sprichw\u00f6rter \u2013 Werkzeuge IV<\/span><\/a><\/li>\n<li id=\"menu-item-10722\" class=\"bellows-menu-item bellows-menu-item-type-post_type bellows-menu-item-object-page bellows-menu-item-10722 bellows-item-level-0\"><a  href=\"https:\/\/english-munich.de\/training\/idiomatische-redewendungen-sprichwoerter-englisch-uebungen-werkzeuge-5\/\" class=\"bellows-target\"><span class=\"bellows-target-title bellows-target-text\">\u2611\ufe0fRedewendungen &#8211; Sprichw\u00f6rter \u2013 Werkzeuge V<\/span><\/a><\/li>\n<li id=\"menu-item-10735\" class=\"bellows-menu-item bellows-menu-item-type-post_type bellows-menu-item-object-page bellows-menu-item-10735 bellows-item-level-0\"><a  href=\"https:\/\/english-munich.de\/training\/idiomatische-redewendungen-sprichwoerter-englisch-uebungen-werkzeuge-6\/\" class=\"bellows-target\"><span class=\"bellows-target-title bellows-target-text\">\u2611\ufe0fRedewendungen &#8211; Sprichw\u00f6rter \u2013 Werkzeuge VI<\/span><\/a><\/li>\n<li id=\"menu-item-10749\" class=\"bellows-menu-item bellows-menu-item-type-post_type bellows-menu-item-object-page bellows-menu-item-10749 bellows-item-level-0\"><a  href=\"https:\/\/english-munich.de\/training\/kreuzwortraestel-redewendungen-werkzeuge-englisch-3\/\" class=\"bellows-target\"><span class=\"bellows-target-title bellows-target-text\">\ud83d\udd33Kreuzwortr\u00e4stel \u2013 Redewendungen &#8211; Werkzeuge \u2013 Englisch<\/span><\/a><\/li>\n<li id=\"menu-item-10750\" class=\"bellows-menu-item bellows-menu-item-type-post_type bellows-menu-item-object-page bellows-menu-item-10750 bellows-item-level-0\"><a  href=\"https:\/\/english-munich.de\/training\/kreuzwortraestel-redewendungen-werkzeuge-englisch-2\/\" class=\"bellows-target\"><span class=\"bellows-target-title bellows-target-text\">\ud83d\udd33Kreuzwortr\u00e4stel \u2013 Redewendungen &#8211; Werkzeuge \u2013 Englisch II<\/span><\/a><\/li>\n<li id=\"menu-item-10751\" class=\"bellows-menu-item bellows-menu-item-type-post_type bellows-menu-item-object-page bellows-menu-item-10751 bellows-item-level-0\"><a  href=\"https:\/\/english-munich.de\/training\/kreuzwortraestel-redewendungen-werkzeuge-englisch\/\" class=\"bellows-target\"><span class=\"bellows-target-title bellows-target-text\">\ud83d\udd33Kreuzwortr\u00e4stel \u2013 Redewendungen &#8211; Werkzeuge \u2013 Englisch III<\/span><\/a><\/li>\n<li id=\"menu-item-10785\" class=\"bellows-menu-item bellows-menu-item-type-post_type bellows-menu-item-object-page bellows-menu-item-10785 bellows-item-level-0\"><a  href=\"https:\/\/english-munich.de\/training\/matching-game-idiomatische-redewendungen-sprichwoerter-werkzeug\/\" class=\"bellows-target\"><span class=\"bellows-target-title bellows-target-text\">\ud83e\udde6Matching game \u2013 Redewendungen  \/ Sprichw\u00f6rter \u2013 Werkzeug<\/span><\/a><\/li>\n<\/ul><\/div>\r\n\r\n<\/div>\r\n","protected":false},"excerpt":{"rendered":"idioms &#8211; Englisch &#8211; Sprichw\u00f6rter Englisch &#8211; Aufgaben idiomatische Redewendungen &#8211; \u00dcbungen &#8211; Tiere Beispiel Man muss jemandem etwas g\u00f6nnen: \u24ffYou have to give the &nbsp;&nbsp; don&#8217;t did dog doesn&#8217;t did a bone. Die richtige L\u00f6sung ist: &#8222;dog&#8220;&nbsp;&nbsp;Tipp \u2611\ufe0f W\u00e4hle die richtige Option, mit dem richtigen Tier, um die Redewendung auf Englisch zu erg\u00e4nzen: Wers [&hellip;]","protected":false},"author":3,"featured_media":0,"parent":0,"menu_order":0,"comment_status":"closed","ping_status":"closed","template":"","meta":[],"_links":{"self":[{"href":"https:\/\/english-munich.de\/training\/wp-json\/wp\/v2\/pages\/10520"}],"collection":[{"href":"https:\/\/english-munich.de\/training\/wp-json\/wp\/v2\/pages"}],"about":[{"href":"https:\/\/english-munich.de\/training\/wp-json\/wp\/v2\/types\/page"}],"author":[{"embeddable":true,"href":"https:\/\/english-munich.de\/training\/wp-json\/wp\/v2\/users\/3"}],"replies":[{"embeddable":true,"href":"https:\/\/english-munich.de\/training\/wp-json\/wp\/v2\/comments?post=10520"}],"version-history":[{"count":30,"href":"https:\/\/english-munich.de\/training\/wp-json\/wp\/v2\/pages\/10520\/revisions"}],"predecessor-version":[{"id":12025,"href":"https:\/\/english-munich.de\/training\/wp-json\/wp\/v2\/pages\/10520\/revisions\/12025"}],"wp:attachment":[{"href":"https:\/\/english-munich.de\/training\/wp-json\/wp\/v2\/media?parent=10520"}],"curies":[{"name":"wp","href":"https:\/\/api.w.org\/{rel}","templated":true}]}}