{"id":10493,"date":"2022-01-23T18:19:21","date_gmt":"2022-01-23T18:19:21","guid":{"rendered":"https:\/\/english-munich.de\/training\/?page_id=10493"},"modified":"2022-03-27T17:09:32","modified_gmt":"2022-03-27T17:09:32","slug":"imperativ-englisch","status":"publish","type":"page","link":"https:\/\/english-munich.de\/training\/imperativ-englisch\/","title":{"rendered":"Imperativ Englisch"},"content":{"rendered":"<span><span><a href=\"https:\/\/english-munich.de\/training\/\">Home<\/a><\/span>\r\n<div class=\"jumbotron text-center\">\r\n<h2>Imperativ Englisch Aufgaben<\/h2>\r\nBefehlsform Englisch \u00dcbungen\r\n\r\n<\/div>\r\n<div class=\"bs-example\">\r\n<div class=\"accordion\" id=\"accordionExample\">\r\n<div class=\"card\">\r\n<div class=\"card-header\" id=\"headingOne\">\r\n<h2 class=\"mb-0\" style=\"color:#000\">\r\n                    <button type=\"button\" class=\"btn btn-link collapsed\" data-toggle=\"collapse\" data-target=\"#collapseOne\">Beispiel<\/button><\/h2>\r\n<\/div>\r\n<div id=\"collapseOne\" class=\"collapse\" aria-labelledby=\"headingOne\" data-parent=\"#accordionExample\">\r\n<div class=\"card-body\">\r\n<div class=\"form-inline\">\r\n\r\n\r\n<p>\r\n<span><b class=\"number\">\u24ff<\/b><input type=\"text\" class=\"form-control\" id=\"panel-beispiel\" disabled=\"\" value=\"Don't drink\"> <b><i>&nbsp;(drink)&nbsp;<\/i><\/b> the beer all at once.<\/span>\r\n<span>Die richtige L\u00f6sung ist: <b>don&#8217;t drink<\/b>&nbsp;&nbsp;<button class=\"btn-lg btn-info\" type=\"button\" data-toggle=\"modal\" data-target=\"#myModal\">Tipp<\/button><\/span>\r\n<\/p>\r\n<\/div>\r\n<\/div>\r\n<\/div>\r\n<\/div>\r\n<\/div>\r\n<br \/><br \/>\r\n<div class=\"container well\">\r\n<h4>\u270d\ufe0fF\u00fclle die Verben in Klammern in der richtigen Form der <b>Befehlsform (Imperativ)<\/b> in die L\u00fccken. Achte auf den Kontext, ob die <a href=\"https:\/\/de.wikipedia.org\/wiki\/Imperativ_(Modus)\">Befehlsform<\/a> bejaht oder verneint ist. Verwende in der verneinten Befehlsform stets die Kurzform <i>don&#8217;t<\/i>:<\/h4>\r\n\r\n<hr>\r\n\r\n<div class=\"container\">\r\n<b><span class=\"number\">\u2776<\/span><\/b><input type=\"text\" class=\"form-control\" id=\"q0\" autocomplete=\"off\"><b><i>  (clean)<\/i><\/b> up your room, now.\r\n<div class=\"row\">\r\n<div>\r\n<p id=\"correct0\" align=\"left\"><\/p>\r\n\r\n<\/div>\r\n<div>\r\n<a button=\"\" class=\"btn btn-success tipp0 hidden\" href=\"#1\" title=\"Clean up your room, now.\" data-toggle=\"popover\" data-placement=\"top\" data-trigger=\"hover\" style=\"text-decoration: none; color:white;\" data-content=\"Der bejahte Imperativ entspricht der Grundfrom des Verbs 'clean'.\">Tipp<\/a><\/div>\r\n<\/div>\r\n<b><span class=\"number\">\u2777<\/span><\/b><input type=\"text\" class=\"form-control\" id=\"q1\" autocomplete=\"off\"><b><i>(throw)<\/i><\/b> your waste into the street.\r\n<div class=\"row\">\r\n<div>\r\n<p id=\"correct1\" align=\"left\"><\/p>\r\n\r\n<\/div>\r\n<div>\r\n<a button=\"\" class=\"btn btn-success tipp1 hidden\" href=\"#2\" title=\"Don't throw your waste into the street.\" data-toggle=\"popover\" data-placement=\"top\" data-trigger=\"hover\" style=\"text-decoration: none; color:white;\" data-content=\"Die verneinte Befehlsform wird mit der verneinten Form des Hilfsverbs 'do' \u2794 'don't' eingeleitet \u2794 'don't throw'.\">Tipp<\/a><\/div>\r\n<\/div>\r\n<b><span class=\"number\">\u2778<\/span><\/b><input type=\"text\" class=\"form-control\" id=\"q2\" autocomplete=\"off\"><b><i>(do)<\/i><\/b> your homework on the bus. You can&#8217;t concentrate.\r\n<div class=\"row\">\r\n<div>\r\n<p id=\"correct2\" align=\"left\"><\/p>\r\n\r\n<\/div>\r\n<div>\r\n<a button=\"\" class=\"btn btn-success tipp2 hidden\" align=\"left\" aria-hidden=\"true\" href=\"#3\" title=\"Don't do your homework on the bus.\" data-toggle=\"popover\" data-placement=\"top\" data-trigger=\"hover\" style=\"text-decoration: none, color:white\" data-content=\"Die verneinte Befehlsform wird mit der verneinten Form des Hilfsverbs 'do' \u2794 'don't' eingeleitet \u2794 'don't do'.\">Tipp<\/a><\/div>\r\n<\/div>\r\n<span class=\"number\">\u2779<\/span><input type=\"text\" class=\"form-control\" id=\"q3\" autocomplete=\"off\"><b><i>(read)<\/i><\/b> the first paragraph, please.\r\n<div class=\"row\">\r\n<div>\r\n<p id=\"correct3\" align=\"left\"><\/p>\r\n\r\n<\/div>\r\n<div>\r\n<a button=\"\" class=\"btn btn-success tipp3 hidden\" aria-hidden=\"true\" href=\"#4\" title=\"Read the first paragraph, please.\" data-toggle=\"popover\" data-placement=\"top\" data-trigger=\"hover\" style=\"text-decoration: none, color:white\" data-content=\"Der bejahte Imperativ entspricht der Grundfrom des Verbs 'read'.\">Tipp<\/a><\/div>\r\n<\/div>\r\n<b><span class=\"number\">\u277a<\/span><\/b><input type=\"text\" class=\"form-control\" id=\"q4\" autocomplete=\"off\"><b><i>(be)<\/i><\/b> so lazy. It&#8217;s really not so much work.\r\n<div class=\"row\">\r\n<div>\r\n<p id=\"correct4\" align=\"left\"><\/p>\r\n\r\n<\/div>\r\n<div>\r\n<a button=\"\" class=\"btn btn-success tipp4 hidden\" aria-hidden=\"true\" href=\"#5\" title=\"Don't be so lazy.\" data-toggle=\"popover\" data-placement=\"top\" data-trigger=\"hover\" style=\"text-decoration: none, color:white\" data-content=\"Die verneinte Befehlsform wird mit der verneinten Form des Hilfsverbs 'do' \u2794 'don't' eingeleitet \u2794 'don't be'.\">Tipp<\/a><\/div>\r\n<\/div>\r\n<b><span class=\"number\">\u277b<\/span><\/b><input type=\"text\" class=\"form-control\" id=\"q5\" autocomplete=\"off\"><b><i>(watch)<\/i><\/b> out! This road is dangerous.\r\n<div class=\"row\">\r\n<div>\r\n<p id=\"correct5\" align=\"left\"><\/p>\r\n\r\n<\/div>\r\n<div>\r\n<a button=\"\" class=\"btn btn-success tipp5 hidden\" aria-hidden=\"true\" href=\"#6\" title=\"Watch out!\" data-toggle=\"popover\" data-placement=\"top\" data-trigger=\"hover\" style=\"text-decoration: none, color:white\" data-content=\"Der bejahte Imperativ entspricht der Grundfrom des Verbs 'watch'.\">Tipp<\/a><\/div>\r\n<\/div>\r\n<b><span class=\"number\">\u277c<\/span><\/b><input type=\"text\" class=\"form-control\" id=\"q6\" autocomplete=\"off\"><b><i>(eat)<\/i><\/b> all the hamburgers. I  want some, too.\r\n<div class=\"row\">\r\n<div>\r\n<p id=\"correct6\" align=\"left\"><\/p>\r\n\r\n<\/div>\r\n<div>\r\n<a button=\"\" class=\"btn btn-success tipp6 hidden\" aria-hidden=\"true\" href=\"#7\" title=\"Don't eat all the hamburgers.\" data-toggle=\"popover\" data-placement=\"top\" data-trigger=\"hover\" style=\"text-decoration: none, color:white\" data-content=\"Die verneinte Befehlsform wird mit der verneinten Form des Hilfsverbs 'do' \u2794 'don't' eingeleitet \u2794 'don't eat'.\">Tipp<\/a><\/div>\r\n<\/div>\r\n<b><span class=\"number\">\u277d<\/span><\/b><input type=\"text\" class=\"form-control\" id=\"q7\" autocomplete=\"off\"><b><i>(speak)<\/i><\/b> up! I can hardly hear you.\r\n<div class=\"row\">\r\n<div>\r\n<p id=\"correct7\" align=\"left\"><\/p>\r\n\r\n<\/div>\r\n<div>\r\n<a button=\"\" class=\"btn btn-success tipp7 hidden\" href=\"#8\" title=\"Speak up!\" data-toggle=\"popover\" data-placement=\"top\" data-trigger=\"hover\" style=\"text-decoration: none, color:white\" data-content=\"Der bejahte Imperativ entspricht der Grundfrom des Verbs 'speak' ('speak up' bedeutet 'lauter sprechen').\">Tipp<\/a><\/div>\r\n<\/div>\r\n<b><span class=\"number\">\u277e<\/span><\/b><input type=\"text\" class=\"form-control\" id=\"q8\" autocomplete=\"off\"><b><i>(look)<\/i><\/b> at me like that. It&#8217;s not my fault.\r\n<div class=\"row\">\r\n<div>\r\n<p id=\"correct8\" align=\"left\"><\/p>\r\n\r\n<\/div>\r\n<div>\r\n<a button=\"\" class=\"btn btn-success tipp8 hidden\" href=\"#9\" title=\"Don't look at me...\" data-toggle=\"popover\" data-placement=\"top\" data-trigger=\"hover\" style=\"text-decoration: none, color:white\" data-content=\"Die verneinte Befehlsform wird mit der verneinten Form des Hilfsverbs 'do' \u2794 'don't' eingeleitet \u2794 'don't look'.\">Tipp<\/a><\/div>\r\n<\/div>\r\n<b><span class=\"number\">\u277f<\/span><\/b><input type=\"text\" class=\"form-control\" id=\"q9\" autocomplete=\"off\"><b><i>(spend)<\/i><\/b> all your money all at once. Save some\r\n<div class=\"row\">\r\n<div>\r\n<p id=\"correct9\" align=\"left\"><\/p>\r\n\r\n<\/div>\r\n<div>\r\n<a button=\"\" class=\"btn btn-success tipp9 hidden\" href=\"#10\" title=\"Don't spend all your money.\" data-toggle=\"popover\" data-placement=\"top\" data-trigger=\"hover\" style=\"text-decoration: none, color:white\" data-content=\"Die verneinte Befehlsform wird mit der verneinten Form des Hilfsverbs 'do' \u2794 'don't' eingeleitet \u2794 'don't spend'.\">Tipp<\/a><\/div>\r\n<\/div>\r\n<!-- The Modal -->\r\n<div id=\"myModal\" class=\"modal\">\r\n<div class=\"modal-dialog\">\r\n<div class=\"modal-content\">\r\n\r\n<!-- Modal Header -->\r\n<div class=\"modal-header\">\r\n<h4 class=\"modal-title\">Imperativ Englisch<\/h4>\r\n<button class=\"close\" type=\"button\" data-dismiss=\"modal\">\u00d7<\/button>\r\n\r\n<\/div>\r\n<!-- Modal body -->\r\n\r\n<div class=\"modal-body\"><table class=\"table table-bordered table-sm table-hover\">\r\n<thead>\r\n<tr class=\"table-danger\">\r\n<th colspan=\"6\">Befehlsform &#8211; Imperativ<\/th>\r\n<\/tr>\r\n<\/thead>\r\n<tbody>\r\n  <tr> \r\n<td colspan=\"6\" class=\"table-warning\">bejahte Befehlsform (Imperativ)\r\n<\/td>\r\n<\/tr>\r\n  <tr>\r\n    \r\n    <td class=\"table-info\">Read<\/td>\r\n    <td colspan=\"2\" class=\"table-primary\">the text.<\/td>\r\n    \r\n  <\/tr>\r\n \r\n   <tr> \r\n<td colspan=\"6\" class=\"table-warning\">verneinte Befehlsform (Imperativ).\r\n<\/td>\r\n<\/tr>\r\n  <tr>\r\n    \r\n    <td class=\"table-info\">Don&#8217;t<\/td>\r\n    <td class=\"table-primary\">read<\/td>\r\n    <td class=\"table-info\">the text.<\/td>\r\n   \r\n \r\n<\/tbody>\r\n<\/table><\/div>\r\n<div class=\"container\">Die Bildung des Imperativ ist im Englischen erstaunlich einfach. Du kannst das Verb einfach unver\u00e4ndert lassen. Das hei\u00dft die Grundform des Verbs \u00fcbernehmen. Denn der Imperativ wird nur in der zweiten Person Singular, bzw. Mehrzahl verwendet. Das Anh\u00e4ngen eines &#8217;s&#8216; am Wortende in der dritten Person Singular f\u00e4llt also aus. Das Gute ist, dass es im Englischen keine H\u00f6flichkeitsform gibt, die mit der deutschen Anrede mit &#8218;Sie&#8216; vergleichbar ist. So kannst Du Dir einiges an Lernaufwand sparen.<br \/>In der verneinten Form musst Du mit dem Hilfsverb &#8218;do&#8216; umschreiben. Dies ist ein wenig gew\u00f6hnungsbed\u00fcrftig sollte Dir aber von der Verneinung und von der Frage im Simple Present her gel\u00e4ufig sein.\r\n<\/div>\r\n<!-- Modal footer -->\r\n<div class=\"modal-footer\"><button class=\"btn btn-danger\" type=\"button\" data-dismiss=\"modal\">Close<\/button><\/div>\r\n<\/div>\r\n<\/div>\r\n<\/div>\r\n<\/div>\r\n<\/div>\r\n<div class=\"container\">\r\n\r\n<hr>\r\n\r\n<button id=\"submitButton\" class=\"btn-lg btn-primary \" type=\"submit\" value=\"submit\">Pr\u00fcfen<\/button><button id=\"resetButton\" class=\"btn-lg btn-success\" type=\"submit\" onclick=\"refreshPage()\">Neustart<\/button><button id=\"submitButton\" class=\"btn-lg btn-info\" type=\"button\" value=\"submit\" data-toggle=\"modal\" data-target=\"#myModal2\">Tipp<\/button>\r\n\r\n<hr>\r\n\r\n\r\n<p id=\"result\"><\/p>\r\n<p id=\"result2\"><\/p>\r\n<b><\/b>\r\n<h3> Alle \u00dcbungen des Simple Present:<\/h3>\r\n<hr>\r\n<div id=\"bellows-main-14\" class=\"bellows bellows-nojs bellows-main bellows-source-menu bellows-align-full bellows-skin-vanilla bellows-type-\"><ul id=\"menu-simple-present\" class=\"bellows-nav\" data-bellows-config=\"main\"><li id=\"menu-item-3646\" class=\"bellows-menu-item bellows-menu-item-type-post_type bellows-menu-item-object-page bellows-menu-item-3646 bellows-item-level-0\"><a  href=\"https:\/\/english-munich.de\/training\/simple-present-bejahte-aussagesatze\/\" class=\"bellows-target\"><span class=\"bellows-target-title bellows-target-text\">\u270d\ufe0fSimple Present bejaht<\/span><\/a><\/li>\n<li id=\"menu-item-3647\" class=\"bellows-menu-item bellows-menu-item-type-post_type bellows-menu-item-object-page bellows-menu-item-3647 bellows-item-level-0\"><a  href=\"https:\/\/english-munich.de\/training\/simple-present-aussagesatze-bejaht\/\" class=\"bellows-target\"><span class=\"bellows-target-title bellows-target-text\">\u2611\ufe0fSimple Present verneint<\/span><\/a><\/li>\n<li id=\"menu-item-3648\" class=\"bellows-menu-item bellows-menu-item-type-post_type bellows-menu-item-object-page bellows-menu-item-3648 bellows-item-level-0\"><a  href=\"https:\/\/english-munich.de\/training\/simple-present-aufgaben-frage\/\" class=\"bellows-target\"><span class=\"bellows-target-title bellows-target-text\">\u270d\ufe0fSimple Present Frage<\/span><\/a><\/li>\n<li id=\"menu-item-3649\" class=\"bellows-menu-item bellows-menu-item-type-post_type bellows-menu-item-object-page bellows-menu-item-3649 bellows-item-level-0\"><a  href=\"https:\/\/english-munich.de\/training\/simple-present-gemischt\/\" class=\"bellows-target\"><span class=\"bellows-target-title bellows-target-text\">\ud83d\uddb1\ufe0fSimple Present gemischt<\/span><\/a><\/li>\n<li id=\"menu-item-11458\" class=\"bellows-menu-item bellows-menu-item-type-post_type bellows-menu-item-object-page bellows-menu-item-11458 bellows-item-level-0\"><a  href=\"https:\/\/english-munich.de\/training\/be-simple-present-uebungen\/\" class=\"bellows-target\"><span class=\"bellows-target-title bellows-target-text\">\u2611\ufe0fbe Simple Present<\/span><\/a><\/li>\n<li id=\"menu-item-10349\" class=\"bellows-menu-item bellows-menu-item-type-post_type bellows-menu-item-object-page bellows-menu-item-10349 bellows-item-level-0\"><a  href=\"https:\/\/english-munich.de\/training\/simple-present-3-person-einzahl-unregelmaessig\/\" class=\"bellows-target\"><span class=\"bellows-target-title bellows-target-text\">\u270d\ufe0fSimple Present unregelm\u00e4\u00dfig<\/span><\/a><\/li>\n<li id=\"menu-item-10489\" class=\"bellows-menu-item bellows-menu-item-type-post_type bellows-menu-item-object-page bellows-menu-item-10489 bellows-item-level-0\"><a  href=\"https:\/\/english-munich.de\/training\/have-got-frage-und-kurzantwort\/\" class=\"bellows-target\"><span class=\"bellows-target-title bellows-target-text\">\u270d\ufe0fHave got \u2013 Frage und Kurzantwort<\/span><\/a><\/li>\n<li id=\"menu-item-10352\" class=\"bellows-menu-item bellows-menu-item-type-post_type bellows-menu-item-object-page bellows-menu-item-10352 bellows-item-level-0\"><a  href=\"https:\/\/english-munich.de\/training\/kreuzwortraetsel-simple-present-3-person-einzahl-besonderheiten\/\" class=\"bellows-target\"><span class=\"bellows-target-title bellows-target-text\">\ud83d\udd33Kreuzwortr\u00e4tsel \u2013 simple present 3. Person Einzahl \u2013 Besonderheiten<\/span><\/a><\/li>\n<li id=\"menu-item-10480\" class=\"bellows-menu-item bellows-menu-item-type-post_type bellows-menu-item-object-page bellows-menu-item-10480 bellows-item-level-0\"><a  href=\"https:\/\/english-munich.de\/training\/simple-present-kurzantwort\/\" class=\"bellows-target\"><span class=\"bellows-target-title bellows-target-text\">\u270d\ufe0fSimple Present \u2013 Kurzantwort<\/span><\/a><\/li>\n<li id=\"menu-item-5137\" class=\"bellows-menu-item bellows-menu-item-type-post_type bellows-menu-item-object-page bellows-menu-item-5137 bellows-item-level-0\"><a  href=\"https:\/\/english-munich.de\/training\/simple-present-statische-verben\/\" class=\"bellows-target\"><span class=\"bellows-target-title bellows-target-text\">\u270d\ufe0fSimple Present \u2013 statische Verben<\/span><\/a><\/li>\n<li id=\"menu-item-5163\" class=\"bellows-menu-item bellows-menu-item-type-post_type bellows-menu-item-object-page bellows-menu-item-5163 bellows-item-level-0\"><a  href=\"https:\/\/english-munich.de\/training\/simple-present-statische-verben-ii\/\" class=\"bellows-target\"><span class=\"bellows-target-title bellows-target-text\">\u2611\ufe0fSimple Present statische Verben II<\/span><\/a><\/li>\n<li id=\"menu-item-10505\" class=\"bellows-menu-item bellows-menu-item-type-post_type bellows-menu-item-object-page bellows-menu-item-10505 bellows-item-level-0\"><a  href=\"https:\/\/english-munich.de\/training\/imperativ-englisch\/\" class=\"bellows-target\"><span class=\"bellows-target-title bellows-target-text\">\u270d\ufe0fBefehlsform \u2013 Imperativ<\/span><\/a><\/li>\n<\/ul><\/div>\r\n<\/div>\r\n<\/div>\r\n<!-- The Modal -->\r\n<div id=\"myModal2\" class=\"modal\">\r\n<div class=\"modal-dialog\">\r\n<div class=\"modal-content\">\r\n\r\n<!-- Modal Header -->\r\n<div class=\"modal-header\">\r\n<h4 class=\"modal-title\">Befehlsform &#8211; Imperativ<\/h4>\r\n<button class=\"close\" type=\"button\" data-dismiss=\"modal\">\u00d7<\/button>\r\n\r\n<\/div>\r\n<!-- Modal body -->\r\n\r\n<div class=\"modal-body\"><img decoding=\"async\" class=\"img-responsive img-rounded\" title=\"Imperativ-Englisch\" src=\"https:\/\/english-munich.de\/training\/wp-content\/uploads\/2022\/03\/Imperativ-Englisch.jpg\" loading=\"lazy\" alt=\"Imperativ Englisch\"><\/div>\r\n<div class=\"container\">\r\n<\/div>\r\n<!-- Modal footer -->\r\n<div class=\"modal-footer\"><button class=\"btn btn-danger\" type=\"button\" data-dismiss=\"modal\">Close<\/button><\/div>\r\n<\/div>\r\n<\/div>\r\n<\/div>\r\n\r\n","protected":false},"excerpt":{"rendered":"Imperativ Englisch Aufgaben Befehlsform Englisch \u00dcbungen Beispiel \u24ff &nbsp;(drink)&nbsp; the beer all at once. Die richtige L\u00f6sung ist: don&#8217;t drink&nbsp;&nbsp;Tipp \u270d\ufe0fF\u00fclle die Verben in Klammern in der richtigen Form der Befehlsform (Imperativ) in die L\u00fccken. Achte auf den Kontext, ob die Befehlsform bejaht oder verneint ist. Verwende in der verneinten Befehlsform stets die Kurzform don&#8217;t: [&hellip;]","protected":false},"author":3,"featured_media":0,"parent":0,"menu_order":0,"comment_status":"closed","ping_status":"closed","template":"","meta":[],"_links":{"self":[{"href":"https:\/\/english-munich.de\/training\/wp-json\/wp\/v2\/pages\/10493"}],"collection":[{"href":"https:\/\/english-munich.de\/training\/wp-json\/wp\/v2\/pages"}],"about":[{"href":"https:\/\/english-munich.de\/training\/wp-json\/wp\/v2\/types\/page"}],"author":[{"embeddable":true,"href":"https:\/\/english-munich.de\/training\/wp-json\/wp\/v2\/users\/3"}],"replies":[{"embeddable":true,"href":"https:\/\/english-munich.de\/training\/wp-json\/wp\/v2\/comments?post=10493"}],"version-history":[{"count":18,"href":"https:\/\/english-munich.de\/training\/wp-json\/wp\/v2\/pages\/10493\/revisions"}],"predecessor-version":[{"id":11246,"href":"https:\/\/english-munich.de\/training\/wp-json\/wp\/v2\/pages\/10493\/revisions\/11246"}],"wp:attachment":[{"href":"https:\/\/english-munich.de\/training\/wp-json\/wp\/v2\/media?parent=10493"}],"curies":[{"name":"wp","href":"https:\/\/api.w.org\/{rel}","templated":true}]}}