{"id":10436,"date":"2022-01-18T14:48:12","date_gmt":"2022-01-18T14:48:12","guid":{"rendered":"https:\/\/english-munich.de\/training\/?page_id=10436"},"modified":"2022-04-25T20:17:24","modified_gmt":"2022-04-25T20:17:24","slug":"simple-present-kurzantwort","status":"publish","type":"page","link":"https:\/\/english-munich.de\/training\/simple-present-kurzantwort\/","title":{"rendered":"Simple Present Kurzantwort"},"content":{"rendered":"<div class=\"jumbotron text-center\">\r\n<h2>Simple Present Kurzantwort Aufgaben<\/h2>\r\n\u00dcbungen zur Simple Present Kurzantwort\r\n\r\n<\/div>\r\n<div class=\"bs-example\">\r\n<div id=\"accordionExample\" class=\"accordion\">\r\n<div class=\"card\">\r\n<div id=\"headingOne\" class=\"card-header\">\r\n<h2 class=\"mb-0\" style=\"color: #000;\"><button class=\"btn btn-link collapsed\" type=\"button\" data-toggle=\"collapse\" data-target=\"#collapseOne\">Beispiel<\/button><\/h2>\r\n<\/div>\r\n<div id=\"collapseOne\" class=\"collapse\" aria-labelledby=\"headingOne\" data-parent=\"#accordionExample\">\r\n<div class=\"card-body\">\r\n<div class=\"form-group\" style=\"width: 70%; margin: 10px;\"><label for=\"sel1\">\r\n<div class=\"row\">\r\n    <span class=\"number\">\u24ff<\/span><input type=\"text\" id=\"example\" value=\"Do\" class=\"form-control\" disabled=\"true\">\r\n<p class=\"text\">lemonade? &#8211; Yes, I<\/p>\r\n        <input type=\"text\" id=\"example1\" class=\"form-control\" autocomplete=\"off\" disabled=\"true\" value=\"do\">\r\n<p class=\"text\">.<\/p>\r\n\r\n<\/div>\r\n<div>\r\n<p class=\"text\"><i>die richtige L\u00f6sung ist: <b>Do you love lemonade? &#8211; Yes, I do.<\/b><\/i>&nbsp;&nbsp;<div><button id=\"submitButton\" class=\"btn-lg btn-info\" type=\"button\" value=\"submit\" data-toggle=\"modal\" data-target=\"#myModal\">Tipp<\/button><\/p><\/div>\r\n\r\n<\/div>\r\n<\/label><\/div>\r\n<\/div>\r\n<\/div>\r\n<\/div>\r\n<\/div>\r\n<\/div>\r\n<br \/><br \/>\r\n<div class=\"container well\">\r\n<h4>\u270d\ufe0f F\u00fclle das Hilfsverb <b>do<\/b> in der richtigen Form des <i>Simple Present (einfache Gegenwart)<\/i> in die L\u00fccken, und bilde so die richtige Frage mit Kurzantwort. Achte darauf, ob die Antwort bejaht oder verneint ist:<\/h4>\r\n\r\n<hr>\r\n\r\n<br \/>\r\n<div class=\"container\">\r\n<div class=\"row\"> \r\n    <span class=\"number\">\u2776<\/span> <input type=\"text\" id=\"q0\" class=\"form-control\" autocomplete=\"off\">\r\n<p id=\"t0\" class=\"text\">you like football? \u2794 <b>Yes<\/b>, I&nbsp;<\/p>\r\n        <input type=\"text\" id=\"q1\" class=\"form-control\" autocomplete=\"off\">\r\n<p id=\"t1\" class=\"text\">.<\/p>\r\n\r\n<\/div>\r\n<div class=\"row\">\r\n<div>\r\n<p id=\"antwort0\"><\/p>\r\n\r\n<\/div>\r\n<div><a button=\"\" class=\"btn btn-success btn-sm tipp0 hidden\" href=\"#0\" title=\"Do you like football? -Yes, I do.\" data-toggle=\"popover\" data-placement=\"top\" data-trigger=\"hover\" data-content=\"'you' ist (2.Person Einzahl), \r\n           deswegen 'do'.\">Tipp<\/a><\/div>\r\n<\/div>\r\n<div class=\"row\">\r\n        <span class=\"number\">\u2777<\/span>   <input type=\"text\" id=\"q2\" class=\"form-control\" autocomplete=\"off\">\r\n<p id=\"t2\" class=\"text\">Jill only eat hamburgers? \u2794 <b>No<\/b>, she <\/p>\r\n        <input type=\"text\" id=\"q3\" class=\"form-control\" autocomplete=\"off\">\r\n<p id=\"t3\" class=\"text\">.<\/p>\r\n\r\n<\/div>\r\n<div class=\"row\">\r\n<div>\r\n<p id=\"antwort2\"><\/p>\r\n\r\n<\/div>\r\n<div><a button=\"\" class=\"btn btn-success btn-sm tipp2 hidden\" href=\"#1\" title=\"Does Jill only eat hamburgers? \u2794 No, she doesn't.\" data-toggle=\"popover\" data-placement=\"top\" data-trigger=\"hover\" data-content=\"'Jill' ist 'she' (3.Person Einzahl), \r\n    deswegen 'does'. He\/she\/it das 's' muss mit. \">Tipp<\/a><\/div>\r\n<\/div>\r\n<div class=\"row\">\r\n        <span class=\"number\">\u2778<\/span><input type=\"text\" id=\"q4\" class=\"form-control\" autocomplete=\"off\">\r\n<p id=\"t4\" class=\"text\"> we eat a big breakfast? \u2794 <b>No<\/b>, we<\/p>\r\n        <input type=\"text\" id=\"q5\" class=\"form-control\" autocomplete=\"off\">\r\n<p id=\"t5\" class=\"text\">.<\/p>\r\n\r\n<\/div>\r\n<div class=\"row\">\r\n<div>\r\n<p id=\"antwort4\"><\/p>\r\n\r\n<\/div>\r\n<div><a button=\"\" class=\"btn btn-success btn-sm tipp4 hidden\" href=\"#\" title=\"Do we eat a big breakfast? - No, we don't.\" data-toggle=\"popover\" data-placement=\"top\" data-trigger=\"hover\" data-content=\"'we' ist (1.Person Mehrzahl), \r\n    deswegen 'do'. Verneinung in der Kurzform: 'don't'.\">Tipp<\/a><\/div>\r\n<\/div>\r\n<div class=\"row\">\r\n        <span class=\"number\">\u2779<\/span><input type=\"text\" id=\"q6\" class=\"form-control\" autocomplete=\"off\">\r\n<p id=\"t6\" class=\"text\">they often play Poker? \u2794 <b>Yes<\/b>, they<\/p>\r\n        <input type=\"text\" id=\"q7\" class=\"form-control\" autocomplete=\"off\">\r\n<p id=\"t7\" class=\"text\">.<\/p>\r\n\r\n<\/div>\r\n<div class=\"row\">\r\n<div>\r\n<p id=\"antwort6\"><\/p>\r\n\r\n<\/div>\r\n<div><a button=\"\" class=\"btn btn-success btn-sm tipp6 hidden\" href=\"#\" title=\"Do they often play Poker? - Yes, they do.\" data-toggle=\"popover\" data-placement=\"top\" data-trigger=\"hover\" data-content=\"'they' ist (2.Person Mehrzahl), \r\n    deswegen 'do'.\">Tipp<\/a><\/div>\r\n<\/div>\r\n<div class=\"row\">\r\n        <span class=\"number\">\u277a<\/span><input type=\"text\" id=\"q8\" class=\"form-control\" autocomplete=\"off\">\r\n<p id=\"t8\" class=\"text\">Leroy live in New York? \u2794<b>No<\/b>, he <\/p>\r\n        <input type=\"text\" id=\"q9\" class=\"form-control\" autocomplete=\"off\">\r\n<p id=\"t9\" class=\"text\">.<\/p>\r\n\r\n<\/div>\r\n<div class=\"row\">\r\n<div>\r\n<p id=\"antwort8\"><\/p>\r\n\r\n<\/div>\r\n<div><a button=\"\" class=\"btn btn-success btn-sm tipp8 hidden\" href=\"#\" title=\"Does Leroy live in New York? \u2794 No, he doesn't.\" data-toggle=\"popover\" data-placement=\"top\" data-trigger=\"hover\" data-content=\"'Leroy' ist 'he' (3.Person Einzahl), \r\n    deswegen 'does'.He\/she\/it das 's' muss mit. Verneinung in der Kurzform: 'doesn't'\">Tipp<\/a><\/div>\r\n<\/div>\r\n<div class=\"row\">\r\n        <span class=\"number\">\u277b<\/span><input type=\"text\" id=\"q10\" class=\"form-control\" autocomplete=\"off\">\r\n<p id=\"t10\" class=\"text\">I understand you correctly?\u2794<b>Yes<\/b>, you <\/p>\r\n        <input type=\"text\" id=\"q11\" class=\"form-control\" autocomplete=\"off\">\r\n<p id=\"t11\" class=\"text\">.<\/p>\r\n\r\n<\/div>\r\n<div class=\"row\">\r\n<div>\r\n<p id=\"antwort10\"><\/p>\r\n\r\n<\/div>\r\n<div><a button=\"\" class=\"btn btn-success btn-sm tipp10 hidden\" href=\"#\" title=\"Do I understand you correctly? \u2794 Yes, you do.\" data-toggle=\"popover\" data-placement=\"top\" data-trigger=\"hover\" data-content=\"'I' ist (1.Person Einzahl), you ist (2.Person Einzahl)\r\n    deswegen 'do'.\">Tipp<\/a><\/div>\r\n<\/div>\r\n<div class=\"row\">\r\n        <span class=\"number\">\u277c<\/span><input type=\"text\" id=\"q12\" class=\"form-control\" autocomplete=\"off\">\r\n<p id=\"t12\" class=\"text\">it snow here all year? \u2794 <b>Yes<\/b>, it <\/p>\r\n        <input type=\"text\" id=\"q13\" class=\"form-control\" autocomplete=\"off\">\r\n<p id=\"t13\" class=\"text\">.<\/p>\r\n\r\n<\/div>\r\n<div class=\"row\">\r\n<div>\r\n<p id=\"antwort12\"><\/p>\r\n\r\n<\/div>\r\n<div><a button=\"\" class=\"btn btn-success btn-sm tipp12 hidden\" href=\"#\" title=\"Does it snow here all year? \u2794 Yes, it does.\" data-toggle=\"popover\" data-placement=\"top\" data-trigger=\"hover\" data-content=\"'it' ist (3.Person Einzahl), \r\n    deswegen 'does'.He\/she\/it das 's' muss mit.\">Tipp<\/a><\/div>\r\n<\/div>\r\n<div class=\"row\">\r\n        <span class=\"number\">\u277d<\/span><input type=\"text\" id=\"q14\" class=\"form-control\" autocomplete=\"off\">\r\n<p id=\"t14\" class=\"text\">you like your job? \u2794 <b>Yes<\/b>, I<\/p>\r\n        <input type=\"text\" id=\"q15\" class=\"form-control\" autocomplete=\"off\">\r\n<p id=\"t15\" class=\"text\">.<\/p>\r\n\r\n<\/div>\r\n<div class=\"row\">\r\n<div>\r\n<p id=\"antwort14\"><\/p>\r\n\r\n<\/div>\r\n<div><a button=\"\" class=\"btn btn-success btn-sm tipp14 hidden\" href=\"#\" title=\"Do you like your job? \u2794 Yes, I do.\" data-toggle=\"popover\" data-placement=\"top\" data-trigger=\"hover\" data-content=\"'you' ist (2.Person Einzahl), 'I' ist (1.Person Einzahl)\r\n    deswegen 'do'.\">Tipp<\/a><\/div>\r\n<\/div>\r\n<div class=\"row\">\r\n        <span class=\"number\">\u277e<\/span><input type=\"text\" id=\"q16\" class=\"form-control\" autocomplete=\"off\">\r\n<p id=\"t16\" class=\"text\">she work in Bristol? \u2794 <b>No<\/b>, she<\/p>\r\n        <input type=\"text\" id=\"q17\" class=\"form-control\" autocomplete=\"off\">\r\n<p id=\"t17\" class=\"text\">.<\/p>\r\n\r\n<\/div>\r\n<div class=\"row\">\r\n<div>\r\n<p id=\"antwort16\"><\/p>\r\n\r\n<\/div>\r\n<div><a button=\"\" class=\"btn btn-success btn-sm tipp16 hidden\" href=\"#\" title=\"Does she work in Bristol? \u2794 No, she doesn't.\" data-toggle=\"popover\" data-placement=\"top\" data-trigger=\"hover\" data-content=\"'she' ist (3.Person Einzahl), \r\n    deswegen 'does'.He\/she\/it das 's' muss mit. In der Kurzfanwort immer die zusammengezogene Form der Verneinung (doesn't)\">Tipp<\/a><\/div>\r\n<\/div>\r\n<div class=\"row\">\r\n        <span class=\"number\">\u277f<\/span><input type=\"text\" id=\"q18\" class=\"form-control\" autocomplete=\"off\">\r\n<p id=\"t18\" class=\"text\">they smoke cigars? \u2794 <b>No<\/b>, they <\/p>\r\n        <input type=\"text\" id=\"q19\" class=\"form-control\" autocomplete=\"off\">\r\n<p id=\"t19\" class=\"text\">.<\/p>\r\n\r\n<\/div>\r\n<div class=\"row\">\r\n<div>\r\n<p id=\"antwort18\"><\/p>\r\n\r\n<\/div>\r\n<div><a button=\"\" class=\"btn btn-success btn-sm tipp18 hidden\" href=\"#\" title=\"Do they smoke cigars? - No, they don't.\" data-toggle=\"popover\" data-placement=\"top\" data-trigger=\"hover\" data-content=\"'you' ist (2.Person Einzahl), \r\n    deswegen 'do'. In der Kurzantwort immer die zusammengezogene Form der Verneinung.\">Tipp<\/a><\/div>\r\n<\/div>\r\n<div><\/div>\r\n<\/div>\r\n<\/div>\r\n<!-- The Modal -->\r\n<div id=\"myModal\" class=\"modal\">\r\n<div class=\"modal-dialog\">\r\n<div class=\"modal-content\">\r\n\r\n<!-- Modal Header -->\r\n<div class=\"modal-header\">\r\n<h4 class=\"modal-title\">Simple Present &#8211; Kurzantwort<\/h4>\r\n<button class=\"close\" type=\"button\" data-dismiss=\"modal\">\u00d7<\/button>\r\n\r\n<\/div>\r\n<!-- Modal body -->\r\n<div class=\"modal-body\">\r\n<div class=\"modal-body\"><table class=\"table table-bordered table-sm table-hover\">\r\n<thead>\r\n<tr class=\"table-danger\">\r\n<th colspan=\"6\">Kurzantwort einfache Gegenwart<\/th>\r\n<\/tr>\r\n<\/thead>\r\n<tbody>\r\n  <tr> \r\n<td colspan=\"6\" class=\"table-warning\">bejahte Kurzantwort.\r\n<\/td>\r\n<\/tr>\r\n  <tr>\r\n    \r\n    <td class=\"table-info\">Do<\/td>\r\n    <td class=\"table-primary\">I\/you\/we\/they<\/td>\r\n    <td class=\"table-info\">work?<\/td>\r\n    <td rowspan=\"2\" class=\"table-success\">Yes,<\/td>\r\n    <td class=\"table-primary\">I\/you\/we\/they<\/td>\r\n    <td class=\"table-info\">do.<\/td>\r\n  <\/tr>\r\n  <tr>\r\n    <td class=\"table-info\">Does<\/td>\r\n    <td class=\"table-primary\">he\/she\/it<\/td>\r\n    <td class=\"table-info\">work?<\/td>\r\n    <td class=\"table-primary\">he\/she\/it<\/td>\r\n    <td class=\"table-info\">does.<\/td>\r\n  <\/tr>\r\n   <tr> \r\n<td colspan=\"6\" class=\"table-warning\">verneinte Kurzantwort.\r\n<\/td>\r\n<\/tr>\r\n  <tr>\r\n    \r\n    <td class=\"table-info\">Do<\/td>\r\n    <td class=\"table-primary\">I\/you\/we\/they<\/td>\r\n    <td class=\"table-info\">work?<\/td>\r\n    <td rowspan=\"2\" class=\"table-success\">No,<\/td>\r\n    <td class=\"table-primary\">I\/you\/we\/they<\/td>\r\n    <td class=\"table-info\">don&#8217;t.<\/td>\r\n  <\/tr>\r\n  <tr>\r\n    <td class=\"table-info\">Does<\/td>\r\n    <td class=\"table-primary\">he\/she\/it<\/td>\r\n    <td class=\"table-info\">work?<\/td>\r\n    <td class=\"table-primary\">he\/she\/it<\/td>\r\n    <td class=\"table-info\">doesn&#8217;t.<\/td>\r\n  <\/tr>\r\n<\/tbody>\r\n<\/table><div>Eine Besonderheit im <a href=\"https:\/\/www.google.com\/search?q=kurzanwort+englisch+wikipedia&#038;ei=_ItmYtW3EaOIxc8P6dafyAI&#038;oq=kurzanwort+englisch+wiki&#038;gs_lcp=Cgdnd3Mtd2l6EAEYADIHCCEQChCgATIHCCEQChCgAToHCAAQRxCwAzoGCAAQDRAeSgQIQRgASgQIRhgAUJEEWPcJYPwVaAFwAXgAgAGUAYgBgwSSAQMzLjKYAQCgAQHIAQjAAQE&#038;sclient=gws-wiz\">Englischen<\/a> ist die sogenannte Kurzantwort. Du kannst auf eine Frage im Englischen nicht einfach mit Ja oder Nein antworten. Das wird als extrem unh\u00f6flich empfunden und beendet sofort jedes gerade in Gang gekommene Gespr\u00e4ch. Stattdessen musst Du das Hilfsverb der Frage in der Kurzantwort anf\u00fcgen. Hierbei musst Du Dich an der Zeit orientieren, in der die Frage gestellt worden ist. Ist sie im Simple Present formuliert, musst du auch in der Kurzantwort im Simple Present bleiben. <\/div><\/div><\/div>\r\n<!-- Modal footer -->\r\n<div class=\"modal-footer\"><button class=\"btn btn-danger\" type=\"button\" data-dismiss=\"modal\">Close<\/button><\/div>\r\n<\/div>\r\n<\/div>\r\n<\/div>\r\n<div class=\"container\">\r\n\r\n<hr>\r\n\r\n<button id=\"test\" class=\"btn-lg btn-primary \" type=\"submit\" value=\"submit\">Pr\u00fcfen<\/button><button id=\"resetButton\" class=\"btn-lg btn-success\" type=\"submit\" onclick=\"refreshPage()\">Neustart<\/button><button id=\"submitButton\" class=\"btn-lg btn-info\" type=\"button\" value=\"submit\" data-toggle=\"modal\" data-target=\"#myModal\">Tipp<\/button>\r\n\r\n<hr>\r\n\r\n\r\n\r\n<p id=\"result\"><\/p>\r\n<p id=\"result2\"><\/p>\r\n<br \/>\r\n<a href=\"https:\/\/english-munich.de\/training\/wp-content\/uploads\/2022\/04\/Arbeitsblatt-simple-present-Frage-mit-Kurzanwort.pdf\" alt=\"simple present kurzantwort\">einfache Gegenwart &#8211; Kurzantwort &#8211; Arbeitsblatt <i class=\"fa fa-download\" aria-hidden=\"true\"><\/i><\/a>\r\n<br \/><br \/>\r\n<h3>Alle \u00dcbungen im Simple Present<\/h3>\r\n<div id=\"bellows-main-14\" class=\"bellows bellows-nojs bellows-main bellows-source-menu bellows-align-full bellows-skin-vanilla bellows-type-\"><ul id=\"menu-simple-present\" class=\"bellows-nav\" data-bellows-config=\"main\"><li id=\"menu-item-3646\" class=\"bellows-menu-item bellows-menu-item-type-post_type bellows-menu-item-object-page bellows-menu-item-3646 bellows-item-level-0\"><a  href=\"https:\/\/english-munich.de\/training\/simple-present-bejahte-aussagesatze\/\" class=\"bellows-target\"><span class=\"bellows-target-title bellows-target-text\">\u270d\ufe0fSimple Present bejaht<\/span><\/a><\/li>\n<li id=\"menu-item-3647\" class=\"bellows-menu-item bellows-menu-item-type-post_type bellows-menu-item-object-page bellows-menu-item-3647 bellows-item-level-0\"><a  href=\"https:\/\/english-munich.de\/training\/simple-present-aussagesatze-bejaht\/\" class=\"bellows-target\"><span class=\"bellows-target-title bellows-target-text\">\u2611\ufe0fSimple Present verneint<\/span><\/a><\/li>\n<li id=\"menu-item-3648\" class=\"bellows-menu-item bellows-menu-item-type-post_type bellows-menu-item-object-page bellows-menu-item-3648 bellows-item-level-0\"><a  href=\"https:\/\/english-munich.de\/training\/simple-present-aufgaben-frage\/\" class=\"bellows-target\"><span class=\"bellows-target-title bellows-target-text\">\u270d\ufe0fSimple Present Frage<\/span><\/a><\/li>\n<li id=\"menu-item-3649\" class=\"bellows-menu-item bellows-menu-item-type-post_type bellows-menu-item-object-page bellows-menu-item-3649 bellows-item-level-0\"><a  href=\"https:\/\/english-munich.de\/training\/simple-present-gemischt\/\" class=\"bellows-target\"><span class=\"bellows-target-title bellows-target-text\">\ud83d\uddb1\ufe0fSimple Present gemischt<\/span><\/a><\/li>\n<li id=\"menu-item-11458\" class=\"bellows-menu-item bellows-menu-item-type-post_type bellows-menu-item-object-page bellows-menu-item-11458 bellows-item-level-0\"><a  href=\"https:\/\/english-munich.de\/training\/be-simple-present-uebungen\/\" class=\"bellows-target\"><span class=\"bellows-target-title bellows-target-text\">\u2611\ufe0fbe Simple Present<\/span><\/a><\/li>\n<li id=\"menu-item-10349\" class=\"bellows-menu-item bellows-menu-item-type-post_type bellows-menu-item-object-page bellows-menu-item-10349 bellows-item-level-0\"><a  href=\"https:\/\/english-munich.de\/training\/simple-present-3-person-einzahl-unregelmaessig\/\" class=\"bellows-target\"><span class=\"bellows-target-title bellows-target-text\">\u270d\ufe0fSimple Present unregelm\u00e4\u00dfig<\/span><\/a><\/li>\n<li id=\"menu-item-10489\" class=\"bellows-menu-item bellows-menu-item-type-post_type bellows-menu-item-object-page bellows-menu-item-10489 bellows-item-level-0\"><a  href=\"https:\/\/english-munich.de\/training\/have-got-frage-und-kurzantwort\/\" class=\"bellows-target\"><span class=\"bellows-target-title bellows-target-text\">\u270d\ufe0fHave got \u2013 Frage und Kurzantwort<\/span><\/a><\/li>\n<li id=\"menu-item-10352\" class=\"bellows-menu-item bellows-menu-item-type-post_type bellows-menu-item-object-page bellows-menu-item-10352 bellows-item-level-0\"><a  href=\"https:\/\/english-munich.de\/training\/kreuzwortraetsel-simple-present-3-person-einzahl-besonderheiten\/\" class=\"bellows-target\"><span class=\"bellows-target-title bellows-target-text\">\ud83d\udd33Kreuzwortr\u00e4tsel \u2013 simple present 3. Person Einzahl \u2013 Besonderheiten<\/span><\/a><\/li>\n<li id=\"menu-item-10480\" class=\"bellows-menu-item bellows-menu-item-type-post_type bellows-menu-item-object-page bellows-menu-item-10480 bellows-item-level-0\"><a  href=\"https:\/\/english-munich.de\/training\/simple-present-kurzantwort\/\" class=\"bellows-target\"><span class=\"bellows-target-title bellows-target-text\">\u270d\ufe0fSimple Present \u2013 Kurzantwort<\/span><\/a><\/li>\n<li id=\"menu-item-5137\" class=\"bellows-menu-item bellows-menu-item-type-post_type bellows-menu-item-object-page bellows-menu-item-5137 bellows-item-level-0\"><a  href=\"https:\/\/english-munich.de\/training\/simple-present-statische-verben\/\" class=\"bellows-target\"><span class=\"bellows-target-title bellows-target-text\">\u270d\ufe0fSimple Present \u2013 statische Verben<\/span><\/a><\/li>\n<li id=\"menu-item-5163\" class=\"bellows-menu-item bellows-menu-item-type-post_type bellows-menu-item-object-page bellows-menu-item-5163 bellows-item-level-0\"><a  href=\"https:\/\/english-munich.de\/training\/simple-present-statische-verben-ii\/\" class=\"bellows-target\"><span class=\"bellows-target-title bellows-target-text\">\u2611\ufe0fSimple Present statische Verben II<\/span><\/a><\/li>\n<li id=\"menu-item-10505\" class=\"bellows-menu-item bellows-menu-item-type-post_type bellows-menu-item-object-page bellows-menu-item-10505 bellows-item-level-0\"><a  href=\"https:\/\/english-munich.de\/training\/imperativ-englisch\/\" class=\"bellows-target\"><span class=\"bellows-target-title bellows-target-text\">\u270d\ufe0fBefehlsform \u2013 Imperativ<\/span><\/a><\/li>\n<\/ul><\/div>\r\n<\/div>","protected":false},"excerpt":{"rendered":"Simple Present Kurzantwort Aufgaben \u00dcbungen zur Simple Present Kurzantwort Beispiel \u24ff lemonade? &#8211; Yes, I . die richtige L\u00f6sung ist: Do you love lemonade? &#8211; Yes, I do.&nbsp;&nbsp;Tipp \u270d\ufe0f F\u00fclle das Hilfsverb do in der richtigen Form des Simple Present (einfache Gegenwart) in die L\u00fccken, und bilde so die richtige Frage mit Kurzantwort. Achte darauf, [&hellip;]","protected":false},"author":3,"featured_media":0,"parent":0,"menu_order":0,"comment_status":"closed","ping_status":"closed","template":"","meta":[],"_links":{"self":[{"href":"https:\/\/english-munich.de\/training\/wp-json\/wp\/v2\/pages\/10436"}],"collection":[{"href":"https:\/\/english-munich.de\/training\/wp-json\/wp\/v2\/pages"}],"about":[{"href":"https:\/\/english-munich.de\/training\/wp-json\/wp\/v2\/types\/page"}],"author":[{"embeddable":true,"href":"https:\/\/english-munich.de\/training\/wp-json\/wp\/v2\/users\/3"}],"replies":[{"embeddable":true,"href":"https:\/\/english-munich.de\/training\/wp-json\/wp\/v2\/comments?post=10436"}],"version-history":[{"count":48,"href":"https:\/\/english-munich.de\/training\/wp-json\/wp\/v2\/pages\/10436\/revisions"}],"predecessor-version":[{"id":11498,"href":"https:\/\/english-munich.de\/training\/wp-json\/wp\/v2\/pages\/10436\/revisions\/11498"}],"wp:attachment":[{"href":"https:\/\/english-munich.de\/training\/wp-json\/wp\/v2\/media?parent=10436"}],"curies":[{"name":"wp","href":"https:\/\/api.w.org\/{rel}","templated":true}]}}