{"id":10339,"date":"2022-01-09T18:55:44","date_gmt":"2022-01-09T18:55:44","guid":{"rendered":"https:\/\/english-munich.de\/training\/?page_id=10339"},"modified":"2024-09-14T16:19:55","modified_gmt":"2024-09-14T16:19:55","slug":"simple-present-3-person-einzahl-unregelmaessig","status":"publish","type":"page","link":"https:\/\/english-munich.de\/training\/simple-present-3-person-einzahl-unregelmaessig\/","title":{"rendered":"simple present &#8211; 3. Person Einzahl unregelm\u00e4\u00dfig"},"content":{"rendered":"<div class=\"jumbotron text-center\">\r\n<h2>Simple Present 3.Person Einzahl &#8211; Aufgaben<\/h2>\r\n\u00dcbungen zum Simple Present unregelm\u00e4\u00dfig\r\n\r\n<\/div>\r\n<div class=\"bs-example\">\r\n<div class=\"accordion\" id=\"accordionExample\">\r\n<div class=\"card\">\r\n<div class=\"card-header\" id=\"headingOne\">\r\n<h2 class=\"mb-0\" style=\"color:#000\">\r\n                    <button type=\"button\" class=\"btn btn-link collapsed\" data-toggle=\"collapse\" data-target=\"#collapseOne\">Beispiel<\/button><\/h2>\r\n<\/div>\r\n<div id=\"collapseOne\" class=\"collapse\" aria-labelledby=\"headingOne\" data-parent=\"#accordionExample\">\r\n<div class=\"card-body\">\r\n<div class=\"form-inline\">\r\n<div>\r\nI watch &#8211; she <input type=\"text\" class=\"form-control\" id=\"panel-beispiel\" disabled=\"\" value=\"watches\">\r\n<\/div><div>\r\nDie richtige L\u00f6sung ist: <i>watches<\/i>&nbsp;&nbsp;<button class=\"btn-lg btn-info\" type=\"button\" value=\"submit\" data-toggle=\"modal\" data-target=\"#myModal\">Tipp<\/button><\/div>\r\n<\/div>\r\n<\/div>\r\n<\/div>\r\n<\/div>\r\n<\/div>\r\n<\/div>\r\n<br \/><br \/>\r\n<div class=\"container well\">\r\n<h4>\u270d\ufe0f F\u00fclle die Verben in der richtigen unregelm\u00e4\u00dfigen Form des <i>Simple Present<\/i> in der 3. Person Einzahl in die L\u00fccken:<\/h4>\r\n\r\n<hr>\r\n\r\n<br \/>\r\n<div class=\"container\">\r\n<div class=\"row\">\r\n<div>\r\nI can &#8211; <em>she<\/em> <input type=\"text\" class=\"form-control\" id=\"q0\" autocomplete=\"off\">\r\n<p id=\"correct0\" align=\"left\"><\/p>\r\n\r\n<\/div>\r\n<div>\r\nI wash &#8211; <em>she<\/em> <input type=\"text\" class=\"form-control\" id=\"q1\" autocomplete=\"off\">\r\n<p id=\"correct1\" align=\"left\"><\/p>\r\n\r\n<\/div>\r\n<div>\r\nI love &#8211; <em>she<\/em> <input type=\"text\" class=\"form-control\" id=\"q2\" autocomplete=\"off\">\r\n<p id=\"correct2\" align=\"left\"><\/p>\r\n\r\n<\/div>\r\n<\/div>\r\n\r\n<div class=\"row\">\r\n<div>\r\nI play &#8211; <em>she<\/em> <input type=\"text\" class=\"form-control\" id=\"q3\" autocomplete=\"off\">\r\n<p id=\"correct3\" align=\"left\"><\/p>\r\n\r\n<\/div>\r\n<div>\r\nI go &#8211; <em>she<\/em> <input type=\"text\" class=\"form-control\" id=\"q4\" autocomplete=\"off\">\r\n<p id=\"correct4\" align=\"left\"><\/p>\r\n\r\n<\/div>\r\n<div>\r\nI do &#8211; <em>she<\/em> <input type=\"text\" class=\"form-control\" id=\"q5\" autocomplete=\"off\">\r\n<p id=\"correct5\" align=\"left\"><\/p>\r\n\r\n<\/div>\r\n<\/div>\r\n<div class=\"row\">\r\n<div>\r\n I have &#8211; <em>she<\/em> <input type=\"text\" class=\"form-control\" id=\"q6\" autocomplete=\"off\">\r\n<p id=\"correct6\" align=\"left\"><\/p>\r\n\r\n<\/div>\r\n<div>\r\nI say &#8211; <em>she<\/em> <input type=\"text\" class=\"form-control\" id=\"q7\" autocomplete=\"off\">\r\n<p id=\"correct7\" align=\"left\"><\/p>\r\n\r\n<\/div>\r\n<div>\r\nI catch &#8211; <em>she<\/em> <input type=\"text\" class=\"form-control\" id=\"q8\" autocomplete=\"off\">\r\n<p id=\"correct8\" align=\"left\"><\/p>\r\n\r\n<\/div>\r\n<\/div><br \/><div class=\"iframe-container\"><iframe loading=\"lazy\" width=\"560\" height=\"315\" src=\"https:\/\/www.youtube.com\/embed\/IHCspFf6HU0?si=s2tStHMKfFtBLJDU\" title=\"YouTube video player\" frameborder=\"0\" allow=\"accelerometer; autoplay; clipboard-write; encrypted-media; gyroscope; picture-in-picture; web-share\" referrerpolicy=\"strict-origin-when-cross-origin\" allowfullscreen><\/iframe><\/div><br \/>\r\n<div class=\"row\">\r\n<div>\r\nI study &#8211; <em>she<\/em> <input type=\"text\" class=\"form-control\" id=\"q9\" autocomplete=\"off\">\r\n<p id=\"correct9\" align=\"left\"><\/p>\r\n\r\n<\/div>\r\n<div>\r\nI smash &#8211; <em>she<\/em> <input type=\"text\" class=\"form-control\" id=\"q10\" autocomplete=\"off\">\r\n<p id=\"correct10\" align=\"left\"><\/p>\r\n\r\n<\/div>\r\n<div>\r\nI match &#8211; <em>she<\/em> <input type=\"text\" class=\"form-control\" id=\"q11\" autocomplete=\"off\">\r\n<p id=\"correct11\" align=\"left\"><\/p>\r\n\r\n<\/div>\r\n<\/div>\r\n<div class=\"row\">\r\n<div>\r\nI carry &#8211; <em>she<\/em> <input type=\"text\" class=\"form-control\" id=\"q12\" autocomplete=\"off\">\r\n<p id=\"correct12\" align=\"left\"><\/p>\r\n\r\n<\/div>\r\n<div>\r\nI delay &#8211; <em>she<\/em> <input type=\"text\" class=\"form-control\" id=\"q13\" autocomplete=\"off\">\r\n<p id=\"correct13\" align=\"left\"><\/p>\r\n\r\n<\/div>\r\n<div>\r\nI am &#8211; <em>she<\/em> <input type=\"text\" class=\"form-control\" id=\"q14\" autocomplete=\"off\">\r\n<p id=\"correct14\" align=\"left\"><\/p>\r\n\r\n<\/div>\r\n<\/div>\r\n<div class=\"row\">\r\n<div>\r\nI crash &#8211; <em>she<\/em> <input type=\"text\" class=\"form-control\" id=\"q15\" autocomplete=\"off\">\r\n<p id=\"correct15\" align=\"left\"><\/p>\r\n\r\n<\/div>\r\n<div>\r\nI buy &#8211; <em>she<\/em> <input type=\"text\" class=\"form-control\" id=\"q16\" autocomplete=\"off\">\r\n<p id=\"correct16\" align=\"left\"><\/p>\r\n\r\n<\/div>\r\n<div>\r\nI try &#8211; <em>she<\/em> <input type=\"text\" class=\"form-control\" id=\"q17\" autocomplete=\"off\">\r\n<p id=\"correct17\" align=\"left\"><\/p>\r\n\r\n<\/div>\r\n<\/div>\r\n<div class=\"row\">\r\n<div>\r\nI finish &#8211; <em>she<\/em> <input type=\"text\" class=\"form-control\" id=\"q18\" autocomplete=\"off\">\r\n<p id=\"correct18\" align=\"left\"><\/p>\r\n\r\n<\/div>\r\n<div>\r\nI spy &#8211; <em>she<\/em> <input type=\"text\" class=\"form-control\" id=\"q19\" autocomplete=\"off\">\r\n<p id=\"correct19\" align=\"left\"><\/p>\r\n\r\n<\/div>\r\n<div>\r\nI enjoy &#8211; <em>she<\/em> <input type=\"text\" class=\"form-control\" id=\"q20\" autocomplete=\"off\">\r\n<p id=\"correct20\" align=\"left\"><\/p>\r\n\r\n<\/div>\r\n<\/div>\r\n<div class=\"row\">\r\n<div>\r\nI teach &#8211; <em>she<\/em> <input type=\"text\" class=\"form-control\" id=\"q21\" autocomplete=\"off\">\r\n<p id=\"correct21\" align=\"left\"><\/p>\r\n\r\n<\/div>\r\n<div>\r\nI supply &#8211; <em>she<\/em> <input type=\"text\" class=\"form-control\" id=\"q22\" autocomplete=\"off\">\r\n<p id=\"correct22\" align=\"left\"><\/p>\r\n\r\n<\/div>\r\n<div>\r\nI pay &#8211; <em>she<\/em><input type=\"text\" class=\"form-control\" id=\"q23\" autocomplete=\"off\">\r\n<p id=\"correct23\" align=\"left\"><\/p>\r\n\r\n<\/div>\r\n<\/div>\r\n<div class=\"row\">\r\n<div>\r\nI fly &#8211; <em>she<\/em> <input type=\"text\" class=\"form-control\" id=\"q24\" autocomplete=\"off\">\r\n<p id=\"correct24\" align=\"left\"><\/p>\r\n\r\n<\/div>\r\n<div>\r\nI would &#8211; <em>she<\/em> <input type=\"text\" class=\"form-control\" id=\"q25\" autocomplete=\"off\">\r\n<p id=\"correct25\" align=\"left\"><\/p>\r\n\r\n<\/div>\r\n<div>\r\nI splash &#8211; <em>she<\/em> <input type=\"text\" class=\"form-control\" id=\"q26\" autocomplete=\"off\">\r\n<p id=\"correct26\" align=\"left\"><\/p>\r\n\r\n<\/div>\r\n<\/div>\r\n<div class=\"row\">\r\n<div>\r\nI will &#8211; <em>she<\/em> <input type=\"text\" class=\"form-control\" id=\"q27\" autocomplete=\"off\">\r\n<p id=\"correct27\" align=\"left\"><\/p>\r\n\r\n<\/div>\r\n<div>\r\nI copy &#8211; <em>she<\/em> <input type=\"text\" class=\"form-control\" id=\"q28\" autocomplete=\"off\">\r\n<p id=\"correct28\" align=\"left\"><\/p>\r\n\r\n<\/div>\r\n<div>\r\nI switch &#8211; <em>she<\/em> <input type=\"text\" class=\"form-control\" id=\"q29\" autocomplete=\"off\">\r\n<p id=\"correct29\" align=\"left\"><\/p>\r\n\r\n<\/div>\r\n<\/div>\r\n<\/div>\r\n<!-- The Modal -->\r\n<div id=\"myModal\" class=\"modal\">\r\n<div class=\"modal-dialog\">\r\n<div class=\"modal-content\">\r\n\r\n<!-- Modal Header -->\r\n<div class=\"modal-header\">\r\n<h4 class=\"modal-title\">Simple Present &#8211; unregelm\u00e4\u00dfige Verben<\/h4>\r\n<button class=\"close\" type=\"button\" data-dismiss=\"modal\">\u00d7<\/button>\r\n\r\n<\/div>\r\n<!-- Modal body -->\r\n<div class=\"modal-body\"><img decoding=\"async\" class=\"img-responsive img-rounded\" title=\"Simple Past unregelm\u00e4\u00dfige Verben\" src=\"https:\/\/english-munich.de\/training\/wp-content\/uploads\/2020\/01\/simple-present-1.jpg\" alt=\"Simple Present unregelm\u00e4\u00dfige Verben\"><\/div>\r\n<!-- Modal footer -->\r\n<div class=\"modal-footer\"><button class=\"btn btn-danger\" type=\"button\" data-dismiss=\"modal\">Close<\/button><\/div>\r\n<\/div>\r\n<\/div>\r\n<\/div>\r\n<\/div>\r\n<div class=\"container\">\r\n\r\n<hr>\r\n\r\n<button id=\"submitButton\" class=\"btn-lg btn-primary \" type=\"submit\" value=\"submit\">Pr\u00fcfen<\/button><button id=\"resetButton\" class=\"btn-lg btn-success\" type=\"submit\" onclick=\"refreshPage()\">Neustart<\/button><button id=\"submitButton\" class=\"btn-lg btn-info\" type=\"button\" value=\"submit\" data-toggle=\"modal\" data-target=\"#myModal\">Tipp<\/button>\r\n\r\n<hr>\r\n\r\n\r\n<div>\r\n<p id=\"result\"><\/p>\r\n<p id=\"result2\"><\/p>\r\n<h3>Alle \u00dcbungen im Simple Past:<\/h3>\r\n<hr>\r\n<div id=\"bellows-main-14\" class=\"bellows bellows-nojs bellows-main bellows-source-menu bellows-align-full bellows-skin-vanilla bellows-type-\"><ul id=\"menu-simple-present\" class=\"bellows-nav\" data-bellows-config=\"main\"><li id=\"menu-item-3646\" class=\"bellows-menu-item bellows-menu-item-type-post_type bellows-menu-item-object-page bellows-menu-item-3646 bellows-item-level-0\"><a  href=\"https:\/\/english-munich.de\/training\/simple-present-bejahte-aussagesatze\/\" class=\"bellows-target\"><span class=\"bellows-target-title bellows-target-text\">\u270d\ufe0fSimple Present bejaht<\/span><\/a><\/li>\n<li id=\"menu-item-3647\" class=\"bellows-menu-item bellows-menu-item-type-post_type bellows-menu-item-object-page bellows-menu-item-3647 bellows-item-level-0\"><a  href=\"https:\/\/english-munich.de\/training\/simple-present-aussagesatze-bejaht\/\" class=\"bellows-target\"><span class=\"bellows-target-title bellows-target-text\">\u2611\ufe0fSimple Present verneint<\/span><\/a><\/li>\n<li id=\"menu-item-3648\" class=\"bellows-menu-item bellows-menu-item-type-post_type bellows-menu-item-object-page bellows-menu-item-3648 bellows-item-level-0\"><a  href=\"https:\/\/english-munich.de\/training\/simple-present-aufgaben-frage\/\" class=\"bellows-target\"><span class=\"bellows-target-title bellows-target-text\">\u270d\ufe0fSimple Present Frage<\/span><\/a><\/li>\n<li id=\"menu-item-3649\" class=\"bellows-menu-item bellows-menu-item-type-post_type bellows-menu-item-object-page bellows-menu-item-3649 bellows-item-level-0\"><a  href=\"https:\/\/english-munich.de\/training\/simple-present-gemischt\/\" class=\"bellows-target\"><span class=\"bellows-target-title bellows-target-text\">\ud83d\uddb1\ufe0fSimple Present gemischt<\/span><\/a><\/li>\n<li id=\"menu-item-11458\" class=\"bellows-menu-item bellows-menu-item-type-post_type bellows-menu-item-object-page bellows-menu-item-11458 bellows-item-level-0\"><a  href=\"https:\/\/english-munich.de\/training\/be-simple-present-uebungen\/\" class=\"bellows-target\"><span class=\"bellows-target-title bellows-target-text\">\u2611\ufe0fbe Simple Present<\/span><\/a><\/li>\n<li id=\"menu-item-10349\" class=\"bellows-menu-item bellows-menu-item-type-post_type bellows-menu-item-object-page bellows-menu-item-10349 bellows-item-level-0\"><a  href=\"https:\/\/english-munich.de\/training\/simple-present-3-person-einzahl-unregelmaessig\/\" class=\"bellows-target\"><span class=\"bellows-target-title bellows-target-text\">\u270d\ufe0fSimple Present unregelm\u00e4\u00dfig<\/span><\/a><\/li>\n<li id=\"menu-item-10489\" class=\"bellows-menu-item bellows-menu-item-type-post_type bellows-menu-item-object-page bellows-menu-item-10489 bellows-item-level-0\"><a  href=\"https:\/\/english-munich.de\/training\/have-got-frage-und-kurzantwort\/\" class=\"bellows-target\"><span class=\"bellows-target-title bellows-target-text\">\u270d\ufe0fHave got \u2013 Frage und Kurzantwort<\/span><\/a><\/li>\n<li id=\"menu-item-10352\" class=\"bellows-menu-item bellows-menu-item-type-post_type bellows-menu-item-object-page bellows-menu-item-10352 bellows-item-level-0\"><a  href=\"https:\/\/english-munich.de\/training\/kreuzwortraetsel-simple-present-3-person-einzahl-besonderheiten\/\" class=\"bellows-target\"><span class=\"bellows-target-title bellows-target-text\">\ud83d\udd33Kreuzwortr\u00e4tsel \u2013 simple present 3. Person Einzahl \u2013 Besonderheiten<\/span><\/a><\/li>\n<li id=\"menu-item-10480\" class=\"bellows-menu-item bellows-menu-item-type-post_type bellows-menu-item-object-page bellows-menu-item-10480 bellows-item-level-0\"><a  href=\"https:\/\/english-munich.de\/training\/simple-present-kurzantwort\/\" class=\"bellows-target\"><span class=\"bellows-target-title bellows-target-text\">\u270d\ufe0fSimple Present \u2013 Kurzantwort<\/span><\/a><\/li>\n<li id=\"menu-item-5137\" class=\"bellows-menu-item bellows-menu-item-type-post_type bellows-menu-item-object-page bellows-menu-item-5137 bellows-item-level-0\"><a  href=\"https:\/\/english-munich.de\/training\/simple-present-statische-verben\/\" class=\"bellows-target\"><span class=\"bellows-target-title bellows-target-text\">\u270d\ufe0fSimple Present \u2013 statische Verben<\/span><\/a><\/li>\n<li id=\"menu-item-5163\" class=\"bellows-menu-item bellows-menu-item-type-post_type bellows-menu-item-object-page bellows-menu-item-5163 bellows-item-level-0\"><a  href=\"https:\/\/english-munich.de\/training\/simple-present-statische-verben-ii\/\" class=\"bellows-target\"><span class=\"bellows-target-title bellows-target-text\">\u2611\ufe0fSimple Present statische Verben II<\/span><\/a><\/li>\n<li id=\"menu-item-10505\" class=\"bellows-menu-item bellows-menu-item-type-post_type bellows-menu-item-object-page bellows-menu-item-10505 bellows-item-level-0\"><a  href=\"https:\/\/english-munich.de\/training\/imperativ-englisch\/\" class=\"bellows-target\"><span class=\"bellows-target-title bellows-target-text\">\u270d\ufe0fBefehlsform \u2013 Imperativ<\/span><\/a><\/li>\n<\/ul><\/div>\r\n<\/div>\r\n<\/div>","protected":false},"excerpt":{"rendered":"Simple Present 3.Person Einzahl &#8211; Aufgaben \u00dcbungen zum Simple Present unregelm\u00e4\u00dfig Beispiel I watch &#8211; she Die richtige L\u00f6sung ist: watches&nbsp;&nbsp;Tipp \u270d\ufe0f F\u00fclle die Verben in der richtigen unregelm\u00e4\u00dfigen Form des Simple Present in der 3. Person Einzahl in die L\u00fccken: I can &#8211; she I wash &#8211; she I love &#8211; she I play [&hellip;]","protected":false},"author":3,"featured_media":0,"parent":0,"menu_order":0,"comment_status":"closed","ping_status":"closed","template":"","meta":[],"_links":{"self":[{"href":"https:\/\/english-munich.de\/training\/wp-json\/wp\/v2\/pages\/10339"}],"collection":[{"href":"https:\/\/english-munich.de\/training\/wp-json\/wp\/v2\/pages"}],"about":[{"href":"https:\/\/english-munich.de\/training\/wp-json\/wp\/v2\/types\/page"}],"author":[{"embeddable":true,"href":"https:\/\/english-munich.de\/training\/wp-json\/wp\/v2\/users\/3"}],"replies":[{"embeddable":true,"href":"https:\/\/english-munich.de\/training\/wp-json\/wp\/v2\/comments?post=10339"}],"version-history":[{"count":12,"href":"https:\/\/english-munich.de\/training\/wp-json\/wp\/v2\/pages\/10339\/revisions"}],"predecessor-version":[{"id":12062,"href":"https:\/\/english-munich.de\/training\/wp-json\/wp\/v2\/pages\/10339\/revisions\/12062"}],"wp:attachment":[{"href":"https:\/\/english-munich.de\/training\/wp-json\/wp\/v2\/media?parent=10339"}],"curies":[{"name":"wp","href":"https:\/\/api.w.org\/{rel}","templated":true}]}}